{"id":50840,"date":"2020-03-27T22:24:52","date_gmt":"2020-03-27T19:24:52","guid":{"rendered":"http:\/\/www.xn--tuksimaailm-ffb.ee\/shop\/sahkopotkulauta-gpad-svan-eol\/"},"modified":"2020-03-27T22:24:52","modified_gmt":"2020-03-27T19:24:52","slug":"sahkopotkulauta-gpad-svan-eol","status":"publish","type":"product","link":"https:\/\/www.xn--tuksimaailm-ffb.ee\/fi\/shop\/sahkopotkulauta-gpad-svan-eol\/","title":{"rendered":"S\u00e4hk\u00f6potkulauta GPad Svan (EOL)"},"content":{"rendered":"<h2 style=\"text-align: center;\">Tuotekuvaus<\/h2>\n<p style=\"caret-color: #000000; color: #000000;\">GPad Svan on todella erikoinen s\u00e4hk\u00f6skootteri, joka erottuu tyylikk\u00e4\u00e4n ulkon\u00e4k\u00f6ns\u00e4 ansiosta, mutta \u00e4l\u00e4 anna sen h\u00e4m\u00e4t\u00e4 - sen kauniin ulkon\u00e4\u00f6n takana on tehokas moottori ja intuitiiviset komponentit, jotka on mietitty viimeist\u00e4 yksityiskohtaa my\u00f6ten luotettavuuden ja sujuvan ajokokemuksen varmistamiseksi.\u00a0<strong>HUOM: Gpad Svan -s\u00e4hk\u00f6skootteri on loppunut varastosta.<\/strong>\u00a0<strong>Vaihtoehtona suosittelemme\u00a0<\/strong><a href=\"http:\/\/www.xn--tuksimaailm-ffb.ee\/shop\/elektriline-toukeratas-velt-smart-scooter-x7\/\"><strong>Velt Smart Scooter X7:<\/strong><\/a><strong>\u00a0\u00e4\u00e4 tai\u00a0<\/strong><a href=\"http:\/\/www.xn--tuksimaailm-ffb.ee\/shop\/xiaomi-1s-elektritoukeratas\/\"><strong>Xiaomi Mi 1S<\/strong><\/a><strong>:\u00e4\u00e4 .<\/strong>\u00a0Gpad Svan on ehdottomasti loistava valinta ihmisille, joilla on vahva tyylitaju. T\u00e4m\u00e4 s\u00e4hk\u00f6skootteri on kuin puku, jolla voit menn\u00e4 tyylill\u00e4 liiketapaamiseen tai jopa h\u00e4ihin!\u00a0<strong>Gpad Svan on esill\u00e4\u00a0<\/strong><a href=\"http:\/\/www.xn--tuksimaailm-ffb.ee\/kontakt\/\"><strong>myym\u00e4l\u00e4ss\u00e4mme osoitteessa<\/strong><\/a><strong>\u00a0T\u00f6\u00f6stuse 47a, Tallinna - tule koeajamaan!<\/strong><\/p>\n<h2 style=\"text-align: center;\">Tekninen kuvaus<\/h2>\n<p style=\"caret-color: #000000; color: #000000;\">GPad Svan -s\u00e4hk\u00f6skootteri on varustettu\u00a0<strong>350W\/36V-moottorilla<\/strong>\u00a0ja\u00a0<strong>7,8Ah-akulla<\/strong>, jonka avulla voit ajaa\u00a0<strong>25 km<\/strong>\u00a0yhdell\u00e4 latauksella. GPad Svaniin voidaan asentaa my\u00f6s\u00a0<strong>5Ah:n lis\u00e4akku<\/strong>\u00a0etupy\u00f6r\u00e4n yl\u00e4puolella olevaan jatkoaukkoon. Etuvetoisen GPad Svan -s\u00e4hk\u00f6potkulautan valmistajan ilmoittama nopeus on\u00a0<strong>25km\/h<\/strong>. Lataus (0-100%) kest\u00e4\u00e4\u00a0<strong>4h<\/strong>\u00a0ja maksimikantavuus on\u00a0<strong>100kg.<\/strong>\u00a0<strong>8,5<\/strong>\u00a0tuuman py\u00f6r\u00e4t ja\u00a0<strong>kiinte\u00e4t renkaat\u00a0<\/strong>(hunajakennorenkaat) takaavat piikitt\u00f6m\u00e4n ajon miss\u00e4 tahansa maastossa - ei sis\u00e4isi\u00e4 renkaanvaihtoja! Ensimm\u00e4inen s\u00e4hk\u00f6jarru varmistaa tukevan pys\u00e4htymisen.<\/p>\n<p style=\"caret-color: #000000; color: #000000;\">Valittavana on kolme vaihteistoa, joten jokainen kuljettaja voi l\u00f6yt\u00e4\u00e4 itselleen sopivan vauhdin. Ohjelmisto-optimoituja vaihteita on sek\u00e4 jalankulku- ett\u00e4 ty\u00f6matkaliikenteeseen. LCD-n\u00e4yt\u00f6n avulla voidaan aktivoida tai poistaa k\u00e4yt\u00f6st\u00e4 vakionopeudens\u00e4\u00e4din ja moottorin avulla tapahtuva kiihdytys paikan p\u00e4\u00e4ll\u00e4. 1 LED-etuvalo, 1 LED-takavalo ja LED RGB -taustavalo takaavat n\u00e4kyvyyden h\u00e4m\u00e4rimmill\u00e4kin teill\u00e4 ja tekev\u00e4t sinusta poikkeuksellisen n\u00e4kyv\u00e4n muille tienk\u00e4ytt\u00e4jille. Gpad Svan on saatavana useissa eri v\u00e4reiss\u00e4 -\u00a0<strong>musta<\/strong>,\u00a0<strong>valkoinen<\/strong>,\u00a0<strong>sininen<\/strong>\u00a0ja\u00a0<strong>punainen<\/strong>. Gpad Svan -s\u00e4hk\u00f6skootteri on varustettu erityisen k\u00e4tev\u00e4ll\u00e4 ja turvallisella taittomekanismilla, jonka ansiosta voit halutessasi taittaa skootterin vain yhdell\u00e4 sormella, toisin kuin useimmat muut s\u00e4hk\u00f6skootterit! Innovatiivinen lukitusj\u00e4rjestelm\u00e4 varmistaa, ettei vastustajan kiinnityksess\u00e4 synny l\u00f6ysi\u00e4 lenkkej\u00e4. S\u00e4hk\u00f6mopo mahtuu auton tavaratilaan, kodin varastoon, ty\u00f6paikan ty\u00f6p\u00f6yd\u00e4n alle tai s\u00e4hk\u00f6mopolaukkuun.<\/p>\n<p style=\"caret-color: #000000; color: #000000;\">S\u00e4hk\u00f6skootterin ohjaustanko ei romahda - sen sijaan, ett\u00e4 se olisi v\u00e4hemm\u00e4n kompakti, ohjaustanko on vahvempi ja varmistaa, ettei se heilahda ajan my\u00f6t\u00e4. Gpad Svanissa on my\u00f6s Gpad Urban Mobility -mobiilisovellus, jonka avulla voit muun muassa vaihtaa RGB-taustavalon v\u00e4rej\u00e4, n\u00e4hd\u00e4 nopeuden, akun varaustason ja paljon muuta! K\u00e4yt\u00e4 aina kyp\u00e4r\u00e4\u00e4, kun ajat s\u00e4hk\u00f6potkulautalla! Katso lis\u00e4\u00e4 s\u00e4hk\u00f6skoottereita\u00a0<a href=\"http:\/\/www.xn--tuksimaailm-ffb.ee\/shop\/\">t\u00e4\u00e4lt\u00e4<\/a>! Voit lukea lis\u00e4\u00e4 Gpad Svanista\u00a0<a href=\"https:\/\/fortunati.eu\/product\/gpad-svan\/\">valmistajan verkkosivuilta<\/a>.<\/p>\n","protected":false},"excerpt":{"rendered":"<p>Tuotekuvaus GPad Svan on todella erikoinen s\u00e4hk\u00f6skootteri, joka erottuu tyylikk\u00e4\u00e4n ulkon\u00e4k\u00f6ns\u00e4 ansiosta, mutta \u00e4l\u00e4 anna sen h\u00e4m\u00e4t\u00e4 - sen kauniin ulkon\u00e4\u00f6n takana on tehokas moottori ja intuitiiviset komponentit, jotka on mietitty viimeist\u00e4 yksityiskohtaa my\u00f6ten luotettavuuden ja sujuvan ajokokemuksen varmistamiseksi.\u00a0HUOM: Gpad Svan -s\u00e4hk\u00f6skootteri on loppunut varastosta.\u00a0Vaihtoehtona suosittelemme\u00a0Velt Smart Scooter X7:\u00a0\u00e4\u00e4 tai\u00a0Xiaomi &hellip;<\/p>\n","protected":false},"featured_media":22034,"template":"","meta":[],"product_brand":[],"product_cat":[926],"product_tag":[],"filter_elektritoukeratas":[],"class_list":{"0":"post-50840","1":"product","2":"type-product","3":"status-publish","4":"has-post-thumbnail","6":"product_cat-sahkopotkulaudat-fi","7":"pa_colour-musta","8":"pa_colour-punainen","9":"pa_colour-sininen","10":"pa_colour-vaalea","11":"pa_mootorite-arv-uhe-mootoriga-fi","12":"pa_tootetuup-elektritoukeratas-fi","13":"pa_valmistaja-gpad-fi","15":"first","16":"outofstock","17":"taxable","18":"shipping-taxable","19":"purchasable","20":"product-type-simple"},"yoast_head":"<!-- This site is optimized with the Yoast SEO Premium plugin v26.8 (Yoast SEO v27.5) - https:\/\/yoast.com\/product\/yoast-seo-premium-wordpress\/ -->\n<title>S\u00e4hk\u00f6potkulauta GPad Svan (EOL) &#8212; T\u00f5uksimaailm<\/title>\n<meta name=\"description\" content=\"GPad Svan on eriline elektriline t\u00f5ukeratas oma elegantse v\u00e4limuse poolest. Kauni v\u00e4limuse taga peitub v\u00f5imas mootor ja intuitiivsed komponendid!\" \/>\n<meta name=\"robots\" content=\"index, follow, max-snippet:-1, max-image-preview:large, max-video-preview:-1\" \/>\n<link rel=\"canonical\" href=\"https:\/\/www.xn--tuksimaailm-ffb.ee\/fi\/shop\/sahkopotkulauta-gpad-svan-eol\/\" \/>\n<meta property=\"og:locale\" content=\"fi_FI\" \/>\n<meta property=\"og:type\" content=\"article\" \/>\n<meta property=\"og:title\" content=\"S\u00e4hk\u00f6potkulauta GPad Svan (EOL)\" \/>\n<meta property=\"og:description\" content=\"GPad Svan on eriline elektriline t\u00f5ukeratas oma elegantse v\u00e4limuse poolest. Kauni v\u00e4limuse taga peitub v\u00f5imas mootor ja intuitiivsed komponendid!\" \/>\n<meta property=\"og:url\" content=\"https:\/\/www.xn--tuksimaailm-ffb.ee\/fi\/shop\/sahkopotkulauta-gpad-svan-eol\/\" \/>\n<meta property=\"og:site_name\" content=\"T\u00f5uksimaailm\" \/>\n<meta property=\"article:publisher\" content=\"https:\/\/www.facebook.com\/touksimaailm\/\" \/>\n<meta property=\"og:image\" content=\"https:\/\/www.xn--tuksimaailm-ffb.ee\/wp-content\/uploads\/2020\/03\/elektriline-to\u0303ukeratas-gpad-svan-7.jpg\" \/>\n\t<meta property=\"og:image:width\" content=\"2500\" \/>\n\t<meta property=\"og:image:height\" content=\"2500\" \/>\n\t<meta property=\"og:image:type\" content=\"image\/jpeg\" \/>\n<meta name=\"twitter:card\" content=\"summary_large_image\" \/>\n<meta name=\"twitter:label1\" content=\"Hinta\" \/>\n\t<meta name=\"twitter:data1\" content=\"&euro;399.00\" \/>\n\t<meta name=\"twitter:label2\" content=\"Saatavuus\" \/>\n\t<meta name=\"twitter:data2\" content=\"Loppu varastosta\" \/>\n<meta property=\"product:price:amount\" content=\"399.00\" \/>\n<meta property=\"product:price:currency\" content=\"EUR\" \/>\n<meta property=\"og:availability\" content=\"out of stock\" \/>\n<meta property=\"product:availability\" content=\"out of stock\" \/>\n<meta property=\"product:retailer_item_id\" content=\"GPad_Svan\" \/>\n<meta property=\"product:condition\" content=\"new\" \/>\n<!-- \/ Yoast SEO Premium plugin. -->","yoast_head_json":{"title":"S\u00e4hk\u00f6potkulauta GPad Svan (EOL) &#8212; T\u00f5uksimaailm","description":"GPad Svan on eriline elektriline t\u00f5ukeratas oma elegantse v\u00e4limuse poolest. Kauni v\u00e4limuse taga peitub v\u00f5imas mootor ja intuitiivsed komponendid!","robots":{"index":"index","follow":"follow","max-snippet":"max-snippet:-1","max-image-preview":"max-image-preview:large","max-video-preview":"max-video-preview:-1"},"canonical":"https:\/\/www.xn--tuksimaailm-ffb.ee\/fi\/shop\/sahkopotkulauta-gpad-svan-eol\/","og_locale":"fi_FI","og_type":"article","og_title":"S\u00e4hk\u00f6potkulauta GPad Svan (EOL)","og_description":"GPad Svan on eriline elektriline t\u00f5ukeratas oma elegantse v\u00e4limuse poolest. Kauni v\u00e4limuse taga peitub v\u00f5imas mootor ja intuitiivsed komponendid!","og_url":"https:\/\/www.xn--tuksimaailm-ffb.ee\/fi\/shop\/sahkopotkulauta-gpad-svan-eol\/","og_site_name":"T\u00f5uksimaailm","article_publisher":"https:\/\/www.facebook.com\/touksimaailm\/","og_image":[{"width":2500,"height":2500,"url":"https:\/\/www.xn--tuksimaailm-ffb.ee\/wp-content\/uploads\/2020\/03\/elektriline-to\u0303ukeratas-gpad-svan-7.jpg","type":"image\/jpeg"}],"twitter_card":"summary_large_image","twitter_misc":{"Hinta":"&euro;399.00","Saatavuus":"Loppu varastosta"},"schema":{"@context":"https:\/\/schema.org","@graph":[{"@type":"WebPage","@id":"https:\/\/www.xn--tuksimaailm-ffb.ee\/fi\/shop\/sahkopotkulauta-gpad-svan-eol\/","url":"https:\/\/www.xn--tuksimaailm-ffb.ee\/fi\/shop\/sahkopotkulauta-gpad-svan-eol\/","name":"S\u00e4hk\u00f6potkulauta GPad Svan (EOL) &#8212; T\u00f5uksimaailm","isPartOf":{"@id":"https:\/\/www.xn--tuksimaailm-ffb.ee\/fi\/#website"},"primaryImageOfPage":{"@id":"https:\/\/www.xn--tuksimaailm-ffb.ee\/fi\/shop\/sahkopotkulauta-gpad-svan-eol\/#primaryimage"},"image":{"@id":"https:\/\/www.xn--tuksimaailm-ffb.ee\/fi\/shop\/sahkopotkulauta-gpad-svan-eol\/#primaryimage"},"thumbnailUrl":"https:\/\/www.xn--tuksimaailm-ffb.ee\/wp-content\/uploads\/2020\/03\/elektriline-to\u0303ukeratas-gpad-svan-7.jpg","datePublished":"2020-03-27T19:24:52+00:00","description":"GPad Svan on eriline elektriline t\u00f5ukeratas oma elegantse v\u00e4limuse poolest. Kauni v\u00e4limuse taga peitub v\u00f5imas mootor ja intuitiivsed komponendid!","breadcrumb":{"@id":"https:\/\/www.xn--tuksimaailm-ffb.ee\/fi\/shop\/sahkopotkulauta-gpad-svan-eol\/#breadcrumb"},"inLanguage":"fi","potentialAction":[{"@type":"ReadAction","target":["https:\/\/www.xn--tuksimaailm-ffb.ee\/fi\/shop\/sahkopotkulauta-gpad-svan-eol\/"]}]},{"@type":"ImageObject","inLanguage":"fi","@id":"https:\/\/www.xn--tuksimaailm-ffb.ee\/fi\/shop\/sahkopotkulauta-gpad-svan-eol\/#primaryimage","url":"https:\/\/www.xn--tuksimaailm-ffb.ee\/wp-content\/uploads\/2020\/03\/elektriline-to\u0303ukeratas-gpad-svan-7.jpg","contentUrl":"https:\/\/www.xn--tuksimaailm-ffb.ee\/wp-content\/uploads\/2020\/03\/elektriline-to\u0303ukeratas-gpad-svan-7.jpg","width":2500,"height":2500},{"@type":"BreadcrumbList","@id":"https:\/\/www.xn--tuksimaailm-ffb.ee\/fi\/shop\/sahkopotkulauta-gpad-svan-eol\/#breadcrumb","itemListElement":[{"@type":"ListItem","position":1,"name":"Home","item":"https:\/\/www.xn--tuksimaailm-ffb.ee\/fi\/kotisivu\/"},{"@type":"ListItem","position":2,"name":"Kauppa","item":"https:\/\/www.xn--tuksimaailm-ffb.ee\/elektritoukerataste-pood\/"},{"@type":"ListItem","position":3,"name":"S\u00e4hk\u00f6potkulauta GPad Svan (EOL)"}]},{"@type":"WebSite","@id":"https:\/\/www.xn--tuksimaailm-ffb.ee\/fi\/#website","url":"https:\/\/www.xn--tuksimaailm-ffb.ee\/fi\/","name":"T\u00f5uksimaailm","description":"Elektrit\u00f5ukerataste m\u00fc\u00fck, remont ja rent","publisher":{"@id":"https:\/\/www.xn--tuksimaailm-ffb.ee\/fi\/#organization"},"potentialAction":[{"@type":"SearchAction","target":{"@type":"EntryPoint","urlTemplate":"https:\/\/www.xn--tuksimaailm-ffb.ee\/fi\/?s={search_term_string}"},"query-input":{"@type":"PropertyValueSpecification","valueRequired":true,"valueName":"search_term_string"}}],"inLanguage":"fi"},{"@type":"Organization","@id":"https:\/\/www.xn--tuksimaailm-ffb.ee\/fi\/#organization","name":"T\u00f5uksimaailm","url":"https:\/\/www.xn--tuksimaailm-ffb.ee\/fi\/","logo":{"@type":"ImageObject","inLanguage":"fi","@id":"https:\/\/www.xn--tuksimaailm-ffb.ee\/fi\/#\/schema\/logo\/image\/","url":"https:\/\/www.xn--tuksimaailm-ffb.ee\/wp-content\/uploads\/2020\/01\/logoz-e1579792875517.png","contentUrl":"https:\/\/www.xn--tuksimaailm-ffb.ee\/wp-content\/uploads\/2020\/01\/logoz-e1579792875517.png","width":250,"height":250,"caption":"T\u00f5uksimaailm"},"image":{"@id":"https:\/\/www.xn--tuksimaailm-ffb.ee\/fi\/#\/schema\/logo\/image\/"},"sameAs":["https:\/\/www.facebook.com\/touksimaailm\/","https:\/\/www.instagram.com\/touksimaailm_\/","https:\/\/www.youtube.com\/channel\/UC18ml0EKIDLP1xGuQjFzcXQ"]}]},"product_price_amount":"399.00","product_price_currency":"EUR","og_availability":"out of stock","product_availability":"out of stock","product_retailer_item_id":"GPad_Svan","product_condition":"new"},"jetpack_sharing_enabled":true,"_links":{"self":[{"href":"https:\/\/www.xn--tuksimaailm-ffb.ee\/fi\/wp-json\/wp\/v2\/product\/50840","targetHints":{"allow":["GET"]}}],"collection":[{"href":"https:\/\/www.xn--tuksimaailm-ffb.ee\/fi\/wp-json\/wp\/v2\/product"}],"about":[{"href":"https:\/\/www.xn--tuksimaailm-ffb.ee\/fi\/wp-json\/wp\/v2\/types\/product"}],"wp:featuredmedia":[{"embeddable":true,"href":"https:\/\/www.xn--tuksimaailm-ffb.ee\/fi\/wp-json\/wp\/v2\/media\/22034"}],"wp:attachment":[{"href":"https:\/\/www.xn--tuksimaailm-ffb.ee\/fi\/wp-json\/wp\/v2\/media?parent=50840"}],"wp:term":[{"taxonomy":"product_brand","embeddable":true,"href":"https:\/\/www.xn--tuksimaailm-ffb.ee\/fi\/wp-json\/wp\/v2\/product_brand?post=50840"},{"taxonomy":"product_cat","embeddable":true,"href":"https:\/\/www.xn--tuksimaailm-ffb.ee\/fi\/wp-json\/wp\/v2\/product_cat?post=50840"},{"taxonomy":"product_tag","embeddable":true,"href":"https:\/\/www.xn--tuksimaailm-ffb.ee\/fi\/wp-json\/wp\/v2\/product_tag?post=50840"},{"taxonomy":"filter_elektritoukeratas","embeddable":true,"href":"https:\/\/www.xn--tuksimaailm-ffb.ee\/fi\/wp-json\/wp\/v2\/filter_elektritoukeratas?post=50840"}],"curies":[{"name":"wp","href":"https:\/\/api.w.org\/{rel}","templated":true}]}}