{"id":50842,"date":"2020-03-27T15:34:30","date_gmt":"2020-03-27T12:34:30","guid":{"rendered":"http:\/\/www.xn--tuksimaailm-ffb.ee\/shop\/sahkopotkulauta-gpad-lite-eol\/"},"modified":"2020-03-27T15:34:30","modified_gmt":"2020-03-27T12:34:30","slug":"sahkopotkulauta-gpad-lite-eol","status":"publish","type":"product","link":"https:\/\/www.xn--tuksimaailm-ffb.ee\/fi\/shop\/sahkopotkulauta-gpad-lite-eol\/","title":{"rendered":"S\u00e4hk\u00f6potkulauta GPad Lite (EOL)"},"content":{"rendered":"<p style=\"caret-color: #000000; color: #000000;\">Gpad Lite -s\u00e4hk\u00f6skootteri on nimens\u00e4 mukaisesti tunnettu eritt\u00e4in kevyest\u00e4 painostaan, joka painaa vain\u00a0<strong>8,3 kg.<\/strong>\u00a0GPad Lite on kokoontaitettava s\u00e4hk\u00f6skootteri, joka taittuu kokoon kolmesta kohdasta, jotta se mahtuu pieneen tilaan, kuten varastoon tai auton tavaratilaan. Jos etsit jotain pient\u00e4, kevytt\u00e4 ja tyylik\u00e4st\u00e4, suosittelemme GPad Lite\u00e4!<\/p>\n<p style=\"caret-color: #000000; color: #000000;\"><strong>HUOM: Gpad Lite -s\u00e4hk\u00f6skootteri on loppunut varastosta.<\/strong>\u00a0<strong>Vaihtoehtoisesti suosittelemme\u00a0<\/strong><a href=\"http:\/\/www.xn--tuksimaailm-ffb.ee\/shop\/inokim-light-hero-elektriline-toukeratas\/\"><strong>Inokim Light Hero<\/strong><\/a><strong>\u00a0ja\u00a0<\/strong><a href=\"http:\/\/www.xn--tuksimaailm-ffb.ee\/shop\/xiaomi-1s-elektritoukeratas\/\"><strong>Xiaomi Mi 1S<\/strong><\/a><strong>.<\/strong><\/p>\n<p style=\"caret-color: #000000; color: #000000;\">GPad Litest\u00e4 on my\u00f6s tehokkaampi versio -\u00a0<a href=\"http:\/\/www.xn--tuksimaailm-ffb.ee\/shop\/gpad_lite_max\/\">GPad Lite Max<\/a>. GPad Lite -s\u00e4hk\u00f6skootterissa on\u00a0<strong>250W:n<\/strong>\u00a0moottori ja\u00a0<strong>4,4Ah:n<\/strong>\u00a0akku, jonka avulla voit kulkea\u00a0<strong>10 km<\/strong>\u00a0yhdell\u00e4 latauksella. Etuvetoisen GPad Lite -s\u00e4hk\u00f6skootterin valmistajan ilmoittama nopeus on\u00a0<strong>23km\/h<\/strong>. Lataus kest\u00e4\u00e4 vain\u00a0<strong>4h<\/strong>\u00a0ja maksimikantavuus on\u00a0<strong>80kg,\u00a0<\/strong>joten Lite sopii erityisesti lapsille ja nuorille kuljettajille.\u00a0<strong>5<\/strong>\u00a0\u201d py\u00f6r\u00e4t ja\u00a0<strong>kiinte\u00e4t renkaat<\/strong>\u00a0takaavat piikkisuojan kaikissa maastoissa, ei sis\u00e4isi\u00e4 renkaanvaihtoja! S\u00e4hk\u00f6inen etujarru ja takajarru takaavat tukevan pys\u00e4htymisen.<\/p>\n<p style=\"caret-color: #000000; color: #000000;\">Valittavana on kolme vaihteistoa, joten jokainen kuljettaja voi l\u00f6yt\u00e4\u00e4 itselleen sopivan vauhdin. Etu- ja takavalot takaavat n\u00e4kyvyyden my\u00f6s h\u00e4m\u00e4rimmill\u00e4 teill\u00e4 ja tekev\u00e4t sinut n\u00e4kyv\u00e4ksi muille tienk\u00e4ytt\u00e4jille. K\u00e4yt\u00e4 aina kyp\u00e4r\u00e4\u00e4 ajaessasi s\u00e4hk\u00f6potkulaudalla! Katso lis\u00e4\u00e4 s\u00e4hk\u00f6py\u00f6ri\u00e4\u00a0<a href=\"http:\/\/www.xn--tuksimaailm-ffb.ee\/tootekategooria\/elektritoukeratas\/\">t\u00e4\u00e4lt\u00e4<\/a>. Lue lis\u00e4\u00e4 Gpad Litest\u00e4\u00a0<a href=\"https:\/\/fortunati.eu\/product\/gpad-lite\/\">valmistajan verkkosivuilta<\/a>.<\/p>\n","protected":false},"excerpt":{"rendered":"<p>Gpad Lite -s\u00e4hk\u00f6skootteri on nimens\u00e4 mukaisesti tunnettu eritt\u00e4in kevyest\u00e4 painostaan, joka painaa vain\u00a08,3 kg.\u00a0GPad Lite on kokoontaitettava s\u00e4hk\u00f6skootteri, joka taittuu kokoon kolmesta kohdasta, jotta se mahtuu pieneen tilaan, kuten varastoon tai auton tavaratilaan. Jos etsit jotain pient\u00e4, kevytt\u00e4 ja tyylik\u00e4st\u00e4, suosittelemme GPad Lite\u00e4! HUOM: Gpad Lite -s\u00e4hk\u00f6skootteri on loppunut varastosta.\u00a0Vaihtoehtoisesti &hellip;<\/p>\n","protected":false},"featured_media":22020,"template":"","meta":[],"product_brand":[],"product_cat":[926],"product_tag":[],"filter_elektritoukeratas":[],"class_list":{"0":"post-50842","1":"product","2":"type-product","3":"status-publish","4":"has-post-thumbnail","6":"product_cat-sahkopotkulaudat-fi","7":"pa_colour-musta","8":"pa_colour-oranssi","9":"pa_colour-vaalea","10":"pa_mootorite-arv-uhe-mootoriga-fi","11":"pa_tootetuup-elektritoukeratas-fi","12":"pa_valmistaja-gpad-fi","14":"first","15":"outofstock","16":"taxable","17":"shipping-taxable","18":"purchasable","19":"product-type-variable"},"yoast_head":"<!-- This site is optimized with the Yoast SEO Premium plugin v26.8 (Yoast SEO v27.5) - https:\/\/yoast.com\/product\/yoast-seo-premium-wordpress\/ -->\n<title>S\u00e4hk\u00f6potkulauta GPad Lite (EOL) &#8212; T\u00f5uksimaailm<\/title>\n<meta name=\"description\" content=\"Elektriline t\u00f5ukeratas Gpad Lite on tuntud oma v\u00e4ga kerge kaalu poolest. Kui otsite midagi v\u00e4ikest, kerget ja stiilset, siis soovitame just GPad Litet!\" \/>\n<meta name=\"robots\" content=\"index, follow, max-snippet:-1, max-image-preview:large, max-video-preview:-1\" \/>\n<link rel=\"canonical\" href=\"https:\/\/www.xn--tuksimaailm-ffb.ee\/fi\/shop\/sahkopotkulauta-gpad-lite-eol\/\" \/>\n<meta property=\"og:locale\" content=\"fi_FI\" \/>\n<meta property=\"og:type\" content=\"article\" \/>\n<meta property=\"og:title\" content=\"S\u00e4hk\u00f6potkulauta GPad Lite (EOL)\" \/>\n<meta property=\"og:description\" content=\"Elektriline t\u00f5ukeratas Gpad Lite on tuntud oma v\u00e4ga kerge kaalu poolest. Kui otsite midagi v\u00e4ikest, kerget ja stiilset, siis soovitame just GPad Litet!\" \/>\n<meta property=\"og:url\" content=\"https:\/\/www.xn--tuksimaailm-ffb.ee\/fi\/shop\/sahkopotkulauta-gpad-lite-eol\/\" \/>\n<meta property=\"og:site_name\" content=\"T\u00f5uksimaailm\" \/>\n<meta property=\"article:publisher\" content=\"https:\/\/www.facebook.com\/touksimaailm\/\" \/>\n<meta property=\"og:image\" content=\"https:\/\/www.xn--tuksimaailm-ffb.ee\/wp-content\/uploads\/2020\/03\/elektrito\u0303ukeratas-gpad-lite-1.jpg\" \/>\n\t<meta property=\"og:image:width\" content=\"2000\" \/>\n\t<meta property=\"og:image:height\" content=\"2000\" \/>\n\t<meta property=\"og:image:type\" content=\"image\/jpeg\" \/>\n<meta name=\"twitter:card\" content=\"summary_large_image\" \/>\n<meta name=\"twitter:label1\" content=\"Saatavuus\" \/>\n\t<meta name=\"twitter:data1\" content=\"Loppu varastosta\" \/>\n<meta property=\"og:availability\" content=\"out of stock\" \/>\n<meta property=\"product:availability\" content=\"out of stock\" \/>\n<meta property=\"product:retailer_item_id\" content=\"GPad_Lite_2\" \/>\n<meta property=\"product:condition\" content=\"new\" \/>\n<!-- \/ Yoast SEO Premium plugin. -->","yoast_head_json":{"title":"S\u00e4hk\u00f6potkulauta GPad Lite (EOL) &#8212; T\u00f5uksimaailm","description":"Elektriline t\u00f5ukeratas Gpad Lite on tuntud oma v\u00e4ga kerge kaalu poolest. Kui otsite midagi v\u00e4ikest, kerget ja stiilset, siis soovitame just GPad Litet!","robots":{"index":"index","follow":"follow","max-snippet":"max-snippet:-1","max-image-preview":"max-image-preview:large","max-video-preview":"max-video-preview:-1"},"canonical":"https:\/\/www.xn--tuksimaailm-ffb.ee\/fi\/shop\/sahkopotkulauta-gpad-lite-eol\/","og_locale":"fi_FI","og_type":"article","og_title":"S\u00e4hk\u00f6potkulauta GPad Lite (EOL)","og_description":"Elektriline t\u00f5ukeratas Gpad Lite on tuntud oma v\u00e4ga kerge kaalu poolest. Kui otsite midagi v\u00e4ikest, kerget ja stiilset, siis soovitame just GPad Litet!","og_url":"https:\/\/www.xn--tuksimaailm-ffb.ee\/fi\/shop\/sahkopotkulauta-gpad-lite-eol\/","og_site_name":"T\u00f5uksimaailm","article_publisher":"https:\/\/www.facebook.com\/touksimaailm\/","og_image":[{"width":2000,"height":2000,"url":"https:\/\/www.xn--tuksimaailm-ffb.ee\/wp-content\/uploads\/2020\/03\/elektrito\u0303ukeratas-gpad-lite-1.jpg","type":"image\/jpeg"}],"twitter_card":"summary_large_image","twitter_misc":{"Saatavuus":"Loppu varastosta"},"schema":{"@context":"https:\/\/schema.org","@graph":[{"@type":"WebPage","@id":"https:\/\/www.xn--tuksimaailm-ffb.ee\/fi\/shop\/sahkopotkulauta-gpad-lite-eol\/","url":"https:\/\/www.xn--tuksimaailm-ffb.ee\/fi\/shop\/sahkopotkulauta-gpad-lite-eol\/","name":"S\u00e4hk\u00f6potkulauta GPad Lite (EOL) &#8212; T\u00f5uksimaailm","isPartOf":{"@id":"https:\/\/www.xn--tuksimaailm-ffb.ee\/fi\/#website"},"primaryImageOfPage":{"@id":"https:\/\/www.xn--tuksimaailm-ffb.ee\/fi\/shop\/sahkopotkulauta-gpad-lite-eol\/#primaryimage"},"image":{"@id":"https:\/\/www.xn--tuksimaailm-ffb.ee\/fi\/shop\/sahkopotkulauta-gpad-lite-eol\/#primaryimage"},"thumbnailUrl":"https:\/\/www.xn--tuksimaailm-ffb.ee\/wp-content\/uploads\/2020\/03\/elektrito\u0303ukeratas-gpad-lite-1.jpg","datePublished":"2020-03-27T12:34:30+00:00","description":"Elektriline t\u00f5ukeratas Gpad Lite on tuntud oma v\u00e4ga kerge kaalu poolest. Kui otsite midagi v\u00e4ikest, kerget ja stiilset, siis soovitame just GPad Litet!","breadcrumb":{"@id":"https:\/\/www.xn--tuksimaailm-ffb.ee\/fi\/shop\/sahkopotkulauta-gpad-lite-eol\/#breadcrumb"},"inLanguage":"fi","potentialAction":[{"@type":"ReadAction","target":["https:\/\/www.xn--tuksimaailm-ffb.ee\/fi\/shop\/sahkopotkulauta-gpad-lite-eol\/"]}]},{"@type":"ImageObject","inLanguage":"fi","@id":"https:\/\/www.xn--tuksimaailm-ffb.ee\/fi\/shop\/sahkopotkulauta-gpad-lite-eol\/#primaryimage","url":"https:\/\/www.xn--tuksimaailm-ffb.ee\/wp-content\/uploads\/2020\/03\/elektrito\u0303ukeratas-gpad-lite-1.jpg","contentUrl":"https:\/\/www.xn--tuksimaailm-ffb.ee\/wp-content\/uploads\/2020\/03\/elektrito\u0303ukeratas-gpad-lite-1.jpg","width":2000,"height":2000},{"@type":"BreadcrumbList","@id":"https:\/\/www.xn--tuksimaailm-ffb.ee\/fi\/shop\/sahkopotkulauta-gpad-lite-eol\/#breadcrumb","itemListElement":[{"@type":"ListItem","position":1,"name":"Home","item":"https:\/\/www.xn--tuksimaailm-ffb.ee\/fi\/kotisivu\/"},{"@type":"ListItem","position":2,"name":"Kauppa","item":"https:\/\/www.xn--tuksimaailm-ffb.ee\/elektritoukerataste-pood\/"},{"@type":"ListItem","position":3,"name":"S\u00e4hk\u00f6potkulauta GPad Lite (EOL)"}]},{"@type":"WebSite","@id":"https:\/\/www.xn--tuksimaailm-ffb.ee\/fi\/#website","url":"https:\/\/www.xn--tuksimaailm-ffb.ee\/fi\/","name":"T\u00f5uksimaailm","description":"Elektrit\u00f5ukerataste m\u00fc\u00fck, remont ja rent","publisher":{"@id":"https:\/\/www.xn--tuksimaailm-ffb.ee\/fi\/#organization"},"potentialAction":[{"@type":"SearchAction","target":{"@type":"EntryPoint","urlTemplate":"https:\/\/www.xn--tuksimaailm-ffb.ee\/fi\/?s={search_term_string}"},"query-input":{"@type":"PropertyValueSpecification","valueRequired":true,"valueName":"search_term_string"}}],"inLanguage":"fi"},{"@type":"Organization","@id":"https:\/\/www.xn--tuksimaailm-ffb.ee\/fi\/#organization","name":"T\u00f5uksimaailm","url":"https:\/\/www.xn--tuksimaailm-ffb.ee\/fi\/","logo":{"@type":"ImageObject","inLanguage":"fi","@id":"https:\/\/www.xn--tuksimaailm-ffb.ee\/fi\/#\/schema\/logo\/image\/","url":"https:\/\/www.xn--tuksimaailm-ffb.ee\/wp-content\/uploads\/2020\/01\/logoz-e1579792875517.png","contentUrl":"https:\/\/www.xn--tuksimaailm-ffb.ee\/wp-content\/uploads\/2020\/01\/logoz-e1579792875517.png","width":250,"height":250,"caption":"T\u00f5uksimaailm"},"image":{"@id":"https:\/\/www.xn--tuksimaailm-ffb.ee\/fi\/#\/schema\/logo\/image\/"},"sameAs":["https:\/\/www.facebook.com\/touksimaailm\/","https:\/\/www.instagram.com\/touksimaailm_\/","https:\/\/www.youtube.com\/channel\/UC18ml0EKIDLP1xGuQjFzcXQ"]}]},"og_availability":"out of stock","product_availability":"out of stock","product_retailer_item_id":"GPad_Lite_2","product_condition":"new"},"jetpack_sharing_enabled":true,"_links":{"self":[{"href":"https:\/\/www.xn--tuksimaailm-ffb.ee\/fi\/wp-json\/wp\/v2\/product\/50842","targetHints":{"allow":["GET"]}}],"collection":[{"href":"https:\/\/www.xn--tuksimaailm-ffb.ee\/fi\/wp-json\/wp\/v2\/product"}],"about":[{"href":"https:\/\/www.xn--tuksimaailm-ffb.ee\/fi\/wp-json\/wp\/v2\/types\/product"}],"wp:featuredmedia":[{"embeddable":true,"href":"https:\/\/www.xn--tuksimaailm-ffb.ee\/fi\/wp-json\/wp\/v2\/media\/22020"}],"wp:attachment":[{"href":"https:\/\/www.xn--tuksimaailm-ffb.ee\/fi\/wp-json\/wp\/v2\/media?parent=50842"}],"wp:term":[{"taxonomy":"product_brand","embeddable":true,"href":"https:\/\/www.xn--tuksimaailm-ffb.ee\/fi\/wp-json\/wp\/v2\/product_brand?post=50842"},{"taxonomy":"product_cat","embeddable":true,"href":"https:\/\/www.xn--tuksimaailm-ffb.ee\/fi\/wp-json\/wp\/v2\/product_cat?post=50842"},{"taxonomy":"product_tag","embeddable":true,"href":"https:\/\/www.xn--tuksimaailm-ffb.ee\/fi\/wp-json\/wp\/v2\/product_tag?post=50842"},{"taxonomy":"filter_elektritoukeratas","embeddable":true,"href":"https:\/\/www.xn--tuksimaailm-ffb.ee\/fi\/wp-json\/wp\/v2\/filter_elektritoukeratas?post=50842"}],"curies":[{"name":"wp","href":"https:\/\/api.w.org\/{rel}","templated":true}]}}