{"id":50846,"date":"2020-02-20T18:56:28","date_gmt":"2020-02-20T15:56:28","guid":{"rendered":"http:\/\/www.xn--tuksimaailm-ffb.ee\/shop\/sahkopotkulauta-gpad-retro-eol\/"},"modified":"2020-02-20T18:56:28","modified_gmt":"2020-02-20T15:56:28","slug":"sahkopotkulauta-gpad-retro-eol","status":"publish","type":"product","link":"https:\/\/www.xn--tuksimaailm-ffb.ee\/fi\/shop\/sahkopotkulauta-gpad-retro-eol\/","title":{"rendered":"S\u00e4hk\u00f6potkulauta GPad Retro (EOL)"},"content":{"rendered":"<h2 style=\"text-align: center;\">Tuotekuvaus<\/h2>\n<p>GPad Retro s\u00e4hk\u00f6skootteri on ainutlaatuinen ajoneuvo, jossa on retromuotoilu ja moderni tekniikka. Sen lis\u00e4ksi, ett\u00e4 se on hyvin erikoinen muotoilu, GPad Retro -s\u00e4hk\u00f6skootteri tulee klassisen mustan lis\u00e4ksi v\u00e4riss\u00e4, jota voisi kutsua jopa neon pinkiksi! Suunnittelun lis\u00e4ksi on panostettu paljon my\u00f6s teknisiin ominaisuuksiin, esimerkiksi ohjaustangon korkeutta on mahdollista s\u00e4\u00e4t\u00e4\u00e4 pienell\u00e4 vaivalla, joten se sopii koko perheelle. Lis\u00e4ksi GPad Retro -s\u00e4hk\u00f6skootteri kest\u00e4\u00e4 painon kunnolla, jopa 120 kg, ja n\u00e4in raskaammatkin ostoskassit voidaan kuljettaa kotiin ruokakaupasta.<\/p>\n<p><strong>HUOM: Gpad Retro -s\u00e4hk\u00f6skootteri on loppunut varastosta. Vaihtoehtoisesti suosittelemme Xiaomi Mi Pro 2 ja Velt Smart Scooter X8-s\u00e4hk\u00f6potkulautoja . Gpad Retro on saatavilla myym\u00e4l\u00e4ss\u00e4mme osoitteessa T\u00f6\u00f6stuse 47a, Tallinn - tule koeajolle!<\/strong><\/p>\n<h2 style=\"text-align: center;\">Tekninen kuvaus<\/h2>\n<p>S\u00e4hk\u00f6skootteri on varustettu 7,5 tuuman renkailla - eturengas on pneumaattinen rengas mukavuuden takaamiseksi ja takarengas on kiinte\u00e4 rengas pistosuojan takaamiseksi. Takimmainen rumpujarru takaa huoltovapaan k\u00e4yt\u00f6n sek\u00e4 tukevan ja turvallisen pys\u00e4htymisen. Lis\u00e4ksi GPad Retrossa on muista py\u00f6rist\u00e4 poikkeava jarrulenkki, avaimella toimiva sytytysj\u00e4rjestelm\u00e4 ja tyylik\u00e4s LED-etuvalo. Skootterin kaasupoljin on hyvin samankaltainen kuin siksakissa oleva kaasupoljin, joka toimii kuin v\u00e4\u00e4nt\u00f6kahva.<\/p>\n<p>Etu- ja etupuolen ilmarenkaat antavat s\u00e4hk\u00f6skootterille pitoa ja pehment\u00e4v\u00e4t iskuja ja t\u00e4rin\u00e4\u00e4, jotka johtuvat ihottumista. Olet muiden n\u00e4ht\u00e4viss\u00e4 jarru- ja etuosan LED-valojen sek\u00e4 sivuilla olevien heijastimien ansiosta. GPad Retro on kokoontaitettava s\u00e4hk\u00f6skootteri. E-asema taittuu eturenkaan p\u00e4\u00e4lle, ja voit my\u00f6s taittaa ohjaustangon kokoon. N\u00e4in s\u00e4hk\u00f6ajo mahtuu auton tavaratilaan, kodin varastoon, ty\u00f6p\u00f6yd\u00e4n alle t\u00f6iss\u00e4 tai s\u00e4hk\u00f6ajolaukkuun. Ohjaustangon korkeutta voi s\u00e4\u00e4t\u00e4\u00e4 pikakiinnikkeell\u00e4. GPad Retro -s\u00e4hk\u00f6k\u00e4ytt\u00f6inen rattaat painavat 17 kg. S\u00e4hk\u00f6k\u00e4ytt\u00f6inen GPad Retro -lastenrattaat on saatavana mustana ja vaaleanpunaisena. S\u00e4hk\u00f6potkulauta voi kulkea jopa 25 km yhdell\u00e4 latauksella. Tehokas 36V akku ja 350W takapy\u00f6r\u00e4n sis\u00e4inen moottori takaavat reippaan kiihtyvyyden ja voimakkaan etenemisen my\u00f6s yl\u00e4m\u00e4keen ment\u00e4ess\u00e4. GPad Retron valmistajan ilmoittama nopeus on 25km\/h.<\/p>\n<p>S\u00e4hk\u00f6inen skootteri voi kantaa jopa 120kg painon. Lataus 0 %:sta 100 %:iin kest\u00e4\u00e4 noin 4 tuntia laturista riippuen. Latausportti sijaitsee ty\u00f6p\u00f6yd\u00e4n vasemmalla etupuolella ja se on suojattu suojuksella, jonka on aina oltava tukevasti paikallaan. Gpad Retro sopii varmasti hyvin ihmisille, jotka haluavat edullisen s\u00e4hk\u00f6skootterin, jolla on hyv\u00e4t teho- ja kulutuslukemat ja joka on katutyylilt\u00e4\u00e4n jotain erilaista. Suosittelemme aina k\u00e4ytt\u00e4m\u00e4\u00e4n kyp\u00e4r\u00e4\u00e4 s\u00e4hk\u00f6skootterilla ajettaessa, turvallista ajoa! Lis\u00e4\u00e4 s\u00e4hk\u00f6skoottereita ja muita liikkumisskoottereita l\u00f6yd\u00e4t t\u00e4\u00e4lt\u00e4. Voit my\u00f6s lukea lis\u00e4\u00e4 Gpad Retrosta valmistajan sivuilta.<\/p>\n","protected":false},"excerpt":{"rendered":"<p>Tuotekuvaus GPad Retro s\u00e4hk\u00f6skootteri on ainutlaatuinen ajoneuvo, jossa on retromuotoilu ja moderni tekniikka. Sen lis\u00e4ksi, ett\u00e4 se on hyvin erikoinen muotoilu, GPad Retro -s\u00e4hk\u00f6skootteri tulee klassisen mustan lis\u00e4ksi v\u00e4riss\u00e4, jota voisi kutsua jopa neon pinkiksi! Suunnittelun lis\u00e4ksi on panostettu paljon my\u00f6s teknisiin ominaisuuksiin, esimerkiksi ohjaustangon korkeutta on mahdollista s\u00e4\u00e4t\u00e4\u00e4 pienell\u00e4 &hellip;<\/p>\n","protected":false},"featured_media":21962,"template":"","meta":[],"product_brand":[],"product_cat":[926],"product_tag":[],"filter_elektritoukeratas":[],"class_list":{"0":"post-50846","1":"product","2":"type-product","3":"status-publish","4":"has-post-thumbnail","6":"product_cat-sahkopotkulaudat-fi","7":"pa_colour-musta","8":"pa_colour-vaaleapunainen","9":"pa_mootorite-arv-uhe-mootoriga-fi","10":"pa_tootetuup-elektritoukeratas-fi","11":"pa_valmistaja-gpad-fi","13":"first","14":"outofstock","15":"taxable","16":"shipping-taxable","17":"purchasable","18":"product-type-simple"},"yoast_head":"<!-- This site is optimized with the Yoast SEO Premium plugin v26.8 (Yoast SEO v27.5) - https:\/\/yoast.com\/product\/yoast-seo-premium-wordpress\/ -->\n<title>S\u00e4hk\u00f6potkulauta GPad Retro (EOL) &#8212; T\u00f5uksimaailm<\/title>\n<meta name=\"description\" content=\"Elektriline t\u00f5ukeratas Gpad Retro on k\u00f5ige silmapaistvam elektriliikur! Kokkupandav v\u00f5imas elektrit\u00f5uks on just sinu unistuste kaaslane linnamaastikul.\" \/>\n<meta name=\"robots\" content=\"index, follow, max-snippet:-1, max-image-preview:large, max-video-preview:-1\" \/>\n<link rel=\"canonical\" href=\"https:\/\/www.xn--tuksimaailm-ffb.ee\/fi\/shop\/sahkopotkulauta-gpad-retro-eol\/\" \/>\n<meta property=\"og:locale\" content=\"fi_FI\" \/>\n<meta property=\"og:type\" content=\"article\" \/>\n<meta property=\"og:title\" content=\"S\u00e4hk\u00f6potkulauta GPad Retro (EOL)\" \/>\n<meta property=\"og:description\" content=\"Elektriline t\u00f5ukeratas Gpad Retro on k\u00f5ige silmapaistvam elektriliikur! Kokkupandav v\u00f5imas elektrit\u00f5uks on just sinu unistuste kaaslane linnamaastikul.\" \/>\n<meta property=\"og:url\" content=\"https:\/\/www.xn--tuksimaailm-ffb.ee\/fi\/shop\/sahkopotkulauta-gpad-retro-eol\/\" \/>\n<meta property=\"og:site_name\" content=\"T\u00f5uksimaailm\" \/>\n<meta property=\"article:publisher\" content=\"https:\/\/www.facebook.com\/touksimaailm\/\" \/>\n<meta property=\"og:image\" content=\"https:\/\/www.xn--tuksimaailm-ffb.ee\/wp-content\/uploads\/2020\/02\/gpad-retro-2.1.jpg\" \/>\n\t<meta property=\"og:image:width\" content=\"1024\" \/>\n\t<meta property=\"og:image:height\" content=\"1024\" \/>\n\t<meta property=\"og:image:type\" content=\"image\/jpeg\" \/>\n<meta name=\"twitter:card\" content=\"summary_large_image\" \/>\n<meta name=\"twitter:label1\" content=\"Hinta\" \/>\n\t<meta name=\"twitter:data1\" content=\"&euro;399.00\" \/>\n\t<meta name=\"twitter:label2\" content=\"Saatavuus\" \/>\n\t<meta name=\"twitter:data2\" content=\"Loppu varastosta\" \/>\n<meta property=\"product:price:amount\" content=\"399.00\" \/>\n<meta property=\"product:price:currency\" content=\"EUR\" \/>\n<meta property=\"og:availability\" content=\"out of stock\" \/>\n<meta property=\"product:availability\" content=\"out of stock\" \/>\n<meta property=\"product:retailer_item_id\" content=\"GPad_Retro\" \/>\n<meta property=\"product:condition\" content=\"new\" \/>\n<!-- \/ Yoast SEO Premium plugin. -->","yoast_head_json":{"title":"S\u00e4hk\u00f6potkulauta GPad Retro (EOL) &#8212; T\u00f5uksimaailm","description":"Elektriline t\u00f5ukeratas Gpad Retro on k\u00f5ige silmapaistvam elektriliikur! Kokkupandav v\u00f5imas elektrit\u00f5uks on just sinu unistuste kaaslane linnamaastikul.","robots":{"index":"index","follow":"follow","max-snippet":"max-snippet:-1","max-image-preview":"max-image-preview:large","max-video-preview":"max-video-preview:-1"},"canonical":"https:\/\/www.xn--tuksimaailm-ffb.ee\/fi\/shop\/sahkopotkulauta-gpad-retro-eol\/","og_locale":"fi_FI","og_type":"article","og_title":"S\u00e4hk\u00f6potkulauta GPad Retro (EOL)","og_description":"Elektriline t\u00f5ukeratas Gpad Retro on k\u00f5ige silmapaistvam elektriliikur! Kokkupandav v\u00f5imas elektrit\u00f5uks on just sinu unistuste kaaslane linnamaastikul.","og_url":"https:\/\/www.xn--tuksimaailm-ffb.ee\/fi\/shop\/sahkopotkulauta-gpad-retro-eol\/","og_site_name":"T\u00f5uksimaailm","article_publisher":"https:\/\/www.facebook.com\/touksimaailm\/","og_image":[{"width":1024,"height":1024,"url":"https:\/\/www.xn--tuksimaailm-ffb.ee\/wp-content\/uploads\/2020\/02\/gpad-retro-2.1.jpg","type":"image\/jpeg"}],"twitter_card":"summary_large_image","twitter_misc":{"Hinta":"&euro;399.00","Saatavuus":"Loppu varastosta"},"schema":{"@context":"https:\/\/schema.org","@graph":[{"@type":"WebPage","@id":"https:\/\/www.xn--tuksimaailm-ffb.ee\/fi\/shop\/sahkopotkulauta-gpad-retro-eol\/","url":"https:\/\/www.xn--tuksimaailm-ffb.ee\/fi\/shop\/sahkopotkulauta-gpad-retro-eol\/","name":"S\u00e4hk\u00f6potkulauta GPad Retro (EOL) &#8212; T\u00f5uksimaailm","isPartOf":{"@id":"https:\/\/www.xn--tuksimaailm-ffb.ee\/fi\/#website"},"primaryImageOfPage":{"@id":"https:\/\/www.xn--tuksimaailm-ffb.ee\/fi\/shop\/sahkopotkulauta-gpad-retro-eol\/#primaryimage"},"image":{"@id":"https:\/\/www.xn--tuksimaailm-ffb.ee\/fi\/shop\/sahkopotkulauta-gpad-retro-eol\/#primaryimage"},"thumbnailUrl":"https:\/\/www.xn--tuksimaailm-ffb.ee\/wp-content\/uploads\/2020\/02\/gpad-retro-2.1.jpg","datePublished":"2020-02-20T15:56:28+00:00","description":"Elektriline t\u00f5ukeratas Gpad Retro on k\u00f5ige silmapaistvam elektriliikur! Kokkupandav v\u00f5imas elektrit\u00f5uks on just sinu unistuste kaaslane linnamaastikul.","breadcrumb":{"@id":"https:\/\/www.xn--tuksimaailm-ffb.ee\/fi\/shop\/sahkopotkulauta-gpad-retro-eol\/#breadcrumb"},"inLanguage":"fi","potentialAction":[{"@type":"ReadAction","target":["https:\/\/www.xn--tuksimaailm-ffb.ee\/fi\/shop\/sahkopotkulauta-gpad-retro-eol\/"]}]},{"@type":"ImageObject","inLanguage":"fi","@id":"https:\/\/www.xn--tuksimaailm-ffb.ee\/fi\/shop\/sahkopotkulauta-gpad-retro-eol\/#primaryimage","url":"https:\/\/www.xn--tuksimaailm-ffb.ee\/wp-content\/uploads\/2020\/02\/gpad-retro-2.1.jpg","contentUrl":"https:\/\/www.xn--tuksimaailm-ffb.ee\/wp-content\/uploads\/2020\/02\/gpad-retro-2.1.jpg","width":1024,"height":1024},{"@type":"BreadcrumbList","@id":"https:\/\/www.xn--tuksimaailm-ffb.ee\/fi\/shop\/sahkopotkulauta-gpad-retro-eol\/#breadcrumb","itemListElement":[{"@type":"ListItem","position":1,"name":"Home","item":"https:\/\/www.xn--tuksimaailm-ffb.ee\/fi\/kotisivu\/"},{"@type":"ListItem","position":2,"name":"Kauppa","item":"https:\/\/www.xn--tuksimaailm-ffb.ee\/elektritoukerataste-pood\/"},{"@type":"ListItem","position":3,"name":"S\u00e4hk\u00f6potkulauta GPad Retro (EOL)"}]},{"@type":"WebSite","@id":"https:\/\/www.xn--tuksimaailm-ffb.ee\/fi\/#website","url":"https:\/\/www.xn--tuksimaailm-ffb.ee\/fi\/","name":"T\u00f5uksimaailm","description":"Elektrit\u00f5ukerataste m\u00fc\u00fck, remont ja rent","publisher":{"@id":"https:\/\/www.xn--tuksimaailm-ffb.ee\/fi\/#organization"},"potentialAction":[{"@type":"SearchAction","target":{"@type":"EntryPoint","urlTemplate":"https:\/\/www.xn--tuksimaailm-ffb.ee\/fi\/?s={search_term_string}"},"query-input":{"@type":"PropertyValueSpecification","valueRequired":true,"valueName":"search_term_string"}}],"inLanguage":"fi"},{"@type":"Organization","@id":"https:\/\/www.xn--tuksimaailm-ffb.ee\/fi\/#organization","name":"T\u00f5uksimaailm","url":"https:\/\/www.xn--tuksimaailm-ffb.ee\/fi\/","logo":{"@type":"ImageObject","inLanguage":"fi","@id":"https:\/\/www.xn--tuksimaailm-ffb.ee\/fi\/#\/schema\/logo\/image\/","url":"https:\/\/www.xn--tuksimaailm-ffb.ee\/wp-content\/uploads\/2020\/01\/logoz-e1579792875517.png","contentUrl":"https:\/\/www.xn--tuksimaailm-ffb.ee\/wp-content\/uploads\/2020\/01\/logoz-e1579792875517.png","width":250,"height":250,"caption":"T\u00f5uksimaailm"},"image":{"@id":"https:\/\/www.xn--tuksimaailm-ffb.ee\/fi\/#\/schema\/logo\/image\/"},"sameAs":["https:\/\/www.facebook.com\/touksimaailm\/","https:\/\/www.instagram.com\/touksimaailm_\/","https:\/\/www.youtube.com\/channel\/UC18ml0EKIDLP1xGuQjFzcXQ"]}]},"product_price_amount":"399.00","product_price_currency":"EUR","og_availability":"out of stock","product_availability":"out of stock","product_retailer_item_id":"GPad_Retro","product_condition":"new"},"jetpack_sharing_enabled":true,"_links":{"self":[{"href":"https:\/\/www.xn--tuksimaailm-ffb.ee\/fi\/wp-json\/wp\/v2\/product\/50846","targetHints":{"allow":["GET"]}}],"collection":[{"href":"https:\/\/www.xn--tuksimaailm-ffb.ee\/fi\/wp-json\/wp\/v2\/product"}],"about":[{"href":"https:\/\/www.xn--tuksimaailm-ffb.ee\/fi\/wp-json\/wp\/v2\/types\/product"}],"wp:featuredmedia":[{"embeddable":true,"href":"https:\/\/www.xn--tuksimaailm-ffb.ee\/fi\/wp-json\/wp\/v2\/media\/21962"}],"wp:attachment":[{"href":"https:\/\/www.xn--tuksimaailm-ffb.ee\/fi\/wp-json\/wp\/v2\/media?parent=50846"}],"wp:term":[{"taxonomy":"product_brand","embeddable":true,"href":"https:\/\/www.xn--tuksimaailm-ffb.ee\/fi\/wp-json\/wp\/v2\/product_brand?post=50846"},{"taxonomy":"product_cat","embeddable":true,"href":"https:\/\/www.xn--tuksimaailm-ffb.ee\/fi\/wp-json\/wp\/v2\/product_cat?post=50846"},{"taxonomy":"product_tag","embeddable":true,"href":"https:\/\/www.xn--tuksimaailm-ffb.ee\/fi\/wp-json\/wp\/v2\/product_tag?post=50846"},{"taxonomy":"filter_elektritoukeratas","embeddable":true,"href":"https:\/\/www.xn--tuksimaailm-ffb.ee\/fi\/wp-json\/wp\/v2\/filter_elektritoukeratas?post=50846"}],"curies":[{"name":"wp","href":"https:\/\/api.w.org\/{rel}","templated":true}]}}