{"id":50848,"date":"2020-02-18T19:48:13","date_gmt":"2020-02-18T19:48:13","guid":{"rendered":"http:\/\/www.xn--tuksimaailm-ffb.ee\/shop\/sahkopotkulauta-gpad-joyride-eol\/"},"modified":"2020-02-18T19:48:13","modified_gmt":"2020-02-18T16:48:13","slug":"sahkopotkulauta-gpad-joyride-eol","status":"publish","type":"product","link":"https:\/\/www.xn--tuksimaailm-ffb.ee\/fi\/shop\/sahkopotkulauta-gpad-joyride-eol\/","title":{"rendered":"S\u00e4hk\u00f6potkulauta GPad Joyride (EOL)"},"content":{"rendered":"<p>GPad Joyride -s\u00e4hk\u00f6skootteri, kuten nimest\u00e4 voi p\u00e4\u00e4tell\u00e4, on puhdas ratsastus hauskaa ja t\u00e4ydellinen s\u00e4hk\u00f6skootteri kaupunkien ty\u00f6matkustajille! Ilmarenkaat ja etulokasuoja takaavat tasaisen ajon kaupunkimaastossa, reunakivill\u00e4 ja urilla, ja akku kest\u00e4\u00e4 yhdell\u00e4 latauksella 40 km, mik\u00e4 riitt\u00e4\u00e4 p\u00e4ivitt\u00e4iseen koulu- tai ty\u00f6matkaan.<\/p>\n<p style=\"caret-color: #000000; color: #000000;\"><strong>HUOM: Gpad Joyride -s\u00e4hk\u00f6skootteri on loppunut varastosta.<\/strong>\u00a0<strong>Suosittelemme\u00a0<\/strong><a><strong>Segway Ninebot Max G30<\/strong><\/a><strong>\u00a0ja\u00a0<\/strong><a><strong>Velt Smart Scooter X8 Pro<\/strong><\/a><strong>\u00a0-s\u00e4hk\u00f6skoottereitalaadukkaina vaihtoehtoina.<\/strong><\/p>\n<p style=\"caret-color: #000000; color: #000000;\">GPad Joyridesta on my\u00f6s\u00a0<a href=\"http:\/\/www.xn--tuksimaailm-ffb.ee\/shop\/elektritouks-gpad-joyride-eco\/\">Eco-versio<\/a>, joka eroaa p\u00e4\u00e4asiassa alhaisemman hinnan ja lyhyemm\u00e4n ajomatkan osalta, sek\u00e4\u00a0<a href=\"http:\/\/www.xn--tuksimaailm-ffb.ee\/shop\/elektritouks-gpad-joyride-fix\/\">Fix-versio<\/a>, jossa on hieman erilainen muotoilu ja ajotyyli. Laadukkaat<strong>10<\/strong>\u00a0tuuman CST-ilmarenkaat ja\u00a0<strong>takalevyjarru<\/strong>takaavat tukevan ja turvallisen pys\u00e4htymisen. Etu- ja ilmarenkaat antavat e-trike-ajoneuvolle pitoa ja pehment\u00e4v\u00e4t kuoppien aiheuttamia iskuja ja t\u00e4rin\u00e4\u00e4.<\/p>\n<p style=\"caret-color: #000000; color: #000000;\">Jarru- ja etuvalaisimien sek\u00e4 sivuilla olevien heijastimien ansiosta muut tienk\u00e4ytt\u00e4j\u00e4t n\u00e4kev\u00e4t sinut hyvin. Joyride on\u00a0<strong>kokoontaitettava<\/strong>\u00a0s\u00e4hk\u00f6skootteri. S\u00e4hk\u00f6k\u00e4ytt\u00f6 taittuu eturenkaan p\u00e4\u00e4lle, ja voit taittaa my\u00f6s ohjaustangon. N\u00e4in s\u00e4hk\u00f6ajo mahtuu auton takakonttiin, kodin s\u00e4ilytystilaan tai laukkuun. Ohjaustangon korkeutta voi s\u00e4\u00e4t\u00e4\u00e4 pikakiinnikkeell\u00e4. Tarvittaessa linssi voidaan vaihtaa kiinte\u00e4\u00e4n linssiin. GPad Joyride -s\u00e4hk\u00f6potkulauta painaa\u00a0<strong>15 kg<\/strong>\u00a0ja on helposti siirrett\u00e4viss\u00e4. Saatavana\u00a0<strong>mustana<\/strong>\u00a0ja\u00a0<strong>valkoisena<\/strong>\u00a0e-drive. GPad Joyride e-skootterilla voi ajaa jopa\u00a0<strong>40 km<\/strong>\u00a0yhdell\u00e4 latauksella. Tehokas akku\u00a0<strong>(48V, 13Ah)<\/strong>\u00a0takaa tehokkaan etenemisen my\u00f6s yl\u00e4m\u00e4keen ajettaessa.<\/p>\n<p style=\"caret-color: #000000; color: #000000;\">Joyride on mitoitettu\u00a0<strong>25km\/h\u00a0<\/strong>nopeuteen, mutta se on paljon tehokkaampi ja voi saavuttaa jopa<strong>\u00a035km\/h<\/strong>\u00a0nopeuden muutetun virityksen j\u00e4lkeen. Akun t\u00e4yteen lataaminen kest\u00e4\u00e4 noin\u00a0<strong>7 tuntia<\/strong>\u00a0laturista riippuen. Lataustasku sijaitsee p\u00f6yd\u00e4n vasemmassa etuosassa ja sit\u00e4 peitt\u00e4\u00e4 korkki, joka on aina kiinnitett\u00e4v\u00e4 tukevasti. Ohjaustangossa oleva LCD-n\u00e4ytt\u00f6 n\u00e4ytt\u00e4\u00e4 nopeuden, akun tilan, varusteet ja ajokilometrit. N\u00e4ytt\u00f6 siirtyy lepotilaan akkuvirran s\u00e4\u00e4st\u00e4miseksi, jos n\u00e4ytt\u00f6\u00e4 ei ole k\u00e4ytetty 3 minuuttiin. Skootterissa on kolme vaihdetta ja vakionopeudens\u00e4\u00e4din pidempi\u00e4 ajoja varten. Suosittelemme k\u00e4ytt\u00e4m\u00e4\u00e4n kyp\u00e4r\u00e4\u00e4 aina! Katso lis\u00e4\u00e4 s\u00e4hk\u00f6traktoreita\u00a0<a href=\"http:\/\/www.xn--tuksimaailm-ffb.ee\/tootekategooria\/elektritoukeratas\/\">t\u00e4\u00e4lt\u00e4<\/a>!<\/p>\n<p style=\"text-align: right;\"><a href=\"https:\/\/fortunati.eu\/\" target=\"_blank\" rel=\"noopener noreferrer\">Fortunati<\/a><\/p>\n","protected":false},"excerpt":{"rendered":"<p>GPad Joyride -s\u00e4hk\u00f6skootteri, kuten nimest\u00e4 voi p\u00e4\u00e4tell\u00e4, on puhdas ratsastus hauskaa ja t\u00e4ydellinen s\u00e4hk\u00f6skootteri kaupunkien ty\u00f6matkustajille! Ilmarenkaat ja etulokasuoja takaavat tasaisen ajon kaupunkimaastossa, reunakivill\u00e4 ja urilla, ja akku kest\u00e4\u00e4 yhdell\u00e4 latauksella 40 km, mik\u00e4 riitt\u00e4\u00e4 p\u00e4ivitt\u00e4iseen koulu- tai ty\u00f6matkaan. HUOM: Gpad Joyride -s\u00e4hk\u00f6skootteri on loppunut varastosta.\u00a0Suosittelemme\u00a0Segway Ninebot Max G30\u00a0ja\u00a0Velt Smart &hellip;<\/p>\n","protected":false},"featured_media":21938,"template":"","meta":[],"product_brand":[],"product_cat":[926],"product_tag":[],"filter_elektritoukeratas":[],"class_list":{"0":"post-50848","1":"product","2":"type-product","3":"status-publish","4":"has-post-thumbnail","6":"product_cat-sahkopotkulaudat-fi","7":"pa_colour-musta","8":"pa_colour-vaalea","9":"pa_mootorite-arv-uhe-mootoriga-fi","10":"pa_tootetuup-elektritoukeratas-fi","11":"pa_valmistaja-gpad-fi","13":"first","14":"outofstock","15":"taxable","16":"shipping-taxable","17":"purchasable","18":"product-type-simple"},"yoast_head":"<!-- This site is optimized with the Yoast SEO Premium plugin v26.8 (Yoast SEO v27.5) - https:\/\/yoast.com\/product\/yoast-seo-premium-wordpress\/ -->\n<title>S\u00e4hk\u00f6potkulauta GPad Joyride (EOL) | T\u00f5uksimaailm<\/title>\n<meta name=\"description\" content=\"E-t\u00f5uks GPad Joyride, nagu ka nimigi \u00fctleb, on s\u00f5itmise puhas r\u00f5\u00f5m! Kokkupandav 10&#039;&#039; elektrit\u00f5uks on unistuste kaaslane linnamaastikul.\" \/>\n<meta name=\"robots\" content=\"index, follow, max-snippet:-1, max-image-preview:large, max-video-preview:-1\" \/>\n<link rel=\"canonical\" href=\"https:\/\/www.xn--tuksimaailm-ffb.ee\/fi\/shop\/sahkopotkulauta-gpad-joyride-eol\/\" \/>\n<meta property=\"og:locale\" content=\"fi_FI\" \/>\n<meta property=\"og:type\" content=\"article\" \/>\n<meta property=\"og:title\" content=\"S\u00e4hk\u00f6potkulauta GPad Joyride (EOL)\" \/>\n<meta property=\"og:description\" content=\"E-t\u00f5uks GPad Joyride, nagu ka nimigi \u00fctleb, on s\u00f5itmise puhas r\u00f5\u00f5m! Kokkupandav 10&#039;&#039; elektrit\u00f5uks on unistuste kaaslane linnamaastikul.\" \/>\n<meta property=\"og:url\" content=\"https:\/\/www.xn--tuksimaailm-ffb.ee\/fi\/shop\/sahkopotkulauta-gpad-joyride-eol\/\" \/>\n<meta property=\"og:site_name\" content=\"T\u00f5uksimaailm\" \/>\n<meta property=\"article:publisher\" content=\"https:\/\/www.facebook.com\/touksimaailm\/\" \/>\n<meta property=\"og:image\" content=\"https:\/\/www.xn--tuksimaailm-ffb.ee\/wp-content\/uploads\/2020\/02\/E-to\u0303uks-GPad-Joyride-1.jpg\" \/>\n\t<meta property=\"og:image:width\" content=\"768\" \/>\n\t<meta property=\"og:image:height\" content=\"768\" \/>\n\t<meta property=\"og:image:type\" content=\"image\/jpeg\" \/>\n<meta name=\"twitter:card\" content=\"summary_large_image\" \/>\n<meta name=\"twitter:label1\" content=\"Hinta\" \/>\n\t<meta name=\"twitter:data1\" content=\"&euro;799.99\" \/>\n\t<meta name=\"twitter:label2\" content=\"Saatavuus\" \/>\n\t<meta name=\"twitter:data2\" content=\"Loppu varastosta\" \/>\n<meta property=\"product:price:amount\" content=\"799.99\" \/>\n<meta property=\"product:price:currency\" content=\"EUR\" \/>\n<meta property=\"og:availability\" content=\"out of stock\" \/>\n<meta property=\"product:availability\" content=\"out of stock\" \/>\n<meta property=\"product:retailer_item_id\" content=\"GPad_Joyride\" \/>\n<meta property=\"product:condition\" content=\"new\" \/>\n<!-- \/ Yoast SEO Premium plugin. -->","yoast_head_json":{"title":"S\u00e4hk\u00f6potkulauta GPad Joyride (EOL) | T\u00f5uksimaailm","description":"E-t\u00f5uks GPad Joyride, nagu ka nimigi \u00fctleb, on s\u00f5itmise puhas r\u00f5\u00f5m! Kokkupandav 10'' elektrit\u00f5uks on unistuste kaaslane linnamaastikul.","robots":{"index":"index","follow":"follow","max-snippet":"max-snippet:-1","max-image-preview":"max-image-preview:large","max-video-preview":"max-video-preview:-1"},"canonical":"https:\/\/www.xn--tuksimaailm-ffb.ee\/fi\/shop\/sahkopotkulauta-gpad-joyride-eol\/","og_locale":"fi_FI","og_type":"article","og_title":"S\u00e4hk\u00f6potkulauta GPad Joyride (EOL)","og_description":"E-t\u00f5uks GPad Joyride, nagu ka nimigi \u00fctleb, on s\u00f5itmise puhas r\u00f5\u00f5m! Kokkupandav 10'' elektrit\u00f5uks on unistuste kaaslane linnamaastikul.","og_url":"https:\/\/www.xn--tuksimaailm-ffb.ee\/fi\/shop\/sahkopotkulauta-gpad-joyride-eol\/","og_site_name":"T\u00f5uksimaailm","article_publisher":"https:\/\/www.facebook.com\/touksimaailm\/","og_image":[{"width":768,"height":768,"url":"https:\/\/www.xn--tuksimaailm-ffb.ee\/wp-content\/uploads\/2020\/02\/E-to\u0303uks-GPad-Joyride-1.jpg","type":"image\/jpeg"}],"twitter_card":"summary_large_image","twitter_misc":{"Hinta":"&euro;799.99","Saatavuus":"Loppu varastosta"},"schema":{"@context":"https:\/\/schema.org","@graph":[{"@type":"WebPage","@id":"https:\/\/www.xn--tuksimaailm-ffb.ee\/fi\/shop\/sahkopotkulauta-gpad-joyride-eol\/","url":"https:\/\/www.xn--tuksimaailm-ffb.ee\/fi\/shop\/sahkopotkulauta-gpad-joyride-eol\/","name":"S\u00e4hk\u00f6potkulauta GPad Joyride (EOL) | T\u00f5uksimaailm","isPartOf":{"@id":"https:\/\/www.xn--tuksimaailm-ffb.ee\/fi\/#website"},"primaryImageOfPage":{"@id":"https:\/\/www.xn--tuksimaailm-ffb.ee\/fi\/shop\/sahkopotkulauta-gpad-joyride-eol\/#primaryimage"},"image":{"@id":"https:\/\/www.xn--tuksimaailm-ffb.ee\/fi\/shop\/sahkopotkulauta-gpad-joyride-eol\/#primaryimage"},"thumbnailUrl":"https:\/\/www.xn--tuksimaailm-ffb.ee\/wp-content\/uploads\/2020\/02\/E-to\u0303uks-GPad-Joyride-1.jpg","datePublished":"2020-02-18T19:48:13+00:00","description":"E-t\u00f5uks GPad Joyride, nagu ka nimigi \u00fctleb, on s\u00f5itmise puhas r\u00f5\u00f5m! Kokkupandav 10'' elektrit\u00f5uks on unistuste kaaslane linnamaastikul.","breadcrumb":{"@id":"https:\/\/www.xn--tuksimaailm-ffb.ee\/fi\/shop\/sahkopotkulauta-gpad-joyride-eol\/#breadcrumb"},"inLanguage":"fi","potentialAction":[{"@type":"ReadAction","target":["https:\/\/www.xn--tuksimaailm-ffb.ee\/fi\/shop\/sahkopotkulauta-gpad-joyride-eol\/"]}]},{"@type":"ImageObject","inLanguage":"fi","@id":"https:\/\/www.xn--tuksimaailm-ffb.ee\/fi\/shop\/sahkopotkulauta-gpad-joyride-eol\/#primaryimage","url":"https:\/\/www.xn--tuksimaailm-ffb.ee\/wp-content\/uploads\/2020\/02\/E-to\u0303uks-GPad-Joyride-1.jpg","contentUrl":"https:\/\/www.xn--tuksimaailm-ffb.ee\/wp-content\/uploads\/2020\/02\/E-to\u0303uks-GPad-Joyride-1.jpg","width":768,"height":768},{"@type":"BreadcrumbList","@id":"https:\/\/www.xn--tuksimaailm-ffb.ee\/fi\/shop\/sahkopotkulauta-gpad-joyride-eol\/#breadcrumb","itemListElement":[{"@type":"ListItem","position":1,"name":"Home","item":"https:\/\/www.xn--tuksimaailm-ffb.ee\/fi\/kotisivu\/"},{"@type":"ListItem","position":2,"name":"Kauppa","item":"https:\/\/www.xn--tuksimaailm-ffb.ee\/elektritoukerataste-pood\/"},{"@type":"ListItem","position":3,"name":"S\u00e4hk\u00f6potkulauta GPad Joyride (EOL)"}]},{"@type":"WebSite","@id":"https:\/\/www.xn--tuksimaailm-ffb.ee\/fi\/#website","url":"https:\/\/www.xn--tuksimaailm-ffb.ee\/fi\/","name":"T\u00f5uksimaailm","description":"Elektrit\u00f5ukerataste m\u00fc\u00fck, remont ja rent","publisher":{"@id":"https:\/\/www.xn--tuksimaailm-ffb.ee\/fi\/#organization"},"potentialAction":[{"@type":"SearchAction","target":{"@type":"EntryPoint","urlTemplate":"https:\/\/www.xn--tuksimaailm-ffb.ee\/fi\/?s={search_term_string}"},"query-input":{"@type":"PropertyValueSpecification","valueRequired":true,"valueName":"search_term_string"}}],"inLanguage":"fi"},{"@type":"Organization","@id":"https:\/\/www.xn--tuksimaailm-ffb.ee\/fi\/#organization","name":"T\u00f5uksimaailm","url":"https:\/\/www.xn--tuksimaailm-ffb.ee\/fi\/","logo":{"@type":"ImageObject","inLanguage":"fi","@id":"https:\/\/www.xn--tuksimaailm-ffb.ee\/fi\/#\/schema\/logo\/image\/","url":"https:\/\/www.xn--tuksimaailm-ffb.ee\/wp-content\/uploads\/2020\/01\/logoz-e1579792875517.png","contentUrl":"https:\/\/www.xn--tuksimaailm-ffb.ee\/wp-content\/uploads\/2020\/01\/logoz-e1579792875517.png","width":250,"height":250,"caption":"T\u00f5uksimaailm"},"image":{"@id":"https:\/\/www.xn--tuksimaailm-ffb.ee\/fi\/#\/schema\/logo\/image\/"},"sameAs":["https:\/\/www.facebook.com\/touksimaailm\/","https:\/\/www.instagram.com\/touksimaailm_\/","https:\/\/www.youtube.com\/channel\/UC18ml0EKIDLP1xGuQjFzcXQ"]}]},"product_price_amount":"799.99","product_price_currency":"EUR","og_availability":"out of stock","product_availability":"out of stock","product_retailer_item_id":"GPad_Joyride","product_condition":"new"},"jetpack_sharing_enabled":true,"_links":{"self":[{"href":"https:\/\/www.xn--tuksimaailm-ffb.ee\/fi\/wp-json\/wp\/v2\/product\/50848","targetHints":{"allow":["GET"]}}],"collection":[{"href":"https:\/\/www.xn--tuksimaailm-ffb.ee\/fi\/wp-json\/wp\/v2\/product"}],"about":[{"href":"https:\/\/www.xn--tuksimaailm-ffb.ee\/fi\/wp-json\/wp\/v2\/types\/product"}],"wp:featuredmedia":[{"embeddable":true,"href":"https:\/\/www.xn--tuksimaailm-ffb.ee\/fi\/wp-json\/wp\/v2\/media\/21938"}],"wp:attachment":[{"href":"https:\/\/www.xn--tuksimaailm-ffb.ee\/fi\/wp-json\/wp\/v2\/media?parent=50848"}],"wp:term":[{"taxonomy":"product_brand","embeddable":true,"href":"https:\/\/www.xn--tuksimaailm-ffb.ee\/fi\/wp-json\/wp\/v2\/product_brand?post=50848"},{"taxonomy":"product_cat","embeddable":true,"href":"https:\/\/www.xn--tuksimaailm-ffb.ee\/fi\/wp-json\/wp\/v2\/product_cat?post=50848"},{"taxonomy":"product_tag","embeddable":true,"href":"https:\/\/www.xn--tuksimaailm-ffb.ee\/fi\/wp-json\/wp\/v2\/product_tag?post=50848"},{"taxonomy":"filter_elektritoukeratas","embeddable":true,"href":"https:\/\/www.xn--tuksimaailm-ffb.ee\/fi\/wp-json\/wp\/v2\/filter_elektritoukeratas?post=50848"}],"curies":[{"name":"wp","href":"https:\/\/api.w.org\/{rel}","templated":true}]}}