{"id":50852,"date":"2020-01-23T12:54:20","date_gmt":"2020-01-23T09:54:20","guid":{"rendered":"http:\/\/www.xn--tuksimaailm-ffb.ee\/shop\/sahkopotkulauta-xiaomi-mi-m365-eol\/"},"modified":"2020-01-23T12:54:20","modified_gmt":"2020-01-23T09:54:20","slug":"sahkopotkulauta-xiaomi-mi-m365-eol","status":"publish","type":"product","link":"https:\/\/www.xn--tuksimaailm-ffb.ee\/fi\/shop\/sahkopotkulauta-xiaomi-mi-m365-eol\/","title":{"rendered":"S\u00e4hk\u00f6potkulauta Xiaomi Mi M365 (EOL)"},"content":{"rendered":"<p style=\"caret-color: #000000; color: #000000;\">Minimalistisen modernin muotoilun ansiosta Xiaomi Mi M365 -s\u00e4hk\u00f6potkulauta on k\u00e4ytt\u00e4j\u00e4yst\u00e4v\u00e4llinen ja helppok\u00e4ytt\u00f6inen. Punaiset viivat tuovat muotoiluun lis\u00e4maustetta, ja kaareva alusta on mukava k\u00e4ytt\u00e4\u00e4 ja kaunis katsella.\u00a0<strong>Huomautus: Xiaomi M365 -s\u00e4hk\u00f6skootteri on loppunut tuotannosta.<\/strong>\u00a0<a><strong>Xiaomi Mi 1S<\/strong><\/a><strong>\u00a0ja\u00a0<\/strong><a><strong>Xiaomi Mi Pro 2<\/strong><\/a><strong>\u00a0-s\u00e4hk\u00f6skootterit ovat mukana.<\/strong>\u00a0Alumiiniseosrungon ansiosta Xiaomi MI on kest\u00e4v\u00e4 ja s\u00e4\u00e4nkest\u00e4v\u00e4 ja painaa vain\u00a0<strong>12,5 kg.<\/strong>\u00a0Xiaomi Mi -s\u00e4hk\u00f6skootteri voidaan koota ilman suurempaa vaivaa vet\u00e4m\u00e4ll\u00e4 ohjaustangon p\u00e4\u00e4ll\u00e4 olevasta vivusta. Kevyen painonsa ja pienen kokonsa ansiosta sit\u00e4 on k\u00e4tev\u00e4 liikutella ymp\u00e4ri kaupunkia tai kuljettaa mukana taitettuna.<\/p>\n<p style=\"caret-color: #000000; color: #000000;\">Xiaomi Mi -s\u00e4hk\u00f6skootteri voi kulkea jopa\u00a0<strong>30 km<\/strong>\u00a0yhdell\u00e4 latauksella. Tehokas akku ja moottori takaavat tehokkaan etenemisen my\u00f6s yl\u00e4m\u00e4keen ment\u00e4ess\u00e4. Xiaomi Mi:n valmistajan nopeus on\u00a0<strong>25km\/h<\/strong>. Nopeutta hallitaan sujuvasti ohjaustangolla, joka on varustettu liukumattomilla kahvoilla. Xiaomi Mi -s\u00e4hk\u00f6polkupy\u00f6r\u00e4ss\u00e4 on etu- ja takajarrut, eABS-j\u00e4rjestelm\u00e4 ja lukkiutumisenestoj\u00e4rjestelm\u00e4, jotka takaavat tukevan, turvallisen ja nopean pys\u00e4htymisen vain\u00a0<strong>4<\/strong>metriss\u00e4. Jarrutettaessa jarruvalo syttyy, jolloin olet paremmin muiden kuljettajien havaittavissa. Akun t\u00e4yteen lataaminen kest\u00e4\u00e4 noin\u00a0<strong>5 tuntia<\/strong>.<\/p>\n<p style=\"caret-color: #000000; color: #000000;\">Xiaomi Mi -s\u00e4hk\u00f6skootteri on varustettu eritt\u00e4in tehokkaalla\u00a0<strong>1,1 W:n<\/strong>\u00a0ajovalolla, jonka valons\u00e4de ulottuu jopa 6 metrin p\u00e4\u00e4h\u00e4n. Ohjaustangossa olevan LCD-n\u00e4yt\u00f6n avulla voit vaihtaa s\u00e4hk\u00f6skootterin joko urheilu- tai s\u00e4\u00e4st\u00f6tilaan, ja n\u00e4yt\u00f6ll\u00e4 n\u00e4kyy my\u00f6s akun tila. Voit k\u00e4ynnist\u00e4\u00e4 Xiaomi Mi -s\u00e4hk\u00f6skootterin painamalla painiketta lyhyesti, ja sammuttaa sen pit\u00e4m\u00e4ll\u00e4 painiketta alhaalla. Jos s\u00e4hk\u00f6skootteri on jo kytketty p\u00e4\u00e4lle, sinun on painettava painiketta kerran kytke\u00e4ksesi valot p\u00e4\u00e4lle ja pois ja kaksi kertaa vaihtaaksesi s\u00e4\u00e4st\u00f6- ja urheilutilan v\u00e4lill\u00e4.<\/p>\n<p style=\"caret-color: #000000; color: #000000;\">Suosittelemme, ett\u00e4 k\u00e4yt\u00e4t aina kyp\u00e4r\u00e4\u00e4, kun ajat s\u00e4hk\u00f6k\u00e4ytt\u00f6isell\u00e4 nostimella! Jos haluat testata skootteria ennen ostoa, varmistaaksesi, ett\u00e4 se nousee alueesi kukkuloille, tai varmistaaksesi, ett\u00e4 se kulkee ajotyylillesi sopivan matkan, voit\u00a0<a href=\"http:\/\/www.xn--tuksimaailm-ffb.ee\/elektrilise-toukeratta-rent\/\">vuokrata<\/a>\u00a0sen meilt\u00e4 tunniksi, p\u00e4iv\u00e4ksi tai jopa viikoksi! Jos haluat n\u00e4hd\u00e4 lis\u00e4\u00e4\u00a0<a href=\"http:\/\/www.xn--tuksimaailm-ffb.ee\/tootekategooria\/elektritoukeratas\/\">s\u00e4hk\u00f6skoottereita<\/a>, klikkaa t\u00e4st\u00e4 -\u00a0<a href=\"http:\/\/www.xn--tuksimaailm-ffb.ee\/tootekategooria\/elektritoukeratas\/\">S\u00e4hk\u00f6skootteri<\/a>.<\/p>\n<p style=\"text-align: right;\"><a href=\"https:\/\/www.mi.com\/global\/mi-electric-scooter\">Mi electric scooter<\/a><\/p>\n","protected":false},"excerpt":{"rendered":"<p>Minimalistisen modernin muotoilun ansiosta Xiaomi Mi M365 -s\u00e4hk\u00f6potkulauta on k\u00e4ytt\u00e4j\u00e4yst\u00e4v\u00e4llinen ja helppok\u00e4ytt\u00f6inen. Punaiset viivat tuovat muotoiluun lis\u00e4maustetta, ja kaareva alusta on mukava k\u00e4ytt\u00e4\u00e4 ja kaunis katsella.\u00a0Huomautus: Xiaomi M365 -s\u00e4hk\u00f6skootteri on loppunut tuotannosta.\u00a0Xiaomi Mi 1S\u00a0ja\u00a0Xiaomi Mi Pro 2\u00a0-s\u00e4hk\u00f6skootterit ovat mukana.\u00a0Alumiiniseosrungon ansiosta Xiaomi MI on kest\u00e4v\u00e4 ja s\u00e4\u00e4nkest\u00e4v\u00e4 ja painaa vain\u00a012,5 kg.\u00a0Xiaomi &hellip;<\/p>\n","protected":false},"featured_media":21899,"template":"","meta":[],"product_brand":[],"product_cat":[926],"product_tag":[],"filter_elektritoukeratas":[],"class_list":{"0":"post-50852","1":"product","2":"type-product","3":"status-publish","4":"has-post-thumbnail","6":"product_cat-sahkopotkulaudat-fi","7":"pa_colour-musta","8":"pa_mootorite-arv-uhe-mootoriga-fi","9":"pa_tootetuup-elektritoukeratas-fi","10":"pa_valmistaja-xiaomi-fi","12":"first","13":"outofstock","14":"taxable","15":"shipping-taxable","16":"purchasable","17":"product-type-simple"},"yoast_head":"<!-- This site is optimized with the Yoast SEO Premium plugin v26.8 (Yoast SEO v27.5) - https:\/\/yoast.com\/product\/yoast-seo-premium-wordpress\/ -->\n<title>Xiaomi Mi M365 T\u00f5uksimaailm Elektrit\u00f5uksid Elektriline t\u00f5ukeratas<\/title>\n<meta name=\"description\" content=\"Xiaomi Mi M365 elektriline t\u00f5ukeratas on parim valik just sulle! Xiaomi ilusa disainiga elektrit\u00f5uks, mis on kruiisimiseks loodud.\" \/>\n<meta name=\"robots\" content=\"index, follow, max-snippet:-1, max-image-preview:large, max-video-preview:-1\" \/>\n<link rel=\"canonical\" href=\"https:\/\/www.xn--tuksimaailm-ffb.ee\/fi\/shop\/sahkopotkulauta-xiaomi-mi-m365-eol\/\" \/>\n<meta property=\"og:locale\" content=\"fi_FI\" \/>\n<meta property=\"og:type\" content=\"article\" \/>\n<meta property=\"og:title\" content=\"S\u00e4hk\u00f6potkulauta Xiaomi Mi M365 (EOL)\" \/>\n<meta property=\"og:description\" content=\"Xiaomi Mi M365 elektriline t\u00f5ukeratas on parim valik just sulle! Xiaomi ilusa disainiga elektrit\u00f5uks, mis on kruiisimiseks loodud.\" \/>\n<meta property=\"og:url\" content=\"https:\/\/www.xn--tuksimaailm-ffb.ee\/fi\/shop\/sahkopotkulauta-xiaomi-mi-m365-eol\/\" \/>\n<meta property=\"og:site_name\" content=\"T\u00f5uksimaailm\" \/>\n<meta property=\"article:publisher\" content=\"https:\/\/www.facebook.com\/touksimaailm\/\" \/>\n<meta property=\"og:image\" content=\"https:\/\/www.xn--tuksimaailm-ffb.ee\/wp-content\/uploads\/2020\/01\/xiaomiscooter__02985.1555291830.500.500.jpg\" \/>\n\t<meta property=\"og:image:width\" content=\"500\" \/>\n\t<meta property=\"og:image:height\" content=\"400\" \/>\n\t<meta property=\"og:image:type\" content=\"image\/jpeg\" \/>\n<meta name=\"twitter:card\" content=\"summary_large_image\" \/>\n<meta name=\"twitter:label1\" content=\"Hinta\" \/>\n\t<meta name=\"twitter:data1\" content=\"&euro;399.00\" \/>\n\t<meta name=\"twitter:label2\" content=\"Saatavuus\" \/>\n\t<meta name=\"twitter:data2\" content=\"Loppu varastosta\" \/>\n<meta property=\"product:price:amount\" content=\"399.00\" \/>\n<meta property=\"product:price:currency\" content=\"EUR\" \/>\n<meta property=\"og:availability\" content=\"out of stock\" \/>\n<meta property=\"product:availability\" content=\"out of stock\" \/>\n<meta property=\"product:retailer_item_id\" content=\"Xiaomi_Mi_M360\" \/>\n<meta property=\"product:condition\" content=\"new\" \/>\n<!-- \/ Yoast SEO Premium plugin. -->","yoast_head_json":{"title":"Xiaomi Mi M365 T\u00f5uksimaailm Elektrit\u00f5uksid Elektriline t\u00f5ukeratas","description":"Xiaomi Mi M365 elektriline t\u00f5ukeratas on parim valik just sulle! Xiaomi ilusa disainiga elektrit\u00f5uks, mis on kruiisimiseks loodud.","robots":{"index":"index","follow":"follow","max-snippet":"max-snippet:-1","max-image-preview":"max-image-preview:large","max-video-preview":"max-video-preview:-1"},"canonical":"https:\/\/www.xn--tuksimaailm-ffb.ee\/fi\/shop\/sahkopotkulauta-xiaomi-mi-m365-eol\/","og_locale":"fi_FI","og_type":"article","og_title":"S\u00e4hk\u00f6potkulauta Xiaomi Mi M365 (EOL)","og_description":"Xiaomi Mi M365 elektriline t\u00f5ukeratas on parim valik just sulle! Xiaomi ilusa disainiga elektrit\u00f5uks, mis on kruiisimiseks loodud.","og_url":"https:\/\/www.xn--tuksimaailm-ffb.ee\/fi\/shop\/sahkopotkulauta-xiaomi-mi-m365-eol\/","og_site_name":"T\u00f5uksimaailm","article_publisher":"https:\/\/www.facebook.com\/touksimaailm\/","og_image":[{"width":500,"height":400,"url":"https:\/\/www.xn--tuksimaailm-ffb.ee\/wp-content\/uploads\/2020\/01\/xiaomiscooter__02985.1555291830.500.500.jpg","type":"image\/jpeg"}],"twitter_card":"summary_large_image","twitter_misc":{"Hinta":"&euro;399.00","Saatavuus":"Loppu varastosta"},"schema":{"@context":"https:\/\/schema.org","@graph":[{"@type":"WebPage","@id":"https:\/\/www.xn--tuksimaailm-ffb.ee\/fi\/shop\/sahkopotkulauta-xiaomi-mi-m365-eol\/","url":"https:\/\/www.xn--tuksimaailm-ffb.ee\/fi\/shop\/sahkopotkulauta-xiaomi-mi-m365-eol\/","name":"Xiaomi Mi M365 T\u00f5uksimaailm Elektrit\u00f5uksid Elektriline t\u00f5ukeratas","isPartOf":{"@id":"https:\/\/www.xn--tuksimaailm-ffb.ee\/fi\/#website"},"primaryImageOfPage":{"@id":"https:\/\/www.xn--tuksimaailm-ffb.ee\/fi\/shop\/sahkopotkulauta-xiaomi-mi-m365-eol\/#primaryimage"},"image":{"@id":"https:\/\/www.xn--tuksimaailm-ffb.ee\/fi\/shop\/sahkopotkulauta-xiaomi-mi-m365-eol\/#primaryimage"},"thumbnailUrl":"https:\/\/www.xn--tuksimaailm-ffb.ee\/wp-content\/uploads\/2020\/01\/xiaomiscooter__02985.1555291830.500.500.jpg","datePublished":"2020-01-23T09:54:20+00:00","description":"Xiaomi Mi M365 elektriline t\u00f5ukeratas on parim valik just sulle! Xiaomi ilusa disainiga elektrit\u00f5uks, mis on kruiisimiseks loodud.","breadcrumb":{"@id":"https:\/\/www.xn--tuksimaailm-ffb.ee\/fi\/shop\/sahkopotkulauta-xiaomi-mi-m365-eol\/#breadcrumb"},"inLanguage":"fi","potentialAction":[{"@type":"ReadAction","target":["https:\/\/www.xn--tuksimaailm-ffb.ee\/fi\/shop\/sahkopotkulauta-xiaomi-mi-m365-eol\/"]}]},{"@type":"ImageObject","inLanguage":"fi","@id":"https:\/\/www.xn--tuksimaailm-ffb.ee\/fi\/shop\/sahkopotkulauta-xiaomi-mi-m365-eol\/#primaryimage","url":"https:\/\/www.xn--tuksimaailm-ffb.ee\/wp-content\/uploads\/2020\/01\/xiaomiscooter__02985.1555291830.500.500.jpg","contentUrl":"https:\/\/www.xn--tuksimaailm-ffb.ee\/wp-content\/uploads\/2020\/01\/xiaomiscooter__02985.1555291830.500.500.jpg","width":500,"height":400},{"@type":"BreadcrumbList","@id":"https:\/\/www.xn--tuksimaailm-ffb.ee\/fi\/shop\/sahkopotkulauta-xiaomi-mi-m365-eol\/#breadcrumb","itemListElement":[{"@type":"ListItem","position":1,"name":"Home","item":"https:\/\/www.xn--tuksimaailm-ffb.ee\/fi\/kotisivu\/"},{"@type":"ListItem","position":2,"name":"Kauppa","item":"https:\/\/www.xn--tuksimaailm-ffb.ee\/elektritoukerataste-pood\/"},{"@type":"ListItem","position":3,"name":"S\u00e4hk\u00f6potkulauta Xiaomi Mi M365 (EOL)"}]},{"@type":"WebSite","@id":"https:\/\/www.xn--tuksimaailm-ffb.ee\/fi\/#website","url":"https:\/\/www.xn--tuksimaailm-ffb.ee\/fi\/","name":"T\u00f5uksimaailm","description":"Elektrit\u00f5ukerataste m\u00fc\u00fck, remont ja rent","publisher":{"@id":"https:\/\/www.xn--tuksimaailm-ffb.ee\/fi\/#organization"},"potentialAction":[{"@type":"SearchAction","target":{"@type":"EntryPoint","urlTemplate":"https:\/\/www.xn--tuksimaailm-ffb.ee\/fi\/?s={search_term_string}"},"query-input":{"@type":"PropertyValueSpecification","valueRequired":true,"valueName":"search_term_string"}}],"inLanguage":"fi"},{"@type":"Organization","@id":"https:\/\/www.xn--tuksimaailm-ffb.ee\/fi\/#organization","name":"T\u00f5uksimaailm","url":"https:\/\/www.xn--tuksimaailm-ffb.ee\/fi\/","logo":{"@type":"ImageObject","inLanguage":"fi","@id":"https:\/\/www.xn--tuksimaailm-ffb.ee\/fi\/#\/schema\/logo\/image\/","url":"https:\/\/www.xn--tuksimaailm-ffb.ee\/wp-content\/uploads\/2020\/01\/logoz-e1579792875517.png","contentUrl":"https:\/\/www.xn--tuksimaailm-ffb.ee\/wp-content\/uploads\/2020\/01\/logoz-e1579792875517.png","width":250,"height":250,"caption":"T\u00f5uksimaailm"},"image":{"@id":"https:\/\/www.xn--tuksimaailm-ffb.ee\/fi\/#\/schema\/logo\/image\/"},"sameAs":["https:\/\/www.facebook.com\/touksimaailm\/","https:\/\/www.instagram.com\/touksimaailm_\/","https:\/\/www.youtube.com\/channel\/UC18ml0EKIDLP1xGuQjFzcXQ"]}]},"product_price_amount":"399.00","product_price_currency":"EUR","og_availability":"out of stock","product_availability":"out of stock","product_retailer_item_id":"Xiaomi_Mi_M360","product_condition":"new"},"jetpack_sharing_enabled":true,"_links":{"self":[{"href":"https:\/\/www.xn--tuksimaailm-ffb.ee\/fi\/wp-json\/wp\/v2\/product\/50852","targetHints":{"allow":["GET"]}}],"collection":[{"href":"https:\/\/www.xn--tuksimaailm-ffb.ee\/fi\/wp-json\/wp\/v2\/product"}],"about":[{"href":"https:\/\/www.xn--tuksimaailm-ffb.ee\/fi\/wp-json\/wp\/v2\/types\/product"}],"wp:featuredmedia":[{"embeddable":true,"href":"https:\/\/www.xn--tuksimaailm-ffb.ee\/fi\/wp-json\/wp\/v2\/media\/21899"}],"wp:attachment":[{"href":"https:\/\/www.xn--tuksimaailm-ffb.ee\/fi\/wp-json\/wp\/v2\/media?parent=50852"}],"wp:term":[{"taxonomy":"product_brand","embeddable":true,"href":"https:\/\/www.xn--tuksimaailm-ffb.ee\/fi\/wp-json\/wp\/v2\/product_brand?post=50852"},{"taxonomy":"product_cat","embeddable":true,"href":"https:\/\/www.xn--tuksimaailm-ffb.ee\/fi\/wp-json\/wp\/v2\/product_cat?post=50852"},{"taxonomy":"product_tag","embeddable":true,"href":"https:\/\/www.xn--tuksimaailm-ffb.ee\/fi\/wp-json\/wp\/v2\/product_tag?post=50852"},{"taxonomy":"filter_elektritoukeratas","embeddable":true,"href":"https:\/\/www.xn--tuksimaailm-ffb.ee\/fi\/wp-json\/wp\/v2\/filter_elektritoukeratas?post=50852"}],"curies":[{"name":"wp","href":"https:\/\/api.w.org\/{rel}","templated":true}]}}