{"id":51015,"date":"2024-07-03T12:56:16","date_gmt":"2024-07-03T09:56:16","guid":{"rendered":"http:\/\/www.xn--tuksimaailm-ffb.ee\/shop\/ado-air-20-pro-sahkopolkupyora\/"},"modified":"2024-07-03T12:56:16","modified_gmt":"2024-07-03T09:56:16","slug":"ado-air-20-pro-sahkopolkupyora","status":"publish","type":"product","link":"https:\/\/www.xn--tuksimaailm-ffb.ee\/fi\/shop\/ado-air-20-pro-sahkopolkupyora\/","title":{"rendered":"ADO Air 20 Pro s\u00e4hk\u00f6polkupy\u00f6r\u00e4"},"content":{"rendered":"<h2 style=\"text-align: center;\">ADO AIR 20 PRO S\u00c4HK\u00d6POLKUPY\u00d6R\u00c4 TUOTEKUVAUS<\/h2>\n<p style=\"caret-color: #000000; color: #000000;\">Esittelyss\u00e4 on ADO Air 20 Pro -s\u00e4hk\u00f6py\u00f6r\u00e4, joka on t\u00e4ydellinen yhdistelm\u00e4 huipputeknologiaa ja vertaansa vailla olevaa mukavuutta nykyaikaiselle kaupunkipy\u00f6r\u00e4ilij\u00e4lle ja seikkailun harrastajalle. Tyylikk\u00e4\u00e4n muotoilunsa ja vankan rakenteensa ansiosta Air 20 Pro -s\u00e4hk\u00f6py\u00f6r\u00e4 on suunniteltu tarjoamaan huippuluokan ajokokemuksen niin kaupungin kaduilla kuin mets\u00e4poluillakin. Air 20 Pro -s\u00e4hk\u00f6py\u00f6r\u00e4t on varustettu tehokkaalla\u00a0<strong>250 W:n<\/strong>\u00a0harjattavalla moottorilla, joka pystyy saavuttamaan jopa<strong>\u00a025 km\/h<\/strong>\u00a0nopeuden, joten se on ihanteellinen valinta niille, jotka haluavat lyhent\u00e4\u00e4 ty\u00f6matka-aikaansa tai yksinkertaisesti nauttia nopeasta ajosta. Air 20 Pro -s\u00e4hk\u00f6py\u00f6r\u00e4t on varustettu tehokkaalla\u00a0<strong>36V\/10,4Ah litiumioniakulla<\/strong>, joka tarjoaa erinomaisen toimintas\u00e4teen, joka on jopa\u00a0<strong>100 km<\/strong>\u00a0yhdell\u00e4 latauksella ajo-olosuhteista riippuen, joten voit tehd\u00e4 pitki\u00e4 matkoja ilman jatkuvaa lataustarvetta. Air 20 Pro -\u00e4hk\u00f6py\u00f6r\u00e4 on varustettu 20 tuuman liukuesterenkailla, jotka takaavat erinomaisen pidon kaikissa s\u00e4\u00e4- ja maasto-olosuhteissa ja tarjoavat vakautta ja turvallisuutta m\u00e4r\u00e4ll\u00e4 tai ep\u00e4tasaisella alustalla.<\/p>\n<p style=\"caret-color: #000000; color: #000000;\">Turvallisuus on etusijalla ADO Air 20 Pro -mallissa, jossa on integroidut\u00a0<strong>LED-etu- ja takavalot<\/strong>, jotka parantavat n\u00e4kyvyytt\u00e4 y\u00f6matkoilla, sek\u00e4 edistyksellinen jarruj\u00e4rjestelm\u00e4, joka sis\u00e4lt\u00e4\u00e4 sek\u00e4\u00a0<strong>etu- ett\u00e4 takahydrauliset jarrut<\/strong>, jotka takaavat luotettavan ja tasaisen jarrutuksen my\u00f6s huonolla s\u00e4\u00e4ll\u00e4. Lis\u00e4ksi py\u00f6r\u00e4ss\u00e4 on monitoiminen\u00a0<strong>LCD-n\u00e4ytt\u00f6<\/strong>, joka n\u00e4ytt\u00e4\u00e4 reaaliaikaiset tiedot nopeudesta, akun varaustilasta ja ajomatkasta, joten kuljettaja voi seurata ajotilastojaan yhdell\u00e4 silm\u00e4yksell\u00e4. Mukavuutta ei ole unohdettu, sill\u00e4 istuin ja ohjaustanko ovat s\u00e4\u00e4dett\u00e4viss\u00e4 kuljettajan eri pituuksille ja mieltymyksille sopiviksi. T\u00e4m\u00e4 s\u00e4\u00e4dett\u00e4vyys yhdistettyn\u00e4 etummaisiin iskunvaimentimiin, jotka tasoittavat kuoppia ja t\u00f6yssyj\u00e4, takaa mukavan ajomukavuuden my\u00f6s pidemmill\u00e4 matkoilla. Ado-s\u00e4hk\u00f6py\u00f6r\u00e4t on valmistettu kevyest\u00e4 mutta kest\u00e4v\u00e4st\u00e4 alumiinista, ja niiss\u00e4 on\u00a0<strong>kokoontaitettava runko<\/strong>, joten niit\u00e4 on helppo s\u00e4ilytt\u00e4\u00e4 ja kuljettaa, mik\u00e4 on ihanteellista kaupunkiymp\u00e4rist\u00f6iss\u00e4, joissa tilaa on v\u00e4h\u00e4n. Olipa tarkoituksesi ty\u00f6matkat, asiointi tai luonnonkauniiden polkujen tutkiminen, ADO Air 20 Pro -s\u00e4hk\u00f6py\u00f6r\u00e4 on suunniteltu tukemaan kaikkia matkoja luotettavasti ja tyylikk\u00e4\u00e4sti.<\/p>\n<p><iframe title=\"ADO Air 20 Pro Review - 20&quot; Foldable eBike With Carbon Belt &amp; Torque Sensor!\" width=\"1082\" height=\"609\" src=\"https:\/\/www.youtube.com\/embed\/QSWKFZ5y9iI?feature=oembed\" frameborder=\"0\" allow=\"accelerometer; autoplay; clipboard-write; encrypted-media; gyroscope; picture-in-picture; web-share\" referrerpolicy=\"strict-origin-when-cross-origin\" allowfullscreen><\/iframe><\/p>\n<h2 style=\"text-align: center;\">Turvallisuus<\/h2>\n<p style=\"caret-color: #000000; color: #000000;\"><a>Kyp\u00e4r\u00e4n<\/a>\u00a0k\u00e4ytt\u00f6 on eritt\u00e4in suositeltavaa kaikille aikuisille s\u00e4hk\u00f6py\u00f6r\u00e4ilij\u00f6ille. Alle 16-vuotiaiden on\u00a0<a href=\"https:\/\/www.riigiteataja.ee\/akt\/113112020001\">lain<\/a>\u00a0mukaan k\u00e4ytett\u00e4v\u00e4 kyp\u00e4r\u00e4\u00e4 s\u00e4hk\u00f6py\u00f6r\u00e4ll\u00e4 ajaessaan. Kaikki s\u00e4hk\u00f6py\u00f6r\u00e4t l\u00f6ytyv\u00e4t\u00a0<a href=\"http:\/\/www.xn--tuksimaailm-ffb.ee\/tootekategooria\/elektritoukeratas\/\"><strong>t\u00e4\u00e4lt\u00e4<\/strong><\/a>.<\/p>\n<p style=\"caret-color: #000000; color: #000000;\"><strong>Kun ostat s\u00e4hk\u00f6py\u00f6r\u00e4n liikkeest\u00e4mme, saat kaikki\u00a0<\/strong><a href=\"http:\/\/www.xn--tuksimaailm-ffb.ee\/tootekategooria\/lisavarustus\/\"><strong>lis\u00e4varusteet<\/strong><\/a><strong>\u00a0<\/strong><strong>s\u00e4hk\u00f6py\u00f6r\u00e4n oston yhteydess\u00e4 -20%!<\/strong><\/p>\n<table class=\"tg\" style=\"max-width: 600px; margin-right: auto; margin-bottom: 0px; margin-left: auto; width: 82.6085%; height: 406px;\">\n<tbody>\n<tr style=\"height: 27px;\">\n<td style=\"font-size: 14px; padding: 5px; border-style: solid; background-color: #e4e1e1; color: #333333; font-weight: bold; overflow: hidden; text-align: center; vertical-align: top; word-break: normal; height: 27px; width: 99.66329966329965%;\" colspan=\"2\" data-darkreader-inline-bgcolor=\"\" data-darkreader-inline-color=\"\">Tekniset tiedot<\/td>\n<\/tr>\n<tr style=\"height: 27px;\">\n<td style=\"font-size: 14px; padding: 5px; border-style: solid; background-color: #e4e1e1; color: #333333; font-weight: bold; overflow: hidden; text-align: right; vertical-align: top; word-break: normal; height: 27px; width: 54.71380471380471%;\" data-darkreader-inline-bgcolor=\"\" data-darkreader-inline-color=\"\">Malli<\/td>\n<td style=\"font-size: 14px; padding: 5px; border-style: solid; overflow: hidden; text-align: center; vertical-align: top; word-break: normal; height: 27px; width: 44.94949494949495%;\">ADO Air 20 Pro<\/td>\n<\/tr>\n<tr style=\"height: 27px;\">\n<td style=\"font-size: 14px; padding: 5px; border-style: solid; background-color: #e4e1e1; color: #333333; font-weight: bold; overflow: hidden; text-align: right; vertical-align: top; word-break: normal; height: 27px; width: 54.71380471380471%;\" data-darkreader-inline-bgcolor=\"\" data-darkreader-inline-color=\"\">Akku<\/td>\n<td style=\"font-size: 14px; padding: 5px; border-style: solid; overflow: hidden; text-align: center; vertical-align: top; word-break: normal; height: 27px; width: 44.94949494949495%;\">36V \/ 9.6Ah 345.6Wh<\/td>\n<\/tr>\n<tr style=\"height: 27px;\">\n<td style=\"font-size: 14px; padding: 5px; border-style: solid; background-color: #e4e1e1; color: #333333; font-weight: bold; overflow: hidden; text-align: right; vertical-align: top; word-break: normal; height: 27px; width: 54.71380471380471%;\" data-darkreader-inline-bgcolor=\"\" data-darkreader-inline-color=\"\">Latausaika<\/td>\n<td style=\"font-size: 14px; padding: 5px; border-style: solid; overflow: hidden; text-align: center; vertical-align: top; word-break: normal; height: 27px; width: 44.94949494949495%;\">4-6h<\/td>\n<\/tr>\n<tr style=\"height: 27px;\">\n<td style=\"font-size: 14px; padding: 5px; border-style: solid; background-color: #e4e1e1; color: #333333; font-weight: bold; overflow: hidden; text-align: right; vertical-align: top; word-break: normal; height: 27px; width: 54.71380471380471%;\" data-darkreader-inline-bgcolor=\"\" data-darkreader-inline-color=\"\">Moottorin teho<\/td>\n<td style=\"font-size: 14px; padding: 5px; border-style: solid; overflow: hidden; text-align: center; vertical-align: top; word-break: normal; height: 27px; width: 44.94949494949495%;\">250W<\/td>\n<\/tr>\n<tr style=\"height: 55px;\">\n<td style=\"font-size: 14px; padding: 5px; border-style: solid; background-color: #e4e1e1; color: #333333; font-weight: bold; overflow: hidden; text-align: right; vertical-align: top; word-break: normal; height: 55px; width: 54.71380471380471%;\" data-darkreader-inline-bgcolor=\"\" data-darkreader-inline-color=\"\">Ajomatka (tootja spetsifikatsioon)<\/td>\n<td style=\"font-size: 14px; padding: 5px; border-style: solid; overflow: hidden; text-align: center; vertical-align: top; word-break: normal; height: 55px; width: 44.94949494949495%;\">jopa 100km<\/td>\n<\/tr>\n<tr style=\"height: 27px;\">\n<td style=\"font-size: 14px; padding: 5px; border-style: solid; background-color: #e4e1e1; color: #333333; font-weight: bold; overflow: hidden; text-align: right; vertical-align: top; word-break: normal; height: 27px; width: 54.71380471380471%;\" data-darkreader-inline-bgcolor=\"\" data-darkreader-inline-color=\"\">Etujarru<\/td>\n<td style=\"font-size: 14px; padding: 5px; border-style: solid; overflow: hidden; text-align: center; vertical-align: top; word-break: normal; height: 27px; width: 44.94949494949495%;\">hydraulinen levyjarruj\u00e4rjestelm\u00e4<\/td>\n<\/tr>\n<tr style=\"height: 27px;\">\n<td style=\"font-size: 14px; padding: 5px; border-style: solid; background-color: #e4e1e1; color: #333333; font-weight: bold; overflow: hidden; text-align: right; vertical-align: top; word-break: normal; height: 27px; width: 54.71380471380471%;\" data-darkreader-inline-bgcolor=\"\" data-darkreader-inline-color=\"\">Takajarru<\/td>\n<td style=\"font-size: 14px; padding: 5px; border-style: solid; overflow: hidden; text-align: center; vertical-align: top; word-break: normal; height: 27px; width: 44.94949494949495%;\">hydraulinen levyjarruj\u00e4rjestelm\u00e4<\/td>\n<\/tr>\n<tr style=\"height: 27px;\">\n<td style=\"font-size: 14px; padding: 5px; border-style: solid; background-color: #e4e1e1; color: #333333; font-weight: bold; overflow: hidden; text-align: right; vertical-align: top; word-break: normal; height: 27px; width: 54.71380471380471%;\" data-darkreader-inline-bgcolor=\"\" data-darkreader-inline-color=\"\">Painorajoitus<\/td>\n<td style=\"font-size: 14px; padding: 5px; border-style: solid; overflow: hidden; text-align: center; vertical-align: top; word-break: normal; height: 27px; width: 44.94949494949495%;\">120kg<\/td>\n<\/tr>\n<tr style=\"height: 27px;\">\n<td style=\"font-size: 14px; padding: 5px; border-style: solid; background-color: #e4e1e1; color: #333333; font-weight: bold; overflow: hidden; text-align: right; vertical-align: top; word-break: normal; height: 27px; width: 54.71380471380471%;\" data-darkreader-inline-bgcolor=\"\" data-darkreader-inline-color=\"\"><span class=\"x4k7w5x x1h91t0o x1h9r5lt xv2umb2 x1beo9mf xaigb6o x12ejxvf x3igimt xarpa2k xedcshv x1lytzrv x1t2pt76 x7ja8zs x1qrby5j x1jfb8zj\">Nopeus<\/span><\/td>\n<td style=\"font-size: 14px; padding: 5px; border-style: solid; overflow: hidden; text-align: center; vertical-align: top; word-break: normal; height: 27px; width: 44.94949494949495%;\">25km\/h<\/td>\n<\/tr>\n<tr style=\"height: 27px;\">\n<td style=\"font-size: 14px; padding: 5px; border-style: solid; background-color: #e4e1e1; color: #333333; font-weight: bold; overflow: hidden; text-align: right; vertical-align: top; word-break: normal; height: 27px; width: 54.71380471380471%;\" data-darkreader-inline-bgcolor=\"\" data-darkreader-inline-color=\"\">Paino<\/td>\n<td style=\"font-size: 14px; padding: 5px; border-style: solid; overflow: hidden; text-align: center; vertical-align: top; word-break: normal; height: 27px; width: 44.94949494949495%;\">18kg<\/td>\n<\/tr>\n<tr style=\"height: 27px;\">\n<td style=\"font-size: 14px; padding: 5px 5px 5px 125px; border-style: solid; background-color: #e4e1e1; color: #333333; font-weight: bold; overflow: hidden; vertical-align: top; word-break: normal; height: 27px; text-align: right; width: 54.71380471380471%;\" data-darkreader-inline-bgcolor=\"\" data-darkreader-inline-color=\"\">\n<p>Moottorisoitu py\u00f6r\u00e4<\/p>\n<\/td>\n<td style=\"font-size: 14px; padding: 5px; border-style: solid; overflow: hidden; text-align: center; vertical-align: top; word-break: normal; height: 27px; width: 44.94949494949495%;\">\n<p>takapy\u00f6r\u00e4<\/p>\n<\/td>\n<\/tr>\n<tr style=\"height: 27px;\">\n<td style=\"font-size: 14px; padding: 5px; border-style: solid; background-color: #e4e1e1; color: #333333; font-weight: bold; overflow: hidden; text-align: right; vertical-align: top; word-break: normal; height: 27px; width: 54.71380471380471%;\" data-darkreader-inline-bgcolor=\"\" data-darkreader-inline-color=\"\">Renkaat<\/td>\n<td style=\"font-size: 14px; padding: 5px; border-style: solid; overflow: hidden; text-align: center; vertical-align: top; word-break: normal; height: 27px; width: 44.94949494949495%;\">20\" x 1.95 ilmarengas<\/td>\n<\/tr>\n<tr style=\"height: 27px;\">\n<td style=\"font-size: 14px; padding: 5px; border-style: solid; background-color: #e4e1e1; color: #333333; font-weight: bold; overflow: hidden; text-align: right; vertical-align: top; word-break: normal; height: 27px; width: 54.71380471380471%;\" data-darkreader-inline-bgcolor=\"\" data-darkreader-inline-color=\"\">Tien enim\u00e4iskaltevuus<\/td>\n<td style=\"font-size: 14px; padding: 5px; border-style: solid; overflow: hidden; text-align: center; vertical-align: top; word-break: normal; height: 27px; width: 44.94949494949495%;\">TBD<\/td>\n<\/tr>\n<\/tbody>\n<\/table>\n","protected":false},"excerpt":{"rendered":"<p><a href=\"http:\/\/www.xn--tuksimaailm-ffb.ee\/kontakt\/\"><strong>L\u00f6ysitk\u00f6 paremman hinnan? Kirjoita meille, niin teemme sinulle paremman tarjouksen!<\/strong><\/a><\/p>\n<p style=\"caret-color: #000000; color: #000000;\"><strong>Kaikki\u00a0<\/strong><a><strong>lis\u00e4varusteet<\/strong><\/a><strong>\u00a0ja\u00a0<\/strong><a><strong>varaosat<\/strong><\/a><strong>\u00a0ovat -20 %, kun ne ostetaan s\u00e4hk\u00f6py\u00f6r\u00e4n kanssa.<\/strong>\u00a0<strong>Alennus otetaan automaattisesti k\u00e4ytt\u00f6\u00f6n, kun lis\u00e4\u00e4t sen ostoskoriin!<\/strong><\/p>\n<p style=\"caret-color: #000000; color: #000000;\"><strong><em>Toimitusaika: 1-5h<\/em><\/strong><\/p>\n","protected":false},"featured_media":46923,"template":"","meta":[],"product_brand":[],"product_cat":[2656],"product_tag":[],"filter_elektritoukeratas":[],"class_list":{"0":"post-51015","1":"product","2":"type-product","3":"status-publish","4":"has-post-thumbnail","6":"product_cat-sahkopyora","7":"product_shipping_class-keskmine-pakk-fi","8":"pa_aku-mahutavus-wh-345-6-fi","9":"pa_kaal-kg-18-fi","10":"pa_kandevoime-kg-120-fi","11":"pa_size-ce-versio-hall","12":"pa_size-ce-versio-sininen","13":"pa_tootetuup-sahkopyora","14":"pa_valmistaja-ado-fi","15":"pa_valmistajakiirus-25-fi","16":"pa_voimsus-w-250-fi","18":"first","19":"instock","20":"taxable","21":"shipping-taxable","22":"purchasable","23":"product-type-variable"},"yoast_head":"<!-- This site is optimized with the Yoast SEO Premium plugin v26.8 (Yoast SEO v27.5) - https:\/\/yoast.com\/product\/yoast-seo-premium-wordpress\/ -->\n<title>ADO Air 20 Pro s\u00e4hk\u00f6polkupy\u00f6r\u00e4 | T\u00f5uksimaailm | Elektriline jalgratas<\/title>\n<meta name=\"description\" content=\"ADO Air 20 Pro elektriratas, ideaalne kombinatsioon tipptasemel tehnoloogiast ja \u00fcletamatust mugavusest kaasaegsele linnas\u00f5itjale ja seiklusentusiastile.\" \/>\n<meta name=\"robots\" content=\"index, follow, max-snippet:-1, max-image-preview:large, max-video-preview:-1\" \/>\n<link rel=\"canonical\" href=\"https:\/\/www.xn--tuksimaailm-ffb.ee\/fi\/shop\/ado-air-20-pro-sahkopolkupyora\/\" \/>\n<meta property=\"og:locale\" content=\"fi_FI\" \/>\n<meta property=\"og:type\" content=\"article\" \/>\n<meta property=\"og:title\" content=\"ADO Air 20 Pro s\u00e4hk\u00f6polkupy\u00f6r\u00e4\" \/>\n<meta property=\"og:description\" content=\"ADO Air 20 Pro elektriratas, ideaalne kombinatsioon tipptasemel tehnoloogiast ja \u00fcletamatust mugavusest kaasaegsele linnas\u00f5itjale ja seiklusentusiastile.\" \/>\n<meta property=\"og:url\" content=\"https:\/\/www.xn--tuksimaailm-ffb.ee\/fi\/shop\/ado-air-20-pro-sahkopolkupyora\/\" \/>\n<meta property=\"og:site_name\" content=\"T\u00f5uksimaailm\" \/>\n<meta property=\"article:publisher\" content=\"https:\/\/www.facebook.com\/touksimaailm\/\" \/>\n<meta property=\"og:image\" content=\"https:\/\/www.xn--tuksimaailm-ffb.ee\/wp-content\/uploads\/2024\/07\/ADO-Air-20-Pro-250W-elektrische-vouwfiets-Grijs-768x7681-1.webp\" \/>\n\t<meta property=\"og:image:width\" content=\"1000\" \/>\n\t<meta property=\"og:image:height\" content=\"1000\" \/>\n\t<meta property=\"og:image:type\" content=\"image\/webp\" \/>\n<meta name=\"twitter:card\" content=\"summary_large_image\" \/>\n<meta name=\"twitter:label1\" content=\"Saatavuus\" \/>\n\t<meta name=\"twitter:data1\" content=\"Varastossa\" \/>\n<meta property=\"og:availability\" content=\"instock\" \/>\n<meta property=\"product:availability\" content=\"instock\" \/>\n<meta property=\"product:retailer_item_id\" content=\"ADO-AIR-20-PRO\" \/>\n<meta property=\"product:condition\" content=\"new\" \/>\n<!-- \/ Yoast SEO Premium plugin. -->","yoast_head_json":{"title":"ADO Air 20 Pro s\u00e4hk\u00f6polkupy\u00f6r\u00e4 | T\u00f5uksimaailm | Elektriline jalgratas","description":"ADO Air 20 Pro elektriratas, ideaalne kombinatsioon tipptasemel tehnoloogiast ja \u00fcletamatust mugavusest kaasaegsele linnas\u00f5itjale ja seiklusentusiastile.","robots":{"index":"index","follow":"follow","max-snippet":"max-snippet:-1","max-image-preview":"max-image-preview:large","max-video-preview":"max-video-preview:-1"},"canonical":"https:\/\/www.xn--tuksimaailm-ffb.ee\/fi\/shop\/ado-air-20-pro-sahkopolkupyora\/","og_locale":"fi_FI","og_type":"article","og_title":"ADO Air 20 Pro s\u00e4hk\u00f6polkupy\u00f6r\u00e4","og_description":"ADO Air 20 Pro elektriratas, ideaalne kombinatsioon tipptasemel tehnoloogiast ja \u00fcletamatust mugavusest kaasaegsele linnas\u00f5itjale ja seiklusentusiastile.","og_url":"https:\/\/www.xn--tuksimaailm-ffb.ee\/fi\/shop\/ado-air-20-pro-sahkopolkupyora\/","og_site_name":"T\u00f5uksimaailm","article_publisher":"https:\/\/www.facebook.com\/touksimaailm\/","og_image":[{"width":1000,"height":1000,"url":"https:\/\/www.xn--tuksimaailm-ffb.ee\/wp-content\/uploads\/2024\/07\/ADO-Air-20-Pro-250W-elektrische-vouwfiets-Grijs-768x7681-1.webp","type":"image\/webp"}],"twitter_card":"summary_large_image","twitter_misc":{"Saatavuus":"Varastossa"},"schema":{"@context":"https:\/\/schema.org","@graph":[{"@type":"WebPage","@id":"https:\/\/www.xn--tuksimaailm-ffb.ee\/fi\/shop\/ado-air-20-pro-sahkopolkupyora\/","url":"https:\/\/www.xn--tuksimaailm-ffb.ee\/fi\/shop\/ado-air-20-pro-sahkopolkupyora\/","name":"ADO Air 20 Pro s\u00e4hk\u00f6polkupy\u00f6r\u00e4 | T\u00f5uksimaailm | Elektriline jalgratas","isPartOf":{"@id":"https:\/\/www.xn--tuksimaailm-ffb.ee\/fi\/#website"},"primaryImageOfPage":{"@id":"https:\/\/www.xn--tuksimaailm-ffb.ee\/fi\/shop\/ado-air-20-pro-sahkopolkupyora\/#primaryimage"},"image":{"@id":"https:\/\/www.xn--tuksimaailm-ffb.ee\/fi\/shop\/ado-air-20-pro-sahkopolkupyora\/#primaryimage"},"thumbnailUrl":"https:\/\/www.xn--tuksimaailm-ffb.ee\/wp-content\/uploads\/2024\/07\/ADO-Air-20-Pro-250W-elektrische-vouwfiets-Grijs-768x7681-1.webp","datePublished":"2024-07-03T09:56:16+00:00","description":"ADO Air 20 Pro elektriratas, ideaalne kombinatsioon tipptasemel tehnoloogiast ja \u00fcletamatust mugavusest kaasaegsele linnas\u00f5itjale ja seiklusentusiastile.","breadcrumb":{"@id":"https:\/\/www.xn--tuksimaailm-ffb.ee\/fi\/shop\/ado-air-20-pro-sahkopolkupyora\/#breadcrumb"},"inLanguage":"fi","potentialAction":[{"@type":"ReadAction","target":["https:\/\/www.xn--tuksimaailm-ffb.ee\/fi\/shop\/ado-air-20-pro-sahkopolkupyora\/"]}]},{"@type":"ImageObject","inLanguage":"fi","@id":"https:\/\/www.xn--tuksimaailm-ffb.ee\/fi\/shop\/ado-air-20-pro-sahkopolkupyora\/#primaryimage","url":"https:\/\/www.xn--tuksimaailm-ffb.ee\/wp-content\/uploads\/2024\/07\/ADO-Air-20-Pro-250W-elektrische-vouwfiets-Grijs-768x7681-1.webp","contentUrl":"https:\/\/www.xn--tuksimaailm-ffb.ee\/wp-content\/uploads\/2024\/07\/ADO-Air-20-Pro-250W-elektrische-vouwfiets-Grijs-768x7681-1.webp","width":1000,"height":1000,"caption":"ADO Air 20 Pro elektriratas elektrilised jalgrattad elektrirattad elektrijalgrattad elektrijalgratas elektrijalgrattad 2"},{"@type":"BreadcrumbList","@id":"https:\/\/www.xn--tuksimaailm-ffb.ee\/fi\/shop\/ado-air-20-pro-sahkopolkupyora\/#breadcrumb","itemListElement":[{"@type":"ListItem","position":1,"name":"Home","item":"https:\/\/www.xn--tuksimaailm-ffb.ee\/fi\/kotisivu\/"},{"@type":"ListItem","position":2,"name":"Kauppa","item":"https:\/\/www.xn--tuksimaailm-ffb.ee\/elektritoukerataste-pood\/"},{"@type":"ListItem","position":3,"name":"ADO Air 20 Pro s\u00e4hk\u00f6polkupy\u00f6r\u00e4"}]},{"@type":"WebSite","@id":"https:\/\/www.xn--tuksimaailm-ffb.ee\/fi\/#website","url":"https:\/\/www.xn--tuksimaailm-ffb.ee\/fi\/","name":"T\u00f5uksimaailm","description":"Elektrit\u00f5ukerataste m\u00fc\u00fck, remont ja rent","publisher":{"@id":"https:\/\/www.xn--tuksimaailm-ffb.ee\/fi\/#organization"},"potentialAction":[{"@type":"SearchAction","target":{"@type":"EntryPoint","urlTemplate":"https:\/\/www.xn--tuksimaailm-ffb.ee\/fi\/?s={search_term_string}"},"query-input":{"@type":"PropertyValueSpecification","valueRequired":true,"valueName":"search_term_string"}}],"inLanguage":"fi"},{"@type":"Organization","@id":"https:\/\/www.xn--tuksimaailm-ffb.ee\/fi\/#organization","name":"T\u00f5uksimaailm","url":"https:\/\/www.xn--tuksimaailm-ffb.ee\/fi\/","logo":{"@type":"ImageObject","inLanguage":"fi","@id":"https:\/\/www.xn--tuksimaailm-ffb.ee\/fi\/#\/schema\/logo\/image\/","url":"https:\/\/www.xn--tuksimaailm-ffb.ee\/wp-content\/uploads\/2020\/01\/logoz-e1579792875517.png","contentUrl":"https:\/\/www.xn--tuksimaailm-ffb.ee\/wp-content\/uploads\/2020\/01\/logoz-e1579792875517.png","width":250,"height":250,"caption":"T\u00f5uksimaailm"},"image":{"@id":"https:\/\/www.xn--tuksimaailm-ffb.ee\/fi\/#\/schema\/logo\/image\/"},"sameAs":["https:\/\/www.facebook.com\/touksimaailm\/","https:\/\/www.instagram.com\/touksimaailm_\/","https:\/\/www.youtube.com\/channel\/UC18ml0EKIDLP1xGuQjFzcXQ"]}]},"og_availability":"instock","product_availability":"instock","product_retailer_item_id":"ADO-AIR-20-PRO","product_condition":"new"},"jetpack_sharing_enabled":true,"_links":{"self":[{"href":"https:\/\/www.xn--tuksimaailm-ffb.ee\/fi\/wp-json\/wp\/v2\/product\/51015","targetHints":{"allow":["GET"]}}],"collection":[{"href":"https:\/\/www.xn--tuksimaailm-ffb.ee\/fi\/wp-json\/wp\/v2\/product"}],"about":[{"href":"https:\/\/www.xn--tuksimaailm-ffb.ee\/fi\/wp-json\/wp\/v2\/types\/product"}],"wp:featuredmedia":[{"embeddable":true,"href":"https:\/\/www.xn--tuksimaailm-ffb.ee\/fi\/wp-json\/wp\/v2\/media\/46923"}],"wp:attachment":[{"href":"https:\/\/www.xn--tuksimaailm-ffb.ee\/fi\/wp-json\/wp\/v2\/media?parent=51015"}],"wp:term":[{"taxonomy":"product_brand","embeddable":true,"href":"https:\/\/www.xn--tuksimaailm-ffb.ee\/fi\/wp-json\/wp\/v2\/product_brand?post=51015"},{"taxonomy":"product_cat","embeddable":true,"href":"https:\/\/www.xn--tuksimaailm-ffb.ee\/fi\/wp-json\/wp\/v2\/product_cat?post=51015"},{"taxonomy":"product_tag","embeddable":true,"href":"https:\/\/www.xn--tuksimaailm-ffb.ee\/fi\/wp-json\/wp\/v2\/product_tag?post=51015"},{"taxonomy":"filter_elektritoukeratas","embeddable":true,"href":"https:\/\/www.xn--tuksimaailm-ffb.ee\/fi\/wp-json\/wp\/v2\/filter_elektritoukeratas?post=51015"}],"curies":[{"name":"wp","href":"https:\/\/api.w.org\/{rel}","templated":true}]}}