{"id":51037,"date":"2024-04-27T13:10:09","date_gmt":"2024-04-27T10:10:09","guid":{"rendered":"http:\/\/www.xn--tuksimaailm-ffb.ee\/shop\/kugoo-kukirin-v3-maastoajoneuvo\/"},"modified":"2024-04-27T13:10:09","modified_gmt":"2024-04-27T10:10:09","slug":"kugoo-kukirin-v3-maastoajoneuvo","status":"publish","type":"product","link":"https:\/\/www.xn--tuksimaailm-ffb.ee\/fi\/shop\/kugoo-kukirin-v3-maastoajoneuvo\/","title":{"rendered":"Kugoo KuKirin V3 maastoajoneuvo"},"content":{"rendered":"<h2 style=\"text-align: center;\">KUGOO KUKIRIN V3 TUOTEKUVAUS<\/h2>\n<div class=\"flex flex-grow flex-col max-w-full\">\n<div class=\"min-h-[20px] text-message flex flex-col items-start gap-3 whitespace-pre-wrap break-words [.text-message+&amp;]:mt-5 overflow-x-auto\" data-message-author-role=\"assistant\" data-message-id=\"e8b30419-ac7c-4251-a793-d22e4d6cc347\">\n<div class=\"markdown prose w-full break-words dark:prose-invert light\">\n<div class=\"flex flex-grow flex-col max-w-full\">\n<div class=\"min-h-[20px] text-message flex flex-col items-start gap-3 whitespace-pre-wrap break-words [.text-message+&amp;]:mt-5 overflow-x-auto\" data-message-author-role=\"assistant\" data-message-id=\"e8b30419-ac7c-4251-a793-d22e4d6cc347\">\n<div class=\"markdown prose w-full break-words dark:prose-invert light\">\n<p style=\"caret-color: #000000; color: #000000;\">Esittelyss\u00e4 Kugoo Kukirin V3 -maastos\u00e4hk\u00f6py\u00f6r\u00e4, joka on suunniteltu seikkailunhaluisille ihmisille. Kugoo Kukirin V3 -s\u00e4hk\u00f6py\u00f6r\u00e4 on varustettu\u00a0<strong>350W:n<\/strong>\u00a0harjattomalla moottorilla, joka tuottaa\u00a0<strong>jopa 40km\/h<\/strong>\u00a0huippunopeuden ja tarjoaa tehokkaan suorituskyvyn, joka sopii hyvin seikkailunhaluiselle henkil\u00f6lle, joka haluaa tutkia maastoa. Kugoo Kukirin -s\u00e4hk\u00f6py\u00f6r\u00e4t on varustettu\u00a0<strong>36V\/15Ah<\/strong>\u00a0irrotettavalla litiumakulla, joka tarjoaa vaikuttavan,\u00a0<strong>jopa 90 km:n<\/strong>\u00a0toimintas\u00e4teen\u00a0<strong>.<\/strong>Akku on suunniteltu helposti irrotettavaksi, mik\u00e4 mahdollistaa k\u00e4tev\u00e4n lataamisen kotona tai toimistossa ilman, ett\u00e4 py\u00f6r\u00e4\u00e4 tarvitsee kantaa mukana. Turvallisuus on Kugoo Kukirissa etusijalla, mink\u00e4 vuoksi maastok\u00e4ytt\u00f6\u00f6n tarkoitetut s\u00e4hk\u00f6py\u00f6r\u00e4t on varustettu etu- ja takalevyjarruilla, jotka takaavat luotettavan ja tasaisen jarrutuksen tilanteesta riippumatta. Lis\u00e4ksi s\u00e4hk\u00f6py\u00f6r\u00e4 on varustettu kirkkaalla<strong>\u00a0LED-valolla<\/strong>, joka parantaa n\u00e4kyvyytt\u00e4 y\u00f6matkoilla ja takaa kuljettajan turvallisuuden h\u00e4m\u00e4r\u00e4ss\u00e4. Kugoo-s\u00e4hk\u00f6py\u00f6r\u00e4t on suunniteltu mukavaan ajoon, ja niiss\u00e4 on\u00a0<strong>27,5 tuuman ilmarenkaat<\/strong>, jotka vaimentavat iskuja ja takaavat tasaisen ajon. S\u00e4\u00e4dett\u00e4v\u00e4 ja ergonominen satula varmistaa, ett\u00e4 eri pituiset kuljettajat voivat nauttia mukavasta ja yksil\u00f6llisest\u00e4 ajokokemuksesta.<\/p>\n<p style=\"caret-color: #000000; color: #000000;\">Kugoo Kukirin V3 -maastos\u00e4hk\u00f6py\u00f6r\u00e4 erottuu innovatiivisella muotoilullaan mist\u00e4 tahansa ymp\u00e4rist\u00f6st\u00e4. Kevyt alumiiniseosrunko on kest\u00e4v\u00e4, ja se kest\u00e4\u00e4\u00a0<strong>jopa 120 kg:<\/strong>\u00a0n kuorman\u00a0<strong>.<\/strong>\u00a0Kugoo Kukirin -s\u00e4hk\u00f6py\u00f6r\u00e4 on varustettu \u00e4lykk\u00e4\u00e4ll\u00e4\u00a0<strong>LCD-n\u00e4yt\u00f6ll\u00e4<\/strong>, joka n\u00e4ytt\u00e4\u00e4 reaaliaikaiset tiedot nopeudesta, akun varaustasosta ja muista t\u00e4rkeist\u00e4 indikaattoreista. Kugoo Kukirin -s\u00e4hk\u00f6py\u00f6r\u00e4t on my\u00f6s varustettu\u00a0<strong>Shimano 7-vaihteisella vaihteistolla<\/strong>, jonka avulla voit vaihtaa vaihteita sujuvasti maasto-olosuhteista riippumatta. Kugoo Kukirin -maastos\u00e4hk\u00f6py\u00f6r\u00e4t on suunniteltu kaikille, jotka etsiv\u00e4t luotettavaa, tehokasta ja tyylik\u00e4st\u00e4 kulkuv\u00e4linett\u00e4. Tehokas moottori ja pitk\u00e4ik\u00e4inen akku tekev\u00e4t Kugoo Kukirin V3 -s\u00e4hk\u00f6py\u00f6r\u00e4st\u00e4 ihanteellisen kulkuneuvon seikkailunhaluisille ihmisille, jotka haluavat matkustaa pitki\u00e4 matkoja ja tutkia maailmaa.<\/p>\n<p><iframe title=\"KuKirin V3 Electric bike Review - 40kmh!\" width=\"1082\" height=\"609\" src=\"https:\/\/www.youtube.com\/embed\/pkhsZMiy0sM?feature=oembed\" frameborder=\"0\" allow=\"accelerometer; autoplay; clipboard-write; encrypted-media; gyroscope; picture-in-picture; web-share\" referrerpolicy=\"strict-origin-when-cross-origin\" allowfullscreen><\/iframe><\/p>\n<\/div>\n<\/div>\n<\/div>\n<\/div>\n<\/div>\n<\/div>\n<h2 style=\"text-align: center;\">TURVALLISUUS<\/h2>\n<p style=\"caret-color: #000000; color: #000000;\"><a>Kyp\u00e4r\u00e4n<\/a>\u00a0k\u00e4ytt\u00f6 on eritt\u00e4in suositeltavaa kaikille aikuisille, kun he ajavat s\u00e4hk\u00f6py\u00f6r\u00e4ll\u00e4 tai maastoajoneuvolla. Alle 16-vuotiaiden s\u00e4hk\u00f6py\u00f6r\u00e4ilij\u00f6iden on\u00a0<a href=\"https:\/\/www.riigiteataja.ee\/akt\/113112020001\">lain<\/a>\u00a0mukaan k\u00e4ytett\u00e4v\u00e4 kyp\u00e4r\u00e4\u00e4 ajaessaan. Kaikenlaiset s\u00e4hk\u00f6py\u00f6r\u00e4t ja s\u00e4hk\u00f6iset maastoajoneuvot l\u00f6ytyv\u00e4t\u00a0<a href=\"http:\/\/www.xn--tuksimaailm-ffb.ee\/tootekategooria\/elektritoukeratas\/\"><strong>t\u00e4\u00e4lt\u00e4<\/strong><\/a>.<\/p>\n<p style=\"caret-color: #000000; color: #000000;\"><strong>Kun ostat s\u00e4hk\u00f6py\u00f6r\u00e4n tai maastoajoneuvon liikkeest\u00e4mme, saat kaikki\u00a0<\/strong><a href=\"http:\/\/www.xn--tuksimaailm-ffb.ee\/tootekategooria\/lisavarustus\/\"><strong>lis\u00e4varusteet<\/strong><\/a><strong>\u00a0<\/strong><strong>ajoneuvon oston yhteydess\u00e4 -20%!<\/strong><\/p>\n<p style=\"caret-color: #000000; color: #000000;\"><strong>Viron lains\u00e4\u00e4d\u00e4nn\u00f6n mukaan s\u00e4hk\u00f6polkupy\u00f6r\u00e4t ovat poljettavia ajoneuvoja, jotka on varustettu enint\u00e4\u00e4n 250 W:n jatkuvalla nimellisteholla varustetulla s\u00e4hk\u00f6moottorilla, jonka teho v\u00e4henee asteittain ajoneuvon nopeuden kasvaessa ja jonka virransy\u00f6tt\u00f6 katkeaa ennen kuin ajoneuvo saavuttaa nopeuden 25 km\/h tai jopa aikaisemmin, jos kuljettaja lopettaa polkemisen.<\/strong>\u00a0<strong>N\u00e4in ollen Kugoo KuKirin V3 s\u00e4hk\u00f6polkupy\u00f6r\u00e4n n\u00e4k\u00f6isen maastoajoneuvon k\u00e4ytt\u00f6 kaupunkialueilla tai yleisill\u00e4 teill\u00e4 tapahtuu k\u00e4ytt\u00e4j\u00e4n omalla vastuulla, eik\u00e4 eMoto ole vastuussa lain rikkomisesta saaduista sakoista, s\u00e4hk\u00f6polkupy\u00f6r\u00e4n n\u00e4k\u00f6isen maastoajoneuvon takavarikoimisesta poliisin toimesta tai mist\u00e4\u00e4n muustakaan rikkomisesta aiheutuneesta vahingosta.<\/strong><\/p>\n<table class=\"tg\" style=\"max-width: 600px; margin-right: auto; margin-bottom: 0px; margin-left: auto; width: 82.6085%; height: 406px;\">\n<tbody>\n<tr style=\"height: 27px;\">\n<td style=\"font-size: 14px; padding: 5px; border-style: solid; background-color: #e4e1e1; color: #333333; font-weight: bold; overflow: hidden; text-align: center; vertical-align: top; word-break: normal; height: 27px; width: 99.66329966329965%;\" colspan=\"2\" data-darkreader-inline-bgcolor=\"\" data-darkreader-inline-color=\"\">Tekniset tiedot<\/td>\n<\/tr>\n<tr style=\"height: 27px;\">\n<td style=\"font-size: 14px; padding: 5px; border-style: solid; background-color: #e4e1e1; color: #333333; font-weight: bold; overflow: hidden; text-align: right; vertical-align: top; word-break: normal; height: 27px; width: 54.71380471380471%;\" data-darkreader-inline-bgcolor=\"\" data-darkreader-inline-color=\"\">Malli<\/td>\n<td style=\"font-size: 14px; padding: 5px; border-style: solid; overflow: hidden; text-align: center; vertical-align: top; word-break: normal; height: 27px; width: 44.94949494949495%;\">KUGOO KUKIRIN V3<\/td>\n<\/tr>\n<tr style=\"height: 27px;\">\n<td style=\"font-size: 14px; padding: 5px; border-style: solid; background-color: #e4e1e1; color: #333333; font-weight: bold; overflow: hidden; text-align: right; vertical-align: top; word-break: normal; height: 27px; width: 54.71380471380471%;\" data-darkreader-inline-bgcolor=\"\" data-darkreader-inline-color=\"\">Akku<\/td>\n<td style=\"font-size: 14px; padding: 5px; border-style: solid; overflow: hidden; text-align: center; vertical-align: top; word-break: normal; height: 27px; width: 44.94949494949495%;\">36V \/ 15Ah 540Wh<\/td>\n<\/tr>\n<tr style=\"height: 27px;\">\n<td style=\"font-size: 14px; padding: 5px; border-style: solid; background-color: #e4e1e1; color: #333333; font-weight: bold; overflow: hidden; text-align: right; vertical-align: top; word-break: normal; height: 27px; width: 54.71380471380471%;\" data-darkreader-inline-bgcolor=\"\" data-darkreader-inline-color=\"\">Latausaika<\/td>\n<td style=\"font-size: 14px; padding: 5px; border-style: solid; overflow: hidden; text-align: center; vertical-align: top; word-break: normal; height: 27px; width: 44.94949494949495%;\">7-8h<\/td>\n<\/tr>\n<tr style=\"height: 27px;\">\n<td style=\"font-size: 14px; padding: 5px; border-style: solid; background-color: #e4e1e1; color: #333333; font-weight: bold; overflow: hidden; text-align: right; vertical-align: top; word-break: normal; height: 27px; width: 54.71380471380471%;\" data-darkreader-inline-bgcolor=\"\" data-darkreader-inline-color=\"\">Moottorin teho<\/td>\n<td style=\"font-size: 14px; padding: 5px; border-style: solid; overflow: hidden; text-align: center; vertical-align: top; word-break: normal; height: 27px; width: 44.94949494949495%;\">350W<\/td>\n<\/tr>\n<tr style=\"height: 55px;\">\n<td style=\"font-size: 14px; padding: 5px; border-style: solid; background-color: #e4e1e1; color: #333333; font-weight: bold; overflow: hidden; text-align: right; vertical-align: top; word-break: normal; height: 55px; width: 54.71380471380471%;\" data-darkreader-inline-bgcolor=\"\" data-darkreader-inline-color=\"\">Ajomatka (<strong style=\"caret-color: #000000; color: #000000; text-align: start; font-family: inherit;\">valmistajan erittely<\/strong><span style=\"font-family: inherit;\">)<\/span><\/td>\n<td style=\"font-size: 14px; padding: 5px; border-style: solid; overflow: hidden; text-align: center; vertical-align: top; word-break: normal; height: 55px; width: 44.94949494949495%;\">60-90km<\/td>\n<\/tr>\n<tr style=\"height: 27px;\">\n<td style=\"font-size: 14px; padding: 5px; border-style: solid; background-color: #e4e1e1; color: #333333; font-weight: bold; overflow: hidden; text-align: right; vertical-align: top; word-break: normal; height: 27px; width: 54.71380471380471%;\" data-darkreader-inline-bgcolor=\"\" data-darkreader-inline-color=\"\">Etujarru<\/td>\n<td style=\"font-size: 14px; padding: 5px; border-style: solid; overflow: hidden; text-align: center; vertical-align: top; word-break: normal; height: 27px; width: 44.94949494949495%;\">Mekaaninen levyjarruj\u00e4rjestelm\u00e4<\/td>\n<\/tr>\n<tr style=\"height: 27px;\">\n<td style=\"font-size: 14px; padding: 5px; border-style: solid; background-color: #e4e1e1; color: #333333; font-weight: bold; overflow: hidden; text-align: right; vertical-align: top; word-break: normal; height: 27px; width: 54.71380471380471%;\" data-darkreader-inline-bgcolor=\"\" data-darkreader-inline-color=\"\">Takajarru<\/td>\n<td style=\"font-size: 14px; padding: 5px; border-style: solid; overflow: hidden; text-align: center; vertical-align: top; word-break: normal; height: 27px; width: 44.94949494949495%;\">Mekaaninen levyjarruj\u00e4rjestelm\u00e4<\/td>\n<\/tr>\n<tr style=\"height: 27px;\">\n<td style=\"font-size: 14px; padding: 5px; border-style: solid; background-color: #e4e1e1; color: #333333; font-weight: bold; overflow: hidden; text-align: right; vertical-align: top; word-break: normal; height: 27px; width: 54.71380471380471%;\" data-darkreader-inline-bgcolor=\"\" data-darkreader-inline-color=\"\">Painorajoitus<\/td>\n<td style=\"font-size: 14px; padding: 5px; border-style: solid; overflow: hidden; text-align: center; vertical-align: top; word-break: normal; height: 27px; width: 44.94949494949495%;\">120kg<\/td>\n<\/tr>\n<tr style=\"height: 27px;\">\n<td style=\"font-size: 14px; padding: 5px; border-style: solid; background-color: #e4e1e1; color: #333333; font-weight: bold; overflow: hidden; text-align: right; vertical-align: top; word-break: normal; height: 27px; width: 54.71380471380471%;\" data-darkreader-inline-bgcolor=\"\" data-darkreader-inline-color=\"\"><span class=\"x4k7w5x x1h91t0o x1h9r5lt xv2umb2 x1beo9mf xaigb6o x12ejxvf x3igimt xarpa2k xedcshv x1lytzrv x1t2pt76 x7ja8zs x1qrby5j x1jfb8zj\"><strong style=\"caret-color: #000000; color: #000000; text-align: start; font-family: inherit;\">Enimm\u00e4isnopeus (moottorin saavutettavissa oleva<\/strong>)<\/span><\/td>\n<td style=\"font-size: 14px; padding: 5px; border-style: solid; overflow: hidden; text-align: center; vertical-align: top; word-break: normal; height: 27px; width: 44.94949494949495%;\">40km\/h<\/td>\n<\/tr>\n<tr style=\"height: 27px;\">\n<td style=\"font-size: 14px; padding: 5px; border-style: solid; background-color: #e4e1e1; color: #333333; font-weight: bold; overflow: hidden; text-align: right; vertical-align: top; word-break: normal; height: 27px; width: 54.71380471380471%;\" data-darkreader-inline-bgcolor=\"\" data-darkreader-inline-color=\"\">Paino<\/td>\n<td style=\"font-size: 14px; padding: 5px; border-style: solid; overflow: hidden; text-align: center; vertical-align: top; word-break: normal; height: 27px; width: 44.94949494949495%;\">24,9kg<\/td>\n<\/tr>\n<tr style=\"height: 27px;\">\n<td style=\"font-size: 14px; padding: 5px 5px 5px 125px; border-style: solid; background-color: #e4e1e1; color: #333333; font-weight: bold; overflow: hidden; vertical-align: top; word-break: normal; height: 27px; text-align: right; width: 54.71380471380471%;\" data-darkreader-inline-bgcolor=\"\" data-darkreader-inline-color=\"\">Moottorisoitu py\u00f6r\u00e4<\/td>\n<td style=\"font-size: 14px; padding: 5px; border-style: solid; overflow: hidden; text-align: center; vertical-align: top; word-break: normal; height: 27px; width: 44.94949494949495%;\">\n<p>takapy\u00f6r\u00e4<\/p>\n<\/td>\n<\/tr>\n<tr style=\"height: 27px;\">\n<td style=\"font-size: 14px; padding: 5px; border-style: solid; background-color: #e4e1e1; color: #333333; font-weight: bold; overflow: hidden; text-align: right; vertical-align: top; word-break: normal; height: 27px; width: 54.71380471380471%;\" data-darkreader-inline-bgcolor=\"\" data-darkreader-inline-color=\"\">Renkaat<\/td>\n<td style=\"font-size: 14px; padding: 5px; border-style: solid; overflow: hidden; text-align: center; vertical-align: top; word-break: normal; height: 27px; width: 44.94949494949495%;\">27.5\" ilmarenkaat<\/td>\n<\/tr>\n<tr style=\"height: 27px;\">\n<td style=\"font-size: 14px; padding: 5px; border-style: solid; background-color: #e4e1e1; color: #333333; font-weight: bold; overflow: hidden; text-align: right; vertical-align: top; word-break: normal; height: 27px; width: 54.71380471380471%;\" data-darkreader-inline-bgcolor=\"\" data-darkreader-inline-color=\"\">Tien enim\u00e4iskaltevuus<\/td>\n<td style=\"font-size: 14px; padding: 5px; border-style: solid; overflow: hidden; text-align: center; vertical-align: top; word-break: normal; height: 27px; width: 44.94949494949495%;\">jopa 15%<\/td>\n<\/tr>\n<\/tbody>\n<\/table>\n","protected":false},"excerpt":{"rendered":"<p style=\"caret-color: #000000; color: #000000;\"><a href=\"http:\/\/www.xn--tuksimaailm-ffb.ee\/kontakt\/\"><strong>L\u00f6ysitk\u00f6 paremman hinnan?<\/strong><\/a>\u00a0<a href=\"http:\/\/www.xn--tuksimaailm-ffb.ee\/kontakt\/\"><strong>Kirjoita meille, niin teemme sinulle paremman tarjouksen!<\/strong><\/a><\/p>\n<p style=\"caret-color: #000000; color: #000000;\"><strong>Kaikki\u00a0<\/strong><a><strong>lis\u00e4varusteet<\/strong><\/a><strong>\u00a0ja\u00a0<\/strong><a><strong>varaosat<\/strong><\/a><strong>\u00a0ovat -20 %, kun ne ostetaan s\u00e4hk\u00f6py\u00f6r\u00e4n tai maastoajoneuvon kanssa.<\/strong>\u00a0<strong>Alennus otetaan automaattisesti k\u00e4ytt\u00f6\u00f6n, kun lis\u00e4\u00e4t sen ostoskoriin!<\/strong><\/p>\n<p style=\"caret-color: #000000; color: #000000;\"><strong><em>Toimitusaika: 0-3tp<\/em><\/strong><\/p>\n","protected":false},"featured_media":41420,"template":"","meta":[],"product_brand":[],"product_cat":[2656],"product_tag":[],"filter_elektritoukeratas":[],"class_list":{"0":"post-51037","1":"product","2":"type-product","3":"status-publish","4":"has-post-thumbnail","6":"product_cat-sahkopyora","7":"product_shipping_class-keskmine-pakk-fi","8":"pa_aku-mahutavus-wh-540-fi","9":"pa_kaal-kg-24-9-fi","10":"pa_kandevoime-kg-120-fi","11":"pa_muuja-platvormil-singlemotor-ou-fi","12":"pa_tootetuup-sahkopyora-maastoajoneuvo","13":"pa_valmistaja-kugoo-fi","14":"pa_valmistajakiirus-40-fi","15":"pa_voimsus-w-350-fi","17":"first","18":"outofstock","19":"taxable","20":"shipping-taxable","21":"purchasable","22":"product-type-simple"},"yoast_head":"<!-- This site is optimized with the Yoast SEO Premium plugin v26.8 (Yoast SEO v27.5) - https:\/\/yoast.com\/product\/yoast-seo-premium-wordpress\/ -->\n<title>Kugoo KuKirin V3 maastoajoneuvo | 40km\/h | T\u00f5uksimaailm<\/title>\n<meta name=\"description\" content=\"Kugoo KuKirin V3 elektriratas maastikus\u00f5iduk on t\u00f5eline elektriliste maastikus\u00f5iduk elektrijalgratas maanteerataste tipptase. V\u00f5imas 350W mootor, 40km\/h.\" \/>\n<meta name=\"robots\" content=\"index, follow, max-snippet:-1, max-image-preview:large, max-video-preview:-1\" \/>\n<link rel=\"canonical\" href=\"https:\/\/www.xn--tuksimaailm-ffb.ee\/fi\/shop\/kugoo-kukirin-v3-maastoajoneuvo\/\" \/>\n<meta property=\"og:locale\" content=\"fi_FI\" \/>\n<meta property=\"og:type\" content=\"article\" \/>\n<meta property=\"og:title\" content=\"Kugoo KuKirin V3 maastoajoneuvo\" \/>\n<meta property=\"og:description\" content=\"Kugoo KuKirin V3 elektriratas maastikus\u00f5iduk on t\u00f5eline elektriliste maastikus\u00f5iduk elektrijalgratas maanteerataste tipptase. V\u00f5imas 350W mootor, 40km\/h.\" \/>\n<meta property=\"og:url\" content=\"https:\/\/www.xn--tuksimaailm-ffb.ee\/fi\/shop\/kugoo-kukirin-v3-maastoajoneuvo\/\" \/>\n<meta property=\"og:site_name\" content=\"T\u00f5uksimaailm\" \/>\n<meta property=\"article:publisher\" content=\"https:\/\/www.facebook.com\/touksimaailm\/\" \/>\n<meta property=\"og:image\" content=\"https:\/\/www.xn--tuksimaailm-ffb.ee\/wp-content\/uploads\/2024\/02\/kukirin_v3_elektrijalgratas_wordpress_1.webp\" \/>\n\t<meta property=\"og:image:width\" content=\"1000\" \/>\n\t<meta property=\"og:image:height\" content=\"1000\" \/>\n\t<meta property=\"og:image:type\" content=\"image\/webp\" \/>\n<meta name=\"twitter:card\" content=\"summary_large_image\" \/>\n<meta name=\"twitter:label1\" content=\"Hinta\" \/>\n\t<meta name=\"twitter:data1\" content=\"&euro;999.00\" \/>\n\t<meta name=\"twitter:label2\" content=\"Saatavuus\" \/>\n\t<meta name=\"twitter:data2\" content=\"Loppu varastosta\" \/>\n<meta property=\"product:price:amount\" content=\"999.00\" \/>\n<meta property=\"product:price:currency\" content=\"EUR\" \/>\n<meta property=\"og:availability\" content=\"out of stock\" \/>\n<meta property=\"product:availability\" content=\"out of stock\" \/>\n<meta property=\"product:retailer_item_id\" content=\"KUGOO-KUKIRIN-V3-2024\" \/>\n<meta property=\"product:condition\" content=\"new\" \/>\n<!-- \/ Yoast SEO Premium plugin. -->","yoast_head_json":{"title":"Kugoo KuKirin V3 maastoajoneuvo | 40km\/h | T\u00f5uksimaailm","description":"Kugoo KuKirin V3 elektriratas maastikus\u00f5iduk on t\u00f5eline elektriliste maastikus\u00f5iduk elektrijalgratas maanteerataste tipptase. V\u00f5imas 350W mootor, 40km\/h.","robots":{"index":"index","follow":"follow","max-snippet":"max-snippet:-1","max-image-preview":"max-image-preview:large","max-video-preview":"max-video-preview:-1"},"canonical":"https:\/\/www.xn--tuksimaailm-ffb.ee\/fi\/shop\/kugoo-kukirin-v3-maastoajoneuvo\/","og_locale":"fi_FI","og_type":"article","og_title":"Kugoo KuKirin V3 maastoajoneuvo","og_description":"Kugoo KuKirin V3 elektriratas maastikus\u00f5iduk on t\u00f5eline elektriliste maastikus\u00f5iduk elektrijalgratas maanteerataste tipptase. V\u00f5imas 350W mootor, 40km\/h.","og_url":"https:\/\/www.xn--tuksimaailm-ffb.ee\/fi\/shop\/kugoo-kukirin-v3-maastoajoneuvo\/","og_site_name":"T\u00f5uksimaailm","article_publisher":"https:\/\/www.facebook.com\/touksimaailm\/","og_image":[{"width":1000,"height":1000,"url":"https:\/\/www.xn--tuksimaailm-ffb.ee\/wp-content\/uploads\/2024\/02\/kukirin_v3_elektrijalgratas_wordpress_1.webp","type":"image\/webp"}],"twitter_card":"summary_large_image","twitter_misc":{"Hinta":"&euro;999.00","Saatavuus":"Loppu varastosta"},"schema":{"@context":"https:\/\/schema.org","@graph":[{"@type":"WebPage","@id":"https:\/\/www.xn--tuksimaailm-ffb.ee\/fi\/shop\/kugoo-kukirin-v3-maastoajoneuvo\/","url":"https:\/\/www.xn--tuksimaailm-ffb.ee\/fi\/shop\/kugoo-kukirin-v3-maastoajoneuvo\/","name":"Kugoo KuKirin V3 maastoajoneuvo | 40km\/h | T\u00f5uksimaailm","isPartOf":{"@id":"https:\/\/www.xn--tuksimaailm-ffb.ee\/fi\/#website"},"primaryImageOfPage":{"@id":"https:\/\/www.xn--tuksimaailm-ffb.ee\/fi\/shop\/kugoo-kukirin-v3-maastoajoneuvo\/#primaryimage"},"image":{"@id":"https:\/\/www.xn--tuksimaailm-ffb.ee\/fi\/shop\/kugoo-kukirin-v3-maastoajoneuvo\/#primaryimage"},"thumbnailUrl":"https:\/\/www.xn--tuksimaailm-ffb.ee\/wp-content\/uploads\/2024\/02\/kukirin_v3_elektrijalgratas_wordpress_1.webp","datePublished":"2024-04-27T10:10:09+00:00","description":"Kugoo KuKirin V3 elektriratas maastikus\u00f5iduk on t\u00f5eline elektriliste maastikus\u00f5iduk elektrijalgratas maanteerataste tipptase. V\u00f5imas 350W mootor, 40km\/h.","breadcrumb":{"@id":"https:\/\/www.xn--tuksimaailm-ffb.ee\/fi\/shop\/kugoo-kukirin-v3-maastoajoneuvo\/#breadcrumb"},"inLanguage":"fi","potentialAction":[{"@type":"ReadAction","target":["https:\/\/www.xn--tuksimaailm-ffb.ee\/fi\/shop\/kugoo-kukirin-v3-maastoajoneuvo\/"]}]},{"@type":"ImageObject","inLanguage":"fi","@id":"https:\/\/www.xn--tuksimaailm-ffb.ee\/fi\/shop\/kugoo-kukirin-v3-maastoajoneuvo\/#primaryimage","url":"https:\/\/www.xn--tuksimaailm-ffb.ee\/wp-content\/uploads\/2024\/02\/kukirin_v3_elektrijalgratas_wordpress_1.webp","contentUrl":"https:\/\/www.xn--tuksimaailm-ffb.ee\/wp-content\/uploads\/2024\/02\/kukirin_v3_elektrijalgratas_wordpress_1.webp","width":1000,"height":1000,"caption":"kugoo kukirin v3 elektriratas elektrilised jalgrattad elektrirattad elektrijalgrattad elektrijalgratas elektrijalgrattad 1"},{"@type":"BreadcrumbList","@id":"https:\/\/www.xn--tuksimaailm-ffb.ee\/fi\/shop\/kugoo-kukirin-v3-maastoajoneuvo\/#breadcrumb","itemListElement":[{"@type":"ListItem","position":1,"name":"Home","item":"https:\/\/www.xn--tuksimaailm-ffb.ee\/fi\/kotisivu\/"},{"@type":"ListItem","position":2,"name":"Kauppa","item":"https:\/\/www.xn--tuksimaailm-ffb.ee\/elektritoukerataste-pood\/"},{"@type":"ListItem","position":3,"name":"Kugoo KuKirin V3 maastoajoneuvo"}]},{"@type":"WebSite","@id":"https:\/\/www.xn--tuksimaailm-ffb.ee\/fi\/#website","url":"https:\/\/www.xn--tuksimaailm-ffb.ee\/fi\/","name":"T\u00f5uksimaailm","description":"Elektrit\u00f5ukerataste m\u00fc\u00fck, remont ja rent","publisher":{"@id":"https:\/\/www.xn--tuksimaailm-ffb.ee\/fi\/#organization"},"potentialAction":[{"@type":"SearchAction","target":{"@type":"EntryPoint","urlTemplate":"https:\/\/www.xn--tuksimaailm-ffb.ee\/fi\/?s={search_term_string}"},"query-input":{"@type":"PropertyValueSpecification","valueRequired":true,"valueName":"search_term_string"}}],"inLanguage":"fi"},{"@type":"Organization","@id":"https:\/\/www.xn--tuksimaailm-ffb.ee\/fi\/#organization","name":"T\u00f5uksimaailm","url":"https:\/\/www.xn--tuksimaailm-ffb.ee\/fi\/","logo":{"@type":"ImageObject","inLanguage":"fi","@id":"https:\/\/www.xn--tuksimaailm-ffb.ee\/fi\/#\/schema\/logo\/image\/","url":"https:\/\/www.xn--tuksimaailm-ffb.ee\/wp-content\/uploads\/2020\/01\/logoz-e1579792875517.png","contentUrl":"https:\/\/www.xn--tuksimaailm-ffb.ee\/wp-content\/uploads\/2020\/01\/logoz-e1579792875517.png","width":250,"height":250,"caption":"T\u00f5uksimaailm"},"image":{"@id":"https:\/\/www.xn--tuksimaailm-ffb.ee\/fi\/#\/schema\/logo\/image\/"},"sameAs":["https:\/\/www.facebook.com\/touksimaailm\/","https:\/\/www.instagram.com\/touksimaailm_\/","https:\/\/www.youtube.com\/channel\/UC18ml0EKIDLP1xGuQjFzcXQ"]}]},"product_price_amount":"999.00","product_price_currency":"EUR","og_availability":"out of stock","product_availability":"out of stock","product_retailer_item_id":"KUGOO-KUKIRIN-V3-2024","product_condition":"new"},"jetpack_sharing_enabled":true,"_links":{"self":[{"href":"https:\/\/www.xn--tuksimaailm-ffb.ee\/fi\/wp-json\/wp\/v2\/product\/51037","targetHints":{"allow":["GET"]}}],"collection":[{"href":"https:\/\/www.xn--tuksimaailm-ffb.ee\/fi\/wp-json\/wp\/v2\/product"}],"about":[{"href":"https:\/\/www.xn--tuksimaailm-ffb.ee\/fi\/wp-json\/wp\/v2\/types\/product"}],"wp:featuredmedia":[{"embeddable":true,"href":"https:\/\/www.xn--tuksimaailm-ffb.ee\/fi\/wp-json\/wp\/v2\/media\/41420"}],"wp:attachment":[{"href":"https:\/\/www.xn--tuksimaailm-ffb.ee\/fi\/wp-json\/wp\/v2\/media?parent=51037"}],"wp:term":[{"taxonomy":"product_brand","embeddable":true,"href":"https:\/\/www.xn--tuksimaailm-ffb.ee\/fi\/wp-json\/wp\/v2\/product_brand?post=51037"},{"taxonomy":"product_cat","embeddable":true,"href":"https:\/\/www.xn--tuksimaailm-ffb.ee\/fi\/wp-json\/wp\/v2\/product_cat?post=51037"},{"taxonomy":"product_tag","embeddable":true,"href":"https:\/\/www.xn--tuksimaailm-ffb.ee\/fi\/wp-json\/wp\/v2\/product_tag?post=51037"},{"taxonomy":"filter_elektritoukeratas","embeddable":true,"href":"https:\/\/www.xn--tuksimaailm-ffb.ee\/fi\/wp-json\/wp\/v2\/filter_elektritoukeratas?post=51037"}],"curies":[{"name":"wp","href":"https:\/\/api.w.org\/{rel}","templated":true}]}}