{"id":51061,"date":"2024-03-05T15:19:02","date_gmt":"2024-03-05T12:19:02","guid":{"rendered":"http:\/\/www.xn--tuksimaailm-ffb.ee\/shop\/ado-beast-20f-sahkopolkupyora\/"},"modified":"2024-03-05T15:19:02","modified_gmt":"2024-03-05T12:19:02","slug":"ado-beast-20f-sahkopolkupyora","status":"publish","type":"product","link":"https:\/\/www.xn--tuksimaailm-ffb.ee\/fi\/shop\/ado-beast-20f-sahkopolkupyora\/","title":{"rendered":"ADO Beast 20F s\u00e4hk\u00f6polkupy\u00f6r\u00e4"},"content":{"rendered":"<h2 style=\"text-align: center;\">ADO BEAST 20F S\u00c4HK\u00d6POLKUPY\u00d6R\u00c4 TUOTEKUVAUS<\/h2>\n<p style=\"caret-color: #000000; color: #000000;\">ADO Beast 20F on huippuluokan kokoontaitettava s\u00e4hk\u00f6py\u00f6r\u00e4, joka on suunniteltu niin kaupunkiliikenteen ty\u00f6matkalaisille kuin seikkailunhaluisillekin. ADO Beast -s\u00e4hk\u00f6py\u00f6r\u00e4 on varustettu<strong>\u00a0250 W:n<\/strong>\u00a0harjattavalla moottorilla, ja se tarjoaa tasaisen ajon sek\u00e4 kaupungissa ett\u00e4 maastossa, ja se on tarpeeksi tehokas voittamaan kaikki tiell\u00e4 kohtaamasi vaikeudet. Tehokas moottori yhdistettyn\u00e4\u00a0<strong>36V\/14,5Ah<\/strong>\u00a0akkuun tarjoaa vaikuttavan toimintas\u00e4teen, joka on jopa\u00a0<strong>120 km<\/strong>yhdell\u00e4 latauksella ajo-olosuhteista riippuen, ja\u00a0<strong>akku on helposti irrotettavissa<\/strong>, mik\u00e4 helpottaa k\u00e4tev\u00e4\u00e4 lataamista kotona tai toimistossa ilman, ett\u00e4 py\u00f6r\u00e4\u00e4 tarvitsee kantaa mukana. ADO Beast -s\u00e4hk\u00f6py\u00f6r\u00e4t on valmistettu korkealaatuisesta alumiiniseoksesta, mik\u00e4 tekee niist\u00e4 kevyit\u00e4 ja kest\u00e4vi\u00e4. ADO Beast 20F -taittomekanismi on hy\u00f6dyllinen niille, joilla on rajoitetusti s\u00e4ilytystilaa asunnossa, tai k\u00e4tev\u00e4\u00e4n kuljetukseen autoissa ja julkisissa liikennev\u00e4lineiss\u00e4, sill\u00e4 se mahtuu helposti pienempiin tiloihin.<\/p>\n<p style=\"caret-color: #000000; color: #000000;\">ADO Beast asettaa turvallisuuden etusijalle, mink\u00e4 vuoksi ADO-s\u00e4hk\u00f6py\u00f6r\u00e4t on\u00a0<strong>varustettu kaksinkertaisilla hydraulisilla levyjarruilla<\/strong>, jotka takaavat luotettavan ja tasaisen jarrutusvoiman erilaisissa s\u00e4\u00e4- ja maasto-olosuhteissa. ADO Beast -s\u00e4hk\u00f6py\u00f6r\u00e4t on varustettu\u00a0<strong>LED-ajovaloilla<\/strong>, jotka parantavat n\u00e4kyvyytt\u00e4 ajettaessa y\u00f6ll\u00e4 tai heikossa valaistuksessa. ADO Beast -s\u00e4hk\u00f6py\u00f6r\u00e4 on my\u00f6s\u00a0<strong>varustettu Shimanon 7-vaihteisella vaihteistolla<\/strong>, joka takaa pehme\u00e4t vaihteenvaihdot erilaisissa maastoissa ja tilanteissa. ADO Beast -s\u00e4hk\u00f6py\u00f6r\u00e4 on varustettu t\u00e4ysin s\u00e4\u00e4dett\u00e4v\u00e4ll\u00e4 satulalla ja ohjaustangolla, joiden avulla kuljettaja voi l\u00f6yt\u00e4\u00e4 mukavan ajoasennon pidemmille ajomatkoille. ADO Beastin etujousitusj\u00e4rjestelm\u00e4 auttaa vaimentamaan tien kuoppia, mik\u00e4 takaa tasaisen ja mukavan ajon kaikissa olosuhteissa. Teknologian yst\u00e4ville ADO Beastissa on<strong>\u00a0LCD-n\u00e4ytt\u00f6<\/strong>, joka n\u00e4ytt\u00e4\u00e4 reaaliaikaiset tiedot nopeudesta, akun kestosta ja ajetusta matkasta. ADO Beast 20F:n \u00e4lyn\u00e4ytt\u00f6 on my\u00f6s vedenpit\u00e4v\u00e4 (IPX7) ja takaa n\u00e4kyvyyden my\u00f6s kirkkaassa auringonvalossa.<\/p>\n<p><iframe title=\"This is the most popular fat tyre electric bike | ADO BEAST Review\" width=\"1082\" height=\"609\" src=\"https:\/\/www.youtube.com\/embed\/VbZjDIWG3lQ?feature=oembed\" frameborder=\"0\" allow=\"accelerometer; autoplay; clipboard-write; encrypted-media; gyroscope; picture-in-picture; web-share\" referrerpolicy=\"strict-origin-when-cross-origin\" allowfullscreen><\/iframe><\/p>\n<h2 style=\"text-align: center;\">TURVALLISUUS<\/h2>\n<p style=\"caret-color: #000000; color: #000000;\"><a>Kyp\u00e4r\u00e4n<\/a>\u00a0k\u00e4ytt\u00f6 on eritt\u00e4in suositeltavaa kaikille aikuisille s\u00e4hk\u00f6py\u00f6r\u00e4ilij\u00f6ille. Alle 16-vuotiaiden on\u00a0<a href=\"https:\/\/www.riigiteataja.ee\/akt\/113112020001\">lain<\/a>\u00a0mukaan k\u00e4ytett\u00e4v\u00e4 kyp\u00e4r\u00e4\u00e4 s\u00e4hk\u00f6py\u00f6r\u00e4ll\u00e4 ajaessaan. Kaikki s\u00e4hk\u00f6py\u00f6r\u00e4t l\u00f6ytyv\u00e4t\u00a0<a href=\"http:\/\/www.xn--tuksimaailm-ffb.ee\/tootekategooria\/elektritoukeratas\/\"><strong>t\u00e4\u00e4lt\u00e4<\/strong><\/a>.<\/p>\n<p style=\"caret-color: #000000; color: #000000;\"><strong>Kun ostat s\u00e4hk\u00f6py\u00f6r\u00e4n liikkeest\u00e4mme, saat kaikki\u00a0<\/strong><a href=\"http:\/\/www.xn--tuksimaailm-ffb.ee\/tootekategooria\/lisavarustus\/\"><strong>lis\u00e4varusteet<\/strong><\/a><strong>\u00a0<\/strong><strong>s\u00e4hk\u00f6py\u00f6r\u00e4n oston yhteydess\u00e4 -20%!<\/strong><\/p>\n<table class=\"tg\" style=\"max-width: 600px; margin-right: auto; margin-bottom: 0px; margin-left: auto; width: 82.6085%; height: 406px;\">\n<tbody>\n<tr style=\"height: 27px;\">\n<td style=\"font-size: 14px; padding: 5px; border-style: solid; background-color: #e4e1e1; color: #333333; font-weight: bold; overflow: hidden; text-align: center; vertical-align: top; word-break: normal; height: 27px; width: 99.66329966329965%;\" colspan=\"2\" data-darkreader-inline-bgcolor=\"\" data-darkreader-inline-color=\"\">Tekniset tiedot<\/td>\n<\/tr>\n<tr style=\"height: 27px;\">\n<td style=\"font-size: 14px; padding: 5px; border-style: solid; background-color: #e4e1e1; color: #333333; font-weight: bold; overflow: hidden; text-align: right; vertical-align: top; word-break: normal; height: 27px; width: 54.71380471380471%;\" data-darkreader-inline-bgcolor=\"\" data-darkreader-inline-color=\"\">Malli<\/td>\n<td style=\"font-size: 14px; padding: 5px; border-style: solid; overflow: hidden; text-align: center; vertical-align: top; word-break: normal; height: 27px; width: 44.94949494949495%;\">ADO Beast 20F<\/td>\n<\/tr>\n<tr style=\"height: 27px;\">\n<td style=\"font-size: 14px; padding: 5px; border-style: solid; background-color: #e4e1e1; color: #333333; font-weight: bold; overflow: hidden; text-align: right; vertical-align: top; word-break: normal; height: 27px; width: 54.71380471380471%;\" data-darkreader-inline-bgcolor=\"\" data-darkreader-inline-color=\"\">Akku<\/td>\n<td style=\"font-size: 14px; padding: 5px; border-style: solid; overflow: hidden; text-align: center; vertical-align: top; word-break: normal; height: 27px; width: 44.94949494949495%;\">36V \/ 14.5Ah 522Wh<\/td>\n<\/tr>\n<tr style=\"height: 27px;\">\n<td style=\"font-size: 14px; padding: 5px; border-style: solid; background-color: #e4e1e1; color: #333333; font-weight: bold; overflow: hidden; text-align: right; vertical-align: top; word-break: normal; height: 27px; width: 54.71380471380471%;\" data-darkreader-inline-bgcolor=\"\" data-darkreader-inline-color=\"\">Latausaika<\/td>\n<td style=\"font-size: 14px; padding: 5px; border-style: solid; overflow: hidden; text-align: center; vertical-align: top; word-break: normal; height: 27px; width: 44.94949494949495%;\">5-7h<\/td>\n<\/tr>\n<tr style=\"height: 27px;\">\n<td style=\"font-size: 14px; padding: 5px; border-style: solid; background-color: #e4e1e1; color: #333333; font-weight: bold; overflow: hidden; text-align: right; vertical-align: top; word-break: normal; height: 27px; width: 54.71380471380471%;\" data-darkreader-inline-bgcolor=\"\" data-darkreader-inline-color=\"\">Moottorin teho<\/td>\n<td style=\"font-size: 14px; padding: 5px; border-style: solid; overflow: hidden; text-align: center; vertical-align: top; word-break: normal; height: 27px; width: 44.94949494949495%;\">250W (pysyv\u00e4 nimellisteho)<\/td>\n<\/tr>\n<tr style=\"height: 55px;\">\n<td style=\"font-size: 14px; padding: 5px; border-style: solid; background-color: #e4e1e1; color: #333333; font-weight: bold; overflow: hidden; text-align: right; vertical-align: top; word-break: normal; height: 55px; width: 54.71380471380471%;\" data-darkreader-inline-bgcolor=\"\" data-darkreader-inline-color=\"\">Ajomatka (<strong style=\"caret-color: #000000; color: #000000; text-align: start; font-family: inherit;\">valmistajan erittely<\/strong><span style=\"font-family: inherit;\">)<\/span><\/td>\n<td style=\"font-size: 14px; padding: 5px; border-style: solid; overflow: hidden; text-align: center; vertical-align: top; word-break: normal; height: 55px; width: 44.94949494949495%;\">jopa 120 km<\/td>\n<\/tr>\n<tr style=\"height: 27px;\">\n<td style=\"font-size: 14px; padding: 5px; border-style: solid; background-color: #e4e1e1; color: #333333; font-weight: bold; overflow: hidden; text-align: right; vertical-align: top; word-break: normal; height: 27px; width: 54.71380471380471%;\" data-darkreader-inline-bgcolor=\"\" data-darkreader-inline-color=\"\">Etujarru<\/td>\n<td style=\"font-size: 14px; padding: 5px; border-style: solid; overflow: hidden; text-align: center; vertical-align: top; word-break: normal; height: 27px; width: 44.94949494949495%;\">hydraulinen levyjarruj\u00e4rjestelm\u00e4<\/td>\n<\/tr>\n<tr style=\"height: 27px;\">\n<td style=\"font-size: 14px; padding: 5px; border-style: solid; background-color: #e4e1e1; color: #333333; font-weight: bold; overflow: hidden; text-align: right; vertical-align: top; word-break: normal; height: 27px; width: 54.71380471380471%;\" data-darkreader-inline-bgcolor=\"\" data-darkreader-inline-color=\"\">Takajarru<\/td>\n<td style=\"font-size: 14px; padding: 5px; border-style: solid; overflow: hidden; text-align: center; vertical-align: top; word-break: normal; height: 27px; width: 44.94949494949495%;\">hydraulinen levyjarruj\u00e4rjestelm\u00e4<\/td>\n<\/tr>\n<tr style=\"height: 27px;\">\n<td style=\"font-size: 14px; padding: 5px; border-style: solid; background-color: #e4e1e1; color: #333333; font-weight: bold; overflow: hidden; text-align: right; vertical-align: top; word-break: normal; height: 27px; width: 54.71380471380471%;\" data-darkreader-inline-bgcolor=\"\" data-darkreader-inline-color=\"\">Painorajoitus<\/td>\n<td style=\"font-size: 14px; padding: 5px; border-style: solid; overflow: hidden; text-align: center; vertical-align: top; word-break: normal; height: 27px; width: 44.94949494949495%;\">120kg<\/td>\n<\/tr>\n<tr style=\"height: 27px;\">\n<td style=\"font-size: 14px; padding: 5px; border-style: solid; background-color: #e4e1e1; color: #333333; font-weight: bold; overflow: hidden; text-align: right; vertical-align: top; word-break: normal; height: 27px; width: 54.71380471380471%;\" data-darkreader-inline-bgcolor=\"\" data-darkreader-inline-color=\"\"><span class=\"x4k7w5x x1h91t0o x1h9r5lt xv2umb2 x1beo9mf xaigb6o x12ejxvf x3igimt xarpa2k xedcshv x1lytzrv x1t2pt76 x7ja8zs x1qrby5j x1jfb8zj\">Nopeus<\/span><\/td>\n<td style=\"font-size: 14px; padding: 5px; border-style: solid; overflow: hidden; text-align: center; vertical-align: top; word-break: normal; height: 27px; width: 44.94949494949495%;\">25km\/h<\/td>\n<\/tr>\n<tr style=\"height: 27px;\">\n<td style=\"font-size: 14px; padding: 5px; border-style: solid; background-color: #e4e1e1; color: #333333; font-weight: bold; overflow: hidden; text-align: right; vertical-align: top; word-break: normal; height: 27px; width: 54.71380471380471%;\" data-darkreader-inline-bgcolor=\"\" data-darkreader-inline-color=\"\">Paino<\/td>\n<td style=\"font-size: 14px; padding: 5px; border-style: solid; overflow: hidden; text-align: center; vertical-align: top; word-break: normal; height: 27px; width: 44.94949494949495%;\">27.3kg<\/td>\n<\/tr>\n<tr style=\"height: 27px;\">\n<td style=\"font-size: 14px; padding: 5px 5px 5px 125px; border-style: solid; background-color: #e4e1e1; color: #333333; font-weight: bold; overflow: hidden; vertical-align: top; word-break: normal; height: 27px; text-align: right; width: 54.71380471380471%;\" data-darkreader-inline-bgcolor=\"\" data-darkreader-inline-color=\"\">Moottorisoitu py\u00f6r\u00e4<\/td>\n<td style=\"font-size: 14px; padding: 5px; border-style: solid; overflow: hidden; text-align: center; vertical-align: top; word-break: normal; height: 27px; width: 44.94949494949495%;\">\n<p>takapy\u00f6r\u00e4<\/p>\n<\/td>\n<\/tr>\n<tr style=\"height: 27px;\">\n<td style=\"font-size: 14px; padding: 5px; border-style: solid; background-color: #e4e1e1; color: #333333; font-weight: bold; overflow: hidden; text-align: right; vertical-align: top; word-break: normal; height: 27px; width: 54.71380471380471%;\" data-darkreader-inline-bgcolor=\"\" data-darkreader-inline-color=\"\">Renkaat<\/td>\n<td style=\"font-size: 14px; padding: 5px; border-style: solid; overflow: hidden; text-align: center; vertical-align: top; word-break: normal; height: 27px; width: 44.94949494949495%;\">20\" x 4.0 ilmarenkaat<\/td>\n<\/tr>\n<tr style=\"height: 27px;\">\n<td style=\"font-size: 14px; padding: 5px; border-style: solid; background-color: #e4e1e1; color: #333333; font-weight: bold; overflow: hidden; text-align: right; vertical-align: top; word-break: normal; height: 27px; width: 54.71380471380471%;\" data-darkreader-inline-bgcolor=\"\" data-darkreader-inline-color=\"\">Tien enim\u00e4iskaltevus<\/td>\n<td style=\"font-size: 14px; padding: 5px; border-style: solid; overflow: hidden; text-align: center; vertical-align: top; word-break: normal; height: 27px; width: 44.94949494949495%;\">TBD<\/td>\n<\/tr>\n<\/tbody>\n<\/table>\n","protected":false},"excerpt":{"rendered":"<p><a href=\"http:\/\/www.xn--tuksimaailm-ffb.ee\/kontakt\/\"><strong>L\u00f6ysitk\u00f6 paremman hinnan? Kirjoita meille, niin teemme sinulle paremman tarjouksen!<\/strong><\/a><\/p>\n<p style=\"caret-color: #000000; color: #000000;\"><strong>Kaikki\u00a0<\/strong><a><strong>lis\u00e4varusteet<\/strong><\/a><strong>\u00a0ja\u00a0<\/strong><a><strong>varaosat<\/strong><\/a><strong>\u00a0ovat -20 %, kun ne ostetaan s\u00e4hk\u00f6py\u00f6r\u00e4n kanssa.<\/strong>\u00a0<strong>Alennus otetaan automaattisesti k\u00e4ytt\u00f6\u00f6n, kun lis\u00e4\u00e4t sen ostoskoriin!<\/strong><\/p>\n<p style=\"caret-color: #000000; color: #000000;\"><strong><em>Toimitusaika: 1-5h<\/em><\/strong><\/p>\n<p><em><strong>\u00a0<\/strong><\/em><\/p>\n","protected":false},"featured_media":42943,"template":"","meta":[],"product_brand":[],"product_cat":[2656],"product_tag":[],"filter_elektritoukeratas":[],"class_list":{"0":"post-51061","1":"product","2":"type-product","3":"status-publish","4":"has-post-thumbnail","6":"product_cat-sahkopyora","7":"product_shipping_class-keskmine-pakk-fi","8":"pa_aku-mahutavus-wh-522-fi","9":"pa_kaal-kg-27-3-fi","10":"pa_kandevoime-kg-120-fi","11":"pa_size-ce-versio-khaki","12":"pa_size-ce-versio-musta","13":"pa_size-ce-versio-vaalea","14":"pa_tootetuup-sahkopyora","15":"pa_valmistaja-ado-fi","16":"pa_valmistajakiirus-25-fi","17":"pa_voimsus-w-250-fi","19":"first","20":"instock","21":"taxable","22":"shipping-taxable","23":"purchasable","24":"product-type-variable"},"yoast_head":"<!-- This site is optimized with the Yoast SEO Premium plugin v26.8 (Yoast SEO v27.5) - https:\/\/yoast.com\/product\/yoast-seo-premium-wordpress\/ -->\n<title>ADO Beast 20F s\u00e4hk\u00f6polkupy\u00f6r\u00e4 | T\u00f5uksimaailm | Elektriline jalgratas<\/title>\n<meta name=\"description\" content=\"ADO Beast 20F elektrijalgratas on mugav ja kompaktne elektris\u00f5iduk igap\u00e4evaseks liikumiseks. Naudi liikumisvabadust ADO Beast 20F elektrijalgrattaga.\" \/>\n<meta name=\"robots\" content=\"index, follow, max-snippet:-1, max-image-preview:large, max-video-preview:-1\" \/>\n<link rel=\"canonical\" href=\"https:\/\/www.xn--tuksimaailm-ffb.ee\/fi\/shop\/ado-beast-20f-sahkopolkupyora\/\" \/>\n<meta property=\"og:locale\" content=\"fi_FI\" \/>\n<meta property=\"og:type\" content=\"article\" \/>\n<meta property=\"og:title\" content=\"ADO Beast 20F s\u00e4hk\u00f6polkupy\u00f6r\u00e4\" \/>\n<meta property=\"og:description\" content=\"ADO Beast 20F elektrijalgratas on mugav ja kompaktne elektris\u00f5iduk igap\u00e4evaseks liikumiseks. Naudi liikumisvabadust ADO Beast 20F elektrijalgrattaga.\" \/>\n<meta property=\"og:url\" content=\"https:\/\/www.xn--tuksimaailm-ffb.ee\/fi\/shop\/ado-beast-20f-sahkopolkupyora\/\" \/>\n<meta property=\"og:site_name\" content=\"T\u00f5uksimaailm\" \/>\n<meta property=\"article:publisher\" content=\"https:\/\/www.facebook.com\/touksimaailm\/\" \/>\n<meta property=\"og:image\" content=\"https:\/\/www.xn--tuksimaailm-ffb.ee\/wp-content\/uploads\/2024\/03\/ado_20f_elektrijalgratas_wordpress_5.png\" \/>\n\t<meta property=\"og:image:width\" content=\"1000\" \/>\n\t<meta property=\"og:image:height\" content=\"1000\" \/>\n\t<meta property=\"og:image:type\" content=\"image\/png\" \/>\n<meta name=\"twitter:card\" content=\"summary_large_image\" \/>\n<meta name=\"twitter:label1\" content=\"Saatavuus\" \/>\n\t<meta name=\"twitter:data1\" content=\"Varastossa\" \/>\n<meta property=\"og:availability\" content=\"instock\" \/>\n<meta property=\"product:availability\" content=\"instock\" \/>\n<meta property=\"product:retailer_item_id\" content=\"ADO-BEAST-20F\" \/>\n<meta property=\"product:condition\" content=\"new\" \/>\n<!-- \/ Yoast SEO Premium plugin. -->","yoast_head_json":{"title":"ADO Beast 20F s\u00e4hk\u00f6polkupy\u00f6r\u00e4 | T\u00f5uksimaailm | Elektriline jalgratas","description":"ADO Beast 20F elektrijalgratas on mugav ja kompaktne elektris\u00f5iduk igap\u00e4evaseks liikumiseks. Naudi liikumisvabadust ADO Beast 20F elektrijalgrattaga.","robots":{"index":"index","follow":"follow","max-snippet":"max-snippet:-1","max-image-preview":"max-image-preview:large","max-video-preview":"max-video-preview:-1"},"canonical":"https:\/\/www.xn--tuksimaailm-ffb.ee\/fi\/shop\/ado-beast-20f-sahkopolkupyora\/","og_locale":"fi_FI","og_type":"article","og_title":"ADO Beast 20F s\u00e4hk\u00f6polkupy\u00f6r\u00e4","og_description":"ADO Beast 20F elektrijalgratas on mugav ja kompaktne elektris\u00f5iduk igap\u00e4evaseks liikumiseks. Naudi liikumisvabadust ADO Beast 20F elektrijalgrattaga.","og_url":"https:\/\/www.xn--tuksimaailm-ffb.ee\/fi\/shop\/ado-beast-20f-sahkopolkupyora\/","og_site_name":"T\u00f5uksimaailm","article_publisher":"https:\/\/www.facebook.com\/touksimaailm\/","og_image":[{"width":1000,"height":1000,"url":"https:\/\/www.xn--tuksimaailm-ffb.ee\/wp-content\/uploads\/2024\/03\/ado_20f_elektrijalgratas_wordpress_5.png","type":"image\/png"}],"twitter_card":"summary_large_image","twitter_misc":{"Saatavuus":"Varastossa"},"schema":{"@context":"https:\/\/schema.org","@graph":[{"@type":"WebPage","@id":"https:\/\/www.xn--tuksimaailm-ffb.ee\/fi\/shop\/ado-beast-20f-sahkopolkupyora\/","url":"https:\/\/www.xn--tuksimaailm-ffb.ee\/fi\/shop\/ado-beast-20f-sahkopolkupyora\/","name":"ADO Beast 20F s\u00e4hk\u00f6polkupy\u00f6r\u00e4 | T\u00f5uksimaailm | Elektriline jalgratas","isPartOf":{"@id":"https:\/\/www.xn--tuksimaailm-ffb.ee\/fi\/#website"},"primaryImageOfPage":{"@id":"https:\/\/www.xn--tuksimaailm-ffb.ee\/fi\/shop\/ado-beast-20f-sahkopolkupyora\/#primaryimage"},"image":{"@id":"https:\/\/www.xn--tuksimaailm-ffb.ee\/fi\/shop\/ado-beast-20f-sahkopolkupyora\/#primaryimage"},"thumbnailUrl":"https:\/\/www.xn--tuksimaailm-ffb.ee\/wp-content\/uploads\/2024\/03\/ado_20f_elektrijalgratas_wordpress_5.png","datePublished":"2024-03-05T12:19:02+00:00","description":"ADO Beast 20F elektrijalgratas on mugav ja kompaktne elektris\u00f5iduk igap\u00e4evaseks liikumiseks. Naudi liikumisvabadust ADO Beast 20F elektrijalgrattaga.","breadcrumb":{"@id":"https:\/\/www.xn--tuksimaailm-ffb.ee\/fi\/shop\/ado-beast-20f-sahkopolkupyora\/#breadcrumb"},"inLanguage":"fi","potentialAction":[{"@type":"ReadAction","target":["https:\/\/www.xn--tuksimaailm-ffb.ee\/fi\/shop\/ado-beast-20f-sahkopolkupyora\/"]}]},{"@type":"ImageObject","inLanguage":"fi","@id":"https:\/\/www.xn--tuksimaailm-ffb.ee\/fi\/shop\/ado-beast-20f-sahkopolkupyora\/#primaryimage","url":"https:\/\/www.xn--tuksimaailm-ffb.ee\/wp-content\/uploads\/2024\/03\/ado_20f_elektrijalgratas_wordpress_5.png","contentUrl":"https:\/\/www.xn--tuksimaailm-ffb.ee\/wp-content\/uploads\/2024\/03\/ado_20f_elektrijalgratas_wordpress_5.png","width":1000,"height":1000,"caption":"ado beast 20f elektriratas elektrilised jalgrattad elektrirattad elektrijalgrattad elektrijalgratas elektrijalgrattad 5"},{"@type":"BreadcrumbList","@id":"https:\/\/www.xn--tuksimaailm-ffb.ee\/fi\/shop\/ado-beast-20f-sahkopolkupyora\/#breadcrumb","itemListElement":[{"@type":"ListItem","position":1,"name":"Home","item":"https:\/\/www.xn--tuksimaailm-ffb.ee\/fi\/kotisivu\/"},{"@type":"ListItem","position":2,"name":"Kauppa","item":"https:\/\/www.xn--tuksimaailm-ffb.ee\/elektritoukerataste-pood\/"},{"@type":"ListItem","position":3,"name":"ADO Beast 20F s\u00e4hk\u00f6polkupy\u00f6r\u00e4"}]},{"@type":"WebSite","@id":"https:\/\/www.xn--tuksimaailm-ffb.ee\/fi\/#website","url":"https:\/\/www.xn--tuksimaailm-ffb.ee\/fi\/","name":"T\u00f5uksimaailm","description":"Elektrit\u00f5ukerataste m\u00fc\u00fck, remont ja rent","publisher":{"@id":"https:\/\/www.xn--tuksimaailm-ffb.ee\/fi\/#organization"},"potentialAction":[{"@type":"SearchAction","target":{"@type":"EntryPoint","urlTemplate":"https:\/\/www.xn--tuksimaailm-ffb.ee\/fi\/?s={search_term_string}"},"query-input":{"@type":"PropertyValueSpecification","valueRequired":true,"valueName":"search_term_string"}}],"inLanguage":"fi"},{"@type":"Organization","@id":"https:\/\/www.xn--tuksimaailm-ffb.ee\/fi\/#organization","name":"T\u00f5uksimaailm","url":"https:\/\/www.xn--tuksimaailm-ffb.ee\/fi\/","logo":{"@type":"ImageObject","inLanguage":"fi","@id":"https:\/\/www.xn--tuksimaailm-ffb.ee\/fi\/#\/schema\/logo\/image\/","url":"https:\/\/www.xn--tuksimaailm-ffb.ee\/wp-content\/uploads\/2020\/01\/logoz-e1579792875517.png","contentUrl":"https:\/\/www.xn--tuksimaailm-ffb.ee\/wp-content\/uploads\/2020\/01\/logoz-e1579792875517.png","width":250,"height":250,"caption":"T\u00f5uksimaailm"},"image":{"@id":"https:\/\/www.xn--tuksimaailm-ffb.ee\/fi\/#\/schema\/logo\/image\/"},"sameAs":["https:\/\/www.facebook.com\/touksimaailm\/","https:\/\/www.instagram.com\/touksimaailm_\/","https:\/\/www.youtube.com\/channel\/UC18ml0EKIDLP1xGuQjFzcXQ"]}]},"og_availability":"instock","product_availability":"instock","product_retailer_item_id":"ADO-BEAST-20F","product_condition":"new"},"jetpack_sharing_enabled":true,"_links":{"self":[{"href":"https:\/\/www.xn--tuksimaailm-ffb.ee\/fi\/wp-json\/wp\/v2\/product\/51061","targetHints":{"allow":["GET"]}}],"collection":[{"href":"https:\/\/www.xn--tuksimaailm-ffb.ee\/fi\/wp-json\/wp\/v2\/product"}],"about":[{"href":"https:\/\/www.xn--tuksimaailm-ffb.ee\/fi\/wp-json\/wp\/v2\/types\/product"}],"wp:featuredmedia":[{"embeddable":true,"href":"https:\/\/www.xn--tuksimaailm-ffb.ee\/fi\/wp-json\/wp\/v2\/media\/42943"}],"wp:attachment":[{"href":"https:\/\/www.xn--tuksimaailm-ffb.ee\/fi\/wp-json\/wp\/v2\/media?parent=51061"}],"wp:term":[{"taxonomy":"product_brand","embeddable":true,"href":"https:\/\/www.xn--tuksimaailm-ffb.ee\/fi\/wp-json\/wp\/v2\/product_brand?post=51061"},{"taxonomy":"product_cat","embeddable":true,"href":"https:\/\/www.xn--tuksimaailm-ffb.ee\/fi\/wp-json\/wp\/v2\/product_cat?post=51061"},{"taxonomy":"product_tag","embeddable":true,"href":"https:\/\/www.xn--tuksimaailm-ffb.ee\/fi\/wp-json\/wp\/v2\/product_tag?post=51061"},{"taxonomy":"filter_elektritoukeratas","embeddable":true,"href":"https:\/\/www.xn--tuksimaailm-ffb.ee\/fi\/wp-json\/wp\/v2\/filter_elektritoukeratas?post=51061"}],"curies":[{"name":"wp","href":"https:\/\/api.w.org\/{rel}","templated":true}]}}