{"id":51104,"date":"2024-03-05T15:10:20","date_gmt":"2024-03-05T12:10:20","guid":{"rendered":"http:\/\/www.xn--tuksimaailm-ffb.ee\/shop\/ado-a20f-sahkopolkupyora\/"},"modified":"2024-03-05T15:10:20","modified_gmt":"2024-03-05T12:10:20","slug":"ado-a20f-sahkopolkupyora","status":"publish","type":"product","link":"https:\/\/www.xn--tuksimaailm-ffb.ee\/fi\/shop\/ado-a20f-sahkopolkupyora\/","title":{"rendered":"ADO A20F+ s\u00e4hk\u00f6polkupy\u00f6r\u00e4"},"content":{"rendered":"<h2 style=\"text-align: center;\">ADO A20F+ S\u00c4HK\u00d6POLKUPY\u00d6R\u00c4 TUOTEKUVAUS<\/h2>\n<p style=\"caret-color: #000000; color: #000000;\">ADO A20F+ -s\u00e4hk\u00f6polkupy\u00f6r\u00e4 on huippuluokan ratkaisu kaupunkiliikenteen ty\u00f6matkalaisille ja seikkailunhaluisille. Modernin muotoilun, tehokkaan suorituskyvyn ja innovatiivisten ominaisuuksien ansiosta A20F+ tekee matkustamisesta tyylik\u00e4st\u00e4 ja mukavaa. ADO A20 -s\u00e4hk\u00f6py\u00f6r\u00e4 on valmistettu korkealaatuisesta alumiiniseoksesta, joka tarjoaa erinomaisen tasapainon lujuuden ja keveyden v\u00e4lill\u00e4.\u00a0<strong>Kokoontaitettava muotoilu<\/strong>\u00a0lis\u00e4\u00e4 k\u00e4yt\u00e4nn\u00f6llisyytt\u00e4, jolloin py\u00f6r\u00e4 voidaan k\u00e4tev\u00e4sti s\u00e4ilytt\u00e4\u00e4 ahtaissa tiloissa tai kuljettaa autossa. ADO A20 -s\u00e4hk\u00f6py\u00f6r\u00e4n\u00a0<strong>20x4\u201d leve\u00e4t renkaat<\/strong>\u00a0tarjoavat erinomaisen vakauden ja pidon, ja ne sopivat niin kaupunkien kaduille kuin karummillekin poluille. ADO A20 -s\u00e4hk\u00f6py\u00f6r\u00e4 on varustettu etu- ja takalokasuojilla, tavaratelineell\u00e4 ja integroiduilla<strong>\u00a0LED-valoilla, jotka<\/strong>\u00a0lis\u00e4\u00e4v\u00e4t turvallisuutta pime\u00e4ss\u00e4 ja huonon n\u00e4kyvyyden olosuhteissa. ADO A20F+ -s\u00e4hk\u00f6py\u00f6r\u00e4t on varustettu tehokkaalla\u00a0<strong>250W:n<\/strong>harjattomalla moottorilla, joka mahdollistaa jopa\u00a0<strong>25km\/h<\/strong>\u00a0nopeuden. Yhdess\u00e4 tehokkaan\u00a0<strong>36V\/12,5Ah<\/strong>\u00a0litiumakun kanssa A20F+-s\u00e4hk\u00f6py\u00f6r\u00e4t tarjoavat vaikuttavan toimintas\u00e4teen, joka on jopa 80 km yhdell\u00e4 latauksella. Kuljettaja voi valita kolmesta tilasta - puhdas s\u00e4hk\u00f6, poljinavustin ja manuaalinen - ja r\u00e4\u00e4t\u00e4l\u00f6id\u00e4 ajokokemuksensa henkil\u00f6kohtaisten mieltymysten ja tarpeiden mukaan. ADO A20F+:n akku on my\u00f6s helposti irrotettavissa, mik\u00e4 helpottaa k\u00e4tev\u00e4\u00e4 lataamista kotona tai toimistossa ilman, ett\u00e4 py\u00f6r\u00e4\u00e4 tarvitsee kantaa mukana.<\/p>\n<p style=\"caret-color: #000000; color: #000000;\">ADO A20F+ -s\u00e4hk\u00f6py\u00f6r\u00e4t on varustettu\u00a0<strong>Shimanon 7-vaihteisella vaihteenvaihtoj\u00e4rjestelm\u00e4ll\u00e4<\/strong>, joka takaa pehme\u00e4t vaihteenvaihdot eri maastoissa ja tilanteissa. Mekaaniset levyjarrut edess\u00e4 ja takana takaavat luotettavan ja tasaisen jarrutustehon kaikissa olosuhteissa, kun taas etujousitus vaimentaa tien t\u00f6yssyj\u00e4 ja takaa tasaisen ajon ep\u00e4tasaisilla pinnoilla. Yksi A20F+:n erinomaisista ominaisuuksista on sen\u00a0<strong>LCD-n\u00e4ytt\u00f6<\/strong>, joka antaa reaaliaikaisia tietoja nopeudesta, akun varaustilasta ja ajetusta matkasta. ADO A20F+ -s\u00e4hk\u00f6py\u00f6r\u00e4 on mestarillinen yhdistelm\u00e4 tyyli\u00e4, suorituskyky\u00e4 ja teknist\u00e4 edistyst\u00e4, ja se on t\u00e4ydellinen s\u00e4hk\u00f6py\u00f6r\u00e4 jokap\u00e4iv\u00e4iseen kaupunkiajoon tai seikkailunhaluiseen maastoajoon.<\/p>\n<p><iframe title=\"ADO A20F+ Electric Bike Review:  6 weeks later\" width=\"1082\" height=\"609\" src=\"https:\/\/www.youtube.com\/embed\/TDegx1yDwPQ?feature=oembed\" frameborder=\"0\" allow=\"accelerometer; autoplay; clipboard-write; encrypted-media; gyroscope; picture-in-picture; web-share\" referrerpolicy=\"strict-origin-when-cross-origin\" allowfullscreen><\/iframe><\/p>\n<h2 style=\"text-align: center;\">TURVALLISUUS<\/h2>\n<p style=\"caret-color: #000000; color: #000000;\"><a>Kyp\u00e4r\u00e4n<\/a>\u00a0k\u00e4ytt\u00f6 on eritt\u00e4in suositeltavaa kaikille aikuisille s\u00e4hk\u00f6py\u00f6r\u00e4ilij\u00f6ille. Alle 16-vuotiaiden on\u00a0<a href=\"https:\/\/www.riigiteataja.ee\/akt\/113112020001\">lain<\/a>\u00a0mukaan k\u00e4ytett\u00e4v\u00e4 kyp\u00e4r\u00e4\u00e4 s\u00e4hk\u00f6py\u00f6r\u00e4ll\u00e4 ajaessaan. Kaikki s\u00e4hk\u00f6py\u00f6r\u00e4t l\u00f6ytyv\u00e4t\u00a0<a href=\"http:\/\/www.xn--tuksimaailm-ffb.ee\/tootekategooria\/elektritoukeratas\/\"><strong>t\u00e4\u00e4lt\u00e4<\/strong><\/a>.<\/p>\n<p style=\"caret-color: #000000; color: #000000;\"><strong>Kun ostat s\u00e4hk\u00f6py\u00f6r\u00e4n liikkeest\u00e4mme, saat kaikki\u00a0<\/strong><a href=\"http:\/\/www.xn--tuksimaailm-ffb.ee\/tootekategooria\/lisavarustus\/\"><strong>lis\u00e4varusteet<\/strong><\/a><strong>\u00a0<\/strong><strong>s\u00e4hk\u00f6py\u00f6r\u00e4n oston yhteydess\u00e4 -20%!<\/strong><\/p>\n<table class=\"tg\" style=\"max-width: 600px; margin-right: auto; margin-bottom: 0px; margin-left: auto; width: 82.6085%; height: 406px;\">\n<tbody>\n<tr style=\"height: 27px;\">\n<td style=\"font-size: 14px; padding: 5px; border-style: solid; background-color: #e4e1e1; color: #333333; font-weight: bold; overflow: hidden; text-align: center; vertical-align: top; word-break: normal; height: 27px; width: 99.66329966329965%;\" colspan=\"2\">Tekniset tiedot<\/td>\n<\/tr>\n<tr style=\"height: 27px;\">\n<td style=\"font-size: 14px; padding: 5px; border-style: solid; background-color: #e4e1e1; color: #333333; font-weight: bold; overflow: hidden; text-align: right; vertical-align: top; word-break: normal; height: 27px; width: 54.71380471380471%;\">Malli<\/td>\n<td style=\"font-size: 14px; padding: 5px; border-style: solid; overflow: hidden; text-align: center; vertical-align: top; word-break: normal; height: 27px; width: 44.94949494949495%;\">ADO A20F<\/td>\n<\/tr>\n<tr style=\"height: 27px;\">\n<td style=\"font-size: 14px; padding: 5px; border-style: solid; background-color: #e4e1e1; color: #333333; font-weight: bold; overflow: hidden; text-align: right; vertical-align: top; word-break: normal; height: 27px; width: 54.71380471380471%;\">Akku<\/td>\n<td style=\"font-size: 14px; padding: 5px; border-style: solid; overflow: hidden; text-align: center; vertical-align: top; word-break: normal; height: 27px; width: 44.94949494949495%;\">36V \/ 10.4Ah 374.4Wh<\/td>\n<\/tr>\n<tr style=\"height: 27px;\">\n<td style=\"font-size: 14px; padding: 5px; border-style: solid; background-color: #e4e1e1; color: #333333; font-weight: bold; overflow: hidden; text-align: right; vertical-align: top; word-break: normal; height: 27px; width: 54.71380471380471%;\">Latausaika<\/td>\n<td style=\"font-size: 14px; padding: 5px; border-style: solid; overflow: hidden; text-align: center; vertical-align: top; word-break: normal; height: 27px; width: 44.94949494949495%;\">6-7h<\/td>\n<\/tr>\n<tr style=\"height: 27px;\">\n<td style=\"font-size: 14px; padding: 5px; border-style: solid; background-color: #e4e1e1; color: #333333; font-weight: bold; overflow: hidden; text-align: right; vertical-align: top; word-break: normal; height: 27px; width: 54.71380471380471%;\">Moottorin teho<\/td>\n<td style=\"font-size: 14px; padding: 5px; border-style: solid; overflow: hidden; text-align: center; vertical-align: top; word-break: normal; height: 27px; width: 44.94949494949495%;\">250W (pysyv\u00e4 nimellisteho)<\/td>\n<\/tr>\n<tr style=\"height: 55px;\">\n<td style=\"font-size: 14px; padding: 5px; border-style: solid; background-color: #e4e1e1; color: #333333; font-weight: bold; overflow: hidden; text-align: right; vertical-align: top; word-break: normal; height: 55px; width: 54.71380471380471%;\">Ajomatka (<strong style=\"caret-color: #000000; color: #000000; text-align: start; font-family: inherit;\">valmistajan erittely<\/strong><span style=\"font-family: inherit;\">)<\/span><\/td>\n<td style=\"font-size: 14px; padding: 5px; border-style: solid; overflow: hidden; text-align: center; vertical-align: top; word-break: normal; height: 55px; width: 44.94949494949495%;\">kuni 70 km<\/td>\n<\/tr>\n<tr style=\"height: 27px;\">\n<td style=\"font-size: 14px; padding: 5px; border-style: solid; background-color: #e4e1e1; color: #333333; font-weight: bold; overflow: hidden; text-align: right; vertical-align: top; word-break: normal; height: 27px; width: 54.71380471380471%;\">Etujarru<\/td>\n<td style=\"font-size: 14px; padding: 5px; border-style: solid; overflow: hidden; text-align: center; vertical-align: top; word-break: normal; height: 27px; width: 44.94949494949495%;\">Mekaaninen levyjarruj\u00e4rjestelm\u00e4<\/td>\n<\/tr>\n<tr style=\"height: 27px;\">\n<td style=\"font-size: 14px; padding: 5px; border-style: solid; background-color: #e4e1e1; color: #333333; font-weight: bold; overflow: hidden; text-align: right; vertical-align: top; word-break: normal; height: 27px; width: 54.71380471380471%;\">Takajarru<\/td>\n<td style=\"font-size: 14px; padding: 5px; border-style: solid; overflow: hidden; text-align: center; vertical-align: top; word-break: normal; height: 27px; width: 44.94949494949495%;\">Mekaaninen levyjarruj\u00e4rjestelm\u00e4<\/td>\n<\/tr>\n<tr style=\"height: 27px;\">\n<td style=\"font-size: 14px; padding: 5px; border-style: solid; background-color: #e4e1e1; color: #333333; font-weight: bold; overflow: hidden; text-align: right; vertical-align: top; word-break: normal; height: 27px; width: 54.71380471380471%;\">Painorajoitus<\/td>\n<td style=\"font-size: 14px; padding: 5px; border-style: solid; overflow: hidden; text-align: center; vertical-align: top; word-break: normal; height: 27px; width: 44.94949494949495%;\">120kg<\/td>\n<\/tr>\n<tr style=\"height: 27px;\">\n<td style=\"font-size: 14px; padding: 5px; border-style: solid; background-color: #e4e1e1; color: #333333; font-weight: bold; overflow: hidden; text-align: right; vertical-align: top; word-break: normal; height: 27px; width: 54.71380471380471%;\"><span class=\"x4k7w5x x1h91t0o x1h9r5lt xv2umb2 x1beo9mf xaigb6o x12ejxvf x3igimt xarpa2k xedcshv x1lytzrv x1t2pt76 x7ja8zs x1qrby5j x1jfb8zj\">Nopeus<\/span><\/td>\n<td style=\"font-size: 14px; padding: 5px; border-style: solid; overflow: hidden; text-align: center; vertical-align: top; word-break: normal; height: 27px; width: 44.94949494949495%;\">25km\/h<\/td>\n<\/tr>\n<tr style=\"height: 27px;\">\n<td style=\"font-size: 14px; padding: 5px; border-style: solid; background-color: #e4e1e1; color: #333333; font-weight: bold; overflow: hidden; text-align: right; vertical-align: top; word-break: normal; height: 27px; width: 54.71380471380471%;\">Paino<\/td>\n<td style=\"font-size: 14px; padding: 5px; border-style: solid; overflow: hidden; text-align: center; vertical-align: top; word-break: normal; height: 27px; width: 44.94949494949495%;\">29kg<\/td>\n<\/tr>\n<tr style=\"height: 27px;\">\n<td style=\"font-size: 14px; padding: 5px 5px 5px 125px; border-style: solid; background-color: #e4e1e1; color: #333333; font-weight: bold; overflow: hidden; vertical-align: top; word-break: normal; height: 27px; text-align: right; width: 54.71380471380471%;\">Moottorisoitu py\u00f6r\u00e4<\/td>\n<td style=\"font-size: 14px; padding: 5px; border-style: solid; overflow: hidden; text-align: center; vertical-align: top; word-break: normal; height: 27px; width: 44.94949494949495%;\">\n<p>takapy\u00f6r\u00e4<\/p>\n<\/td>\n<\/tr>\n<tr style=\"height: 27px;\">\n<td style=\"font-size: 14px; padding: 5px; border-style: solid; background-color: #e4e1e1; color: #333333; font-weight: bold; overflow: hidden; text-align: right; vertical-align: top; word-break: normal; height: 27px; width: 54.71380471380471%;\">Renkaat<\/td>\n<td style=\"font-size: 14px; padding: 5px; border-style: solid; overflow: hidden; text-align: center; vertical-align: top; word-break: normal; height: 27px; width: 44.94949494949495%;\">20\" x 4.0 ilmarenkaat<\/td>\n<\/tr>\n<tr style=\"height: 27px;\">\n<td style=\"font-size: 14px; padding: 5px; border-style: solid; background-color: #e4e1e1; color: #333333; font-weight: bold; overflow: hidden; text-align: right; vertical-align: top; word-break: normal; height: 27px; width: 54.71380471380471%;\">Tien enim\u00e4iskaltevus<\/td>\n<td style=\"font-size: 14px; padding: 5px; border-style: solid; overflow: hidden; text-align: center; vertical-align: top; word-break: normal; height: 27px; width: 44.94949494949495%;\">TBD<\/td>\n<\/tr>\n<\/tbody>\n<\/table>\n","protected":false},"excerpt":{"rendered":"<p><a href=\"http:\/\/www.xn--tuksimaailm-ffb.ee\/kontakt\/\"><strong>L\u00f6ysitk\u00f6 paremman hinnan? Kirjoita meille, niin teemme sinulle paremman tarjouksen!<\/strong><\/a><\/p>\n<p style=\"caret-color: #000000; color: #000000;\"><strong>Kaikki\u00a0<\/strong><a><strong>lis\u00e4varusteet<\/strong><\/a><strong>\u00a0ja\u00a0<\/strong><a><strong>varaosat<\/strong><\/a><strong>\u00a0ovat -20 %, kun ne ostetaan s\u00e4hk\u00f6py\u00f6r\u00e4n kanssa.<\/strong>\u00a0<strong>Alennus otetaan automaattisesti k\u00e4ytt\u00f6\u00f6n, kun lis\u00e4\u00e4t sen ostoskoriin!<\/strong><\/p>\n<p style=\"caret-color: #000000; color: #000000;\"><strong><em>Toimitusaika: 1-5h<\/em><\/strong><\/p>\n<p><em><strong>\u00a0<\/strong><\/em><\/p>\n","protected":false},"featured_media":42894,"template":"","meta":[],"product_brand":[],"product_cat":[2656],"product_tag":[],"filter_elektritoukeratas":[],"class_list":{"0":"post-51104","1":"product","2":"type-product","3":"status-publish","4":"has-post-thumbnail","6":"product_cat-sahkopyora","7":"product_shipping_class-keskmine-pakk-fi","8":"pa_aku-mahutavus-wh-374-4-fi","9":"pa_kaal-kg-29-fi","10":"pa_kandevoime-kg-120-fi","11":"pa_size-ce-versio-musta","12":"pa_size-ce-versio-vaalea","13":"pa_tootetuup-sahkopyora","14":"pa_valmistaja-ado-fi","15":"pa_valmistajakiirus-25-fi","16":"pa_voimsus-w-250-fi","18":"first","19":"outofstock","20":"taxable","21":"shipping-taxable","22":"purchasable","23":"product-type-variable"},"yoast_head":"<!-- This site is optimized with the Yoast SEO Premium plugin v26.8 (Yoast SEO v27.5) - https:\/\/yoast.com\/product\/yoast-seo-premium-wordpress\/ -->\n<title>ADO A20F+ s\u00e4hk\u00f6polkupy\u00f6r\u00e4 | T\u00f5uksimaailm | Elektriline jalgratas<\/title>\n<meta name=\"description\" content=\"ADO A20F+ elektrijalgratas on tipptasemel lahendus nii linnas liiklejatele kui ka seiklushimulisele inimesele. ADO A20F+ elektriratas on m\u00f5eldud reisimiseks\" \/>\n<meta name=\"robots\" content=\"index, follow, max-snippet:-1, max-image-preview:large, max-video-preview:-1\" \/>\n<link rel=\"canonical\" href=\"https:\/\/www.xn--tuksimaailm-ffb.ee\/fi\/shop\/ado-a20f-sahkopolkupyora\/\" \/>\n<meta property=\"og:locale\" content=\"fi_FI\" \/>\n<meta property=\"og:type\" content=\"article\" \/>\n<meta property=\"og:title\" content=\"ADO A20F+ s\u00e4hk\u00f6polkupy\u00f6r\u00e4\" \/>\n<meta property=\"og:description\" content=\"ADO A20F+ elektrijalgratas on tipptasemel lahendus nii linnas liiklejatele kui ka seiklushimulisele inimesele. ADO A20F+ elektriratas on m\u00f5eldud reisimiseks\" \/>\n<meta property=\"og:url\" content=\"https:\/\/www.xn--tuksimaailm-ffb.ee\/fi\/shop\/ado-a20f-sahkopolkupyora\/\" \/>\n<meta property=\"og:site_name\" content=\"T\u00f5uksimaailm\" \/>\n<meta property=\"article:publisher\" content=\"https:\/\/www.facebook.com\/touksimaailm\/\" \/>\n<meta property=\"og:image\" content=\"https:\/\/www.xn--tuksimaailm-ffb.ee\/wp-content\/uploads\/2024\/03\/ado_a20f_elektrijalgratas_wordpress_5.png\" \/>\n\t<meta property=\"og:image:width\" content=\"1000\" \/>\n\t<meta property=\"og:image:height\" content=\"1000\" \/>\n\t<meta property=\"og:image:type\" content=\"image\/png\" \/>\n<meta name=\"twitter:card\" content=\"summary_large_image\" \/>\n<meta name=\"twitter:label1\" content=\"Saatavuus\" \/>\n\t<meta name=\"twitter:data1\" content=\"Loppu varastosta\" \/>\n<meta property=\"og:availability\" content=\"out of stock\" \/>\n<meta property=\"product:availability\" content=\"out of stock\" \/>\n<meta property=\"product:retailer_item_id\" content=\"ADO-A20F\" \/>\n<meta property=\"product:condition\" content=\"new\" \/>\n<!-- \/ Yoast SEO Premium plugin. -->","yoast_head_json":{"title":"ADO A20F+ s\u00e4hk\u00f6polkupy\u00f6r\u00e4 | T\u00f5uksimaailm | Elektriline jalgratas","description":"ADO A20F+ elektrijalgratas on tipptasemel lahendus nii linnas liiklejatele kui ka seiklushimulisele inimesele. ADO A20F+ elektriratas on m\u00f5eldud reisimiseks","robots":{"index":"index","follow":"follow","max-snippet":"max-snippet:-1","max-image-preview":"max-image-preview:large","max-video-preview":"max-video-preview:-1"},"canonical":"https:\/\/www.xn--tuksimaailm-ffb.ee\/fi\/shop\/ado-a20f-sahkopolkupyora\/","og_locale":"fi_FI","og_type":"article","og_title":"ADO A20F+ s\u00e4hk\u00f6polkupy\u00f6r\u00e4","og_description":"ADO A20F+ elektrijalgratas on tipptasemel lahendus nii linnas liiklejatele kui ka seiklushimulisele inimesele. ADO A20F+ elektriratas on m\u00f5eldud reisimiseks","og_url":"https:\/\/www.xn--tuksimaailm-ffb.ee\/fi\/shop\/ado-a20f-sahkopolkupyora\/","og_site_name":"T\u00f5uksimaailm","article_publisher":"https:\/\/www.facebook.com\/touksimaailm\/","og_image":[{"width":1000,"height":1000,"url":"https:\/\/www.xn--tuksimaailm-ffb.ee\/wp-content\/uploads\/2024\/03\/ado_a20f_elektrijalgratas_wordpress_5.png","type":"image\/png"}],"twitter_card":"summary_large_image","twitter_misc":{"Saatavuus":"Loppu varastosta"},"schema":{"@context":"https:\/\/schema.org","@graph":[{"@type":"WebPage","@id":"https:\/\/www.xn--tuksimaailm-ffb.ee\/fi\/shop\/ado-a20f-sahkopolkupyora\/","url":"https:\/\/www.xn--tuksimaailm-ffb.ee\/fi\/shop\/ado-a20f-sahkopolkupyora\/","name":"ADO A20F+ s\u00e4hk\u00f6polkupy\u00f6r\u00e4 | T\u00f5uksimaailm | Elektriline jalgratas","isPartOf":{"@id":"https:\/\/www.xn--tuksimaailm-ffb.ee\/fi\/#website"},"primaryImageOfPage":{"@id":"https:\/\/www.xn--tuksimaailm-ffb.ee\/fi\/shop\/ado-a20f-sahkopolkupyora\/#primaryimage"},"image":{"@id":"https:\/\/www.xn--tuksimaailm-ffb.ee\/fi\/shop\/ado-a20f-sahkopolkupyora\/#primaryimage"},"thumbnailUrl":"https:\/\/www.xn--tuksimaailm-ffb.ee\/wp-content\/uploads\/2024\/03\/ado_a20f_elektrijalgratas_wordpress_5.png","datePublished":"2024-03-05T12:10:20+00:00","description":"ADO A20F+ elektrijalgratas on tipptasemel lahendus nii linnas liiklejatele kui ka seiklushimulisele inimesele. ADO A20F+ elektriratas on m\u00f5eldud reisimiseks","breadcrumb":{"@id":"https:\/\/www.xn--tuksimaailm-ffb.ee\/fi\/shop\/ado-a20f-sahkopolkupyora\/#breadcrumb"},"inLanguage":"fi","potentialAction":[{"@type":"ReadAction","target":["https:\/\/www.xn--tuksimaailm-ffb.ee\/fi\/shop\/ado-a20f-sahkopolkupyora\/"]}]},{"@type":"ImageObject","inLanguage":"fi","@id":"https:\/\/www.xn--tuksimaailm-ffb.ee\/fi\/shop\/ado-a20f-sahkopolkupyora\/#primaryimage","url":"https:\/\/www.xn--tuksimaailm-ffb.ee\/wp-content\/uploads\/2024\/03\/ado_a20f_elektrijalgratas_wordpress_5.png","contentUrl":"https:\/\/www.xn--tuksimaailm-ffb.ee\/wp-content\/uploads\/2024\/03\/ado_a20f_elektrijalgratas_wordpress_5.png","width":1000,"height":1000,"caption":"ado a20f+ elektriratas elektrilised jalgrattad elektrirattad elektrijalgrattad elektrijalgratas elektrijalgrattad 5"},{"@type":"BreadcrumbList","@id":"https:\/\/www.xn--tuksimaailm-ffb.ee\/fi\/shop\/ado-a20f-sahkopolkupyora\/#breadcrumb","itemListElement":[{"@type":"ListItem","position":1,"name":"Home","item":"https:\/\/www.xn--tuksimaailm-ffb.ee\/fi\/kotisivu\/"},{"@type":"ListItem","position":2,"name":"Kauppa","item":"https:\/\/www.xn--tuksimaailm-ffb.ee\/elektritoukerataste-pood\/"},{"@type":"ListItem","position":3,"name":"ADO A20F+ s\u00e4hk\u00f6polkupy\u00f6r\u00e4"}]},{"@type":"WebSite","@id":"https:\/\/www.xn--tuksimaailm-ffb.ee\/fi\/#website","url":"https:\/\/www.xn--tuksimaailm-ffb.ee\/fi\/","name":"T\u00f5uksimaailm","description":"Elektrit\u00f5ukerataste m\u00fc\u00fck, remont ja rent","publisher":{"@id":"https:\/\/www.xn--tuksimaailm-ffb.ee\/fi\/#organization"},"potentialAction":[{"@type":"SearchAction","target":{"@type":"EntryPoint","urlTemplate":"https:\/\/www.xn--tuksimaailm-ffb.ee\/fi\/?s={search_term_string}"},"query-input":{"@type":"PropertyValueSpecification","valueRequired":true,"valueName":"search_term_string"}}],"inLanguage":"fi"},{"@type":"Organization","@id":"https:\/\/www.xn--tuksimaailm-ffb.ee\/fi\/#organization","name":"T\u00f5uksimaailm","url":"https:\/\/www.xn--tuksimaailm-ffb.ee\/fi\/","logo":{"@type":"ImageObject","inLanguage":"fi","@id":"https:\/\/www.xn--tuksimaailm-ffb.ee\/fi\/#\/schema\/logo\/image\/","url":"https:\/\/www.xn--tuksimaailm-ffb.ee\/wp-content\/uploads\/2020\/01\/logoz-e1579792875517.png","contentUrl":"https:\/\/www.xn--tuksimaailm-ffb.ee\/wp-content\/uploads\/2020\/01\/logoz-e1579792875517.png","width":250,"height":250,"caption":"T\u00f5uksimaailm"},"image":{"@id":"https:\/\/www.xn--tuksimaailm-ffb.ee\/fi\/#\/schema\/logo\/image\/"},"sameAs":["https:\/\/www.facebook.com\/touksimaailm\/","https:\/\/www.instagram.com\/touksimaailm_\/","https:\/\/www.youtube.com\/channel\/UC18ml0EKIDLP1xGuQjFzcXQ"]}]},"og_availability":"out of stock","product_availability":"out of stock","product_retailer_item_id":"ADO-A20F","product_condition":"new"},"jetpack_sharing_enabled":true,"_links":{"self":[{"href":"https:\/\/www.xn--tuksimaailm-ffb.ee\/fi\/wp-json\/wp\/v2\/product\/51104","targetHints":{"allow":["GET"]}}],"collection":[{"href":"https:\/\/www.xn--tuksimaailm-ffb.ee\/fi\/wp-json\/wp\/v2\/product"}],"about":[{"href":"https:\/\/www.xn--tuksimaailm-ffb.ee\/fi\/wp-json\/wp\/v2\/types\/product"}],"wp:featuredmedia":[{"embeddable":true,"href":"https:\/\/www.xn--tuksimaailm-ffb.ee\/fi\/wp-json\/wp\/v2\/media\/42894"}],"wp:attachment":[{"href":"https:\/\/www.xn--tuksimaailm-ffb.ee\/fi\/wp-json\/wp\/v2\/media?parent=51104"}],"wp:term":[{"taxonomy":"product_brand","embeddable":true,"href":"https:\/\/www.xn--tuksimaailm-ffb.ee\/fi\/wp-json\/wp\/v2\/product_brand?post=51104"},{"taxonomy":"product_cat","embeddable":true,"href":"https:\/\/www.xn--tuksimaailm-ffb.ee\/fi\/wp-json\/wp\/v2\/product_cat?post=51104"},{"taxonomy":"product_tag","embeddable":true,"href":"https:\/\/www.xn--tuksimaailm-ffb.ee\/fi\/wp-json\/wp\/v2\/product_tag?post=51104"},{"taxonomy":"filter_elektritoukeratas","embeddable":true,"href":"https:\/\/www.xn--tuksimaailm-ffb.ee\/fi\/wp-json\/wp\/v2\/filter_elektritoukeratas?post=51104"}],"curies":[{"name":"wp","href":"https:\/\/api.w.org\/{rel}","templated":true}]}}