{"id":51152,"date":"2024-03-04T21:05:07","date_gmt":"2024-03-04T18:05:07","guid":{"rendered":"http:\/\/www.xn--tuksimaailm-ffb.ee\/shop\/fiido-l3-maastoajoneuvo\/"},"modified":"2024-03-04T21:05:07","modified_gmt":"2024-03-04T18:05:07","slug":"fiido-l3-maastoajoneuvo","status":"publish","type":"product","link":"https:\/\/www.xn--tuksimaailm-ffb.ee\/fi\/shop\/fiido-l3-maastoajoneuvo\/","title":{"rendered":"Fiido L3 maastoajoneuvo"},"content":{"rendered":"<h2 style=\"text-align: center;\">FIIDO L3 MAASTOAJONEUVO S\u00c4HK\u00d6POLKUPY\u00d6R\u00c4 TUOTEKUVAUS<\/h2>\n<p style=\"caret-color: #000000; color: #000000;\">Taitettava maastos\u00e4hk\u00f6py\u00f6r\u00e4 Fiido L3 erottuu s\u00e4hk\u00f6polkupy\u00f6rien joukosta muotoilunsa, pitk\u00e4n toimintas\u00e4teen ja mukavuutensa ansiosta. Fiido-s\u00e4hk\u00f6py\u00f6r\u00e4t ovat t\u00e4ydellinen valinta seikkailunhaluisille ihmisille, jotka haluavat tutkia maailmaa omaan tahtiinsa. Fiido L3 -s\u00e4hk\u00f6py\u00f6r\u00e4 on varustettu suurella\u00a0<strong>48 V:n 23,2 AH:n<\/strong>\u00a0litiumakulla, jonka toimintas\u00e4de yhdell\u00e4 latauksella on jopa\u00a0<strong>130 km<\/strong>. T\u00e4m\u00e4n pitk\u00e4n toimintas\u00e4teen ansiosta kuljettaja voi kulkea pitki\u00e4 matkoja ilman, ett\u00e4 h\u00e4nen tarvitsee huolehtia lataamisesta, joten se sopii t\u00e4ydellisesti niille, jotka k\u00e4ytt\u00e4v\u00e4t s\u00e4hk\u00f6py\u00f6r\u00e4\u00e4 jokap\u00e4iv\u00e4iseen ty\u00f6matkaliikenteeseen tai nauttivat seikkailusta maastopoluilla. Fiidon akku on integroitu runkoon, mik\u00e4 s\u00e4ilytt\u00e4\u00e4 tyylikk\u00e4\u00e4n ulkon\u00e4\u00f6n ja suojaa akkua s\u00e4\u00e4lt\u00e4. Fiidon runko on valmistettu kest\u00e4v\u00e4st\u00e4 alumiiniseoksesta, mik\u00e4 takaa kevyen mutta vahvan rakenteen, jonka maksimikuormituskapasiteetti on jopa\u00a0<strong>120 kg.<\/strong>\u00a0Fiido L3 -maastos\u00e4hk\u00f6py\u00f6r\u00e4n muotoilua t\u00e4ydent\u00e4\u00e4 mukava s\u00e4\u00e4dett\u00e4v\u00e4 istuin ja ohjaustanko, joiden avulla voi l\u00f6yt\u00e4\u00e4 mukavan ajoasennon pidemmille ajomatkoille.<\/p>\n<p style=\"caret-color: #000000; color: #000000;\">Fiido L3 -s\u00e4hk\u00f6py\u00f6r\u00e4t on varustettu tehokkaalla\u00a0<strong>350 W:n<\/strong>\u00a0harjattavalla moottorilla, joka tarjoaa hyv\u00e4n kiihtyvyyden ja helpon kiipe\u00e4misen, joten voit ajaa vaivattomasti maastossa ja asfaltilla. Fiido pit\u00e4\u00e4 turvallisuutta ensisijaisen t\u00e4rke\u00e4n\u00e4, ja laadukkaat\u00a0<strong>levyjarrut sek\u00e4 edess\u00e4 ett\u00e4 takana takaosassa<\/strong>\u00a0takaavat j\u00e4m\u00e4k\u00e4n ja tasaisen jarrutustehon kaikissa s\u00e4\u00e4- ja maasto-olosuhteissa. Lis\u00e4ksi Fiidossa on\u00a0<strong>LED-etu- ja takavalot<\/strong>, jotka parantavat n\u00e4kyvyytt\u00e4 pime\u00e4ll\u00e4 tai huonolla s\u00e4\u00e4ll\u00e4. Fiido-s\u00e4hk\u00f6py\u00f6r\u00e4t on varustettu selke\u00e4ll\u00e4<strong>\u00a0LCD-n\u00e4yt\u00f6ll\u00e4<\/strong>, joka n\u00e4ytt\u00e4\u00e4 t\u00e4rke\u00e4t ajotiedot, kuten nykyisen nopeuden (km\/h), akun varaustason ja ajetun matkan. Fiido L3 -s\u00e4hk\u00f6py\u00f6r\u00e4t ovat ihanteellisia seikkailunhaluisille kaupunkiasunnossa asuville, sill\u00e4 kokoontaitettavan rungon ansiosta Fiido-s\u00e4hk\u00f6py\u00f6r\u00e4 mahtuu minne tahansa, olipa kyseess\u00e4 sitten pieni komero, auton tavaratila tai julkinen kulkuneuvo.<\/p>\n<p><iframe title=\"Fiido L3 Foldable Electric Bike Speed Hack &amp; Full Review | RunPlayBack\" width=\"1082\" height=\"609\" src=\"https:\/\/www.youtube.com\/embed\/YMI5BERI2k4?feature=oembed\" frameborder=\"0\" allow=\"accelerometer; autoplay; clipboard-write; encrypted-media; gyroscope; picture-in-picture; web-share\" referrerpolicy=\"strict-origin-when-cross-origin\" allowfullscreen><\/iframe><\/p>\n<h2 style=\"text-align: center;\">TURVALLISUUS<\/h2>\n<p style=\"caret-color: #000000; color: #000000;\"><a>Kyp\u00e4r\u00e4n<\/a>\u00a0k\u00e4ytt\u00f6 on eritt\u00e4in suositeltavaa kaikille aikuisille, kun he ajavat s\u00e4hk\u00f6py\u00f6r\u00e4ll\u00e4 tai maastoajoneuvolla. Alle 16-vuotiaiden s\u00e4hk\u00f6py\u00f6r\u00e4ilij\u00f6iden on\u00a0<a href=\"https:\/\/www.riigiteataja.ee\/akt\/113112020001\">lain<\/a>\u00a0mukaan k\u00e4ytett\u00e4v\u00e4 kyp\u00e4r\u00e4\u00e4 ajaessaan. Kaikenlaiset s\u00e4hk\u00f6py\u00f6r\u00e4t ja maastoajoneuvot l\u00f6ytyv\u00e4t\u00a0<a href=\"http:\/\/www.xn--tuksimaailm-ffb.ee\/tootekategooria\/elektritoukeratas\/\"><strong>t\u00e4\u00e4lt\u00e4<\/strong><\/a>.<\/p>\n<p style=\"caret-color: #000000; color: #000000;\"><strong>Kun ostat s\u00e4hk\u00f6py\u00f6r\u00e4n tai maastoajoneuvon liikkeest\u00e4mme, saat kaikki\u00a0<\/strong><a href=\"http:\/\/www.xn--tuksimaailm-ffb.ee\/tootekategooria\/lisavarustus\/\"><strong>lis\u00e4varusteet<\/strong><\/a><strong>\u00a0<\/strong><strong>ajoneuvon oston yhteydess\u00e4 -20%!<\/strong><\/p>\n<p style=\"caret-color: #000000; color: #000000;\"><strong>Viron lains\u00e4\u00e4d\u00e4nn\u00f6n mukaan s\u00e4hk\u00f6polkupy\u00f6r\u00e4t ovat poljettavia ajoneuvoja, jotka on varustettu enint\u00e4\u00e4n 250 W:n jatkuvalla nimellisteholla varustetulla s\u00e4hk\u00f6moottorilla, jonka teho v\u00e4henee asteittain ajoneuvon nopeuden kasvaessa ja jonka virransy\u00f6tt\u00f6 katkeaa ennen kuin ajoneuvo saavuttaa nopeuden 25 km\/h tai jopa aikaisemmin, jos kuljettaja lopettaa polkemisen.<\/strong>\u00a0<strong>N\u00e4in ollen Fiido L3 -s\u00e4hk\u00f6polkupy\u00f6r\u00e4n n\u00e4k\u00f6isen maastoajoneuvon k\u00e4ytt\u00f6 kaupunkialueilla tai yleisill\u00e4 teill\u00e4 tapahtuu yksinomaan k\u00e4ytt\u00e4j\u00e4n omalla vastuulla, eik\u00e4 eMoto ole vastuussa lain rikkomisesta mahdollisesti saaduista sakoista, s\u00e4hk\u00f6polkupy\u00f6r\u00e4n n\u00e4k\u00f6isen maastoajoneuvon takavarikoimisesta poliisin toimesta tai mist\u00e4\u00e4n muustakaan rikkomisesta aiheutuneesta vahingosta.<\/strong><\/p>\n<table class=\"tg\" style=\"max-width: 600px; margin-right: auto; margin-bottom: 0px; margin-left: auto; width: 82.6085%; height: 406px;\">\n<tbody>\n<tr style=\"height: 27px;\">\n<td style=\"font-size: 14px; padding: 5px; border-style: solid; background-color: #e4e1e1; color: #333333; font-weight: bold; overflow: hidden; text-align: center; vertical-align: top; word-break: normal; height: 27px; width: 99.66329966329965%;\" colspan=\"2\" data-darkreader-inline-bgcolor=\"\" data-darkreader-inline-color=\"\">Tekniset tiedot<\/td>\n<\/tr>\n<tr style=\"height: 27px;\">\n<td style=\"font-size: 14px; padding: 5px; border-style: solid; background-color: #e4e1e1; color: #333333; font-weight: bold; overflow: hidden; text-align: right; vertical-align: top; word-break: normal; height: 27px; width: 54.71380471380471%;\" data-darkreader-inline-bgcolor=\"\" data-darkreader-inline-color=\"\">Malli<\/td>\n<td style=\"font-size: 14px; padding: 5px; border-style: solid; overflow: hidden; text-align: center; vertical-align: top; word-break: normal; height: 27px; width: 44.94949494949495%;\">FIIDO L3<\/td>\n<\/tr>\n<tr style=\"height: 27px;\">\n<td style=\"font-size: 14px; padding: 5px; border-style: solid; background-color: #e4e1e1; color: #333333; font-weight: bold; overflow: hidden; text-align: right; vertical-align: top; word-break: normal; height: 27px; width: 54.71380471380471%;\" data-darkreader-inline-bgcolor=\"\" data-darkreader-inline-color=\"\">Akku<\/td>\n<td style=\"font-size: 14px; padding: 5px; border-style: solid; overflow: hidden; text-align: center; vertical-align: top; word-break: normal; height: 27px; width: 44.94949494949495%;\">48V \/ 23.2Ah 1113.6Wh<\/td>\n<\/tr>\n<tr style=\"height: 27px;\">\n<td style=\"font-size: 14px; padding: 5px; border-style: solid; background-color: #e4e1e1; color: #333333; font-weight: bold; overflow: hidden; text-align: right; vertical-align: top; word-break: normal; height: 27px; width: 54.71380471380471%;\" data-darkreader-inline-bgcolor=\"\" data-darkreader-inline-color=\"\">Latausaika<\/td>\n<td style=\"font-size: 14px; padding: 5px; border-style: solid; overflow: hidden; text-align: center; vertical-align: top; word-break: normal; height: 27px; width: 44.94949494949495%;\">7h<\/td>\n<\/tr>\n<tr style=\"height: 27px;\">\n<td style=\"font-size: 14px; padding: 5px; border-style: solid; background-color: #e4e1e1; color: #333333; font-weight: bold; overflow: hidden; text-align: right; vertical-align: top; word-break: normal; height: 27px; width: 54.71380471380471%;\" data-darkreader-inline-bgcolor=\"\" data-darkreader-inline-color=\"\">Moottorin teho<\/td>\n<td style=\"font-size: 14px; padding: 5px; border-style: solid; overflow: hidden; text-align: center; vertical-align: top; word-break: normal; height: 27px; width: 44.94949494949495%;\">350W<\/td>\n<\/tr>\n<tr style=\"height: 55px;\">\n<td style=\"font-size: 14px; padding: 5px; border-style: solid; background-color: #e4e1e1; color: #333333; font-weight: bold; overflow: hidden; text-align: right; vertical-align: top; word-break: normal; height: 55px; width: 54.71380471380471%;\" data-darkreader-inline-bgcolor=\"\" data-darkreader-inline-color=\"\">Ajomatka (<strong style=\"caret-color: #000000; color: #000000; text-align: start; font-family: inherit;\">valmistajan erittely<\/strong><span style=\"font-family: inherit;\">)<\/span><\/td>\n<td style=\"font-size: 14px; padding: 5px; border-style: solid; overflow: hidden; text-align: center; vertical-align: top; word-break: normal; height: 55px; width: 44.94949494949495%;\">jopa 200 km<\/td>\n<\/tr>\n<tr style=\"height: 27px;\">\n<td style=\"font-size: 14px; padding: 5px; border-style: solid; background-color: #e4e1e1; color: #333333; font-weight: bold; overflow: hidden; text-align: right; vertical-align: top; word-break: normal; height: 27px; width: 54.71380471380471%;\" data-darkreader-inline-bgcolor=\"\" data-darkreader-inline-color=\"\">Etujarru<\/td>\n<td style=\"font-size: 14px; padding: 5px; border-style: solid; overflow: hidden; text-align: center; vertical-align: top; word-break: normal; height: 27px; width: 44.94949494949495%;\">Mekaaninen levyjarruj\u00e4rjestelm\u00e4<\/td>\n<\/tr>\n<tr style=\"height: 27px;\">\n<td style=\"font-size: 14px; padding: 5px; border-style: solid; background-color: #e4e1e1; color: #333333; font-weight: bold; overflow: hidden; text-align: right; vertical-align: top; word-break: normal; height: 27px; width: 54.71380471380471%;\" data-darkreader-inline-bgcolor=\"\" data-darkreader-inline-color=\"\">Takajarru<\/td>\n<td style=\"font-size: 14px; padding: 5px; border-style: solid; overflow: hidden; text-align: center; vertical-align: top; word-break: normal; height: 27px; width: 44.94949494949495%;\">Mekaaninen levyjarruj\u00e4rjestelm\u00e4<\/td>\n<\/tr>\n<tr style=\"height: 27px;\">\n<td style=\"font-size: 14px; padding: 5px; border-style: solid; background-color: #e4e1e1; color: #333333; font-weight: bold; overflow: hidden; text-align: right; vertical-align: top; word-break: normal; height: 27px; width: 54.71380471380471%;\" data-darkreader-inline-bgcolor=\"\" data-darkreader-inline-color=\"\">Painorajoitus<\/td>\n<td style=\"font-size: 14px; padding: 5px; border-style: solid; overflow: hidden; text-align: center; vertical-align: top; word-break: normal; height: 27px; width: 44.94949494949495%;\">120kg<\/td>\n<\/tr>\n<tr style=\"height: 27px;\">\n<td style=\"font-size: 14px; padding: 5px; border-style: solid; background-color: #e4e1e1; color: #333333; font-weight: bold; overflow: hidden; text-align: right; vertical-align: top; word-break: normal; height: 27px; width: 54.71380471380471%;\" data-darkreader-inline-bgcolor=\"\" data-darkreader-inline-color=\"\"><span class=\"x4k7w5x x1h91t0o x1h9r5lt xv2umb2 x1beo9mf xaigb6o x12ejxvf x3igimt xarpa2k xedcshv x1lytzrv x1t2pt76 x7ja8zs x1qrby5j x1jfb8zj\">Nopeus<\/span><\/td>\n<td style=\"font-size: 14px; padding: 5px; border-style: solid; overflow: hidden; text-align: center; vertical-align: top; word-break: normal; height: 27px; width: 44.94949494949495%;\">25km\/h<\/td>\n<\/tr>\n<tr style=\"height: 27px;\">\n<td style=\"font-size: 14px; padding: 5px; border-style: solid; background-color: #e4e1e1; color: #333333; font-weight: bold; overflow: hidden; text-align: right; vertical-align: top; word-break: normal; height: 27px; width: 54.71380471380471%;\" data-darkreader-inline-bgcolor=\"\" data-darkreader-inline-color=\"\">Paino<\/td>\n<td style=\"font-size: 14px; padding: 5px; border-style: solid; overflow: hidden; text-align: center; vertical-align: top; word-break: normal; height: 27px; width: 44.94949494949495%;\">24kg<\/td>\n<\/tr>\n<tr style=\"height: 27px;\">\n<td style=\"font-size: 14px; padding: 5px 5px 5px 125px; border-style: solid; background-color: #e4e1e1; color: #333333; font-weight: bold; overflow: hidden; vertical-align: top; word-break: normal; height: 27px; text-align: right; width: 54.71380471380471%;\" data-darkreader-inline-bgcolor=\"\" data-darkreader-inline-color=\"\">Moottorisoitu py\u00f6r\u00e4<\/td>\n<td style=\"font-size: 14px; padding: 5px; border-style: solid; overflow: hidden; text-align: center; vertical-align: top; word-break: normal; height: 27px; width: 44.94949494949495%;\">\n<p>takapy\u00f6r\u00e4<\/p>\n<\/td>\n<\/tr>\n<tr style=\"height: 27px;\">\n<td style=\"font-size: 14px; padding: 5px; border-style: solid; background-color: #e4e1e1; color: #333333; font-weight: bold; overflow: hidden; text-align: right; vertical-align: top; word-break: normal; height: 27px; width: 54.71380471380471%;\" data-darkreader-inline-bgcolor=\"\" data-darkreader-inline-color=\"\">Renkaat<\/td>\n<td style=\"font-size: 14px; padding: 5px; border-style: solid; overflow: hidden; text-align: center; vertical-align: top; word-break: normal; height: 27px; width: 44.94949494949495%;\">14\" x 1.95 ilmarenkaat<\/td>\n<\/tr>\n<tr style=\"height: 27px;\">\n<td style=\"font-size: 14px; padding: 5px; border-style: solid; background-color: #e4e1e1; color: #333333; font-weight: bold; overflow: hidden; text-align: right; vertical-align: top; word-break: normal; height: 27px; width: 54.71380471380471%;\" data-darkreader-inline-bgcolor=\"\" data-darkreader-inline-color=\"\">Tien enim\u00e4iskaltevuus<\/td>\n<td style=\"font-size: 14px; padding: 5px; border-style: solid; overflow: hidden; text-align: center; vertical-align: top; word-break: normal; height: 27px; width: 44.94949494949495%;\">TBD<\/td>\n<\/tr>\n<\/tbody>\n<\/table>\n","protected":false},"excerpt":{"rendered":"<p><a href=\"http:\/\/www.xn--tuksimaailm-ffb.ee\/kontakt\/\"><strong>L\u00f6ysitk\u00f6 paremman hinnan? Kirjoita meille, niin teemme sinulle paremman tarjouksen!<\/strong><\/a><\/p>\n<p><strong style=\"caret-color: #000000; color: #000000;\">Kaikki\u00a0<\/strong><a style=\"caret-color: #000000; color: #000000;\"><strong>lis\u00e4varusteet<\/strong><\/a><strong style=\"caret-color: #000000; color: #000000;\">\u00a0ja\u00a0<\/strong><a style=\"caret-color: #000000; color: #000000;\"><strong>varaosat<\/strong><\/a><strong style=\"caret-color: #000000; color: #000000;\">\u00a0ovat -20 %, kun ne ostetaan s\u00e4hk\u00f6py\u00f6r\u00e4n kanssa.<\/strong><span style=\"caret-color: #000000; color: #000000;\">\u00a0<\/span><strong style=\"caret-color: #000000; color: #000000;\">Alennus otetaan automaattisesti k\u00e4ytt\u00f6\u00f6n, kun lis\u00e4\u00e4t sen ostoskoriin!<\/strong><\/p>\n<p style=\"caret-color: #000000; color: #000000;\"><strong><em>Toimitusaika: 1-5h<\/em><\/strong><\/p>\n<p><em><strong>\u00a0<\/strong><\/em><\/p>\n","protected":false},"featured_media":42750,"template":"","meta":[],"product_brand":[],"product_cat":[2656],"product_tag":[],"filter_elektritoukeratas":[],"class_list":{"0":"post-51152","1":"product","2":"type-product","3":"status-publish","4":"has-post-thumbnail","6":"product_cat-sahkopyora","7":"product_shipping_class-keskmine-pakk-fi","8":"pa_aku-mahutavus-wh-1113-6-fi","9":"pa_kaal-kg-24-fi","10":"pa_kandevoime-kg-120-fi","11":"pa_size-harmaa","12":"pa_tootetuup-sahkopyora-maastoajoneuvo","13":"pa_valmistaja-fiido-fi","14":"pa_valmistajakiirus-25-fi","15":"pa_voimsus-w-350-fi","17":"first","18":"instock","19":"taxable","20":"shipping-taxable","21":"purchasable","22":"product-type-variable"},"yoast_head":"<!-- This site is optimized with the Yoast SEO Premium plugin v26.8 (Yoast SEO v27.5) - https:\/\/yoast.com\/product\/yoast-seo-premium-wordpress\/ -->\n<title>Fiido L3 maastoajoneuvo | T\u00f5uksimaailm | Elektriline jalgratas<\/title>\n<meta name=\"description\" content=\"Fiido L3 kokkupandav maastikus\u00f5iduk elektrijalgratas paistab silma elektrijalgrataste maailmas oma disaini, pika l\u00e4bis\u00f5idu ja mugavusega.\" \/>\n<meta name=\"robots\" content=\"index, follow, max-snippet:-1, max-image-preview:large, max-video-preview:-1\" \/>\n<link rel=\"canonical\" href=\"https:\/\/www.xn--tuksimaailm-ffb.ee\/fi\/shop\/fiido-l3-maastoajoneuvo\/\" \/>\n<meta property=\"og:locale\" content=\"fi_FI\" \/>\n<meta property=\"og:type\" content=\"article\" \/>\n<meta property=\"og:title\" content=\"Fiido L3 maastoajoneuvo\" \/>\n<meta property=\"og:description\" content=\"Fiido L3 kokkupandav maastikus\u00f5iduk elektrijalgratas paistab silma elektrijalgrataste maailmas oma disaini, pika l\u00e4bis\u00f5idu ja mugavusega.\" \/>\n<meta property=\"og:url\" content=\"https:\/\/www.xn--tuksimaailm-ffb.ee\/fi\/shop\/fiido-l3-maastoajoneuvo\/\" \/>\n<meta property=\"og:site_name\" content=\"T\u00f5uksimaailm\" \/>\n<meta property=\"article:publisher\" content=\"https:\/\/www.facebook.com\/touksimaailm\/\" \/>\n<meta property=\"og:image\" content=\"https:\/\/www.xn--tuksimaailm-ffb.ee\/wp-content\/uploads\/2024\/03\/Fiido_l3_elektrijalgratas_wordpress_1.png\" \/>\n\t<meta property=\"og:image:width\" content=\"1000\" \/>\n\t<meta property=\"og:image:height\" content=\"1000\" \/>\n\t<meta property=\"og:image:type\" content=\"image\/png\" \/>\n<meta name=\"twitter:card\" content=\"summary_large_image\" \/>\n<meta name=\"twitter:label1\" content=\"Saatavuus\" \/>\n\t<meta name=\"twitter:data1\" content=\"Varastossa\" \/>\n<meta property=\"og:availability\" content=\"instock\" \/>\n<meta property=\"product:availability\" content=\"instock\" \/>\n<meta property=\"product:retailer_item_id\" content=\"FIIDO-L3\" \/>\n<meta property=\"product:condition\" content=\"new\" \/>\n<!-- \/ Yoast SEO Premium plugin. -->","yoast_head_json":{"title":"Fiido L3 maastoajoneuvo | T\u00f5uksimaailm | Elektriline jalgratas","description":"Fiido L3 kokkupandav maastikus\u00f5iduk elektrijalgratas paistab silma elektrijalgrataste maailmas oma disaini, pika l\u00e4bis\u00f5idu ja mugavusega.","robots":{"index":"index","follow":"follow","max-snippet":"max-snippet:-1","max-image-preview":"max-image-preview:large","max-video-preview":"max-video-preview:-1"},"canonical":"https:\/\/www.xn--tuksimaailm-ffb.ee\/fi\/shop\/fiido-l3-maastoajoneuvo\/","og_locale":"fi_FI","og_type":"article","og_title":"Fiido L3 maastoajoneuvo","og_description":"Fiido L3 kokkupandav maastikus\u00f5iduk elektrijalgratas paistab silma elektrijalgrataste maailmas oma disaini, pika l\u00e4bis\u00f5idu ja mugavusega.","og_url":"https:\/\/www.xn--tuksimaailm-ffb.ee\/fi\/shop\/fiido-l3-maastoajoneuvo\/","og_site_name":"T\u00f5uksimaailm","article_publisher":"https:\/\/www.facebook.com\/touksimaailm\/","og_image":[{"width":1000,"height":1000,"url":"https:\/\/www.xn--tuksimaailm-ffb.ee\/wp-content\/uploads\/2024\/03\/Fiido_l3_elektrijalgratas_wordpress_1.png","type":"image\/png"}],"twitter_card":"summary_large_image","twitter_misc":{"Saatavuus":"Varastossa"},"schema":{"@context":"https:\/\/schema.org","@graph":[{"@type":"WebPage","@id":"https:\/\/www.xn--tuksimaailm-ffb.ee\/fi\/shop\/fiido-l3-maastoajoneuvo\/","url":"https:\/\/www.xn--tuksimaailm-ffb.ee\/fi\/shop\/fiido-l3-maastoajoneuvo\/","name":"Fiido L3 maastoajoneuvo | T\u00f5uksimaailm | Elektriline jalgratas","isPartOf":{"@id":"https:\/\/www.xn--tuksimaailm-ffb.ee\/fi\/#website"},"primaryImageOfPage":{"@id":"https:\/\/www.xn--tuksimaailm-ffb.ee\/fi\/shop\/fiido-l3-maastoajoneuvo\/#primaryimage"},"image":{"@id":"https:\/\/www.xn--tuksimaailm-ffb.ee\/fi\/shop\/fiido-l3-maastoajoneuvo\/#primaryimage"},"thumbnailUrl":"https:\/\/www.xn--tuksimaailm-ffb.ee\/wp-content\/uploads\/2024\/03\/Fiido_l3_elektrijalgratas_wordpress_1.png","datePublished":"2024-03-04T18:05:07+00:00","description":"Fiido L3 kokkupandav maastikus\u00f5iduk elektrijalgratas paistab silma elektrijalgrataste maailmas oma disaini, pika l\u00e4bis\u00f5idu ja mugavusega.","breadcrumb":{"@id":"https:\/\/www.xn--tuksimaailm-ffb.ee\/fi\/shop\/fiido-l3-maastoajoneuvo\/#breadcrumb"},"inLanguage":"fi","potentialAction":[{"@type":"ReadAction","target":["https:\/\/www.xn--tuksimaailm-ffb.ee\/fi\/shop\/fiido-l3-maastoajoneuvo\/"]}]},{"@type":"ImageObject","inLanguage":"fi","@id":"https:\/\/www.xn--tuksimaailm-ffb.ee\/fi\/shop\/fiido-l3-maastoajoneuvo\/#primaryimage","url":"https:\/\/www.xn--tuksimaailm-ffb.ee\/wp-content\/uploads\/2024\/03\/Fiido_l3_elektrijalgratas_wordpress_1.png","contentUrl":"https:\/\/www.xn--tuksimaailm-ffb.ee\/wp-content\/uploads\/2024\/03\/Fiido_l3_elektrijalgratas_wordpress_1.png","width":1000,"height":1000,"caption":"fiido l3 pro elektriratas elektrilised jalgrattad elektrirattad elektrijalgrattad elektrijalgratas elektrijalgrattad 1"},{"@type":"BreadcrumbList","@id":"https:\/\/www.xn--tuksimaailm-ffb.ee\/fi\/shop\/fiido-l3-maastoajoneuvo\/#breadcrumb","itemListElement":[{"@type":"ListItem","position":1,"name":"Home","item":"https:\/\/www.xn--tuksimaailm-ffb.ee\/fi\/kotisivu\/"},{"@type":"ListItem","position":2,"name":"Kauppa","item":"https:\/\/www.xn--tuksimaailm-ffb.ee\/elektritoukerataste-pood\/"},{"@type":"ListItem","position":3,"name":"Fiido L3 maastoajoneuvo"}]},{"@type":"WebSite","@id":"https:\/\/www.xn--tuksimaailm-ffb.ee\/fi\/#website","url":"https:\/\/www.xn--tuksimaailm-ffb.ee\/fi\/","name":"T\u00f5uksimaailm","description":"Elektrit\u00f5ukerataste m\u00fc\u00fck, remont ja rent","publisher":{"@id":"https:\/\/www.xn--tuksimaailm-ffb.ee\/fi\/#organization"},"potentialAction":[{"@type":"SearchAction","target":{"@type":"EntryPoint","urlTemplate":"https:\/\/www.xn--tuksimaailm-ffb.ee\/fi\/?s={search_term_string}"},"query-input":{"@type":"PropertyValueSpecification","valueRequired":true,"valueName":"search_term_string"}}],"inLanguage":"fi"},{"@type":"Organization","@id":"https:\/\/www.xn--tuksimaailm-ffb.ee\/fi\/#organization","name":"T\u00f5uksimaailm","url":"https:\/\/www.xn--tuksimaailm-ffb.ee\/fi\/","logo":{"@type":"ImageObject","inLanguage":"fi","@id":"https:\/\/www.xn--tuksimaailm-ffb.ee\/fi\/#\/schema\/logo\/image\/","url":"https:\/\/www.xn--tuksimaailm-ffb.ee\/wp-content\/uploads\/2020\/01\/logoz-e1579792875517.png","contentUrl":"https:\/\/www.xn--tuksimaailm-ffb.ee\/wp-content\/uploads\/2020\/01\/logoz-e1579792875517.png","width":250,"height":250,"caption":"T\u00f5uksimaailm"},"image":{"@id":"https:\/\/www.xn--tuksimaailm-ffb.ee\/fi\/#\/schema\/logo\/image\/"},"sameAs":["https:\/\/www.facebook.com\/touksimaailm\/","https:\/\/www.instagram.com\/touksimaailm_\/","https:\/\/www.youtube.com\/channel\/UC18ml0EKIDLP1xGuQjFzcXQ"]}]},"og_availability":"instock","product_availability":"instock","product_retailer_item_id":"FIIDO-L3","product_condition":"new"},"jetpack_sharing_enabled":true,"_links":{"self":[{"href":"https:\/\/www.xn--tuksimaailm-ffb.ee\/fi\/wp-json\/wp\/v2\/product\/51152","targetHints":{"allow":["GET"]}}],"collection":[{"href":"https:\/\/www.xn--tuksimaailm-ffb.ee\/fi\/wp-json\/wp\/v2\/product"}],"about":[{"href":"https:\/\/www.xn--tuksimaailm-ffb.ee\/fi\/wp-json\/wp\/v2\/types\/product"}],"wp:featuredmedia":[{"embeddable":true,"href":"https:\/\/www.xn--tuksimaailm-ffb.ee\/fi\/wp-json\/wp\/v2\/media\/42750"}],"wp:attachment":[{"href":"https:\/\/www.xn--tuksimaailm-ffb.ee\/fi\/wp-json\/wp\/v2\/media?parent=51152"}],"wp:term":[{"taxonomy":"product_brand","embeddable":true,"href":"https:\/\/www.xn--tuksimaailm-ffb.ee\/fi\/wp-json\/wp\/v2\/product_brand?post=51152"},{"taxonomy":"product_cat","embeddable":true,"href":"https:\/\/www.xn--tuksimaailm-ffb.ee\/fi\/wp-json\/wp\/v2\/product_cat?post=51152"},{"taxonomy":"product_tag","embeddable":true,"href":"https:\/\/www.xn--tuksimaailm-ffb.ee\/fi\/wp-json\/wp\/v2\/product_tag?post=51152"},{"taxonomy":"filter_elektritoukeratas","embeddable":true,"href":"https:\/\/www.xn--tuksimaailm-ffb.ee\/fi\/wp-json\/wp\/v2\/filter_elektritoukeratas?post=51152"}],"curies":[{"name":"wp","href":"https:\/\/api.w.org\/{rel}","templated":true}]}}