{"id":51163,"date":"2024-03-04T20:55:32","date_gmt":"2024-03-04T17:55:32","guid":{"rendered":"http:\/\/www.xn--tuksimaailm-ffb.ee\/shop\/fiido-m1-pro-maastoajoneuvo\/"},"modified":"2024-03-04T20:55:32","modified_gmt":"2024-03-04T17:55:32","slug":"fiido-m1-pro-maastoajoneuvo","status":"publish","type":"product","link":"https:\/\/www.xn--tuksimaailm-ffb.ee\/fi\/shop\/fiido-m1-pro-maastoajoneuvo\/","title":{"rendered":"Fiido M1 Pro maastoajoneuvo"},"content":{"rendered":"<h2 style=\"text-align: center;\">FIIDO M1 PRO MAASTOAJONEUVO S\u00c4HK\u00d6PY\u00d6R\u00c4 TUOTEKUVAUS<\/h2>\n<p style=\"caret-color: #000000; color: #000000;\">P\u00e4\u00e4st\u00e4 seikkailija sinussa valloilleen Fiido M1 Pro -maastopy\u00f6r\u00e4n\u00a0<strong>fatbike-s\u00e4hk\u00f6py\u00f6r\u00e4ll\u00e4<\/strong>, joka on voimakas voima maastopy\u00f6r\u00e4markkinoilla. Fiido M1 -s\u00e4hk\u00f6py\u00f6r\u00e4ss\u00e4 yhdistyv\u00e4t s\u00e4hk\u00f6py\u00f6r\u00e4n teho ja maastopy\u00f6r\u00e4n mukavuus, mik\u00e4 tekee siit\u00e4 t\u00e4ydellisen kumppanin pidemmille ajomatkoille. Fiido M1:n ytimess\u00e4 on kest\u00e4v\u00e4 ja luotettava\u00a0<strong>500 W:n<\/strong>\u00a0moottori, joka on tarpeeksi tehokas valloittaakseen mink\u00e4 tahansa maaston. Fiido M1 -s\u00e4hk\u00f6py\u00f6r\u00e4t on varustettu suurikapasiteettisella\u00a0<strong>48 V:n 12,8 Ah:n litiumakulla<\/strong>, joka takaa luotettavan ja pitk\u00e4n, jopa\u00a0<strong>130 km:n\u00a0<\/strong>toimintas\u00e4teen ja jopa\u00a0<strong>40 km\/h:<\/strong>n enimm\u00e4isnopeuden\u00a0<strong>.<\/strong>\u00a0T\u00e4m\u00e4 yhdistelm\u00e4 takaa pitkien matkojen lis\u00e4ksi my\u00f6s korkean suorituskyvyn, joka on v\u00e4ltt\u00e4m\u00e4t\u00f6n seikkailussa erilaisissa maastoissa. Kest\u00e4vyytt\u00e4 ajatellen Fiido M1 -s\u00e4hk\u00f6py\u00f6r\u00e4t on varustettu vankalla alumiiniseosrungolla, joka kest\u00e4\u00e4 maastoajon vaatimukset ja on samalla kevyt, mik\u00e4 parantaa k\u00e4sitelt\u00e4vyytt\u00e4. Fiido M1 Pro -maastos\u00e4hk\u00f6py\u00f6r\u00e4 on varustettu kaksoisjousitusj\u00e4rjestelm\u00e4ll\u00e4, jossa on sek\u00e4\u00a0<strong>etu- ett\u00e4 taka-iskunvaimentimet<\/strong>, jotka pehment\u00e4v\u00e4t t\u00e4ydellisesti ep\u00e4tasaista maastoa ja takaavat tasaisemman ja mukavamman ajon.<\/p>\n<p style=\"caret-color: #000000; color: #000000;\">Fiido M1 Pro -maastos\u00e4hk\u00f6py\u00f6riss\u00e4 on suorituskyvyn lis\u00e4ksi my\u00f6s mukavuutta, sill\u00e4 ne on\u00a0<strong>varustettu 20x4\u201d leveill\u00e4 renkailla<\/strong>, jotka tarjoavat paremman pidon ja vakauden liukkailla tai ep\u00e4tasaisilla teill\u00e4. Fiido M1:n s\u00e4\u00e4dett\u00e4v\u00e4 istuin on optimoitu mukavaan ajoon, mik\u00e4 v\u00e4hent\u00e4\u00e4 kuljettajan v\u00e4symyst\u00e4 pitkill\u00e4 matkoilla. Fiido M1:ss\u00e4 turvallisuus on etusijalla, ja se on varustettu luotettavilla\u00a0<strong>mekaanisilla levyjarruilla<\/strong>, jotka tarjoavat vahvan ja tasaisen jarrutuksen kaikissa olosuhteissa. Fiido M1 -s\u00e4hk\u00f6py\u00f6r\u00e4t on varustettu kirkkaalla\u00a0<strong>LED-n\u00e4yt\u00f6ll\u00e4<\/strong>, josta p\u00e4\u00e4see helposti k\u00e4siksi t\u00e4rkeisiin ajotietoihin ja -asetuksiin ja joka n\u00e4ytt\u00e4\u00e4 nykyisen nopeuden (km\/h), akun varaustason ja ajetun matkan. Fiido M1 Pro -maastopy\u00f6r\u00e4 on enemm\u00e4n kuin pelkk\u00e4 s\u00e4hk\u00f6py\u00f6r\u00e4, sill\u00e4 sen tehon, kest\u00e4vyyden ja mukavuuden yhdistelm\u00e4 sopii niin arkipy\u00f6r\u00e4ilij\u00e4lle kuin seikkailunhaluisellekin.<\/p>\n<p><iframe title=\"Fiido M1 Pro Fat Tire Electric Bike Review! 45Km\/h Beast!\" width=\"1082\" height=\"609\" src=\"https:\/\/www.youtube.com\/embed\/IAx4e-KI97g?feature=oembed\" frameborder=\"0\" allow=\"accelerometer; autoplay; clipboard-write; encrypted-media; gyroscope; picture-in-picture; web-share\" referrerpolicy=\"strict-origin-when-cross-origin\" allowfullscreen><\/iframe><\/p>\n<h2 style=\"text-align: center;\">TURVALLISUUS<\/h2>\n<p style=\"caret-color: #000000; color: #000000;\"><a>Kyp\u00e4r\u00e4n<\/a>\u00a0k\u00e4ytt\u00f6 on eritt\u00e4in suositeltavaa kaikille aikuisille, kun he ajavat s\u00e4hk\u00f6py\u00f6r\u00e4ll\u00e4 tai maastoajoneuvolla. Alle 16-vuotiaiden s\u00e4hk\u00f6py\u00f6r\u00e4ilij\u00f6iden on\u00a0<a href=\"https:\/\/www.riigiteataja.ee\/akt\/113112020001\">lain<\/a>\u00a0mukaan k\u00e4ytett\u00e4v\u00e4 kyp\u00e4r\u00e4\u00e4 ajaessaan. Kaikenlaiset s\u00e4hk\u00f6py\u00f6r\u00e4t ja maastoajoneuvot l\u00f6ytyv\u00e4t\u00a0<a href=\"http:\/\/www.xn--tuksimaailm-ffb.ee\/tootekategooria\/elektritoukeratas\/\"><strong>t\u00e4\u00e4lt\u00e4<\/strong><\/a>.<\/p>\n<p style=\"caret-color: #000000; color: #000000;\"><strong>Kun ostat s\u00e4hk\u00f6py\u00f6r\u00e4n tai maastoajoneuvon liikkeest\u00e4mme, saat kaikki\u00a0<\/strong><a href=\"http:\/\/www.xn--tuksimaailm-ffb.ee\/tootekategooria\/lisavarustus\/\"><strong>lis\u00e4varusteet<\/strong><\/a><strong>\u00a0<\/strong><strong>ajoneuvon oston yhteydess\u00e4 -20%!<\/strong><\/p>\n<p style=\"caret-color: #000000; color: #000000;\"><strong>Viron lains\u00e4\u00e4d\u00e4nn\u00f6n mukaan s\u00e4hk\u00f6polkupy\u00f6r\u00e4t ovat poljettavia ajoneuvoja, jotka on varustettu enint\u00e4\u00e4n 250 W:n jatkuvalla nimellisteholla varustetulla s\u00e4hk\u00f6moottorilla, jonka teho v\u00e4henee asteittain ajoneuvon nopeuden kasvaessa ja jonka virransy\u00f6tt\u00f6 katkeaa ennen kuin ajoneuvo saavuttaa nopeuden 25 km\/h tai jopa aikaisemmin, jos kuljettaja lopettaa polkemisen.<\/strong>\u00a0<strong>N\u00e4in ollen Fiido M1 pro -s\u00e4hk\u00f6py\u00f6r\u00e4\u00e4 muistuttavan maastoajoneuvon k\u00e4ytt\u00f6 kaupunkialueilla tai yleisill\u00e4 teill\u00e4 tapahtuu k\u00e4ytt\u00e4j\u00e4n omalla vastuulla, eik\u00e4 eMoto ole vastuussa lain rikkomisesta saaduista sakoista, s\u00e4hk\u00f6py\u00f6r\u00e4\u00e4 muistuttavan maastoajoneuvon takavarikoimisesta poliisin toimesta tai mist\u00e4\u00e4n muustakaan rikkomisesta aiheutuneesta vahingosta.<\/strong><\/p>\n<table class=\"tg\" style=\"max-width: 600px; margin-right: auto; margin-bottom: 0px; margin-left: auto; width: 82.6085%; height: 406px;\">\n<tbody>\n<tr style=\"height: 27px;\">\n<td style=\"font-size: 14px; padding: 5px; border-style: solid; background-color: #e4e1e1; color: #333333; font-weight: bold; overflow: hidden; text-align: center; vertical-align: top; word-break: normal; height: 27px; width: 99.66329966329965%;\" colspan=\"2\" data-darkreader-inline-bgcolor=\"\" data-darkreader-inline-color=\"\">Tekniset tiedot<\/td>\n<\/tr>\n<tr style=\"height: 27px;\">\n<td style=\"font-size: 14px; padding: 5px; border-style: solid; background-color: #e4e1e1; color: #333333; font-weight: bold; overflow: hidden; text-align: right; vertical-align: top; word-break: normal; height: 27px; width: 54.71380471380471%;\" data-darkreader-inline-bgcolor=\"\" data-darkreader-inline-color=\"\">Malli<\/td>\n<td style=\"font-size: 14px; padding: 5px; border-style: solid; overflow: hidden; text-align: center; vertical-align: top; word-break: normal; height: 27px; width: 44.94949494949495%;\">FIIDO M1 Pro<\/td>\n<\/tr>\n<tr style=\"height: 27px;\">\n<td style=\"font-size: 14px; padding: 5px; border-style: solid; background-color: #e4e1e1; color: #333333; font-weight: bold; overflow: hidden; text-align: right; vertical-align: top; word-break: normal; height: 27px; width: 54.71380471380471%;\" data-darkreader-inline-bgcolor=\"\" data-darkreader-inline-color=\"\">Akku<\/td>\n<td style=\"font-size: 14px; padding: 5px; border-style: solid; overflow: hidden; text-align: center; vertical-align: top; word-break: normal; height: 27px; width: 44.94949494949495%;\">48V \/ 12.8Ah 585.6Wh<\/td>\n<\/tr>\n<tr style=\"height: 27px;\">\n<td style=\"font-size: 14px; padding: 5px; border-style: solid; background-color: #e4e1e1; color: #333333; font-weight: bold; overflow: hidden; text-align: right; vertical-align: top; word-break: normal; height: 27px; width: 54.71380471380471%;\" data-darkreader-inline-bgcolor=\"\" data-darkreader-inline-color=\"\">Latausaika<\/td>\n<td style=\"font-size: 14px; padding: 5px; border-style: solid; overflow: hidden; text-align: center; vertical-align: top; word-break: normal; height: 27px; width: 44.94949494949495%;\">9h<\/td>\n<\/tr>\n<tr style=\"height: 27px;\">\n<td style=\"font-size: 14px; padding: 5px; border-style: solid; background-color: #e4e1e1; color: #333333; font-weight: bold; overflow: hidden; text-align: right; vertical-align: top; word-break: normal; height: 27px; width: 54.71380471380471%;\" data-darkreader-inline-bgcolor=\"\" data-darkreader-inline-color=\"\">Moottorin teho<\/td>\n<td style=\"font-size: 14px; padding: 5px; border-style: solid; overflow: hidden; text-align: center; vertical-align: top; word-break: normal; height: 27px; width: 44.94949494949495%;\">500W<\/td>\n<\/tr>\n<tr style=\"height: 55px;\">\n<td style=\"font-size: 14px; padding: 5px; border-style: solid; background-color: #e4e1e1; color: #333333; font-weight: bold; overflow: hidden; text-align: right; vertical-align: top; word-break: normal; height: 55px; width: 54.71380471380471%;\" data-darkreader-inline-bgcolor=\"\" data-darkreader-inline-color=\"\">Ajomatka (valmistaja m\u00e4\u00e4rittely)<\/td>\n<td style=\"font-size: 14px; padding: 5px; border-style: solid; overflow: hidden; text-align: center; vertical-align: top; word-break: normal; height: 55px; width: 44.94949494949495%;\">jopa 40 km<\/td>\n<\/tr>\n<tr style=\"height: 27px;\">\n<td style=\"font-size: 14px; padding: 5px; border-style: solid; background-color: #e4e1e1; color: #333333; font-weight: bold; overflow: hidden; text-align: right; vertical-align: top; word-break: normal; height: 27px; width: 54.71380471380471%;\" data-darkreader-inline-bgcolor=\"\" data-darkreader-inline-color=\"\">Etujarru<\/td>\n<td style=\"font-size: 14px; padding: 5px; border-style: solid; overflow: hidden; text-align: center; vertical-align: top; word-break: normal; height: 27px; width: 44.94949494949495%;\">Mekaaninen levyjarruj\u00e4rjestelm\u00e4<\/td>\n<\/tr>\n<tr style=\"height: 27px;\">\n<td style=\"font-size: 14px; padding: 5px; border-style: solid; background-color: #e4e1e1; color: #333333; font-weight: bold; overflow: hidden; text-align: right; vertical-align: top; word-break: normal; height: 27px; width: 54.71380471380471%;\" data-darkreader-inline-bgcolor=\"\" data-darkreader-inline-color=\"\">Takajarru<\/td>\n<td style=\"font-size: 14px; padding: 5px; border-style: solid; overflow: hidden; text-align: center; vertical-align: top; word-break: normal; height: 27px; width: 44.94949494949495%;\">Mekaaninen levyjarruj\u00e4rjestelm\u00e4<\/td>\n<\/tr>\n<tr style=\"height: 27px;\">\n<td style=\"font-size: 14px; padding: 5px; border-style: solid; background-color: #e4e1e1; color: #333333; font-weight: bold; overflow: hidden; text-align: right; vertical-align: top; word-break: normal; height: 27px; width: 54.71380471380471%;\" data-darkreader-inline-bgcolor=\"\" data-darkreader-inline-color=\"\">Painorajoitus<\/td>\n<td style=\"font-size: 14px; padding: 5px; border-style: solid; overflow: hidden; text-align: center; vertical-align: top; word-break: normal; height: 27px; width: 44.94949494949495%;\">130kg<\/td>\n<\/tr>\n<tr style=\"height: 27px;\">\n<td style=\"font-size: 14px; padding: 5px; border-style: solid; background-color: #e4e1e1; color: #333333; font-weight: bold; overflow: hidden; text-align: right; vertical-align: top; word-break: normal; height: 27px; width: 54.71380471380471%;\" data-darkreader-inline-bgcolor=\"\" data-darkreader-inline-color=\"\"><span class=\"x4k7w5x x1h91t0o x1h9r5lt xv2umb2 x1beo9mf xaigb6o x12ejxvf x3igimt xarpa2k xedcshv x1lytzrv x1t2pt76 x7ja8zs x1qrby5j x1jfb8zj\">Nopeus<\/span><\/td>\n<td style=\"font-size: 14px; padding: 5px; border-style: solid; overflow: hidden; text-align: center; vertical-align: top; word-break: normal; height: 27px; width: 44.94949494949495%;\">40km\/h<\/td>\n<\/tr>\n<tr style=\"height: 27px;\">\n<td style=\"font-size: 14px; padding: 5px; border-style: solid; background-color: #e4e1e1; color: #333333; font-weight: bold; overflow: hidden; text-align: right; vertical-align: top; word-break: normal; height: 27px; width: 54.71380471380471%;\" data-darkreader-inline-bgcolor=\"\" data-darkreader-inline-color=\"\">Paino<\/td>\n<td style=\"font-size: 14px; padding: 5px; border-style: solid; overflow: hidden; text-align: center; vertical-align: top; word-break: normal; height: 27px; width: 44.94949494949495%;\">25kg<\/td>\n<\/tr>\n<tr style=\"height: 27px;\">\n<td style=\"font-size: 14px; padding: 5px 5px 5px 125px; border-style: solid; background-color: #e4e1e1; color: #333333; font-weight: bold; overflow: hidden; vertical-align: top; word-break: normal; height: 27px; text-align: right; width: 54.71380471380471%;\" data-darkreader-inline-bgcolor=\"\" data-darkreader-inline-color=\"\">Moottorisoitu py\u00f6r\u00e4<\/td>\n<td style=\"font-size: 14px; padding: 5px; border-style: solid; overflow: hidden; text-align: center; vertical-align: top; word-break: normal; height: 27px; width: 44.94949494949495%;\">\n<p>takapy\u00f6r\u00e4<\/p>\n<\/td>\n<\/tr>\n<tr style=\"height: 27px;\">\n<td style=\"font-size: 14px; padding: 5px; border-style: solid; background-color: #e4e1e1; color: #333333; font-weight: bold; overflow: hidden; text-align: right; vertical-align: top; word-break: normal; height: 27px; width: 54.71380471380471%;\" data-darkreader-inline-bgcolor=\"\" data-darkreader-inline-color=\"\">Renkaat<\/td>\n<td style=\"font-size: 14px; padding: 5px; border-style: solid; overflow: hidden; text-align: center; vertical-align: top; word-break: normal; height: 27px; width: 44.94949494949495%;\">20'' x 4.0 ilmarenkaat<\/td>\n<\/tr>\n<tr style=\"height: 27px;\">\n<td style=\"font-size: 14px; padding: 5px; border-style: solid; background-color: #e4e1e1; color: #333333; font-weight: bold; overflow: hidden; text-align: right; vertical-align: top; word-break: normal; height: 27px; width: 54.71380471380471%;\" data-darkreader-inline-bgcolor=\"\" data-darkreader-inline-color=\"\">Tien enim\u00e4iskaltevuus<\/td>\n<td style=\"font-size: 14px; padding: 5px; border-style: solid; overflow: hidden; text-align: center; vertical-align: top; word-break: normal; height: 27px; width: 44.94949494949495%;\">TBD<\/td>\n<\/tr>\n<\/tbody>\n<\/table>\n","protected":false},"excerpt":{"rendered":"<p><a href=\"http:\/\/www.xn--tuksimaailm-ffb.ee\/kontakt\/\"><strong>L\u00f6ysitk\u00f6 paremman hinnan? Kirjoita meille, niin teemme sinulle paremman tarjouksen!<\/strong><\/a><\/p>\n<p style=\"caret-color: #000000; color: #000000;\"><strong>Kaikki\u00a0<\/strong><a><strong>lis\u00e4varusteet<\/strong><\/a><strong>\u00a0ja\u00a0<\/strong><a><strong>varaosat<\/strong><\/a><strong>\u00a0ovat -20 %, kun ne ostetaan s\u00e4hk\u00f6py\u00f6r\u00e4n kanssa.<\/strong>\u00a0<strong>Alennus otetaan automaattisesti k\u00e4ytt\u00f6\u00f6n, kun lis\u00e4\u00e4t sen ostoskoriin!<\/strong><\/p>\n<p style=\"caret-color: #000000; color: #000000;\"><strong><em>Toimitusaika: 1-5h<\/em><\/strong><\/p>\n<p><em><strong>\u00a0<\/strong><\/em><\/p>\n","protected":false},"featured_media":68267,"template":"","meta":[],"product_brand":[],"product_cat":[2656],"product_tag":[],"filter_elektritoukeratas":[],"class_list":{"0":"post-51163","1":"product","2":"type-product","3":"status-publish","4":"has-post-thumbnail","6":"product_cat-sahkopyora","7":"product_shipping_class-keskmine-pakk-fi","8":"pa_aku-mahutavus-wh-556-8-fi","9":"pa_kandevoime-kg-120-fi","10":"pa_tootetuup-sahkopolkupyora","11":"pa_valmistaja-fiido-fi","12":"pa_valmistajakiirus-25-fi","13":"pa_voimsus-w-250-fi","15":"first","16":"instock","17":"taxable","18":"shipping-taxable","19":"purchasable","20":"product-type-simple"},"yoast_head":"<!-- This site is optimized with the Yoast SEO Premium plugin v26.8 (Yoast SEO v27.5) - https:\/\/yoast.com\/product\/yoast-seo-premium-wordpress\/ -->\n<title>Fiido M1 Pro maastoajoneuvo | T\u00f5uksimaailm | Elektriline jalgratas<\/title>\n<meta name=\"description\" content=\"Fiido M1 Pro maastikus\u00f5iduk elektriratas, \u00fchendades elektrijalgratas v\u00f5imekuse ja maastikuratta mugavuse, olles suurep\u00e4rasene kaaslane pikemateks s\u00f5itudeks\" \/>\n<meta name=\"robots\" content=\"index, follow, max-snippet:-1, max-image-preview:large, max-video-preview:-1\" \/>\n<link rel=\"canonical\" href=\"https:\/\/www.xn--tuksimaailm-ffb.ee\/fi\/shop\/fiido-m1-pro-maastoajoneuvo\/\" \/>\n<meta property=\"og:locale\" content=\"fi_FI\" \/>\n<meta property=\"og:type\" content=\"article\" \/>\n<meta property=\"og:title\" content=\"Fiido M1 Pro maastoajoneuvo\" \/>\n<meta property=\"og:description\" content=\"Fiido M1 Pro maastikus\u00f5iduk elektriratas, \u00fchendades elektrijalgratas v\u00f5imekuse ja maastikuratta mugavuse, olles suurep\u00e4rasene kaaslane pikemateks s\u00f5itudeks\" \/>\n<meta property=\"og:url\" content=\"https:\/\/www.xn--tuksimaailm-ffb.ee\/fi\/shop\/fiido-m1-pro-maastoajoneuvo\/\" \/>\n<meta property=\"og:site_name\" content=\"T\u00f5uksimaailm\" \/>\n<meta property=\"article:publisher\" content=\"https:\/\/www.facebook.com\/touksimaailm\/\" \/>\n<meta property=\"og:image\" content=\"https:\/\/www.xn--tuksimaailm-ffb.ee\/wp-content\/uploads\/2024\/03\/Fiido_m1pro_elektrijalgratas_wordpress_5.png\" \/>\n\t<meta property=\"og:image:width\" content=\"1000\" \/>\n\t<meta property=\"og:image:height\" content=\"1000\" \/>\n\t<meta property=\"og:image:type\" content=\"image\/png\" \/>\n<meta name=\"twitter:card\" content=\"summary_large_image\" \/>\n<meta name=\"twitter:label1\" content=\"Hinta\" \/>\n\t<meta name=\"twitter:data1\" content=\"&euro;1,099.00\" \/>\n\t<meta name=\"twitter:label2\" content=\"Saatavuus\" \/>\n\t<meta name=\"twitter:data2\" content=\"Varastossa\" \/>\n<meta property=\"product:price:amount\" content=\"1099.00\" \/>\n<meta property=\"product:price:currency\" content=\"EUR\" \/>\n<meta property=\"og:availability\" content=\"instock\" \/>\n<meta property=\"product:availability\" content=\"instock\" \/>\n<meta property=\"product:retailer_item_id\" content=\"FIIDO-M1-PRO\" \/>\n<meta property=\"product:condition\" content=\"new\" \/>\n<!-- \/ Yoast SEO Premium plugin. -->","yoast_head_json":{"title":"Fiido M1 Pro maastoajoneuvo | T\u00f5uksimaailm | Elektriline jalgratas","description":"Fiido M1 Pro maastikus\u00f5iduk elektriratas, \u00fchendades elektrijalgratas v\u00f5imekuse ja maastikuratta mugavuse, olles suurep\u00e4rasene kaaslane pikemateks s\u00f5itudeks","robots":{"index":"index","follow":"follow","max-snippet":"max-snippet:-1","max-image-preview":"max-image-preview:large","max-video-preview":"max-video-preview:-1"},"canonical":"https:\/\/www.xn--tuksimaailm-ffb.ee\/fi\/shop\/fiido-m1-pro-maastoajoneuvo\/","og_locale":"fi_FI","og_type":"article","og_title":"Fiido M1 Pro maastoajoneuvo","og_description":"Fiido M1 Pro maastikus\u00f5iduk elektriratas, \u00fchendades elektrijalgratas v\u00f5imekuse ja maastikuratta mugavuse, olles suurep\u00e4rasene kaaslane pikemateks s\u00f5itudeks","og_url":"https:\/\/www.xn--tuksimaailm-ffb.ee\/fi\/shop\/fiido-m1-pro-maastoajoneuvo\/","og_site_name":"T\u00f5uksimaailm","article_publisher":"https:\/\/www.facebook.com\/touksimaailm\/","og_image":[{"width":1000,"height":1000,"url":"https:\/\/www.xn--tuksimaailm-ffb.ee\/wp-content\/uploads\/2024\/03\/Fiido_m1pro_elektrijalgratas_wordpress_5.png","type":"image\/png"}],"twitter_card":"summary_large_image","twitter_misc":{"Hinta":"&euro;1,099.00","Saatavuus":"Varastossa"},"schema":{"@context":"https:\/\/schema.org","@graph":[{"@type":"WebPage","@id":"https:\/\/www.xn--tuksimaailm-ffb.ee\/fi\/shop\/fiido-m1-pro-maastoajoneuvo\/","url":"https:\/\/www.xn--tuksimaailm-ffb.ee\/fi\/shop\/fiido-m1-pro-maastoajoneuvo\/","name":"Fiido M1 Pro maastoajoneuvo | T\u00f5uksimaailm | Elektriline jalgratas","isPartOf":{"@id":"https:\/\/www.xn--tuksimaailm-ffb.ee\/fi\/#website"},"primaryImageOfPage":{"@id":"https:\/\/www.xn--tuksimaailm-ffb.ee\/fi\/shop\/fiido-m1-pro-maastoajoneuvo\/#primaryimage"},"image":{"@id":"https:\/\/www.xn--tuksimaailm-ffb.ee\/fi\/shop\/fiido-m1-pro-maastoajoneuvo\/#primaryimage"},"thumbnailUrl":"https:\/\/www.xn--tuksimaailm-ffb.ee\/wp-content\/uploads\/2024\/03\/7-m1-pro_641b5d1f-ac98-45ac-80d0-f94023ff13eb_1000x.webp","datePublished":"2024-03-04T17:55:32+00:00","description":"Fiido M1 Pro maastikus\u00f5iduk elektriratas, \u00fchendades elektrijalgratas v\u00f5imekuse ja maastikuratta mugavuse, olles suurep\u00e4rasene kaaslane pikemateks s\u00f5itudeks","breadcrumb":{"@id":"https:\/\/www.xn--tuksimaailm-ffb.ee\/fi\/shop\/fiido-m1-pro-maastoajoneuvo\/#breadcrumb"},"inLanguage":"fi","potentialAction":[{"@type":"ReadAction","target":["https:\/\/www.xn--tuksimaailm-ffb.ee\/fi\/shop\/fiido-m1-pro-maastoajoneuvo\/"]}]},{"@type":"ImageObject","inLanguage":"fi","@id":"https:\/\/www.xn--tuksimaailm-ffb.ee\/fi\/shop\/fiido-m1-pro-maastoajoneuvo\/#primaryimage","url":"https:\/\/www.xn--tuksimaailm-ffb.ee\/wp-content\/uploads\/2024\/03\/7-m1-pro_641b5d1f-ac98-45ac-80d0-f94023ff13eb_1000x.webp","contentUrl":"https:\/\/www.xn--tuksimaailm-ffb.ee\/wp-content\/uploads\/2024\/03\/7-m1-pro_641b5d1f-ac98-45ac-80d0-f94023ff13eb_1000x.webp","width":1000,"height":1000,"caption":"elektriratas Fiido M1 Pro elektrirattad elektrijalgratas elektrijalgrattad 2"},{"@type":"BreadcrumbList","@id":"https:\/\/www.xn--tuksimaailm-ffb.ee\/fi\/shop\/fiido-m1-pro-maastoajoneuvo\/#breadcrumb","itemListElement":[{"@type":"ListItem","position":1,"name":"Home","item":"https:\/\/www.xn--tuksimaailm-ffb.ee\/fi\/kotisivu\/"},{"@type":"ListItem","position":2,"name":"Kauppa","item":"https:\/\/www.xn--tuksimaailm-ffb.ee\/elektritoukerataste-pood\/"},{"@type":"ListItem","position":3,"name":"Fiido M1 Pro maastoajoneuvo"}]},{"@type":"WebSite","@id":"https:\/\/www.xn--tuksimaailm-ffb.ee\/fi\/#website","url":"https:\/\/www.xn--tuksimaailm-ffb.ee\/fi\/","name":"T\u00f5uksimaailm","description":"Elektrit\u00f5ukerataste m\u00fc\u00fck, remont ja rent","publisher":{"@id":"https:\/\/www.xn--tuksimaailm-ffb.ee\/fi\/#organization"},"potentialAction":[{"@type":"SearchAction","target":{"@type":"EntryPoint","urlTemplate":"https:\/\/www.xn--tuksimaailm-ffb.ee\/fi\/?s={search_term_string}"},"query-input":{"@type":"PropertyValueSpecification","valueRequired":true,"valueName":"search_term_string"}}],"inLanguage":"fi"},{"@type":"Organization","@id":"https:\/\/www.xn--tuksimaailm-ffb.ee\/fi\/#organization","name":"T\u00f5uksimaailm","url":"https:\/\/www.xn--tuksimaailm-ffb.ee\/fi\/","logo":{"@type":"ImageObject","inLanguage":"fi","@id":"https:\/\/www.xn--tuksimaailm-ffb.ee\/fi\/#\/schema\/logo\/image\/","url":"https:\/\/www.xn--tuksimaailm-ffb.ee\/wp-content\/uploads\/2020\/01\/logoz-e1579792875517.png","contentUrl":"https:\/\/www.xn--tuksimaailm-ffb.ee\/wp-content\/uploads\/2020\/01\/logoz-e1579792875517.png","width":250,"height":250,"caption":"T\u00f5uksimaailm"},"image":{"@id":"https:\/\/www.xn--tuksimaailm-ffb.ee\/fi\/#\/schema\/logo\/image\/"},"sameAs":["https:\/\/www.facebook.com\/touksimaailm\/","https:\/\/www.instagram.com\/touksimaailm_\/","https:\/\/www.youtube.com\/channel\/UC18ml0EKIDLP1xGuQjFzcXQ"]}]},"product_price_amount":"1099.00","product_price_currency":"EUR","og_availability":"instock","product_availability":"instock","product_retailer_item_id":"FIIDO-M1-PRO","product_condition":"new"},"jetpack_sharing_enabled":true,"_links":{"self":[{"href":"https:\/\/www.xn--tuksimaailm-ffb.ee\/fi\/wp-json\/wp\/v2\/product\/51163","targetHints":{"allow":["GET"]}}],"collection":[{"href":"https:\/\/www.xn--tuksimaailm-ffb.ee\/fi\/wp-json\/wp\/v2\/product"}],"about":[{"href":"https:\/\/www.xn--tuksimaailm-ffb.ee\/fi\/wp-json\/wp\/v2\/types\/product"}],"wp:featuredmedia":[{"embeddable":true,"href":"https:\/\/www.xn--tuksimaailm-ffb.ee\/fi\/wp-json\/wp\/v2\/media\/68267"}],"wp:attachment":[{"href":"https:\/\/www.xn--tuksimaailm-ffb.ee\/fi\/wp-json\/wp\/v2\/media?parent=51163"}],"wp:term":[{"taxonomy":"product_brand","embeddable":true,"href":"https:\/\/www.xn--tuksimaailm-ffb.ee\/fi\/wp-json\/wp\/v2\/product_brand?post=51163"},{"taxonomy":"product_cat","embeddable":true,"href":"https:\/\/www.xn--tuksimaailm-ffb.ee\/fi\/wp-json\/wp\/v2\/product_cat?post=51163"},{"taxonomy":"product_tag","embeddable":true,"href":"https:\/\/www.xn--tuksimaailm-ffb.ee\/fi\/wp-json\/wp\/v2\/product_tag?post=51163"},{"taxonomy":"filter_elektritoukeratas","embeddable":true,"href":"https:\/\/www.xn--tuksimaailm-ffb.ee\/fi\/wp-json\/wp\/v2\/filter_elektritoukeratas?post=51163"}],"curies":[{"name":"wp","href":"https:\/\/api.w.org\/{rel}","templated":true}]}}