{"id":51171,"date":"2024-03-04T20:11:50","date_gmt":"2024-03-04T17:11:50","guid":{"rendered":"http:\/\/www.xn--tuksimaailm-ffb.ee\/shop\/fiido-d11-sahkopolkupyora\/"},"modified":"2024-03-04T20:11:50","modified_gmt":"2024-03-04T17:11:50","slug":"fiido-d11-sahkopolkupyora","status":"publish","type":"product","link":"https:\/\/www.xn--tuksimaailm-ffb.ee\/fi\/shop\/fiido-d11-sahkopolkupyora\/","title":{"rendered":"Fiido D11 s\u00e4hk\u00f6polkupy\u00f6r\u00e4"},"content":{"rendered":"<h2 style=\"text-align: center;\">FIIDO D11 S\u00c4HK\u00d6POLKUPY\u00d6R\u00c4 TUOTEKUVAUS<\/h2>\n<p style=\"caret-color: #000000; color: #000000;\">Taitettava s\u00e4hk\u00f6py\u00f6r\u00e4 Fiido D11 on suunnittelun taidonn\u00e4yte, joka tasapainottaa taitavasti kaupunki- ja maastopy\u00f6r\u00e4ily\u00e4. Tyylikk\u00e4\u00e4n ulkon\u00e4k\u00f6ns\u00e4 ansiosta Fiidon s\u00e4hk\u00f6py\u00f6r\u00e4t on suunniteltu tarjoamaan vertaansa vailla oleva ajokokemus niin kaupunkilaisille kuin pitk\u00e4n matkan seikkailijoillekin. Fiido D11 -s\u00e4hk\u00f6py\u00f6r\u00e4n ytimess\u00e4 on vankka<strong>\u00a0250 W:n<\/strong>\u00a0moottori, joka mahdollistaa jopa\u00a0<strong>25 km\/h<\/strong>\u00a0nopeuden\u00a0<strong>.<\/strong>\u00a0Fiido-s\u00e4hk\u00f6py\u00f6r\u00e4 erottuu edukseen vaikuttavan akkukestonsa ansiosta: yhdell\u00e4 latauksella voi ajaa\u00a0<strong>jopa 100 kilometri\u00e4<\/strong>\u00a0ajo-olosuhteista riippuen, joten se on ihanteellinen niin arkisiin ajoihin kuin pidempiin tutkimusretkiinkin. Fiido-s\u00e4hk\u00f6py\u00f6riss\u00e4 on integroitu<strong>36 V 11,6 Ah litiumioniakku<\/strong>, joka on piilotettu satulatolpan sis\u00e4\u00e4n ja tarjoaa virtaviivaisen ulkon\u00e4\u00f6n s\u00e4ilytt\u00e4en samalla toiminnallisuuden. T\u00e4m\u00e4 ei ainoastaan paranna yleist\u00e4 estetiikkaa, vaan my\u00f6s parantaa painon jakautumista paremman ohjattavuuden vuoksi. Fiidon runko on valmistettu alumiinista, mik\u00e4 takaa sek\u00e4 lujuuden ett\u00e4 keveyden - se painaa vain\u00a0<strong>18,5 kg<\/strong>. Fiido D11:n innovatiivinen kokoontaitettava muotoilu tekee siit\u00e4 eritt\u00e4in kannettavan ja helposti s\u00e4ilytett\u00e4v\u00e4n, ja se mahtuu helposti pieniin tiloihin, kuten asuntojen kaappeihin, auton tavaratiloihin tai julkisiin kulkuneuvoihin.<\/p>\n<p style=\"caret-color: #000000; color: #000000;\">Fiido D11 on varustettu selv\u00e4sti luettavalla\u00a0<strong>LCD-n\u00e4yt\u00f6ll\u00e4<\/strong>, joka n\u00e4ytt\u00e4\u00e4 t\u00e4rkeit\u00e4 ajotietoja, kuten nopeuden, ajetun matkan, akun varaustason ja ajotilan asetukset. Kuljettaja voi valita useiden avustustasojen v\u00e4lill\u00e4 ja r\u00e4\u00e4t\u00e4l\u00f6id\u00e4 ajokokemuksen tarpeittensa mukaan, olipa kyse sitten kaupunki- tai mets\u00e4teist\u00e4. Turvallisuus on Fiidossa etusijalla, ja se on varustettu vahvoilla\u00a0<strong>levyjarruilla sek\u00e4 edess\u00e4 ett\u00e4 takana<\/strong>, jotka takaavat vahvan ja tasaisen jarrutuksen kaikissa s\u00e4\u00e4olosuhteissa. Fiidon s\u00e4hk\u00f6py\u00f6r\u00e4t on varustettu\u00a0<strong>etu- ja takavaloilla<\/strong>, jotka parantavat n\u00e4kyvyytt\u00e4 y\u00f6ajelulla tai huonoissa n\u00e4kyvyysolosuhteissa. Fiido D11 erottuu toiminnallisuutensa lis\u00e4ksi my\u00f6s minimalistisella ja modernilla muotoilullaan, joten se on ihanteellinen valinta niille, jotka etsiv\u00e4t k\u00e4yt\u00e4nn\u00f6llist\u00e4, tyylik\u00e4st\u00e4 ja tehokasta kulkuv\u00e4linett\u00e4.<\/p>\n<p><iframe title=\"Fiido D11 Review AWESOME Foldable eBike!\" width=\"1082\" height=\"609\" src=\"https:\/\/www.youtube.com\/embed\/zs5Y-e8RCmc?feature=oembed\" frameborder=\"0\" allow=\"accelerometer; autoplay; clipboard-write; encrypted-media; gyroscope; picture-in-picture; web-share\" referrerpolicy=\"strict-origin-when-cross-origin\" allowfullscreen><\/iframe><\/p>\n<h2 style=\"text-align: center;\">TURVALLISUUS<\/h2>\n<p style=\"caret-color: #000000; color: #000000;\"><a>Kyp\u00e4r\u00e4n<\/a>\u00a0k\u00e4ytt\u00f6 on eritt\u00e4in suositeltavaa kaikille aikuisille s\u00e4hk\u00f6py\u00f6r\u00e4ilij\u00f6ille. Alle 16-vuotiaiden on\u00a0<a href=\"https:\/\/www.riigiteataja.ee\/akt\/113112020001\">lain<\/a>\u00a0mukaan k\u00e4ytett\u00e4v\u00e4 kyp\u00e4r\u00e4\u00e4 s\u00e4hk\u00f6py\u00f6r\u00e4ll\u00e4 ajaessaan. Kaikki s\u00e4hk\u00f6py\u00f6r\u00e4t l\u00f6ytyv\u00e4t\u00a0<a href=\"http:\/\/www.xn--tuksimaailm-ffb.ee\/tootekategooria\/elektritoukeratas\/\"><strong>t\u00e4\u00e4lt\u00e4<\/strong><\/a>.<\/p>\n<p style=\"caret-color: #000000; color: #000000;\"><strong>Kun ostat s\u00e4hk\u00f6py\u00f6r\u00e4n liikkeest\u00e4mme, saat kaikki\u00a0<\/strong><a href=\"http:\/\/www.xn--tuksimaailm-ffb.ee\/tootekategooria\/lisavarustus\/\"><strong>lis\u00e4varusteet<\/strong><\/a><strong>\u00a0<\/strong><strong>s\u00e4hk\u00f6py\u00f6r\u00e4n oston yhteydess\u00e4 -20%!<\/strong><\/p>\n<table class=\"tg\" style=\"max-width: 600px; margin-right: auto; margin-bottom: 0px; margin-left: auto; width: 82.6085%; height: 406px;\">\n<tbody>\n<tr style=\"height: 27px;\">\n<td style=\"font-size: 14px; padding: 5px; border-style: solid; background-color: #e4e1e1; color: #333333; font-weight: bold; overflow: hidden; text-align: center; vertical-align: top; word-break: normal; height: 27px; width: 99.66329966329965%;\" colspan=\"2\" data-darkreader-inline-bgcolor=\"\" data-darkreader-inline-color=\"\">Tekniset tiedot<\/td>\n<\/tr>\n<tr style=\"height: 27px;\">\n<td style=\"font-size: 14px; padding: 5px; border-style: solid; background-color: #e4e1e1; color: #333333; font-weight: bold; overflow: hidden; text-align: right; vertical-align: top; word-break: normal; height: 27px; width: 54.71380471380471%;\" data-darkreader-inline-bgcolor=\"\" data-darkreader-inline-color=\"\">Malli<\/td>\n<td style=\"font-size: 14px; padding: 5px; border-style: solid; overflow: hidden; text-align: center; vertical-align: top; word-break: normal; height: 27px; width: 44.94949494949495%;\">FIIDO D11<\/td>\n<\/tr>\n<tr style=\"height: 27px;\">\n<td style=\"font-size: 14px; padding: 5px; border-style: solid; background-color: #e4e1e1; color: #333333; font-weight: bold; overflow: hidden; text-align: right; vertical-align: top; word-break: normal; height: 27px; width: 54.71380471380471%;\" data-darkreader-inline-bgcolor=\"\" data-darkreader-inline-color=\"\">Akku<\/td>\n<td style=\"font-size: 14px; padding: 5px; border-style: solid; overflow: hidden; text-align: center; vertical-align: top; word-break: normal; height: 27px; width: 44.94949494949495%;\">36V \/ 11.6Ah 417.6Wh<\/td>\n<\/tr>\n<tr style=\"height: 27px;\">\n<td style=\"font-size: 14px; padding: 5px; border-style: solid; background-color: #e4e1e1; color: #333333; font-weight: bold; overflow: hidden; text-align: right; vertical-align: top; word-break: normal; height: 27px; width: 54.71380471380471%;\" data-darkreader-inline-bgcolor=\"\" data-darkreader-inline-color=\"\">Latausaika<\/td>\n<td style=\"font-size: 14px; padding: 5px; border-style: solid; overflow: hidden; text-align: center; vertical-align: top; word-break: normal; height: 27px; width: 44.94949494949495%;\">7h<\/td>\n<\/tr>\n<tr style=\"height: 27px;\">\n<td style=\"font-size: 14px; padding: 5px; border-style: solid; background-color: #e4e1e1; color: #333333; font-weight: bold; overflow: hidden; text-align: right; vertical-align: top; word-break: normal; height: 27px; width: 54.71380471380471%;\" data-darkreader-inline-bgcolor=\"\" data-darkreader-inline-color=\"\">Moottorin teho<\/td>\n<td style=\"font-size: 14px; padding: 5px; border-style: solid; overflow: hidden; text-align: center; vertical-align: top; word-break: normal; height: 27px; width: 44.94949494949495%;\">250W<\/td>\n<\/tr>\n<tr style=\"height: 55px;\">\n<td style=\"font-size: 14px; padding: 5px; border-style: solid; background-color: #e4e1e1; color: #333333; font-weight: bold; overflow: hidden; text-align: right; vertical-align: top; word-break: normal; height: 55px; width: 54.71380471380471%;\" data-darkreader-inline-bgcolor=\"\" data-darkreader-inline-color=\"\">Ajomatka (<strong style=\"caret-color: #000000; color: #000000; text-align: start; font-family: inherit;\">valmistajan erittely<\/strong><span style=\"font-family: inherit;\">)<\/span><\/td>\n<td style=\"font-size: 14px; padding: 5px; border-style: solid; overflow: hidden; text-align: center; vertical-align: top; word-break: normal; height: 55px; width: 44.94949494949495%;\">jopa 100 km<\/td>\n<\/tr>\n<tr style=\"height: 27px;\">\n<td style=\"font-size: 14px; padding: 5px; border-style: solid; background-color: #e4e1e1; color: #333333; font-weight: bold; overflow: hidden; text-align: right; vertical-align: top; word-break: normal; height: 27px; width: 54.71380471380471%;\" data-darkreader-inline-bgcolor=\"\" data-darkreader-inline-color=\"\">Etujarru<\/td>\n<td style=\"font-size: 14px; padding: 5px; border-style: solid; overflow: hidden; text-align: center; vertical-align: top; word-break: normal; height: 27px; width: 44.94949494949495%;\">Mekaaninen levyjarruj\u00e4rjestelm\u00e4<\/td>\n<\/tr>\n<tr style=\"height: 27px;\">\n<td style=\"font-size: 14px; padding: 5px; border-style: solid; background-color: #e4e1e1; color: #333333; font-weight: bold; overflow: hidden; text-align: right; vertical-align: top; word-break: normal; height: 27px; width: 54.71380471380471%;\" data-darkreader-inline-bgcolor=\"\" data-darkreader-inline-color=\"\">Takajarru<\/td>\n<td style=\"font-size: 14px; padding: 5px; border-style: solid; overflow: hidden; text-align: center; vertical-align: top; word-break: normal; height: 27px; width: 44.94949494949495%;\">Mekaaninen levyjarruj\u00e4rjestelm\u00e4<\/td>\n<\/tr>\n<tr style=\"height: 27px;\">\n<td style=\"font-size: 14px; padding: 5px; border-style: solid; background-color: #e4e1e1; color: #333333; font-weight: bold; overflow: hidden; text-align: right; vertical-align: top; word-break: normal; height: 27px; width: 54.71380471380471%;\" data-darkreader-inline-bgcolor=\"\" data-darkreader-inline-color=\"\">Painorajoitus<\/td>\n<td style=\"font-size: 14px; padding: 5px; border-style: solid; overflow: hidden; text-align: center; vertical-align: top; word-break: normal; height: 27px; width: 44.94949494949495%;\">120kg<\/td>\n<\/tr>\n<tr style=\"height: 27px;\">\n<td style=\"font-size: 14px; padding: 5px; border-style: solid; background-color: #e4e1e1; color: #333333; font-weight: bold; overflow: hidden; text-align: right; vertical-align: top; word-break: normal; height: 27px; width: 54.71380471380471%;\" data-darkreader-inline-bgcolor=\"\" data-darkreader-inline-color=\"\"><span class=\"x4k7w5x x1h91t0o x1h9r5lt xv2umb2 x1beo9mf xaigb6o x12ejxvf x3igimt xarpa2k xedcshv x1lytzrv x1t2pt76 x7ja8zs x1qrby5j x1jfb8zj\">Nopeus<\/span><\/td>\n<td style=\"font-size: 14px; padding: 5px; border-style: solid; overflow: hidden; text-align: center; vertical-align: top; word-break: normal; height: 27px; width: 44.94949494949495%;\">25km\/h (s\u00e4hk\u00f6moottorin saavuttama nopeus - rajoitettu); 25km\/h (S\u00e4hk\u00f6py\u00f6r\u00e4n suunnittelunopeus)<\/td>\n<\/tr>\n<tr style=\"height: 27px;\">\n<td style=\"font-size: 14px; padding: 5px; border-style: solid; background-color: #e4e1e1; color: #333333; font-weight: bold; overflow: hidden; text-align: right; vertical-align: top; word-break: normal; height: 27px; width: 54.71380471380471%;\" data-darkreader-inline-bgcolor=\"\" data-darkreader-inline-color=\"\">Paino<\/td>\n<td style=\"font-size: 14px; padding: 5px; border-style: solid; overflow: hidden; text-align: center; vertical-align: top; word-break: normal; height: 27px; width: 44.94949494949495%;\">18.5 kg<\/td>\n<\/tr>\n<tr style=\"height: 27px;\">\n<td style=\"font-size: 14px; padding: 5px 5px 5px 125px; border-style: solid; background-color: #e4e1e1; color: #333333; font-weight: bold; overflow: hidden; vertical-align: top; word-break: normal; height: 27px; text-align: right; width: 54.71380471380471%;\" data-darkreader-inline-bgcolor=\"\" data-darkreader-inline-color=\"\">Moottorisoitu py\u00f6r\u00e4<\/td>\n<td style=\"font-size: 14px; padding: 5px; border-style: solid; overflow: hidden; text-align: center; vertical-align: top; word-break: normal; height: 27px; width: 44.94949494949495%;\">\n<p>takapy\u00f6r\u00e4<\/p>\n<\/td>\n<\/tr>\n<tr style=\"height: 27px;\">\n<td style=\"font-size: 14px; padding: 5px; border-style: solid; background-color: #e4e1e1; color: #333333; font-weight: bold; overflow: hidden; text-align: right; vertical-align: top; word-break: normal; height: 27px; width: 54.71380471380471%;\" data-darkreader-inline-bgcolor=\"\" data-darkreader-inline-color=\"\">Renkaat<\/td>\n<td style=\"font-size: 14px; padding: 5px; border-style: solid; overflow: hidden; text-align: center; vertical-align: top; word-break: normal; height: 27px; width: 44.94949494949495%;\">20\" x 1.75 Ilmarenkaat<\/td>\n<\/tr>\n<tr style=\"height: 27px;\">\n<td style=\"font-size: 14px; padding: 5px; border-style: solid; background-color: #e4e1e1; color: #333333; font-weight: bold; overflow: hidden; text-align: right; vertical-align: top; word-break: normal; height: 27px; width: 54.71380471380471%;\" data-darkreader-inline-bgcolor=\"\" data-darkreader-inline-color=\"\">Tien enim\u00e4iskaltevuus<\/td>\n<td style=\"font-size: 14px; padding: 5px; border-style: solid; overflow: hidden; text-align: center; vertical-align: top; word-break: normal; height: 27px; width: 44.94949494949495%;\">TBD<\/td>\n<\/tr>\n<\/tbody>\n<\/table>\n","protected":false},"excerpt":{"rendered":"<p><a href=\"http:\/\/www.xn--tuksimaailm-ffb.ee\/kontakt\/\"><strong>L\u00f6ysitk\u00f6 paremman hinnan? Kirjoita meille, niin teemme sinulle paremman tarjouksen!<\/strong><\/a><\/p>\n<p style=\"caret-color: #000000; color: #000000;\"><strong>Kaikki\u00a0<\/strong><a><strong>lis\u00e4varusteet<\/strong><\/a><strong>\u00a0ja\u00a0<\/strong><a><strong>varaosat<\/strong><\/a><strong>\u00a0ovat -20 %, kun ne ostetaan s\u00e4hk\u00f6py\u00f6r\u00e4n kanssa.<\/strong>\u00a0<strong>Alennus otetaan automaattisesti k\u00e4ytt\u00f6\u00f6n, kun lis\u00e4\u00e4t sen ostoskoriin!<\/strong><\/p>\n<p style=\"caret-color: #000000; color: #000000;\"><strong><em>Toimitusaika: 0-3tp<\/em><\/strong><\/p>\n<p><em><strong>\u00a0<\/strong><\/em><\/p>\n","protected":false},"featured_media":80416,"template":"","meta":[],"product_brand":[],"product_cat":[2656],"product_tag":[],"filter_elektritoukeratas":[],"class_list":{"0":"post-51171","1":"product","2":"type-product","3":"status-publish","4":"has-post-thumbnail","6":"product_cat-sahkopyora","7":"product_shipping_class-keskmine-pakk-fi","8":"pa_aku-mahutavus-wh-417-6-fi","9":"pa_elektrimootori-abil-saavut-25-fi","10":"pa_kandevoime-kg-120-fi","11":"pa_tootetuup-sahkopyora","12":"pa_valmistaja-fiido-fi","13":"pa_valmistajakiirus-25-fi","14":"pa_voimsus-w-250-fi","16":"first","17":"instock","18":"taxable","19":"shipping-taxable","20":"purchasable","21":"product-type-simple"},"yoast_head":"<!-- This site is optimized with the Yoast SEO Premium plugin v26.8 (Yoast SEO v27.5) - https:\/\/yoast.com\/product\/yoast-seo-premium-wordpress\/ -->\n<title>Fiido D11 s\u00e4hk\u00f6polkupy\u00f6r\u00e4 | T\u00f5uksimaailm | Elektriline jalgratas<\/title>\n<meta name=\"description\" content=\"Fiido D11 kokkupandav elektriratas on loodud pakkuma v\u00f5rdlematut s\u00f5idukogemust ja mugavust, nii linnaelanikele kui ka pikamaaseiklejatele.\" \/>\n<meta name=\"robots\" content=\"index, follow, max-snippet:-1, max-image-preview:large, max-video-preview:-1\" \/>\n<link rel=\"canonical\" href=\"https:\/\/www.xn--tuksimaailm-ffb.ee\/fi\/shop\/fiido-d11-sahkopolkupyora\/\" \/>\n<meta property=\"og:locale\" content=\"fi_FI\" \/>\n<meta property=\"og:type\" content=\"article\" \/>\n<meta property=\"og:title\" content=\"Fiido D11 s\u00e4hk\u00f6polkupy\u00f6r\u00e4\" \/>\n<meta property=\"og:description\" content=\"Fiido D11 kokkupandav elektriratas on loodud pakkuma v\u00f5rdlematut s\u00f5idukogemust ja mugavust, nii linnaelanikele kui ka pikamaaseiklejatele.\" \/>\n<meta property=\"og:url\" content=\"https:\/\/www.xn--tuksimaailm-ffb.ee\/fi\/shop\/fiido-d11-sahkopolkupyora\/\" \/>\n<meta property=\"og:site_name\" content=\"T\u00f5uksimaailm\" \/>\n<meta property=\"article:publisher\" content=\"https:\/\/www.facebook.com\/touksimaailm\/\" \/>\n<meta property=\"og:image\" content=\"https:\/\/www.xn--tuksimaailm-ffb.ee\/wp-content\/uploads\/2024\/03\/Fiido_d11_elektrijalgratas_wordpress_5.png\" \/>\n\t<meta property=\"og:image:width\" content=\"1000\" \/>\n\t<meta property=\"og:image:height\" content=\"1000\" \/>\n\t<meta property=\"og:image:type\" content=\"image\/png\" \/>\n<meta name=\"twitter:card\" content=\"summary_large_image\" \/>\n<meta name=\"twitter:label1\" content=\"Hinta\" \/>\n\t<meta name=\"twitter:data1\" content=\"&euro;999.00\" \/>\n\t<meta name=\"twitter:label2\" content=\"Saatavuus\" \/>\n\t<meta name=\"twitter:data2\" content=\"Varastossa\" \/>\n<meta property=\"product:price:amount\" content=\"999.00\" \/>\n<meta property=\"product:price:currency\" content=\"EUR\" \/>\n<meta property=\"og:availability\" content=\"instock\" \/>\n<meta property=\"product:availability\" content=\"instock\" \/>\n<meta property=\"product:retailer_item_id\" content=\"FIIDO-D11\" \/>\n<meta property=\"product:condition\" content=\"new\" \/>\n<!-- \/ Yoast SEO Premium plugin. -->","yoast_head_json":{"title":"Fiido D11 s\u00e4hk\u00f6polkupy\u00f6r\u00e4 | T\u00f5uksimaailm | Elektriline jalgratas","description":"Fiido D11 kokkupandav elektriratas on loodud pakkuma v\u00f5rdlematut s\u00f5idukogemust ja mugavust, nii linnaelanikele kui ka pikamaaseiklejatele.","robots":{"index":"index","follow":"follow","max-snippet":"max-snippet:-1","max-image-preview":"max-image-preview:large","max-video-preview":"max-video-preview:-1"},"canonical":"https:\/\/www.xn--tuksimaailm-ffb.ee\/fi\/shop\/fiido-d11-sahkopolkupyora\/","og_locale":"fi_FI","og_type":"article","og_title":"Fiido D11 s\u00e4hk\u00f6polkupy\u00f6r\u00e4","og_description":"Fiido D11 kokkupandav elektriratas on loodud pakkuma v\u00f5rdlematut s\u00f5idukogemust ja mugavust, nii linnaelanikele kui ka pikamaaseiklejatele.","og_url":"https:\/\/www.xn--tuksimaailm-ffb.ee\/fi\/shop\/fiido-d11-sahkopolkupyora\/","og_site_name":"T\u00f5uksimaailm","article_publisher":"https:\/\/www.facebook.com\/touksimaailm\/","og_image":[{"width":1000,"height":1000,"url":"https:\/\/www.xn--tuksimaailm-ffb.ee\/wp-content\/uploads\/2024\/03\/Fiido_d11_elektrijalgratas_wordpress_5.png","type":"image\/png"}],"twitter_card":"summary_large_image","twitter_misc":{"Hinta":"&euro;999.00","Saatavuus":"Varastossa"},"schema":{"@context":"https:\/\/schema.org","@graph":[{"@type":"WebPage","@id":"https:\/\/www.xn--tuksimaailm-ffb.ee\/fi\/shop\/fiido-d11-sahkopolkupyora\/","url":"https:\/\/www.xn--tuksimaailm-ffb.ee\/fi\/shop\/fiido-d11-sahkopolkupyora\/","name":"Fiido D11 s\u00e4hk\u00f6polkupy\u00f6r\u00e4 | T\u00f5uksimaailm | Elektriline jalgratas","isPartOf":{"@id":"https:\/\/www.xn--tuksimaailm-ffb.ee\/fi\/#website"},"primaryImageOfPage":{"@id":"https:\/\/www.xn--tuksimaailm-ffb.ee\/fi\/shop\/fiido-d11-sahkopolkupyora\/#primaryimage"},"image":{"@id":"https:\/\/www.xn--tuksimaailm-ffb.ee\/fi\/shop\/fiido-d11-sahkopolkupyora\/#primaryimage"},"thumbnailUrl":"https:\/\/www.xn--tuksimaailm-ffb.ee\/wp-content\/uploads\/2024\/03\/1-d11-grey_1000x.webp","datePublished":"2024-03-04T17:11:50+00:00","description":"Fiido D11 kokkupandav elektriratas on loodud pakkuma v\u00f5rdlematut s\u00f5idukogemust ja mugavust, nii linnaelanikele kui ka pikamaaseiklejatele.","breadcrumb":{"@id":"https:\/\/www.xn--tuksimaailm-ffb.ee\/fi\/shop\/fiido-d11-sahkopolkupyora\/#breadcrumb"},"inLanguage":"fi","potentialAction":[{"@type":"ReadAction","target":["https:\/\/www.xn--tuksimaailm-ffb.ee\/fi\/shop\/fiido-d11-sahkopolkupyora\/"]}]},{"@type":"ImageObject","inLanguage":"fi","@id":"https:\/\/www.xn--tuksimaailm-ffb.ee\/fi\/shop\/fiido-d11-sahkopolkupyora\/#primaryimage","url":"https:\/\/www.xn--tuksimaailm-ffb.ee\/wp-content\/uploads\/2024\/03\/1-d11-grey_1000x.webp","contentUrl":"https:\/\/www.xn--tuksimaailm-ffb.ee\/wp-content\/uploads\/2024\/03\/1-d11-grey_1000x.webp","width":1000,"height":1000,"caption":"elektriratas Fiido D11 elektrirattad elektrijalgratas elektrijalgrattad - 1"},{"@type":"BreadcrumbList","@id":"https:\/\/www.xn--tuksimaailm-ffb.ee\/fi\/shop\/fiido-d11-sahkopolkupyora\/#breadcrumb","itemListElement":[{"@type":"ListItem","position":1,"name":"Home","item":"https:\/\/www.xn--tuksimaailm-ffb.ee\/fi\/kotisivu\/"},{"@type":"ListItem","position":2,"name":"Kauppa","item":"https:\/\/www.xn--tuksimaailm-ffb.ee\/elektritoukerataste-pood\/"},{"@type":"ListItem","position":3,"name":"Fiido D11 s\u00e4hk\u00f6polkupy\u00f6r\u00e4"}]},{"@type":"WebSite","@id":"https:\/\/www.xn--tuksimaailm-ffb.ee\/fi\/#website","url":"https:\/\/www.xn--tuksimaailm-ffb.ee\/fi\/","name":"T\u00f5uksimaailm","description":"Elektrit\u00f5ukerataste m\u00fc\u00fck, remont ja rent","publisher":{"@id":"https:\/\/www.xn--tuksimaailm-ffb.ee\/fi\/#organization"},"potentialAction":[{"@type":"SearchAction","target":{"@type":"EntryPoint","urlTemplate":"https:\/\/www.xn--tuksimaailm-ffb.ee\/fi\/?s={search_term_string}"},"query-input":{"@type":"PropertyValueSpecification","valueRequired":true,"valueName":"search_term_string"}}],"inLanguage":"fi"},{"@type":"Organization","@id":"https:\/\/www.xn--tuksimaailm-ffb.ee\/fi\/#organization","name":"T\u00f5uksimaailm","url":"https:\/\/www.xn--tuksimaailm-ffb.ee\/fi\/","logo":{"@type":"ImageObject","inLanguage":"fi","@id":"https:\/\/www.xn--tuksimaailm-ffb.ee\/fi\/#\/schema\/logo\/image\/","url":"https:\/\/www.xn--tuksimaailm-ffb.ee\/wp-content\/uploads\/2020\/01\/logoz-e1579792875517.png","contentUrl":"https:\/\/www.xn--tuksimaailm-ffb.ee\/wp-content\/uploads\/2020\/01\/logoz-e1579792875517.png","width":250,"height":250,"caption":"T\u00f5uksimaailm"},"image":{"@id":"https:\/\/www.xn--tuksimaailm-ffb.ee\/fi\/#\/schema\/logo\/image\/"},"sameAs":["https:\/\/www.facebook.com\/touksimaailm\/","https:\/\/www.instagram.com\/touksimaailm_\/","https:\/\/www.youtube.com\/channel\/UC18ml0EKIDLP1xGuQjFzcXQ"]}]},"product_price_amount":"999.00","product_price_currency":"EUR","og_availability":"instock","product_availability":"instock","product_retailer_item_id":"FIIDO-D11","product_condition":"new"},"jetpack_sharing_enabled":true,"_links":{"self":[{"href":"https:\/\/www.xn--tuksimaailm-ffb.ee\/fi\/wp-json\/wp\/v2\/product\/51171","targetHints":{"allow":["GET"]}}],"collection":[{"href":"https:\/\/www.xn--tuksimaailm-ffb.ee\/fi\/wp-json\/wp\/v2\/product"}],"about":[{"href":"https:\/\/www.xn--tuksimaailm-ffb.ee\/fi\/wp-json\/wp\/v2\/types\/product"}],"wp:featuredmedia":[{"embeddable":true,"href":"https:\/\/www.xn--tuksimaailm-ffb.ee\/fi\/wp-json\/wp\/v2\/media\/80416"}],"wp:attachment":[{"href":"https:\/\/www.xn--tuksimaailm-ffb.ee\/fi\/wp-json\/wp\/v2\/media?parent=51171"}],"wp:term":[{"taxonomy":"product_brand","embeddable":true,"href":"https:\/\/www.xn--tuksimaailm-ffb.ee\/fi\/wp-json\/wp\/v2\/product_brand?post=51171"},{"taxonomy":"product_cat","embeddable":true,"href":"https:\/\/www.xn--tuksimaailm-ffb.ee\/fi\/wp-json\/wp\/v2\/product_cat?post=51171"},{"taxonomy":"product_tag","embeddable":true,"href":"https:\/\/www.xn--tuksimaailm-ffb.ee\/fi\/wp-json\/wp\/v2\/product_tag?post=51171"},{"taxonomy":"filter_elektritoukeratas","embeddable":true,"href":"https:\/\/www.xn--tuksimaailm-ffb.ee\/fi\/wp-json\/wp\/v2\/filter_elektritoukeratas?post=51171"}],"curies":[{"name":"wp","href":"https:\/\/api.w.org\/{rel}","templated":true}]}}