{"id":51212,"date":"2024-03-04T16:02:41","date_gmt":"2024-03-04T13:02:41","guid":{"rendered":"http:\/\/www.xn--tuksimaailm-ffb.ee\/shop\/engwe-c20-pro-sahkopolkupyora\/"},"modified":"2024-03-04T16:02:41","modified_gmt":"2024-03-04T13:02:41","slug":"engwe-c20-pro-sahkopolkupyora","status":"publish","type":"product","link":"https:\/\/www.xn--tuksimaailm-ffb.ee\/fi\/shop\/engwe-c20-pro-sahkopolkupyora\/","title":{"rendered":"Engwe C20 Pro s\u00e4hk\u00f6polkupy\u00f6r\u00e4"},"content":{"rendered":"<h2 style=\"text-align: center;\">ENGWE C20 PRO S\u00c4HK\u00d6POLKUPY\u00d6R\u00c4 TUOTEKUVAUS<\/h2>\n<p style=\"caret-color: #000000; color: #000000;\">Engwe C20 Pro on huippuluokan kokoontaitettava s\u00e4hk\u00f6py\u00f6r\u00e4, joka erottuu edukseen laadukkaan rakenteensa, silm\u00e4\u00e4npist\u00e4v\u00e4n ulkon\u00e4k\u00f6ns\u00e4 ja k\u00e4yt\u00e4nn\u00f6llisten ominaisuuksiensa ansiosta. Engwe C20 -s\u00e4hk\u00f6py\u00f6r\u00e4 on suunniteltu jokap\u00e4iv\u00e4iseen ajeluun kaupungissa ja maastossa. Kompaktin, kolmivaiheisen kokoontaittoj\u00e4rjestelm\u00e4ns\u00e4 ansiosta s\u00e4hk\u00f6py\u00f6r\u00e4\u00a0<strong>taittuu kokoon vain 10 sekunnissa<\/strong>\u00a0ja on helppo kuljettaa minne tahansa. Vaikka Engwe C20 Pro -s\u00e4hk\u00f6py\u00f6r\u00e4ss\u00e4 on moderni muotoilu, sen suorituskyky on viel\u00e4 vaikuttavampi. Tehokkaan\u00a0<strong>250 W:n Bafang-moottorin<\/strong>ansiosta voit polkea\u00a0<strong>jopa 80 km<\/strong>\u00a0yhdell\u00e4 latauksella. S\u00e4hk\u00f6py\u00f6r\u00e4 selviytyy jopa 20 asteen kaltevuuksista vaivattomasti, mik\u00e4 takaa tasaisen ja vaivattoman ajon my\u00f6s jyrkimmiss\u00e4 nousuissa.<\/p>\n<p style=\"caret-color: #000000; color: #000000;\">Engwe C20 Pro -s\u00e4hk\u00f6py\u00f6riss\u00e4 on vahva alumiinirunko, joka takaa kest\u00e4vyyden ja luotettavuuden ja joka kest\u00e4\u00e4\u00a0<strong>jopa 150 kg.<\/strong>\u00a020-tuumaiset renkaat takaavat erinomaisen pidon ja k\u00e4sitelt\u00e4vyyden, olipa kyseess\u00e4 sitten kivinen mets\u00e4tie, m\u00e4rk\u00e4 asfaltti tai hiekkapinta. Engwe C20 -s\u00e4hk\u00f6py\u00f6r\u00e4t on varustettu Shimanon 7-vaihteisella vaihteistolla, joka mahdollistaa pehme\u00e4t ja tarkat vaihteenvaihdot ja takaa kiihtyvyyden ja suorituskyvyn my\u00f6s haastavissa ajo-olosuhteissa. Pehme\u00e4, s\u00e4\u00e4dett\u00e4v\u00e4 istuin ja ergonominen ohjaustanko takaavat mukavan ajokokemuksen my\u00f6s pitkill\u00e4 ajomatkoilla.<\/p>\n<p style=\"caret-color: #000000; color: #000000;\">Turvallisuus on Engwe C20:ssa eritt\u00e4in t\u00e4rke\u00e4\u00e4, ja siksi siin\u00e4 on\u00a0<strong>mekaaniset levyjarrut sek\u00e4 edess\u00e4 ett\u00e4 takana<\/strong>, jotka takaavat nopean ja tasaisen jarrutuksen kaikissa s\u00e4\u00e4olosuhteissa. Py\u00f6r\u00e4 on\u00a0<strong>varustettu LED-etu- ja takavaloilla<\/strong>, jotka parantavat n\u00e4kyvyytt\u00e4 pime\u00e4ll\u00e4 ja huonoissa s\u00e4\u00e4olosuhteissa. Engwe C20:n selke\u00e4 ja n\u00e4kyv\u00e4\u00a0<strong>LCD-n\u00e4ytt\u00f6<\/strong>\u00a0n\u00e4ytt\u00e4\u00e4 kaikki t\u00e4rke\u00e4t tiedot, kuten nopeuden (km\/h), ajetun matkan, akun varaustason ja valitun ajotilan. Engwe C20 Pro -s\u00e4hk\u00f6py\u00f6r\u00e4ss\u00e4 on kolme ajotilaa: t\u00e4yss\u00e4hk\u00f6inen, poljinavusteinen ja manuaalinen. N\u00e4iden avulla k\u00e4ytt\u00e4j\u00e4t voivat r\u00e4\u00e4t\u00e4l\u00f6id\u00e4 ajamisen mieltymystens\u00e4 mukaan ja kulkea haastavimmissakin maastoissa.<\/p>\n<p><iframe title=\"ENGWE C20 Pro eBike Test &amp; Review - Folding bike with 20&quot; Wheels\" width=\"1082\" height=\"609\" src=\"https:\/\/www.youtube.com\/embed\/ejdAAe8Ox0I?feature=oembed\" frameborder=\"0\" allow=\"accelerometer; autoplay; clipboard-write; encrypted-media; gyroscope; picture-in-picture; web-share\" referrerpolicy=\"strict-origin-when-cross-origin\" allowfullscreen><\/iframe><\/p>\n<h2 style=\"text-align: center;\">TURVALLISUUS<\/h2>\n<p style=\"caret-color: #000000; color: #000000;\"><a>Kyp\u00e4r\u00e4n<\/a>\u00a0k\u00e4ytt\u00f6 on eritt\u00e4in suositeltavaa kaikille aikuisille s\u00e4hk\u00f6py\u00f6r\u00e4ilij\u00f6ille. Alle 16-vuotiaiden on\u00a0<a href=\"https:\/\/www.riigiteataja.ee\/akt\/113112020001\">lain<\/a>\u00a0mukaan k\u00e4ytett\u00e4v\u00e4 kyp\u00e4r\u00e4\u00e4 s\u00e4hk\u00f6py\u00f6r\u00e4ll\u00e4 ajaessaan. Kaikki s\u00e4hk\u00f6py\u00f6r\u00e4t l\u00f6ytyv\u00e4t\u00a0<a href=\"http:\/\/www.xn--tuksimaailm-ffb.ee\/tootekategooria\/elektritoukeratas\/\"><strong>t\u00e4\u00e4lt\u00e4<\/strong><\/a>.<\/p>\n<p style=\"caret-color: #000000; color: #000000;\"><strong>Kun ostat s\u00e4hk\u00f6py\u00f6r\u00e4n liikkeest\u00e4mme, saat kaikki\u00a0<\/strong><a href=\"http:\/\/www.xn--tuksimaailm-ffb.ee\/tootekategooria\/lisavarustus\/\"><strong>lis\u00e4varusteet<\/strong><\/a><strong>\u00a0<\/strong><strong>s\u00e4hk\u00f6py\u00f6r\u00e4n oston yhteydess\u00e4 -20%!<\/strong><\/p>\n<table class=\"tg\" style=\"max-width: 600px; margin-right: auto; margin-bottom: 0px; margin-left: auto; width: 82.6085%; height: 406px;\">\n<tbody>\n<tr style=\"height: 27px;\">\n<td style=\"font-size: 14px; padding: 5px; border-style: solid; background-color: #e4e1e1; color: #333333; font-weight: bold; overflow: hidden; text-align: center; vertical-align: top; word-break: normal; height: 27px; width: 99.66329966329965%;\" colspan=\"2\" data-darkreader-inline-bgcolor=\"\" data-darkreader-inline-color=\"\">Tekniset tiedot<\/td>\n<\/tr>\n<tr style=\"height: 27px;\">\n<td style=\"font-size: 14px; padding: 5px; border-style: solid; background-color: #e4e1e1; color: #333333; font-weight: bold; overflow: hidden; text-align: right; vertical-align: top; word-break: normal; height: 27px; width: 54.71380471380471%;\" data-darkreader-inline-bgcolor=\"\" data-darkreader-inline-color=\"\">Malli<\/td>\n<td style=\"font-size: 14px; padding: 5px; border-style: solid; overflow: hidden; text-align: center; vertical-align: top; word-break: normal; height: 27px; width: 44.94949494949495%;\">ENGWE C20 PRO<\/td>\n<\/tr>\n<tr style=\"height: 27px;\">\n<td style=\"font-size: 14px; padding: 5px; border-style: solid; background-color: #e4e1e1; color: #333333; font-weight: bold; overflow: hidden; text-align: right; vertical-align: top; word-break: normal; height: 27px; width: 54.71380471380471%;\" data-darkreader-inline-bgcolor=\"\" data-darkreader-inline-color=\"\">Akku<\/td>\n<td style=\"font-size: 14px; padding: 5px; border-style: solid; overflow: hidden; text-align: center; vertical-align: top; word-break: normal; height: 27px; width: 44.94949494949495%;\">36V \/ 15.6Ah 561.6Wh<\/td>\n<\/tr>\n<tr style=\"height: 27px;\">\n<td style=\"font-size: 14px; padding: 5px; border-style: solid; background-color: #e4e1e1; color: #333333; font-weight: bold; overflow: hidden; text-align: right; vertical-align: top; word-break: normal; height: 27px; width: 54.71380471380471%;\" data-darkreader-inline-bgcolor=\"\" data-darkreader-inline-color=\"\">Latausaika<\/td>\n<td style=\"font-size: 14px; padding: 5px; border-style: solid; overflow: hidden; text-align: center; vertical-align: top; word-break: normal; height: 27px; width: 44.94949494949495%;\">6.4h<\/td>\n<\/tr>\n<tr style=\"height: 27px;\">\n<td style=\"font-size: 14px; padding: 5px; border-style: solid; background-color: #e4e1e1; color: #333333; font-weight: bold; overflow: hidden; text-align: right; vertical-align: top; word-break: normal; height: 27px; width: 54.71380471380471%;\" data-darkreader-inline-bgcolor=\"\" data-darkreader-inline-color=\"\">Moottorin teho<\/td>\n<td style=\"font-size: 14px; padding: 5px; border-style: solid; overflow: hidden; text-align: center; vertical-align: top; word-break: normal; height: 27px; width: 44.94949494949495%;\">250W\u00a0<\/td>\n<\/tr>\n<tr style=\"height: 55px;\">\n<td style=\"font-size: 14px; padding: 5px; border-style: solid; background-color: #e4e1e1; color: #333333; font-weight: bold; overflow: hidden; text-align: right; vertical-align: top; word-break: normal; height: 55px; width: 54.71380471380471%;\" data-darkreader-inline-bgcolor=\"\" data-darkreader-inline-color=\"\">Ajomatka (<strong style=\"caret-color: #000000; color: #000000; text-align: start; font-family: inherit;\">valmistajan erittely<\/strong><span style=\"font-family: inherit;\">)<\/span><\/td>\n<td style=\"font-size: 14px; padding: 5px; border-style: solid; overflow: hidden; text-align: center; vertical-align: top; word-break: normal; height: 55px; width: 44.94949494949495%;\">jopa 60 km<\/td>\n<\/tr>\n<tr style=\"height: 27px;\">\n<td style=\"font-size: 14px; padding: 5px; border-style: solid; background-color: #e4e1e1; color: #333333; font-weight: bold; overflow: hidden; text-align: right; vertical-align: top; word-break: normal; height: 27px; width: 54.71380471380471%;\" data-darkreader-inline-bgcolor=\"\" data-darkreader-inline-color=\"\">Etujarru<\/td>\n<td style=\"font-size: 14px; padding: 5px; border-style: solid; overflow: hidden; text-align: center; vertical-align: top; word-break: normal; height: 27px; width: 44.94949494949495%;\">Mekaaninen levyjarruj\u00e4rjestelm\u00e4<\/td>\n<\/tr>\n<tr style=\"height: 27px;\">\n<td style=\"font-size: 14px; padding: 5px; border-style: solid; background-color: #e4e1e1; color: #333333; font-weight: bold; overflow: hidden; text-align: right; vertical-align: top; word-break: normal; height: 27px; width: 54.71380471380471%;\" data-darkreader-inline-bgcolor=\"\" data-darkreader-inline-color=\"\">Takajarru<\/td>\n<td style=\"font-size: 14px; padding: 5px; border-style: solid; overflow: hidden; text-align: center; vertical-align: top; word-break: normal; height: 27px; width: 44.94949494949495%;\">Mekaaninen levyjarruj\u00e4rjestelm\u00e4<\/td>\n<\/tr>\n<tr style=\"height: 27px;\">\n<td style=\"font-size: 14px; padding: 5px; border-style: solid; background-color: #e4e1e1; color: #333333; font-weight: bold; overflow: hidden; text-align: right; vertical-align: top; word-break: normal; height: 27px; width: 54.71380471380471%;\" data-darkreader-inline-bgcolor=\"\" data-darkreader-inline-color=\"\">Painorajoitus<\/td>\n<td style=\"font-size: 14px; padding: 5px; border-style: solid; overflow: hidden; text-align: center; vertical-align: top; word-break: normal; height: 27px; width: 44.94949494949495%;\">150kg<\/td>\n<\/tr>\n<tr style=\"height: 27px;\">\n<td style=\"font-size: 14px; padding: 5px; border-style: solid; background-color: #e4e1e1; color: #333333; font-weight: bold; overflow: hidden; text-align: right; vertical-align: top; word-break: normal; height: 27px; width: 54.71380471380471%;\" data-darkreader-inline-bgcolor=\"\" data-darkreader-inline-color=\"\"><span class=\"x4k7w5x x1h91t0o x1h9r5lt xv2umb2 x1beo9mf xaigb6o x12ejxvf x3igimt xarpa2k xedcshv x1lytzrv x1t2pt76 x7ja8zs x1qrby5j x1jfb8zj\">Nopeus<\/span><\/td>\n<td style=\"font-size: 14px; padding: 5px; border-style: solid; overflow: hidden; text-align: center; vertical-align: top; word-break: normal; height: 27px; width: 44.94949494949495%;\">25km\/h (s\u00e4hk\u00f6moottorin nopeus - rajoitettu); 25km\/h (S\u00e4hk\u00f6py\u00f6r\u00e4n rakenteellinen nopeus)<\/td>\n<\/tr>\n<tr style=\"height: 27px;\">\n<td style=\"font-size: 14px; padding: 5px; border-style: solid; background-color: #e4e1e1; color: #333333; font-weight: bold; overflow: hidden; text-align: right; vertical-align: top; word-break: normal; height: 27px; width: 54.71380471380471%;\" data-darkreader-inline-bgcolor=\"\" data-darkreader-inline-color=\"\">Paino<\/td>\n<td style=\"font-size: 14px; padding: 5px; border-style: solid; overflow: hidden; text-align: center; vertical-align: top; word-break: normal; height: 27px; width: 44.94949494949495%;\">24.8kg<\/td>\n<\/tr>\n<tr style=\"height: 27px;\">\n<td style=\"font-size: 14px; padding: 5px 5px 5px 125px; border-style: solid; background-color: #e4e1e1; color: #333333; font-weight: bold; overflow: hidden; vertical-align: top; word-break: normal; height: 27px; text-align: right; width: 54.71380471380471%;\" data-darkreader-inline-bgcolor=\"\" data-darkreader-inline-color=\"\">Moottorisoitu py\u00f6r\u00e4<\/td>\n<td style=\"font-size: 14px; padding: 5px; border-style: solid; overflow: hidden; text-align: center; vertical-align: top; word-break: normal; height: 27px; width: 44.94949494949495%;\">\n<p>takapy\u00f6r'\u00e4<\/p>\n<\/td>\n<\/tr>\n<tr style=\"height: 27px;\">\n<td style=\"font-size: 14px; padding: 5px; border-style: solid; background-color: #e4e1e1; color: #333333; font-weight: bold; overflow: hidden; text-align: right; vertical-align: top; word-break: normal; height: 27px; width: 54.71380471380471%;\" data-darkreader-inline-bgcolor=\"\" data-darkreader-inline-color=\"\">Renkaat<\/td>\n<td style=\"font-size: 14px; padding: 5px; border-style: solid; overflow: hidden; text-align: center; vertical-align: top; word-break: normal; height: 27px; width: 44.94949494949495%;\">20\" x 3.0 ilmarenkaat<\/td>\n<\/tr>\n<tr style=\"height: 27px;\">\n<td style=\"font-size: 14px; padding: 5px; border-style: solid; background-color: #e4e1e1; color: #333333; font-weight: bold; overflow: hidden; text-align: right; vertical-align: top; word-break: normal; height: 27px; width: 54.71380471380471%;\" data-darkreader-inline-bgcolor=\"\" data-darkreader-inline-color=\"\">Tien enim\u00e4iskaltevuus<\/td>\n<td style=\"font-size: 14px; padding: 5px; border-style: solid; overflow: hidden; text-align: center; vertical-align: top; word-break: normal; height: 27px; width: 44.94949494949495%;\">jopa 10%<\/td>\n<\/tr>\n<\/tbody>\n<\/table>\n","protected":false},"excerpt":{"rendered":"<p><a href=\"http:\/\/www.xn--tuksimaailm-ffb.ee\/kontakt\/\"><strong>L\u00f6ysitk\u00f6 paremman hinnan? Kirjoita meille, niin teemme sinulle paremman tarjouksen!<\/strong><\/a><\/p>\n<p style=\"caret-color: #000000; color: #000000;\"><strong>Kaikki\u00a0<\/strong><a><strong>lis\u00e4varusteet<\/strong><\/a><strong>\u00a0ja\u00a0<\/strong><a><strong>varaosat<\/strong><\/a><strong>\u00a0ovat -20 %, kun ne ostetaan s\u00e4hk\u00f6py\u00f6r\u00e4n kanssa.<\/strong>\u00a0<strong>Alennus otetaan automaattisesti k\u00e4ytt\u00f6\u00f6n, kun lis\u00e4\u00e4t sen ostoskoriin!<\/strong><\/p>\n<p style=\"caret-color: #000000; color: #000000;\"><strong><em>Toimitusaika: 1-5h<\/em><\/strong><\/p>\n<p><em><strong>\u00a0<\/strong><\/em><\/p>\n","protected":false},"featured_media":42221,"template":"","meta":[],"product_brand":[],"product_cat":[2656],"product_tag":[],"filter_elektritoukeratas":[],"class_list":{"0":"post-51212","1":"product","2":"type-product","3":"status-publish","4":"has-post-thumbnail","6":"product_cat-sahkopyora","7":"product_shipping_class-keskmine-pakk-fi","8":"pa_aku-mahutavus-wh-561-6-fi","9":"pa_elektrimootori-abil-saavut-25-fi","10":"pa_elektriratta-disainkiirus-25-fi","11":"pa_kaal-kg-24-fi","12":"pa_kandevoime-kg-150-fi","13":"pa_size-harmaa","14":"pa_size-parlinsininen","15":"pa_size-vaalea","16":"pa_tootetuup-sahkopyora","17":"pa_valmistaja-engwe-fi","18":"pa_voimsus-w-250-fi","20":"first","21":"outofstock","22":"taxable","23":"shipping-taxable","24":"purchasable","25":"product-type-variable"},"yoast_head":"<!-- This site is optimized with the Yoast SEO Premium plugin v26.8 (Yoast SEO v27.5) - https:\/\/yoast.com\/product\/yoast-seo-premium-wordpress\/ -->\n<title>Engwe C20 Pro s\u00e4hk\u00f6polkupy\u00f6r\u00e4 | T\u00f5uksimaailm | Elektriline jalgratas<\/title>\n<meta name=\"description\" content=\"Engwe C20 Pro on kokkupandav fatbike-t\u00fc\u00fcpi elektrijalgratas, Elektrijalgrattad, mis on loodud igap\u00e4evasteks s\u00f5itudeks nii linnas kui maastikul.\" \/>\n<meta name=\"robots\" content=\"index, follow, max-snippet:-1, max-image-preview:large, max-video-preview:-1\" \/>\n<link rel=\"canonical\" href=\"https:\/\/www.xn--tuksimaailm-ffb.ee\/fi\/shop\/engwe-c20-pro-sahkopolkupyora\/\" \/>\n<meta property=\"og:locale\" content=\"fi_FI\" \/>\n<meta property=\"og:type\" content=\"article\" \/>\n<meta property=\"og:title\" content=\"Engwe C20 Pro s\u00e4hk\u00f6polkupy\u00f6r\u00e4\" \/>\n<meta property=\"og:description\" content=\"Engwe C20 Pro on kokkupandav fatbike-t\u00fc\u00fcpi elektrijalgratas, Elektrijalgrattad, mis on loodud igap\u00e4evasteks s\u00f5itudeks nii linnas kui maastikul.\" \/>\n<meta property=\"og:url\" content=\"https:\/\/www.xn--tuksimaailm-ffb.ee\/fi\/shop\/engwe-c20-pro-sahkopolkupyora\/\" \/>\n<meta property=\"og:site_name\" content=\"T\u00f5uksimaailm\" \/>\n<meta property=\"article:publisher\" content=\"https:\/\/www.facebook.com\/touksimaailm\/\" \/>\n<meta property=\"og:image\" content=\"https:\/\/www.xn--tuksimaailm-ffb.ee\/wp-content\/uploads\/2024\/03\/Engwe_enginex_elektrijalgratas_wordpress_9.png\" \/>\n\t<meta property=\"og:image:width\" content=\"2048\" \/>\n\t<meta property=\"og:image:height\" content=\"2853\" \/>\n\t<meta property=\"og:image:type\" content=\"image\/png\" \/>\n<meta name=\"twitter:card\" content=\"summary_large_image\" \/>\n<meta name=\"twitter:label1\" content=\"Saatavuus\" \/>\n\t<meta name=\"twitter:data1\" content=\"Loppu varastosta\" \/>\n<meta property=\"og:availability\" content=\"out of stock\" \/>\n<meta property=\"product:availability\" content=\"out of stock\" \/>\n<meta property=\"product:retailer_item_id\" content=\"ENGWE-C20-PRO\" \/>\n<meta property=\"product:condition\" content=\"new\" \/>\n<!-- \/ Yoast SEO Premium plugin. -->","yoast_head_json":{"title":"Engwe C20 Pro s\u00e4hk\u00f6polkupy\u00f6r\u00e4 | T\u00f5uksimaailm | Elektriline jalgratas","description":"Engwe C20 Pro on kokkupandav fatbike-t\u00fc\u00fcpi elektrijalgratas, Elektrijalgrattad, mis on loodud igap\u00e4evasteks s\u00f5itudeks nii linnas kui maastikul.","robots":{"index":"index","follow":"follow","max-snippet":"max-snippet:-1","max-image-preview":"max-image-preview:large","max-video-preview":"max-video-preview:-1"},"canonical":"https:\/\/www.xn--tuksimaailm-ffb.ee\/fi\/shop\/engwe-c20-pro-sahkopolkupyora\/","og_locale":"fi_FI","og_type":"article","og_title":"Engwe C20 Pro s\u00e4hk\u00f6polkupy\u00f6r\u00e4","og_description":"Engwe C20 Pro on kokkupandav fatbike-t\u00fc\u00fcpi elektrijalgratas, Elektrijalgrattad, mis on loodud igap\u00e4evasteks s\u00f5itudeks nii linnas kui maastikul.","og_url":"https:\/\/www.xn--tuksimaailm-ffb.ee\/fi\/shop\/engwe-c20-pro-sahkopolkupyora\/","og_site_name":"T\u00f5uksimaailm","article_publisher":"https:\/\/www.facebook.com\/touksimaailm\/","og_image":[{"width":2048,"height":2853,"url":"https:\/\/www.xn--tuksimaailm-ffb.ee\/wp-content\/uploads\/2024\/03\/Engwe_enginex_elektrijalgratas_wordpress_9.png","type":"image\/png"}],"twitter_card":"summary_large_image","twitter_misc":{"Saatavuus":"Loppu varastosta"},"schema":{"@context":"https:\/\/schema.org","@graph":[{"@type":"WebPage","@id":"https:\/\/www.xn--tuksimaailm-ffb.ee\/fi\/shop\/engwe-c20-pro-sahkopolkupyora\/","url":"https:\/\/www.xn--tuksimaailm-ffb.ee\/fi\/shop\/engwe-c20-pro-sahkopolkupyora\/","name":"Engwe C20 Pro s\u00e4hk\u00f6polkupy\u00f6r\u00e4 | T\u00f5uksimaailm | Elektriline jalgratas","isPartOf":{"@id":"https:\/\/www.xn--tuksimaailm-ffb.ee\/fi\/#website"},"primaryImageOfPage":{"@id":"https:\/\/www.xn--tuksimaailm-ffb.ee\/fi\/shop\/engwe-c20-pro-sahkopolkupyora\/#primaryimage"},"image":{"@id":"https:\/\/www.xn--tuksimaailm-ffb.ee\/fi\/shop\/engwe-c20-pro-sahkopolkupyora\/#primaryimage"},"thumbnailUrl":"https:\/\/www.xn--tuksimaailm-ffb.ee\/wp-content\/uploads\/2024\/03\/Engwe_enginex_elektrijalgratas_wordpress_9.png","datePublished":"2024-03-04T13:02:41+00:00","description":"Engwe C20 Pro on kokkupandav fatbike-t\u00fc\u00fcpi elektrijalgratas, Elektrijalgrattad, mis on loodud igap\u00e4evasteks s\u00f5itudeks nii linnas kui maastikul.","breadcrumb":{"@id":"https:\/\/www.xn--tuksimaailm-ffb.ee\/fi\/shop\/engwe-c20-pro-sahkopolkupyora\/#breadcrumb"},"inLanguage":"fi","potentialAction":[{"@type":"ReadAction","target":["https:\/\/www.xn--tuksimaailm-ffb.ee\/fi\/shop\/engwe-c20-pro-sahkopolkupyora\/"]}]},{"@type":"ImageObject","inLanguage":"fi","@id":"https:\/\/www.xn--tuksimaailm-ffb.ee\/fi\/shop\/engwe-c20-pro-sahkopolkupyora\/#primaryimage","url":"https:\/\/www.xn--tuksimaailm-ffb.ee\/wp-content\/uploads\/2024\/03\/Engwe_enginex_elektrijalgratas_wordpress_9.png","contentUrl":"https:\/\/www.xn--tuksimaailm-ffb.ee\/wp-content\/uploads\/2024\/03\/Engwe_enginex_elektrijalgratas_wordpress_9.png","width":2048,"height":2853,"caption":"engwe engine x elektriratas elektrilised jalgrattad elektrirattad elektrijalgrattad elektrijalgratas elektrijalgrattad 6"},{"@type":"BreadcrumbList","@id":"https:\/\/www.xn--tuksimaailm-ffb.ee\/fi\/shop\/engwe-c20-pro-sahkopolkupyora\/#breadcrumb","itemListElement":[{"@type":"ListItem","position":1,"name":"Home","item":"https:\/\/www.xn--tuksimaailm-ffb.ee\/fi\/kotisivu\/"},{"@type":"ListItem","position":2,"name":"Kauppa","item":"https:\/\/www.xn--tuksimaailm-ffb.ee\/elektritoukerataste-pood\/"},{"@type":"ListItem","position":3,"name":"Engwe C20 Pro s\u00e4hk\u00f6polkupy\u00f6r\u00e4"}]},{"@type":"WebSite","@id":"https:\/\/www.xn--tuksimaailm-ffb.ee\/fi\/#website","url":"https:\/\/www.xn--tuksimaailm-ffb.ee\/fi\/","name":"T\u00f5uksimaailm","description":"Elektrit\u00f5ukerataste m\u00fc\u00fck, remont ja rent","publisher":{"@id":"https:\/\/www.xn--tuksimaailm-ffb.ee\/fi\/#organization"},"potentialAction":[{"@type":"SearchAction","target":{"@type":"EntryPoint","urlTemplate":"https:\/\/www.xn--tuksimaailm-ffb.ee\/fi\/?s={search_term_string}"},"query-input":{"@type":"PropertyValueSpecification","valueRequired":true,"valueName":"search_term_string"}}],"inLanguage":"fi"},{"@type":"Organization","@id":"https:\/\/www.xn--tuksimaailm-ffb.ee\/fi\/#organization","name":"T\u00f5uksimaailm","url":"https:\/\/www.xn--tuksimaailm-ffb.ee\/fi\/","logo":{"@type":"ImageObject","inLanguage":"fi","@id":"https:\/\/www.xn--tuksimaailm-ffb.ee\/fi\/#\/schema\/logo\/image\/","url":"https:\/\/www.xn--tuksimaailm-ffb.ee\/wp-content\/uploads\/2020\/01\/logoz-e1579792875517.png","contentUrl":"https:\/\/www.xn--tuksimaailm-ffb.ee\/wp-content\/uploads\/2020\/01\/logoz-e1579792875517.png","width":250,"height":250,"caption":"T\u00f5uksimaailm"},"image":{"@id":"https:\/\/www.xn--tuksimaailm-ffb.ee\/fi\/#\/schema\/logo\/image\/"},"sameAs":["https:\/\/www.facebook.com\/touksimaailm\/","https:\/\/www.instagram.com\/touksimaailm_\/","https:\/\/www.youtube.com\/channel\/UC18ml0EKIDLP1xGuQjFzcXQ"]}]},"og_availability":"out of stock","product_availability":"out of stock","product_retailer_item_id":"ENGWE-C20-PRO","product_condition":"new"},"jetpack_sharing_enabled":true,"_links":{"self":[{"href":"https:\/\/www.xn--tuksimaailm-ffb.ee\/fi\/wp-json\/wp\/v2\/product\/51212","targetHints":{"allow":["GET"]}}],"collection":[{"href":"https:\/\/www.xn--tuksimaailm-ffb.ee\/fi\/wp-json\/wp\/v2\/product"}],"about":[{"href":"https:\/\/www.xn--tuksimaailm-ffb.ee\/fi\/wp-json\/wp\/v2\/types\/product"}],"wp:featuredmedia":[{"embeddable":true,"href":"https:\/\/www.xn--tuksimaailm-ffb.ee\/fi\/wp-json\/wp\/v2\/media\/42221"}],"wp:attachment":[{"href":"https:\/\/www.xn--tuksimaailm-ffb.ee\/fi\/wp-json\/wp\/v2\/media?parent=51212"}],"wp:term":[{"taxonomy":"product_brand","embeddable":true,"href":"https:\/\/www.xn--tuksimaailm-ffb.ee\/fi\/wp-json\/wp\/v2\/product_brand?post=51212"},{"taxonomy":"product_cat","embeddable":true,"href":"https:\/\/www.xn--tuksimaailm-ffb.ee\/fi\/wp-json\/wp\/v2\/product_cat?post=51212"},{"taxonomy":"product_tag","embeddable":true,"href":"https:\/\/www.xn--tuksimaailm-ffb.ee\/fi\/wp-json\/wp\/v2\/product_tag?post=51212"},{"taxonomy":"filter_elektritoukeratas","embeddable":true,"href":"https:\/\/www.xn--tuksimaailm-ffb.ee\/fi\/wp-json\/wp\/v2\/filter_elektritoukeratas?post=51212"}],"curies":[{"name":"wp","href":"https:\/\/api.w.org\/{rel}","templated":true}]}}