{"id":51254,"date":"2024-02-04T17:34:16","date_gmt":"2024-02-04T14:34:16","guid":{"rendered":"http:\/\/www.xn--tuksimaailm-ffb.ee\/shop\/kugoo-kukirin-v2-maastoajoneuvo\/"},"modified":"2024-02-04T17:34:16","modified_gmt":"2024-02-04T14:34:16","slug":"kugoo-kukirin-v2-maastoajoneuvo","status":"publish","type":"product","link":"https:\/\/www.xn--tuksimaailm-ffb.ee\/fi\/shop\/kugoo-kukirin-v2-maastoajoneuvo\/","title":{"rendered":"Kugoo KuKirin V2 maastoajoneuvo"},"content":{"rendered":"<h2 style=\"text-align: center;\">KUGOO KUKIRIN V2 TUOTEKUVAUS<\/h2>\n<p style=\"caret-color: #000000; color: #000000;\">KUGOO Kukirin V2 -maastos\u00e4hk\u00f6py\u00f6r\u00e4 tarjoaa tyylikk\u00e4\u00e4n, tehokkaan ja ymp\u00e4rist\u00f6yst\u00e4v\u00e4llisen tavan liikkua mets\u00e4teill\u00e4 ja maastossa. Kukirin V2 -s\u00e4hk\u00f6py\u00f6r\u00e4 on suunniteltu seikkailunhaluiselle henkil\u00f6lle, joka haluaa tutkia maailmaa ja nauttia luonnosta. Kukirin V2 -s\u00e4hk\u00f6py\u00f6r\u00e4t on varustettu tehokkaalla\u00a0<strong>350 W:n<\/strong>\u00a0moottorilla, joka mahdollistaa jopa 25 km\/h nopeuden. Moottori ei ole ainoastaan tehokas vaan my\u00f6s hiljainen, mik\u00e4 takaa tasaisen ja rauhallisen ajon monenlaisessa maastossa. Kukirin V2 -moottoria avustaa suurikapasiteettinen\u00a0<strong>36V\/7,5Ah 270Wh litiumioniakku<\/strong>, joka on irrotettava ja jonka voit helposti ottaa mukaan kotiin tai toimistoon ja ladata ilman, ett\u00e4 sinun tarvitsee kantaa koko py\u00f6r\u00e4\u00e4. Turvallisuus on ensiarvoisen t\u00e4rke\u00e4\u00e4 Kukirin V2:ssa, mink\u00e4 vuoksi s\u00e4hk\u00f6py\u00f6r\u00e4t on varustettu kaksoiskytkinj\u00e4rjestelm\u00e4ll\u00e4, joka tarjoaa tasaisen ja voimakkaan jarrutusvoiman, joka takaa turvallisen jarrutuksen kaikissa olosuhteissa. Lis\u00e4ksi KUGOO Kukirin V2 -maastos\u00e4hk\u00f6py\u00f6r\u00e4 on varustettu kirkkailla<strong>\u00a0LED-valoilla<\/strong>, jotka parantavat n\u00e4kyvyytt\u00e4 y\u00f6matkoilla ja huonoissa n\u00e4kyvyystilanteissa, sek\u00e4\u00a0<strong>LED-n\u00e4yt\u00f6ll\u00e4, josta<\/strong>\u00a0saat k\u00e4tev\u00e4sti t\u00e4rkeit\u00e4 ajotilastoja, kuten nopeuden, akun varaustason ja ajetun matkan.<\/p>\n<div class=\"flex flex-grow flex-col max-w-full\">\n<div class=\"min-h-[20px] text-message flex flex-col items-start gap-3 whitespace-pre-wrap break-words [.text-message+&amp;]:mt-5 overflow-x-auto\" data-message-author-role=\"assistant\" data-message-id=\"3774699f-5ac1-4052-9cf8-0c1c94ea970f\">\n<div class=\"markdown prose w-full break-words dark:prose-invert light\">\n<p style=\"caret-color: #000000; color: #000000;\">Mukavuutta ei ole unohdettu my\u00f6sk\u00e4\u00e4n Kukirin v2 -maastos\u00e4hk\u00f6py\u00f6r\u00e4n tapauksessa. Ohjaustanko on suunniteltu ergonomisesti k\u00e4sien ja ranteiden rasituksen v\u00e4ltt\u00e4miseksi, ja mukava ja s\u00e4\u00e4dett\u00e4v\u00e4 istuin varmistaa, ett\u00e4 pitk\u00e4tkin ajomatkat ovat nautinnollisia. Kukirin V2 -s\u00e4hk\u00f6py\u00f6r\u00e4t on my\u00f6s varustettu\u00a0<strong>Shimanon 7-vaihteisella vaihteistolla\u00a0<\/strong>, jonka avulla voit vaihtaa vaihteita sujuvasti maasto-olosuhteista riippumatta. Kukirin V2 -maastos\u00e4hk\u00f6py\u00f6r\u00e4ss\u00e4 on yksinkertainen ja minimalistinen runko, joka on valmistettu laadukkaista alumiiniseoksista, jotka eiv\u00e4t ainoastaan n\u00e4yt\u00e4 hyv\u00e4lt\u00e4 vaan ovat my\u00f6s kest\u00e4vi\u00e4. Sen<strong>\u00a0kokoontaitettava muotoilu<\/strong>\u00a0tekee siit\u00e4 eritt\u00e4in kannettavan, joka voidaan koota nopeasti ja helposti muutamassa sekunnissa, joten se on k\u00e4tev\u00e4 kuljettaa julkisissa liikennev\u00e4lineiss\u00e4, pit\u00e4\u00e4 toimistossa tai k\u00e4tke\u00e4 kotiin. KUGOO Kukirin V2 -maastos\u00e4hk\u00f6py\u00f6r\u00e4n akun kesto on vaikuttava, sill\u00e4 sen toimintas\u00e4de on<strong>\u00a0jopa 30 kilometri\u00e4<\/strong>\u00a0yhdell\u00e4 latauksella, ja lataaminen on vaivatonta, sill\u00e4 t\u00e4ysi lataus on mahdollista saada aikaan vain muutamassa tunnissa.<\/p>\n<p><iframe title=\"The $650 City E-Bike MEGADEAL? KuKirin V2 Review\" width=\"1082\" height=\"609\" src=\"https:\/\/www.youtube.com\/embed\/VtD97I6zHiU?feature=oembed\" frameborder=\"0\" allow=\"accelerometer; autoplay; clipboard-write; encrypted-media; gyroscope; picture-in-picture; web-share\" referrerpolicy=\"strict-origin-when-cross-origin\" allowfullscreen><\/iframe><\/p>\n<\/div>\n<\/div>\n<\/div>\n<h2 style=\"text-align: center;\">TURVALLISUUS<\/h2>\n<p style=\"caret-color: #000000; color: #000000;\"><a>Kyp\u00e4r\u00e4n<\/a>\u00a0k\u00e4ytt\u00f6 on eritt\u00e4in suositeltavaa kaikille aikuisille, kun he ajavat s\u00e4hk\u00f6polkupy\u00f6r\u00e4ll\u00e4 tai maastoajoneuvolla. Alle 16-vuotiaiden s\u00e4hk\u00f6py\u00f6r\u00e4ilij\u00f6iden on\u00a0<a href=\"https:\/\/www.riigiteataja.ee\/akt\/113112020001\">lain<\/a>\u00a0mukaan k\u00e4ytett\u00e4v\u00e4 kyp\u00e4r\u00e4\u00e4 ajaessaan. Kaikenlaiset s\u00e4hk\u00f6py\u00f6r\u00e4t ja s\u00e4hk\u00f6iset maastoajoneuvot l\u00f6ytyv\u00e4t\u00a0<a href=\"http:\/\/www.xn--tuksimaailm-ffb.ee\/tootekategooria\/elektritoukeratas\/\"><strong>t\u00e4\u00e4lt\u00e4<\/strong><\/a>.<\/p>\n<p style=\"caret-color: #000000; color: #000000;\"><strong>Kun ostat s\u00e4hk\u00f6py\u00f6r\u00e4n tai maastoajoneuvon liikkeest\u00e4mme, saat kaikki\u00a0<\/strong><a href=\"http:\/\/www.xn--tuksimaailm-ffb.ee\/tootekategooria\/lisavarustus\/\"><strong>lis\u00e4varusteet<\/strong><\/a><strong>\u00a0<\/strong><strong>ajoneuvon oston yhteydess\u00e4 -20%!<\/strong><\/p>\n<p style=\"caret-color: #000000; color: #000000;\"><strong>Viron lains\u00e4\u00e4d\u00e4nn\u00f6n mukaan s\u00e4hk\u00f6polkupy\u00f6r\u00e4t ovat poljettavia ajoneuvoja, jotka on varustettu enint\u00e4\u00e4n 250 W:n jatkuvalla nimellisteholla varustetulla s\u00e4hk\u00f6moottorilla, jonka teho v\u00e4henee asteittain ajoneuvon nopeuden kasvaessa ja jonka virransy\u00f6tt\u00f6 katkeaa ennen kuin ajoneuvo saavuttaa nopeuden 25 km\/h tai jopa aikaisemmin, jos kuljettaja lopettaa polkemisen.<\/strong>\u00a0<strong>N\u00e4in ollen Kugoo KuKirin V2 -s\u00e4hk\u00f6polkupy\u00f6r\u00e4\u00e4 muistuttavan maastoajoneuvon k\u00e4ytt\u00f6 kaupunkialueilla tai yleisill\u00e4 teill\u00e4 tapahtuu ainoastaan k\u00e4ytt\u00e4j\u00e4n omalla vastuulla, eik\u00e4 eMoto ole vastuussa lain rikkomisesta saaduista sakoista, s\u00e4hk\u00f6polkupy\u00f6r\u00e4\u00e4 muistuttavan maastoajoneuvon takavarikoimisesta poliisin toimesta tai mist\u00e4\u00e4n muustakaan rikkomisesta aiheutuneesta vahingosta.<\/strong><\/p>\n<table class=\"tg\" style=\"max-width: 600px; margin-right: auto; margin-bottom: 0px; margin-left: auto; width: 82.6085%; height: 406px;\">\n<tbody>\n<tr style=\"height: 27px;\">\n<td style=\"font-size: 14px; padding: 5px; border-style: solid; background-color: #e4e1e1; color: #333333; font-weight: bold; overflow: hidden; text-align: center; vertical-align: top; word-break: normal; height: 27px; width: 99.6633%;\" colspan=\"2\" data-darkreader-inline-bgcolor=\"\" data-darkreader-inline-color=\"\">Tekniset tiedot<\/td>\n<\/tr>\n<tr style=\"height: 27px;\">\n<td style=\"font-size: 14px; padding: 5px; border-style: solid; background-color: #e4e1e1; color: #333333; font-weight: bold; overflow: hidden; text-align: right; vertical-align: top; word-break: normal; height: 27px; width: 54.713805%;\" data-darkreader-inline-bgcolor=\"\" data-darkreader-inline-color=\"\">Malli<\/td>\n<td style=\"font-size: 14px; padding: 5px; border-style: solid; overflow: hidden; text-align: center; vertical-align: top; word-break: normal; height: 27px; width: 44.949495%;\">KUGOO KUKIRIN V2<\/td>\n<\/tr>\n<tr style=\"height: 27px;\">\n<td style=\"font-size: 14px; padding: 5px; border-style: solid; background-color: #e4e1e1; color: #333333; font-weight: bold; overflow: hidden; text-align: right; vertical-align: top; word-break: normal; height: 27px; width: 54.713805%;\" data-darkreader-inline-bgcolor=\"\" data-darkreader-inline-color=\"\">Akku<\/td>\n<td style=\"font-size: 14px; padding: 5px; border-style: solid; overflow: hidden; text-align: center; vertical-align: top; word-break: normal; height: 27px; width: 44.949495%;\">36V \/ 7.5Ah 270Wh<\/td>\n<\/tr>\n<tr style=\"height: 27px;\">\n<td style=\"font-size: 14px; padding: 5px; border-style: solid; background-color: #e4e1e1; color: #333333; font-weight: bold; overflow: hidden; text-align: right; vertical-align: top; word-break: normal; height: 27px; width: 54.713805%;\" data-darkreader-inline-bgcolor=\"\" data-darkreader-inline-color=\"\">Latausaika<\/td>\n<td style=\"font-size: 14px; padding: 5px; border-style: solid; overflow: hidden; text-align: center; vertical-align: top; word-break: normal; height: 27px; width: 44.949495%;\">5-6h<\/td>\n<\/tr>\n<tr style=\"height: 27px;\">\n<td style=\"font-size: 14px; padding: 5px; border-style: solid; background-color: #e4e1e1; color: #333333; font-weight: bold; overflow: hidden; text-align: right; vertical-align: top; word-break: normal; height: 27px; width: 54.713805%;\" data-darkreader-inline-bgcolor=\"\" data-darkreader-inline-color=\"\">Moottorin teho<\/td>\n<td style=\"font-size: 14px; padding: 5px; border-style: solid; overflow: hidden; text-align: center; vertical-align: top; word-break: normal; height: 27px; width: 44.949495%;\">350W<\/td>\n<\/tr>\n<tr style=\"height: 55px;\">\n<td style=\"font-size: 14px; padding: 5px; border-style: solid; background-color: #e4e1e1; color: #333333; font-weight: bold; overflow: hidden; text-align: right; vertical-align: top; word-break: normal; height: 55px; width: 54.713805%;\" data-darkreader-inline-bgcolor=\"\" data-darkreader-inline-color=\"\">Ajomatka (<strong style=\"caret-color: #000000; color: #000000; text-align: start; font-family: inherit;\">valmistajan erittely<\/strong><span style=\"font-family: inherit;\">)<\/span><\/td>\n<td style=\"font-size: 14px; padding: 5px; border-style: solid; overflow: hidden; text-align: center; vertical-align: top; word-break: normal; height: 55px; width: 44.949495%;\">30-40km<\/td>\n<\/tr>\n<tr style=\"height: 27px;\">\n<td style=\"font-size: 14px; padding: 5px; border-style: solid; background-color: #e4e1e1; color: #333333; font-weight: bold; overflow: hidden; text-align: right; vertical-align: top; word-break: normal; height: 27px; width: 54.713805%;\" data-darkreader-inline-bgcolor=\"\" data-darkreader-inline-color=\"\">Etujarru<\/td>\n<td style=\"font-size: 14px; padding: 5px; border-style: solid; overflow: hidden; text-align: center; vertical-align: top; word-break: normal; height: 27px; width: 44.949495%;\">Mekaaninen levyjarruj\u00e4rjestelm\u00e4<\/td>\n<\/tr>\n<tr style=\"height: 27px;\">\n<td style=\"font-size: 14px; padding: 5px; border-style: solid; background-color: #e4e1e1; color: #333333; font-weight: bold; overflow: hidden; text-align: right; vertical-align: top; word-break: normal; height: 27px; width: 54.713805%;\" data-darkreader-inline-bgcolor=\"\" data-darkreader-inline-color=\"\">Takajarru<\/td>\n<td style=\"font-size: 14px; padding: 5px; border-style: solid; overflow: hidden; text-align: center; vertical-align: top; word-break: normal; height: 27px; width: 44.949495%;\">Mekaaninen levyjarruj\u00e4rjestelm\u00e4<\/td>\n<\/tr>\n<tr style=\"height: 27px;\">\n<td style=\"font-size: 14px; padding: 5px; border-style: solid; background-color: #e4e1e1; color: #333333; font-weight: bold; overflow: hidden; text-align: right; vertical-align: top; word-break: normal; height: 27px; width: 54.713805%;\" data-darkreader-inline-bgcolor=\"\" data-darkreader-inline-color=\"\">Painorajoitus<\/td>\n<td style=\"font-size: 14px; padding: 5px; border-style: solid; overflow: hidden; text-align: center; vertical-align: top; word-break: normal; height: 27px; width: 44.949495%;\">120kg<\/td>\n<\/tr>\n<tr style=\"height: 27px;\">\n<td style=\"font-size: 14px; padding: 5px; border-style: solid; background-color: #e4e1e1; color: #333333; font-weight: bold; overflow: hidden; text-align: right; vertical-align: top; word-break: normal; height: 27px; width: 54.713805%;\" data-darkreader-inline-bgcolor=\"\" data-darkreader-inline-color=\"\"><span class=\"x4k7w5x x1h91t0o x1h9r5lt xv2umb2 x1beo9mf xaigb6o x12ejxvf x3igimt xarpa2k xedcshv x1lytzrv x1t2pt76 x7ja8zs x1qrby5j x1jfb8zj\">Nopeus<\/span><\/td>\n<td style=\"font-size: 14px; padding: 5px; border-style: solid; overflow: hidden; text-align: center; vertical-align: top; word-break: normal; height: 27px; width: 44.949495%;\">25km\/h (s\u00e4hk\u00f6moottorin saavuttama nopeus - rajoitettu); 25km\/h (S\u00e4hk\u00f6py\u00f6r\u00e4n suunnittelunopeus)<\/td>\n<\/tr>\n<tr style=\"height: 27px;\">\n<td style=\"font-size: 14px; padding: 5px; border-style: solid; background-color: #e4e1e1; color: #333333; font-weight: bold; overflow: hidden; text-align: right; vertical-align: top; word-break: normal; height: 27px; width: 54.713805%;\" data-darkreader-inline-bgcolor=\"\" data-darkreader-inline-color=\"\">Paino<\/td>\n<td style=\"font-size: 14px; padding: 5px; border-style: solid; overflow: hidden; text-align: center; vertical-align: top; word-break: normal; height: 27px; width: 44.949495%;\">18.8kg<\/td>\n<\/tr>\n<tr style=\"height: 27px;\">\n<td style=\"font-size: 14px; padding: 5px 5px 5px 125px; border-style: solid; background-color: #e4e1e1; color: #333333; font-weight: bold; overflow: hidden; vertical-align: top; word-break: normal; height: 27px; text-align: right; width: 54.713805%;\" data-darkreader-inline-bgcolor=\"\" data-darkreader-inline-color=\"\">Moottorisoitu py\u00f6r\u00e4<\/td>\n<td style=\"font-size: 14px; padding: 5px; border-style: solid; overflow: hidden; text-align: center; vertical-align: top; word-break: normal; height: 27px; width: 44.949495%;\">\n<p>takapy\u00f6r\u00e4<\/p>\n<\/td>\n<\/tr>\n<tr style=\"height: 27px;\">\n<td style=\"font-size: 14px; padding: 5px; border-style: solid; background-color: #e4e1e1; color: #333333; font-weight: bold; overflow: hidden; text-align: right; vertical-align: top; word-break: normal; height: 27px; width: 54.713805%;\" data-darkreader-inline-bgcolor=\"\" data-darkreader-inline-color=\"\">Renkaat<\/td>\n<td style=\"font-size: 14px; padding: 5px; border-style: solid; overflow: hidden; text-align: center; vertical-align: top; word-break: normal; height: 27px; width: 44.949495%;\">20\" x TBD\" ilmarenkaat<\/td>\n<\/tr>\n<tr style=\"height: 27px;\">\n<td style=\"font-size: 14px; padding: 5px; border-style: solid; background-color: #e4e1e1; color: #333333; font-weight: bold; overflow: hidden; text-align: right; vertical-align: top; word-break: normal; height: 27px; width: 54.713805%;\" data-darkreader-inline-bgcolor=\"\" data-darkreader-inline-color=\"\">Tien enim\u00e4iskaltevuus<\/td>\n<td style=\"font-size: 14px; padding: 5px; border-style: solid; overflow: hidden; text-align: center; vertical-align: top; word-break: normal; height: 27px; width: 44.949495%;\">jopa 15%<\/td>\n<\/tr>\n<\/tbody>\n<\/table>\n","protected":false},"excerpt":{"rendered":"<p><a href=\"http:\/\/www.xn--tuksimaailm-ffb.ee\/kontakt\/\"><strong>L\u00f6ysitk\u00f6 paremman hinnan? Kirjoita meille, niin teemme sinulle paremman tarjouksen!<\/strong><\/a><\/p>\n<p style=\"caret-color: #000000; color: #000000;\"><strong>Kaikki\u00a0<\/strong><a><strong>lis\u00e4varusteet<\/strong><\/a><strong>\u00a0ja\u00a0<\/strong><a><strong>varaosat<\/strong><\/a><strong>\u00a0ovat -20 %, kun ne ostetaan s\u00e4hk\u00f6py\u00f6r\u00e4n kanssa.<\/strong>\u00a0<strong>Alennus otetaan automaattisesti k\u00e4ytt\u00f6\u00f6n, kun lis\u00e4\u00e4t sen ostoskoriin!<\/strong><\/p>\n<p style=\"caret-color: #000000; color: #000000;\"><strong><em>Toimitusaika: 0-3tp<\/em><\/strong><\/p>\n<p><em><strong>\u00a0<\/strong><\/em><\/p>\n","protected":false},"featured_media":41241,"template":"","meta":[],"product_brand":[],"product_cat":[2656],"product_tag":[],"filter_elektritoukeratas":[],"class_list":{"0":"post-51254","1":"product","2":"type-product","3":"status-publish","4":"has-post-thumbnail","6":"product_cat-sahkopyora","7":"product_shipping_class-keskmine-pakk-fi","8":"pa_aku-mahutavus-wh-270-fi","9":"pa_kaal-kg-18-8-fi","10":"pa_kandevoime-kg-120-fi","11":"pa_muuja-platvormil-singlemotor-ou-fi","12":"pa_tootetuup-sahkopyora-maastoajoneuvo","13":"pa_valmistaja-kugoo-fi","14":"pa_valmistajakiirus-25-fi","15":"pa_voimsus-w-430-fi","17":"first","18":"outofstock","19":"taxable","20":"shipping-taxable","21":"purchasable","22":"product-type-simple"},"yoast_head":"<!-- This site is optimized with the Yoast SEO Premium plugin v26.8 (Yoast SEO v27.5) - https:\/\/yoast.com\/product\/yoast-seo-premium-wordpress\/ -->\n<title>Kugoo KuKirin V2 maastoajoneuvo | T\u00f5uksimaailm | eMoto<\/title>\n<meta name=\"description\" content=\"Kugoo KuKirin V2 n\u00e4ol on tegemist t\u00f5elise kokkupandavate elektriratas maastikus\u00f5idukite tipptasemega. V2 kokkupandavad elektrijalgratas maastikus\u00f5idukid.\" \/>\n<meta name=\"robots\" content=\"index, follow, max-snippet:-1, max-image-preview:large, max-video-preview:-1\" \/>\n<link rel=\"canonical\" href=\"https:\/\/www.xn--tuksimaailm-ffb.ee\/fi\/shop\/kugoo-kukirin-v2-maastoajoneuvo\/\" \/>\n<meta property=\"og:locale\" content=\"fi_FI\" \/>\n<meta property=\"og:type\" content=\"article\" \/>\n<meta property=\"og:title\" content=\"Kugoo KuKirin V2 maastoajoneuvo\" \/>\n<meta property=\"og:description\" content=\"Kugoo KuKirin V2 n\u00e4ol on tegemist t\u00f5elise kokkupandavate elektriratas maastikus\u00f5idukite tipptasemega. V2 kokkupandavad elektrijalgratas maastikus\u00f5idukid.\" \/>\n<meta property=\"og:url\" content=\"https:\/\/www.xn--tuksimaailm-ffb.ee\/fi\/shop\/kugoo-kukirin-v2-maastoajoneuvo\/\" \/>\n<meta property=\"og:site_name\" content=\"T\u00f5uksimaailm\" \/>\n<meta property=\"article:publisher\" content=\"https:\/\/www.facebook.com\/touksimaailm\/\" \/>\n<meta property=\"og:image\" content=\"https:\/\/www.xn--tuksimaailm-ffb.ee\/wp-content\/uploads\/2024\/01\/kukirin_v2_elektrijalgratas_wordpress_14-jpg.webp\" \/>\n\t<meta property=\"og:image:width\" content=\"800\" \/>\n\t<meta property=\"og:image:height\" content=\"549\" \/>\n\t<meta property=\"og:image:type\" content=\"image\/jpeg\" \/>\n<meta name=\"twitter:card\" content=\"summary_large_image\" \/>\n<meta name=\"twitter:label1\" content=\"Hinta\" \/>\n\t<meta name=\"twitter:data1\" content=\"&euro;899.00\" \/>\n\t<meta name=\"twitter:label2\" content=\"Saatavuus\" \/>\n\t<meta name=\"twitter:data2\" content=\"Loppu varastosta\" \/>\n<meta property=\"product:price:amount\" content=\"899.00\" \/>\n<meta property=\"product:price:currency\" content=\"EUR\" \/>\n<meta property=\"og:availability\" content=\"out of stock\" \/>\n<meta property=\"product:availability\" content=\"out of stock\" \/>\n<meta property=\"product:retailer_item_id\" content=\"KUGOO-KUKIRIN-V2\" \/>\n<meta property=\"product:condition\" content=\"new\" \/>\n<!-- \/ Yoast SEO Premium plugin. -->","yoast_head_json":{"title":"Kugoo KuKirin V2 maastoajoneuvo | T\u00f5uksimaailm | eMoto","description":"Kugoo KuKirin V2 n\u00e4ol on tegemist t\u00f5elise kokkupandavate elektriratas maastikus\u00f5idukite tipptasemega. V2 kokkupandavad elektrijalgratas maastikus\u00f5idukid.","robots":{"index":"index","follow":"follow","max-snippet":"max-snippet:-1","max-image-preview":"max-image-preview:large","max-video-preview":"max-video-preview:-1"},"canonical":"https:\/\/www.xn--tuksimaailm-ffb.ee\/fi\/shop\/kugoo-kukirin-v2-maastoajoneuvo\/","og_locale":"fi_FI","og_type":"article","og_title":"Kugoo KuKirin V2 maastoajoneuvo","og_description":"Kugoo KuKirin V2 n\u00e4ol on tegemist t\u00f5elise kokkupandavate elektriratas maastikus\u00f5idukite tipptasemega. V2 kokkupandavad elektrijalgratas maastikus\u00f5idukid.","og_url":"https:\/\/www.xn--tuksimaailm-ffb.ee\/fi\/shop\/kugoo-kukirin-v2-maastoajoneuvo\/","og_site_name":"T\u00f5uksimaailm","article_publisher":"https:\/\/www.facebook.com\/touksimaailm\/","og_image":[{"width":800,"height":549,"url":"https:\/\/www.xn--tuksimaailm-ffb.ee\/wp-content\/uploads\/2024\/01\/kukirin_v2_elektrijalgratas_wordpress_14-jpg.webp","type":"image\/jpeg"}],"twitter_card":"summary_large_image","twitter_misc":{"Hinta":"&euro;899.00","Saatavuus":"Loppu varastosta"},"schema":{"@context":"https:\/\/schema.org","@graph":[{"@type":"WebPage","@id":"https:\/\/www.xn--tuksimaailm-ffb.ee\/fi\/shop\/kugoo-kukirin-v2-maastoajoneuvo\/","url":"https:\/\/www.xn--tuksimaailm-ffb.ee\/fi\/shop\/kugoo-kukirin-v2-maastoajoneuvo\/","name":"Kugoo KuKirin V2 maastoajoneuvo | T\u00f5uksimaailm | eMoto","isPartOf":{"@id":"https:\/\/www.xn--tuksimaailm-ffb.ee\/fi\/#website"},"primaryImageOfPage":{"@id":"https:\/\/www.xn--tuksimaailm-ffb.ee\/fi\/shop\/kugoo-kukirin-v2-maastoajoneuvo\/#primaryimage"},"image":{"@id":"https:\/\/www.xn--tuksimaailm-ffb.ee\/fi\/shop\/kugoo-kukirin-v2-maastoajoneuvo\/#primaryimage"},"thumbnailUrl":"https:\/\/www.xn--tuksimaailm-ffb.ee\/wp-content\/uploads\/2024\/01\/kukirin_v2_elektrijalgratas_wordpress_14-jpg.webp","datePublished":"2024-02-04T14:34:16+00:00","description":"Kugoo KuKirin V2 n\u00e4ol on tegemist t\u00f5elise kokkupandavate elektriratas maastikus\u00f5idukite tipptasemega. V2 kokkupandavad elektrijalgratas maastikus\u00f5idukid.","breadcrumb":{"@id":"https:\/\/www.xn--tuksimaailm-ffb.ee\/fi\/shop\/kugoo-kukirin-v2-maastoajoneuvo\/#breadcrumb"},"inLanguage":"fi","potentialAction":[{"@type":"ReadAction","target":["https:\/\/www.xn--tuksimaailm-ffb.ee\/fi\/shop\/kugoo-kukirin-v2-maastoajoneuvo\/"]}]},{"@type":"ImageObject","inLanguage":"fi","@id":"https:\/\/www.xn--tuksimaailm-ffb.ee\/fi\/shop\/kugoo-kukirin-v2-maastoajoneuvo\/#primaryimage","url":"https:\/\/www.xn--tuksimaailm-ffb.ee\/wp-content\/uploads\/2024\/01\/kukirin_v2_elektrijalgratas_wordpress_14-jpg.webp","contentUrl":"https:\/\/www.xn--tuksimaailm-ffb.ee\/wp-content\/uploads\/2024\/01\/kukirin_v2_elektrijalgratas_wordpress_14-jpg.webp","width":800,"height":549,"caption":"ugoo-kukirin-v2-elektriratas"},{"@type":"BreadcrumbList","@id":"https:\/\/www.xn--tuksimaailm-ffb.ee\/fi\/shop\/kugoo-kukirin-v2-maastoajoneuvo\/#breadcrumb","itemListElement":[{"@type":"ListItem","position":1,"name":"Home","item":"https:\/\/www.xn--tuksimaailm-ffb.ee\/fi\/kotisivu\/"},{"@type":"ListItem","position":2,"name":"Kauppa","item":"https:\/\/www.xn--tuksimaailm-ffb.ee\/elektritoukerataste-pood\/"},{"@type":"ListItem","position":3,"name":"Kugoo KuKirin V2 maastoajoneuvo"}]},{"@type":"WebSite","@id":"https:\/\/www.xn--tuksimaailm-ffb.ee\/fi\/#website","url":"https:\/\/www.xn--tuksimaailm-ffb.ee\/fi\/","name":"T\u00f5uksimaailm","description":"Elektrit\u00f5ukerataste m\u00fc\u00fck, remont ja rent","publisher":{"@id":"https:\/\/www.xn--tuksimaailm-ffb.ee\/fi\/#organization"},"potentialAction":[{"@type":"SearchAction","target":{"@type":"EntryPoint","urlTemplate":"https:\/\/www.xn--tuksimaailm-ffb.ee\/fi\/?s={search_term_string}"},"query-input":{"@type":"PropertyValueSpecification","valueRequired":true,"valueName":"search_term_string"}}],"inLanguage":"fi"},{"@type":"Organization","@id":"https:\/\/www.xn--tuksimaailm-ffb.ee\/fi\/#organization","name":"T\u00f5uksimaailm","url":"https:\/\/www.xn--tuksimaailm-ffb.ee\/fi\/","logo":{"@type":"ImageObject","inLanguage":"fi","@id":"https:\/\/www.xn--tuksimaailm-ffb.ee\/fi\/#\/schema\/logo\/image\/","url":"https:\/\/www.xn--tuksimaailm-ffb.ee\/wp-content\/uploads\/2020\/01\/logoz-e1579792875517.png","contentUrl":"https:\/\/www.xn--tuksimaailm-ffb.ee\/wp-content\/uploads\/2020\/01\/logoz-e1579792875517.png","width":250,"height":250,"caption":"T\u00f5uksimaailm"},"image":{"@id":"https:\/\/www.xn--tuksimaailm-ffb.ee\/fi\/#\/schema\/logo\/image\/"},"sameAs":["https:\/\/www.facebook.com\/touksimaailm\/","https:\/\/www.instagram.com\/touksimaailm_\/","https:\/\/www.youtube.com\/channel\/UC18ml0EKIDLP1xGuQjFzcXQ"]}]},"product_price_amount":"899.00","product_price_currency":"EUR","og_availability":"out of stock","product_availability":"out of stock","product_retailer_item_id":"KUGOO-KUKIRIN-V2","product_condition":"new"},"jetpack_sharing_enabled":true,"_links":{"self":[{"href":"https:\/\/www.xn--tuksimaailm-ffb.ee\/fi\/wp-json\/wp\/v2\/product\/51254","targetHints":{"allow":["GET"]}}],"collection":[{"href":"https:\/\/www.xn--tuksimaailm-ffb.ee\/fi\/wp-json\/wp\/v2\/product"}],"about":[{"href":"https:\/\/www.xn--tuksimaailm-ffb.ee\/fi\/wp-json\/wp\/v2\/types\/product"}],"wp:featuredmedia":[{"embeddable":true,"href":"https:\/\/www.xn--tuksimaailm-ffb.ee\/fi\/wp-json\/wp\/v2\/media\/41241"}],"wp:attachment":[{"href":"https:\/\/www.xn--tuksimaailm-ffb.ee\/fi\/wp-json\/wp\/v2\/media?parent=51254"}],"wp:term":[{"taxonomy":"product_brand","embeddable":true,"href":"https:\/\/www.xn--tuksimaailm-ffb.ee\/fi\/wp-json\/wp\/v2\/product_brand?post=51254"},{"taxonomy":"product_cat","embeddable":true,"href":"https:\/\/www.xn--tuksimaailm-ffb.ee\/fi\/wp-json\/wp\/v2\/product_cat?post=51254"},{"taxonomy":"product_tag","embeddable":true,"href":"https:\/\/www.xn--tuksimaailm-ffb.ee\/fi\/wp-json\/wp\/v2\/product_tag?post=51254"},{"taxonomy":"filter_elektritoukeratas","embeddable":true,"href":"https:\/\/www.xn--tuksimaailm-ffb.ee\/fi\/wp-json\/wp\/v2\/filter_elektritoukeratas?post=51254"}],"curies":[{"name":"wp","href":"https:\/\/api.w.org\/{rel}","templated":true}]}}