{"id":51315,"date":"2023-02-28T11:52:46","date_gmt":"2023-02-28T08:52:46","guid":{"rendered":"http:\/\/www.xn--tuksimaailm-ffb.ee\/shop\/argento-performance-pro-sahkopolkupyora\/"},"modified":"2023-02-28T11:52:46","modified_gmt":"2023-02-28T08:52:46","slug":"argento-performance-pro-sahkopolkupyora","status":"publish","type":"product","link":"https:\/\/www.xn--tuksimaailm-ffb.ee\/fi\/shop\/argento-performance-pro-sahkopolkupyora\/","title":{"rendered":"Argento Performance Pro s\u00e4hk\u00f6polkupy\u00f6r\u00e4"},"content":{"rendered":"<h2 style=\"text-align: center;\">ARGENTO PERFORMANCE PRO S\u00c4HK\u00d6POLKUPY\u00d6R\u00c4 - TUOTEKUVAUS<\/h2>\n<p>Argento Performance Pro -s\u00e4hk\u00f6py\u00f6r\u00e4, joka sopii sek\u00e4 kaupunki- ett\u00e4 maastok\u00e4ytt\u00f6\u00f6n. Vankan rakenteensa ansiosta Performance Pro -s\u00e4hk\u00f6py\u00f6r\u00e4 tarjoaa erityisen mukavan ajomukavuuden ja kest\u00e4vyyden. Performance Pro -s\u00e4hk\u00f6py\u00f6r\u00e4ss\u00e4 on kaikki, mit\u00e4 kunnon s\u00e4hk\u00f6py\u00f6r\u00e4ss\u00e4 pit\u00e4\u00e4kin olla.<\/p>\n<p style=\"caret-color: #000000; color: #000000;\">Hydraulisilla levyjarruilla varustetussa Performance Prossa on \u00e4\u00e4rimm\u00e4inen jarrutuntuma. Ajomukavuuden ja turvallisuuden parantamiseksi Performance Pro on varustettu 27,5 tuuman maastorenkailla sek\u00e4 edess\u00e4 ett\u00e4 takana. Performance Pro on my\u00f6s tehokas s\u00e4hk\u00f6py\u00f6r\u00e4. Ergonomisen ja tukevan rakenteensa ansiosta Performance Pro tarjoaa mukavan ja kest\u00e4v\u00e4n ajon. Sek\u00e4 rungolla ett\u00e4 etulokasuojalla varustetut Argento Performance Pro -s\u00e4hk\u00f6py\u00f6r\u00e4t tarjoavat poikkeuksellisen ajokokemuksen tehokkaan s\u00e4hk\u00f6moottorin avulla. Pienemm\u00e4t ja kompaktimmat Argento Minimax E-Bike -s\u00e4hk\u00f6py\u00f6r\u00e4t l\u00f6yd\u00e4t\u00a0<a href=\"http:\/\/www.xn--tuksimaailm-ffb.ee\/shop\/argento-minimax-e-bike-elektrijalgratas\/\">t\u00e4\u00e4lt\u00e4<\/a>. Kaikki muut s\u00e4hk\u00f6py\u00f6r\u00e4t l\u00f6yd\u00e4t\u00a0<a href=\"http:\/\/www.xn--tuksimaailm-ffb.ee\/tootekategooria\/elektriratas\/\">t\u00e4\u00e4lt\u00e4.<\/a><\/p>\n<h2 style=\"text-align: center;\">PERFORMANCE PRO S\u00c4HK\u00d6POLKUPY\u00d6R\u00c4 - TEKNINEN KUVAUS<\/h2>\n<p style=\"caret-color: #000000; color: #000000;\">Performance Pro -s\u00e4hk\u00f6py\u00f6r\u00e4t ovat suhteellisen tehokkaita, mutta niiss\u00e4 on my\u00f6s eritt\u00e4in mukava ajaa. Performance Pro -s\u00e4hk\u00f6py\u00f6r\u00e4t on\u00a0<strong>varustettu 250 W:n s\u00e4hk\u00f6moottorilla, joka sijaitsee rungon keskell\u00e4.<\/strong>\u00a0Tasaisen painojakauman ansiosta Performance Pro -mallia on helppo ohjata ja mukava ajaa. Tehokkaan s\u00e4hk\u00f6moottorinsa ansiosta Performance Pro -s\u00e4hk\u00f6py\u00f6r\u00e4t<strong>\u00a0saavuttavat helposti 25 km\/h huippunopeuden<\/strong>. Kiihdytys on reipas juuri siksi, ett\u00e4 Performance Pro -s\u00e4hk\u00f6py\u00f6r\u00e4t on varustettu s\u00e4hk\u00f6moottorilla, jonka v\u00e4\u00e4nt\u00f6momentti on 80 Nm.<\/p>\n<p style=\"caret-color: #000000; color: #000000;\">Argento Performance Pro -s\u00e4hk\u00f6py\u00f6rill\u00e4 on my\u00f6s uskomattoman pitk\u00e4 toimintas\u00e4de. Performance Pro -s\u00e4hk\u00f6py\u00f6r\u00e4 on\u00a0<strong>varustettu 36V j\u00e4nnitteell\u00e4 ja 12,8Ah (461Wh) Li-ion-akulla<\/strong>. Valmistajan mukaan Performance Pro -s\u00e4hk\u00f6py\u00f6r\u00e4\u00a0<strong>pystyy yhdell\u00e4 latauksella jopa 120 kilometri\u00e4<\/strong>\u00a0polkemalla. Jotta Performance Pro olisi viel\u00e4 k\u00e4yt\u00e4nn\u00f6llisempi, s\u00e4hk\u00f6py\u00f6r\u00e4t on varustettu laturilla, jonka avulla s\u00e4hk\u00f6py\u00f6r\u00e4<strong>\u00a0voidaan ladata t\u00e4yteen 0-100%:sta vain 6 tunnissa.<\/strong><\/p>\n<p style=\"caret-color: #000000; color: #000000;\">Performance Pro -s\u00e4hk\u00f6py\u00f6r\u00e4t on\u00a0<strong>varustettu n\u00e4yt\u00f6ll\u00e4\/n\u00e4yt\u00f6ll\u00e4<\/strong>, joka v\u00e4litt\u00e4\u00e4 t\u00e4rkeit\u00e4 tietoja. Performance Pro -s\u00e4hk\u00f6py\u00f6r\u00e4t on suunniteltu siten, ett\u00e4 kuljettaja voi nopeasti muuttaa eri asetuksia n\u00e4yt\u00f6lt\u00e4\/n\u00e4yt\u00f6lt\u00e4 tarpeidensa mukaan. Argento Performance Pro -s\u00e4hk\u00f6py\u00f6r\u00e4 on\u00a0<strong>varustettu 7-vaihteisella Shimano Acera -takavaihteella.<\/strong><\/p>\n<h2 style=\"text-align: center;\">TURVALLISUUS<\/h2>\n<p style=\"caret-color: #000000; color: #000000;\"><a>Kyp\u00e4r\u00e4n<\/a>\u00a0k\u00e4ytt\u00f6 on eritt\u00e4in suositeltavaa kaikille aikuisille s\u00e4hk\u00f6py\u00f6r\u00e4ilij\u00f6ille. Alle 16-vuotiaiden on\u00a0<a href=\"https:\/\/www.riigiteataja.ee\/akt\/113112020001\">lain<\/a>\u00a0mukaan k\u00e4ytett\u00e4v\u00e4 kyp\u00e4r\u00e4\u00e4 s\u00e4hk\u00f6py\u00f6r\u00e4ll\u00e4 ajaessaan. Kaikki s\u00e4hk\u00f6py\u00f6r\u00e4t l\u00f6ytyv\u00e4t\u00a0<a href=\"http:\/\/www.xn--tuksimaailm-ffb.ee\/tootekategooria\/elektriratas\/\/\"><strong>t\u00e4\u00e4lt\u00e4<\/strong><\/a>.<\/p>\n<p style=\"caret-color: #000000; color: #000000;\"><strong>Kun ostat s\u00e4hk\u00f6py\u00f6r\u00e4n liikkeest\u00e4mme, saat kaikki\u00a0<\/strong><a href=\"http:\/\/www.xn--tuksimaailm-ffb.ee\/tootekategooria\/lisavarustus\/\"><strong>lis\u00e4varusteet<\/strong><\/a><strong>\u00a0<\/strong><strong>s\u00e4hk\u00f6py\u00f6r\u00e4n oston yhteydess\u00e4 -20%!<\/strong><\/p>\n<table class=\"tg\" style=\"max-width: 600px; margin-right: auto; margin-bottom: 0px; margin-left: auto; width: 82.6085%; height: 406px;\">\n<tbody>\n<tr style=\"height: 27px;\">\n<td style=\"font-size: 14px; padding: 5px; border-style: solid; background-color: #e4e1e1; color: #333333; font-weight: bold; overflow: hidden; text-align: center; vertical-align: top; word-break: normal; height: 27px;\" colspan=\"2\">Tekniset tiedot<\/td>\n<\/tr>\n<tr style=\"height: 27px;\">\n<td style=\"font-size: 14px; padding: 5px; border-style: solid; background-color: #e4e1e1; color: #333333; font-weight: bold; overflow: hidden; text-align: right; vertical-align: top; word-break: normal; height: 27px;\">Malli<\/td>\n<td style=\"font-size: 14px; padding: 5px; border-style: solid; overflow: hidden; text-align: center; vertical-align: top; word-break: normal; height: 27px;\">Argento Performance Pro<\/td>\n<\/tr>\n<tr style=\"height: 27px;\">\n<td style=\"font-size: 14px; padding: 5px; border-style: solid; background-color: #e4e1e1; color: #333333; font-weight: bold; overflow: hidden; text-align: right; vertical-align: top; word-break: normal; height: 27px;\">Akku<\/td>\n<td style=\"font-size: 14px; padding: 5px; border-style: solid; overflow: hidden; text-align: center; vertical-align: top; word-break: normal; height: 27px;\">36V \/ 12.8Ah \/ 461Wh<\/td>\n<\/tr>\n<tr style=\"height: 27px;\">\n<td style=\"font-size: 14px; padding: 5px; border-style: solid; background-color: #e4e1e1; color: #333333; font-weight: bold; overflow: hidden; text-align: right; vertical-align: top; word-break: normal; height: 27px;\">Latausaika<\/td>\n<td style=\"font-size: 14px; padding: 5px; border-style: solid; overflow: hidden; text-align: center; vertical-align: top; word-break: normal; height: 27px;\">6h<\/td>\n<\/tr>\n<tr style=\"height: 27px;\">\n<td style=\"font-size: 14px; padding: 5px; border-style: solid; background-color: #e4e1e1; color: #333333; font-weight: bold; overflow: hidden; text-align: right; vertical-align: top; word-break: normal; height: 27px;\">Moottorin teho<\/td>\n<td style=\"font-size: 14px; padding: 5px; border-style: solid; overflow: hidden; text-align: center; vertical-align: top; word-break: normal; height: 27px;\">250W (pysyv\u00e4 nimellisteho); 250W (huipputeho)<\/td>\n<\/tr>\n<tr style=\"height: 55px;\">\n<td style=\"font-size: 14px; padding: 5px; border-style: solid; background-color: #e4e1e1; color: #333333; font-weight: bold; overflow: hidden; text-align: right; vertical-align: top; word-break: normal; height: 55px;\">Ajomatka (<strong style=\"caret-color: #000000; color: #000000; text-align: start; font-family: inherit;\">valmistajan erittely<\/strong><span style=\"font-family: inherit;\">)\u00a0<\/span><\/td>\n<td style=\"font-size: 14px; padding: 5px; border-style: solid; overflow: hidden; text-align: center; vertical-align: top; word-break: normal; height: 55px;\">jopa 120km<\/td>\n<\/tr>\n<tr style=\"height: 27px;\">\n<td style=\"font-size: 14px; padding: 5px; border-style: solid; background-color: #e4e1e1; color: #333333; font-weight: bold; overflow: hidden; text-align: right; vertical-align: top; word-break: normal; height: 27px;\">Etujarru<\/td>\n<td style=\"font-size: 14px; padding: 5px; border-style: solid; overflow: hidden; text-align: center; vertical-align: top; word-break: normal; height: 27px;\">hydraulinen levyjarruj\u00e4rjestelm\u00e4<\/td>\n<\/tr>\n<tr style=\"height: 27px;\">\n<td style=\"font-size: 14px; padding: 5px; border-style: solid; background-color: #e4e1e1; color: #333333; font-weight: bold; overflow: hidden; text-align: right; vertical-align: top; word-break: normal; height: 27px;\">Takajarru<\/td>\n<td style=\"font-size: 14px; padding: 5px; border-style: solid; overflow: hidden; text-align: center; vertical-align: top; word-break: normal; height: 27px;\">hydraulinen levyjarruj\u00e4rjestelm\u00e4<\/td>\n<\/tr>\n<tr style=\"height: 27px;\">\n<td style=\"font-size: 14px; padding: 5px; border-style: solid; background-color: #e4e1e1; color: #333333; font-weight: bold; overflow: hidden; text-align: right; vertical-align: top; word-break: normal; height: 27px;\">Painorajoitus<\/td>\n<td style=\"font-size: 14px; padding: 5px; border-style: solid; overflow: hidden; text-align: center; vertical-align: top; word-break: normal; height: 27px;\">155kg<\/td>\n<\/tr>\n<tr style=\"height: 27px;\">\n<td style=\"font-size: 14px; padding: 5px; border-style: solid; background-color: #e4e1e1; color: #333333; font-weight: bold; overflow: hidden; text-align: right; vertical-align: top; word-break: normal; height: 27px;\">Nopeus<\/td>\n<td style=\"font-size: 14px; padding: 5px; border-style: solid; overflow: hidden; text-align: center; vertical-align: top; word-break: normal; height: 27px;\">25km\/h (s\u00e4hk\u00f6moottorin saavuttama nopeus - rajoitettu); 25km\/h (S\u00e4hk\u00f6py\u00f6r\u00e4n suunnittelunopeus)<\/td>\n<\/tr>\n<tr style=\"height: 27px;\">\n<td style=\"font-size: 14px; padding: 5px; border-style: solid; background-color: #e4e1e1; color: #333333; font-weight: bold; overflow: hidden; text-align: right; vertical-align: top; word-break: normal; height: 27px;\">Paino<\/td>\n<td style=\"font-size: 14px; padding: 5px; border-style: solid; overflow: hidden; text-align: center; vertical-align: top; word-break: normal; height: 27px;\">24kg<\/td>\n<\/tr>\n<tr style=\"height: 27px;\">\n<td style=\"font-size: 14px; padding: 5px 5px 5px 125px; border-style: solid; background-color: #e4e1e1; color: #333333; font-weight: bold; overflow: hidden; vertical-align: top; word-break: normal; height: 27px; text-align: right;\">Moottorisoitu py\u00f6r\u00e4<\/td>\n<td style=\"font-size: 14px; padding: 5px; border-style: solid; overflow: hidden; text-align: center; vertical-align: top; word-break: normal; height: 27px;\">\n<p>takapy\u00f6r\u00e4<\/p>\n<\/td>\n<\/tr>\n<tr style=\"height: 27px;\">\n<td style=\"font-size: 14px; padding: 5px; border-style: solid; background-color: #e4e1e1; color: #333333; font-weight: bold; overflow: hidden; text-align: right; vertical-align: top; word-break: normal; height: 27px;\">Renkaat<\/td>\n<td style=\"font-size: 14px; padding: 5px; border-style: solid; overflow: hidden; text-align: center; vertical-align: top; word-break: normal; height: 27px;\">27.5\" x 2.3\" ilmarenkaat<\/td>\n<\/tr>\n<tr style=\"height: 27px;\">\n<td style=\"font-size: 14px; padding: 5px; border-style: solid; background-color: #e4e1e1; color: #333333; font-weight: bold; overflow: hidden; text-align: right; vertical-align: top; word-break: normal; height: 27px;\">Tien enim\u00e4iskaltevuus<\/td>\n<td style=\"font-size: 14px; padding: 5px; border-style: solid; overflow: hidden; text-align: center; vertical-align: top; word-break: normal; height: 27px;\">20%<\/td>\n<\/tr>\n<\/tbody>\n<\/table>\n","protected":false},"excerpt":{"rendered":"<p style=\"caret-color: #000000; color: #000000;\"><a href=\"http:\/\/www.xn--tuksimaailm-ffb.ee\/kontakt\/\"><strong>L\u00f6ysitk\u00f6 paremman hinnan?<\/strong><\/a>\u00a0<a href=\"http:\/\/www.xn--tuksimaailm-ffb.ee\/kontakt\/\"><strong>Kirjoita meille, niin teemme sinulle paremman tarjouksen!<\/strong><\/a><\/p>\n<p style=\"caret-color: #000000; color: #000000;\"><strong>Jos ostat s\u00e4hk\u00f6py\u00f6r\u00e4n, kaikki\u00a0<\/strong><a href=\"http:\/\/www.xn--tuksimaailm-ffb.ee\/tootekategooria\/lisavarustus\/\"><strong>lis\u00e4varusteet<\/strong><\/a><strong>\u00a0ja\u00a0<\/strong><a href=\"http:\/\/www.xn--tuksimaailm-ffb.ee\/tootekategooria\/elektritoukeratta-varuosad\/\"><strong>varaosat<\/strong><\/a>\u00a0(<strong>\u00a0my\u00f6s\u00a0<\/strong><a href=\"http:\/\/www.xn--tuksimaailm-ffb.ee\/tootekategooria\/elektritoukeratta-varuosad\/?filter_tootetuup=rehvid\"><strong>renkaat<\/strong><\/a><strong>) ovat puoleen hintaan (-50 %).<\/strong>\u00a0<strong>Alennus otetaan automaattisesti k\u00e4ytt\u00f6\u00f6n, kun lis\u00e4\u00e4t sen ostoskoriin!<\/strong><\/p>\n<p style=\"caret-color: #000000; color: #000000;\"><strong><em>Toimitusaika: 1-5tp<\/em><\/strong><\/p>\n<p><em><strong>\u00a0<\/strong><\/em><\/p>\n","protected":false},"featured_media":32277,"template":"","meta":[],"product_brand":[],"product_cat":[2656],"product_tag":[],"filter_elektritoukeratas":[],"class_list":{"0":"post-51315","1":"product","2":"type-product","3":"status-publish","4":"has-post-thumbnail","6":"product_cat-sahkopyora","7":"product_shipping_class-keskmine-pakk-fi","8":"pa_aku-mahutavus-wh-461-fi","9":"pa_elektrimootori-abil-saavut-25-fi","10":"pa_elektriratta-disainkiirus-25-fi","11":"pa_kaal-kg-24-fi","12":"pa_kandevoime-kg-155-fi","13":"pa_tootetuup-sahkopyora","14":"pa_valmistaja-argento-fi","15":"pa_voimsus-w-250-fi","17":"first","18":"outofstock","19":"taxable","20":"shipping-taxable","21":"purchasable","22":"product-type-simple"},"yoast_head":"<!-- This site is optimized with the Yoast SEO Premium plugin v26.8 (Yoast SEO v27.5) - https:\/\/yoast.com\/product\/yoast-seo-premium-wordpress\/ -->\n<title>Argento Performance Pro s\u00e4hk\u00f6polkupy\u00f6r\u00e4 | T\u00f5uksimaailm | eMoto<\/title>\n<meta name=\"description\" content=\"Argento Performance Pro elektrijalgratas. Mahuka akuga varustatud elektriline jalgratas. M\u00f5nusa s\u00f5idutunnetusega Argento Performance Pro elektrijalgrattad.\" \/>\n<meta name=\"robots\" content=\"index, follow, max-snippet:-1, max-image-preview:large, max-video-preview:-1\" \/>\n<link rel=\"canonical\" href=\"https:\/\/www.xn--tuksimaailm-ffb.ee\/fi\/shop\/argento-performance-pro-sahkopolkupyora\/\" \/>\n<meta property=\"og:locale\" content=\"fi_FI\" \/>\n<meta property=\"og:type\" content=\"article\" \/>\n<meta property=\"og:title\" content=\"Argento Performance Pro s\u00e4hk\u00f6polkupy\u00f6r\u00e4\" \/>\n<meta property=\"og:description\" content=\"Argento Performance Pro elektrijalgratas. Mahuka akuga varustatud elektriline jalgratas. M\u00f5nusa s\u00f5idutunnetusega Argento Performance Pro elektrijalgrattad.\" \/>\n<meta property=\"og:url\" content=\"https:\/\/www.xn--tuksimaailm-ffb.ee\/fi\/shop\/argento-performance-pro-sahkopolkupyora\/\" \/>\n<meta property=\"og:site_name\" content=\"T\u00f5uksimaailm\" \/>\n<meta property=\"article:publisher\" content=\"https:\/\/www.facebook.com\/touksimaailm\/\" \/>\n<meta property=\"og:image\" content=\"https:\/\/www.xn--tuksimaailm-ffb.ee\/wp-content\/uploads\/2023\/02\/Argento-Performance-Pro-elektrijalgratas-elektrijalgrattad-elektriline-jalgratas-elektrilised-jalgrattad-1-jpeg.webp\" \/>\n\t<meta property=\"og:image:width\" content=\"1000\" \/>\n\t<meta property=\"og:image:height\" content=\"1000\" \/>\n\t<meta property=\"og:image:type\" content=\"image\/jpeg\" \/>\n<meta name=\"twitter:card\" content=\"summary_large_image\" \/>\n<meta name=\"twitter:label1\" content=\"Hinta\" \/>\n\t<meta name=\"twitter:data1\" content=\"&euro;2,999.00\" \/>\n\t<meta name=\"twitter:label2\" content=\"Saatavuus\" \/>\n\t<meta name=\"twitter:data2\" content=\"Loppu varastosta\" \/>\n<meta property=\"product:price:amount\" content=\"2999.00\" \/>\n<meta property=\"product:price:currency\" content=\"EUR\" \/>\n<meta property=\"og:availability\" content=\"out of stock\" \/>\n<meta property=\"product:availability\" content=\"out of stock\" \/>\n<meta property=\"product:retailer_item_id\" content=\"ARGENTO-PERFORMANCE-PRO\" \/>\n<meta property=\"product:condition\" content=\"new\" \/>\n<!-- \/ Yoast SEO Premium plugin. -->","yoast_head_json":{"title":"Argento Performance Pro s\u00e4hk\u00f6polkupy\u00f6r\u00e4 | T\u00f5uksimaailm | eMoto","description":"Argento Performance Pro elektrijalgratas. Mahuka akuga varustatud elektriline jalgratas. M\u00f5nusa s\u00f5idutunnetusega Argento Performance Pro elektrijalgrattad.","robots":{"index":"index","follow":"follow","max-snippet":"max-snippet:-1","max-image-preview":"max-image-preview:large","max-video-preview":"max-video-preview:-1"},"canonical":"https:\/\/www.xn--tuksimaailm-ffb.ee\/fi\/shop\/argento-performance-pro-sahkopolkupyora\/","og_locale":"fi_FI","og_type":"article","og_title":"Argento Performance Pro s\u00e4hk\u00f6polkupy\u00f6r\u00e4","og_description":"Argento Performance Pro elektrijalgratas. Mahuka akuga varustatud elektriline jalgratas. M\u00f5nusa s\u00f5idutunnetusega Argento Performance Pro elektrijalgrattad.","og_url":"https:\/\/www.xn--tuksimaailm-ffb.ee\/fi\/shop\/argento-performance-pro-sahkopolkupyora\/","og_site_name":"T\u00f5uksimaailm","article_publisher":"https:\/\/www.facebook.com\/touksimaailm\/","og_image":[{"width":1000,"height":1000,"url":"https:\/\/www.xn--tuksimaailm-ffb.ee\/wp-content\/uploads\/2023\/02\/Argento-Performance-Pro-elektrijalgratas-elektrijalgrattad-elektriline-jalgratas-elektrilised-jalgrattad-1-jpeg.webp","type":"image\/jpeg"}],"twitter_card":"summary_large_image","twitter_misc":{"Hinta":"&euro;2,999.00","Saatavuus":"Loppu varastosta"},"schema":{"@context":"https:\/\/schema.org","@graph":[{"@type":"WebPage","@id":"https:\/\/www.xn--tuksimaailm-ffb.ee\/fi\/shop\/argento-performance-pro-sahkopolkupyora\/","url":"https:\/\/www.xn--tuksimaailm-ffb.ee\/fi\/shop\/argento-performance-pro-sahkopolkupyora\/","name":"Argento Performance Pro s\u00e4hk\u00f6polkupy\u00f6r\u00e4 | T\u00f5uksimaailm | eMoto","isPartOf":{"@id":"https:\/\/www.xn--tuksimaailm-ffb.ee\/fi\/#website"},"primaryImageOfPage":{"@id":"https:\/\/www.xn--tuksimaailm-ffb.ee\/fi\/shop\/argento-performance-pro-sahkopolkupyora\/#primaryimage"},"image":{"@id":"https:\/\/www.xn--tuksimaailm-ffb.ee\/fi\/shop\/argento-performance-pro-sahkopolkupyora\/#primaryimage"},"thumbnailUrl":"https:\/\/www.xn--tuksimaailm-ffb.ee\/wp-content\/uploads\/2023\/02\/Argento-Performance-Pro-elektrijalgratas-elektrijalgrattad-elektriline-jalgratas-elektrilised-jalgrattad-1-jpeg.webp","datePublished":"2023-02-28T08:52:46+00:00","description":"Argento Performance Pro elektrijalgratas. Mahuka akuga varustatud elektriline jalgratas. M\u00f5nusa s\u00f5idutunnetusega Argento Performance Pro elektrijalgrattad.","breadcrumb":{"@id":"https:\/\/www.xn--tuksimaailm-ffb.ee\/fi\/shop\/argento-performance-pro-sahkopolkupyora\/#breadcrumb"},"inLanguage":"fi","potentialAction":[{"@type":"ReadAction","target":["https:\/\/www.xn--tuksimaailm-ffb.ee\/fi\/shop\/argento-performance-pro-sahkopolkupyora\/"]}]},{"@type":"ImageObject","inLanguage":"fi","@id":"https:\/\/www.xn--tuksimaailm-ffb.ee\/fi\/shop\/argento-performance-pro-sahkopolkupyora\/#primaryimage","url":"https:\/\/www.xn--tuksimaailm-ffb.ee\/wp-content\/uploads\/2023\/02\/Argento-Performance-Pro-elektrijalgratas-elektrijalgrattad-elektriline-jalgratas-elektrilised-jalgrattad-1-jpeg.webp","contentUrl":"https:\/\/www.xn--tuksimaailm-ffb.ee\/wp-content\/uploads\/2023\/02\/Argento-Performance-Pro-elektrijalgratas-elektrijalgrattad-elektriline-jalgratas-elektrilised-jalgrattad-1-jpeg.webp","width":1000,"height":1000,"caption":"Argento Performance Pro elektrijalgratas elektrijalgrattad elektriline jalgratas elektrilised jalgrattad 1"},{"@type":"BreadcrumbList","@id":"https:\/\/www.xn--tuksimaailm-ffb.ee\/fi\/shop\/argento-performance-pro-sahkopolkupyora\/#breadcrumb","itemListElement":[{"@type":"ListItem","position":1,"name":"Home","item":"https:\/\/www.xn--tuksimaailm-ffb.ee\/fi\/kotisivu\/"},{"@type":"ListItem","position":2,"name":"Kauppa","item":"https:\/\/www.xn--tuksimaailm-ffb.ee\/elektritoukerataste-pood\/"},{"@type":"ListItem","position":3,"name":"Argento Performance Pro s\u00e4hk\u00f6polkupy\u00f6r\u00e4"}]},{"@type":"WebSite","@id":"https:\/\/www.xn--tuksimaailm-ffb.ee\/fi\/#website","url":"https:\/\/www.xn--tuksimaailm-ffb.ee\/fi\/","name":"T\u00f5uksimaailm","description":"Elektrit\u00f5ukerataste m\u00fc\u00fck, remont ja rent","publisher":{"@id":"https:\/\/www.xn--tuksimaailm-ffb.ee\/fi\/#organization"},"potentialAction":[{"@type":"SearchAction","target":{"@type":"EntryPoint","urlTemplate":"https:\/\/www.xn--tuksimaailm-ffb.ee\/fi\/?s={search_term_string}"},"query-input":{"@type":"PropertyValueSpecification","valueRequired":true,"valueName":"search_term_string"}}],"inLanguage":"fi"},{"@type":"Organization","@id":"https:\/\/www.xn--tuksimaailm-ffb.ee\/fi\/#organization","name":"T\u00f5uksimaailm","url":"https:\/\/www.xn--tuksimaailm-ffb.ee\/fi\/","logo":{"@type":"ImageObject","inLanguage":"fi","@id":"https:\/\/www.xn--tuksimaailm-ffb.ee\/fi\/#\/schema\/logo\/image\/","url":"https:\/\/www.xn--tuksimaailm-ffb.ee\/wp-content\/uploads\/2020\/01\/logoz-e1579792875517.png","contentUrl":"https:\/\/www.xn--tuksimaailm-ffb.ee\/wp-content\/uploads\/2020\/01\/logoz-e1579792875517.png","width":250,"height":250,"caption":"T\u00f5uksimaailm"},"image":{"@id":"https:\/\/www.xn--tuksimaailm-ffb.ee\/fi\/#\/schema\/logo\/image\/"},"sameAs":["https:\/\/www.facebook.com\/touksimaailm\/","https:\/\/www.instagram.com\/touksimaailm_\/","https:\/\/www.youtube.com\/channel\/UC18ml0EKIDLP1xGuQjFzcXQ"]}]},"product_price_amount":"2999.00","product_price_currency":"EUR","og_availability":"out of stock","product_availability":"out of stock","product_retailer_item_id":"ARGENTO-PERFORMANCE-PRO","product_condition":"new"},"jetpack_sharing_enabled":true,"_links":{"self":[{"href":"https:\/\/www.xn--tuksimaailm-ffb.ee\/fi\/wp-json\/wp\/v2\/product\/51315","targetHints":{"allow":["GET"]}}],"collection":[{"href":"https:\/\/www.xn--tuksimaailm-ffb.ee\/fi\/wp-json\/wp\/v2\/product"}],"about":[{"href":"https:\/\/www.xn--tuksimaailm-ffb.ee\/fi\/wp-json\/wp\/v2\/types\/product"}],"wp:featuredmedia":[{"embeddable":true,"href":"https:\/\/www.xn--tuksimaailm-ffb.ee\/fi\/wp-json\/wp\/v2\/media\/32277"}],"wp:attachment":[{"href":"https:\/\/www.xn--tuksimaailm-ffb.ee\/fi\/wp-json\/wp\/v2\/media?parent=51315"}],"wp:term":[{"taxonomy":"product_brand","embeddable":true,"href":"https:\/\/www.xn--tuksimaailm-ffb.ee\/fi\/wp-json\/wp\/v2\/product_brand?post=51315"},{"taxonomy":"product_cat","embeddable":true,"href":"https:\/\/www.xn--tuksimaailm-ffb.ee\/fi\/wp-json\/wp\/v2\/product_cat?post=51315"},{"taxonomy":"product_tag","embeddable":true,"href":"https:\/\/www.xn--tuksimaailm-ffb.ee\/fi\/wp-json\/wp\/v2\/product_tag?post=51315"},{"taxonomy":"filter_elektritoukeratas","embeddable":true,"href":"https:\/\/www.xn--tuksimaailm-ffb.ee\/fi\/wp-json\/wp\/v2\/filter_elektritoukeratas?post=51315"}],"curies":[{"name":"wp","href":"https:\/\/api.w.org\/{rel}","templated":true}]}}