{"id":51318,"date":"2023-02-28T12:57:58","date_gmt":"2023-02-28T10:57:58","guid":{"rendered":"http:\/\/www.xn--tuksimaailm-ffb.ee\/shop\/jeep-e-bike-blizzard-sahkopolkupyora\/"},"modified":"2023-02-28T12:57:58","modified_gmt":"2023-02-28T09:57:58","slug":"jeep-e-bike-blizzard-sahkopolkupyora","status":"publish","type":"product","link":"https:\/\/www.xn--tuksimaailm-ffb.ee\/fi\/shop\/jeep-e-bike-blizzard-sahkopolkupyora\/","title":{"rendered":"Jeep E-Bike Blizzard s\u00e4hk\u00f6polkupy\u00f6r\u00e4"},"content":{"rendered":"<h2 style=\"text-align: center;\">JEEP E-BIKE BLIZZARD S\u00c4HK\u00d6POLKUPY\u00d6R\u00c4 - TUOTEKUVAUS<\/h2>\n<p>Tunnetun autonvalmistajan Jeepin uudet s\u00e4hk\u00f6py\u00f6r\u00e4t. Jeep E-Bike Blizzard -s\u00e4hk\u00f6py\u00f6r\u00e4 soveltuu kaupunki- ja maastopy\u00f6r\u00e4ilyyn etujarrutuksen iskunvaimentimien ja leveiden, paksujen maastorenkaiden ansiosta. Jeep Blizzard -s\u00e4hk\u00f6py\u00f6r\u00e4 tarjoaa hyv\u00e4n rakenteensa ja suuren Li-Ion-akkupakettinsa ansiosta pitk\u00e4kestoisen ajokokemuksen.<\/p>\n<p style=\"caret-color: #000000; color: #000000;\">Jeep Blizzard -s\u00e4hk\u00f6py\u00f6riss\u00e4 on vain hyv\u00e4\u00e4 ja parempaa. Mukavaa ja vakaata ajoa varten E-Bike Blizzard on varustettu suurilla ja leveill\u00e4 maastorenkailla sek\u00e4 edess\u00e4 ett\u00e4 takana. Viel\u00e4 turvallisemman ajon takaamiseksi E-Bike Blizzard -s\u00e4hk\u00f6py\u00f6r\u00e4t on varustettu hydraulisilla levyjarruilla sek\u00e4 edess\u00e4 ett\u00e4 takana. Hydraulisella levyjarruj\u00e4rjestelm\u00e4ll\u00e4 varustetuissa Jeep Blizzard -s\u00e4hk\u00f6py\u00f6riss\u00e4 on poikkeuksellisen miellytt\u00e4v\u00e4 jarrutustuntuma ja eritt\u00e4in lyhyt jarrutusmatka. Suuresta Li-Ion-akustosta huolimatta Jeep Blizzard on eritt\u00e4in kevyt, sill\u00e4 se painaa vain 27,4 kg. Kaikki muut s\u00e4hk\u00f6py\u00f6r\u00e4t l\u00f6yd\u00e4t\u00a0<a href=\"http:\/\/www.xn--tuksimaailm-ffb.ee\/tootekategooria\/elektriratas\/\">t\u00e4\u00e4lt\u00e4.<\/a><\/p>\n<h2 style=\"text-align: center;\">JEEP E-BIKE BLIZZARD S\u00c4HK\u00d6POLKUPY\u00d6R\u00c4 - TEKNINEN KUVAUS<\/h2>\n<p style=\"caret-color: #000000; color: #000000;\">Jeep Blizzard -s\u00e4hk\u00f6polkupy\u00f6r\u00e4ss\u00e4 on runsaasti tehoa ja poikkeuksellinen ajettavuus. Tukevan rakenteensa ansiosta Jeep Blizzard -s\u00e4hk\u00f6py\u00f6r\u00e4 kest\u00e4\u00e4 jopa 110 kg. Positiivisen ajokokemuksen takaamiseksi Jeep Blizzard -s\u00e4hk\u00f6py\u00f6r\u00e4 on\u00a0<strong>varustettu Mozo-merkkisell\u00e4 etujousituksella.<\/strong>\u00a0Jeep Blizzard -s\u00e4hk\u00f6py\u00f6r\u00e4 on my\u00f6s\u00a0<strong>varustettu suurilla 26 \u201dx4.0\u201d KENDA-maastorenkailla<\/strong>, jotka vaimentavat erityisen hyvin ep\u00e4tasaisen tienpinnan t\u00e4rin\u00e4\u00e4 ja iskuja.<\/p>\n<p style=\"caret-color: #000000; color: #000000;\">Jeep Blizzard -s\u00e4hk\u00f6polkupy\u00f6r\u00e4 on\u00a0<strong>varustettu 250 W:n s\u00e4hk\u00f6moottorilla, joka on helppo k\u00e4ynnist\u00e4\u00e4<\/strong>, jotta kuljettaja p\u00e4\u00e4see mukavasti eteenp\u00e4in. S\u00e4hk\u00f6moottorin sijoittelun ansiosta Jeep E-Bike Blizzard tarjoaa hyv\u00e4n painon jakautumisen sek\u00e4 ohjattavuuden.<\/p>\n<p style=\"caret-color: #000000; color: #000000;\">Jeep Blizzard -s\u00e4hk\u00f6py\u00f6r\u00e4 on varustettu suurella Li-ion-akulla, jotta hauskanpito jatkuisi pidemp\u00e4\u00e4n. Jeep Blizzard -s\u00e4hk\u00f6py\u00f6r\u00e4 on\u00a0<strong>varustettu 36 V:n j\u00e4nnitteell\u00e4 ja tehokkaalla 13 Ah:n (468 Wh)<\/strong>\u00a0<strong>Li-ion-akulla<\/strong>. N\u00e4in suurella akulla varustetun Jeep Blizzardin toimintas\u00e4de on tehtaan tietojen mukaan jopa 90 km. On t\u00e4rke\u00e4\u00e4 ymm\u00e4rt\u00e4\u00e4, ett\u00e4 Jeep Blizzard -s\u00e4hk\u00f6py\u00f6r\u00e4 on varustettu s\u00e4hk\u00f6moottorilla, joka avustaa k\u00e4ynnistyksess\u00e4, ja tehtaan teknisiss\u00e4 tiedoissa ilmoitetun kilometrim\u00e4\u00e4r\u00e4n saavuttamiseksi sinun on avustettava itse k\u00e4ynnistyksess\u00e4. Jotta Jeep Blizzard -s\u00e4hk\u00f6py\u00f6r\u00e4 voidaan ladata nopeasti, s\u00e4hk\u00f6py\u00f6r\u00e4t on varustettu 2A-laturilla. Jeep Blizzard -s\u00e4hk\u00f6py\u00f6r\u00e4n\u00a0<strong>lataaminen 0-100 %:sta kest\u00e4\u00e4 enint\u00e4\u00e4n 6,5 tuntia.<\/strong><\/p>\n<p style=\"caret-color: #000000; color: #000000;\">Jeep Blizzard -s\u00e4hk\u00f6py\u00f6r\u00e4 on my\u00f6s varustettu\u00a0<strong>selv\u00e4sti luettavalla vedenpit\u00e4v\u00e4ll\u00e4 LCD-n\u00e4yt\u00f6ll\u00e4 \/ n\u00e4yt\u00f6ll\u00e4<\/strong>, joka n\u00e4ytt\u00e4\u00e4 kuljettajan tarvitsemat tiedot. Jeep E-Bike Blizzardissa\u00a0<strong>on my\u00f6s Shimano Altus 7-vaihteinen takavaihde.<\/strong><\/p>\n<h2 style=\"text-align: center;\">TURVALLISUUS<\/h2>\n<p style=\"caret-color: #000000; color: #000000;\"><a>Kyp\u00e4r\u00e4n<\/a>\u00a0k\u00e4ytt\u00f6 on eritt\u00e4in suositeltavaa kaikille aikuisille s\u00e4hk\u00f6py\u00f6r\u00e4ilij\u00f6ille. Alle 16-vuotiaiden on\u00a0<a href=\"https:\/\/www.riigiteataja.ee\/akt\/113112020001\">lain<\/a>\u00a0mukaan k\u00e4ytett\u00e4v\u00e4 kyp\u00e4r\u00e4\u00e4 s\u00e4hk\u00f6py\u00f6r\u00e4ll\u00e4 ajaessaan. Kaikki s\u00e4hk\u00f6py\u00f6r\u00e4t l\u00f6ytyv\u00e4t\u00a0<a href=\"http:\/\/www.xn--tuksimaailm-ffb.ee\/tootekategooria\/elektriratas\/\/\"><strong>t\u00e4\u00e4lt\u00e4<\/strong><\/a>.<\/p>\n<p style=\"caret-color: #000000; color: #000000;\"><strong>Kun ostat s\u00e4hk\u00f6py\u00f6r\u00e4n liikkeest\u00e4mme, saat kaikki\u00a0<\/strong><a href=\"http:\/\/www.xn--tuksimaailm-ffb.ee\/tootekategooria\/lisavarustus\/\"><strong>lis\u00e4varusteet<\/strong><\/a><strong>\u00a0<\/strong><strong>s\u00e4hk\u00f6py\u00f6r\u00e4n oston yhteydess\u00e4 -20%!<\/strong><\/p>\n<table class=\"tg\" style=\"max-width: 600px; margin-right: auto; margin-bottom: 0px; margin-left: auto; width: 82.6085%; height: 406px;\">\n<tbody>\n<tr style=\"height: 27px;\">\n<td style=\"font-size: 14px; padding: 5px; border-style: solid; background-color: #e4e1e1; color: #333333; font-weight: bold; overflow: hidden; text-align: center; vertical-align: top; word-break: normal; height: 27px;\" colspan=\"2\">Tekniset tiedot<\/td>\n<\/tr>\n<tr style=\"height: 27px;\">\n<td style=\"font-size: 14px; padding: 5px; border-style: solid; background-color: #e4e1e1; color: #333333; font-weight: bold; overflow: hidden; text-align: right; vertical-align: top; word-break: normal; height: 27px;\">Malli<\/td>\n<td style=\"font-size: 14px; padding: 5px; border-style: solid; overflow: hidden; text-align: center; vertical-align: top; word-break: normal; height: 27px;\">Jeep E-Bike Blizzard<\/td>\n<\/tr>\n<tr style=\"height: 27px;\">\n<td style=\"font-size: 14px; padding: 5px; border-style: solid; background-color: #e4e1e1; color: #333333; font-weight: bold; overflow: hidden; text-align: right; vertical-align: top; word-break: normal; height: 27px;\">Akku<\/td>\n<td style=\"font-size: 14px; padding: 5px; border-style: solid; overflow: hidden; text-align: center; vertical-align: top; word-break: normal; height: 27px;\">36V \/ 13Ah \/ 468Wh<\/td>\n<\/tr>\n<tr style=\"height: 27px;\">\n<td style=\"font-size: 14px; padding: 5px; border-style: solid; background-color: #e4e1e1; color: #333333; font-weight: bold; overflow: hidden; text-align: right; vertical-align: top; word-break: normal; height: 27px;\">Latausaika<\/td>\n<td style=\"font-size: 14px; padding: 5px; border-style: solid; overflow: hidden; text-align: center; vertical-align: top; word-break: normal; height: 27px;\">6.5h<\/td>\n<\/tr>\n<tr style=\"height: 27px;\">\n<td style=\"font-size: 14px; padding: 5px; border-style: solid; background-color: #e4e1e1; color: #333333; font-weight: bold; overflow: hidden; text-align: right; vertical-align: top; word-break: normal; height: 27px;\">Moottorin teho<\/td>\n<td style=\"font-size: 14px; padding: 5px; border-style: solid; overflow: hidden; text-align: center; vertical-align: top; word-break: normal; height: 27px;\">250W (pysyv\u00e4 nimellisteho); 250W (Huipputeho)<\/td>\n<\/tr>\n<tr style=\"height: 55px;\">\n<td style=\"font-size: 14px; padding: 5px; border-style: solid; background-color: #e4e1e1; color: #333333; font-weight: bold; overflow: hidden; text-align: right; vertical-align: top; word-break: normal; height: 55px;\">Ajomatka (<strong style=\"caret-color: #000000; color: #000000; text-align: start; font-family: inherit;\">valmistajan erittely<\/strong><span style=\"font-family: inherit;\">)\u00a0<\/span><\/td>\n<td style=\"font-size: 14px; padding: 5px; border-style: solid; overflow: hidden; text-align: center; vertical-align: top; word-break: normal; height: 55px;\">jopa 90km<\/td>\n<\/tr>\n<tr style=\"height: 27px;\">\n<td style=\"font-size: 14px; padding: 5px; border-style: solid; background-color: #e4e1e1; color: #333333; font-weight: bold; overflow: hidden; text-align: right; vertical-align: top; word-break: normal; height: 27px;\">Etujarru<\/td>\n<td style=\"font-size: 14px; padding: 5px; border-style: solid; overflow: hidden; text-align: center; vertical-align: top; word-break: normal; height: 27px;\">hydraulinen levyjarruj\u00e4rjestelm\u00e4<\/td>\n<\/tr>\n<tr style=\"height: 27px;\">\n<td style=\"font-size: 14px; padding: 5px; border-style: solid; background-color: #e4e1e1; color: #333333; font-weight: bold; overflow: hidden; text-align: right; vertical-align: top; word-break: normal; height: 27px;\">Takajarru<\/td>\n<td style=\"font-size: 14px; padding: 5px; border-style: solid; overflow: hidden; text-align: center; vertical-align: top; word-break: normal; height: 27px;\">hydraulinen levyjarruj\u00e4rjestelm\u00e4<\/td>\n<\/tr>\n<tr style=\"height: 27px;\">\n<td style=\"font-size: 14px; padding: 5px; border-style: solid; background-color: #e4e1e1; color: #333333; font-weight: bold; overflow: hidden; text-align: right; vertical-align: top; word-break: normal; height: 27px;\">Painorajoitus<\/td>\n<td style=\"font-size: 14px; padding: 5px; border-style: solid; overflow: hidden; text-align: center; vertical-align: top; word-break: normal; height: 27px;\">110kg<\/td>\n<\/tr>\n<tr style=\"height: 27px;\">\n<td style=\"font-size: 14px; padding: 5px; border-style: solid; background-color: #e4e1e1; color: #333333; font-weight: bold; overflow: hidden; text-align: right; vertical-align: top; word-break: normal; height: 27px;\">Nopeus<\/td>\n<td style=\"font-size: 14px; padding: 5px; border-style: solid; overflow: hidden; text-align: center; vertical-align: top; word-break: normal; height: 27px;\">25km\/h (s\u00e4hk\u00f6moottorin saavuttama nopeus - rajoitettu); 25km\/h (S\u00e4hk\u00f6py\u00f6r\u00e4n suunnittelunopeus)<\/td>\n<\/tr>\n<tr style=\"height: 27px;\">\n<td style=\"font-size: 14px; padding: 5px; border-style: solid; background-color: #e4e1e1; color: #333333; font-weight: bold; overflow: hidden; text-align: right; vertical-align: top; word-break: normal; height: 27px;\">Paino<\/td>\n<td style=\"font-size: 14px; padding: 5px; border-style: solid; overflow: hidden; text-align: center; vertical-align: top; word-break: normal; height: 27px;\">27.4kg<\/td>\n<\/tr>\n<tr style=\"height: 27px;\">\n<td style=\"font-size: 14px; padding: 5px 5px 5px 125px; border-style: solid; background-color: #e4e1e1; color: #333333; font-weight: bold; overflow: hidden; vertical-align: top; word-break: normal; height: 27px; text-align: right;\">Moottorisoitu py\u00f6r\u00e4<\/td>\n<td style=\"font-size: 14px; padding: 5px; border-style: solid; overflow: hidden; text-align: center; vertical-align: top; word-break: normal; height: 27px;\">\n<p>takapy\u00f6r\u00e4<\/p>\n<\/td>\n<\/tr>\n<tr style=\"height: 27px;\">\n<td style=\"font-size: 14px; padding: 5px; border-style: solid; background-color: #e4e1e1; color: #333333; font-weight: bold; overflow: hidden; text-align: right; vertical-align: top; word-break: normal; height: 27px;\">Renkaat<\/td>\n<td style=\"font-size: 14px; padding: 5px; border-style: solid; overflow: hidden; text-align: center; vertical-align: top; word-break: normal; height: 27px;\">26\" x 4\" ilmarenkaat<\/td>\n<\/tr>\n<tr style=\"height: 27px;\">\n<td style=\"font-size: 14px; padding: 5px; border-style: solid; background-color: #e4e1e1; color: #333333; font-weight: bold; overflow: hidden; text-align: right; vertical-align: top; word-break: normal; height: 27px;\">Tien enim\u00e4iskaltevuus<\/td>\n<td style=\"font-size: 14px; padding: 5px; border-style: solid; overflow: hidden; text-align: center; vertical-align: top; word-break: normal; height: 27px;\">20%<\/td>\n<\/tr>\n<\/tbody>\n<\/table>\n","protected":false},"excerpt":{"rendered":"<p style=\"caret-color: #000000; color: #000000;\"><a href=\"http:\/\/www.xn--tuksimaailm-ffb.ee\/kontakt\/\"><strong>L\u00f6ysitk\u00f6 paremman hinnan?<\/strong><\/a>\u00a0<a href=\"http:\/\/www.xn--tuksimaailm-ffb.ee\/kontakt\/\"><strong>Kirjoita meille, niin teemme sinulle paremman tarjouksen!<\/strong><\/a><\/p>\n<p style=\"caret-color: #000000; color: #000000;\"><strong>Kaikki\u00a0<\/strong><a><strong>lis\u00e4varusteet<\/strong><\/a><strong>\u00a0ja\u00a0<\/strong><a><strong>varaosat<\/strong><\/a><strong>\u00a0ovat -20%, kun ne ostetaan s\u00e4hk\u00f6py\u00f6r\u00e4n kanssa.<\/strong>\u00a0<strong>Alennus otetaan automaattisesti k\u00e4ytt\u00f6\u00f6n, kun lis\u00e4\u00e4t sen ostoskoriin!<\/strong><\/p>\n<p style=\"caret-color: #000000; color: #000000;\"><strong><em>Toimitusaika: 1-5tp<\/em><\/strong><\/p>\n<p><em><strong>\u00a0<\/strong><\/em><\/p>\n","protected":false},"featured_media":32306,"template":"","meta":[],"product_brand":[],"product_cat":[2656],"product_tag":[],"filter_elektritoukeratas":[],"class_list":{"0":"post-51318","1":"product","2":"type-product","3":"status-publish","4":"has-post-thumbnail","6":"product_cat-sahkopyora","7":"product_shipping_class-keskmine-pakk-fi","8":"pa_aku-mahutavus-wh-468-fi","9":"pa_elektrimootori-abil-saavut-25-fi","10":"pa_elektriratta-disainkiirus-25-fi","11":"pa_kaal-kg-27-4-fi","12":"pa_kandevoime-kg-110-fi","13":"pa_tootetuup-sahkopyora","14":"pa_valmistaja-jeep-fi","15":"pa_voimsus-w-250-fi","17":"first","18":"instock","19":"taxable","20":"shipping-taxable","21":"purchasable","22":"product-type-simple"},"yoast_head":"<!-- This site is optimized with the Yoast SEO Premium plugin v26.8 (Yoast SEO v27.5) - https:\/\/yoast.com\/product\/yoast-seo-premium-wordpress\/ -->\n<title>Jeep E-Bike Blizzard s\u00e4hk\u00f6polkupy\u00f6r\u00e4 | T\u00f5uksimaailm | Elektriratas<\/title>\n<meta name=\"description\" content=\"Jeep E-Bike Blizzard elektrijalgratas. Parajalt v\u00f5imekas elektriline jalgratas. Hea juhitavusega Jeep E-Bike Blizzard elektrijalgrattad. Elektriratas m\u00fc\u00fck.\" \/>\n<meta name=\"robots\" content=\"index, follow, max-snippet:-1, max-image-preview:large, max-video-preview:-1\" \/>\n<link rel=\"canonical\" href=\"https:\/\/www.xn--tuksimaailm-ffb.ee\/fi\/shop\/jeep-e-bike-blizzard-sahkopolkupyora\/\" \/>\n<meta property=\"og:locale\" content=\"fi_FI\" \/>\n<meta property=\"og:type\" content=\"article\" \/>\n<meta property=\"og:title\" content=\"Jeep E-Bike Blizzard s\u00e4hk\u00f6polkupy\u00f6r\u00e4\" \/>\n<meta property=\"og:description\" content=\"Jeep E-Bike Blizzard elektrijalgratas. Parajalt v\u00f5imekas elektriline jalgratas. Hea juhitavusega Jeep E-Bike Blizzard elektrijalgrattad. Elektriratas m\u00fc\u00fck.\" \/>\n<meta property=\"og:url\" content=\"https:\/\/www.xn--tuksimaailm-ffb.ee\/fi\/shop\/jeep-e-bike-blizzard-sahkopolkupyora\/\" \/>\n<meta property=\"og:site_name\" content=\"T\u00f5uksimaailm\" \/>\n<meta property=\"article:publisher\" content=\"https:\/\/www.facebook.com\/touksimaailm\/\" \/>\n<meta property=\"og:image\" content=\"https:\/\/www.xn--tuksimaailm-ffb.ee\/wp-content\/uploads\/2023\/02\/Jeep-E-Bike-Blizzard-elektrijalgratas-elektriline-jalgratas-elektrijalgrattad-elektrilised-jalgrattad-1-jpeg.webp\" \/>\n\t<meta property=\"og:image:width\" content=\"1000\" \/>\n\t<meta property=\"og:image:height\" content=\"1000\" \/>\n\t<meta property=\"og:image:type\" content=\"image\/jpeg\" \/>\n<meta name=\"twitter:card\" content=\"summary_large_image\" \/>\n<meta name=\"twitter:label1\" content=\"Hinta\" \/>\n\t<meta name=\"twitter:data1\" content=\"&euro;2,699.00\" \/>\n\t<meta name=\"twitter:label2\" content=\"Saatavuus\" \/>\n\t<meta name=\"twitter:data2\" content=\"Varastossa\" \/>\n<meta property=\"product:price:amount\" content=\"2699.00\" \/>\n<meta property=\"product:price:currency\" content=\"EUR\" \/>\n<meta property=\"og:availability\" content=\"instock\" \/>\n<meta property=\"product:availability\" content=\"instock\" \/>\n<meta property=\"product:retailer_item_id\" content=\"JEEB-BLIZZARD\" \/>\n<meta property=\"product:condition\" content=\"new\" \/>\n<!-- \/ Yoast SEO Premium plugin. -->","yoast_head_json":{"title":"Jeep E-Bike Blizzard s\u00e4hk\u00f6polkupy\u00f6r\u00e4 | T\u00f5uksimaailm | Elektriratas","description":"Jeep E-Bike Blizzard elektrijalgratas. Parajalt v\u00f5imekas elektriline jalgratas. Hea juhitavusega Jeep E-Bike Blizzard elektrijalgrattad. Elektriratas m\u00fc\u00fck.","robots":{"index":"index","follow":"follow","max-snippet":"max-snippet:-1","max-image-preview":"max-image-preview:large","max-video-preview":"max-video-preview:-1"},"canonical":"https:\/\/www.xn--tuksimaailm-ffb.ee\/fi\/shop\/jeep-e-bike-blizzard-sahkopolkupyora\/","og_locale":"fi_FI","og_type":"article","og_title":"Jeep E-Bike Blizzard s\u00e4hk\u00f6polkupy\u00f6r\u00e4","og_description":"Jeep E-Bike Blizzard elektrijalgratas. Parajalt v\u00f5imekas elektriline jalgratas. Hea juhitavusega Jeep E-Bike Blizzard elektrijalgrattad. Elektriratas m\u00fc\u00fck.","og_url":"https:\/\/www.xn--tuksimaailm-ffb.ee\/fi\/shop\/jeep-e-bike-blizzard-sahkopolkupyora\/","og_site_name":"T\u00f5uksimaailm","article_publisher":"https:\/\/www.facebook.com\/touksimaailm\/","og_image":[{"width":1000,"height":1000,"url":"https:\/\/www.xn--tuksimaailm-ffb.ee\/wp-content\/uploads\/2023\/02\/Jeep-E-Bike-Blizzard-elektrijalgratas-elektriline-jalgratas-elektrijalgrattad-elektrilised-jalgrattad-1-jpeg.webp","type":"image\/jpeg"}],"twitter_card":"summary_large_image","twitter_misc":{"Hinta":"&euro;2,699.00","Saatavuus":"Varastossa"},"schema":{"@context":"https:\/\/schema.org","@graph":[{"@type":"WebPage","@id":"https:\/\/www.xn--tuksimaailm-ffb.ee\/fi\/shop\/jeep-e-bike-blizzard-sahkopolkupyora\/","url":"https:\/\/www.xn--tuksimaailm-ffb.ee\/fi\/shop\/jeep-e-bike-blizzard-sahkopolkupyora\/","name":"Jeep E-Bike Blizzard s\u00e4hk\u00f6polkupy\u00f6r\u00e4 | T\u00f5uksimaailm | Elektriratas","isPartOf":{"@id":"https:\/\/www.xn--tuksimaailm-ffb.ee\/fi\/#website"},"primaryImageOfPage":{"@id":"https:\/\/www.xn--tuksimaailm-ffb.ee\/fi\/shop\/jeep-e-bike-blizzard-sahkopolkupyora\/#primaryimage"},"image":{"@id":"https:\/\/www.xn--tuksimaailm-ffb.ee\/fi\/shop\/jeep-e-bike-blizzard-sahkopolkupyora\/#primaryimage"},"thumbnailUrl":"https:\/\/www.xn--tuksimaailm-ffb.ee\/wp-content\/uploads\/2023\/02\/Jeep-E-Bike-Blizzard-elektrijalgratas-elektriline-jalgratas-elektrijalgrattad-elektrilised-jalgrattad-1-jpeg.webp","datePublished":"2023-02-28T10:57:58+00:00","description":"Jeep E-Bike Blizzard elektrijalgratas. Parajalt v\u00f5imekas elektriline jalgratas. Hea juhitavusega Jeep E-Bike Blizzard elektrijalgrattad. Elektriratas m\u00fc\u00fck.","breadcrumb":{"@id":"https:\/\/www.xn--tuksimaailm-ffb.ee\/fi\/shop\/jeep-e-bike-blizzard-sahkopolkupyora\/#breadcrumb"},"inLanguage":"fi","potentialAction":[{"@type":"ReadAction","target":["https:\/\/www.xn--tuksimaailm-ffb.ee\/fi\/shop\/jeep-e-bike-blizzard-sahkopolkupyora\/"]}]},{"@type":"ImageObject","inLanguage":"fi","@id":"https:\/\/www.xn--tuksimaailm-ffb.ee\/fi\/shop\/jeep-e-bike-blizzard-sahkopolkupyora\/#primaryimage","url":"https:\/\/www.xn--tuksimaailm-ffb.ee\/wp-content\/uploads\/2023\/02\/Jeep-E-Bike-Blizzard-elektrijalgratas-elektriline-jalgratas-elektrijalgrattad-elektrilised-jalgrattad-1-jpeg.webp","contentUrl":"https:\/\/www.xn--tuksimaailm-ffb.ee\/wp-content\/uploads\/2023\/02\/Jeep-E-Bike-Blizzard-elektrijalgratas-elektriline-jalgratas-elektrijalgrattad-elektrilised-jalgrattad-1-jpeg.webp","width":1000,"height":1000,"caption":"Jeep E-Bike Blizzard elektrijalgratas elektriline jalgratas elektrijalgrattad elektrilised jalgrattad 1"},{"@type":"BreadcrumbList","@id":"https:\/\/www.xn--tuksimaailm-ffb.ee\/fi\/shop\/jeep-e-bike-blizzard-sahkopolkupyora\/#breadcrumb","itemListElement":[{"@type":"ListItem","position":1,"name":"Home","item":"https:\/\/www.xn--tuksimaailm-ffb.ee\/fi\/kotisivu\/"},{"@type":"ListItem","position":2,"name":"Kauppa","item":"https:\/\/www.xn--tuksimaailm-ffb.ee\/elektritoukerataste-pood\/"},{"@type":"ListItem","position":3,"name":"Jeep E-Bike Blizzard s\u00e4hk\u00f6polkupy\u00f6r\u00e4"}]},{"@type":"WebSite","@id":"https:\/\/www.xn--tuksimaailm-ffb.ee\/fi\/#website","url":"https:\/\/www.xn--tuksimaailm-ffb.ee\/fi\/","name":"T\u00f5uksimaailm","description":"Elektrit\u00f5ukerataste m\u00fc\u00fck, remont ja rent","publisher":{"@id":"https:\/\/www.xn--tuksimaailm-ffb.ee\/fi\/#organization"},"potentialAction":[{"@type":"SearchAction","target":{"@type":"EntryPoint","urlTemplate":"https:\/\/www.xn--tuksimaailm-ffb.ee\/fi\/?s={search_term_string}"},"query-input":{"@type":"PropertyValueSpecification","valueRequired":true,"valueName":"search_term_string"}}],"inLanguage":"fi"},{"@type":"Organization","@id":"https:\/\/www.xn--tuksimaailm-ffb.ee\/fi\/#organization","name":"T\u00f5uksimaailm","url":"https:\/\/www.xn--tuksimaailm-ffb.ee\/fi\/","logo":{"@type":"ImageObject","inLanguage":"fi","@id":"https:\/\/www.xn--tuksimaailm-ffb.ee\/fi\/#\/schema\/logo\/image\/","url":"https:\/\/www.xn--tuksimaailm-ffb.ee\/wp-content\/uploads\/2020\/01\/logoz-e1579792875517.png","contentUrl":"https:\/\/www.xn--tuksimaailm-ffb.ee\/wp-content\/uploads\/2020\/01\/logoz-e1579792875517.png","width":250,"height":250,"caption":"T\u00f5uksimaailm"},"image":{"@id":"https:\/\/www.xn--tuksimaailm-ffb.ee\/fi\/#\/schema\/logo\/image\/"},"sameAs":["https:\/\/www.facebook.com\/touksimaailm\/","https:\/\/www.instagram.com\/touksimaailm_\/","https:\/\/www.youtube.com\/channel\/UC18ml0EKIDLP1xGuQjFzcXQ"]}]},"product_price_amount":"2699.00","product_price_currency":"EUR","og_availability":"instock","product_availability":"instock","product_retailer_item_id":"JEEB-BLIZZARD","product_condition":"new"},"jetpack_sharing_enabled":true,"_links":{"self":[{"href":"https:\/\/www.xn--tuksimaailm-ffb.ee\/fi\/wp-json\/wp\/v2\/product\/51318","targetHints":{"allow":["GET"]}}],"collection":[{"href":"https:\/\/www.xn--tuksimaailm-ffb.ee\/fi\/wp-json\/wp\/v2\/product"}],"about":[{"href":"https:\/\/www.xn--tuksimaailm-ffb.ee\/fi\/wp-json\/wp\/v2\/types\/product"}],"wp:featuredmedia":[{"embeddable":true,"href":"https:\/\/www.xn--tuksimaailm-ffb.ee\/fi\/wp-json\/wp\/v2\/media\/32306"}],"wp:attachment":[{"href":"https:\/\/www.xn--tuksimaailm-ffb.ee\/fi\/wp-json\/wp\/v2\/media?parent=51318"}],"wp:term":[{"taxonomy":"product_brand","embeddable":true,"href":"https:\/\/www.xn--tuksimaailm-ffb.ee\/fi\/wp-json\/wp\/v2\/product_brand?post=51318"},{"taxonomy":"product_cat","embeddable":true,"href":"https:\/\/www.xn--tuksimaailm-ffb.ee\/fi\/wp-json\/wp\/v2\/product_cat?post=51318"},{"taxonomy":"product_tag","embeddable":true,"href":"https:\/\/www.xn--tuksimaailm-ffb.ee\/fi\/wp-json\/wp\/v2\/product_tag?post=51318"},{"taxonomy":"filter_elektritoukeratas","embeddable":true,"href":"https:\/\/www.xn--tuksimaailm-ffb.ee\/fi\/wp-json\/wp\/v2\/filter_elektritoukeratas?post=51318"}],"curies":[{"name":"wp","href":"https:\/\/api.w.org\/{rel}","templated":true}]}}