{"id":52048,"date":"2020-03-27T23:25:56","date_gmt":"2020-03-27T20:25:56","guid":{"rendered":"http:\/\/www.xn--tuksimaailm-ffb.ee\/shop\/sahkoskeittilauta-gpad-ninja-eol\/"},"modified":"2020-03-27T23:25:56","modified_gmt":"2020-03-27T20:25:56","slug":"sahkoskeittilauta-gpad-ninja-eol","status":"publish","type":"product","link":"https:\/\/www.xn--tuksimaailm-ffb.ee\/fi\/shop\/sahkoskeittilauta-gpad-ninja-eol\/","title":{"rendered":"S\u00e4hk\u00f6skeittilauta GPad Ninja (EOL)"},"content":{"rendered":"<p><span style=\"caret-color: #000000; color: #000000;\">GPad Ninja -s\u00e4hk\u00f6skeittilalauta on t\u00e4ydellinen nuorille. GPad Ninja painaa vain<\/span><span style=\"caret-color: #000000; color: #000000;\">\u00a0<\/span><strong style=\"caret-color: #000000; color: #000000;\">3,8 kg<\/strong><span style=\"caret-color: #000000; color: #000000;\">, ja laudan kahvan ansiosta sit\u00e4 on helppo ja mukava kuljettaa. Sen huippunopeus on<\/span><span style=\"caret-color: #000000; color: #000000;\">\u00a0<\/span><strong style=\"caret-color: #000000; color: #000000;\">20km\/h<\/strong><span style=\"caret-color: #000000; color: #000000;\">\u00a0<\/span><span style=\"caret-color: #000000; color: #000000;\">ja se voi kulkea<\/span><span style=\"caret-color: #000000; color: #000000;\">\u00a0<\/span><strong style=\"caret-color: #000000; color: #000000;\">8km<\/strong><span style=\"caret-color: #000000; color: #000000;\">\u00a0<\/span><span style=\"caret-color: #000000; color: #000000;\">yhdell\u00e4 latauksella, ja latausaika on vain<\/span><span style=\"caret-color: #000000; color: #000000;\">\u00a0<\/span><strong style=\"caret-color: #000000; color: #000000;\">2h.<\/strong><span style=\"caret-color: #000000; color: #000000;\">\u00a0<\/span><span style=\"caret-color: #000000; color: #000000;\">Py\u00f6r\u00e4t ovat<\/span><span style=\"caret-color: #000000; color: #000000;\">\u00a0<\/span><strong style=\"caret-color: #000000; color: #000000;\">2,8\u201d\u00a0<\/strong><span style=\"caret-color: #000000; color: #000000;\">ja skeittilauta kest\u00e4\u00e4 jopa<\/span><span style=\"caret-color: #000000; color: #000000;\">\u00a0<\/span><strong style=\"caret-color: #000000; color: #000000;\">80kg.<\/strong><span style=\"caret-color: #000000; color: #000000;\">\u00a0<\/span><span style=\"caret-color: #000000; color: #000000;\">Ninja on varustettu<\/span><span style=\"caret-color: #000000; color: #000000;\">\u00a0<\/span><strong style=\"caret-color: #000000; color: #000000;\">150W\/24V<\/strong><span style=\"caret-color: #000000; color: #000000;\">\u00a0<\/span><span style=\"caret-color: #000000; color: #000000;\">moottorilla ja<\/span><span style=\"caret-color: #000000; color: #000000;\">\u00a0<\/span><strong style=\"caret-color: #000000; color: #000000;\">52,8Wh<\/strong><span style=\"caret-color: #000000; color: #000000;\">\u00a0<\/span><span style=\"caret-color: #000000; color: #000000;\">akulla. S\u00e4hk\u00f6skeittilauta mukana tulee kaukos\u00e4\u00e4din, jossa on kolme toimintoa, eteenp\u00e4in, taaksep\u00e4in ja jarrutus. Suosittelemme k\u00e4ytt\u00e4m\u00e4\u00e4n kyp\u00e4r\u00e4\u00e4 ja suojavarusteita s\u00e4hk\u00f6skeittilautalla ajettaessa, turvallisuus ensin! L\u00f6yd\u00e4 lis\u00e4\u00e4 s\u00e4hk\u00f6potkulaitteita<\/span>\u00a0<a href=\"http:\/\/www.xn--tuksimaailm-ffb.ee\/shop\/\">t\u00e4\u00e4lt\u00e4<\/a>!<\/p>\n","protected":false},"excerpt":{"rendered":"<p>GPad Ninja -s\u00e4hk\u00f6skeittilalauta on t\u00e4ydellinen nuorille. GPad Ninja painaa vain\u00a03,8 kg, ja laudan kahvan ansiosta sit\u00e4 on helppo ja mukava kuljettaa. Sen huippunopeus on\u00a020km\/h\u00a0ja se voi kulkea\u00a08km\u00a0yhdell\u00e4 latauksella, ja latausaika on vain\u00a02h.\u00a0Py\u00f6r\u00e4t ovat\u00a02,8\u201d\u00a0ja skeittilauta kest\u00e4\u00e4 jopa\u00a080kg.\u00a0Ninja on varustettu\u00a0150W\/24V\u00a0moottorilla ja\u00a052,8Wh\u00a0akulla. S\u00e4hk\u00f6skeittilauta mukana tulee kaukos\u00e4\u00e4din, jossa on kolme toimintoa, eteenp\u00e4in, taaksep\u00e4in ja &hellip;<\/p>\n","protected":false},"featured_media":24556,"template":"","meta":[],"product_brand":[],"product_cat":[3234],"product_tag":[],"filter_elektritoukeratas":[],"class_list":{"0":"post-52048","1":"product","2":"type-product","3":"status-publish","4":"has-post-thumbnail","6":"product_cat-sahkoskeittilauta","8":"first","9":"outofstock","10":"taxable","11":"shipping-taxable","12":"purchasable","13":"product-type-simple"},"yoast_head":"<!-- This site is optimized with the Yoast SEO Premium plugin v26.8 (Yoast SEO v27.3) - https:\/\/yoast.com\/product\/yoast-seo-premium-wordpress\/ -->\n<title>S\u00e4hk\u00f6skeittilauta GPad Ninja (EOL) &#8212; T\u00f5uksimaailm<\/title>\n<meta name=\"description\" content=\"GPad Ninja elektrirula on v\u00e4ga sobilik lastele! GPad Ninja on kerge ja laual olev k\u00e4epide teeb elektrirula kandmise lihtsaks ja mugavaks.\" \/>\n<meta name=\"robots\" content=\"index, follow, max-snippet:-1, max-image-preview:large, max-video-preview:-1\" \/>\n<link rel=\"canonical\" href=\"https:\/\/www.xn--tuksimaailm-ffb.ee\/fi\/shop\/sahkoskeittilauta-gpad-ninja-eol\/\" \/>\n<meta property=\"og:locale\" content=\"fi_FI\" \/>\n<meta property=\"og:type\" content=\"article\" \/>\n<meta property=\"og:title\" content=\"S\u00e4hk\u00f6skeittilauta GPad Ninja (EOL)\" \/>\n<meta property=\"og:description\" content=\"GPad Ninja elektrirula on v\u00e4ga sobilik lastele! GPad Ninja on kerge ja laual olev k\u00e4epide teeb elektrirula kandmise lihtsaks ja mugavaks.\" \/>\n<meta property=\"og:url\" content=\"https:\/\/www.xn--tuksimaailm-ffb.ee\/fi\/shop\/sahkoskeittilauta-gpad-ninja-eol\/\" \/>\n<meta property=\"og:site_name\" content=\"T\u00f5uksimaailm\" \/>\n<meta property=\"article:publisher\" content=\"https:\/\/www.facebook.com\/touksimaailm\/\" \/>\n<meta property=\"og:image\" content=\"https:\/\/www.xn--tuksimaailm-ffb.ee\/wp-content\/uploads\/2020\/03\/ninja-1.jpg\" \/>\n\t<meta property=\"og:image:width\" content=\"834\" \/>\n\t<meta property=\"og:image:height\" content=\"805\" \/>\n\t<meta property=\"og:image:type\" content=\"image\/jpeg\" \/>\n<meta name=\"twitter:card\" content=\"summary_large_image\" \/>\n<meta name=\"twitter:label1\" content=\"Hinta\" \/>\n\t<meta name=\"twitter:data1\" content=\"&euro;189.00\" \/>\n\t<meta name=\"twitter:label2\" content=\"Saatavuus\" \/>\n\t<meta name=\"twitter:data2\" content=\"Loppu varastosta\" \/>\n<meta property=\"product:price:amount\" content=\"189.00\" \/>\n<meta property=\"product:price:currency\" content=\"EUR\" \/>\n<meta property=\"og:availability\" content=\"out of stock\" \/>\n<meta property=\"product:availability\" content=\"out of stock\" \/>\n<meta property=\"product:condition\" content=\"new\" \/>\n<!-- \/ Yoast SEO Premium plugin. -->","yoast_head_json":{"title":"S\u00e4hk\u00f6skeittilauta GPad Ninja (EOL) &#8212; T\u00f5uksimaailm","description":"GPad Ninja elektrirula on v\u00e4ga sobilik lastele! GPad Ninja on kerge ja laual olev k\u00e4epide teeb elektrirula kandmise lihtsaks ja mugavaks.","robots":{"index":"index","follow":"follow","max-snippet":"max-snippet:-1","max-image-preview":"max-image-preview:large","max-video-preview":"max-video-preview:-1"},"canonical":"https:\/\/www.xn--tuksimaailm-ffb.ee\/fi\/shop\/sahkoskeittilauta-gpad-ninja-eol\/","og_locale":"fi_FI","og_type":"article","og_title":"S\u00e4hk\u00f6skeittilauta GPad Ninja (EOL)","og_description":"GPad Ninja elektrirula on v\u00e4ga sobilik lastele! GPad Ninja on kerge ja laual olev k\u00e4epide teeb elektrirula kandmise lihtsaks ja mugavaks.","og_url":"https:\/\/www.xn--tuksimaailm-ffb.ee\/fi\/shop\/sahkoskeittilauta-gpad-ninja-eol\/","og_site_name":"T\u00f5uksimaailm","article_publisher":"https:\/\/www.facebook.com\/touksimaailm\/","og_image":[{"width":834,"height":805,"url":"https:\/\/www.xn--tuksimaailm-ffb.ee\/wp-content\/uploads\/2020\/03\/ninja-1.jpg","type":"image\/jpeg"}],"twitter_card":"summary_large_image","twitter_misc":{"Hinta":"&euro;189.00","Saatavuus":"Loppu varastosta"},"schema":{"@context":"https:\/\/schema.org","@graph":[{"@type":"WebPage","@id":"https:\/\/www.xn--tuksimaailm-ffb.ee\/fi\/shop\/sahkoskeittilauta-gpad-ninja-eol\/","url":"https:\/\/www.xn--tuksimaailm-ffb.ee\/fi\/shop\/sahkoskeittilauta-gpad-ninja-eol\/","name":"S\u00e4hk\u00f6skeittilauta GPad Ninja (EOL) &#8212; T\u00f5uksimaailm","isPartOf":{"@id":"https:\/\/www.xn--tuksimaailm-ffb.ee\/fi\/#website"},"primaryImageOfPage":{"@id":"https:\/\/www.xn--tuksimaailm-ffb.ee\/fi\/shop\/sahkoskeittilauta-gpad-ninja-eol\/#primaryimage"},"image":{"@id":"https:\/\/www.xn--tuksimaailm-ffb.ee\/fi\/shop\/sahkoskeittilauta-gpad-ninja-eol\/#primaryimage"},"thumbnailUrl":"https:\/\/www.xn--tuksimaailm-ffb.ee\/wp-content\/uploads\/2020\/03\/ninja-1.jpg","datePublished":"2020-03-27T20:25:56+00:00","description":"GPad Ninja elektrirula on v\u00e4ga sobilik lastele! GPad Ninja on kerge ja laual olev k\u00e4epide teeb elektrirula kandmise lihtsaks ja mugavaks.","breadcrumb":{"@id":"https:\/\/www.xn--tuksimaailm-ffb.ee\/fi\/shop\/sahkoskeittilauta-gpad-ninja-eol\/#breadcrumb"},"inLanguage":"fi","potentialAction":[{"@type":"ReadAction","target":["https:\/\/www.xn--tuksimaailm-ffb.ee\/fi\/shop\/sahkoskeittilauta-gpad-ninja-eol\/"]}]},{"@type":"ImageObject","inLanguage":"fi","@id":"https:\/\/www.xn--tuksimaailm-ffb.ee\/fi\/shop\/sahkoskeittilauta-gpad-ninja-eol\/#primaryimage","url":"https:\/\/www.xn--tuksimaailm-ffb.ee\/wp-content\/uploads\/2020\/03\/ninja-1.jpg","contentUrl":"https:\/\/www.xn--tuksimaailm-ffb.ee\/wp-content\/uploads\/2020\/03\/ninja-1.jpg","width":834,"height":805},{"@type":"BreadcrumbList","@id":"https:\/\/www.xn--tuksimaailm-ffb.ee\/fi\/shop\/sahkoskeittilauta-gpad-ninja-eol\/#breadcrumb","itemListElement":[{"@type":"ListItem","position":1,"name":"Home","item":"https:\/\/www.xn--tuksimaailm-ffb.ee\/fi\/kotisivu\/"},{"@type":"ListItem","position":2,"name":"Kauppa","item":"https:\/\/www.xn--tuksimaailm-ffb.ee\/elektritoukerataste-pood\/"},{"@type":"ListItem","position":3,"name":"S\u00e4hk\u00f6skeittilauta GPad Ninja (EOL)"}]},{"@type":"WebSite","@id":"https:\/\/www.xn--tuksimaailm-ffb.ee\/fi\/#website","url":"https:\/\/www.xn--tuksimaailm-ffb.ee\/fi\/","name":"T\u00f5uksimaailm","description":"Elektrit\u00f5ukerataste m\u00fc\u00fck, remont ja rent","publisher":{"@id":"https:\/\/www.xn--tuksimaailm-ffb.ee\/fi\/#organization"},"potentialAction":[{"@type":"SearchAction","target":{"@type":"EntryPoint","urlTemplate":"https:\/\/www.xn--tuksimaailm-ffb.ee\/fi\/?s={search_term_string}"},"query-input":{"@type":"PropertyValueSpecification","valueRequired":true,"valueName":"search_term_string"}}],"inLanguage":"fi"},{"@type":"Organization","@id":"https:\/\/www.xn--tuksimaailm-ffb.ee\/fi\/#organization","name":"T\u00f5uksimaailm","url":"https:\/\/www.xn--tuksimaailm-ffb.ee\/fi\/","logo":{"@type":"ImageObject","inLanguage":"fi","@id":"https:\/\/www.xn--tuksimaailm-ffb.ee\/fi\/#\/schema\/logo\/image\/","url":"https:\/\/www.xn--tuksimaailm-ffb.ee\/wp-content\/uploads\/2020\/01\/logoz-e1579792875517.png","contentUrl":"https:\/\/www.xn--tuksimaailm-ffb.ee\/wp-content\/uploads\/2020\/01\/logoz-e1579792875517.png","width":250,"height":250,"caption":"T\u00f5uksimaailm"},"image":{"@id":"https:\/\/www.xn--tuksimaailm-ffb.ee\/fi\/#\/schema\/logo\/image\/"},"sameAs":["https:\/\/www.facebook.com\/touksimaailm\/","https:\/\/www.instagram.com\/touksimaailm_\/","https:\/\/www.youtube.com\/channel\/UC18ml0EKIDLP1xGuQjFzcXQ"]}]},"product_price_amount":"189.00","product_price_currency":"EUR","og_availability":"out of stock","product_availability":"out of stock","product_condition":"new"},"jetpack_sharing_enabled":true,"_links":{"self":[{"href":"https:\/\/www.xn--tuksimaailm-ffb.ee\/fi\/wp-json\/wp\/v2\/product\/52048","targetHints":{"allow":["GET"]}}],"collection":[{"href":"https:\/\/www.xn--tuksimaailm-ffb.ee\/fi\/wp-json\/wp\/v2\/product"}],"about":[{"href":"https:\/\/www.xn--tuksimaailm-ffb.ee\/fi\/wp-json\/wp\/v2\/types\/product"}],"wp:featuredmedia":[{"embeddable":true,"href":"https:\/\/www.xn--tuksimaailm-ffb.ee\/fi\/wp-json\/wp\/v2\/media\/24556"}],"wp:attachment":[{"href":"https:\/\/www.xn--tuksimaailm-ffb.ee\/fi\/wp-json\/wp\/v2\/media?parent=52048"}],"wp:term":[{"taxonomy":"product_brand","embeddable":true,"href":"https:\/\/www.xn--tuksimaailm-ffb.ee\/fi\/wp-json\/wp\/v2\/product_brand?post=52048"},{"taxonomy":"product_cat","embeddable":true,"href":"https:\/\/www.xn--tuksimaailm-ffb.ee\/fi\/wp-json\/wp\/v2\/product_cat?post=52048"},{"taxonomy":"product_tag","embeddable":true,"href":"https:\/\/www.xn--tuksimaailm-ffb.ee\/fi\/wp-json\/wp\/v2\/product_tag?post=52048"},{"taxonomy":"filter_elektritoukeratas","embeddable":true,"href":"https:\/\/www.xn--tuksimaailm-ffb.ee\/fi\/wp-json\/wp\/v2\/filter_elektritoukeratas?post=52048"}],"curies":[{"name":"wp","href":"https:\/\/api.w.org\/{rel}","templated":true}]}}