{"id":53658,"date":"2024-01-23T15:37:33","date_gmt":"2024-01-23T12:37:33","guid":{"rendered":"http:\/\/www.xn--tuksimaailm-ffb.ee\/shop\/yleiskayttoinen-lokasuojan-laajennus\/"},"modified":"2025-02-07T11:06:46","modified_gmt":"2025-02-07T08:06:46","slug":"yleiskayttoinen-lokasuojan-laajennus","status":"publish","type":"product","link":"https:\/\/www.xn--tuksimaailm-ffb.ee\/fi\/shop\/yleiskayttoinen-lokasuojan-laajennus\/","title":{"rendered":"Yleisk\u00e4ytt\u00f6inen lokasuojan laajennus"},"content":{"rendered":"<p>Yleisk\u00e4ytt\u00f6inen lokasuojan jatke (kutsutaan my\u00f6s nimell\u00e4 takamelan jatke, huokosmela). Jos olet kyll\u00e4stynyt siihen, ett\u00e4 s\u00e4hk\u00f6skootterisi takapy\u00f6r\u00e4 roiskii likaa housujesi takapuolelle ajaessasi sateessa ja p\u00f6lyl\u00e4t\u00e4k\u00f6iss\u00e4, yleismallinen lokasuojapidennys on edullinen ja tehokas ratkaisu t\u00e4h\u00e4n ep\u00e4miellytt\u00e4v\u00e4\u00e4n ongelmaan. Lokasuojan jatke kiinnittyy lokasuojaan vahvalla teipill\u00e4. Sopii kaikkiin s\u00e4hk\u00f6skootterimalleihin, kuten <a href=\"https:\/\/kugoo.eu\/\">Kugoo<\/a>, <a href=\"https:\/\/www.t\u00f5uksimaailm.ee\/kaabo-elektritoukeratas\/\">Kaabo<\/a>, <a href=\"https:\/\/www.t\u00f5uksimaailm.ee\/nanrobot\/\">Nanrobot<\/a>, <a href=\"https:\/\/www.t\u00f5uksimaailm.ee\/inokim-elektritoukeratas\/\">Inokim<\/a>, <a href=\"https:\/\/www.t\u00f5uksimaailm.ee\/vsett\/\">Vsett<\/a>, <a href=\"https:\/\/www.t\u00f5uksimaailm.ee\/techlife\/\">Techlife<\/a>, <a href=\"https:\/\/www.t\u00f5uksimaailm.ee\/nami\/\">Nami<\/a> ja monet muut.<\/p>\n<p>Jos s\u00e4hk\u00f6skootterisi tarvitsee lokasuojan jatkeen asennettuna, s\u00e4hk\u00f6skootterien korjauksiin erikoistunut <a href=\"https:\/\/www.t\u00f5uksimaailm.ee\/elektrilise-toukeratta-remont\/\">ty\u00f6pajamme<\/a>\u00a0voi auttaa.<\/p>\n","protected":false},"excerpt":{"rendered":"<p>Yleisk\u00e4ytt\u00f6inen lokasuojan jatke (kutsutaan my\u00f6s nimell\u00e4 takamelan jatke, huokosmela). Jos olet kyll\u00e4stynyt siihen, ett\u00e4 s\u00e4hk\u00f6skootterisi takapy\u00f6r\u00e4 roiskii likaa housujesi takapuolelle ajaessasi sateessa ja p\u00f6lyl\u00e4t\u00e4k\u00f6iss\u00e4, yleismallinen lokasuojapidennys on edullinen ja tehokas ratkaisu t\u00e4h\u00e4n ep\u00e4miellytt\u00e4v\u00e4\u00e4n ongelmaan. Lokasuojan jatke kiinnittyy lokasuojaan vahvalla teipill\u00e4. Sopii kaikkiin s\u00e4hk\u00f6skootterimalleihin, kuten Kugoo, Kaabo, Nanrobot, Inokim, Vsett, Techlife, &hellip;<\/p>\n","protected":false},"featured_media":40883,"template":"","meta":[],"product_brand":[],"product_cat":[1697,1698],"product_tag":[],"filter_elektritoukeratas":[2685,2700,2696,2708,2716,2723,2605,2609,2738,2626,2752,2690,2601,2607,2745],"class_list":{"0":"post-53658","1":"product","2":"type-product","3":"status-publish","4":"has-post-thumbnail","6":"product_cat-lisavarusteet","7":"product_cat-varaosat","8":"pa_tootetuup-porilaua-pikendused-fi","9":"filter_elektritoukeratas-ft_blaupunkt","10":"filter_elektritoukeratas-ft_gpad","11":"filter_elektritoukeratas-ft_hx","12":"filter_elektritoukeratas-ft_inokim","13":"filter_elektritoukeratas-ft_joyor","14":"filter_elektritoukeratas-ft_kaabo","15":"filter_elektritoukeratas-ft_kugoo_kukirin","16":"filter_elektritoukeratas-ft_-minimotors_dualtron","17":"filter_elektritoukeratas-ft_nanrobot","18":"filter_elektritoukeratas-ft_segway","19":"filter_elektritoukeratas-ft_techlife","20":"filter_elektritoukeratas-ft_velt","21":"filter_elektritoukeratas-ft_vsett","22":"filter_elektritoukeratas-ft_xiaomi","23":"filter_elektritoukeratas-ft_zero","25":"first","26":"instock","27":"taxable","28":"shipping-taxable","29":"purchasable","30":"product-type-simple"},"yoast_head":"<!-- This site is optimized with the Yoast SEO Premium plugin v26.8 (Yoast SEO v27.5) - https:\/\/yoast.com\/product\/yoast-seo-premium-wordpress\/ -->\n<title>Yleisk\u00e4ytt\u00f6inen lokasuojan laajennus | T\u00f5uksimaailm | Lisad<\/title>\n<meta name=\"description\" content=\"Universaalne porilaua pikendus (ka tagaporilaua pikendus, pori lapats). Sobib k\u00f5igile elektrit\u00f5ukeratastele ja ka jalgratastele\" \/>\n<meta name=\"robots\" content=\"index, follow, max-snippet:-1, max-image-preview:large, max-video-preview:-1\" \/>\n<link rel=\"canonical\" href=\"https:\/\/www.xn--tuksimaailm-ffb.ee\/fi\/shop\/yleiskayttoinen-lokasuojan-laajennus\/\" \/>\n<meta property=\"og:locale\" content=\"fi_FI\" \/>\n<meta property=\"og:type\" content=\"article\" \/>\n<meta property=\"og:title\" content=\"Yleisk\u00e4ytt\u00f6inen lokasuojan laajennus\" \/>\n<meta property=\"og:description\" content=\"Universaalne porilaua pikendus (ka tagaporilaua pikendus, pori lapats). Sobib k\u00f5igile elektrit\u00f5ukeratastele ja ka jalgratastele\" \/>\n<meta property=\"og:url\" content=\"https:\/\/www.xn--tuksimaailm-ffb.ee\/fi\/shop\/yleiskayttoinen-lokasuojan-laajennus\/\" \/>\n<meta property=\"og:site_name\" content=\"T\u00f5uksimaailm\" \/>\n<meta property=\"article:publisher\" content=\"https:\/\/www.facebook.com\/touksimaailm\/\" \/>\n<meta property=\"article:modified_time\" content=\"2025-02-07T08:06:46+00:00\" \/>\n<meta property=\"og:image\" content=\"https:\/\/www.XN--TUKSIMAAILM-FFB.EE\/wp-content\/uploads\/2024\/01\/Screenshot-2024-01-23-151233.png\" \/>\n\t<meta property=\"og:image:width\" content=\"457\" \/>\n\t<meta property=\"og:image:height\" content=\"437\" \/>\n\t<meta property=\"og:image:type\" content=\"image\/png\" \/>\n<meta name=\"twitter:card\" content=\"summary_large_image\" \/>\n<meta name=\"twitter:label1\" content=\"Hinta\" \/>\n\t<meta name=\"twitter:data1\" content=\"&euro;19.00\" \/>\n\t<meta name=\"twitter:label2\" content=\"Saatavuus\" \/>\n\t<meta name=\"twitter:data2\" content=\"Varastossa\" \/>\n<meta property=\"product:price:amount\" content=\"19.00\" \/>\n<meta property=\"product:price:currency\" content=\"EUR\" \/>\n<meta property=\"og:availability\" content=\"instock\" \/>\n<meta property=\"product:availability\" content=\"instock\" \/>\n<meta property=\"product:condition\" content=\"new\" \/>\n<!-- \/ Yoast SEO Premium plugin. -->","yoast_head_json":{"title":"Yleisk\u00e4ytt\u00f6inen lokasuojan laajennus | T\u00f5uksimaailm | Lisad","description":"Universaalne porilaua pikendus (ka tagaporilaua pikendus, pori lapats). Sobib k\u00f5igile elektrit\u00f5ukeratastele ja ka jalgratastele","robots":{"index":"index","follow":"follow","max-snippet":"max-snippet:-1","max-image-preview":"max-image-preview:large","max-video-preview":"max-video-preview:-1"},"canonical":"https:\/\/www.xn--tuksimaailm-ffb.ee\/fi\/shop\/yleiskayttoinen-lokasuojan-laajennus\/","og_locale":"fi_FI","og_type":"article","og_title":"Yleisk\u00e4ytt\u00f6inen lokasuojan laajennus","og_description":"Universaalne porilaua pikendus (ka tagaporilaua pikendus, pori lapats). Sobib k\u00f5igile elektrit\u00f5ukeratastele ja ka jalgratastele","og_url":"https:\/\/www.xn--tuksimaailm-ffb.ee\/fi\/shop\/yleiskayttoinen-lokasuojan-laajennus\/","og_site_name":"T\u00f5uksimaailm","article_publisher":"https:\/\/www.facebook.com\/touksimaailm\/","article_modified_time":"2025-02-07T08:06:46+00:00","og_image":[{"width":457,"height":437,"url":"https:\/\/www.XN--TUKSIMAAILM-FFB.EE\/wp-content\/uploads\/2024\/01\/Screenshot-2024-01-23-151233.png","type":"image\/png"}],"twitter_card":"summary_large_image","twitter_misc":{"Hinta":"&euro;19.00","Saatavuus":"Varastossa"},"schema":{"@context":"https:\/\/schema.org","@graph":[{"@type":"WebPage","@id":"https:\/\/www.xn--tuksimaailm-ffb.ee\/fi\/shop\/yleiskayttoinen-lokasuojan-laajennus\/","url":"https:\/\/www.xn--tuksimaailm-ffb.ee\/fi\/shop\/yleiskayttoinen-lokasuojan-laajennus\/","name":"Yleisk\u00e4ytt\u00f6inen lokasuojan laajennus | T\u00f5uksimaailm | Lisad","isPartOf":{"@id":"https:\/\/www.xn--tuksimaailm-ffb.ee\/fi\/#website"},"primaryImageOfPage":{"@id":"https:\/\/www.xn--tuksimaailm-ffb.ee\/fi\/shop\/yleiskayttoinen-lokasuojan-laajennus\/#primaryimage"},"image":{"@id":"https:\/\/www.xn--tuksimaailm-ffb.ee\/fi\/shop\/yleiskayttoinen-lokasuojan-laajennus\/#primaryimage"},"thumbnailUrl":"https:\/\/www.xn--tuksimaailm-ffb.ee\/wp-content\/uploads\/2024\/01\/Screenshot-2024-01-23-151233.png","datePublished":"2024-01-23T12:37:33+00:00","dateModified":"2025-02-07T08:06:46+00:00","description":"Universaalne porilaua pikendus (ka tagaporilaua pikendus, pori lapats). Sobib k\u00f5igile elektrit\u00f5ukeratastele ja ka jalgratastele","breadcrumb":{"@id":"https:\/\/www.xn--tuksimaailm-ffb.ee\/fi\/shop\/yleiskayttoinen-lokasuojan-laajennus\/#breadcrumb"},"inLanguage":"fi","potentialAction":[{"@type":"ReadAction","target":["https:\/\/www.xn--tuksimaailm-ffb.ee\/fi\/shop\/yleiskayttoinen-lokasuojan-laajennus\/"]}]},{"@type":"ImageObject","inLanguage":"fi","@id":"https:\/\/www.xn--tuksimaailm-ffb.ee\/fi\/shop\/yleiskayttoinen-lokasuojan-laajennus\/#primaryimage","url":"https:\/\/www.xn--tuksimaailm-ffb.ee\/wp-content\/uploads\/2024\/01\/Screenshot-2024-01-23-151233.png","contentUrl":"https:\/\/www.xn--tuksimaailm-ffb.ee\/wp-content\/uploads\/2024\/01\/Screenshot-2024-01-23-151233.png","width":457,"height":437,"caption":"Universaalne porilaua pikendus"},{"@type":"BreadcrumbList","@id":"https:\/\/www.xn--tuksimaailm-ffb.ee\/fi\/shop\/yleiskayttoinen-lokasuojan-laajennus\/#breadcrumb","itemListElement":[{"@type":"ListItem","position":1,"name":"Home","item":"https:\/\/www.xn--tuksimaailm-ffb.ee\/fi\/kotisivu\/"},{"@type":"ListItem","position":2,"name":"Kauppa","item":"https:\/\/www.xn--tuksimaailm-ffb.ee\/elektritoukerataste-pood\/"},{"@type":"ListItem","position":3,"name":"Yleisk\u00e4ytt\u00f6inen lokasuojan laajennus"}]},{"@type":"WebSite","@id":"https:\/\/www.xn--tuksimaailm-ffb.ee\/fi\/#website","url":"https:\/\/www.xn--tuksimaailm-ffb.ee\/fi\/","name":"T\u00f5uksimaailm","description":"Elektrit\u00f5ukerataste m\u00fc\u00fck, remont ja rent","publisher":{"@id":"https:\/\/www.xn--tuksimaailm-ffb.ee\/fi\/#organization"},"potentialAction":[{"@type":"SearchAction","target":{"@type":"EntryPoint","urlTemplate":"https:\/\/www.xn--tuksimaailm-ffb.ee\/fi\/?s={search_term_string}"},"query-input":{"@type":"PropertyValueSpecification","valueRequired":true,"valueName":"search_term_string"}}],"inLanguage":"fi"},{"@type":"Organization","@id":"https:\/\/www.xn--tuksimaailm-ffb.ee\/fi\/#organization","name":"T\u00f5uksimaailm","url":"https:\/\/www.xn--tuksimaailm-ffb.ee\/fi\/","logo":{"@type":"ImageObject","inLanguage":"fi","@id":"https:\/\/www.xn--tuksimaailm-ffb.ee\/fi\/#\/schema\/logo\/image\/","url":"https:\/\/www.xn--tuksimaailm-ffb.ee\/wp-content\/uploads\/2020\/01\/logoz-e1579792875517.png","contentUrl":"https:\/\/www.xn--tuksimaailm-ffb.ee\/wp-content\/uploads\/2020\/01\/logoz-e1579792875517.png","width":250,"height":250,"caption":"T\u00f5uksimaailm"},"image":{"@id":"https:\/\/www.xn--tuksimaailm-ffb.ee\/fi\/#\/schema\/logo\/image\/"},"sameAs":["https:\/\/www.facebook.com\/touksimaailm\/","https:\/\/www.instagram.com\/touksimaailm_\/","https:\/\/www.youtube.com\/channel\/UC18ml0EKIDLP1xGuQjFzcXQ"]}]},"product_price_amount":"19.00","product_price_currency":"EUR","og_availability":"instock","product_availability":"instock","product_condition":"new"},"jetpack_sharing_enabled":true,"_links":{"self":[{"href":"https:\/\/www.xn--tuksimaailm-ffb.ee\/fi\/wp-json\/wp\/v2\/product\/53658","targetHints":{"allow":["GET"]}}],"collection":[{"href":"https:\/\/www.xn--tuksimaailm-ffb.ee\/fi\/wp-json\/wp\/v2\/product"}],"about":[{"href":"https:\/\/www.xn--tuksimaailm-ffb.ee\/fi\/wp-json\/wp\/v2\/types\/product"}],"wp:featuredmedia":[{"embeddable":true,"href":"https:\/\/www.xn--tuksimaailm-ffb.ee\/fi\/wp-json\/wp\/v2\/media\/40883"}],"wp:attachment":[{"href":"https:\/\/www.xn--tuksimaailm-ffb.ee\/fi\/wp-json\/wp\/v2\/media?parent=53658"}],"wp:term":[{"taxonomy":"product_brand","embeddable":true,"href":"https:\/\/www.xn--tuksimaailm-ffb.ee\/fi\/wp-json\/wp\/v2\/product_brand?post=53658"},{"taxonomy":"product_cat","embeddable":true,"href":"https:\/\/www.xn--tuksimaailm-ffb.ee\/fi\/wp-json\/wp\/v2\/product_cat?post=53658"},{"taxonomy":"product_tag","embeddable":true,"href":"https:\/\/www.xn--tuksimaailm-ffb.ee\/fi\/wp-json\/wp\/v2\/product_tag?post=53658"},{"taxonomy":"filter_elektritoukeratas","embeddable":true,"href":"https:\/\/www.xn--tuksimaailm-ffb.ee\/fi\/wp-json\/wp\/v2\/filter_elektritoukeratas?post=53658"}],"curies":[{"name":"wp","href":"https:\/\/api.w.org\/{rel}","templated":true}]}}