{"id":53750,"date":"2023-01-07T17:08:31","date_gmt":"2023-01-07T15:08:31","guid":{"rendered":"http:\/\/www.xn--tuksimaailm-ffb.ee\/shop\/taitettava-rikkoutuva-linssi-sahkoskootterille\/"},"modified":"2023-01-07T17:08:31","modified_gmt":"2023-01-07T14:08:31","slug":"taitettava-rikkoutuva-linssi-sahkoskootterille","status":"publish","type":"product","link":"https:\/\/www.xn--tuksimaailm-ffb.ee\/fi\/shop\/taitettava-rikkoutuva-linssi-sahkoskootterille\/","title":{"rendered":"Taitettava rikkoutuva linssi s\u00e4hk\u00f6skootterille"},"content":{"rendered":"<p>Laadukas ja vahva kiinnitett\u00e4v\u00e4, kuluminen ja repeytyminen vapaa taitettava \/ s\u00e4rkyv\u00e4 \/ pakattava linssi s\u00e4hk\u00f6k\u00e4ytt\u00f6iselle skootterille. Varren halkaisija 25,4mm tai 31,8mm. Sopii esim. seuraaviin: Inokim OX Hero \/ Super \/ OXO, Vsett 10+, Vsett 11+, Zero 10X, Techlife X7.<\/p>\n","protected":false},"excerpt":{"rendered":"<p>Laadukas ja vahva kiinnitett\u00e4v\u00e4, kuluminen ja repeytyminen vapaa taitettava \/ s\u00e4rkyv\u00e4 \/ pakattava linssi s\u00e4hk\u00f6k\u00e4ytt\u00f6iselle skootterille. Varren halkaisija 25,4mm tai 31,8mm. Sopii esim. seuraaviin: Inokim OX Hero \/ Super \/ OXO, Vsett 10+, Vsett 11+, Zero 10X, Techlife X7.<\/p>\n","protected":false},"featured_media":27077,"template":"","meta":[],"product_brand":[],"product_cat":[1698],"product_tag":[1700],"filter_elektritoukeratas":[2707,2706,2714,2715,2720,2726,2725,2727,2724,2728,2681,2678,2679,2680,2671,2672,2670,2669,2673,2674,2675,2676,2677,2743,2742,2755,2646,2602,2645,2648,2647,2750],"class_list":{"0":"post-53750","1":"product","2":"type-product","3":"status-publish","4":"has-post-thumbnail","6":"product_cat-varaosat","7":"product_tag-universal-sahkoskootterin-varaosat","8":"pa_size-keskiosuus-25-4mm-x-pituus-680mm","9":"pa_tootetuup-lenksud-lenksutorud-poomid","10":"pa_tootetuup-universal-sahkoskootterin-varaosat","11":"filter_elektritoukeratas-ft_gpad_f3_max","12":"filter_elektritoukeratas-ft_gpad_storm","13":"filter_elektritoukeratas-ft_inokim_ox_eco_hero_super","14":"filter_elektritoukeratas-ft_inokim_oxo","15":"filter_elektritoukeratas-ft_joyor_s5_s10-s_s_pro","16":"filter_elektritoukeratas-ft_kaabo_mantis_10","17":"filter_elektritoukeratas-ft_kaabo_mantis_8","18":"filter_elektritoukeratas-ft_kaabo_mantis_king_gt","19":"filter_elektritoukeratas-ft_kaabo_skywalker","20":"filter_elektritoukeratas-ft_kaabo_wolf","21":"filter_elektritoukeratas-ft_kugoo_c1_c1_pro","22":"filter_elektritoukeratas-ft_kugoo_g_booster","23":"filter_elektritoukeratas-ft_kugoo_g1","24":"filter_elektritoukeratas-ft_kugoo_g1_pro","25":"filter_elektritoukeratas-ft_kugoo_g2","26":"filter_elektritoukeratas-ft_kugoo_g2_master","27":"filter_elektritoukeratas-ft_kugoo_g2_max","28":"filter_elektritoukeratas-ft_kugoo_g2_pro","29":"filter_elektritoukeratas-ft_kugoo_g3","30":"filter_elektritoukeratas-ft_kugoo_g3_pro","31":"filter_elektritoukeratas-ft_kugoo_g4","32":"filter_elektritoukeratas-ft_kugoo_g4_max","33":"filter_elektritoukeratas-ft_kugoo_m5_pro","34":"filter_elektritoukeratas-ft_nanrobot_ls7plus","35":"filter_elektritoukeratas-ft_nanrobot_n6","36":"filter_elektritoukeratas-ft_techlife_x7_x7_lite_x7s","37":"filter_elektritoukeratas-ft_vsett_10_plus","38":"filter_elektritoukeratas-ft_vsett_11_plus","39":"filter_elektritoukeratas-ft_vsett_11_plus_super","40":"filter_elektritoukeratas-ft_vsett_8_8_plus","41":"filter_elektritoukeratas-ft_vsett_9_9_plus","42":"filter_elektritoukeratas-ft_zero_10x","44":"first","45":"instock","46":"taxable","47":"shipping-taxable","48":"purchasable","49":"product-type-variable"},"yoast_head":"<!-- This site is optimized with the Yoast SEO Premium plugin v26.8 (Yoast SEO v27.5) - https:\/\/yoast.com\/product\/yoast-seo-premium-wordpress\/ -->\n<title>Taitettava rikkoutuva linssi s\u00e4hk\u00f6skootterille | T\u00f5uksimaailm<\/title>\n<meta name=\"description\" content=\"Kvaliteetne ja tugevasti fikseeritav, kulumis-ja l\u00f5tkuvaba kokku klapitav murtav pakitav lenks elektrit\u00f5ukerattale. Kinnituse diameeter 25,4mm v\u00f5i 31,8mm.\" \/>\n<meta name=\"robots\" content=\"index, follow, max-snippet:-1, max-image-preview:large, max-video-preview:-1\" \/>\n<link rel=\"canonical\" href=\"https:\/\/www.xn--tuksimaailm-ffb.ee\/fi\/shop\/taitettava-rikkoutuva-linssi-sahkoskootterille\/\" \/>\n<meta property=\"og:locale\" content=\"fi_FI\" \/>\n<meta property=\"og:type\" content=\"article\" \/>\n<meta property=\"og:title\" content=\"Taitettava rikkoutuva linssi s\u00e4hk\u00f6skootterille\" \/>\n<meta property=\"og:description\" content=\"Kvaliteetne ja tugevasti fikseeritav, kulumis-ja l\u00f5tkuvaba kokku klapitav murtav pakitav lenks elektrit\u00f5ukerattale. Kinnituse diameeter 25,4mm v\u00f5i 31,8mm.\" \/>\n<meta property=\"og:url\" content=\"https:\/\/www.xn--tuksimaailm-ffb.ee\/fi\/shop\/taitettava-rikkoutuva-linssi-sahkoskootterille\/\" \/>\n<meta property=\"og:site_name\" content=\"T\u00f5uksimaailm\" \/>\n<meta property=\"article:publisher\" content=\"https:\/\/www.facebook.com\/touksimaailm\/\" \/>\n<meta property=\"og:image\" content=\"https:\/\/www.xn--tuksimaailm-ffb.ee\/wp-content\/uploads\/2023\/01\/Kokku-klapitav-murtav-pakitav-lenks-elektritoukerattale.png\" \/>\n\t<meta property=\"og:image:width\" content=\"1088\" \/>\n\t<meta property=\"og:image:height\" content=\"1074\" \/>\n\t<meta property=\"og:image:type\" content=\"image\/png\" \/>\n<meta name=\"twitter:card\" content=\"summary_large_image\" \/>\n<meta name=\"twitter:label1\" content=\"Saatavuus\" \/>\n\t<meta name=\"twitter:data1\" content=\"Varastossa\" \/>\n<meta property=\"og:availability\" content=\"instock\" \/>\n<meta property=\"product:availability\" content=\"instock\" \/>\n<meta property=\"product:condition\" content=\"new\" \/>\n<!-- \/ Yoast SEO Premium plugin. -->","yoast_head_json":{"title":"Taitettava rikkoutuva linssi s\u00e4hk\u00f6skootterille | T\u00f5uksimaailm","description":"Kvaliteetne ja tugevasti fikseeritav, kulumis-ja l\u00f5tkuvaba kokku klapitav murtav pakitav lenks elektrit\u00f5ukerattale. Kinnituse diameeter 25,4mm v\u00f5i 31,8mm.","robots":{"index":"index","follow":"follow","max-snippet":"max-snippet:-1","max-image-preview":"max-image-preview:large","max-video-preview":"max-video-preview:-1"},"canonical":"https:\/\/www.xn--tuksimaailm-ffb.ee\/fi\/shop\/taitettava-rikkoutuva-linssi-sahkoskootterille\/","og_locale":"fi_FI","og_type":"article","og_title":"Taitettava rikkoutuva linssi s\u00e4hk\u00f6skootterille","og_description":"Kvaliteetne ja tugevasti fikseeritav, kulumis-ja l\u00f5tkuvaba kokku klapitav murtav pakitav lenks elektrit\u00f5ukerattale. Kinnituse diameeter 25,4mm v\u00f5i 31,8mm.","og_url":"https:\/\/www.xn--tuksimaailm-ffb.ee\/fi\/shop\/taitettava-rikkoutuva-linssi-sahkoskootterille\/","og_site_name":"T\u00f5uksimaailm","article_publisher":"https:\/\/www.facebook.com\/touksimaailm\/","og_image":[{"width":1088,"height":1074,"url":"https:\/\/www.xn--tuksimaailm-ffb.ee\/wp-content\/uploads\/2023\/01\/Kokku-klapitav-murtav-pakitav-lenks-elektritoukerattale.png","type":"image\/png"}],"twitter_card":"summary_large_image","twitter_misc":{"Saatavuus":"Varastossa"},"schema":{"@context":"https:\/\/schema.org","@graph":[{"@type":"WebPage","@id":"https:\/\/www.xn--tuksimaailm-ffb.ee\/fi\/shop\/taitettava-rikkoutuva-linssi-sahkoskootterille\/","url":"https:\/\/www.xn--tuksimaailm-ffb.ee\/fi\/shop\/taitettava-rikkoutuva-linssi-sahkoskootterille\/","name":"Taitettava rikkoutuva linssi s\u00e4hk\u00f6skootterille | T\u00f5uksimaailm","isPartOf":{"@id":"https:\/\/www.xn--tuksimaailm-ffb.ee\/fi\/#website"},"primaryImageOfPage":{"@id":"https:\/\/www.xn--tuksimaailm-ffb.ee\/fi\/shop\/taitettava-rikkoutuva-linssi-sahkoskootterille\/#primaryimage"},"image":{"@id":"https:\/\/www.xn--tuksimaailm-ffb.ee\/fi\/shop\/taitettava-rikkoutuva-linssi-sahkoskootterille\/#primaryimage"},"thumbnailUrl":"https:\/\/www.xn--tuksimaailm-ffb.ee\/wp-content\/uploads\/2023\/01\/Kokku-klapitav-murtav-pakitav-lenks-elektritoukerattale.png","datePublished":"2023-01-07T15:08:31+00:00","description":"Kvaliteetne ja tugevasti fikseeritav, kulumis-ja l\u00f5tkuvaba kokku klapitav murtav pakitav lenks elektrit\u00f5ukerattale. Kinnituse diameeter 25,4mm v\u00f5i 31,8mm.","breadcrumb":{"@id":"https:\/\/www.xn--tuksimaailm-ffb.ee\/fi\/shop\/taitettava-rikkoutuva-linssi-sahkoskootterille\/#breadcrumb"},"inLanguage":"fi","potentialAction":[{"@type":"ReadAction","target":["https:\/\/www.xn--tuksimaailm-ffb.ee\/fi\/shop\/taitettava-rikkoutuva-linssi-sahkoskootterille\/"]}]},{"@type":"ImageObject","inLanguage":"fi","@id":"https:\/\/www.xn--tuksimaailm-ffb.ee\/fi\/shop\/taitettava-rikkoutuva-linssi-sahkoskootterille\/#primaryimage","url":"https:\/\/www.xn--tuksimaailm-ffb.ee\/wp-content\/uploads\/2023\/01\/Kokku-klapitav-murtav-pakitav-lenks-elektritoukerattale.png","contentUrl":"https:\/\/www.xn--tuksimaailm-ffb.ee\/wp-content\/uploads\/2023\/01\/Kokku-klapitav-murtav-pakitav-lenks-elektritoukerattale.png","width":1088,"height":1074,"caption":"Kokku klapitav murtav pakitav lenks elektrit\u00f5ukerattale"},{"@type":"BreadcrumbList","@id":"https:\/\/www.xn--tuksimaailm-ffb.ee\/fi\/shop\/taitettava-rikkoutuva-linssi-sahkoskootterille\/#breadcrumb","itemListElement":[{"@type":"ListItem","position":1,"name":"Home","item":"https:\/\/www.xn--tuksimaailm-ffb.ee\/fi\/kotisivu\/"},{"@type":"ListItem","position":2,"name":"Kauppa","item":"https:\/\/www.xn--tuksimaailm-ffb.ee\/elektritoukerataste-pood\/"},{"@type":"ListItem","position":3,"name":"Taitettava rikkoutuva linssi s\u00e4hk\u00f6skootterille"}]},{"@type":"WebSite","@id":"https:\/\/www.xn--tuksimaailm-ffb.ee\/fi\/#website","url":"https:\/\/www.xn--tuksimaailm-ffb.ee\/fi\/","name":"T\u00f5uksimaailm","description":"Elektrit\u00f5ukerataste m\u00fc\u00fck, remont ja rent","publisher":{"@id":"https:\/\/www.xn--tuksimaailm-ffb.ee\/fi\/#organization"},"potentialAction":[{"@type":"SearchAction","target":{"@type":"EntryPoint","urlTemplate":"https:\/\/www.xn--tuksimaailm-ffb.ee\/fi\/?s={search_term_string}"},"query-input":{"@type":"PropertyValueSpecification","valueRequired":true,"valueName":"search_term_string"}}],"inLanguage":"fi"},{"@type":"Organization","@id":"https:\/\/www.xn--tuksimaailm-ffb.ee\/fi\/#organization","name":"T\u00f5uksimaailm","url":"https:\/\/www.xn--tuksimaailm-ffb.ee\/fi\/","logo":{"@type":"ImageObject","inLanguage":"fi","@id":"https:\/\/www.xn--tuksimaailm-ffb.ee\/fi\/#\/schema\/logo\/image\/","url":"https:\/\/www.xn--tuksimaailm-ffb.ee\/wp-content\/uploads\/2020\/01\/logoz-e1579792875517.png","contentUrl":"https:\/\/www.xn--tuksimaailm-ffb.ee\/wp-content\/uploads\/2020\/01\/logoz-e1579792875517.png","width":250,"height":250,"caption":"T\u00f5uksimaailm"},"image":{"@id":"https:\/\/www.xn--tuksimaailm-ffb.ee\/fi\/#\/schema\/logo\/image\/"},"sameAs":["https:\/\/www.facebook.com\/touksimaailm\/","https:\/\/www.instagram.com\/touksimaailm_\/","https:\/\/www.youtube.com\/channel\/UC18ml0EKIDLP1xGuQjFzcXQ"]}]},"og_availability":"instock","product_availability":"instock","product_condition":"new"},"jetpack_sharing_enabled":true,"_links":{"self":[{"href":"https:\/\/www.xn--tuksimaailm-ffb.ee\/fi\/wp-json\/wp\/v2\/product\/53750","targetHints":{"allow":["GET"]}}],"collection":[{"href":"https:\/\/www.xn--tuksimaailm-ffb.ee\/fi\/wp-json\/wp\/v2\/product"}],"about":[{"href":"https:\/\/www.xn--tuksimaailm-ffb.ee\/fi\/wp-json\/wp\/v2\/types\/product"}],"wp:featuredmedia":[{"embeddable":true,"href":"https:\/\/www.xn--tuksimaailm-ffb.ee\/fi\/wp-json\/wp\/v2\/media\/27077"}],"wp:attachment":[{"href":"https:\/\/www.xn--tuksimaailm-ffb.ee\/fi\/wp-json\/wp\/v2\/media?parent=53750"}],"wp:term":[{"taxonomy":"product_brand","embeddable":true,"href":"https:\/\/www.xn--tuksimaailm-ffb.ee\/fi\/wp-json\/wp\/v2\/product_brand?post=53750"},{"taxonomy":"product_cat","embeddable":true,"href":"https:\/\/www.xn--tuksimaailm-ffb.ee\/fi\/wp-json\/wp\/v2\/product_cat?post=53750"},{"taxonomy":"product_tag","embeddable":true,"href":"https:\/\/www.xn--tuksimaailm-ffb.ee\/fi\/wp-json\/wp\/v2\/product_tag?post=53750"},{"taxonomy":"filter_elektritoukeratas","embeddable":true,"href":"https:\/\/www.xn--tuksimaailm-ffb.ee\/fi\/wp-json\/wp\/v2\/filter_elektritoukeratas?post=53750"}],"curies":[{"name":"wp","href":"https:\/\/api.w.org\/{rel}","templated":true}]}}