{"id":53755,"date":"2023-01-05T20:24:18","date_gmt":"2023-01-05T18:24:18","guid":{"rendered":"http:\/\/www.xn--tuksimaailm-ffb.ee\/shop\/anchtek-kahvanlammitin-lammitys-usb\/"},"modified":"2023-01-05T20:24:18","modified_gmt":"2023-01-05T17:24:18","slug":"anchtek-kahvanlammitin-lammitys-usb","status":"publish","type":"product","link":"https:\/\/www.xn--tuksimaailm-ffb.ee\/fi\/shop\/anchtek-kahvanlammitin-lammitys-usb\/","title":{"rendered":"Anchtek Kahvanl\u00e4mmitin L\u00e4mmitys USB"},"content":{"rendered":"<div class=\"flex flex-grow flex-col gap-3\">\n<div class=\"min-h-[20px] flex flex-col items-start gap-4 whitespace-pre-wrap\">\n<div class=\"markdown prose w-full break-words dark:prose-invert light\">\n<p>Anchtek kahvanl\u00e4mmitin \/ s\u00e4hk\u00f6l\u00e4mmitin \/ l\u00e4mmitetyt kahvat. S\u00e4hk\u00f6iset parametrit - k\u00e4ytt\u00f6j\u00e4nnite <strong>5V<\/strong>, k\u00e4ytt\u00f6virta <strong>2A<\/strong>, teho <strong>10W<\/strong>. Anchtek-k\u00e4sikahvasarja on <strong>USB-k\u00e4ytt\u00f6inen<\/strong> \/ ladattava ja sarjassa on <strong>6 eri l\u00e4mp\u00f6astetta (nopeus - virrankulutus)<\/strong>. Anchtek kahvanl\u00e4mmitin USB-l\u00e4mmitin auttaa sinua k\u00e4ytt\u00e4m\u00e4\u00e4n s\u00e4hk\u00f6skootteria tai moottoripy\u00f6r\u00e4\u00e4si talvella ilman, ett\u00e4 k\u00e4det j\u00e4\u00e4tyv\u00e4t. S\u00e4hk\u00f6k\u00e4densijat voidaan ladata linssiin kiinnitetyn USB-portin kautta, <a href=\"http:\/\/www.xn--tuksimaailm-ffb.ee\/shop\/akupank-telefonihoidja-esitule-ja-signaaliga-jalgrattale\/\">akkupankkipuhelimen pidikkeen<\/a> USB-portin kautta tai <a href=\"http:\/\/www.xn--tuksimaailm-ffb.ee\/shop\/qs-s4-ekraan-display-elektritoukeratas-gpad-storm\/\">QS-S4<\/a> (tai vastaavan) n\u00e4yt\u00f6n takana olevan USB-portin kautta. Jos haluat saada virtaa muualta tai rakentaa erikoisratkaisun, ota rohkeasti yhteytt\u00e4 <a href=\"http:\/\/www.xn--tuksimaailm-ffb.ee\/elektrilise-toukeratta-remont\/\">korjaamoon<\/a>.<\/p>\n<p>Tekniset tiedot:<\/p>\n<p>Malli: zh-974G1<br \/>\nV\u00e4ri: musta<br \/>\nMateriali: PET-metalli l\u00e4mp\u00f6kalvo + Kafela yll\u00e4\u00e4n kangas<br \/>\nPaino: 94 g<br \/>\nKoko: 12,1 x 3,6 x 16,1 cm<br \/>\nK\u00e4ytt\u00f6j\u00e4nnite: DC 5V<br \/>\nTuotteen koko + johdon pituus: l\u00e4mp\u00f6levyjen pituus 12,8 cm, leveys 10 cm; l\u00e4mp\u00f6levyjen et\u00e4isyys kytkimest\u00e4 on\u00a0104 cm<br \/>\nK\u00e4ytt\u00f6l\u00e4mp\u00f6tila: -30 \u00b0 C ... +70 \u00b0 C<\/p>\n<p>Tuotteen l\u00e4mp\u00f6tilan s\u00e4\u00e4t\u00f6arvo valitussa tilassa:<br \/>\nEnsimm\u00e4inen aste\u00a0(punainen): \u00b1 95 \u00b0 C<br \/>\nToinen aste (oranssi): \u00b1 80 \u00b0 C<br \/>\nKolmas aste (keltainen): \u00b1 65 \u00b0 C<br \/>\nNelj\u00e4s aste (vihre\u00e4): \u00b1 60 \u00b0 C<br \/>\nViides aste (sininen): \u00b1 50 \u00b0 C<br \/>\nKuudes aste (vaalea): t\u00e4m\u00e4 aste on tyhj\u00e4, virtaa ei anneta, l\u00e4mp\u00f6tila: 0 \u00b0 C<\/p>\n<\/div>\n<\/div>\n<\/div>\n","protected":false},"excerpt":{"rendered":"<p>Anchtek kahvanl\u00e4mmitin \/ s\u00e4hk\u00f6l\u00e4mmitin \/ l\u00e4mmitetyt kahvat. S\u00e4hk\u00f6iset parametrit - k\u00e4ytt\u00f6j\u00e4nnite 5V, k\u00e4ytt\u00f6virta 2A, teho 10W. Anchtek-k\u00e4sikahvasarja on USB-k\u00e4ytt\u00f6inen \/ ladattava ja sarjassa on 6 eri l\u00e4mp\u00f6astetta (nopeus - virrankulutus). Anchtek kahvanl\u00e4mmitin USB-l\u00e4mmitin auttaa sinua k\u00e4ytt\u00e4m\u00e4\u00e4n s\u00e4hk\u00f6skootteria tai moottoripy\u00f6r\u00e4\u00e4si talvella ilman, ett\u00e4 k\u00e4det j\u00e4\u00e4tyv\u00e4t. S\u00e4hk\u00f6k\u00e4densijat voidaan ladata linssiin kiinnitetyn USB-portin &hellip;<\/p>\n","protected":false},"featured_media":26487,"template":"","meta":[],"product_brand":[],"product_cat":[1697],"product_tag":[],"filter_elektritoukeratas":[],"class_list":{"0":"post-53755","1":"product","2":"type-product","3":"status-publish","4":"has-post-thumbnail","6":"product_cat-lisavarusteet","7":"pa_tootetuup-kaepidemed-fi","9":"first","10":"outofstock","11":"taxable","12":"shipping-taxable","13":"purchasable","14":"product-type-simple"},"yoast_head":"<!-- This site is optimized with the Yoast SEO Premium plugin v26.8 (Yoast SEO v27.5) - https:\/\/yoast.com\/product\/yoast-seo-premium-wordpress\/ -->\n<title>Anchtek Kahvanl\u00e4mmitin L\u00e4mmitys USB | T\u00f5uksimaailm<\/title>\n<meta name=\"description\" content=\"Anchtek k\u00e4epidemete k\u00fctteseade \/ elektriline soojendus \/ soojendusega gripid. Elektrilised parameetrid - t\u00f6\u00f6pinge 5V, t\u00f6\u00f6vool 2A, v\u00f5imsus 10W.\" \/>\n<meta name=\"robots\" content=\"index, follow, max-snippet:-1, max-image-preview:large, max-video-preview:-1\" \/>\n<link rel=\"canonical\" href=\"https:\/\/www.xn--tuksimaailm-ffb.ee\/fi\/shop\/anchtek-kahvanlammitin-lammitys-usb\/\" \/>\n<meta property=\"og:locale\" content=\"fi_FI\" \/>\n<meta property=\"og:type\" content=\"article\" \/>\n<meta property=\"og:title\" content=\"Anchtek Kahvanl\u00e4mmitin L\u00e4mmitys USB\" \/>\n<meta property=\"og:description\" content=\"Anchtek k\u00e4epidemete k\u00fctteseade \/ elektriline soojendus \/ soojendusega gripid. Elektrilised parameetrid - t\u00f6\u00f6pinge 5V, t\u00f6\u00f6vool 2A, v\u00f5imsus 10W.\" \/>\n<meta property=\"og:url\" content=\"https:\/\/www.xn--tuksimaailm-ffb.ee\/fi\/shop\/anchtek-kahvanlammitin-lammitys-usb\/\" \/>\n<meta property=\"og:site_name\" content=\"T\u00f5uksimaailm\" \/>\n<meta property=\"article:publisher\" content=\"https:\/\/www.facebook.com\/touksimaailm\/\" \/>\n<meta property=\"og:image\" content=\"https:\/\/www.xn--tuksimaailm-ffb.ee\/wp-content\/uploads\/2023\/01\/Anchtek.jpg\" \/>\n\t<meta property=\"og:image:width\" content=\"587\" \/>\n\t<meta property=\"og:image:height\" content=\"587\" \/>\n\t<meta property=\"og:image:type\" content=\"image\/jpeg\" \/>\n<meta name=\"twitter:card\" content=\"summary_large_image\" \/>\n<meta name=\"twitter:label1\" content=\"Hinta\" \/>\n\t<meta name=\"twitter:data1\" content=\"&euro;79.00\" \/>\n\t<meta name=\"twitter:label2\" content=\"Saatavuus\" \/>\n\t<meta name=\"twitter:data2\" content=\"Loppu varastosta\" \/>\n<meta property=\"product:price:amount\" content=\"79.00\" \/>\n<meta property=\"product:price:currency\" content=\"EUR\" \/>\n<meta property=\"og:availability\" content=\"out of stock\" \/>\n<meta property=\"product:availability\" content=\"out of stock\" \/>\n<meta property=\"product:condition\" content=\"new\" \/>\n<!-- \/ Yoast SEO Premium plugin. -->","yoast_head_json":{"title":"Anchtek Kahvanl\u00e4mmitin L\u00e4mmitys USB | T\u00f5uksimaailm","description":"Anchtek k\u00e4epidemete k\u00fctteseade \/ elektriline soojendus \/ soojendusega gripid. Elektrilised parameetrid - t\u00f6\u00f6pinge 5V, t\u00f6\u00f6vool 2A, v\u00f5imsus 10W.","robots":{"index":"index","follow":"follow","max-snippet":"max-snippet:-1","max-image-preview":"max-image-preview:large","max-video-preview":"max-video-preview:-1"},"canonical":"https:\/\/www.xn--tuksimaailm-ffb.ee\/fi\/shop\/anchtek-kahvanlammitin-lammitys-usb\/","og_locale":"fi_FI","og_type":"article","og_title":"Anchtek Kahvanl\u00e4mmitin L\u00e4mmitys USB","og_description":"Anchtek k\u00e4epidemete k\u00fctteseade \/ elektriline soojendus \/ soojendusega gripid. Elektrilised parameetrid - t\u00f6\u00f6pinge 5V, t\u00f6\u00f6vool 2A, v\u00f5imsus 10W.","og_url":"https:\/\/www.xn--tuksimaailm-ffb.ee\/fi\/shop\/anchtek-kahvanlammitin-lammitys-usb\/","og_site_name":"T\u00f5uksimaailm","article_publisher":"https:\/\/www.facebook.com\/touksimaailm\/","og_image":[{"width":587,"height":587,"url":"https:\/\/www.xn--tuksimaailm-ffb.ee\/wp-content\/uploads\/2023\/01\/Anchtek.jpg","type":"image\/jpeg"}],"twitter_card":"summary_large_image","twitter_misc":{"Hinta":"&euro;79.00","Saatavuus":"Loppu varastosta"},"schema":{"@context":"https:\/\/schema.org","@graph":[{"@type":"WebPage","@id":"https:\/\/www.xn--tuksimaailm-ffb.ee\/fi\/shop\/anchtek-kahvanlammitin-lammitys-usb\/","url":"https:\/\/www.xn--tuksimaailm-ffb.ee\/fi\/shop\/anchtek-kahvanlammitin-lammitys-usb\/","name":"Anchtek Kahvanl\u00e4mmitin L\u00e4mmitys USB | T\u00f5uksimaailm","isPartOf":{"@id":"https:\/\/www.xn--tuksimaailm-ffb.ee\/fi\/#website"},"primaryImageOfPage":{"@id":"https:\/\/www.xn--tuksimaailm-ffb.ee\/fi\/shop\/anchtek-kahvanlammitin-lammitys-usb\/#primaryimage"},"image":{"@id":"https:\/\/www.xn--tuksimaailm-ffb.ee\/fi\/shop\/anchtek-kahvanlammitin-lammitys-usb\/#primaryimage"},"thumbnailUrl":"https:\/\/www.xn--tuksimaailm-ffb.ee\/wp-content\/uploads\/2023\/01\/Anchtek.jpg","datePublished":"2023-01-05T18:24:18+00:00","description":"Anchtek k\u00e4epidemete k\u00fctteseade \/ elektriline soojendus \/ soojendusega gripid. Elektrilised parameetrid - t\u00f6\u00f6pinge 5V, t\u00f6\u00f6vool 2A, v\u00f5imsus 10W.","breadcrumb":{"@id":"https:\/\/www.xn--tuksimaailm-ffb.ee\/fi\/shop\/anchtek-kahvanlammitin-lammitys-usb\/#breadcrumb"},"inLanguage":"fi","potentialAction":[{"@type":"ReadAction","target":["https:\/\/www.xn--tuksimaailm-ffb.ee\/fi\/shop\/anchtek-kahvanlammitin-lammitys-usb\/"]}]},{"@type":"ImageObject","inLanguage":"fi","@id":"https:\/\/www.xn--tuksimaailm-ffb.ee\/fi\/shop\/anchtek-kahvanlammitin-lammitys-usb\/#primaryimage","url":"https:\/\/www.xn--tuksimaailm-ffb.ee\/wp-content\/uploads\/2023\/01\/Anchtek.jpg","contentUrl":"https:\/\/www.xn--tuksimaailm-ffb.ee\/wp-content\/uploads\/2023\/01\/Anchtek.jpg","width":587,"height":587,"caption":"Anchtek k\u00e4epidemete k\u00fctteseade soojendus USB laadimisega elektrit\u00f5ukeratas"},{"@type":"BreadcrumbList","@id":"https:\/\/www.xn--tuksimaailm-ffb.ee\/fi\/shop\/anchtek-kahvanlammitin-lammitys-usb\/#breadcrumb","itemListElement":[{"@type":"ListItem","position":1,"name":"Home","item":"https:\/\/www.xn--tuksimaailm-ffb.ee\/fi\/kotisivu\/"},{"@type":"ListItem","position":2,"name":"Kauppa","item":"https:\/\/www.xn--tuksimaailm-ffb.ee\/elektritoukerataste-pood\/"},{"@type":"ListItem","position":3,"name":"Anchtek Kahvanl\u00e4mmitin L\u00e4mmitys USB"}]},{"@type":"WebSite","@id":"https:\/\/www.xn--tuksimaailm-ffb.ee\/fi\/#website","url":"https:\/\/www.xn--tuksimaailm-ffb.ee\/fi\/","name":"T\u00f5uksimaailm","description":"Elektrit\u00f5ukerataste m\u00fc\u00fck, remont ja rent","publisher":{"@id":"https:\/\/www.xn--tuksimaailm-ffb.ee\/fi\/#organization"},"potentialAction":[{"@type":"SearchAction","target":{"@type":"EntryPoint","urlTemplate":"https:\/\/www.xn--tuksimaailm-ffb.ee\/fi\/?s={search_term_string}"},"query-input":{"@type":"PropertyValueSpecification","valueRequired":true,"valueName":"search_term_string"}}],"inLanguage":"fi"},{"@type":"Organization","@id":"https:\/\/www.xn--tuksimaailm-ffb.ee\/fi\/#organization","name":"T\u00f5uksimaailm","url":"https:\/\/www.xn--tuksimaailm-ffb.ee\/fi\/","logo":{"@type":"ImageObject","inLanguage":"fi","@id":"https:\/\/www.xn--tuksimaailm-ffb.ee\/fi\/#\/schema\/logo\/image\/","url":"https:\/\/www.xn--tuksimaailm-ffb.ee\/wp-content\/uploads\/2020\/01\/logoz-e1579792875517.png","contentUrl":"https:\/\/www.xn--tuksimaailm-ffb.ee\/wp-content\/uploads\/2020\/01\/logoz-e1579792875517.png","width":250,"height":250,"caption":"T\u00f5uksimaailm"},"image":{"@id":"https:\/\/www.xn--tuksimaailm-ffb.ee\/fi\/#\/schema\/logo\/image\/"},"sameAs":["https:\/\/www.facebook.com\/touksimaailm\/","https:\/\/www.instagram.com\/touksimaailm_\/","https:\/\/www.youtube.com\/channel\/UC18ml0EKIDLP1xGuQjFzcXQ"]}]},"product_price_amount":"79.00","product_price_currency":"EUR","og_availability":"out of stock","product_availability":"out of stock","product_condition":"new"},"jetpack_sharing_enabled":true,"_links":{"self":[{"href":"https:\/\/www.xn--tuksimaailm-ffb.ee\/fi\/wp-json\/wp\/v2\/product\/53755","targetHints":{"allow":["GET"]}}],"collection":[{"href":"https:\/\/www.xn--tuksimaailm-ffb.ee\/fi\/wp-json\/wp\/v2\/product"}],"about":[{"href":"https:\/\/www.xn--tuksimaailm-ffb.ee\/fi\/wp-json\/wp\/v2\/types\/product"}],"wp:featuredmedia":[{"embeddable":true,"href":"https:\/\/www.xn--tuksimaailm-ffb.ee\/fi\/wp-json\/wp\/v2\/media\/26487"}],"wp:attachment":[{"href":"https:\/\/www.xn--tuksimaailm-ffb.ee\/fi\/wp-json\/wp\/v2\/media?parent=53755"}],"wp:term":[{"taxonomy":"product_brand","embeddable":true,"href":"https:\/\/www.xn--tuksimaailm-ffb.ee\/fi\/wp-json\/wp\/v2\/product_brand?post=53755"},{"taxonomy":"product_cat","embeddable":true,"href":"https:\/\/www.xn--tuksimaailm-ffb.ee\/fi\/wp-json\/wp\/v2\/product_cat?post=53755"},{"taxonomy":"product_tag","embeddable":true,"href":"https:\/\/www.xn--tuksimaailm-ffb.ee\/fi\/wp-json\/wp\/v2\/product_tag?post=53755"},{"taxonomy":"filter_elektritoukeratas","embeddable":true,"href":"https:\/\/www.xn--tuksimaailm-ffb.ee\/fi\/wp-json\/wp\/v2\/filter_elektritoukeratas?post=53755"}],"curies":[{"name":"wp","href":"https:\/\/api.w.org\/{rel}","templated":true}]}}