{"id":53769,"date":"2023-01-04T14:32:04","date_gmt":"2023-01-04T12:32:04","guid":{"rendered":"http:\/\/www.xn--tuksimaailm-ffb.ee\/shop\/monorim-etuiskunvaimennin-xiaomi-pro-2-4-1s-eol\/"},"modified":"2023-01-04T14:32:04","modified_gmt":"2023-01-04T11:32:04","slug":"monorim-etuiskunvaimennin-xiaomi-pro-2-4-1s-eol","status":"publish","type":"product","link":"https:\/\/www.xn--tuksimaailm-ffb.ee\/fi\/shop\/monorim-etuiskunvaimennin-xiaomi-pro-2-4-1s-eol\/","title":{"rendered":"Monorim etuiskunvaimennin Xiaomi Pro 2\/4 1S (EOL)"},"content":{"rendered":"<p>Monorim etuiskunvaimennin (etuisku), sopii suosittuihin s\u00e4hk\u00f6skoottereihin Xiaomi Pro 2 \/ 4, Mi 1S, Essential, 3 Lite, M365.<\/p>\n","protected":false},"excerpt":{"rendered":"<p>Monorim etuiskunvaimennin (etuisku), sopii suosittuihin s\u00e4hk\u00f6skoottereihin Xiaomi Pro 2 \/ 4, Mi 1S, Essential, 3 Lite, M365.<\/p>\n","protected":false},"featured_media":72974,"template":"","meta":[],"product_brand":[],"product_cat":[1697,1698],"product_tag":[],"filter_elektritoukeratas":[2613,2612],"class_list":{"0":"post-53769","1":"product","2":"type-product","3":"status-publish","4":"has-post-thumbnail","6":"product_cat-lisavarusteet","7":"product_cat-varaosat","8":"pa_tootetuup-amordid-fi","9":"filter_elektritoukeratas-ft_xiaomi_1s_mi3_pro_2_3_lite","10":"filter_elektritoukeratas-ft_xiaomi_m365_m365_pro_essential","12":"first","13":"instock","14":"taxable","15":"shipping-taxable","16":"purchasable","17":"product-type-simple"},"yoast_head":"<!-- This site is optimized with the Yoast SEO Premium plugin v26.8 (Yoast SEO v27.5) - https:\/\/yoast.com\/product\/yoast-seo-premium-wordpress\/ -->\n<title>Monorim etuiskunvaimennin Xiaomi Pro 2\/4 1S (EOL) | T\u00f5uksimaailm<\/title>\n<meta name=\"description\" content=\"Monorim esimene amortisaator (esiamort), sobib populaarne elektrit\u00f5ukeratas Xiaomi Pro 2 \/ 4, Mi 1S, Essential, 3 Lite, M365.\" \/>\n<meta name=\"robots\" content=\"index, follow, max-snippet:-1, max-image-preview:large, max-video-preview:-1\" \/>\n<link rel=\"canonical\" href=\"https:\/\/www.xn--tuksimaailm-ffb.ee\/fi\/shop\/monorim-etuiskunvaimennin-xiaomi-pro-2-4-1s-eol\/\" \/>\n<meta property=\"og:locale\" content=\"fi_FI\" \/>\n<meta property=\"og:type\" content=\"article\" \/>\n<meta property=\"og:title\" content=\"Monorim etuiskunvaimennin Xiaomi Pro 2\/4 1S (EOL)\" \/>\n<meta property=\"og:description\" content=\"Monorim esimene amortisaator (esiamort), sobib populaarne elektrit\u00f5ukeratas Xiaomi Pro 2 \/ 4, Mi 1S, Essential, 3 Lite, M365.\" \/>\n<meta property=\"og:url\" content=\"https:\/\/www.xn--tuksimaailm-ffb.ee\/fi\/shop\/monorim-etuiskunvaimennin-xiaomi-pro-2-4-1s-eol\/\" \/>\n<meta property=\"og:site_name\" content=\"T\u00f5uksimaailm\" \/>\n<meta property=\"article:publisher\" content=\"https:\/\/www.facebook.com\/touksimaailm\/\" \/>\n<meta property=\"og:image\" content=\"https:\/\/www.xn--tuksimaailm-ffb.ee\/wp-content\/uploads\/2023\/01\/Monorim-2-toruga-2.jpg\" \/>\n\t<meta property=\"og:image:width\" content=\"345\" \/>\n\t<meta property=\"og:image:height\" content=\"509\" \/>\n\t<meta property=\"og:image:type\" content=\"image\/jpeg\" \/>\n<meta name=\"twitter:card\" content=\"summary_large_image\" \/>\n<meta name=\"twitter:label1\" content=\"Hinta\" \/>\n\t<meta name=\"twitter:data1\" content=\"&euro;69.50\" \/>\n\t<meta name=\"twitter:label2\" content=\"Saatavuus\" \/>\n\t<meta name=\"twitter:data2\" content=\"Varastossa\" \/>\n<meta property=\"product:price:amount\" content=\"69.50\" \/>\n<meta property=\"product:price:currency\" content=\"EUR\" \/>\n<meta property=\"og:availability\" content=\"instock\" \/>\n<meta property=\"product:availability\" content=\"instock\" \/>\n<meta property=\"product:retailer_item_id\" content=\"MONORIM-XIAOMI-ESIMENE\" \/>\n<meta property=\"product:condition\" content=\"new\" \/>\n<!-- \/ Yoast SEO Premium plugin. -->","yoast_head_json":{"title":"Monorim etuiskunvaimennin Xiaomi Pro 2\/4 1S (EOL) | T\u00f5uksimaailm","description":"Monorim esimene amortisaator (esiamort), sobib populaarne elektrit\u00f5ukeratas Xiaomi Pro 2 \/ 4, Mi 1S, Essential, 3 Lite, M365.","robots":{"index":"index","follow":"follow","max-snippet":"max-snippet:-1","max-image-preview":"max-image-preview:large","max-video-preview":"max-video-preview:-1"},"canonical":"https:\/\/www.xn--tuksimaailm-ffb.ee\/fi\/shop\/monorim-etuiskunvaimennin-xiaomi-pro-2-4-1s-eol\/","og_locale":"fi_FI","og_type":"article","og_title":"Monorim etuiskunvaimennin Xiaomi Pro 2\/4 1S (EOL)","og_description":"Monorim esimene amortisaator (esiamort), sobib populaarne elektrit\u00f5ukeratas Xiaomi Pro 2 \/ 4, Mi 1S, Essential, 3 Lite, M365.","og_url":"https:\/\/www.xn--tuksimaailm-ffb.ee\/fi\/shop\/monorim-etuiskunvaimennin-xiaomi-pro-2-4-1s-eol\/","og_site_name":"T\u00f5uksimaailm","article_publisher":"https:\/\/www.facebook.com\/touksimaailm\/","og_image":[{"width":345,"height":509,"url":"https:\/\/www.xn--tuksimaailm-ffb.ee\/wp-content\/uploads\/2023\/01\/Monorim-2-toruga-2.jpg","type":"image\/jpeg"}],"twitter_card":"summary_large_image","twitter_misc":{"Hinta":"&euro;69.50","Saatavuus":"Varastossa"},"schema":{"@context":"https:\/\/schema.org","@graph":[{"@type":"WebPage","@id":"https:\/\/www.xn--tuksimaailm-ffb.ee\/fi\/shop\/monorim-etuiskunvaimennin-xiaomi-pro-2-4-1s-eol\/","url":"https:\/\/www.xn--tuksimaailm-ffb.ee\/fi\/shop\/monorim-etuiskunvaimennin-xiaomi-pro-2-4-1s-eol\/","name":"Monorim etuiskunvaimennin Xiaomi Pro 2\/4 1S (EOL) | T\u00f5uksimaailm","isPartOf":{"@id":"https:\/\/www.xn--tuksimaailm-ffb.ee\/fi\/#website"},"primaryImageOfPage":{"@id":"https:\/\/www.xn--tuksimaailm-ffb.ee\/fi\/shop\/monorim-etuiskunvaimennin-xiaomi-pro-2-4-1s-eol\/#primaryimage"},"image":{"@id":"https:\/\/www.xn--tuksimaailm-ffb.ee\/fi\/shop\/monorim-etuiskunvaimennin-xiaomi-pro-2-4-1s-eol\/#primaryimage"},"thumbnailUrl":"https:\/\/www.xn--tuksimaailm-ffb.ee\/wp-content\/uploads\/2023\/01\/Screenshot-2026-01-06-231234.webp","datePublished":"2023-01-04T12:32:04+00:00","description":"Monorim esimene amortisaator (esiamort), sobib populaarne elektrit\u00f5ukeratas Xiaomi Pro 2 \/ 4, Mi 1S, Essential, 3 Lite, M365.","breadcrumb":{"@id":"https:\/\/www.xn--tuksimaailm-ffb.ee\/fi\/shop\/monorim-etuiskunvaimennin-xiaomi-pro-2-4-1s-eol\/#breadcrumb"},"inLanguage":"fi","potentialAction":[{"@type":"ReadAction","target":["https:\/\/www.xn--tuksimaailm-ffb.ee\/fi\/shop\/monorim-etuiskunvaimennin-xiaomi-pro-2-4-1s-eol\/"]}]},{"@type":"ImageObject","inLanguage":"fi","@id":"https:\/\/www.xn--tuksimaailm-ffb.ee\/fi\/shop\/monorim-etuiskunvaimennin-xiaomi-pro-2-4-1s-eol\/#primaryimage","url":"https:\/\/www.xn--tuksimaailm-ffb.ee\/wp-content\/uploads\/2023\/01\/Screenshot-2026-01-06-231234.webp","contentUrl":"https:\/\/www.xn--tuksimaailm-ffb.ee\/wp-content\/uploads\/2023\/01\/Screenshot-2026-01-06-231234.webp","width":950,"height":800,"caption":"Monorim esimene amortisaator Xiaomi Pro 2 \/ 4 1S"},{"@type":"BreadcrumbList","@id":"https:\/\/www.xn--tuksimaailm-ffb.ee\/fi\/shop\/monorim-etuiskunvaimennin-xiaomi-pro-2-4-1s-eol\/#breadcrumb","itemListElement":[{"@type":"ListItem","position":1,"name":"Home","item":"https:\/\/www.xn--tuksimaailm-ffb.ee\/fi\/kotisivu\/"},{"@type":"ListItem","position":2,"name":"Kauppa","item":"https:\/\/www.xn--tuksimaailm-ffb.ee\/elektritoukerataste-pood\/"},{"@type":"ListItem","position":3,"name":"Monorim etuiskunvaimennin Xiaomi Pro 2\/4 1S (EOL)"}]},{"@type":"WebSite","@id":"https:\/\/www.xn--tuksimaailm-ffb.ee\/fi\/#website","url":"https:\/\/www.xn--tuksimaailm-ffb.ee\/fi\/","name":"T\u00f5uksimaailm","description":"Elektrit\u00f5ukerataste m\u00fc\u00fck, remont ja rent","publisher":{"@id":"https:\/\/www.xn--tuksimaailm-ffb.ee\/fi\/#organization"},"potentialAction":[{"@type":"SearchAction","target":{"@type":"EntryPoint","urlTemplate":"https:\/\/www.xn--tuksimaailm-ffb.ee\/fi\/?s={search_term_string}"},"query-input":{"@type":"PropertyValueSpecification","valueRequired":true,"valueName":"search_term_string"}}],"inLanguage":"fi"},{"@type":"Organization","@id":"https:\/\/www.xn--tuksimaailm-ffb.ee\/fi\/#organization","name":"T\u00f5uksimaailm","url":"https:\/\/www.xn--tuksimaailm-ffb.ee\/fi\/","logo":{"@type":"ImageObject","inLanguage":"fi","@id":"https:\/\/www.xn--tuksimaailm-ffb.ee\/fi\/#\/schema\/logo\/image\/","url":"https:\/\/www.xn--tuksimaailm-ffb.ee\/wp-content\/uploads\/2020\/01\/logoz-e1579792875517.png","contentUrl":"https:\/\/www.xn--tuksimaailm-ffb.ee\/wp-content\/uploads\/2020\/01\/logoz-e1579792875517.png","width":250,"height":250,"caption":"T\u00f5uksimaailm"},"image":{"@id":"https:\/\/www.xn--tuksimaailm-ffb.ee\/fi\/#\/schema\/logo\/image\/"},"sameAs":["https:\/\/www.facebook.com\/touksimaailm\/","https:\/\/www.instagram.com\/touksimaailm_\/","https:\/\/www.youtube.com\/channel\/UC18ml0EKIDLP1xGuQjFzcXQ"]}]},"product_price_amount":"69.50","product_price_currency":"EUR","og_availability":"instock","product_availability":"instock","product_retailer_item_id":"MONORIM-XIAOMI-ESIMENE","product_condition":"new"},"jetpack_sharing_enabled":true,"_links":{"self":[{"href":"https:\/\/www.xn--tuksimaailm-ffb.ee\/fi\/wp-json\/wp\/v2\/product\/53769","targetHints":{"allow":["GET"]}}],"collection":[{"href":"https:\/\/www.xn--tuksimaailm-ffb.ee\/fi\/wp-json\/wp\/v2\/product"}],"about":[{"href":"https:\/\/www.xn--tuksimaailm-ffb.ee\/fi\/wp-json\/wp\/v2\/types\/product"}],"wp:featuredmedia":[{"embeddable":true,"href":"https:\/\/www.xn--tuksimaailm-ffb.ee\/fi\/wp-json\/wp\/v2\/media\/72974"}],"wp:attachment":[{"href":"https:\/\/www.xn--tuksimaailm-ffb.ee\/fi\/wp-json\/wp\/v2\/media?parent=53769"}],"wp:term":[{"taxonomy":"product_brand","embeddable":true,"href":"https:\/\/www.xn--tuksimaailm-ffb.ee\/fi\/wp-json\/wp\/v2\/product_brand?post=53769"},{"taxonomy":"product_cat","embeddable":true,"href":"https:\/\/www.xn--tuksimaailm-ffb.ee\/fi\/wp-json\/wp\/v2\/product_cat?post=53769"},{"taxonomy":"product_tag","embeddable":true,"href":"https:\/\/www.xn--tuksimaailm-ffb.ee\/fi\/wp-json\/wp\/v2\/product_tag?post=53769"},{"taxonomy":"filter_elektritoukeratas","embeddable":true,"href":"https:\/\/www.xn--tuksimaailm-ffb.ee\/fi\/wp-json\/wp\/v2\/filter_elektritoukeratas?post=53769"}],"curies":[{"name":"wp","href":"https:\/\/api.w.org\/{rel}","templated":true}]}}