{"id":53770,"date":"2023-01-04T14:29:26","date_gmt":"2023-01-04T12:29:26","guid":{"rendered":"http:\/\/www.xn--tuksimaailm-ffb.ee\/shop\/monorim-puomin-kiinnityspuristin-xiaomi-mi-jaykka\/"},"modified":"2023-01-04T14:29:26","modified_gmt":"2023-01-04T11:29:26","slug":"monorim-puomin-kiinnityspuristin-xiaomi-mi-jaykka","status":"publish","type":"product","link":"https:\/\/www.xn--tuksimaailm-ffb.ee\/fi\/shop\/monorim-puomin-kiinnityspuristin-xiaomi-mi-jaykka\/","title":{"rendered":"Monorim puomin kiinnityspuristin Xiaomi Mi J\u00e4ykk\u00e4"},"content":{"rendered":"<p>Monorim-merkkinen puomin (linssin putki) kiinnityspidike, joka sopii s\u00e4hk\u00f6skootteriin Xiaomi 1S, Pro 2, Mi Electric Scooter 3 (my\u00f6s Lite), Essential.<\/p>\n","protected":false},"excerpt":{"rendered":"<p>Monorim-merkkinen puomin (linssin putki) kiinnityspidike, joka sopii s\u00e4hk\u00f6skootteriin Xiaomi 1S, Pro 2, Mi Electric Scooter 3 (my\u00f6s Lite), Essential.<\/p>\n","protected":false},"featured_media":26090,"template":"","meta":[],"product_brand":[],"product_cat":[1697,1698],"product_tag":[1706],"filter_elektritoukeratas":[],"class_list":{"0":"post-53770","1":"product","2":"type-product","3":"status-publish","4":"has-post-thumbnail","6":"product_cat-lisavarusteet","7":"product_cat-varaosat","8":"product_tag-xiaomi-varaosat","9":"pa_colour-musta","10":"pa_colour-punainen","12":"first","13":"onbackorder","14":"taxable","15":"shipping-taxable","16":"purchasable","17":"product-type-simple"},"yoast_head":"<!-- This site is optimized with the Yoast SEO Premium plugin v26.8 (Yoast SEO v27.5) - https:\/\/yoast.com\/product\/yoast-seo-premium-wordpress\/ -->\n<title>Monorim puomin kiinnityspuristin Xiaomi Mi J\u00e4ykk\u00e4 | T\u00f5uksimaailm<\/title>\n<meta name=\"description\" content=\"Monorim br\u00e4ndi poomi (lenksutoru) fikseerimise klamber, sobib elektrit\u00f5ukeratas Xiaomi 1S, Pro 2, Mi Electric Scooter 3 (ka Lite), Essential.\" \/>\n<meta name=\"robots\" content=\"index, follow, max-snippet:-1, max-image-preview:large, max-video-preview:-1\" \/>\n<link rel=\"canonical\" href=\"https:\/\/www.xn--tuksimaailm-ffb.ee\/fi\/shop\/monorim-puomin-kiinnityspuristin-xiaomi-mi-jaykka\/\" \/>\n<meta property=\"og:locale\" content=\"fi_FI\" \/>\n<meta property=\"og:type\" content=\"article\" \/>\n<meta property=\"og:title\" content=\"Monorim puomin kiinnityspuristin Xiaomi Mi J\u00e4ykk\u00e4\" \/>\n<meta property=\"og:description\" content=\"Monorim br\u00e4ndi poomi (lenksutoru) fikseerimise klamber, sobib elektrit\u00f5ukeratas Xiaomi 1S, Pro 2, Mi Electric Scooter 3 (ka Lite), Essential.\" \/>\n<meta property=\"og:url\" content=\"https:\/\/www.xn--tuksimaailm-ffb.ee\/fi\/shop\/monorim-puomin-kiinnityspuristin-xiaomi-mi-jaykka\/\" \/>\n<meta property=\"og:site_name\" content=\"T\u00f5uksimaailm\" \/>\n<meta property=\"article:publisher\" content=\"https:\/\/www.facebook.com\/touksimaailm\/\" \/>\n<meta property=\"og:image\" content=\"https:\/\/www.xn--tuksimaailm-ffb.ee\/wp-content\/uploads\/2023\/01\/Monorim-poomi-fikseerimise-klamber-Xiaomi-1S-Mi-3.jpeg\" \/>\n\t<meta property=\"og:image:width\" content=\"225\" \/>\n\t<meta property=\"og:image:height\" content=\"225\" \/>\n\t<meta property=\"og:image:type\" content=\"image\/jpeg\" \/>\n<meta name=\"twitter:card\" content=\"summary_large_image\" \/>\n<meta name=\"twitter:label1\" content=\"Hinta\" \/>\n\t<meta name=\"twitter:data1\" content=\"&euro;49.50\" \/>\n\t<meta name=\"twitter:label2\" content=\"Saatavuus\" \/>\n\t<meta name=\"twitter:data2\" content=\"J\u00e4lkitoimituksessa\" \/>\n<meta property=\"product:price:amount\" content=\"49.50\" \/>\n<meta property=\"product:price:currency\" content=\"EUR\" \/>\n<meta property=\"og:availability\" content=\"backorder\" \/>\n<meta property=\"product:availability\" content=\"available for order\" \/>\n<meta property=\"product:condition\" content=\"new\" \/>\n<!-- \/ Yoast SEO Premium plugin. -->","yoast_head_json":{"title":"Monorim puomin kiinnityspuristin Xiaomi Mi J\u00e4ykk\u00e4 | T\u00f5uksimaailm","description":"Monorim br\u00e4ndi poomi (lenksutoru) fikseerimise klamber, sobib elektrit\u00f5ukeratas Xiaomi 1S, Pro 2, Mi Electric Scooter 3 (ka Lite), Essential.","robots":{"index":"index","follow":"follow","max-snippet":"max-snippet:-1","max-image-preview":"max-image-preview:large","max-video-preview":"max-video-preview:-1"},"canonical":"https:\/\/www.xn--tuksimaailm-ffb.ee\/fi\/shop\/monorim-puomin-kiinnityspuristin-xiaomi-mi-jaykka\/","og_locale":"fi_FI","og_type":"article","og_title":"Monorim puomin kiinnityspuristin Xiaomi Mi J\u00e4ykk\u00e4","og_description":"Monorim br\u00e4ndi poomi (lenksutoru) fikseerimise klamber, sobib elektrit\u00f5ukeratas Xiaomi 1S, Pro 2, Mi Electric Scooter 3 (ka Lite), Essential.","og_url":"https:\/\/www.xn--tuksimaailm-ffb.ee\/fi\/shop\/monorim-puomin-kiinnityspuristin-xiaomi-mi-jaykka\/","og_site_name":"T\u00f5uksimaailm","article_publisher":"https:\/\/www.facebook.com\/touksimaailm\/","og_image":[{"width":225,"height":225,"url":"https:\/\/www.xn--tuksimaailm-ffb.ee\/wp-content\/uploads\/2023\/01\/Monorim-poomi-fikseerimise-klamber-Xiaomi-1S-Mi-3.jpeg","type":"image\/jpeg"}],"twitter_card":"summary_large_image","twitter_misc":{"Hinta":"&euro;49.50","Saatavuus":"J\u00e4lkitoimituksessa"},"schema":{"@context":"https:\/\/schema.org","@graph":[{"@type":"WebPage","@id":"https:\/\/www.xn--tuksimaailm-ffb.ee\/fi\/shop\/monorim-puomin-kiinnityspuristin-xiaomi-mi-jaykka\/","url":"https:\/\/www.xn--tuksimaailm-ffb.ee\/fi\/shop\/monorim-puomin-kiinnityspuristin-xiaomi-mi-jaykka\/","name":"Monorim puomin kiinnityspuristin Xiaomi Mi J\u00e4ykk\u00e4 | T\u00f5uksimaailm","isPartOf":{"@id":"https:\/\/www.xn--tuksimaailm-ffb.ee\/fi\/#website"},"primaryImageOfPage":{"@id":"https:\/\/www.xn--tuksimaailm-ffb.ee\/fi\/shop\/monorim-puomin-kiinnityspuristin-xiaomi-mi-jaykka\/#primaryimage"},"image":{"@id":"https:\/\/www.xn--tuksimaailm-ffb.ee\/fi\/shop\/monorim-puomin-kiinnityspuristin-xiaomi-mi-jaykka\/#primaryimage"},"thumbnailUrl":"https:\/\/www.xn--tuksimaailm-ffb.ee\/wp-content\/uploads\/2023\/01\/Monorim-poomi-fikseerimise-klamber-Xiaomi-1S-Mi-3.jpeg","datePublished":"2023-01-04T12:29:26+00:00","description":"Monorim br\u00e4ndi poomi (lenksutoru) fikseerimise klamber, sobib elektrit\u00f5ukeratas Xiaomi 1S, Pro 2, Mi Electric Scooter 3 (ka Lite), Essential.","breadcrumb":{"@id":"https:\/\/www.xn--tuksimaailm-ffb.ee\/fi\/shop\/monorim-puomin-kiinnityspuristin-xiaomi-mi-jaykka\/#breadcrumb"},"inLanguage":"fi","potentialAction":[{"@type":"ReadAction","target":["https:\/\/www.xn--tuksimaailm-ffb.ee\/fi\/shop\/monorim-puomin-kiinnityspuristin-xiaomi-mi-jaykka\/"]}]},{"@type":"ImageObject","inLanguage":"fi","@id":"https:\/\/www.xn--tuksimaailm-ffb.ee\/fi\/shop\/monorim-puomin-kiinnityspuristin-xiaomi-mi-jaykka\/#primaryimage","url":"https:\/\/www.xn--tuksimaailm-ffb.ee\/wp-content\/uploads\/2023\/01\/Monorim-poomi-fikseerimise-klamber-Xiaomi-1S-Mi-3.jpeg","contentUrl":"https:\/\/www.xn--tuksimaailm-ffb.ee\/wp-content\/uploads\/2023\/01\/Monorim-poomi-fikseerimise-klamber-Xiaomi-1S-Mi-3.jpeg","width":225,"height":225,"caption":"Monorim poomi fikseerimise klamber Xiaomi 1S Mi 3"},{"@type":"BreadcrumbList","@id":"https:\/\/www.xn--tuksimaailm-ffb.ee\/fi\/shop\/monorim-puomin-kiinnityspuristin-xiaomi-mi-jaykka\/#breadcrumb","itemListElement":[{"@type":"ListItem","position":1,"name":"Home","item":"https:\/\/www.xn--tuksimaailm-ffb.ee\/fi\/kotisivu\/"},{"@type":"ListItem","position":2,"name":"Kauppa","item":"https:\/\/www.xn--tuksimaailm-ffb.ee\/elektritoukerataste-pood\/"},{"@type":"ListItem","position":3,"name":"Monorim puomin kiinnityspuristin Xiaomi Mi J\u00e4ykk\u00e4"}]},{"@type":"WebSite","@id":"https:\/\/www.xn--tuksimaailm-ffb.ee\/fi\/#website","url":"https:\/\/www.xn--tuksimaailm-ffb.ee\/fi\/","name":"T\u00f5uksimaailm","description":"Elektrit\u00f5ukerataste m\u00fc\u00fck, remont ja rent","publisher":{"@id":"https:\/\/www.xn--tuksimaailm-ffb.ee\/fi\/#organization"},"potentialAction":[{"@type":"SearchAction","target":{"@type":"EntryPoint","urlTemplate":"https:\/\/www.xn--tuksimaailm-ffb.ee\/fi\/?s={search_term_string}"},"query-input":{"@type":"PropertyValueSpecification","valueRequired":true,"valueName":"search_term_string"}}],"inLanguage":"fi"},{"@type":"Organization","@id":"https:\/\/www.xn--tuksimaailm-ffb.ee\/fi\/#organization","name":"T\u00f5uksimaailm","url":"https:\/\/www.xn--tuksimaailm-ffb.ee\/fi\/","logo":{"@type":"ImageObject","inLanguage":"fi","@id":"https:\/\/www.xn--tuksimaailm-ffb.ee\/fi\/#\/schema\/logo\/image\/","url":"https:\/\/www.xn--tuksimaailm-ffb.ee\/wp-content\/uploads\/2020\/01\/logoz-e1579792875517.png","contentUrl":"https:\/\/www.xn--tuksimaailm-ffb.ee\/wp-content\/uploads\/2020\/01\/logoz-e1579792875517.png","width":250,"height":250,"caption":"T\u00f5uksimaailm"},"image":{"@id":"https:\/\/www.xn--tuksimaailm-ffb.ee\/fi\/#\/schema\/logo\/image\/"},"sameAs":["https:\/\/www.facebook.com\/touksimaailm\/","https:\/\/www.instagram.com\/touksimaailm_\/","https:\/\/www.youtube.com\/channel\/UC18ml0EKIDLP1xGuQjFzcXQ"]}]},"product_price_amount":"49.50","product_price_currency":"EUR","og_availability":"backorder","product_availability":"available for order","product_condition":"new"},"jetpack_sharing_enabled":true,"_links":{"self":[{"href":"https:\/\/www.xn--tuksimaailm-ffb.ee\/fi\/wp-json\/wp\/v2\/product\/53770","targetHints":{"allow":["GET"]}}],"collection":[{"href":"https:\/\/www.xn--tuksimaailm-ffb.ee\/fi\/wp-json\/wp\/v2\/product"}],"about":[{"href":"https:\/\/www.xn--tuksimaailm-ffb.ee\/fi\/wp-json\/wp\/v2\/types\/product"}],"wp:featuredmedia":[{"embeddable":true,"href":"https:\/\/www.xn--tuksimaailm-ffb.ee\/fi\/wp-json\/wp\/v2\/media\/26090"}],"wp:attachment":[{"href":"https:\/\/www.xn--tuksimaailm-ffb.ee\/fi\/wp-json\/wp\/v2\/media?parent=53770"}],"wp:term":[{"taxonomy":"product_brand","embeddable":true,"href":"https:\/\/www.xn--tuksimaailm-ffb.ee\/fi\/wp-json\/wp\/v2\/product_brand?post=53770"},{"taxonomy":"product_cat","embeddable":true,"href":"https:\/\/www.xn--tuksimaailm-ffb.ee\/fi\/wp-json\/wp\/v2\/product_cat?post=53770"},{"taxonomy":"product_tag","embeddable":true,"href":"https:\/\/www.xn--tuksimaailm-ffb.ee\/fi\/wp-json\/wp\/v2\/product_tag?post=53770"},{"taxonomy":"filter_elektritoukeratas","embeddable":true,"href":"https:\/\/www.xn--tuksimaailm-ffb.ee\/fi\/wp-json\/wp\/v2\/filter_elektritoukeratas?post=53770"}],"curies":[{"name":"wp","href":"https:\/\/api.w.org\/{rel}","templated":true}]}}