{"id":53787,"date":"2023-01-03T17:02:27","date_gmt":"2023-01-03T14:02:27","guid":{"rendered":"http:\/\/www.xn--tuksimaailm-ffb.ee\/shop\/xiaomi-takalokasuojatuki-pro-2-1s-essential-mi-3lle\/"},"modified":"2023-01-03T17:02:27","modified_gmt":"2023-01-03T14:02:27","slug":"xiaomi-takalokasuojatuki-pro-2-1s-essential-mi-3lle","status":"publish","type":"product","link":"https:\/\/www.xn--tuksimaailm-ffb.ee\/fi\/shop\/xiaomi-takalokasuojatuki-pro-2-1s-essential-mi-3lle\/","title":{"rendered":"Xiaomi takalokasuojatuki Pro 2 1S Essential Mi 3:lle"},"content":{"rendered":"<p>S\u00e4hk\u00f6potkulaite Xiaomi takalokasuoja tuki, sopii s\u00e4hk\u00f6potkulaitteisiin Xiaomi Pro 2 \/ 1S \/ Essential \/ Electric Scooter Mi 3 (+Lite).<\/p>\n","protected":false},"excerpt":{"rendered":"<p>S\u00e4hk\u00f6potkulaite Xiaomi takalokasuoja tuki, sopii s\u00e4hk\u00f6potkulaitteisiin Xiaomi Pro 2 \/ 1S \/ Essential \/ Electric Scooter Mi 3 (+Lite).<\/p>\n","protected":false},"featured_media":26011,"template":"","meta":[],"product_brand":[],"product_cat":[1697,1698],"product_tag":[],"filter_elektritoukeratas":[2613],"class_list":{"0":"post-53787","1":"product","2":"type-product","3":"status-publish","4":"has-post-thumbnail","6":"product_cat-lisavarusteet","7":"product_cat-varaosat","8":"filter_elektritoukeratas-ft_xiaomi_1s_mi3_pro_2_3_lite","10":"first","11":"instock","12":"taxable","13":"shipping-taxable","14":"purchasable","15":"product-type-variable"},"yoast_head":"<!-- This site is optimized with the Yoast SEO Premium plugin v26.8 (Yoast SEO v27.5) - https:\/\/yoast.com\/product\/yoast-seo-premium-wordpress\/ -->\n<title>Xiaomi takalokasuojatuki Pro 2 1S Essential Mi 3:lle | T\u00f5uksimaailm<\/title>\n<meta name=\"description\" content=\"Elektrit\u00f5ukeratas Xiaomi tagaporilaua tugi, sobib elektrilised t\u00f5ukerattad Xiaomi Pro 2 \/ 1S \/ Essential \/ Electric Scooter Mi 3 (+Lite).\" \/>\n<meta name=\"robots\" content=\"index, follow, max-snippet:-1, max-image-preview:large, max-video-preview:-1\" \/>\n<link rel=\"canonical\" href=\"https:\/\/www.xn--tuksimaailm-ffb.ee\/fi\/shop\/xiaomi-takalokasuojatuki-pro-2-1s-essential-mi-3lle\/\" \/>\n<meta property=\"og:locale\" content=\"fi_FI\" \/>\n<meta property=\"og:type\" content=\"article\" \/>\n<meta property=\"og:title\" content=\"Xiaomi takalokasuojatuki Pro 2 1S Essential Mi 3:lle\" \/>\n<meta property=\"og:description\" content=\"Elektrit\u00f5ukeratas Xiaomi tagaporilaua tugi, sobib elektrilised t\u00f5ukerattad Xiaomi Pro 2 \/ 1S \/ Essential \/ Electric Scooter Mi 3 (+Lite).\" \/>\n<meta property=\"og:url\" content=\"https:\/\/www.xn--tuksimaailm-ffb.ee\/fi\/shop\/xiaomi-takalokasuojatuki-pro-2-1s-essential-mi-3lle\/\" \/>\n<meta property=\"og:site_name\" content=\"T\u00f5uksimaailm\" \/>\n<meta property=\"article:publisher\" content=\"https:\/\/www.facebook.com\/touksimaailm\/\" \/>\n<meta property=\"og:image\" content=\"https:\/\/www.xn--tuksimaailm-ffb.ee\/wp-content\/uploads\/2023\/01\/pro-2-tugi.jpg\" \/>\n\t<meta property=\"og:image:width\" content=\"814\" \/>\n\t<meta property=\"og:image:height\" content=\"543\" \/>\n\t<meta property=\"og:image:type\" content=\"image\/jpeg\" \/>\n<meta name=\"twitter:card\" content=\"summary_large_image\" \/>\n<meta name=\"twitter:label1\" content=\"Saatavuus\" \/>\n\t<meta name=\"twitter:data1\" content=\"Varastossa\" \/>\n<meta property=\"og:availability\" content=\"instock\" \/>\n<meta property=\"product:availability\" content=\"instock\" \/>\n<meta property=\"product:condition\" content=\"new\" \/>\n<!-- \/ Yoast SEO Premium plugin. -->","yoast_head_json":{"title":"Xiaomi takalokasuojatuki Pro 2 1S Essential Mi 3:lle | T\u00f5uksimaailm","description":"Elektrit\u00f5ukeratas Xiaomi tagaporilaua tugi, sobib elektrilised t\u00f5ukerattad Xiaomi Pro 2 \/ 1S \/ Essential \/ Electric Scooter Mi 3 (+Lite).","robots":{"index":"index","follow":"follow","max-snippet":"max-snippet:-1","max-image-preview":"max-image-preview:large","max-video-preview":"max-video-preview:-1"},"canonical":"https:\/\/www.xn--tuksimaailm-ffb.ee\/fi\/shop\/xiaomi-takalokasuojatuki-pro-2-1s-essential-mi-3lle\/","og_locale":"fi_FI","og_type":"article","og_title":"Xiaomi takalokasuojatuki Pro 2 1S Essential Mi 3:lle","og_description":"Elektrit\u00f5ukeratas Xiaomi tagaporilaua tugi, sobib elektrilised t\u00f5ukerattad Xiaomi Pro 2 \/ 1S \/ Essential \/ Electric Scooter Mi 3 (+Lite).","og_url":"https:\/\/www.xn--tuksimaailm-ffb.ee\/fi\/shop\/xiaomi-takalokasuojatuki-pro-2-1s-essential-mi-3lle\/","og_site_name":"T\u00f5uksimaailm","article_publisher":"https:\/\/www.facebook.com\/touksimaailm\/","og_image":[{"width":814,"height":543,"url":"https:\/\/www.xn--tuksimaailm-ffb.ee\/wp-content\/uploads\/2023\/01\/pro-2-tugi.jpg","type":"image\/jpeg"}],"twitter_card":"summary_large_image","twitter_misc":{"Saatavuus":"Varastossa"},"schema":{"@context":"https:\/\/schema.org","@graph":[{"@type":"WebPage","@id":"https:\/\/www.xn--tuksimaailm-ffb.ee\/fi\/shop\/xiaomi-takalokasuojatuki-pro-2-1s-essential-mi-3lle\/","url":"https:\/\/www.xn--tuksimaailm-ffb.ee\/fi\/shop\/xiaomi-takalokasuojatuki-pro-2-1s-essential-mi-3lle\/","name":"Xiaomi takalokasuojatuki Pro 2 1S Essential Mi 3:lle | T\u00f5uksimaailm","isPartOf":{"@id":"https:\/\/www.xn--tuksimaailm-ffb.ee\/fi\/#website"},"primaryImageOfPage":{"@id":"https:\/\/www.xn--tuksimaailm-ffb.ee\/fi\/shop\/xiaomi-takalokasuojatuki-pro-2-1s-essential-mi-3lle\/#primaryimage"},"image":{"@id":"https:\/\/www.xn--tuksimaailm-ffb.ee\/fi\/shop\/xiaomi-takalokasuojatuki-pro-2-1s-essential-mi-3lle\/#primaryimage"},"thumbnailUrl":"https:\/\/www.xn--tuksimaailm-ffb.ee\/wp-content\/uploads\/2023\/01\/pro-2-tugi.jpg","datePublished":"2023-01-03T14:02:27+00:00","description":"Elektrit\u00f5ukeratas Xiaomi tagaporilaua tugi, sobib elektrilised t\u00f5ukerattad Xiaomi Pro 2 \/ 1S \/ Essential \/ Electric Scooter Mi 3 (+Lite).","breadcrumb":{"@id":"https:\/\/www.xn--tuksimaailm-ffb.ee\/fi\/shop\/xiaomi-takalokasuojatuki-pro-2-1s-essential-mi-3lle\/#breadcrumb"},"inLanguage":"fi","potentialAction":[{"@type":"ReadAction","target":["https:\/\/www.xn--tuksimaailm-ffb.ee\/fi\/shop\/xiaomi-takalokasuojatuki-pro-2-1s-essential-mi-3lle\/"]}]},{"@type":"ImageObject","inLanguage":"fi","@id":"https:\/\/www.xn--tuksimaailm-ffb.ee\/fi\/shop\/xiaomi-takalokasuojatuki-pro-2-1s-essential-mi-3lle\/#primaryimage","url":"https:\/\/www.xn--tuksimaailm-ffb.ee\/wp-content\/uploads\/2023\/01\/pro-2-tugi.jpg","contentUrl":"https:\/\/www.xn--tuksimaailm-ffb.ee\/wp-content\/uploads\/2023\/01\/pro-2-tugi.jpg","width":814,"height":543,"caption":"Xiaomi tagaporilaua tugi, sobib elektrit\u00f5ukeratas Xiaomi Pro 2 \/ 1S \/ Essential \/ Electric Scooter Mi 3 (+Lite)"},{"@type":"BreadcrumbList","@id":"https:\/\/www.xn--tuksimaailm-ffb.ee\/fi\/shop\/xiaomi-takalokasuojatuki-pro-2-1s-essential-mi-3lle\/#breadcrumb","itemListElement":[{"@type":"ListItem","position":1,"name":"Home","item":"https:\/\/www.xn--tuksimaailm-ffb.ee\/fi\/kotisivu\/"},{"@type":"ListItem","position":2,"name":"Kauppa","item":"https:\/\/www.xn--tuksimaailm-ffb.ee\/elektritoukerataste-pood\/"},{"@type":"ListItem","position":3,"name":"Xiaomi takalokasuojatuki Pro 2 1S Essential Mi 3:lle"}]},{"@type":"WebSite","@id":"https:\/\/www.xn--tuksimaailm-ffb.ee\/fi\/#website","url":"https:\/\/www.xn--tuksimaailm-ffb.ee\/fi\/","name":"T\u00f5uksimaailm","description":"Elektrit\u00f5ukerataste m\u00fc\u00fck, remont ja rent","publisher":{"@id":"https:\/\/www.xn--tuksimaailm-ffb.ee\/fi\/#organization"},"potentialAction":[{"@type":"SearchAction","target":{"@type":"EntryPoint","urlTemplate":"https:\/\/www.xn--tuksimaailm-ffb.ee\/fi\/?s={search_term_string}"},"query-input":{"@type":"PropertyValueSpecification","valueRequired":true,"valueName":"search_term_string"}}],"inLanguage":"fi"},{"@type":"Organization","@id":"https:\/\/www.xn--tuksimaailm-ffb.ee\/fi\/#organization","name":"T\u00f5uksimaailm","url":"https:\/\/www.xn--tuksimaailm-ffb.ee\/fi\/","logo":{"@type":"ImageObject","inLanguage":"fi","@id":"https:\/\/www.xn--tuksimaailm-ffb.ee\/fi\/#\/schema\/logo\/image\/","url":"https:\/\/www.xn--tuksimaailm-ffb.ee\/wp-content\/uploads\/2020\/01\/logoz-e1579792875517.png","contentUrl":"https:\/\/www.xn--tuksimaailm-ffb.ee\/wp-content\/uploads\/2020\/01\/logoz-e1579792875517.png","width":250,"height":250,"caption":"T\u00f5uksimaailm"},"image":{"@id":"https:\/\/www.xn--tuksimaailm-ffb.ee\/fi\/#\/schema\/logo\/image\/"},"sameAs":["https:\/\/www.facebook.com\/touksimaailm\/","https:\/\/www.instagram.com\/touksimaailm_\/","https:\/\/www.youtube.com\/channel\/UC18ml0EKIDLP1xGuQjFzcXQ"]}]},"og_availability":"instock","product_availability":"instock","product_condition":"new"},"jetpack_sharing_enabled":true,"_links":{"self":[{"href":"https:\/\/www.xn--tuksimaailm-ffb.ee\/fi\/wp-json\/wp\/v2\/product\/53787","targetHints":{"allow":["GET"]}}],"collection":[{"href":"https:\/\/www.xn--tuksimaailm-ffb.ee\/fi\/wp-json\/wp\/v2\/product"}],"about":[{"href":"https:\/\/www.xn--tuksimaailm-ffb.ee\/fi\/wp-json\/wp\/v2\/types\/product"}],"wp:featuredmedia":[{"embeddable":true,"href":"https:\/\/www.xn--tuksimaailm-ffb.ee\/fi\/wp-json\/wp\/v2\/media\/26011"}],"wp:attachment":[{"href":"https:\/\/www.xn--tuksimaailm-ffb.ee\/fi\/wp-json\/wp\/v2\/media?parent=53787"}],"wp:term":[{"taxonomy":"product_brand","embeddable":true,"href":"https:\/\/www.xn--tuksimaailm-ffb.ee\/fi\/wp-json\/wp\/v2\/product_brand?post=53787"},{"taxonomy":"product_cat","embeddable":true,"href":"https:\/\/www.xn--tuksimaailm-ffb.ee\/fi\/wp-json\/wp\/v2\/product_cat?post=53787"},{"taxonomy":"product_tag","embeddable":true,"href":"https:\/\/www.xn--tuksimaailm-ffb.ee\/fi\/wp-json\/wp\/v2\/product_tag?post=53787"},{"taxonomy":"filter_elektritoukeratas","embeddable":true,"href":"https:\/\/www.xn--tuksimaailm-ffb.ee\/fi\/wp-json\/wp\/v2\/filter_elektritoukeratas?post=53787"}],"curies":[{"name":"wp","href":"https:\/\/api.w.org\/{rel}","templated":true}]}}