{"id":53793,"date":"2023-01-02T19:27:26","date_gmt":"2023-01-02T16:27:26","guid":{"rendered":"http:\/\/www.xn--tuksimaailm-ffb.ee\/shop\/kantokauhan-kahvallinen-jalusta-kugoo-m4-pro\/"},"modified":"2023-01-02T19:27:26","modified_gmt":"2023-01-02T16:27:26","slug":"kantokauhan-kahvallinen-jalusta-kugoo-m4-pro","status":"publish","type":"product","link":"https:\/\/www.xn--tuksimaailm-ffb.ee\/fi\/shop\/kantokauhan-kahvallinen-jalusta-kugoo-m4-pro\/","title":{"rendered":"Kantokauhan kahvallinen jalusta Kugoo M4 Pro"},"content":{"rendered":"<p>Kantokahva\/jalusta\/jalkatuki, sopii s\u00e4hk\u00f6potkulautaan Kugoo M4 Pro.<\/p>\n","protected":false},"excerpt":{"rendered":"<p>Kantokahva\/jalusta\/jalkatuki, sopii s\u00e4hk\u00f6potkulautaan Kugoo M4 Pro.<\/p>\n","protected":false},"featured_media":25917,"template":"","meta":[],"product_brand":[],"product_cat":[1697,1698],"product_tag":[3264],"filter_elektritoukeratas":[2668],"class_list":{"0":"post-53793","1":"product","2":"type-product","3":"status-publish","4":"has-post-thumbnail","6":"product_cat-lisavarusteet","7":"product_cat-varaosat","8":"product_tag-kugoo-varuosad-fi","9":"filter_elektritoukeratas-ft_kugoo_m4_m4_pro","11":"first","12":"instock","13":"taxable","14":"shipping-taxable","15":"purchasable","16":"product-type-simple"},"yoast_head":"<!-- This site is optimized with the Yoast SEO Premium plugin v26.8 (Yoast SEO v27.3) - https:\/\/yoast.com\/product\/yoast-seo-premium-wordpress\/ -->\n<title>Kantokauhan kahvallinen jalusta Kugoo M4 Pro | T\u00f5uksimaailm<\/title>\n<meta name=\"description\" content=\"Kandmise sang k\u00e4epide \/ seisutugi \/ jalatugi, sobib elektrit\u00f5ukeratas Kugoo M4 Pro.\" \/>\n<meta name=\"robots\" content=\"index, follow, max-snippet:-1, max-image-preview:large, max-video-preview:-1\" \/>\n<link rel=\"canonical\" href=\"https:\/\/www.xn--tuksimaailm-ffb.ee\/fi\/shop\/kantokauhan-kahvallinen-jalusta-kugoo-m4-pro\/\" \/>\n<meta property=\"og:locale\" content=\"fi_FI\" \/>\n<meta property=\"og:type\" content=\"article\" \/>\n<meta property=\"og:title\" content=\"Kantokauhan kahvallinen jalusta Kugoo M4 Pro\" \/>\n<meta property=\"og:description\" content=\"Kandmise sang k\u00e4epide \/ seisutugi \/ jalatugi, sobib elektrit\u00f5ukeratas Kugoo M4 Pro.\" \/>\n<meta property=\"og:url\" content=\"https:\/\/www.xn--tuksimaailm-ffb.ee\/fi\/shop\/kantokauhan-kahvallinen-jalusta-kugoo-m4-pro\/\" \/>\n<meta property=\"og:site_name\" content=\"T\u00f5uksimaailm\" \/>\n<meta property=\"article:publisher\" content=\"https:\/\/www.facebook.com\/touksimaailm\/\" \/>\n<meta property=\"og:image\" content=\"https:\/\/www.xn--tuksimaailm-ffb.ee\/wp-content\/uploads\/2023\/01\/Kandmise-sang-kaepide-seisutugi-Kugoo-M4-Pro.jpeg\" \/>\n\t<meta property=\"og:image:width\" content=\"800\" \/>\n\t<meta property=\"og:image:height\" content=\"800\" \/>\n\t<meta property=\"og:image:type\" content=\"image\/jpeg\" \/>\n<meta name=\"twitter:card\" content=\"summary_large_image\" \/>\n<meta name=\"twitter:label1\" content=\"Hinta\" \/>\n\t<meta name=\"twitter:data1\" content=\"&euro;29.50\" \/>\n\t<meta name=\"twitter:label2\" content=\"Saatavuus\" \/>\n\t<meta name=\"twitter:data2\" content=\"Varastossa\" \/>\n<meta property=\"product:price:amount\" content=\"29.50\" \/>\n<meta property=\"product:price:currency\" content=\"EUR\" \/>\n<meta property=\"og:availability\" content=\"instock\" \/>\n<meta property=\"product:availability\" content=\"instock\" \/>\n<meta property=\"product:condition\" content=\"new\" \/>\n<!-- \/ Yoast SEO Premium plugin. -->","yoast_head_json":{"title":"Kantokauhan kahvallinen jalusta Kugoo M4 Pro | T\u00f5uksimaailm","description":"Kandmise sang k\u00e4epide \/ seisutugi \/ jalatugi, sobib elektrit\u00f5ukeratas Kugoo M4 Pro.","robots":{"index":"index","follow":"follow","max-snippet":"max-snippet:-1","max-image-preview":"max-image-preview:large","max-video-preview":"max-video-preview:-1"},"canonical":"https:\/\/www.xn--tuksimaailm-ffb.ee\/fi\/shop\/kantokauhan-kahvallinen-jalusta-kugoo-m4-pro\/","og_locale":"fi_FI","og_type":"article","og_title":"Kantokauhan kahvallinen jalusta Kugoo M4 Pro","og_description":"Kandmise sang k\u00e4epide \/ seisutugi \/ jalatugi, sobib elektrit\u00f5ukeratas Kugoo M4 Pro.","og_url":"https:\/\/www.xn--tuksimaailm-ffb.ee\/fi\/shop\/kantokauhan-kahvallinen-jalusta-kugoo-m4-pro\/","og_site_name":"T\u00f5uksimaailm","article_publisher":"https:\/\/www.facebook.com\/touksimaailm\/","og_image":[{"width":800,"height":800,"url":"https:\/\/www.xn--tuksimaailm-ffb.ee\/wp-content\/uploads\/2023\/01\/Kandmise-sang-kaepide-seisutugi-Kugoo-M4-Pro.jpeg","type":"image\/jpeg"}],"twitter_card":"summary_large_image","twitter_misc":{"Hinta":"&euro;29.50","Saatavuus":"Varastossa"},"schema":{"@context":"https:\/\/schema.org","@graph":[{"@type":"WebPage","@id":"https:\/\/www.xn--tuksimaailm-ffb.ee\/fi\/shop\/kantokauhan-kahvallinen-jalusta-kugoo-m4-pro\/","url":"https:\/\/www.xn--tuksimaailm-ffb.ee\/fi\/shop\/kantokauhan-kahvallinen-jalusta-kugoo-m4-pro\/","name":"Kantokauhan kahvallinen jalusta Kugoo M4 Pro | T\u00f5uksimaailm","isPartOf":{"@id":"https:\/\/www.xn--tuksimaailm-ffb.ee\/fi\/#website"},"primaryImageOfPage":{"@id":"https:\/\/www.xn--tuksimaailm-ffb.ee\/fi\/shop\/kantokauhan-kahvallinen-jalusta-kugoo-m4-pro\/#primaryimage"},"image":{"@id":"https:\/\/www.xn--tuksimaailm-ffb.ee\/fi\/shop\/kantokauhan-kahvallinen-jalusta-kugoo-m4-pro\/#primaryimage"},"thumbnailUrl":"https:\/\/www.xn--tuksimaailm-ffb.ee\/wp-content\/uploads\/2023\/01\/Kandmise-sang-kaepide-seisutugi-Kugoo-M4-Pro.jpeg","datePublished":"2023-01-02T16:27:26+00:00","description":"Kandmise sang k\u00e4epide \/ seisutugi \/ jalatugi, sobib elektrit\u00f5ukeratas Kugoo M4 Pro.","breadcrumb":{"@id":"https:\/\/www.xn--tuksimaailm-ffb.ee\/fi\/shop\/kantokauhan-kahvallinen-jalusta-kugoo-m4-pro\/#breadcrumb"},"inLanguage":"fi","potentialAction":[{"@type":"ReadAction","target":["https:\/\/www.xn--tuksimaailm-ffb.ee\/fi\/shop\/kantokauhan-kahvallinen-jalusta-kugoo-m4-pro\/"]}]},{"@type":"ImageObject","inLanguage":"fi","@id":"https:\/\/www.xn--tuksimaailm-ffb.ee\/fi\/shop\/kantokauhan-kahvallinen-jalusta-kugoo-m4-pro\/#primaryimage","url":"https:\/\/www.xn--tuksimaailm-ffb.ee\/wp-content\/uploads\/2023\/01\/Kandmise-sang-kaepide-seisutugi-Kugoo-M4-Pro.jpeg","contentUrl":"https:\/\/www.xn--tuksimaailm-ffb.ee\/wp-content\/uploads\/2023\/01\/Kandmise-sang-kaepide-seisutugi-Kugoo-M4-Pro.jpeg","width":800,"height":800,"caption":"Kandmise sang k\u00e4epide seisutugi Kugoo M4 Pro"},{"@type":"BreadcrumbList","@id":"https:\/\/www.xn--tuksimaailm-ffb.ee\/fi\/shop\/kantokauhan-kahvallinen-jalusta-kugoo-m4-pro\/#breadcrumb","itemListElement":[{"@type":"ListItem","position":1,"name":"Home","item":"https:\/\/www.xn--tuksimaailm-ffb.ee\/fi\/kotisivu\/"},{"@type":"ListItem","position":2,"name":"Kauppa","item":"https:\/\/www.xn--tuksimaailm-ffb.ee\/elektritoukerataste-pood\/"},{"@type":"ListItem","position":3,"name":"Kantokauhan kahvallinen jalusta Kugoo M4 Pro"}]},{"@type":"WebSite","@id":"https:\/\/www.xn--tuksimaailm-ffb.ee\/fi\/#website","url":"https:\/\/www.xn--tuksimaailm-ffb.ee\/fi\/","name":"T\u00f5uksimaailm","description":"Elektrit\u00f5ukerataste m\u00fc\u00fck, remont ja rent","publisher":{"@id":"https:\/\/www.xn--tuksimaailm-ffb.ee\/fi\/#organization"},"potentialAction":[{"@type":"SearchAction","target":{"@type":"EntryPoint","urlTemplate":"https:\/\/www.xn--tuksimaailm-ffb.ee\/fi\/?s={search_term_string}"},"query-input":{"@type":"PropertyValueSpecification","valueRequired":true,"valueName":"search_term_string"}}],"inLanguage":"fi"},{"@type":"Organization","@id":"https:\/\/www.xn--tuksimaailm-ffb.ee\/fi\/#organization","name":"T\u00f5uksimaailm","url":"https:\/\/www.xn--tuksimaailm-ffb.ee\/fi\/","logo":{"@type":"ImageObject","inLanguage":"fi","@id":"https:\/\/www.xn--tuksimaailm-ffb.ee\/fi\/#\/schema\/logo\/image\/","url":"https:\/\/www.xn--tuksimaailm-ffb.ee\/wp-content\/uploads\/2020\/01\/logoz-e1579792875517.png","contentUrl":"https:\/\/www.xn--tuksimaailm-ffb.ee\/wp-content\/uploads\/2020\/01\/logoz-e1579792875517.png","width":250,"height":250,"caption":"T\u00f5uksimaailm"},"image":{"@id":"https:\/\/www.xn--tuksimaailm-ffb.ee\/fi\/#\/schema\/logo\/image\/"},"sameAs":["https:\/\/www.facebook.com\/touksimaailm\/","https:\/\/www.instagram.com\/touksimaailm_\/","https:\/\/www.youtube.com\/channel\/UC18ml0EKIDLP1xGuQjFzcXQ"]}]},"product_price_amount":"29.50","product_price_currency":"EUR","og_availability":"instock","product_availability":"instock","product_condition":"new"},"jetpack_sharing_enabled":true,"_links":{"self":[{"href":"https:\/\/www.xn--tuksimaailm-ffb.ee\/fi\/wp-json\/wp\/v2\/product\/53793","targetHints":{"allow":["GET"]}}],"collection":[{"href":"https:\/\/www.xn--tuksimaailm-ffb.ee\/fi\/wp-json\/wp\/v2\/product"}],"about":[{"href":"https:\/\/www.xn--tuksimaailm-ffb.ee\/fi\/wp-json\/wp\/v2\/types\/product"}],"wp:featuredmedia":[{"embeddable":true,"href":"https:\/\/www.xn--tuksimaailm-ffb.ee\/fi\/wp-json\/wp\/v2\/media\/25917"}],"wp:attachment":[{"href":"https:\/\/www.xn--tuksimaailm-ffb.ee\/fi\/wp-json\/wp\/v2\/media?parent=53793"}],"wp:term":[{"taxonomy":"product_brand","embeddable":true,"href":"https:\/\/www.xn--tuksimaailm-ffb.ee\/fi\/wp-json\/wp\/v2\/product_brand?post=53793"},{"taxonomy":"product_cat","embeddable":true,"href":"https:\/\/www.xn--tuksimaailm-ffb.ee\/fi\/wp-json\/wp\/v2\/product_cat?post=53793"},{"taxonomy":"product_tag","embeddable":true,"href":"https:\/\/www.xn--tuksimaailm-ffb.ee\/fi\/wp-json\/wp\/v2\/product_tag?post=53793"},{"taxonomy":"filter_elektritoukeratas","embeddable":true,"href":"https:\/\/www.xn--tuksimaailm-ffb.ee\/fi\/wp-json\/wp\/v2\/filter_elektritoukeratas?post=53793"}],"curies":[{"name":"wp","href":"https:\/\/api.w.org\/{rel}","templated":true}]}}