{"id":53801,"date":"2023-01-01T18:01:25","date_gmt":"2023-01-01T16:01:25","guid":{"rendered":"http:\/\/www.xn--tuksimaailm-ffb.ee\/shop\/ohjauslaukku-sahkoskootterin-etupussi-1l\/"},"modified":"2023-01-01T18:01:25","modified_gmt":"2023-01-01T15:01:25","slug":"ohjauslaukku-sahkoskootterin-etupussi-1l","status":"publish","type":"product","link":"https:\/\/www.xn--tuksimaailm-ffb.ee\/fi\/shop\/ohjauslaukku-sahkoskootterin-etupussi-1l\/","title":{"rendered":"Ohjauslaukku s\u00e4hk\u00f6skootterin etupussi 1L"},"content":{"rendered":"<p>Ohjauslaukku s\u00e4hk\u00f6skootterin etupussi 1L<\/p>\n","protected":false},"excerpt":{"rendered":"<p>Ohjauslaukku s\u00e4hk\u00f6skootterin etupussi 1L<\/p>\n","protected":false},"featured_media":72978,"template":"","meta":[],"product_brand":[],"product_cat":[1697],"product_tag":[3278],"filter_elektritoukeratas":[],"class_list":{"0":"post-53801","1":"product","2":"type-product","3":"status-publish","4":"has-post-thumbnail","6":"product_cat-lisavarusteet","7":"product_tag-lenksukotid-fi","8":"pa_tootetuup-lenksukotid-fi","10":"first","11":"instock","12":"taxable","13":"shipping-taxable","14":"purchasable","15":"product-type-simple"},"yoast_head":"<!-- This site is optimized with the Yoast SEO Premium plugin v26.8 (Yoast SEO v27.5) - https:\/\/yoast.com\/product\/yoast-seo-premium-wordpress\/ -->\n<title>Ohjauslaukku s\u00e4hk\u00f6skootterin etupussi 1L | T\u00f5uksimaailm<\/title>\n<meta name=\"description\" content=\"Lenksukott \/ elektrit\u00f5ukeratta esimene kott, maht 1L.\" \/>\n<meta name=\"robots\" content=\"index, follow, max-snippet:-1, max-image-preview:large, max-video-preview:-1\" \/>\n<link rel=\"canonical\" href=\"https:\/\/www.xn--tuksimaailm-ffb.ee\/fi\/shop\/ohjauslaukku-sahkoskootterin-etupussi-1l\/\" \/>\n<meta property=\"og:locale\" content=\"fi_FI\" \/>\n<meta property=\"og:type\" content=\"article\" \/>\n<meta property=\"og:title\" content=\"Ohjauslaukku s\u00e4hk\u00f6skootterin etupussi 1L\" \/>\n<meta property=\"og:description\" content=\"Lenksukott \/ elektrit\u00f5ukeratta esimene kott, maht 1L.\" \/>\n<meta property=\"og:url\" content=\"https:\/\/www.xn--tuksimaailm-ffb.ee\/fi\/shop\/ohjauslaukku-sahkoskootterin-etupussi-1l\/\" \/>\n<meta property=\"og:site_name\" content=\"T\u00f5uksimaailm\" \/>\n<meta property=\"article:publisher\" content=\"https:\/\/www.facebook.com\/touksimaailm\/\" \/>\n<meta property=\"og:image\" content=\"https:\/\/www.xn--tuksimaailm-ffb.ee\/wp-content\/uploads\/2023\/01\/1L-lenksukott.jpg\" \/>\n\t<meta property=\"og:image:width\" content=\"467\" \/>\n\t<meta property=\"og:image:height\" content=\"362\" \/>\n\t<meta property=\"og:image:type\" content=\"image\/jpeg\" \/>\n<meta name=\"twitter:card\" content=\"summary_large_image\" \/>\n<meta name=\"twitter:label1\" content=\"Hinta\" \/>\n\t<meta name=\"twitter:data1\" content=\"&euro;17.50\" \/>\n\t<meta name=\"twitter:label2\" content=\"Saatavuus\" \/>\n\t<meta name=\"twitter:data2\" content=\"Varastossa\" \/>\n<meta property=\"product:price:amount\" content=\"17.50\" \/>\n<meta property=\"product:price:currency\" content=\"EUR\" \/>\n<meta property=\"og:availability\" content=\"instock\" \/>\n<meta property=\"product:availability\" content=\"instock\" \/>\n<meta property=\"product:condition\" content=\"new\" \/>\n<!-- \/ Yoast SEO Premium plugin. -->","yoast_head_json":{"title":"Ohjauslaukku s\u00e4hk\u00f6skootterin etupussi 1L | T\u00f5uksimaailm","description":"Lenksukott \/ elektrit\u00f5ukeratta esimene kott, maht 1L.","robots":{"index":"index","follow":"follow","max-snippet":"max-snippet:-1","max-image-preview":"max-image-preview:large","max-video-preview":"max-video-preview:-1"},"canonical":"https:\/\/www.xn--tuksimaailm-ffb.ee\/fi\/shop\/ohjauslaukku-sahkoskootterin-etupussi-1l\/","og_locale":"fi_FI","og_type":"article","og_title":"Ohjauslaukku s\u00e4hk\u00f6skootterin etupussi 1L","og_description":"Lenksukott \/ elektrit\u00f5ukeratta esimene kott, maht 1L.","og_url":"https:\/\/www.xn--tuksimaailm-ffb.ee\/fi\/shop\/ohjauslaukku-sahkoskootterin-etupussi-1l\/","og_site_name":"T\u00f5uksimaailm","article_publisher":"https:\/\/www.facebook.com\/touksimaailm\/","og_image":[{"width":467,"height":362,"url":"https:\/\/www.xn--tuksimaailm-ffb.ee\/wp-content\/uploads\/2023\/01\/1L-lenksukott.jpg","type":"image\/jpeg"}],"twitter_card":"summary_large_image","twitter_misc":{"Hinta":"&euro;17.50","Saatavuus":"Varastossa"},"schema":{"@context":"https:\/\/schema.org","@graph":[{"@type":"WebPage","@id":"https:\/\/www.xn--tuksimaailm-ffb.ee\/fi\/shop\/ohjauslaukku-sahkoskootterin-etupussi-1l\/","url":"https:\/\/www.xn--tuksimaailm-ffb.ee\/fi\/shop\/ohjauslaukku-sahkoskootterin-etupussi-1l\/","name":"Ohjauslaukku s\u00e4hk\u00f6skootterin etupussi 1L | T\u00f5uksimaailm","isPartOf":{"@id":"https:\/\/www.xn--tuksimaailm-ffb.ee\/fi\/#website"},"primaryImageOfPage":{"@id":"https:\/\/www.xn--tuksimaailm-ffb.ee\/fi\/shop\/ohjauslaukku-sahkoskootterin-etupussi-1l\/#primaryimage"},"image":{"@id":"https:\/\/www.xn--tuksimaailm-ffb.ee\/fi\/shop\/ohjauslaukku-sahkoskootterin-etupussi-1l\/#primaryimage"},"thumbnailUrl":"https:\/\/www.xn--tuksimaailm-ffb.ee\/wp-content\/uploads\/2023\/01\/Screenshot-2026-01-06-231404.webp","datePublished":"2023-01-01T16:01:25+00:00","description":"Lenksukott \/ elektrit\u00f5ukeratta esimene kott, maht 1L.","breadcrumb":{"@id":"https:\/\/www.xn--tuksimaailm-ffb.ee\/fi\/shop\/ohjauslaukku-sahkoskootterin-etupussi-1l\/#breadcrumb"},"inLanguage":"fi","potentialAction":[{"@type":"ReadAction","target":["https:\/\/www.xn--tuksimaailm-ffb.ee\/fi\/shop\/ohjauslaukku-sahkoskootterin-etupussi-1l\/"]}]},{"@type":"ImageObject","inLanguage":"fi","@id":"https:\/\/www.xn--tuksimaailm-ffb.ee\/fi\/shop\/ohjauslaukku-sahkoskootterin-etupussi-1l\/#primaryimage","url":"https:\/\/www.xn--tuksimaailm-ffb.ee\/wp-content\/uploads\/2023\/01\/Screenshot-2026-01-06-231404.webp","contentUrl":"https:\/\/www.xn--tuksimaailm-ffb.ee\/wp-content\/uploads\/2023\/01\/Screenshot-2026-01-06-231404.webp","width":1351,"height":1213,"caption":"Lenksukott elektrit\u00f5ukeratta esimene kott 1L"},{"@type":"BreadcrumbList","@id":"https:\/\/www.xn--tuksimaailm-ffb.ee\/fi\/shop\/ohjauslaukku-sahkoskootterin-etupussi-1l\/#breadcrumb","itemListElement":[{"@type":"ListItem","position":1,"name":"Home","item":"https:\/\/www.xn--tuksimaailm-ffb.ee\/fi\/kotisivu\/"},{"@type":"ListItem","position":2,"name":"Kauppa","item":"https:\/\/www.xn--tuksimaailm-ffb.ee\/elektritoukerataste-pood\/"},{"@type":"ListItem","position":3,"name":"Ohjauslaukku s\u00e4hk\u00f6skootterin etupussi 1L"}]},{"@type":"WebSite","@id":"https:\/\/www.xn--tuksimaailm-ffb.ee\/fi\/#website","url":"https:\/\/www.xn--tuksimaailm-ffb.ee\/fi\/","name":"T\u00f5uksimaailm","description":"Elektrit\u00f5ukerataste m\u00fc\u00fck, remont ja rent","publisher":{"@id":"https:\/\/www.xn--tuksimaailm-ffb.ee\/fi\/#organization"},"potentialAction":[{"@type":"SearchAction","target":{"@type":"EntryPoint","urlTemplate":"https:\/\/www.xn--tuksimaailm-ffb.ee\/fi\/?s={search_term_string}"},"query-input":{"@type":"PropertyValueSpecification","valueRequired":true,"valueName":"search_term_string"}}],"inLanguage":"fi"},{"@type":"Organization","@id":"https:\/\/www.xn--tuksimaailm-ffb.ee\/fi\/#organization","name":"T\u00f5uksimaailm","url":"https:\/\/www.xn--tuksimaailm-ffb.ee\/fi\/","logo":{"@type":"ImageObject","inLanguage":"fi","@id":"https:\/\/www.xn--tuksimaailm-ffb.ee\/fi\/#\/schema\/logo\/image\/","url":"https:\/\/www.xn--tuksimaailm-ffb.ee\/wp-content\/uploads\/2020\/01\/logoz-e1579792875517.png","contentUrl":"https:\/\/www.xn--tuksimaailm-ffb.ee\/wp-content\/uploads\/2020\/01\/logoz-e1579792875517.png","width":250,"height":250,"caption":"T\u00f5uksimaailm"},"image":{"@id":"https:\/\/www.xn--tuksimaailm-ffb.ee\/fi\/#\/schema\/logo\/image\/"},"sameAs":["https:\/\/www.facebook.com\/touksimaailm\/","https:\/\/www.instagram.com\/touksimaailm_\/","https:\/\/www.youtube.com\/channel\/UC18ml0EKIDLP1xGuQjFzcXQ"]}]},"product_price_amount":"17.50","product_price_currency":"EUR","og_availability":"instock","product_availability":"instock","product_condition":"new"},"jetpack_sharing_enabled":true,"_links":{"self":[{"href":"https:\/\/www.xn--tuksimaailm-ffb.ee\/fi\/wp-json\/wp\/v2\/product\/53801","targetHints":{"allow":["GET"]}}],"collection":[{"href":"https:\/\/www.xn--tuksimaailm-ffb.ee\/fi\/wp-json\/wp\/v2\/product"}],"about":[{"href":"https:\/\/www.xn--tuksimaailm-ffb.ee\/fi\/wp-json\/wp\/v2\/types\/product"}],"wp:featuredmedia":[{"embeddable":true,"href":"https:\/\/www.xn--tuksimaailm-ffb.ee\/fi\/wp-json\/wp\/v2\/media\/72978"}],"wp:attachment":[{"href":"https:\/\/www.xn--tuksimaailm-ffb.ee\/fi\/wp-json\/wp\/v2\/media?parent=53801"}],"wp:term":[{"taxonomy":"product_brand","embeddable":true,"href":"https:\/\/www.xn--tuksimaailm-ffb.ee\/fi\/wp-json\/wp\/v2\/product_brand?post=53801"},{"taxonomy":"product_cat","embeddable":true,"href":"https:\/\/www.xn--tuksimaailm-ffb.ee\/fi\/wp-json\/wp\/v2\/product_cat?post=53801"},{"taxonomy":"product_tag","embeddable":true,"href":"https:\/\/www.xn--tuksimaailm-ffb.ee\/fi\/wp-json\/wp\/v2\/product_tag?post=53801"},{"taxonomy":"filter_elektritoukeratas","embeddable":true,"href":"https:\/\/www.xn--tuksimaailm-ffb.ee\/fi\/wp-json\/wp\/v2\/filter_elektritoukeratas?post=53801"}],"curies":[{"name":"wp","href":"https:\/\/api.w.org\/{rel}","templated":true}]}}