{"id":53812,"date":"2022-07-20T11:04:34","date_gmt":"2022-07-20T08:04:34","guid":{"rendered":"http:\/\/www.xn--tuksimaailm-ffb.ee\/shop\/satula-sahkoskootterille-nanrobotille\/"},"modified":"2022-07-20T11:04:34","modified_gmt":"2022-07-20T08:04:34","slug":"satula-sahkoskootterille-nanrobotille","status":"publish","type":"product","link":"https:\/\/www.xn--tuksimaailm-ffb.ee\/fi\/shop\/satula-sahkoskootterille-nanrobotille\/","title":{"rendered":"Satula s\u00e4hk\u00f6skootterille Nanrobotille"},"content":{"rendered":"<p>Nanrobot-satula on suunniteltu niille, jotka haluavat <a href=\"http:\/\/www.xn--tuksimaailm-ffb.ee\/tootekategooria\/elektritoukeratas\/?swoof=1&amp;pa_valmistaja=nanrobot&amp;really_curr_tax=21-product_cat\">Nanrobot-s\u00e4hk\u00f6skootterin<\/a> olevan entist\u00e4kin mukavampi. Huolimatta siit\u00e4, ett\u00e4 Nanrobot-s\u00e4hk\u00f6skootteri on varustettu iskunvaimentimilla, istuimen lis\u00e4\u00e4minen tekee ajokokemuksesta entist\u00e4kin mukavamman.<\/p>\n<p>Satula\/istuin on varustettu iskunvaimentimilla miellytt\u00e4v\u00e4n ratsastuskokemuksen varmistamiseksi. Satula on valmistettu pehme\u00e4st\u00e4 polyuretaanista ja p\u00e4\u00e4llystetty nahalla. Nahkap\u00e4\u00e4llyste soveltuu erinomaisesti k\u00e4ytett\u00e4v\u00e4ksi Viron ilmastossa, sill\u00e4 nahka ei imeydy veteen ja mahdollisesti kertyv\u00e4 vesi on helppo pyyhki\u00e4 pois.<\/p>\n<p><strong>NB!\u00a0<\/strong>Kevytmoottoriajoneuvo on<u>yhden henkil\u00f6n kuljettamiseen tarkoitettu ajoneuvo, joka<\/u> <a href=\"https:\/\/www.riigiteataja.ee\/akt\/113112020001\">t\u00e4ytt\u00e4\u00e4 <\/a>t\u00e4m\u00e4n lain <a href=\"https:\/\/www.riigiteataja.ee\/akt\/113112020001\">87 \u00a7:n 12 momentin <\/a>vaatimukset, lukuun ottamatta polkupy\u00f6r\u00e4\u00e4,<u>jota liikutetaan s\u00e4hk\u00f6isesti ilman istuinta<\/u>. Kevyeksi moottoriajoneuvoksi katsotaan my\u00f6s t\u00e4m\u00e4n pyk\u00e4l\u00e4n 80 \u00a7:ss\u00e4 tarkoitettu tasapainotuslaite;\u201d;<\/p>\n","protected":false},"excerpt":{"rendered":"<p><i><strong>Toimitusaika: 15tp<\/strong><\/i><\/p>\n","protected":false},"featured_media":25261,"template":"","meta":[],"product_brand":[],"product_cat":[1697,1698],"product_tag":[3272],"filter_elektritoukeratas":[],"class_list":{"0":"post-53812","1":"product","2":"type-product","3":"status-publish","4":"has-post-thumbnail","6":"product_cat-lisavarusteet","7":"product_cat-varaosat","8":"product_tag-istmed","9":"pa_size-nanrobot-d4-2-0-fi","10":"pa_size-nanrobot-d4-3-0-fi","11":"pa_size-nanrobot-d6-fi","12":"pa_size-nanrobot-lightning-fi","13":"pa_size-nanrobot-ls7-fi","14":"pa_size-nanrobot-x4-fi","15":"pa_tootetuup-istmed-fi","17":"first","18":"instock","19":"taxable","20":"shipping-taxable","21":"purchasable","22":"product-type-variable"},"yoast_head":"<!-- This site is optimized with the Yoast SEO Premium plugin v26.8 (Yoast SEO v27.5) - https:\/\/yoast.com\/product\/yoast-seo-premium-wordpress\/ -->\n<title>Satula s\u00e4hk\u00f6skootterille Nanrobotille | T\u00f5uksimaailm<\/title>\n<meta name=\"description\" content=\"Nanrobot elektrit\u00f5ukeratas veelgi mugavamaks. Nanrobot sadul on toekas ja amortidega. Sobib enamus Nanrobot elektrit\u00f5ukeratastele\" \/>\n<meta name=\"robots\" content=\"index, follow, max-snippet:-1, max-image-preview:large, max-video-preview:-1\" \/>\n<link rel=\"canonical\" href=\"https:\/\/www.xn--tuksimaailm-ffb.ee\/fi\/shop\/satula-sahkoskootterille-nanrobotille\/\" \/>\n<meta property=\"og:locale\" content=\"fi_FI\" \/>\n<meta property=\"og:type\" content=\"article\" \/>\n<meta property=\"og:title\" content=\"Satula s\u00e4hk\u00f6skootterille Nanrobotille\" \/>\n<meta property=\"og:description\" content=\"Nanrobot elektrit\u00f5ukeratas veelgi mugavamaks. Nanrobot sadul on toekas ja amortidega. Sobib enamus Nanrobot elektrit\u00f5ukeratastele\" \/>\n<meta property=\"og:url\" content=\"https:\/\/www.xn--tuksimaailm-ffb.ee\/fi\/shop\/satula-sahkoskootterille-nanrobotille\/\" \/>\n<meta property=\"og:site_name\" content=\"T\u00f5uksimaailm\" \/>\n<meta property=\"article:publisher\" content=\"https:\/\/www.facebook.com\/touksimaailm\/\" \/>\n<meta property=\"og:image\" content=\"https:\/\/www.xn--tuksimaailm-ffb.ee\/wp-content\/uploads\/2022\/07\/Screenshot-2022-07-20-at-13.22.53.png\" \/>\n\t<meta property=\"og:image:width\" content=\"1496\" \/>\n\t<meta property=\"og:image:height\" content=\"1342\" \/>\n\t<meta property=\"og:image:type\" content=\"image\/png\" \/>\n<meta name=\"twitter:card\" content=\"summary_large_image\" \/>\n<meta name=\"twitter:label1\" content=\"Saatavuus\" \/>\n\t<meta name=\"twitter:data1\" content=\"Varastossa\" \/>\n<meta property=\"og:availability\" content=\"instock\" \/>\n<meta property=\"product:availability\" content=\"instock\" \/>\n<meta property=\"product:condition\" content=\"new\" \/>\n<!-- \/ Yoast SEO Premium plugin. -->","yoast_head_json":{"title":"Satula s\u00e4hk\u00f6skootterille Nanrobotille | T\u00f5uksimaailm","description":"Nanrobot elektrit\u00f5ukeratas veelgi mugavamaks. Nanrobot sadul on toekas ja amortidega. Sobib enamus Nanrobot elektrit\u00f5ukeratastele","robots":{"index":"index","follow":"follow","max-snippet":"max-snippet:-1","max-image-preview":"max-image-preview:large","max-video-preview":"max-video-preview:-1"},"canonical":"https:\/\/www.xn--tuksimaailm-ffb.ee\/fi\/shop\/satula-sahkoskootterille-nanrobotille\/","og_locale":"fi_FI","og_type":"article","og_title":"Satula s\u00e4hk\u00f6skootterille Nanrobotille","og_description":"Nanrobot elektrit\u00f5ukeratas veelgi mugavamaks. Nanrobot sadul on toekas ja amortidega. Sobib enamus Nanrobot elektrit\u00f5ukeratastele","og_url":"https:\/\/www.xn--tuksimaailm-ffb.ee\/fi\/shop\/satula-sahkoskootterille-nanrobotille\/","og_site_name":"T\u00f5uksimaailm","article_publisher":"https:\/\/www.facebook.com\/touksimaailm\/","og_image":[{"width":1496,"height":1342,"url":"https:\/\/www.xn--tuksimaailm-ffb.ee\/wp-content\/uploads\/2022\/07\/Screenshot-2022-07-20-at-13.22.53.png","type":"image\/png"}],"twitter_card":"summary_large_image","twitter_misc":{"Saatavuus":"Varastossa"},"schema":{"@context":"https:\/\/schema.org","@graph":[{"@type":"WebPage","@id":"https:\/\/www.xn--tuksimaailm-ffb.ee\/fi\/shop\/satula-sahkoskootterille-nanrobotille\/","url":"https:\/\/www.xn--tuksimaailm-ffb.ee\/fi\/shop\/satula-sahkoskootterille-nanrobotille\/","name":"Satula s\u00e4hk\u00f6skootterille Nanrobotille | T\u00f5uksimaailm","isPartOf":{"@id":"https:\/\/www.xn--tuksimaailm-ffb.ee\/fi\/#website"},"primaryImageOfPage":{"@id":"https:\/\/www.xn--tuksimaailm-ffb.ee\/fi\/shop\/satula-sahkoskootterille-nanrobotille\/#primaryimage"},"image":{"@id":"https:\/\/www.xn--tuksimaailm-ffb.ee\/fi\/shop\/satula-sahkoskootterille-nanrobotille\/#primaryimage"},"thumbnailUrl":"https:\/\/www.xn--tuksimaailm-ffb.ee\/wp-content\/uploads\/2022\/07\/Screenshot-2022-07-20-at-13.22.53.png","datePublished":"2022-07-20T08:04:34+00:00","description":"Nanrobot elektrit\u00f5ukeratas veelgi mugavamaks. Nanrobot sadul on toekas ja amortidega. Sobib enamus Nanrobot elektrit\u00f5ukeratastele","breadcrumb":{"@id":"https:\/\/www.xn--tuksimaailm-ffb.ee\/fi\/shop\/satula-sahkoskootterille-nanrobotille\/#breadcrumb"},"inLanguage":"fi","potentialAction":[{"@type":"ReadAction","target":["https:\/\/www.xn--tuksimaailm-ffb.ee\/fi\/shop\/satula-sahkoskootterille-nanrobotille\/"]}]},{"@type":"ImageObject","inLanguage":"fi","@id":"https:\/\/www.xn--tuksimaailm-ffb.ee\/fi\/shop\/satula-sahkoskootterille-nanrobotille\/#primaryimage","url":"https:\/\/www.xn--tuksimaailm-ffb.ee\/wp-content\/uploads\/2022\/07\/Screenshot-2022-07-20-at-13.22.53.png","contentUrl":"https:\/\/www.xn--tuksimaailm-ffb.ee\/wp-content\/uploads\/2022\/07\/Screenshot-2022-07-20-at-13.22.53.png","width":1496,"height":1342},{"@type":"BreadcrumbList","@id":"https:\/\/www.xn--tuksimaailm-ffb.ee\/fi\/shop\/satula-sahkoskootterille-nanrobotille\/#breadcrumb","itemListElement":[{"@type":"ListItem","position":1,"name":"Home","item":"https:\/\/www.xn--tuksimaailm-ffb.ee\/fi\/kotisivu\/"},{"@type":"ListItem","position":2,"name":"Kauppa","item":"https:\/\/www.xn--tuksimaailm-ffb.ee\/elektritoukerataste-pood\/"},{"@type":"ListItem","position":3,"name":"Satula s\u00e4hk\u00f6skootterille Nanrobotille"}]},{"@type":"WebSite","@id":"https:\/\/www.xn--tuksimaailm-ffb.ee\/fi\/#website","url":"https:\/\/www.xn--tuksimaailm-ffb.ee\/fi\/","name":"T\u00f5uksimaailm","description":"Elektrit\u00f5ukerataste m\u00fc\u00fck, remont ja rent","publisher":{"@id":"https:\/\/www.xn--tuksimaailm-ffb.ee\/fi\/#organization"},"potentialAction":[{"@type":"SearchAction","target":{"@type":"EntryPoint","urlTemplate":"https:\/\/www.xn--tuksimaailm-ffb.ee\/fi\/?s={search_term_string}"},"query-input":{"@type":"PropertyValueSpecification","valueRequired":true,"valueName":"search_term_string"}}],"inLanguage":"fi"},{"@type":"Organization","@id":"https:\/\/www.xn--tuksimaailm-ffb.ee\/fi\/#organization","name":"T\u00f5uksimaailm","url":"https:\/\/www.xn--tuksimaailm-ffb.ee\/fi\/","logo":{"@type":"ImageObject","inLanguage":"fi","@id":"https:\/\/www.xn--tuksimaailm-ffb.ee\/fi\/#\/schema\/logo\/image\/","url":"https:\/\/www.xn--tuksimaailm-ffb.ee\/wp-content\/uploads\/2020\/01\/logoz-e1579792875517.png","contentUrl":"https:\/\/www.xn--tuksimaailm-ffb.ee\/wp-content\/uploads\/2020\/01\/logoz-e1579792875517.png","width":250,"height":250,"caption":"T\u00f5uksimaailm"},"image":{"@id":"https:\/\/www.xn--tuksimaailm-ffb.ee\/fi\/#\/schema\/logo\/image\/"},"sameAs":["https:\/\/www.facebook.com\/touksimaailm\/","https:\/\/www.instagram.com\/touksimaailm_\/","https:\/\/www.youtube.com\/channel\/UC18ml0EKIDLP1xGuQjFzcXQ"]}]},"og_availability":"instock","product_availability":"instock","product_condition":"new"},"jetpack_sharing_enabled":true,"_links":{"self":[{"href":"https:\/\/www.xn--tuksimaailm-ffb.ee\/fi\/wp-json\/wp\/v2\/product\/53812","targetHints":{"allow":["GET"]}}],"collection":[{"href":"https:\/\/www.xn--tuksimaailm-ffb.ee\/fi\/wp-json\/wp\/v2\/product"}],"about":[{"href":"https:\/\/www.xn--tuksimaailm-ffb.ee\/fi\/wp-json\/wp\/v2\/types\/product"}],"wp:featuredmedia":[{"embeddable":true,"href":"https:\/\/www.xn--tuksimaailm-ffb.ee\/fi\/wp-json\/wp\/v2\/media\/25261"}],"wp:attachment":[{"href":"https:\/\/www.xn--tuksimaailm-ffb.ee\/fi\/wp-json\/wp\/v2\/media?parent=53812"}],"wp:term":[{"taxonomy":"product_brand","embeddable":true,"href":"https:\/\/www.xn--tuksimaailm-ffb.ee\/fi\/wp-json\/wp\/v2\/product_brand?post=53812"},{"taxonomy":"product_cat","embeddable":true,"href":"https:\/\/www.xn--tuksimaailm-ffb.ee\/fi\/wp-json\/wp\/v2\/product_cat?post=53812"},{"taxonomy":"product_tag","embeddable":true,"href":"https:\/\/www.xn--tuksimaailm-ffb.ee\/fi\/wp-json\/wp\/v2\/product_tag?post=53812"},{"taxonomy":"filter_elektritoukeratas","embeddable":true,"href":"https:\/\/www.xn--tuksimaailm-ffb.ee\/fi\/wp-json\/wp\/v2\/filter_elektritoukeratas?post=53812"}],"curies":[{"name":"wp","href":"https:\/\/api.w.org\/{rel}","templated":true}]}}