{"id":53820,"date":"2022-06-18T16:03:18","date_gmt":"2022-06-18T16:03:18","guid":{"rendered":"http:\/\/www.xn--tuksimaailm-ffb.ee\/shop\/sahkoskootterin-ohjaustanko-laukku-vedenpitava-3l-suniik\/"},"modified":"2022-06-18T16:03:18","modified_gmt":"2022-06-18T13:03:18","slug":"sahkoskootterin-ohjaustanko-laukku-vedenpitava-3l-suniik","status":"publish","type":"product","link":"https:\/\/www.xn--tuksimaailm-ffb.ee\/fi\/shop\/sahkoskootterin-ohjaustanko-laukku-vedenpitava-3l-suniik\/","title":{"rendered":"S\u00e4hk\u00f6skootterin ohjaustanko laukku vedenpit\u00e4v\u00e4 3L Suniik"},"content":{"rendered":"<p>S\u00e4hk\u00f6skootterin ohjaustanko laukku vedenpit\u00e4v\u00e4, kapasiteetti 3L, merkki \/ logo Suniik. S\u00e4hk\u00f6skootterin ohjainlaukku kiinnittyy s\u00e4hk\u00f6skootterin linssin ja ohjainputken ymp\u00e4rille <strong>s\u00e4\u00e4dett\u00e4vill\u00e4 klipseill\u00e4<\/strong> (hihnoilla) ja sopii kaikkiin <a href=\"http:\/\/www.xn--tuksimaailm-ffb.ee\/tootekategooria\/elektritoukeratas\/\">s\u00e4hk\u00f6skoottereihin<\/a>. Joidenkin s\u00e4hk\u00f6skoottereiden kiinnityshihnojen pituudesta johtuen t\u00e4m\u00e4 linssilaukku saattaa peitt\u00e4\u00e4 ajovalon, kun ajovalo on asennettu linssin alle.<\/p>\n","protected":false},"excerpt":{"rendered":"<p>S\u00e4hk\u00f6skootterin ohjaustanko laukku vedenpit\u00e4v\u00e4, kapasiteetti 3L, merkki \/ logo Suniik. S\u00e4hk\u00f6skootterin ohjainlaukku kiinnittyy s\u00e4hk\u00f6skootterin linssin ja ohjainputken ymp\u00e4rille s\u00e4\u00e4dett\u00e4vill\u00e4 klipseill\u00e4 (hihnoilla) ja sopii kaikkiin s\u00e4hk\u00f6skoottereihin. Joidenkin s\u00e4hk\u00f6skoottereiden kiinnityshihnojen pituudesta johtuen t\u00e4m\u00e4 linssilaukku saattaa peitt\u00e4\u00e4 ajovalon, kun ajovalo on asennettu linssin alle.<\/p>\n","protected":false},"featured_media":71668,"template":"","meta":[],"product_brand":[],"product_cat":[1697],"product_tag":[3278],"filter_elektritoukeratas":[],"class_list":{"0":"post-53820","1":"product","2":"type-product","3":"status-publish","4":"has-post-thumbnail","6":"product_cat-lisavarusteet","7":"product_tag-lenksukotid-fi","8":"pa_tootetuup-lenksukotid-fi","10":"first","11":"instock","12":"taxable","13":"shipping-taxable","14":"purchasable","15":"product-type-variable"},"yoast_head":"<!-- This site is optimized with the Yoast SEO Premium plugin v26.8 (Yoast SEO v27.3) - https:\/\/yoast.com\/product\/yoast-seo-premium-wordpress\/ -->\n<title>S\u00e4hk\u00f6skootterin ohjaustanko laukku vedenpit\u00e4v\u00e4 3L Suniik | T\u00f5uksimaailm<\/title>\n<meta name=\"description\" content=\"Elektrit\u00f5ukeratta lenksukott veekindel, mahtuvus 3L, br\u00e4nd \/ logo Suniik. Kott elektrilisele t\u00f5ukerattale kinnitub takjapaeltega.\" \/>\n<meta name=\"robots\" content=\"index, follow, max-snippet:-1, max-image-preview:large, max-video-preview:-1\" \/>\n<link rel=\"canonical\" href=\"https:\/\/www.xn--tuksimaailm-ffb.ee\/fi\/shop\/sahkoskootterin-ohjaustanko-laukku-vedenpitava-3l-suniik\/\" \/>\n<meta property=\"og:locale\" content=\"fi_FI\" \/>\n<meta property=\"og:type\" content=\"article\" \/>\n<meta property=\"og:title\" content=\"S\u00e4hk\u00f6skootterin ohjaustanko laukku vedenpit\u00e4v\u00e4 3L Suniik\" \/>\n<meta property=\"og:description\" content=\"Elektrit\u00f5ukeratta lenksukott veekindel, mahtuvus 3L, br\u00e4nd \/ logo Suniik. Kott elektrilisele t\u00f5ukerattale kinnitub takjapaeltega.\" \/>\n<meta property=\"og:url\" content=\"https:\/\/www.xn--tuksimaailm-ffb.ee\/fi\/shop\/sahkoskootterin-ohjaustanko-laukku-vedenpitava-3l-suniik\/\" \/>\n<meta property=\"og:site_name\" content=\"T\u00f5uksimaailm\" \/>\n<meta property=\"article:publisher\" content=\"https:\/\/www.facebook.com\/touksimaailm\/\" \/>\n<meta property=\"og:image\" content=\"https:\/\/www.xn--tuksimaailm-ffb.ee\/wp-content\/uploads\/2022\/06\/suniik-2.jpg\" \/>\n\t<meta property=\"og:image:width\" content=\"403\" \/>\n\t<meta property=\"og:image:height\" content=\"463\" \/>\n\t<meta property=\"og:image:type\" content=\"image\/jpeg\" \/>\n<meta name=\"twitter:card\" content=\"summary_large_image\" \/>\n<meta name=\"twitter:label1\" content=\"Saatavuus\" \/>\n\t<meta name=\"twitter:data1\" content=\"Varastossa\" \/>\n<meta property=\"og:availability\" content=\"instock\" \/>\n<meta property=\"product:availability\" content=\"instock\" \/>\n<meta property=\"product:condition\" content=\"new\" \/>\n<!-- \/ Yoast SEO Premium plugin. -->","yoast_head_json":{"title":"S\u00e4hk\u00f6skootterin ohjaustanko laukku vedenpit\u00e4v\u00e4 3L Suniik | T\u00f5uksimaailm","description":"Elektrit\u00f5ukeratta lenksukott veekindel, mahtuvus 3L, br\u00e4nd \/ logo Suniik. Kott elektrilisele t\u00f5ukerattale kinnitub takjapaeltega.","robots":{"index":"index","follow":"follow","max-snippet":"max-snippet:-1","max-image-preview":"max-image-preview:large","max-video-preview":"max-video-preview:-1"},"canonical":"https:\/\/www.xn--tuksimaailm-ffb.ee\/fi\/shop\/sahkoskootterin-ohjaustanko-laukku-vedenpitava-3l-suniik\/","og_locale":"fi_FI","og_type":"article","og_title":"S\u00e4hk\u00f6skootterin ohjaustanko laukku vedenpit\u00e4v\u00e4 3L Suniik","og_description":"Elektrit\u00f5ukeratta lenksukott veekindel, mahtuvus 3L, br\u00e4nd \/ logo Suniik. Kott elektrilisele t\u00f5ukerattale kinnitub takjapaeltega.","og_url":"https:\/\/www.xn--tuksimaailm-ffb.ee\/fi\/shop\/sahkoskootterin-ohjaustanko-laukku-vedenpitava-3l-suniik\/","og_site_name":"T\u00f5uksimaailm","article_publisher":"https:\/\/www.facebook.com\/touksimaailm\/","og_image":[{"width":403,"height":463,"url":"https:\/\/www.xn--tuksimaailm-ffb.ee\/wp-content\/uploads\/2022\/06\/suniik-2.jpg","type":"image\/jpeg"}],"twitter_card":"summary_large_image","twitter_misc":{"Saatavuus":"Varastossa"},"schema":{"@context":"https:\/\/schema.org","@graph":[{"@type":"WebPage","@id":"https:\/\/www.xn--tuksimaailm-ffb.ee\/fi\/shop\/sahkoskootterin-ohjaustanko-laukku-vedenpitava-3l-suniik\/","url":"https:\/\/www.xn--tuksimaailm-ffb.ee\/fi\/shop\/sahkoskootterin-ohjaustanko-laukku-vedenpitava-3l-suniik\/","name":"S\u00e4hk\u00f6skootterin ohjaustanko laukku vedenpit\u00e4v\u00e4 3L Suniik | T\u00f5uksimaailm","isPartOf":{"@id":"https:\/\/www.xn--tuksimaailm-ffb.ee\/fi\/#website"},"primaryImageOfPage":{"@id":"https:\/\/www.xn--tuksimaailm-ffb.ee\/fi\/shop\/sahkoskootterin-ohjaustanko-laukku-vedenpitava-3l-suniik\/#primaryimage"},"image":{"@id":"https:\/\/www.xn--tuksimaailm-ffb.ee\/fi\/shop\/sahkoskootterin-ohjaustanko-laukku-vedenpitava-3l-suniik\/#primaryimage"},"thumbnailUrl":"https:\/\/www.xn--tuksimaailm-ffb.ee\/wp-content\/uploads\/2025\/12\/Screenshot-2025-12-17-001410.webp","datePublished":"2022-06-18T16:03:18+00:00","description":"Elektrit\u00f5ukeratta lenksukott veekindel, mahtuvus 3L, br\u00e4nd \/ logo Suniik. Kott elektrilisele t\u00f5ukerattale kinnitub takjapaeltega.","breadcrumb":{"@id":"https:\/\/www.xn--tuksimaailm-ffb.ee\/fi\/shop\/sahkoskootterin-ohjaustanko-laukku-vedenpitava-3l-suniik\/#breadcrumb"},"inLanguage":"fi","potentialAction":[{"@type":"ReadAction","target":["https:\/\/www.xn--tuksimaailm-ffb.ee\/fi\/shop\/sahkoskootterin-ohjaustanko-laukku-vedenpitava-3l-suniik\/"]}]},{"@type":"ImageObject","inLanguage":"fi","@id":"https:\/\/www.xn--tuksimaailm-ffb.ee\/fi\/shop\/sahkoskootterin-ohjaustanko-laukku-vedenpitava-3l-suniik\/#primaryimage","url":"https:\/\/www.xn--tuksimaailm-ffb.ee\/wp-content\/uploads\/2025\/12\/Screenshot-2025-12-17-001410.webp","contentUrl":"https:\/\/www.xn--tuksimaailm-ffb.ee\/wp-content\/uploads\/2025\/12\/Screenshot-2025-12-17-001410.webp","width":701,"height":779,"caption":"Elektrit\u00f5ukeratta lenksukott veekindel eRIDER360"},{"@type":"BreadcrumbList","@id":"https:\/\/www.xn--tuksimaailm-ffb.ee\/fi\/shop\/sahkoskootterin-ohjaustanko-laukku-vedenpitava-3l-suniik\/#breadcrumb","itemListElement":[{"@type":"ListItem","position":1,"name":"Home","item":"https:\/\/www.xn--tuksimaailm-ffb.ee\/fi\/kotisivu\/"},{"@type":"ListItem","position":2,"name":"Kauppa","item":"https:\/\/www.xn--tuksimaailm-ffb.ee\/elektritoukerataste-pood\/"},{"@type":"ListItem","position":3,"name":"S\u00e4hk\u00f6skootterin ohjaustanko laukku vedenpit\u00e4v\u00e4 3L Suniik"}]},{"@type":"WebSite","@id":"https:\/\/www.xn--tuksimaailm-ffb.ee\/fi\/#website","url":"https:\/\/www.xn--tuksimaailm-ffb.ee\/fi\/","name":"T\u00f5uksimaailm","description":"Elektrit\u00f5ukerataste m\u00fc\u00fck, remont ja rent","publisher":{"@id":"https:\/\/www.xn--tuksimaailm-ffb.ee\/fi\/#organization"},"potentialAction":[{"@type":"SearchAction","target":{"@type":"EntryPoint","urlTemplate":"https:\/\/www.xn--tuksimaailm-ffb.ee\/fi\/?s={search_term_string}"},"query-input":{"@type":"PropertyValueSpecification","valueRequired":true,"valueName":"search_term_string"}}],"inLanguage":"fi"},{"@type":"Organization","@id":"https:\/\/www.xn--tuksimaailm-ffb.ee\/fi\/#organization","name":"T\u00f5uksimaailm","url":"https:\/\/www.xn--tuksimaailm-ffb.ee\/fi\/","logo":{"@type":"ImageObject","inLanguage":"fi","@id":"https:\/\/www.xn--tuksimaailm-ffb.ee\/fi\/#\/schema\/logo\/image\/","url":"https:\/\/www.xn--tuksimaailm-ffb.ee\/wp-content\/uploads\/2020\/01\/logoz-e1579792875517.png","contentUrl":"https:\/\/www.xn--tuksimaailm-ffb.ee\/wp-content\/uploads\/2020\/01\/logoz-e1579792875517.png","width":250,"height":250,"caption":"T\u00f5uksimaailm"},"image":{"@id":"https:\/\/www.xn--tuksimaailm-ffb.ee\/fi\/#\/schema\/logo\/image\/"},"sameAs":["https:\/\/www.facebook.com\/touksimaailm\/","https:\/\/www.instagram.com\/touksimaailm_\/","https:\/\/www.youtube.com\/channel\/UC18ml0EKIDLP1xGuQjFzcXQ"]}]},"og_availability":"instock","product_availability":"instock","product_condition":"new"},"jetpack_sharing_enabled":true,"_links":{"self":[{"href":"https:\/\/www.xn--tuksimaailm-ffb.ee\/fi\/wp-json\/wp\/v2\/product\/53820","targetHints":{"allow":["GET"]}}],"collection":[{"href":"https:\/\/www.xn--tuksimaailm-ffb.ee\/fi\/wp-json\/wp\/v2\/product"}],"about":[{"href":"https:\/\/www.xn--tuksimaailm-ffb.ee\/fi\/wp-json\/wp\/v2\/types\/product"}],"wp:featuredmedia":[{"embeddable":true,"href":"https:\/\/www.xn--tuksimaailm-ffb.ee\/fi\/wp-json\/wp\/v2\/media\/71668"}],"wp:attachment":[{"href":"https:\/\/www.xn--tuksimaailm-ffb.ee\/fi\/wp-json\/wp\/v2\/media?parent=53820"}],"wp:term":[{"taxonomy":"product_brand","embeddable":true,"href":"https:\/\/www.xn--tuksimaailm-ffb.ee\/fi\/wp-json\/wp\/v2\/product_brand?post=53820"},{"taxonomy":"product_cat","embeddable":true,"href":"https:\/\/www.xn--tuksimaailm-ffb.ee\/fi\/wp-json\/wp\/v2\/product_cat?post=53820"},{"taxonomy":"product_tag","embeddable":true,"href":"https:\/\/www.xn--tuksimaailm-ffb.ee\/fi\/wp-json\/wp\/v2\/product_tag?post=53820"},{"taxonomy":"filter_elektritoukeratas","embeddable":true,"href":"https:\/\/www.xn--tuksimaailm-ffb.ee\/fi\/wp-json\/wp\/v2\/filter_elektritoukeratas?post=53820"}],"curies":[{"name":"wp","href":"https:\/\/api.w.org\/{rel}","templated":true}]}}