{"id":53826,"date":"2022-05-07T09:52:38","date_gmt":"2022-05-07T09:52:38","guid":{"rendered":"http:\/\/www.xn--tuksimaailm-ffb.ee\/shop\/ketjulukko-abus-steel-o-chain-5805c-musta-koodattu\/"},"modified":"2022-05-07T09:52:38","modified_gmt":"2022-05-07T06:52:38","slug":"ketjulukko-abus-steel-o-chain-5805c-musta-koodattu","status":"publish","type":"product","link":"https:\/\/www.xn--tuksimaailm-ffb.ee\/fi\/shop\/ketjulukko-abus-steel-o-chain-5805c-musta-koodattu\/","title":{"rendered":"Ketjulukko Abus Steel-O-Chain 5805C musta koodattu"},"content":{"rendered":"<p><strong>Ketjulukko Abus Steel-O-Chain 5805C musta<\/strong> polkupy\u00f6r\u00e4\u00e4n \/ s\u00e4hk\u00f6skootteriin. Lukko painaa <strong>590g.<\/strong> Ketjulukko on p\u00e4\u00e4llystetty mustalla tekstiilikerroksella, joka est\u00e4\u00e4 lukkoa vahingoittamasta maalia, kun se on kosketuksissa lukitun polkupy\u00f6r\u00e4n tai skootterin runkoon. Ketjulukot ovat hinnaltaan, tiiviydelt\u00e4\u00e4n ja turvallisuudeltaan parhaita lukkoja. Viel\u00e4 turvallisempi mutta my\u00f6s kompaktimpi vaihtoehto on<a href=\"http:\/\/www.xn--tuksimaailm-ffb.ee\/shop\/kompaktne-lulilukk-abus-bordo-5700-must\/\"><strong> kytkinlukko<\/strong><\/a>. Ketjulukko on <strong>koodattu<\/strong>.<\/p>\n","protected":false},"excerpt":{"rendered":"<p>Ketjulukko Abus Steel-O-Chain 5805C musta polkupy\u00f6r\u00e4\u00e4n \/ s\u00e4hk\u00f6skootteriin. Lukko painaa 590g. Ketjulukko on p\u00e4\u00e4llystetty mustalla tekstiilikerroksella, joka est\u00e4\u00e4 lukkoa vahingoittamasta maalia, kun se on kosketuksissa lukitun polkupy\u00f6r\u00e4n tai skootterin runkoon. Ketjulukot ovat hinnaltaan, tiiviydelt\u00e4\u00e4n ja turvallisuudeltaan parhaita lukkoja. Viel\u00e4 turvallisempi mutta my\u00f6s kompaktimpi vaihtoehto on kytkinlukko. Ketjulukko on koodattu.<\/p>\n","protected":false},"featured_media":25074,"template":"","meta":[],"product_brand":[],"product_cat":[1697],"product_tag":[1721],"filter_elektritoukeratas":[],"class_list":{"0":"post-53826","1":"product","2":"type-product","3":"status-publish","4":"has-post-thumbnail","6":"product_cat-lisavarusteet","7":"product_tag-lukot","8":"pa_tootetuup-lukot","10":"first","11":"outofstock","12":"taxable","13":"shipping-taxable","14":"purchasable","15":"product-type-simple"},"yoast_head":"<!-- This site is optimized with the Yoast SEO Premium plugin v26.8 (Yoast SEO v27.5) - https:\/\/yoast.com\/product\/yoast-seo-premium-wordpress\/ -->\n<title>Ketjulukko Abus Steel-O-Chain 5805C musta koodattu &#8212; T\u00f5uksimaailm<\/title>\n<meta name=\"description\" content=\"Kettlukk Abus Steel-O-Chain 5805C must jalgrattale \/ elektrit\u00f5ukerattale. Luku kaal on 590g. Kettlukk on koodiga.\" \/>\n<meta name=\"robots\" content=\"index, follow, max-snippet:-1, max-image-preview:large, max-video-preview:-1\" \/>\n<link rel=\"canonical\" href=\"https:\/\/www.xn--tuksimaailm-ffb.ee\/fi\/shop\/ketjulukko-abus-steel-o-chain-5805c-musta-koodattu\/\" \/>\n<meta property=\"og:locale\" content=\"fi_FI\" \/>\n<meta property=\"og:type\" content=\"article\" \/>\n<meta property=\"og:title\" content=\"Ketjulukko Abus Steel-O-Chain 5805C musta koodattu\" \/>\n<meta property=\"og:description\" content=\"Kettlukk Abus Steel-O-Chain 5805C must jalgrattale \/ elektrit\u00f5ukerattale. Luku kaal on 590g. Kettlukk on koodiga.\" \/>\n<meta property=\"og:url\" content=\"https:\/\/www.xn--tuksimaailm-ffb.ee\/fi\/shop\/ketjulukko-abus-steel-o-chain-5805c-musta-koodattu\/\" \/>\n<meta property=\"og:site_name\" content=\"T\u00f5uksimaailm\" \/>\n<meta property=\"article:publisher\" content=\"https:\/\/www.facebook.com\/touksimaailm\/\" \/>\n<meta property=\"og:image\" content=\"https:\/\/www.xn--tuksimaailm-ffb.ee\/wp-content\/uploads\/2022\/05\/kettlukk-abus.jpg\" \/>\n\t<meta property=\"og:image:width\" content=\"570\" \/>\n\t<meta property=\"og:image:height\" content=\"553\" \/>\n\t<meta property=\"og:image:type\" content=\"image\/jpeg\" \/>\n<meta name=\"twitter:card\" content=\"summary_large_image\" \/>\n<meta name=\"twitter:label1\" content=\"Hinta\" \/>\n\t<meta name=\"twitter:data1\" content=\"&euro;49.50\" \/>\n\t<meta name=\"twitter:label2\" content=\"Saatavuus\" \/>\n\t<meta name=\"twitter:data2\" content=\"Loppu varastosta\" \/>\n<meta property=\"product:price:amount\" content=\"49.50\" \/>\n<meta property=\"product:price:currency\" content=\"EUR\" \/>\n<meta property=\"og:availability\" content=\"out of stock\" \/>\n<meta property=\"product:availability\" content=\"out of stock\" \/>\n<meta property=\"product:condition\" content=\"new\" \/>\n<!-- \/ Yoast SEO Premium plugin. -->","yoast_head_json":{"title":"Ketjulukko Abus Steel-O-Chain 5805C musta koodattu &#8212; T\u00f5uksimaailm","description":"Kettlukk Abus Steel-O-Chain 5805C must jalgrattale \/ elektrit\u00f5ukerattale. Luku kaal on 590g. Kettlukk on koodiga.","robots":{"index":"index","follow":"follow","max-snippet":"max-snippet:-1","max-image-preview":"max-image-preview:large","max-video-preview":"max-video-preview:-1"},"canonical":"https:\/\/www.xn--tuksimaailm-ffb.ee\/fi\/shop\/ketjulukko-abus-steel-o-chain-5805c-musta-koodattu\/","og_locale":"fi_FI","og_type":"article","og_title":"Ketjulukko Abus Steel-O-Chain 5805C musta koodattu","og_description":"Kettlukk Abus Steel-O-Chain 5805C must jalgrattale \/ elektrit\u00f5ukerattale. Luku kaal on 590g. Kettlukk on koodiga.","og_url":"https:\/\/www.xn--tuksimaailm-ffb.ee\/fi\/shop\/ketjulukko-abus-steel-o-chain-5805c-musta-koodattu\/","og_site_name":"T\u00f5uksimaailm","article_publisher":"https:\/\/www.facebook.com\/touksimaailm\/","og_image":[{"width":570,"height":553,"url":"https:\/\/www.xn--tuksimaailm-ffb.ee\/wp-content\/uploads\/2022\/05\/kettlukk-abus.jpg","type":"image\/jpeg"}],"twitter_card":"summary_large_image","twitter_misc":{"Hinta":"&euro;49.50","Saatavuus":"Loppu varastosta"},"schema":{"@context":"https:\/\/schema.org","@graph":[{"@type":"WebPage","@id":"https:\/\/www.xn--tuksimaailm-ffb.ee\/fi\/shop\/ketjulukko-abus-steel-o-chain-5805c-musta-koodattu\/","url":"https:\/\/www.xn--tuksimaailm-ffb.ee\/fi\/shop\/ketjulukko-abus-steel-o-chain-5805c-musta-koodattu\/","name":"Ketjulukko Abus Steel-O-Chain 5805C musta koodattu &#8212; T\u00f5uksimaailm","isPartOf":{"@id":"https:\/\/www.xn--tuksimaailm-ffb.ee\/fi\/#website"},"primaryImageOfPage":{"@id":"https:\/\/www.xn--tuksimaailm-ffb.ee\/fi\/shop\/ketjulukko-abus-steel-o-chain-5805c-musta-koodattu\/#primaryimage"},"image":{"@id":"https:\/\/www.xn--tuksimaailm-ffb.ee\/fi\/shop\/ketjulukko-abus-steel-o-chain-5805c-musta-koodattu\/#primaryimage"},"thumbnailUrl":"https:\/\/www.xn--tuksimaailm-ffb.ee\/wp-content\/uploads\/2022\/05\/kettlukk-abus.jpg","datePublished":"2022-05-07T09:52:38+00:00","description":"Kettlukk Abus Steel-O-Chain 5805C must jalgrattale \/ elektrit\u00f5ukerattale. Luku kaal on 590g. Kettlukk on koodiga.","breadcrumb":{"@id":"https:\/\/www.xn--tuksimaailm-ffb.ee\/fi\/shop\/ketjulukko-abus-steel-o-chain-5805c-musta-koodattu\/#breadcrumb"},"inLanguage":"fi","potentialAction":[{"@type":"ReadAction","target":["https:\/\/www.xn--tuksimaailm-ffb.ee\/fi\/shop\/ketjulukko-abus-steel-o-chain-5805c-musta-koodattu\/"]}]},{"@type":"ImageObject","inLanguage":"fi","@id":"https:\/\/www.xn--tuksimaailm-ffb.ee\/fi\/shop\/ketjulukko-abus-steel-o-chain-5805c-musta-koodattu\/#primaryimage","url":"https:\/\/www.xn--tuksimaailm-ffb.ee\/wp-content\/uploads\/2022\/05\/kettlukk-abus.jpg","contentUrl":"https:\/\/www.xn--tuksimaailm-ffb.ee\/wp-content\/uploads\/2022\/05\/kettlukk-abus.jpg","width":570,"height":553},{"@type":"BreadcrumbList","@id":"https:\/\/www.xn--tuksimaailm-ffb.ee\/fi\/shop\/ketjulukko-abus-steel-o-chain-5805c-musta-koodattu\/#breadcrumb","itemListElement":[{"@type":"ListItem","position":1,"name":"Home","item":"https:\/\/www.xn--tuksimaailm-ffb.ee\/fi\/kotisivu\/"},{"@type":"ListItem","position":2,"name":"Kauppa","item":"https:\/\/www.xn--tuksimaailm-ffb.ee\/elektritoukerataste-pood\/"},{"@type":"ListItem","position":3,"name":"Ketjulukko Abus Steel-O-Chain 5805C musta koodattu"}]},{"@type":"WebSite","@id":"https:\/\/www.xn--tuksimaailm-ffb.ee\/fi\/#website","url":"https:\/\/www.xn--tuksimaailm-ffb.ee\/fi\/","name":"T\u00f5uksimaailm","description":"Elektrit\u00f5ukerataste m\u00fc\u00fck, remont ja rent","publisher":{"@id":"https:\/\/www.xn--tuksimaailm-ffb.ee\/fi\/#organization"},"potentialAction":[{"@type":"SearchAction","target":{"@type":"EntryPoint","urlTemplate":"https:\/\/www.xn--tuksimaailm-ffb.ee\/fi\/?s={search_term_string}"},"query-input":{"@type":"PropertyValueSpecification","valueRequired":true,"valueName":"search_term_string"}}],"inLanguage":"fi"},{"@type":"Organization","@id":"https:\/\/www.xn--tuksimaailm-ffb.ee\/fi\/#organization","name":"T\u00f5uksimaailm","url":"https:\/\/www.xn--tuksimaailm-ffb.ee\/fi\/","logo":{"@type":"ImageObject","inLanguage":"fi","@id":"https:\/\/www.xn--tuksimaailm-ffb.ee\/fi\/#\/schema\/logo\/image\/","url":"https:\/\/www.xn--tuksimaailm-ffb.ee\/wp-content\/uploads\/2020\/01\/logoz-e1579792875517.png","contentUrl":"https:\/\/www.xn--tuksimaailm-ffb.ee\/wp-content\/uploads\/2020\/01\/logoz-e1579792875517.png","width":250,"height":250,"caption":"T\u00f5uksimaailm"},"image":{"@id":"https:\/\/www.xn--tuksimaailm-ffb.ee\/fi\/#\/schema\/logo\/image\/"},"sameAs":["https:\/\/www.facebook.com\/touksimaailm\/","https:\/\/www.instagram.com\/touksimaailm_\/","https:\/\/www.youtube.com\/channel\/UC18ml0EKIDLP1xGuQjFzcXQ"]}]},"product_price_amount":"49.50","product_price_currency":"EUR","og_availability":"out of stock","product_availability":"out of stock","product_condition":"new"},"jetpack_sharing_enabled":true,"_links":{"self":[{"href":"https:\/\/www.xn--tuksimaailm-ffb.ee\/fi\/wp-json\/wp\/v2\/product\/53826","targetHints":{"allow":["GET"]}}],"collection":[{"href":"https:\/\/www.xn--tuksimaailm-ffb.ee\/fi\/wp-json\/wp\/v2\/product"}],"about":[{"href":"https:\/\/www.xn--tuksimaailm-ffb.ee\/fi\/wp-json\/wp\/v2\/types\/product"}],"wp:featuredmedia":[{"embeddable":true,"href":"https:\/\/www.xn--tuksimaailm-ffb.ee\/fi\/wp-json\/wp\/v2\/media\/25074"}],"wp:attachment":[{"href":"https:\/\/www.xn--tuksimaailm-ffb.ee\/fi\/wp-json\/wp\/v2\/media?parent=53826"}],"wp:term":[{"taxonomy":"product_brand","embeddable":true,"href":"https:\/\/www.xn--tuksimaailm-ffb.ee\/fi\/wp-json\/wp\/v2\/product_brand?post=53826"},{"taxonomy":"product_cat","embeddable":true,"href":"https:\/\/www.xn--tuksimaailm-ffb.ee\/fi\/wp-json\/wp\/v2\/product_cat?post=53826"},{"taxonomy":"product_tag","embeddable":true,"href":"https:\/\/www.xn--tuksimaailm-ffb.ee\/fi\/wp-json\/wp\/v2\/product_tag?post=53826"},{"taxonomy":"filter_elektritoukeratas","embeddable":true,"href":"https:\/\/www.xn--tuksimaailm-ffb.ee\/fi\/wp-json\/wp\/v2\/filter_elektritoukeratas?post=53826"}],"curies":[{"name":"wp","href":"https:\/\/api.w.org\/{rel}","templated":true}]}}