{"id":53836,"date":"2022-03-12T13:08:59","date_gmt":"2022-03-12T11:08:59","guid":{"rendered":"http:\/\/www.xn--tuksimaailm-ffb.ee\/shop\/linssi-laukku-kaabo-sahkopotkulautalle-3l\/"},"modified":"2022-03-12T13:08:59","modified_gmt":"2022-03-12T10:08:59","slug":"linssi-laukku-kaabo-sahkopotkulautalle-3l","status":"publish","type":"product","link":"https:\/\/www.xn--tuksimaailm-ffb.ee\/fi\/shop\/linssi-laukku-kaabo-sahkopotkulautalle-3l\/","title":{"rendered":"Linssi laukku Kaabo s\u00e4hk\u00f6potkulautalle 3L"},"content":{"rendered":"<div class=\"less-content\" data-initial-content=\"&lt;p&gt;&lt;strong&gt;Juhtraud Magic Bar INOKIM&amp;nbsp;&lt;\/strong&gt;sobib&amp;nbsp;mudelitele Ox ja OxO ning on m\u00f5eldud kasutamiseks laste lisajuhtrauana v\u00f5i seljakoti jne riputamiseks.&lt;span&gt;&lt;br&gt;&lt;\/span&gt;&lt;\/p&gt;\">Lenkkilaukku Kaabo-s\u00e4hk\u00f6skootterille. Ohjauslaukussa on Kaabon logo, mutta se sopii my\u00f6s kaikkiin muihin s\u00e4hk\u00f6skoottereihin. Sen tilavuus on 3 litraa ja runko on valmistettu vedenpit\u00e4v\u00e4st\u00e4 materiaalista.<\/div>\n","protected":false},"excerpt":{"rendered":"<p>Lenkkilaukku Kaabo-s\u00e4hk\u00f6skootterille. Ohjauslaukussa on Kaabon logo, mutta se sopii my\u00f6s kaikkiin muihin s\u00e4hk\u00f6skoottereihin. Sen tilavuus on 3 litraa ja runko on valmistettu vedenpit\u00e4v\u00e4st\u00e4 materiaalista.<\/p>\n","protected":false},"featured_media":24901,"template":"","meta":[],"product_brand":[],"product_cat":[1697],"product_tag":[],"filter_elektritoukeratas":[],"class_list":{"0":"post-53836","1":"product","2":"type-product","3":"status-publish","4":"has-post-thumbnail","6":"product_cat-lisavarusteet","7":"pa_tootetuup-lenksukotid-fi","9":"first","10":"instock","11":"taxable","12":"shipping-taxable","13":"purchasable","14":"product-type-simple"},"yoast_head":"<!-- This site is optimized with the Yoast SEO Premium plugin v26.8 (Yoast SEO v27.5) - https:\/\/yoast.com\/product\/yoast-seo-premium-wordpress\/ -->\n<title>Linssi laukku Kaabo s\u00e4hk\u00f6potkulautalle 3L | T\u00f5uksimaailm<\/title>\n<meta name=\"description\" content=\"Lenksukott Kaabo elektrit\u00f5ukerattale. Lenksukott on Kaabo logoga, kuid sobib paigaldamiseks samuti k\u00f5igile teistele elektrit\u00f5ukeratastele.\" \/>\n<meta name=\"robots\" content=\"index, follow, max-snippet:-1, max-image-preview:large, max-video-preview:-1\" \/>\n<link rel=\"canonical\" href=\"https:\/\/www.xn--tuksimaailm-ffb.ee\/fi\/shop\/linssi-laukku-kaabo-sahkopotkulautalle-3l\/\" \/>\n<meta property=\"og:locale\" content=\"fi_FI\" \/>\n<meta property=\"og:type\" content=\"article\" \/>\n<meta property=\"og:title\" content=\"Linssi laukku Kaabo s\u00e4hk\u00f6potkulautalle 3L\" \/>\n<meta property=\"og:description\" content=\"Lenksukott Kaabo elektrit\u00f5ukerattale. Lenksukott on Kaabo logoga, kuid sobib paigaldamiseks samuti k\u00f5igile teistele elektrit\u00f5ukeratastele.\" \/>\n<meta property=\"og:url\" content=\"https:\/\/www.xn--tuksimaailm-ffb.ee\/fi\/shop\/linssi-laukku-kaabo-sahkopotkulautalle-3l\/\" \/>\n<meta property=\"og:site_name\" content=\"T\u00f5uksimaailm\" \/>\n<meta property=\"article:publisher\" content=\"https:\/\/www.facebook.com\/touksimaailm\/\" \/>\n<meta property=\"og:image\" content=\"https:\/\/www.xn--tuksimaailm-ffb.ee\/wp-content\/uploads\/2022\/03\/Kaabo-lenksukott-1.jpg\" \/>\n\t<meta property=\"og:image:width\" content=\"449\" \/>\n\t<meta property=\"og:image:height\" content=\"543\" \/>\n\t<meta property=\"og:image:type\" content=\"image\/jpeg\" \/>\n<meta name=\"twitter:card\" content=\"summary_large_image\" \/>\n<meta name=\"twitter:label1\" content=\"Hinta\" \/>\n\t<meta name=\"twitter:data1\" content=\"&euro;39.00\" \/>\n\t<meta name=\"twitter:label2\" content=\"Saatavuus\" \/>\n\t<meta name=\"twitter:data2\" content=\"Varastossa\" \/>\n<meta property=\"product:price:amount\" content=\"39.00\" \/>\n<meta property=\"product:price:currency\" content=\"EUR\" \/>\n<meta property=\"og:availability\" content=\"instock\" \/>\n<meta property=\"product:availability\" content=\"instock\" \/>\n<meta property=\"product:condition\" content=\"new\" \/>\n<!-- \/ Yoast SEO Premium plugin. -->","yoast_head_json":{"title":"Linssi laukku Kaabo s\u00e4hk\u00f6potkulautalle 3L | T\u00f5uksimaailm","description":"Lenksukott Kaabo elektrit\u00f5ukerattale. Lenksukott on Kaabo logoga, kuid sobib paigaldamiseks samuti k\u00f5igile teistele elektrit\u00f5ukeratastele.","robots":{"index":"index","follow":"follow","max-snippet":"max-snippet:-1","max-image-preview":"max-image-preview:large","max-video-preview":"max-video-preview:-1"},"canonical":"https:\/\/www.xn--tuksimaailm-ffb.ee\/fi\/shop\/linssi-laukku-kaabo-sahkopotkulautalle-3l\/","og_locale":"fi_FI","og_type":"article","og_title":"Linssi laukku Kaabo s\u00e4hk\u00f6potkulautalle 3L","og_description":"Lenksukott Kaabo elektrit\u00f5ukerattale. Lenksukott on Kaabo logoga, kuid sobib paigaldamiseks samuti k\u00f5igile teistele elektrit\u00f5ukeratastele.","og_url":"https:\/\/www.xn--tuksimaailm-ffb.ee\/fi\/shop\/linssi-laukku-kaabo-sahkopotkulautalle-3l\/","og_site_name":"T\u00f5uksimaailm","article_publisher":"https:\/\/www.facebook.com\/touksimaailm\/","og_image":[{"width":449,"height":543,"url":"https:\/\/www.xn--tuksimaailm-ffb.ee\/wp-content\/uploads\/2022\/03\/Kaabo-lenksukott-1.jpg","type":"image\/jpeg"}],"twitter_card":"summary_large_image","twitter_misc":{"Hinta":"&euro;39.00","Saatavuus":"Varastossa"},"schema":{"@context":"https:\/\/schema.org","@graph":[{"@type":"WebPage","@id":"https:\/\/www.xn--tuksimaailm-ffb.ee\/fi\/shop\/linssi-laukku-kaabo-sahkopotkulautalle-3l\/","url":"https:\/\/www.xn--tuksimaailm-ffb.ee\/fi\/shop\/linssi-laukku-kaabo-sahkopotkulautalle-3l\/","name":"Linssi laukku Kaabo s\u00e4hk\u00f6potkulautalle 3L | T\u00f5uksimaailm","isPartOf":{"@id":"https:\/\/www.xn--tuksimaailm-ffb.ee\/fi\/#website"},"primaryImageOfPage":{"@id":"https:\/\/www.xn--tuksimaailm-ffb.ee\/fi\/shop\/linssi-laukku-kaabo-sahkopotkulautalle-3l\/#primaryimage"},"image":{"@id":"https:\/\/www.xn--tuksimaailm-ffb.ee\/fi\/shop\/linssi-laukku-kaabo-sahkopotkulautalle-3l\/#primaryimage"},"thumbnailUrl":"https:\/\/www.xn--tuksimaailm-ffb.ee\/wp-content\/uploads\/2022\/03\/Kaabo-lenksukott-1.jpg","datePublished":"2022-03-12T11:08:59+00:00","description":"Lenksukott Kaabo elektrit\u00f5ukerattale. Lenksukott on Kaabo logoga, kuid sobib paigaldamiseks samuti k\u00f5igile teistele elektrit\u00f5ukeratastele.","breadcrumb":{"@id":"https:\/\/www.xn--tuksimaailm-ffb.ee\/fi\/shop\/linssi-laukku-kaabo-sahkopotkulautalle-3l\/#breadcrumb"},"inLanguage":"fi","potentialAction":[{"@type":"ReadAction","target":["https:\/\/www.xn--tuksimaailm-ffb.ee\/fi\/shop\/linssi-laukku-kaabo-sahkopotkulautalle-3l\/"]}]},{"@type":"ImageObject","inLanguage":"fi","@id":"https:\/\/www.xn--tuksimaailm-ffb.ee\/fi\/shop\/linssi-laukku-kaabo-sahkopotkulautalle-3l\/#primaryimage","url":"https:\/\/www.xn--tuksimaailm-ffb.ee\/wp-content\/uploads\/2022\/03\/Kaabo-lenksukott-1.jpg","contentUrl":"https:\/\/www.xn--tuksimaailm-ffb.ee\/wp-content\/uploads\/2022\/03\/Kaabo-lenksukott-1.jpg","width":449,"height":543},{"@type":"BreadcrumbList","@id":"https:\/\/www.xn--tuksimaailm-ffb.ee\/fi\/shop\/linssi-laukku-kaabo-sahkopotkulautalle-3l\/#breadcrumb","itemListElement":[{"@type":"ListItem","position":1,"name":"Home","item":"https:\/\/www.xn--tuksimaailm-ffb.ee\/fi\/kotisivu\/"},{"@type":"ListItem","position":2,"name":"Kauppa","item":"https:\/\/www.xn--tuksimaailm-ffb.ee\/elektritoukerataste-pood\/"},{"@type":"ListItem","position":3,"name":"Linssi laukku Kaabo s\u00e4hk\u00f6potkulautalle 3L"}]},{"@type":"WebSite","@id":"https:\/\/www.xn--tuksimaailm-ffb.ee\/fi\/#website","url":"https:\/\/www.xn--tuksimaailm-ffb.ee\/fi\/","name":"T\u00f5uksimaailm","description":"Elektrit\u00f5ukerataste m\u00fc\u00fck, remont ja rent","publisher":{"@id":"https:\/\/www.xn--tuksimaailm-ffb.ee\/fi\/#organization"},"potentialAction":[{"@type":"SearchAction","target":{"@type":"EntryPoint","urlTemplate":"https:\/\/www.xn--tuksimaailm-ffb.ee\/fi\/?s={search_term_string}"},"query-input":{"@type":"PropertyValueSpecification","valueRequired":true,"valueName":"search_term_string"}}],"inLanguage":"fi"},{"@type":"Organization","@id":"https:\/\/www.xn--tuksimaailm-ffb.ee\/fi\/#organization","name":"T\u00f5uksimaailm","url":"https:\/\/www.xn--tuksimaailm-ffb.ee\/fi\/","logo":{"@type":"ImageObject","inLanguage":"fi","@id":"https:\/\/www.xn--tuksimaailm-ffb.ee\/fi\/#\/schema\/logo\/image\/","url":"https:\/\/www.xn--tuksimaailm-ffb.ee\/wp-content\/uploads\/2020\/01\/logoz-e1579792875517.png","contentUrl":"https:\/\/www.xn--tuksimaailm-ffb.ee\/wp-content\/uploads\/2020\/01\/logoz-e1579792875517.png","width":250,"height":250,"caption":"T\u00f5uksimaailm"},"image":{"@id":"https:\/\/www.xn--tuksimaailm-ffb.ee\/fi\/#\/schema\/logo\/image\/"},"sameAs":["https:\/\/www.facebook.com\/touksimaailm\/","https:\/\/www.instagram.com\/touksimaailm_\/","https:\/\/www.youtube.com\/channel\/UC18ml0EKIDLP1xGuQjFzcXQ"]}]},"product_price_amount":"39.00","product_price_currency":"EUR","og_availability":"instock","product_availability":"instock","product_condition":"new"},"jetpack_sharing_enabled":true,"_links":{"self":[{"href":"https:\/\/www.xn--tuksimaailm-ffb.ee\/fi\/wp-json\/wp\/v2\/product\/53836","targetHints":{"allow":["GET"]}}],"collection":[{"href":"https:\/\/www.xn--tuksimaailm-ffb.ee\/fi\/wp-json\/wp\/v2\/product"}],"about":[{"href":"https:\/\/www.xn--tuksimaailm-ffb.ee\/fi\/wp-json\/wp\/v2\/types\/product"}],"wp:featuredmedia":[{"embeddable":true,"href":"https:\/\/www.xn--tuksimaailm-ffb.ee\/fi\/wp-json\/wp\/v2\/media\/24901"}],"wp:attachment":[{"href":"https:\/\/www.xn--tuksimaailm-ffb.ee\/fi\/wp-json\/wp\/v2\/media?parent=53836"}],"wp:term":[{"taxonomy":"product_brand","embeddable":true,"href":"https:\/\/www.xn--tuksimaailm-ffb.ee\/fi\/wp-json\/wp\/v2\/product_brand?post=53836"},{"taxonomy":"product_cat","embeddable":true,"href":"https:\/\/www.xn--tuksimaailm-ffb.ee\/fi\/wp-json\/wp\/v2\/product_cat?post=53836"},{"taxonomy":"product_tag","embeddable":true,"href":"https:\/\/www.xn--tuksimaailm-ffb.ee\/fi\/wp-json\/wp\/v2\/product_tag?post=53836"},{"taxonomy":"filter_elektritoukeratas","embeddable":true,"href":"https:\/\/www.xn--tuksimaailm-ffb.ee\/fi\/wp-json\/wp\/v2\/filter_elektritoukeratas?post=53836"}],"curies":[{"name":"wp","href":"https:\/\/api.w.org\/{rel}","templated":true}]}}