{"id":53837,"date":"2022-03-12T11:50:24","date_gmt":"2022-03-12T09:50:24","guid":{"rendered":"http:\/\/www.xn--tuksimaailm-ffb.ee\/shop\/tyylikas-jarrulevylukko-halytyksella-kromi\/"},"modified":"2022-03-12T11:50:24","modified_gmt":"2022-03-12T08:50:24","slug":"tyylikas-jarrulevylukko-halytyksella-kromi","status":"publish","type":"product","link":"https:\/\/www.xn--tuksimaailm-ffb.ee\/fi\/shop\/tyylikas-jarrulevylukko-halytyksella-kromi\/","title":{"rendered":"Tyylik\u00e4s jarrulevylukko h\u00e4lytyksell\u00e4 - kromi"},"content":{"rendered":"<div class=\"less-content\" data-initial-content=\"&lt;p&gt;&lt;strong&gt;Juhtraud Magic Bar INOKIM&amp;nbsp;&lt;\/strong&gt;sobib&amp;nbsp;mudelitele Ox ja OxO ning on m\u00f5eldud kasutamiseks laste lisajuhtrauana v\u00f5i seljakoti jne riputamiseks.&lt;span&gt;&lt;br&gt;&lt;\/span&gt;&lt;\/p&gt;\">Tyylik\u00e4s s\u00e4hk\u00f6skootterin jarrulevylukko h\u00e4lytyksell\u00e4, kromattu viimeistely. Soveltuu k\u00e4ytett\u00e4v\u00e4ksi useimmissa levyjarruilla varustetuissa moottoripy\u00f6riss\u00e4\/ polkupy\u00f6riss\u00e4\/skoottereissa. H\u00e4lytyslukko on k\u00e4tev\u00e4 ja kompakti. Aktivoi lukko kiinnitt\u00e4m\u00e4ll\u00e4 se jarrulevyyn siten, ett\u00e4 lukko mahtuu jarrulevyss\u00e4 olevien ilmareikien l\u00e4pi ja painamalla se kiinni. Odota 3 sekuntia lukituksen j\u00e4lkeen ja aktivoi lukko napauttamalla sit\u00e4. \u00c4\u00e4nimerkki ilmoittaa onnistuneesta aktivoinnista. Kun lukkoa seuraavan kerran kosketetaan\/t\u00e4r\u00e4ytet\u00e4\u00e4n (mik\u00e4 tapahtuu aina, kun py\u00f6r\u00e4\u00e4 yritet\u00e4\u00e4n siirt\u00e4\u00e4), h\u00e4lytys\u00e4\u00e4ni kuuluu \u00e4\u00e4nekk\u00e4\u00e4sti, kunnes omistaja tulee ja avaa lukon avaimella. \u00c4\u00e4nekk\u00e4\u00e4n \u00e4\u00e4nimerkin lis\u00e4ksi py\u00f6r\u00e4\u00e4 ei voi rullata pois eik\u00e4 sill\u00e4 voi ajaa. Maksimaalinen turvallisuus ja mukavuus Gemini Alarm -jarrulevylukolla juuri siell\u00e4, miss\u00e4 sit\u00e4 tarvitset. Vaijerilukot vaativat kiinnitt\u00e4miseen tolpan, mutta jarrulevylukko on riippumaton tolpista.<\/div>\n","protected":false},"excerpt":{"rendered":"<p>Tyylik\u00e4s s\u00e4hk\u00f6skootterin jarrulevylukko h\u00e4lytyksell\u00e4, kromattu viimeistely. Soveltuu k\u00e4ytett\u00e4v\u00e4ksi useimmissa levyjarruilla varustetuissa moottoripy\u00f6riss\u00e4\/ polkupy\u00f6riss\u00e4\/skoottereissa. H\u00e4lytyslukko on k\u00e4tev\u00e4 ja kompakti. Aktivoi lukko kiinnitt\u00e4m\u00e4ll\u00e4 se jarrulevyyn siten, ett\u00e4 lukko mahtuu jarrulevyss\u00e4 olevien ilmareikien l\u00e4pi ja painamalla se kiinni. Odota 3 sekuntia lukituksen j\u00e4lkeen ja aktivoi lukko napauttamalla sit\u00e4. \u00c4\u00e4nimerkki ilmoittaa onnistuneesta aktivoinnista. Kun &hellip;<\/p>\n","protected":false},"featured_media":25413,"template":"","meta":[],"product_brand":[],"product_cat":[1697],"product_tag":[],"filter_elektritoukeratas":[],"class_list":{"0":"post-53837","1":"product","2":"type-product","3":"status-publish","4":"has-post-thumbnail","6":"product_cat-lisavarusteet","7":"pa_tootetuup-lukot","9":"first","10":"instock","11":"taxable","12":"shipping-taxable","13":"purchasable","14":"product-type-simple"},"yoast_head":"<!-- This site is optimized with the Yoast SEO Premium plugin v26.8 (Yoast SEO v27.5) - https:\/\/yoast.com\/product\/yoast-seo-premium-wordpress\/ -->\n<title>Tyylik\u00e4s jarrulevylukko h\u00e4lytyksell\u00e4 - kromi | T\u00f5uksimaailm<\/title>\n<meta name=\"description\" content=\"Stiilne alarmiga elektrit\u00f5ukeratta piduriketta lukk, kroomist kattega. Sobib kasutamiseks enamikele ketaspiduritega elektrit\u00f5ukeratatele.\" \/>\n<meta name=\"robots\" content=\"index, follow, max-snippet:-1, max-image-preview:large, max-video-preview:-1\" \/>\n<link rel=\"canonical\" href=\"https:\/\/www.xn--tuksimaailm-ffb.ee\/fi\/shop\/tyylikas-jarrulevylukko-halytyksella-kromi\/\" \/>\n<meta property=\"og:locale\" content=\"fi_FI\" \/>\n<meta property=\"og:type\" content=\"article\" \/>\n<meta property=\"og:title\" content=\"Tyylik\u00e4s jarrulevylukko h\u00e4lytyksell\u00e4 - kromi\" \/>\n<meta property=\"og:description\" content=\"Stiilne alarmiga elektrit\u00f5ukeratta piduriketta lukk, kroomist kattega. Sobib kasutamiseks enamikele ketaspiduritega elektrit\u00f5ukeratatele.\" \/>\n<meta property=\"og:url\" content=\"https:\/\/www.xn--tuksimaailm-ffb.ee\/fi\/shop\/tyylikas-jarrulevylukko-halytyksella-kromi\/\" \/>\n<meta property=\"og:site_name\" content=\"T\u00f5uksimaailm\" \/>\n<meta property=\"article:publisher\" content=\"https:\/\/www.facebook.com\/touksimaailm\/\" \/>\n<meta property=\"og:image\" content=\"https:\/\/www.xn--tuksimaailm-ffb.ee\/wp-content\/uploads\/2022\/03\/kettalukk_alarmiga_kroom.jpg\" \/>\n\t<meta property=\"og:image:width\" content=\"700\" \/>\n\t<meta property=\"og:image:height\" content=\"700\" \/>\n\t<meta property=\"og:image:type\" content=\"image\/jpeg\" \/>\n<meta name=\"twitter:card\" content=\"summary_large_image\" \/>\n<meta name=\"twitter:label1\" content=\"Hinta\" \/>\n\t<meta name=\"twitter:data1\" content=\"&euro;75.00\" \/>\n\t<meta name=\"twitter:label2\" content=\"Saatavuus\" \/>\n\t<meta name=\"twitter:data2\" content=\"Varastossa\" \/>\n<meta property=\"product:price:amount\" content=\"75.00\" \/>\n<meta property=\"product:price:currency\" content=\"EUR\" \/>\n<meta property=\"og:availability\" content=\"instock\" \/>\n<meta property=\"product:availability\" content=\"instock\" \/>\n<meta property=\"product:retailer_item_id\" content=\"KETTALUKK-ALARMIGA-KROOM\" \/>\n<meta property=\"product:condition\" content=\"new\" \/>\n<!-- \/ Yoast SEO Premium plugin. -->","yoast_head_json":{"title":"Tyylik\u00e4s jarrulevylukko h\u00e4lytyksell\u00e4 - kromi | T\u00f5uksimaailm","description":"Stiilne alarmiga elektrit\u00f5ukeratta piduriketta lukk, kroomist kattega. Sobib kasutamiseks enamikele ketaspiduritega elektrit\u00f5ukeratatele.","robots":{"index":"index","follow":"follow","max-snippet":"max-snippet:-1","max-image-preview":"max-image-preview:large","max-video-preview":"max-video-preview:-1"},"canonical":"https:\/\/www.xn--tuksimaailm-ffb.ee\/fi\/shop\/tyylikas-jarrulevylukko-halytyksella-kromi\/","og_locale":"fi_FI","og_type":"article","og_title":"Tyylik\u00e4s jarrulevylukko h\u00e4lytyksell\u00e4 - kromi","og_description":"Stiilne alarmiga elektrit\u00f5ukeratta piduriketta lukk, kroomist kattega. Sobib kasutamiseks enamikele ketaspiduritega elektrit\u00f5ukeratatele.","og_url":"https:\/\/www.xn--tuksimaailm-ffb.ee\/fi\/shop\/tyylikas-jarrulevylukko-halytyksella-kromi\/","og_site_name":"T\u00f5uksimaailm","article_publisher":"https:\/\/www.facebook.com\/touksimaailm\/","og_image":[{"width":700,"height":700,"url":"https:\/\/www.xn--tuksimaailm-ffb.ee\/wp-content\/uploads\/2022\/03\/kettalukk_alarmiga_kroom.jpg","type":"image\/jpeg"}],"twitter_card":"summary_large_image","twitter_misc":{"Hinta":"&euro;75.00","Saatavuus":"Varastossa"},"schema":{"@context":"https:\/\/schema.org","@graph":[{"@type":"WebPage","@id":"https:\/\/www.xn--tuksimaailm-ffb.ee\/fi\/shop\/tyylikas-jarrulevylukko-halytyksella-kromi\/","url":"https:\/\/www.xn--tuksimaailm-ffb.ee\/fi\/shop\/tyylikas-jarrulevylukko-halytyksella-kromi\/","name":"Tyylik\u00e4s jarrulevylukko h\u00e4lytyksell\u00e4 - kromi | T\u00f5uksimaailm","isPartOf":{"@id":"https:\/\/www.xn--tuksimaailm-ffb.ee\/fi\/#website"},"primaryImageOfPage":{"@id":"https:\/\/www.xn--tuksimaailm-ffb.ee\/fi\/shop\/tyylikas-jarrulevylukko-halytyksella-kromi\/#primaryimage"},"image":{"@id":"https:\/\/www.xn--tuksimaailm-ffb.ee\/fi\/shop\/tyylikas-jarrulevylukko-halytyksella-kromi\/#primaryimage"},"thumbnailUrl":"https:\/\/www.xn--tuksimaailm-ffb.ee\/wp-content\/uploads\/2022\/03\/kettalukk_alarmiga_kroom.jpg","datePublished":"2022-03-12T09:50:24+00:00","description":"Stiilne alarmiga elektrit\u00f5ukeratta piduriketta lukk, kroomist kattega. Sobib kasutamiseks enamikele ketaspiduritega elektrit\u00f5ukeratatele.","breadcrumb":{"@id":"https:\/\/www.xn--tuksimaailm-ffb.ee\/fi\/shop\/tyylikas-jarrulevylukko-halytyksella-kromi\/#breadcrumb"},"inLanguage":"fi","potentialAction":[{"@type":"ReadAction","target":["https:\/\/www.xn--tuksimaailm-ffb.ee\/fi\/shop\/tyylikas-jarrulevylukko-halytyksella-kromi\/"]}]},{"@type":"ImageObject","inLanguage":"fi","@id":"https:\/\/www.xn--tuksimaailm-ffb.ee\/fi\/shop\/tyylikas-jarrulevylukko-halytyksella-kromi\/#primaryimage","url":"https:\/\/www.xn--tuksimaailm-ffb.ee\/wp-content\/uploads\/2022\/03\/kettalukk_alarmiga_kroom.jpg","contentUrl":"https:\/\/www.xn--tuksimaailm-ffb.ee\/wp-content\/uploads\/2022\/03\/kettalukk_alarmiga_kroom.jpg","width":700,"height":700},{"@type":"BreadcrumbList","@id":"https:\/\/www.xn--tuksimaailm-ffb.ee\/fi\/shop\/tyylikas-jarrulevylukko-halytyksella-kromi\/#breadcrumb","itemListElement":[{"@type":"ListItem","position":1,"name":"Home","item":"https:\/\/www.xn--tuksimaailm-ffb.ee\/fi\/kotisivu\/"},{"@type":"ListItem","position":2,"name":"Kauppa","item":"https:\/\/www.xn--tuksimaailm-ffb.ee\/elektritoukerataste-pood\/"},{"@type":"ListItem","position":3,"name":"Tyylik\u00e4s jarrulevylukko h\u00e4lytyksell\u00e4 - kromi"}]},{"@type":"WebSite","@id":"https:\/\/www.xn--tuksimaailm-ffb.ee\/fi\/#website","url":"https:\/\/www.xn--tuksimaailm-ffb.ee\/fi\/","name":"T\u00f5uksimaailm","description":"Elektrit\u00f5ukerataste m\u00fc\u00fck, remont ja rent","publisher":{"@id":"https:\/\/www.xn--tuksimaailm-ffb.ee\/fi\/#organization"},"potentialAction":[{"@type":"SearchAction","target":{"@type":"EntryPoint","urlTemplate":"https:\/\/www.xn--tuksimaailm-ffb.ee\/fi\/?s={search_term_string}"},"query-input":{"@type":"PropertyValueSpecification","valueRequired":true,"valueName":"search_term_string"}}],"inLanguage":"fi"},{"@type":"Organization","@id":"https:\/\/www.xn--tuksimaailm-ffb.ee\/fi\/#organization","name":"T\u00f5uksimaailm","url":"https:\/\/www.xn--tuksimaailm-ffb.ee\/fi\/","logo":{"@type":"ImageObject","inLanguage":"fi","@id":"https:\/\/www.xn--tuksimaailm-ffb.ee\/fi\/#\/schema\/logo\/image\/","url":"https:\/\/www.xn--tuksimaailm-ffb.ee\/wp-content\/uploads\/2020\/01\/logoz-e1579792875517.png","contentUrl":"https:\/\/www.xn--tuksimaailm-ffb.ee\/wp-content\/uploads\/2020\/01\/logoz-e1579792875517.png","width":250,"height":250,"caption":"T\u00f5uksimaailm"},"image":{"@id":"https:\/\/www.xn--tuksimaailm-ffb.ee\/fi\/#\/schema\/logo\/image\/"},"sameAs":["https:\/\/www.facebook.com\/touksimaailm\/","https:\/\/www.instagram.com\/touksimaailm_\/","https:\/\/www.youtube.com\/channel\/UC18ml0EKIDLP1xGuQjFzcXQ"]}]},"product_price_amount":"75.00","product_price_currency":"EUR","og_availability":"instock","product_availability":"instock","product_retailer_item_id":"KETTALUKK-ALARMIGA-KROOM","product_condition":"new"},"jetpack_sharing_enabled":true,"_links":{"self":[{"href":"https:\/\/www.xn--tuksimaailm-ffb.ee\/fi\/wp-json\/wp\/v2\/product\/53837","targetHints":{"allow":["GET"]}}],"collection":[{"href":"https:\/\/www.xn--tuksimaailm-ffb.ee\/fi\/wp-json\/wp\/v2\/product"}],"about":[{"href":"https:\/\/www.xn--tuksimaailm-ffb.ee\/fi\/wp-json\/wp\/v2\/types\/product"}],"wp:featuredmedia":[{"embeddable":true,"href":"https:\/\/www.xn--tuksimaailm-ffb.ee\/fi\/wp-json\/wp\/v2\/media\/25413"}],"wp:attachment":[{"href":"https:\/\/www.xn--tuksimaailm-ffb.ee\/fi\/wp-json\/wp\/v2\/media?parent=53837"}],"wp:term":[{"taxonomy":"product_brand","embeddable":true,"href":"https:\/\/www.xn--tuksimaailm-ffb.ee\/fi\/wp-json\/wp\/v2\/product_brand?post=53837"},{"taxonomy":"product_cat","embeddable":true,"href":"https:\/\/www.xn--tuksimaailm-ffb.ee\/fi\/wp-json\/wp\/v2\/product_cat?post=53837"},{"taxonomy":"product_tag","embeddable":true,"href":"https:\/\/www.xn--tuksimaailm-ffb.ee\/fi\/wp-json\/wp\/v2\/product_tag?post=53837"},{"taxonomy":"filter_elektritoukeratas","embeddable":true,"href":"https:\/\/www.xn--tuksimaailm-ffb.ee\/fi\/wp-json\/wp\/v2\/filter_elektritoukeratas?post=53837"}],"curies":[{"name":"wp","href":"https:\/\/api.w.org\/{rel}","templated":true}]}}