{"id":53844,"date":"2022-03-12T10:30:37","date_gmt":"2022-03-12T08:30:37","guid":{"rendered":"http:\/\/www.xn--tuksimaailm-ffb.ee\/shop\/lasten-lisalinssit-inokim-ox-oxo-oxo-lasten-lisalasilinssi\/"},"modified":"2022-03-12T10:30:37","modified_gmt":"2022-03-12T07:30:37","slug":"lasten-lisalinssit-inokim-ox-oxo-oxo-lasten-lisalasilinssi","status":"publish","type":"product","link":"https:\/\/www.xn--tuksimaailm-ffb.ee\/fi\/shop\/lasten-lisalinssit-inokim-ox-oxo-oxo-lasten-lisalasilinssi\/","title":{"rendered":"Lasten lis\u00e4linssit INOKIM OX OXO OXO lasten lis\u00e4lasilinssi"},"content":{"rendered":"<div class=\"less-content\" data-initial-content=\"&lt;p&gt;&lt;strong&gt;Juhtraud Magic Bar INOKIM&amp;nbsp;&lt;\/strong&gt;sobib&amp;nbsp;mudelitele Ox ja OxO ning on m\u00f5eldud kasutamiseks laste lisajuhtrauana v\u00f5i seljakoti jne riputamiseks.&lt;span&gt;&lt;br&gt;&lt;\/span&gt;&lt;\/p&gt;\">\n<p><strong>Lasten lis\u00e4ohjaustanko INOKIM OX OXO lasten lis\u00e4linssit.<\/strong> <strong>Kiinnityslenkki <\/strong>sopii Inokim Ox- ja OxO-malleihin ja se on suunniteltu k\u00e4ytett\u00e4v\u00e4ksi lapsen lis\u00e4kahvana tai repun tms. ripustamiseen ripustelineeseen. Sit\u00e4 voidaan k\u00e4ytt\u00e4\u00e4 my\u00f6s <a href=\"http:\/\/www.xn--tuksimaailm-ffb.ee\/tootekategooria\/lisavarustus\/?swoof=1&amp;pa_tootetuup=tuled&amp;really_curr_tax=18-product_cat\">lis\u00e4valojen<\/a> kiinnitt\u00e4miseen. HUOMAUTUS: Viron liikennelain mukaan s\u00e4hk\u00f6skootterilla ei saa ajaa parina.<\/p>\n<\/div>\n","protected":false},"excerpt":{"rendered":"<p>Lasten lis\u00e4ohjaustanko INOKIM OX OXO lasten lis\u00e4linssit. Kiinnityslenkki sopii Inokim Ox- ja OxO-malleihin ja se on suunniteltu k\u00e4ytett\u00e4v\u00e4ksi lapsen lis\u00e4kahvana tai repun tms. ripustamiseen ripustelineeseen. Sit\u00e4 voidaan k\u00e4ytt\u00e4\u00e4 my\u00f6s lis\u00e4valojen kiinnitt\u00e4miseen. HUOMAUTUS: Viron liikennelain mukaan s\u00e4hk\u00f6skootterilla ei saa ajaa parina.<\/p>\n","protected":false},"featured_media":24886,"template":"","meta":[],"product_brand":[],"product_cat":[1697,1698],"product_tag":[],"filter_elektritoukeratas":[],"class_list":{"0":"post-53844","1":"product","2":"type-product","3":"status-publish","4":"has-post-thumbnail","6":"product_cat-lisavarusteet","7":"product_cat-varaosat","8":"pa_tootetuup-lisalenksud-lenksupikendused-ja-korgendused","10":"first","11":"instock","12":"taxable","13":"shipping-taxable","14":"purchasable","15":"product-type-simple"},"yoast_head":"<!-- This site is optimized with the Yoast SEO Premium plugin v26.8 (Yoast SEO v27.5) - https:\/\/yoast.com\/product\/yoast-seo-premium-wordpress\/ -->\n<title>Lasten lis\u00e4linssit INOKIM OX OXO OXO lasten lis\u00e4lasilinssi | T\u00f5uksimaailm<\/title>\n<meta name=\"description\" content=\"Lisajuhtraud lastele elektrit\u00f5ukeratas INOKIM OX OXO lapse lisalenks. Elektrit\u00f5ukeratta poomile klambriga kinnituv, sobib lisatuledele.\" \/>\n<meta name=\"robots\" content=\"index, follow, max-snippet:-1, max-image-preview:large, max-video-preview:-1\" \/>\n<link rel=\"canonical\" href=\"https:\/\/www.xn--tuksimaailm-ffb.ee\/fi\/shop\/lasten-lisalinssit-inokim-ox-oxo-oxo-lasten-lisalasilinssi\/\" \/>\n<meta property=\"og:locale\" content=\"fi_FI\" \/>\n<meta property=\"og:type\" content=\"article\" \/>\n<meta property=\"og:title\" content=\"Lasten lis\u00e4linssit INOKIM OX OXO OXO lasten lis\u00e4lasilinssi\" \/>\n<meta property=\"og:description\" content=\"Lisajuhtraud lastele elektrit\u00f5ukeratas INOKIM OX OXO lapse lisalenks. Elektrit\u00f5ukeratta poomile klambriga kinnituv, sobib lisatuledele.\" \/>\n<meta property=\"og:url\" content=\"https:\/\/www.xn--tuksimaailm-ffb.ee\/fi\/shop\/lasten-lisalinssit-inokim-ox-oxo-oxo-lasten-lisalasilinssi\/\" \/>\n<meta property=\"og:site_name\" content=\"T\u00f5uksimaailm\" \/>\n<meta property=\"article:publisher\" content=\"https:\/\/www.facebook.com\/touksimaailm\/\" \/>\n<meta property=\"og:image\" content=\"https:\/\/www.xn--tuksimaailm-ffb.ee\/wp-content\/uploads\/2022\/03\/Lapse-lisalenks-ino-1.png\" \/>\n\t<meta property=\"og:image:width\" content=\"625\" \/>\n\t<meta property=\"og:image:height\" content=\"555\" \/>\n\t<meta property=\"og:image:type\" content=\"image\/png\" \/>\n<meta name=\"twitter:card\" content=\"summary_large_image\" \/>\n<meta name=\"twitter:label1\" content=\"Hinta\" \/>\n\t<meta name=\"twitter:data1\" content=\"&euro;68.00\" \/>\n\t<meta name=\"twitter:label2\" content=\"Saatavuus\" \/>\n\t<meta name=\"twitter:data2\" content=\"Varastossa\" \/>\n<meta property=\"product:price:amount\" content=\"68.00\" \/>\n<meta property=\"product:price:currency\" content=\"EUR\" \/>\n<meta property=\"og:availability\" content=\"instock\" \/>\n<meta property=\"product:availability\" content=\"instock\" \/>\n<meta property=\"product:condition\" content=\"new\" \/>\n<!-- \/ Yoast SEO Premium plugin. -->","yoast_head_json":{"title":"Lasten lis\u00e4linssit INOKIM OX OXO OXO lasten lis\u00e4lasilinssi | T\u00f5uksimaailm","description":"Lisajuhtraud lastele elektrit\u00f5ukeratas INOKIM OX OXO lapse lisalenks. Elektrit\u00f5ukeratta poomile klambriga kinnituv, sobib lisatuledele.","robots":{"index":"index","follow":"follow","max-snippet":"max-snippet:-1","max-image-preview":"max-image-preview:large","max-video-preview":"max-video-preview:-1"},"canonical":"https:\/\/www.xn--tuksimaailm-ffb.ee\/fi\/shop\/lasten-lisalinssit-inokim-ox-oxo-oxo-lasten-lisalasilinssi\/","og_locale":"fi_FI","og_type":"article","og_title":"Lasten lis\u00e4linssit INOKIM OX OXO OXO lasten lis\u00e4lasilinssi","og_description":"Lisajuhtraud lastele elektrit\u00f5ukeratas INOKIM OX OXO lapse lisalenks. Elektrit\u00f5ukeratta poomile klambriga kinnituv, sobib lisatuledele.","og_url":"https:\/\/www.xn--tuksimaailm-ffb.ee\/fi\/shop\/lasten-lisalinssit-inokim-ox-oxo-oxo-lasten-lisalasilinssi\/","og_site_name":"T\u00f5uksimaailm","article_publisher":"https:\/\/www.facebook.com\/touksimaailm\/","og_image":[{"width":625,"height":555,"url":"https:\/\/www.xn--tuksimaailm-ffb.ee\/wp-content\/uploads\/2022\/03\/Lapse-lisalenks-ino-1.png","type":"image\/png"}],"twitter_card":"summary_large_image","twitter_misc":{"Hinta":"&euro;68.00","Saatavuus":"Varastossa"},"schema":{"@context":"https:\/\/schema.org","@graph":[{"@type":"WebPage","@id":"https:\/\/www.xn--tuksimaailm-ffb.ee\/fi\/shop\/lasten-lisalinssit-inokim-ox-oxo-oxo-lasten-lisalasilinssi\/","url":"https:\/\/www.xn--tuksimaailm-ffb.ee\/fi\/shop\/lasten-lisalinssit-inokim-ox-oxo-oxo-lasten-lisalasilinssi\/","name":"Lasten lis\u00e4linssit INOKIM OX OXO OXO lasten lis\u00e4lasilinssi | T\u00f5uksimaailm","isPartOf":{"@id":"https:\/\/www.xn--tuksimaailm-ffb.ee\/fi\/#website"},"primaryImageOfPage":{"@id":"https:\/\/www.xn--tuksimaailm-ffb.ee\/fi\/shop\/lasten-lisalinssit-inokim-ox-oxo-oxo-lasten-lisalasilinssi\/#primaryimage"},"image":{"@id":"https:\/\/www.xn--tuksimaailm-ffb.ee\/fi\/shop\/lasten-lisalinssit-inokim-ox-oxo-oxo-lasten-lisalasilinssi\/#primaryimage"},"thumbnailUrl":"https:\/\/www.xn--tuksimaailm-ffb.ee\/wp-content\/uploads\/2022\/03\/Lapse-lisalenks-ino-1.png","datePublished":"2022-03-12T08:30:37+00:00","description":"Lisajuhtraud lastele elektrit\u00f5ukeratas INOKIM OX OXO lapse lisalenks. Elektrit\u00f5ukeratta poomile klambriga kinnituv, sobib lisatuledele.","breadcrumb":{"@id":"https:\/\/www.xn--tuksimaailm-ffb.ee\/fi\/shop\/lasten-lisalinssit-inokim-ox-oxo-oxo-lasten-lisalasilinssi\/#breadcrumb"},"inLanguage":"fi","potentialAction":[{"@type":"ReadAction","target":["https:\/\/www.xn--tuksimaailm-ffb.ee\/fi\/shop\/lasten-lisalinssit-inokim-ox-oxo-oxo-lasten-lisalasilinssi\/"]}]},{"@type":"ImageObject","inLanguage":"fi","@id":"https:\/\/www.xn--tuksimaailm-ffb.ee\/fi\/shop\/lasten-lisalinssit-inokim-ox-oxo-oxo-lasten-lisalasilinssi\/#primaryimage","url":"https:\/\/www.xn--tuksimaailm-ffb.ee\/wp-content\/uploads\/2022\/03\/Lapse-lisalenks-ino-1.png","contentUrl":"https:\/\/www.xn--tuksimaailm-ffb.ee\/wp-content\/uploads\/2022\/03\/Lapse-lisalenks-ino-1.png","width":625,"height":555},{"@type":"BreadcrumbList","@id":"https:\/\/www.xn--tuksimaailm-ffb.ee\/fi\/shop\/lasten-lisalinssit-inokim-ox-oxo-oxo-lasten-lisalasilinssi\/#breadcrumb","itemListElement":[{"@type":"ListItem","position":1,"name":"Home","item":"https:\/\/www.xn--tuksimaailm-ffb.ee\/fi\/kotisivu\/"},{"@type":"ListItem","position":2,"name":"Kauppa","item":"https:\/\/www.xn--tuksimaailm-ffb.ee\/elektritoukerataste-pood\/"},{"@type":"ListItem","position":3,"name":"Lasten lis\u00e4linssit INOKIM OX OXO OXO lasten lis\u00e4lasilinssi"}]},{"@type":"WebSite","@id":"https:\/\/www.xn--tuksimaailm-ffb.ee\/fi\/#website","url":"https:\/\/www.xn--tuksimaailm-ffb.ee\/fi\/","name":"T\u00f5uksimaailm","description":"Elektrit\u00f5ukerataste m\u00fc\u00fck, remont ja rent","publisher":{"@id":"https:\/\/www.xn--tuksimaailm-ffb.ee\/fi\/#organization"},"potentialAction":[{"@type":"SearchAction","target":{"@type":"EntryPoint","urlTemplate":"https:\/\/www.xn--tuksimaailm-ffb.ee\/fi\/?s={search_term_string}"},"query-input":{"@type":"PropertyValueSpecification","valueRequired":true,"valueName":"search_term_string"}}],"inLanguage":"fi"},{"@type":"Organization","@id":"https:\/\/www.xn--tuksimaailm-ffb.ee\/fi\/#organization","name":"T\u00f5uksimaailm","url":"https:\/\/www.xn--tuksimaailm-ffb.ee\/fi\/","logo":{"@type":"ImageObject","inLanguage":"fi","@id":"https:\/\/www.xn--tuksimaailm-ffb.ee\/fi\/#\/schema\/logo\/image\/","url":"https:\/\/www.xn--tuksimaailm-ffb.ee\/wp-content\/uploads\/2020\/01\/logoz-e1579792875517.png","contentUrl":"https:\/\/www.xn--tuksimaailm-ffb.ee\/wp-content\/uploads\/2020\/01\/logoz-e1579792875517.png","width":250,"height":250,"caption":"T\u00f5uksimaailm"},"image":{"@id":"https:\/\/www.xn--tuksimaailm-ffb.ee\/fi\/#\/schema\/logo\/image\/"},"sameAs":["https:\/\/www.facebook.com\/touksimaailm\/","https:\/\/www.instagram.com\/touksimaailm_\/","https:\/\/www.youtube.com\/channel\/UC18ml0EKIDLP1xGuQjFzcXQ"]}]},"product_price_amount":"68.00","product_price_currency":"EUR","og_availability":"instock","product_availability":"instock","product_condition":"new"},"jetpack_sharing_enabled":true,"_links":{"self":[{"href":"https:\/\/www.xn--tuksimaailm-ffb.ee\/fi\/wp-json\/wp\/v2\/product\/53844","targetHints":{"allow":["GET"]}}],"collection":[{"href":"https:\/\/www.xn--tuksimaailm-ffb.ee\/fi\/wp-json\/wp\/v2\/product"}],"about":[{"href":"https:\/\/www.xn--tuksimaailm-ffb.ee\/fi\/wp-json\/wp\/v2\/types\/product"}],"wp:featuredmedia":[{"embeddable":true,"href":"https:\/\/www.xn--tuksimaailm-ffb.ee\/fi\/wp-json\/wp\/v2\/media\/24886"}],"wp:attachment":[{"href":"https:\/\/www.xn--tuksimaailm-ffb.ee\/fi\/wp-json\/wp\/v2\/media?parent=53844"}],"wp:term":[{"taxonomy":"product_brand","embeddable":true,"href":"https:\/\/www.xn--tuksimaailm-ffb.ee\/fi\/wp-json\/wp\/v2\/product_brand?post=53844"},{"taxonomy":"product_cat","embeddable":true,"href":"https:\/\/www.xn--tuksimaailm-ffb.ee\/fi\/wp-json\/wp\/v2\/product_cat?post=53844"},{"taxonomy":"product_tag","embeddable":true,"href":"https:\/\/www.xn--tuksimaailm-ffb.ee\/fi\/wp-json\/wp\/v2\/product_tag?post=53844"},{"taxonomy":"filter_elektritoukeratas","embeddable":true,"href":"https:\/\/www.xn--tuksimaailm-ffb.ee\/fi\/wp-json\/wp\/v2\/filter_elektritoukeratas?post=53844"}],"curies":[{"name":"wp","href":"https:\/\/api.w.org\/{rel}","templated":true}]}}