{"id":53887,"date":"2022-02-23T11:26:01","date_gmt":"2022-02-23T09:26:01","guid":{"rendered":"http:\/\/www.xn--tuksimaailm-ffb.ee\/shop\/kompakti-halytyskytkinlukko-abus-bordo-6000a-pidikkeella\/"},"modified":"2022-02-23T11:26:01","modified_gmt":"2022-02-23T08:26:01","slug":"kompakti-halytyskytkinlukko-abus-bordo-6000a-pidikkeella","status":"publish","type":"product","link":"https:\/\/www.xn--tuksimaailm-ffb.ee\/fi\/shop\/kompakti-halytyskytkinlukko-abus-bordo-6000a-pidikkeella\/","title":{"rendered":"Kompakti h\u00e4lytyskytkinlukko Abus Bordo 6000A pidikkeell\u00e4"},"content":{"rendered":"<p>Laadukas, kompakti, tyylik\u00e4s ja eritt\u00e4in turvallinen 100dB h\u00e4lytys-\/merkkikytkinlukko <strong>Abus Bordo 6000A Alarm<\/strong>, <strong>musta<\/strong> saksalaiselta lukkovalmistaja Abusilta <strong>.<\/strong> Abus Bordo -sarjan lukot ovat erityisen kompakteja s\u00e4hk\u00f6skootterin tai s\u00e4hk\u00f6py\u00f6r\u00e4n lukkoja, jotka voidaan helposti kiinnitt\u00e4\u00e4 aivan mihin tahansa kevyen polkupy\u00f6r\u00e4n ohjaustankoon mukana tulevilla hihnoilla ja lukituslokerolla.<\/p>\n<p>Rei\u00e4t ovat <strong>5 mm paksuja<\/strong>, eik\u00e4 niit\u00e4 voi leikata l\u00e4pi edes suurimmilla kahvoilla. Ne ovat kuitenkin riitt\u00e4v\u00e4n kapeita, jotta ne mahtuvat mukavasti useimpien s\u00e4hk\u00f6potkulautojen (moottoroimattomien py\u00f6rien) vanteiden l\u00e4pi. T\u00e4m\u00e4 tekee lukitsemisesta nopeaa ja helppoa. Abus Bordo 6000A Alarm -lukko on p\u00e4\u00e4llystetty erityisell\u00e4 pehmustemateriaalilla, joka est\u00e4\u00e4 skootterin tai maalipinnan vahingoittumisen lukkoa k\u00e4ytett\u00e4ess\u00e4.<\/p>\n<p>Abus Bordo 6000A on<strong> 1200 mm<\/strong> pitk\u00e4 ja siin\u00e4 on <strong>2 avainta<\/strong>. Turvah\u00e4lyttimell\u00e4 varustettu lukko antaa kaksi varoitussignaalia, jos joku siirt\u00e4\u00e4 lukon valvonnan alaisena, ja jos varoitussignaalit j\u00e4tet\u00e4\u00e4n huomiotta, lukko antaa \u00e4\u00e4nekk\u00e4\u00e4n 100 dB:n h\u00e4lytyksen. Voit lukea lis\u00e4\u00e4 lukosta valmistajan <a href=\"https:\/\/mobil.abus.com\/int\/on-road\/Locks\/Folding-Locks\/BORDO-Alarm-6000A-90-black-SH?type=pdp\">verkkosivuilta<\/a>. https:\/\/www.youtube.com\/watch?v=xn4U6FIZdAw&amp;t=415s<\/p>\n","protected":false},"excerpt":{"rendered":"<p><a href=\"http:\/\/www.xn--tuksimaailm-ffb.ee\/kontakt\/\"><strong>L\u00f6ysitk\u00f6 paremman hinnan?<\/strong><\/a> <a href=\"http:\/\/www.xn--tuksimaailm-ffb.ee\/kontakt\/\"><strong>Kirjoita meille, niin teemme sinulle paremman tarjouksen!<\/strong><\/a><\/p>\n","protected":false},"featured_media":24867,"template":"","meta":[],"product_brand":[],"product_cat":[1697],"product_tag":[1721],"filter_elektritoukeratas":[],"class_list":{"0":"post-53887","1":"product","2":"type-product","3":"status-publish","4":"has-post-thumbnail","6":"product_cat-lisavarusteet","7":"product_tag-lukot","8":"pa_tootetuup-lukot","10":"first","11":"instock","12":"taxable","13":"shipping-taxable","14":"purchasable","15":"product-type-simple"},"yoast_head":"<!-- This site is optimized with the Yoast SEO Premium plugin v26.8 (Yoast SEO v27.5) - https:\/\/yoast.com\/product\/yoast-seo-premium-wordpress\/ -->\n<title>Kompakti h\u00e4lytyskytkinlukko Abus Bordo 6000A pidikkeell\u00e4 &#8212; T\u00f5uksimaailm<\/title>\n<meta name=\"description\" content=\"Saksa tootja Abus kvaliteetne, kompaktne, stiilne ja v\u00e4ga turvaline alarmiga l\u00fclilukk Abus Bordo 6000A Alarm, musta v\u00e4rvi, hoidikuga.\" \/>\n<meta name=\"robots\" content=\"index, follow, max-snippet:-1, max-image-preview:large, max-video-preview:-1\" \/>\n<link rel=\"canonical\" href=\"https:\/\/www.xn--tuksimaailm-ffb.ee\/fi\/shop\/kompakti-halytyskytkinlukko-abus-bordo-6000a-pidikkeella\/\" \/>\n<meta property=\"og:locale\" content=\"fi_FI\" \/>\n<meta property=\"og:type\" content=\"article\" \/>\n<meta property=\"og:title\" content=\"Kompakti h\u00e4lytyskytkinlukko Abus Bordo 6000A pidikkeell\u00e4\" \/>\n<meta property=\"og:description\" content=\"Saksa tootja Abus kvaliteetne, kompaktne, stiilne ja v\u00e4ga turvaline alarmiga l\u00fclilukk Abus Bordo 6000A Alarm, musta v\u00e4rvi, hoidikuga.\" \/>\n<meta property=\"og:url\" content=\"https:\/\/www.xn--tuksimaailm-ffb.ee\/fi\/shop\/kompakti-halytyskytkinlukko-abus-bordo-6000a-pidikkeella\/\" \/>\n<meta property=\"og:site_name\" content=\"T\u00f5uksimaailm\" \/>\n<meta property=\"article:publisher\" content=\"https:\/\/www.facebook.com\/touksimaailm\/\" \/>\n<meta property=\"og:image\" content=\"https:\/\/www.xn--tuksimaailm-ffb.ee\/wp-content\/uploads\/2022\/02\/6000A-1.png\" \/>\n\t<meta property=\"og:image:width\" content=\"546\" \/>\n\t<meta property=\"og:image:height\" content=\"661\" \/>\n\t<meta property=\"og:image:type\" content=\"image\/png\" \/>\n<meta name=\"twitter:card\" content=\"summary_large_image\" \/>\n<meta name=\"twitter:label1\" content=\"Hinta\" \/>\n\t<meta name=\"twitter:data1\" content=\"&euro;199.50\" \/>\n\t<meta name=\"twitter:label2\" content=\"Saatavuus\" \/>\n\t<meta name=\"twitter:data2\" content=\"Varastossa\" \/>\n<meta property=\"product:price:amount\" content=\"199.50\" \/>\n<meta property=\"product:price:currency\" content=\"EUR\" \/>\n<meta property=\"og:availability\" content=\"instock\" \/>\n<meta property=\"product:availability\" content=\"instock\" \/>\n<meta property=\"product:condition\" content=\"new\" \/>\n<!-- \/ Yoast SEO Premium plugin. -->","yoast_head_json":{"title":"Kompakti h\u00e4lytyskytkinlukko Abus Bordo 6000A pidikkeell\u00e4 &#8212; T\u00f5uksimaailm","description":"Saksa tootja Abus kvaliteetne, kompaktne, stiilne ja v\u00e4ga turvaline alarmiga l\u00fclilukk Abus Bordo 6000A Alarm, musta v\u00e4rvi, hoidikuga.","robots":{"index":"index","follow":"follow","max-snippet":"max-snippet:-1","max-image-preview":"max-image-preview:large","max-video-preview":"max-video-preview:-1"},"canonical":"https:\/\/www.xn--tuksimaailm-ffb.ee\/fi\/shop\/kompakti-halytyskytkinlukko-abus-bordo-6000a-pidikkeella\/","og_locale":"fi_FI","og_type":"article","og_title":"Kompakti h\u00e4lytyskytkinlukko Abus Bordo 6000A pidikkeell\u00e4","og_description":"Saksa tootja Abus kvaliteetne, kompaktne, stiilne ja v\u00e4ga turvaline alarmiga l\u00fclilukk Abus Bordo 6000A Alarm, musta v\u00e4rvi, hoidikuga.","og_url":"https:\/\/www.xn--tuksimaailm-ffb.ee\/fi\/shop\/kompakti-halytyskytkinlukko-abus-bordo-6000a-pidikkeella\/","og_site_name":"T\u00f5uksimaailm","article_publisher":"https:\/\/www.facebook.com\/touksimaailm\/","og_image":[{"width":546,"height":661,"url":"https:\/\/www.xn--tuksimaailm-ffb.ee\/wp-content\/uploads\/2022\/02\/6000A-1.png","type":"image\/png"}],"twitter_card":"summary_large_image","twitter_misc":{"Hinta":"&euro;199.50","Saatavuus":"Varastossa"},"schema":{"@context":"https:\/\/schema.org","@graph":[{"@type":"WebPage","@id":"https:\/\/www.xn--tuksimaailm-ffb.ee\/fi\/shop\/kompakti-halytyskytkinlukko-abus-bordo-6000a-pidikkeella\/","url":"https:\/\/www.xn--tuksimaailm-ffb.ee\/fi\/shop\/kompakti-halytyskytkinlukko-abus-bordo-6000a-pidikkeella\/","name":"Kompakti h\u00e4lytyskytkinlukko Abus Bordo 6000A pidikkeell\u00e4 &#8212; T\u00f5uksimaailm","isPartOf":{"@id":"https:\/\/www.xn--tuksimaailm-ffb.ee\/fi\/#website"},"primaryImageOfPage":{"@id":"https:\/\/www.xn--tuksimaailm-ffb.ee\/fi\/shop\/kompakti-halytyskytkinlukko-abus-bordo-6000a-pidikkeella\/#primaryimage"},"image":{"@id":"https:\/\/www.xn--tuksimaailm-ffb.ee\/fi\/shop\/kompakti-halytyskytkinlukko-abus-bordo-6000a-pidikkeella\/#primaryimage"},"thumbnailUrl":"https:\/\/www.xn--tuksimaailm-ffb.ee\/wp-content\/uploads\/2022\/02\/6000A-1.png","datePublished":"2022-02-23T09:26:01+00:00","description":"Saksa tootja Abus kvaliteetne, kompaktne, stiilne ja v\u00e4ga turvaline alarmiga l\u00fclilukk Abus Bordo 6000A Alarm, musta v\u00e4rvi, hoidikuga.","breadcrumb":{"@id":"https:\/\/www.xn--tuksimaailm-ffb.ee\/fi\/shop\/kompakti-halytyskytkinlukko-abus-bordo-6000a-pidikkeella\/#breadcrumb"},"inLanguage":"fi","potentialAction":[{"@type":"ReadAction","target":["https:\/\/www.xn--tuksimaailm-ffb.ee\/fi\/shop\/kompakti-halytyskytkinlukko-abus-bordo-6000a-pidikkeella\/"]}]},{"@type":"ImageObject","inLanguage":"fi","@id":"https:\/\/www.xn--tuksimaailm-ffb.ee\/fi\/shop\/kompakti-halytyskytkinlukko-abus-bordo-6000a-pidikkeella\/#primaryimage","url":"https:\/\/www.xn--tuksimaailm-ffb.ee\/wp-content\/uploads\/2022\/02\/6000A-1.png","contentUrl":"https:\/\/www.xn--tuksimaailm-ffb.ee\/wp-content\/uploads\/2022\/02\/6000A-1.png","width":546,"height":661},{"@type":"BreadcrumbList","@id":"https:\/\/www.xn--tuksimaailm-ffb.ee\/fi\/shop\/kompakti-halytyskytkinlukko-abus-bordo-6000a-pidikkeella\/#breadcrumb","itemListElement":[{"@type":"ListItem","position":1,"name":"Home","item":"https:\/\/www.xn--tuksimaailm-ffb.ee\/fi\/kotisivu\/"},{"@type":"ListItem","position":2,"name":"Kauppa","item":"https:\/\/www.xn--tuksimaailm-ffb.ee\/elektritoukerataste-pood\/"},{"@type":"ListItem","position":3,"name":"Kompakti h\u00e4lytyskytkinlukko Abus Bordo 6000A pidikkeell\u00e4"}]},{"@type":"WebSite","@id":"https:\/\/www.xn--tuksimaailm-ffb.ee\/fi\/#website","url":"https:\/\/www.xn--tuksimaailm-ffb.ee\/fi\/","name":"T\u00f5uksimaailm","description":"Elektrit\u00f5ukerataste m\u00fc\u00fck, remont ja rent","publisher":{"@id":"https:\/\/www.xn--tuksimaailm-ffb.ee\/fi\/#organization"},"potentialAction":[{"@type":"SearchAction","target":{"@type":"EntryPoint","urlTemplate":"https:\/\/www.xn--tuksimaailm-ffb.ee\/fi\/?s={search_term_string}"},"query-input":{"@type":"PropertyValueSpecification","valueRequired":true,"valueName":"search_term_string"}}],"inLanguage":"fi"},{"@type":"Organization","@id":"https:\/\/www.xn--tuksimaailm-ffb.ee\/fi\/#organization","name":"T\u00f5uksimaailm","url":"https:\/\/www.xn--tuksimaailm-ffb.ee\/fi\/","logo":{"@type":"ImageObject","inLanguage":"fi","@id":"https:\/\/www.xn--tuksimaailm-ffb.ee\/fi\/#\/schema\/logo\/image\/","url":"https:\/\/www.xn--tuksimaailm-ffb.ee\/wp-content\/uploads\/2020\/01\/logoz-e1579792875517.png","contentUrl":"https:\/\/www.xn--tuksimaailm-ffb.ee\/wp-content\/uploads\/2020\/01\/logoz-e1579792875517.png","width":250,"height":250,"caption":"T\u00f5uksimaailm"},"image":{"@id":"https:\/\/www.xn--tuksimaailm-ffb.ee\/fi\/#\/schema\/logo\/image\/"},"sameAs":["https:\/\/www.facebook.com\/touksimaailm\/","https:\/\/www.instagram.com\/touksimaailm_\/","https:\/\/www.youtube.com\/channel\/UC18ml0EKIDLP1xGuQjFzcXQ"]}]},"product_price_amount":"199.50","product_price_currency":"EUR","og_availability":"instock","product_availability":"instock","product_condition":"new"},"jetpack_sharing_enabled":true,"_links":{"self":[{"href":"https:\/\/www.xn--tuksimaailm-ffb.ee\/fi\/wp-json\/wp\/v2\/product\/53887","targetHints":{"allow":["GET"]}}],"collection":[{"href":"https:\/\/www.xn--tuksimaailm-ffb.ee\/fi\/wp-json\/wp\/v2\/product"}],"about":[{"href":"https:\/\/www.xn--tuksimaailm-ffb.ee\/fi\/wp-json\/wp\/v2\/types\/product"}],"wp:featuredmedia":[{"embeddable":true,"href":"https:\/\/www.xn--tuksimaailm-ffb.ee\/fi\/wp-json\/wp\/v2\/media\/24867"}],"wp:attachment":[{"href":"https:\/\/www.xn--tuksimaailm-ffb.ee\/fi\/wp-json\/wp\/v2\/media?parent=53887"}],"wp:term":[{"taxonomy":"product_brand","embeddable":true,"href":"https:\/\/www.xn--tuksimaailm-ffb.ee\/fi\/wp-json\/wp\/v2\/product_brand?post=53887"},{"taxonomy":"product_cat","embeddable":true,"href":"https:\/\/www.xn--tuksimaailm-ffb.ee\/fi\/wp-json\/wp\/v2\/product_cat?post=53887"},{"taxonomy":"product_tag","embeddable":true,"href":"https:\/\/www.xn--tuksimaailm-ffb.ee\/fi\/wp-json\/wp\/v2\/product_tag?post=53887"},{"taxonomy":"filter_elektritoukeratas","embeddable":true,"href":"https:\/\/www.xn--tuksimaailm-ffb.ee\/fi\/wp-json\/wp\/v2\/filter_elektritoukeratas?post=53887"}],"curies":[{"name":"wp","href":"https:\/\/api.w.org\/{rel}","templated":true}]}}