{"id":54229,"date":"2022-02-20T12:49:50","date_gmt":"2022-02-20T10:49:50","guid":{"rendered":"http:\/\/www.xn--tuksimaailm-ffb.ee\/shop\/kompakti-kytkinlukko-abus-bordo-6000-pidikkeella\/"},"modified":"2022-02-20T12:49:50","modified_gmt":"2022-02-20T09:49:50","slug":"kompakti-kytkinlukko-abus-bordo-6000-pidikkeella","status":"publish","type":"product","link":"https:\/\/www.xn--tuksimaailm-ffb.ee\/fi\/shop\/kompakti-kytkinlukko-abus-bordo-6000-pidikkeella\/","title":{"rendered":"Kompakti kytkinlukko Abus Bordo 6000 pidikkeell\u00e4"},"content":{"rendered":"<p>Laadukas, kompakti ja tyylik\u00e4s <strong>Abus Bordo 6000<\/strong>, eritt\u00e4in turvallinen kytkinlukko <strong>mustana<\/strong> tai <strong>punaisena<\/strong>. Eritt\u00e4in kompakti kytkinlukko, joka voidaan helposti kiinnitt\u00e4\u00e4 ehdottomasti mink\u00e4 tahansa s\u00e4hk\u00f6potkulautan ohjaustankoon mukana tulevien hihnojen ja lukituslokeron avulla. Lukko on <strong>5 mm paksu<\/strong>, eik\u00e4 sit\u00e4 voi leikata l\u00e4pi edes suurimmilla pihdeill\u00e4. Ne ovat kuitenkin riitt\u00e4v\u00e4n kapeat mahtuakseen mukavasti useimpien s\u00e4hk\u00f6skootterien py\u00f6rien (ei-moottoroitujen py\u00f6rien) vanteiden l\u00e4pi, jolloin lukitus on nopea ja helppo. Abus Bordo 6000 -lukot on p\u00e4\u00e4llystetty erityisell\u00e4 pehmustemateriaalilla, joka est\u00e4\u00e4 skootterin tai maalipinnan vahingoittumisen lukon k\u00e4yt\u00f6n yhteydess\u00e4. Abus Bordo 6000 -lukon pituus on<strong> 900 mm<\/strong> ja sen mukana toimitetaan <strong>2 avainta<\/strong>. Voit lukea lis\u00e4\u00e4 Abus Bordo 6000 -lukosta valmistajan <a href=\"https:\/\/mobil.abus.com\/int\/on-road\/Locks\/Folding-Locks\/BORDO-6000-90-black-SH?type=pdp\">verkkosivuilta<\/a>.<\/p>\n","protected":false},"excerpt":{"rendered":"<p><a href=\"http:\/\/www.xn--tuksimaailm-ffb.ee\/kontakt\/\"><strong>L\u00f6ysitk\u00f6 paremman hinnan?<\/strong><\/a> <a href=\"http:\/\/www.xn--tuksimaailm-ffb.ee\/kontakt\/\"><strong>Kirjoita meille, niin teemme sinulle paremman tarjouksen!<\/strong><\/a><\/p>\n","protected":false},"featured_media":24851,"template":"","meta":[],"product_brand":[],"product_cat":[1697],"product_tag":[1721],"filter_elektritoukeratas":[],"class_list":{"0":"post-54229","1":"product","2":"type-product","3":"status-publish","4":"has-post-thumbnail","6":"product_cat-lisavarusteet","7":"product_tag-lukot","8":"pa_colour-musta","9":"pa_colour-punainen","10":"pa_tootetuup-lukot","12":"first","13":"instock","14":"taxable","15":"shipping-taxable","16":"purchasable","17":"product-type-variable"},"yoast_head":"<!-- This site is optimized with the Yoast SEO Premium plugin v26.8 (Yoast SEO v27.5) - https:\/\/yoast.com\/product\/yoast-seo-premium-wordpress\/ -->\n<title>Kompakti kytkinlukko Abus Bordo 6000 pidikkeell\u00e4 &#8212; T\u00f5uksimaailm<\/title>\n<meta name=\"description\" content=\"Saksa tootja Abus kvaliteetne, kompaktne, stiilne ja v\u00e4ga turvaline l\u00fclilukk Abus Bordo 6000, musta v\u00e4rvi, hoidikuga.\" \/>\n<meta name=\"robots\" content=\"index, follow, max-snippet:-1, max-image-preview:large, max-video-preview:-1\" \/>\n<link rel=\"canonical\" href=\"https:\/\/www.xn--tuksimaailm-ffb.ee\/fi\/shop\/kompakti-kytkinlukko-abus-bordo-6000-pidikkeella\/\" \/>\n<meta property=\"og:locale\" content=\"fi_FI\" \/>\n<meta property=\"og:type\" content=\"article\" \/>\n<meta property=\"og:title\" content=\"Kompakti kytkinlukko Abus Bordo 6000 pidikkeell\u00e4\" \/>\n<meta property=\"og:description\" content=\"Saksa tootja Abus kvaliteetne, kompaktne, stiilne ja v\u00e4ga turvaline l\u00fclilukk Abus Bordo 6000, musta v\u00e4rvi, hoidikuga.\" \/>\n<meta property=\"og:url\" content=\"https:\/\/www.xn--tuksimaailm-ffb.ee\/fi\/shop\/kompakti-kytkinlukko-abus-bordo-6000-pidikkeella\/\" \/>\n<meta property=\"og:site_name\" content=\"T\u00f5uksimaailm\" \/>\n<meta property=\"article:publisher\" content=\"https:\/\/www.facebook.com\/touksimaailm\/\" \/>\n<meta property=\"og:image\" content=\"https:\/\/www.xn--tuksimaailm-ffb.ee\/wp-content\/uploads\/2022\/02\/lulilukk-6000-1.jpg\" \/>\n\t<meta property=\"og:image:width\" content=\"694\" \/>\n\t<meta property=\"og:image:height\" content=\"728\" \/>\n\t<meta property=\"og:image:type\" content=\"image\/jpeg\" \/>\n<meta name=\"twitter:card\" content=\"summary_large_image\" \/>\n<meta name=\"twitter:label1\" content=\"Saatavuus\" \/>\n\t<meta name=\"twitter:data1\" content=\"Varastossa\" \/>\n<meta property=\"og:availability\" content=\"instock\" \/>\n<meta property=\"product:availability\" content=\"instock\" \/>\n<meta property=\"product:condition\" content=\"new\" \/>\n<!-- \/ Yoast SEO Premium plugin. -->","yoast_head_json":{"title":"Kompakti kytkinlukko Abus Bordo 6000 pidikkeell\u00e4 &#8212; T\u00f5uksimaailm","description":"Saksa tootja Abus kvaliteetne, kompaktne, stiilne ja v\u00e4ga turvaline l\u00fclilukk Abus Bordo 6000, musta v\u00e4rvi, hoidikuga.","robots":{"index":"index","follow":"follow","max-snippet":"max-snippet:-1","max-image-preview":"max-image-preview:large","max-video-preview":"max-video-preview:-1"},"canonical":"https:\/\/www.xn--tuksimaailm-ffb.ee\/fi\/shop\/kompakti-kytkinlukko-abus-bordo-6000-pidikkeella\/","og_locale":"fi_FI","og_type":"article","og_title":"Kompakti kytkinlukko Abus Bordo 6000 pidikkeell\u00e4","og_description":"Saksa tootja Abus kvaliteetne, kompaktne, stiilne ja v\u00e4ga turvaline l\u00fclilukk Abus Bordo 6000, musta v\u00e4rvi, hoidikuga.","og_url":"https:\/\/www.xn--tuksimaailm-ffb.ee\/fi\/shop\/kompakti-kytkinlukko-abus-bordo-6000-pidikkeella\/","og_site_name":"T\u00f5uksimaailm","article_publisher":"https:\/\/www.facebook.com\/touksimaailm\/","og_image":[{"width":694,"height":728,"url":"https:\/\/www.xn--tuksimaailm-ffb.ee\/wp-content\/uploads\/2022\/02\/lulilukk-6000-1.jpg","type":"image\/jpeg"}],"twitter_card":"summary_large_image","twitter_misc":{"Saatavuus":"Varastossa"},"schema":{"@context":"https:\/\/schema.org","@graph":[{"@type":"WebPage","@id":"https:\/\/www.xn--tuksimaailm-ffb.ee\/fi\/shop\/kompakti-kytkinlukko-abus-bordo-6000-pidikkeella\/","url":"https:\/\/www.xn--tuksimaailm-ffb.ee\/fi\/shop\/kompakti-kytkinlukko-abus-bordo-6000-pidikkeella\/","name":"Kompakti kytkinlukko Abus Bordo 6000 pidikkeell\u00e4 &#8212; T\u00f5uksimaailm","isPartOf":{"@id":"https:\/\/www.xn--tuksimaailm-ffb.ee\/fi\/#website"},"primaryImageOfPage":{"@id":"https:\/\/www.xn--tuksimaailm-ffb.ee\/fi\/shop\/kompakti-kytkinlukko-abus-bordo-6000-pidikkeella\/#primaryimage"},"image":{"@id":"https:\/\/www.xn--tuksimaailm-ffb.ee\/fi\/shop\/kompakti-kytkinlukko-abus-bordo-6000-pidikkeella\/#primaryimage"},"thumbnailUrl":"https:\/\/www.xn--tuksimaailm-ffb.ee\/wp-content\/uploads\/2022\/02\/lulilukk-6000-1.jpg","datePublished":"2022-02-20T10:49:50+00:00","description":"Saksa tootja Abus kvaliteetne, kompaktne, stiilne ja v\u00e4ga turvaline l\u00fclilukk Abus Bordo 6000, musta v\u00e4rvi, hoidikuga.","breadcrumb":{"@id":"https:\/\/www.xn--tuksimaailm-ffb.ee\/fi\/shop\/kompakti-kytkinlukko-abus-bordo-6000-pidikkeella\/#breadcrumb"},"inLanguage":"fi","potentialAction":[{"@type":"ReadAction","target":["https:\/\/www.xn--tuksimaailm-ffb.ee\/fi\/shop\/kompakti-kytkinlukko-abus-bordo-6000-pidikkeella\/"]}]},{"@type":"ImageObject","inLanguage":"fi","@id":"https:\/\/www.xn--tuksimaailm-ffb.ee\/fi\/shop\/kompakti-kytkinlukko-abus-bordo-6000-pidikkeella\/#primaryimage","url":"https:\/\/www.xn--tuksimaailm-ffb.ee\/wp-content\/uploads\/2022\/02\/lulilukk-6000-1.jpg","contentUrl":"https:\/\/www.xn--tuksimaailm-ffb.ee\/wp-content\/uploads\/2022\/02\/lulilukk-6000-1.jpg","width":694,"height":728},{"@type":"BreadcrumbList","@id":"https:\/\/www.xn--tuksimaailm-ffb.ee\/fi\/shop\/kompakti-kytkinlukko-abus-bordo-6000-pidikkeella\/#breadcrumb","itemListElement":[{"@type":"ListItem","position":1,"name":"Home","item":"https:\/\/www.xn--tuksimaailm-ffb.ee\/fi\/kotisivu\/"},{"@type":"ListItem","position":2,"name":"Kauppa","item":"https:\/\/www.xn--tuksimaailm-ffb.ee\/elektritoukerataste-pood\/"},{"@type":"ListItem","position":3,"name":"Kompakti kytkinlukko Abus Bordo 6000 pidikkeell\u00e4"}]},{"@type":"WebSite","@id":"https:\/\/www.xn--tuksimaailm-ffb.ee\/fi\/#website","url":"https:\/\/www.xn--tuksimaailm-ffb.ee\/fi\/","name":"T\u00f5uksimaailm","description":"Elektrit\u00f5ukerataste m\u00fc\u00fck, remont ja rent","publisher":{"@id":"https:\/\/www.xn--tuksimaailm-ffb.ee\/fi\/#organization"},"potentialAction":[{"@type":"SearchAction","target":{"@type":"EntryPoint","urlTemplate":"https:\/\/www.xn--tuksimaailm-ffb.ee\/fi\/?s={search_term_string}"},"query-input":{"@type":"PropertyValueSpecification","valueRequired":true,"valueName":"search_term_string"}}],"inLanguage":"fi"},{"@type":"Organization","@id":"https:\/\/www.xn--tuksimaailm-ffb.ee\/fi\/#organization","name":"T\u00f5uksimaailm","url":"https:\/\/www.xn--tuksimaailm-ffb.ee\/fi\/","logo":{"@type":"ImageObject","inLanguage":"fi","@id":"https:\/\/www.xn--tuksimaailm-ffb.ee\/fi\/#\/schema\/logo\/image\/","url":"https:\/\/www.xn--tuksimaailm-ffb.ee\/wp-content\/uploads\/2020\/01\/logoz-e1579792875517.png","contentUrl":"https:\/\/www.xn--tuksimaailm-ffb.ee\/wp-content\/uploads\/2020\/01\/logoz-e1579792875517.png","width":250,"height":250,"caption":"T\u00f5uksimaailm"},"image":{"@id":"https:\/\/www.xn--tuksimaailm-ffb.ee\/fi\/#\/schema\/logo\/image\/"},"sameAs":["https:\/\/www.facebook.com\/touksimaailm\/","https:\/\/www.instagram.com\/touksimaailm_\/","https:\/\/www.youtube.com\/channel\/UC18ml0EKIDLP1xGuQjFzcXQ"]}]},"og_availability":"instock","product_availability":"instock","product_condition":"new"},"jetpack_sharing_enabled":true,"_links":{"self":[{"href":"https:\/\/www.xn--tuksimaailm-ffb.ee\/fi\/wp-json\/wp\/v2\/product\/54229","targetHints":{"allow":["GET"]}}],"collection":[{"href":"https:\/\/www.xn--tuksimaailm-ffb.ee\/fi\/wp-json\/wp\/v2\/product"}],"about":[{"href":"https:\/\/www.xn--tuksimaailm-ffb.ee\/fi\/wp-json\/wp\/v2\/types\/product"}],"wp:featuredmedia":[{"embeddable":true,"href":"https:\/\/www.xn--tuksimaailm-ffb.ee\/fi\/wp-json\/wp\/v2\/media\/24851"}],"wp:attachment":[{"href":"https:\/\/www.xn--tuksimaailm-ffb.ee\/fi\/wp-json\/wp\/v2\/media?parent=54229"}],"wp:term":[{"taxonomy":"product_brand","embeddable":true,"href":"https:\/\/www.xn--tuksimaailm-ffb.ee\/fi\/wp-json\/wp\/v2\/product_brand?post=54229"},{"taxonomy":"product_cat","embeddable":true,"href":"https:\/\/www.xn--tuksimaailm-ffb.ee\/fi\/wp-json\/wp\/v2\/product_cat?post=54229"},{"taxonomy":"product_tag","embeddable":true,"href":"https:\/\/www.xn--tuksimaailm-ffb.ee\/fi\/wp-json\/wp\/v2\/product_tag?post=54229"},{"taxonomy":"filter_elektritoukeratas","embeddable":true,"href":"https:\/\/www.xn--tuksimaailm-ffb.ee\/fi\/wp-json\/wp\/v2\/filter_elektritoukeratas?post=54229"}],"curies":[{"name":"wp","href":"https:\/\/api.w.org\/{rel}","templated":true}]}}