{"id":54289,"date":"2022-01-26T16:13:35","date_gmt":"2022-01-26T14:13:35","guid":{"rendered":"http:\/\/www.xn--tuksimaailm-ffb.ee\/shop\/kypara-kali-city-visiirilla-s-m\/"},"modified":"2022-01-26T16:13:35","modified_gmt":"2022-01-26T13:13:35","slug":"kypara-kali-city-visiirilla-s-m","status":"publish","type":"product","link":"https:\/\/www.xn--tuksimaailm-ffb.ee\/fi\/shop\/kypara-kali-city-visiirilla-s-m\/","title":{"rendered":"Kyp\u00e4r\u00e4 Kali City visiirill\u00e4 S\/M"},"content":{"rendered":"<div class=\"less-content\" data-initial-content=\"&lt;p&gt;&lt;strong&gt;Kiiver Kali City - &lt;\/strong&gt;paigaldatavate k\u00f5rvakaitsete (kaitsevad tuule eest), visiiri ja tagatulega kiiver turvaliseks liiklemiseks. &lt;br&gt;Komplekti kuuluvad:&lt;\/p&gt; &lt;ul&gt; &lt;li&gt;tuule eest kaitsevad k\u00f5rvaklapid (vajadusel saab eemaldada)&lt;\/li&gt; &lt;li&gt;kahte v\u00e4rvi vahetatav visiir, tume ja hele&amp;nbsp;&lt;\/li&gt; &lt;li&gt;kolmes eri re\u017eiimis t\u00f6\u00f6tav tagatuli&lt;\/li&gt; &lt;\/ul&gt;\">\n<p><strong>Kali City kyp\u00e4r\u00e4 - <\/strong>kyp\u00e4r\u00e4, jossa on kiinnitett\u00e4v\u00e4t korvasuojat (tuulelta suojaavat), visiiri ja takavalo turvallista liikkumista varten. Pakkaus sis\u00e4lt\u00e4\u00e4:<\/p>\n<ul>\n<li>tuulenpit\u00e4v\u00e4t kuulokkeet (voidaan irrottaa tarvittaessa)<\/li>\n<li>kaksiv\u00e4rinen vaihdettava visiiri, tumma ja vaalea v\u00e4rillinen<\/li>\n<li>takavalo toimii kolmessa eri tilassa<\/li>\n<\/ul>\n<\/div>\n","protected":false},"excerpt":{"rendered":"<p>Kali City kyp\u00e4r\u00e4 - kyp\u00e4r\u00e4, jossa on kiinnitett\u00e4v\u00e4t korvasuojat (tuulelta suojaavat), visiiri ja takavalo turvallista liikkumista varten. Pakkaus sis\u00e4lt\u00e4\u00e4: tuulenpit\u00e4v\u00e4t kuulokkeet (voidaan irrottaa tarvittaessa) kaksiv\u00e4rinen vaihdettava visiiri, tumma ja vaalea v\u00e4rillinen takavalo toimii kolmessa eri tilassa<\/p>\n","protected":false},"featured_media":24456,"template":"","meta":[],"product_brand":[],"product_cat":[1697],"product_tag":[],"filter_elektritoukeratas":[],"class_list":{"0":"post-54289","1":"product","2":"type-product","3":"status-publish","4":"has-post-thumbnail","6":"product_cat-lisavarusteet","7":"pa_colour-musta","8":"pa_colour-pruun-fi","9":"pa_colour-punainen","10":"pa_colour-sininen","11":"pa_colour-vaalea","12":"pa_colour-vihrea","13":"pa_tootetuup-kyparat","15":"first","16":"instock","17":"taxable","18":"shipping-taxable","19":"purchasable","20":"product-type-variable"},"yoast_head":"<!-- This site is optimized with the Yoast SEO Premium plugin v26.8 (Yoast SEO v27.5) - https:\/\/yoast.com\/product\/yoast-seo-premium-wordpress\/ -->\n<title>Kyp\u00e4r\u00e4 Kali City visiirill\u00e4 S\/M &#8212; T\u00f5uksimaailm<\/title>\n<meta name=\"description\" content=\"Kiiver Kali City visiiriga S\/M\" \/>\n<meta name=\"robots\" content=\"index, follow, max-snippet:-1, max-image-preview:large, max-video-preview:-1\" \/>\n<link rel=\"canonical\" href=\"https:\/\/www.xn--tuksimaailm-ffb.ee\/fi\/shop\/kypara-kali-city-visiirilla-s-m\/\" \/>\n<meta property=\"og:locale\" content=\"fi_FI\" \/>\n<meta property=\"og:type\" content=\"article\" \/>\n<meta property=\"og:title\" content=\"Kyp\u00e4r\u00e4 Kali City visiirill\u00e4 S\/M\" \/>\n<meta property=\"og:description\" content=\"Kiiver Kali City visiiriga S\/M\" \/>\n<meta property=\"og:url\" content=\"https:\/\/www.xn--tuksimaailm-ffb.ee\/fi\/shop\/kypara-kali-city-visiirilla-s-m\/\" \/>\n<meta property=\"og:site_name\" content=\"T\u00f5uksimaailm\" \/>\n<meta property=\"article:publisher\" content=\"https:\/\/www.facebook.com\/touksimaailm\/\" \/>\n<meta property=\"og:image\" content=\"https:\/\/www.xn--tuksimaailm-ffb.ee\/wp-content\/uploads\/2022\/01\/Screenshot-2022-01-26-155026-1.png\" \/>\n\t<meta property=\"og:image:width\" content=\"435\" \/>\n\t<meta property=\"og:image:height\" content=\"476\" \/>\n\t<meta property=\"og:image:type\" content=\"image\/png\" \/>\n<meta name=\"twitter:card\" content=\"summary_large_image\" \/>\n<meta name=\"twitter:label1\" content=\"Saatavuus\" \/>\n\t<meta name=\"twitter:data1\" content=\"Varastossa\" \/>\n<meta property=\"og:availability\" content=\"instock\" \/>\n<meta property=\"product:availability\" content=\"instock\" \/>\n<meta property=\"product:condition\" content=\"new\" \/>\n<!-- \/ Yoast SEO Premium plugin. -->","yoast_head_json":{"title":"Kyp\u00e4r\u00e4 Kali City visiirill\u00e4 S\/M &#8212; T\u00f5uksimaailm","description":"Kiiver Kali City visiiriga S\/M","robots":{"index":"index","follow":"follow","max-snippet":"max-snippet:-1","max-image-preview":"max-image-preview:large","max-video-preview":"max-video-preview:-1"},"canonical":"https:\/\/www.xn--tuksimaailm-ffb.ee\/fi\/shop\/kypara-kali-city-visiirilla-s-m\/","og_locale":"fi_FI","og_type":"article","og_title":"Kyp\u00e4r\u00e4 Kali City visiirill\u00e4 S\/M","og_description":"Kiiver Kali City visiiriga S\/M","og_url":"https:\/\/www.xn--tuksimaailm-ffb.ee\/fi\/shop\/kypara-kali-city-visiirilla-s-m\/","og_site_name":"T\u00f5uksimaailm","article_publisher":"https:\/\/www.facebook.com\/touksimaailm\/","og_image":[{"width":435,"height":476,"url":"https:\/\/www.xn--tuksimaailm-ffb.ee\/wp-content\/uploads\/2022\/01\/Screenshot-2022-01-26-155026-1.png","type":"image\/png"}],"twitter_card":"summary_large_image","twitter_misc":{"Saatavuus":"Varastossa"},"schema":{"@context":"https:\/\/schema.org","@graph":[{"@type":"WebPage","@id":"https:\/\/www.xn--tuksimaailm-ffb.ee\/fi\/shop\/kypara-kali-city-visiirilla-s-m\/","url":"https:\/\/www.xn--tuksimaailm-ffb.ee\/fi\/shop\/kypara-kali-city-visiirilla-s-m\/","name":"Kyp\u00e4r\u00e4 Kali City visiirill\u00e4 S\/M &#8212; T\u00f5uksimaailm","isPartOf":{"@id":"https:\/\/www.xn--tuksimaailm-ffb.ee\/fi\/#website"},"primaryImageOfPage":{"@id":"https:\/\/www.xn--tuksimaailm-ffb.ee\/fi\/shop\/kypara-kali-city-visiirilla-s-m\/#primaryimage"},"image":{"@id":"https:\/\/www.xn--tuksimaailm-ffb.ee\/fi\/shop\/kypara-kali-city-visiirilla-s-m\/#primaryimage"},"thumbnailUrl":"https:\/\/www.xn--tuksimaailm-ffb.ee\/wp-content\/uploads\/2022\/01\/Screenshot-2022-01-26-155026-1.png","datePublished":"2022-01-26T14:13:35+00:00","description":"Kiiver Kali City visiiriga S\/M","breadcrumb":{"@id":"https:\/\/www.xn--tuksimaailm-ffb.ee\/fi\/shop\/kypara-kali-city-visiirilla-s-m\/#breadcrumb"},"inLanguage":"fi","potentialAction":[{"@type":"ReadAction","target":["https:\/\/www.xn--tuksimaailm-ffb.ee\/fi\/shop\/kypara-kali-city-visiirilla-s-m\/"]}]},{"@type":"ImageObject","inLanguage":"fi","@id":"https:\/\/www.xn--tuksimaailm-ffb.ee\/fi\/shop\/kypara-kali-city-visiirilla-s-m\/#primaryimage","url":"https:\/\/www.xn--tuksimaailm-ffb.ee\/wp-content\/uploads\/2022\/01\/Screenshot-2022-01-26-155026-1.png","contentUrl":"https:\/\/www.xn--tuksimaailm-ffb.ee\/wp-content\/uploads\/2022\/01\/Screenshot-2022-01-26-155026-1.png","width":435,"height":476},{"@type":"BreadcrumbList","@id":"https:\/\/www.xn--tuksimaailm-ffb.ee\/fi\/shop\/kypara-kali-city-visiirilla-s-m\/#breadcrumb","itemListElement":[{"@type":"ListItem","position":1,"name":"Home","item":"https:\/\/www.xn--tuksimaailm-ffb.ee\/fi\/kotisivu\/"},{"@type":"ListItem","position":2,"name":"Kauppa","item":"https:\/\/www.xn--tuksimaailm-ffb.ee\/elektritoukerataste-pood\/"},{"@type":"ListItem","position":3,"name":"Kyp\u00e4r\u00e4 Kali City visiirill\u00e4 S\/M"}]},{"@type":"WebSite","@id":"https:\/\/www.xn--tuksimaailm-ffb.ee\/fi\/#website","url":"https:\/\/www.xn--tuksimaailm-ffb.ee\/fi\/","name":"T\u00f5uksimaailm","description":"Elektrit\u00f5ukerataste m\u00fc\u00fck, remont ja rent","publisher":{"@id":"https:\/\/www.xn--tuksimaailm-ffb.ee\/fi\/#organization"},"potentialAction":[{"@type":"SearchAction","target":{"@type":"EntryPoint","urlTemplate":"https:\/\/www.xn--tuksimaailm-ffb.ee\/fi\/?s={search_term_string}"},"query-input":{"@type":"PropertyValueSpecification","valueRequired":true,"valueName":"search_term_string"}}],"inLanguage":"fi"},{"@type":"Organization","@id":"https:\/\/www.xn--tuksimaailm-ffb.ee\/fi\/#organization","name":"T\u00f5uksimaailm","url":"https:\/\/www.xn--tuksimaailm-ffb.ee\/fi\/","logo":{"@type":"ImageObject","inLanguage":"fi","@id":"https:\/\/www.xn--tuksimaailm-ffb.ee\/fi\/#\/schema\/logo\/image\/","url":"https:\/\/www.xn--tuksimaailm-ffb.ee\/wp-content\/uploads\/2020\/01\/logoz-e1579792875517.png","contentUrl":"https:\/\/www.xn--tuksimaailm-ffb.ee\/wp-content\/uploads\/2020\/01\/logoz-e1579792875517.png","width":250,"height":250,"caption":"T\u00f5uksimaailm"},"image":{"@id":"https:\/\/www.xn--tuksimaailm-ffb.ee\/fi\/#\/schema\/logo\/image\/"},"sameAs":["https:\/\/www.facebook.com\/touksimaailm\/","https:\/\/www.instagram.com\/touksimaailm_\/","https:\/\/www.youtube.com\/channel\/UC18ml0EKIDLP1xGuQjFzcXQ"]}]},"og_availability":"instock","product_availability":"instock","product_condition":"new"},"jetpack_sharing_enabled":true,"_links":{"self":[{"href":"https:\/\/www.xn--tuksimaailm-ffb.ee\/fi\/wp-json\/wp\/v2\/product\/54289","targetHints":{"allow":["GET"]}}],"collection":[{"href":"https:\/\/www.xn--tuksimaailm-ffb.ee\/fi\/wp-json\/wp\/v2\/product"}],"about":[{"href":"https:\/\/www.xn--tuksimaailm-ffb.ee\/fi\/wp-json\/wp\/v2\/types\/product"}],"wp:featuredmedia":[{"embeddable":true,"href":"https:\/\/www.xn--tuksimaailm-ffb.ee\/fi\/wp-json\/wp\/v2\/media\/24456"}],"wp:attachment":[{"href":"https:\/\/www.xn--tuksimaailm-ffb.ee\/fi\/wp-json\/wp\/v2\/media?parent=54289"}],"wp:term":[{"taxonomy":"product_brand","embeddable":true,"href":"https:\/\/www.xn--tuksimaailm-ffb.ee\/fi\/wp-json\/wp\/v2\/product_brand?post=54289"},{"taxonomy":"product_cat","embeddable":true,"href":"https:\/\/www.xn--tuksimaailm-ffb.ee\/fi\/wp-json\/wp\/v2\/product_cat?post=54289"},{"taxonomy":"product_tag","embeddable":true,"href":"https:\/\/www.xn--tuksimaailm-ffb.ee\/fi\/wp-json\/wp\/v2\/product_tag?post=54289"},{"taxonomy":"filter_elektritoukeratas","embeddable":true,"href":"https:\/\/www.xn--tuksimaailm-ffb.ee\/fi\/wp-json\/wp\/v2\/filter_elektritoukeratas?post=54289"}],"curies":[{"name":"wp","href":"https:\/\/api.w.org\/{rel}","templated":true}]}}