{"id":54779,"date":"2022-01-20T14:38:13","date_gmt":"2022-01-20T12:38:13","guid":{"rendered":"http:\/\/www.xn--tuksimaailm-ffb.ee\/shop\/kahvat-dualtron-sahkoskootterille\/"},"modified":"2022-01-20T14:38:13","modified_gmt":"2022-01-20T11:38:13","slug":"kahvat-dualtron-sahkoskootterille","status":"publish","type":"product","link":"https:\/\/www.xn--tuksimaailm-ffb.ee\/fi\/shop\/kahvat-dualtron-sahkoskootterille\/","title":{"rendered":"Kahvat Dualtron-s\u00e4hk\u00f6skootterille"},"content":{"rendered":"<p>Kahvat Dualtron-s\u00e4hk\u00f6skootterille<\/p>\n","protected":false},"excerpt":{"rendered":"<p><em><strong>Toimitusaika: 8-18tp<\/strong><\/em><\/p>\n","protected":false},"featured_media":53251,"template":"","meta":[],"product_brand":[],"product_cat":[1697,1698],"product_tag":[3301],"filter_elektritoukeratas":[2730,2733,2732,2736,2734,2735,2610,2737,2609,2731,2729],"class_list":{"0":"post-54779","1":"product","2":"type-product","3":"status-publish","4":"has-post-thumbnail","6":"product_cat-lisavarusteet","7":"product_cat-varaosat","8":"product_tag-kaepidemed-fi","9":"pa_tootetuup-kaepidemed-fi","10":"filter_elektritoukeratas-ft_dualtron_eagle","11":"filter_elektritoukeratas-ft_dualtron_mini","12":"filter_elektritoukeratas-ft_dualtron_spider","13":"filter_elektritoukeratas-ft_dualtron_storm","14":"filter_elektritoukeratas-ft_dualtron_thunder","15":"filter_elektritoukeratas-ft_dualtron_ultra","16":"filter_elektritoukeratas-ft_dualtron_victor","17":"filter_elektritoukeratas-ft_dualtron_x_x2","18":"filter_elektritoukeratas-ft_-minimotors_dualtron","19":"filter_elektritoukeratas-ft_minimotors_speedway_4_5","20":"filter_elektritoukeratas-ft_minimotors_speedway_leger","22":"first","23":"onbackorder","24":"taxable","25":"shipping-taxable","26":"purchasable","27":"product-type-simple"},"yoast_head":"<!-- This site is optimized with the Yoast SEO Premium plugin v26.8 (Yoast SEO v27.5) - https:\/\/yoast.com\/product\/yoast-seo-premium-wordpress\/ -->\n<title>Kahvat Dualtron-s\u00e4hk\u00f6skootterille &#8212; T\u00f5uksimaailm<\/title>\n<meta name=\"description\" content=\"K\u00e4epidemed Dualtron elektrit\u00f5ukeratas\" \/>\n<meta name=\"robots\" content=\"index, follow, max-snippet:-1, max-image-preview:large, max-video-preview:-1\" \/>\n<link rel=\"canonical\" href=\"https:\/\/www.xn--tuksimaailm-ffb.ee\/fi\/shop\/kahvat-dualtron-sahkoskootterille\/\" \/>\n<meta property=\"og:locale\" content=\"fi_FI\" \/>\n<meta property=\"og:type\" content=\"article\" \/>\n<meta property=\"og:title\" content=\"Kahvat Dualtron-s\u00e4hk\u00f6skootterille\" \/>\n<meta property=\"og:description\" content=\"K\u00e4epidemed Dualtron elektrit\u00f5ukeratas\" \/>\n<meta property=\"og:url\" content=\"https:\/\/www.xn--tuksimaailm-ffb.ee\/fi\/shop\/kahvat-dualtron-sahkoskootterille\/\" \/>\n<meta property=\"og:site_name\" content=\"T\u00f5uksimaailm\" \/>\n<meta property=\"article:publisher\" content=\"https:\/\/www.facebook.com\/touksimaailm\/\" \/>\n<meta property=\"og:image\" content=\"https:\/\/www.xn--tuksimaailm-ffb.ee\/wp-content\/uploads\/2022\/01\/Screenshot-2025-01-03-043324.webp\" \/>\n\t<meta property=\"og:image:width\" content=\"523\" \/>\n\t<meta property=\"og:image:height\" content=\"407\" \/>\n\t<meta property=\"og:image:type\" content=\"image\/webp\" \/>\n<meta name=\"twitter:card\" content=\"summary_large_image\" \/>\n<meta name=\"twitter:label1\" content=\"Hinta\" \/>\n\t<meta name=\"twitter:data1\" content=\"&euro;35.00\" \/>\n\t<meta name=\"twitter:label2\" content=\"Saatavuus\" \/>\n\t<meta name=\"twitter:data2\" content=\"J\u00e4lkitoimituksessa\" \/>\n<meta property=\"product:price:amount\" content=\"35.00\" \/>\n<meta property=\"product:price:currency\" content=\"EUR\" \/>\n<meta property=\"og:availability\" content=\"backorder\" \/>\n<meta property=\"product:availability\" content=\"available for order\" \/>\n<meta property=\"product:condition\" content=\"new\" \/>\n<!-- \/ Yoast SEO Premium plugin. -->","yoast_head_json":{"title":"Kahvat Dualtron-s\u00e4hk\u00f6skootterille &#8212; T\u00f5uksimaailm","description":"K\u00e4epidemed Dualtron elektrit\u00f5ukeratas","robots":{"index":"index","follow":"follow","max-snippet":"max-snippet:-1","max-image-preview":"max-image-preview:large","max-video-preview":"max-video-preview:-1"},"canonical":"https:\/\/www.xn--tuksimaailm-ffb.ee\/fi\/shop\/kahvat-dualtron-sahkoskootterille\/","og_locale":"fi_FI","og_type":"article","og_title":"Kahvat Dualtron-s\u00e4hk\u00f6skootterille","og_description":"K\u00e4epidemed Dualtron elektrit\u00f5ukeratas","og_url":"https:\/\/www.xn--tuksimaailm-ffb.ee\/fi\/shop\/kahvat-dualtron-sahkoskootterille\/","og_site_name":"T\u00f5uksimaailm","article_publisher":"https:\/\/www.facebook.com\/touksimaailm\/","og_image":[{"width":523,"height":407,"url":"https:\/\/www.xn--tuksimaailm-ffb.ee\/wp-content\/uploads\/2022\/01\/Screenshot-2025-01-03-043324.webp","type":"image\/webp"}],"twitter_card":"summary_large_image","twitter_misc":{"Hinta":"&euro;35.00","Saatavuus":"J\u00e4lkitoimituksessa"},"schema":{"@context":"https:\/\/schema.org","@graph":[{"@type":"WebPage","@id":"https:\/\/www.xn--tuksimaailm-ffb.ee\/fi\/shop\/kahvat-dualtron-sahkoskootterille\/","url":"https:\/\/www.xn--tuksimaailm-ffb.ee\/fi\/shop\/kahvat-dualtron-sahkoskootterille\/","name":"Kahvat Dualtron-s\u00e4hk\u00f6skootterille &#8212; T\u00f5uksimaailm","isPartOf":{"@id":"https:\/\/www.xn--tuksimaailm-ffb.ee\/fi\/#website"},"primaryImageOfPage":{"@id":"https:\/\/www.xn--tuksimaailm-ffb.ee\/fi\/shop\/kahvat-dualtron-sahkoskootterille\/#primaryimage"},"image":{"@id":"https:\/\/www.xn--tuksimaailm-ffb.ee\/fi\/shop\/kahvat-dualtron-sahkoskootterille\/#primaryimage"},"thumbnailUrl":"https:\/\/www.xn--tuksimaailm-ffb.ee\/wp-content\/uploads\/2022\/01\/Screenshot-2025-01-03-043324.webp","datePublished":"2022-01-20T12:38:13+00:00","description":"K\u00e4epidemed Dualtron elektrit\u00f5ukeratas","breadcrumb":{"@id":"https:\/\/www.xn--tuksimaailm-ffb.ee\/fi\/shop\/kahvat-dualtron-sahkoskootterille\/#breadcrumb"},"inLanguage":"fi","potentialAction":[{"@type":"ReadAction","target":["https:\/\/www.xn--tuksimaailm-ffb.ee\/fi\/shop\/kahvat-dualtron-sahkoskootterille\/"]}]},{"@type":"ImageObject","inLanguage":"fi","@id":"https:\/\/www.xn--tuksimaailm-ffb.ee\/fi\/shop\/kahvat-dualtron-sahkoskootterille\/#primaryimage","url":"https:\/\/www.xn--tuksimaailm-ffb.ee\/wp-content\/uploads\/2022\/01\/Screenshot-2025-01-03-043324.webp","contentUrl":"https:\/\/www.xn--tuksimaailm-ffb.ee\/wp-content\/uploads\/2022\/01\/Screenshot-2025-01-03-043324.webp","width":523,"height":407,"caption":"K\u00e4epidemed Dualtron elektrit\u00f5ukeratas"},{"@type":"BreadcrumbList","@id":"https:\/\/www.xn--tuksimaailm-ffb.ee\/fi\/shop\/kahvat-dualtron-sahkoskootterille\/#breadcrumb","itemListElement":[{"@type":"ListItem","position":1,"name":"Home","item":"https:\/\/www.xn--tuksimaailm-ffb.ee\/fi\/kotisivu\/"},{"@type":"ListItem","position":2,"name":"Kauppa","item":"https:\/\/www.xn--tuksimaailm-ffb.ee\/elektritoukerataste-pood\/"},{"@type":"ListItem","position":3,"name":"Kahvat Dualtron-s\u00e4hk\u00f6skootterille"}]},{"@type":"WebSite","@id":"https:\/\/www.xn--tuksimaailm-ffb.ee\/fi\/#website","url":"https:\/\/www.xn--tuksimaailm-ffb.ee\/fi\/","name":"T\u00f5uksimaailm","description":"Elektrit\u00f5ukerataste m\u00fc\u00fck, remont ja rent","publisher":{"@id":"https:\/\/www.xn--tuksimaailm-ffb.ee\/fi\/#organization"},"potentialAction":[{"@type":"SearchAction","target":{"@type":"EntryPoint","urlTemplate":"https:\/\/www.xn--tuksimaailm-ffb.ee\/fi\/?s={search_term_string}"},"query-input":{"@type":"PropertyValueSpecification","valueRequired":true,"valueName":"search_term_string"}}],"inLanguage":"fi"},{"@type":"Organization","@id":"https:\/\/www.xn--tuksimaailm-ffb.ee\/fi\/#organization","name":"T\u00f5uksimaailm","url":"https:\/\/www.xn--tuksimaailm-ffb.ee\/fi\/","logo":{"@type":"ImageObject","inLanguage":"fi","@id":"https:\/\/www.xn--tuksimaailm-ffb.ee\/fi\/#\/schema\/logo\/image\/","url":"https:\/\/www.xn--tuksimaailm-ffb.ee\/wp-content\/uploads\/2020\/01\/logoz-e1579792875517.png","contentUrl":"https:\/\/www.xn--tuksimaailm-ffb.ee\/wp-content\/uploads\/2020\/01\/logoz-e1579792875517.png","width":250,"height":250,"caption":"T\u00f5uksimaailm"},"image":{"@id":"https:\/\/www.xn--tuksimaailm-ffb.ee\/fi\/#\/schema\/logo\/image\/"},"sameAs":["https:\/\/www.facebook.com\/touksimaailm\/","https:\/\/www.instagram.com\/touksimaailm_\/","https:\/\/www.youtube.com\/channel\/UC18ml0EKIDLP1xGuQjFzcXQ"]}]},"product_price_amount":"35.00","product_price_currency":"EUR","og_availability":"backorder","product_availability":"available for order","product_condition":"new"},"jetpack_sharing_enabled":true,"_links":{"self":[{"href":"https:\/\/www.xn--tuksimaailm-ffb.ee\/fi\/wp-json\/wp\/v2\/product\/54779","targetHints":{"allow":["GET"]}}],"collection":[{"href":"https:\/\/www.xn--tuksimaailm-ffb.ee\/fi\/wp-json\/wp\/v2\/product"}],"about":[{"href":"https:\/\/www.xn--tuksimaailm-ffb.ee\/fi\/wp-json\/wp\/v2\/types\/product"}],"wp:featuredmedia":[{"embeddable":true,"href":"https:\/\/www.xn--tuksimaailm-ffb.ee\/fi\/wp-json\/wp\/v2\/media\/53251"}],"wp:attachment":[{"href":"https:\/\/www.xn--tuksimaailm-ffb.ee\/fi\/wp-json\/wp\/v2\/media?parent=54779"}],"wp:term":[{"taxonomy":"product_brand","embeddable":true,"href":"https:\/\/www.xn--tuksimaailm-ffb.ee\/fi\/wp-json\/wp\/v2\/product_brand?post=54779"},{"taxonomy":"product_cat","embeddable":true,"href":"https:\/\/www.xn--tuksimaailm-ffb.ee\/fi\/wp-json\/wp\/v2\/product_cat?post=54779"},{"taxonomy":"product_tag","embeddable":true,"href":"https:\/\/www.xn--tuksimaailm-ffb.ee\/fi\/wp-json\/wp\/v2\/product_tag?post=54779"},{"taxonomy":"filter_elektritoukeratas","embeddable":true,"href":"https:\/\/www.xn--tuksimaailm-ffb.ee\/fi\/wp-json\/wp\/v2\/filter_elektritoukeratas?post=54779"}],"curies":[{"name":"wp","href":"https:\/\/api.w.org\/{rel}","templated":true}]}}