{"id":55006,"date":"2021-12-05T17:58:58","date_gmt":"2021-12-05T14:58:58","guid":{"rendered":"http:\/\/www.xn--tuksimaailm-ffb.ee\/shop\/kompakti-signaalikello-22mm-ohjaustanko-sahkoskootteri\/"},"modified":"2021-12-05T17:58:58","modified_gmt":"2021-12-05T14:58:58","slug":"kompakti-signaalikello-22mm-ohjaustanko-sahkoskootteri","status":"publish","type":"product","link":"https:\/\/www.xn--tuksimaailm-ffb.ee\/fi\/shop\/kompakti-signaalikello-22mm-ohjaustanko-sahkoskootteri\/","title":{"rendered":"Kompakti signaalikello - 22mm ohjaustanko s\u00e4hk\u00f6skootteri"},"content":{"rendered":"<p>Kompakti signaalikello - sopii s\u00e4hk\u00f6skoottereihin, joissa on 22 mm ohjaustanko. Signaalikello, jossa on musta kupu, hieman matalampi kuin klassinen signaalikello. Kellotelineen halkaisija on 22 mm, joten se sopii melkein kaikkiin s\u00e4hk\u00f6skootterimalleihin, mukaan lukien Xiaomi M365 Pro -s\u00e4hk\u00f6skootteri ja Xiaomi Mi Essential -s\u00e4hk\u00f6skootteri. Kompakti merkkikello sopii my\u00f6s useimpiin polkupy\u00f6riin.<\/p>\n<p>HUOM! Kello ei sovellu Ninebot ES- ja E-sarjan s\u00e4hk\u00f6skoottereihin eik\u00e4 kaikkiin halkaisijaltaan 31,8 mm:n s\u00e4hk\u00f6polkupy\u00f6r\u00e4n ohjaustankoon.<\/p>\n<p>Vaihtoehtoisesti tarjoamme my\u00f6s tyylikk\u00e4\u00e4n kellon, jossa on 22 mm:n linssi.<\/p>\n","protected":false},"excerpt":{"rendered":"<p>Kompakti signaalikello - sopii s\u00e4hk\u00f6skoottereihin, joissa on 22 mm ohjaustanko. Signaalikello, jossa on musta kupu, hieman matalampi kuin klassinen signaalikello. Kellotelineen halkaisija on 22 mm, joten se sopii melkein kaikkiin s\u00e4hk\u00f6skootterimalleihin, mukaan lukien Xiaomi M365 Pro -s\u00e4hk\u00f6skootteri ja Xiaomi Mi Essential -s\u00e4hk\u00f6skootteri. Kompakti merkkikello sopii my\u00f6s useimpiin polkupy\u00f6riin. HUOM! Kello &hellip;<\/p>\n","protected":false},"featured_media":23594,"template":"","meta":[],"product_brand":[],"product_cat":[1697],"product_tag":[3310],"filter_elektritoukeratas":[],"class_list":{"0":"post-55006","1":"product","2":"type-product","3":"status-publish","4":"has-post-thumbnail","6":"product_cat-lisavarusteet","7":"product_tag-signaalkellad","8":"pa_colour-kollane-punane-fi","9":"pa_colour-punainen","10":"pa_colour-sinine-valge-fi","11":"pa_tootetuup-signaalkellad-fi","13":"first","14":"instock","15":"taxable","16":"shipping-taxable","17":"purchasable","18":"product-type-simple"},"yoast_head":"<!-- This site is optimized with the Yoast SEO Premium plugin v26.8 (Yoast SEO v27.5) - https:\/\/yoast.com\/product\/yoast-seo-premium-wordpress\/ -->\n<title>Kompakti signaalikello - 22mm ohjaustanko s\u00e4hk\u00f6skootteri &#8212; T\u00f5uksimaailm<\/title>\n<meta name=\"description\" content=\"Kompaktne signaalkell - sobivus 22mm lenksuga elektrit\u00f5ukeratas. Sobib Xiaomi, Segway Ninebot Max G30 elektriline t\u00f5ukeratas.\" \/>\n<meta name=\"robots\" content=\"index, follow, max-snippet:-1, max-image-preview:large, max-video-preview:-1\" \/>\n<link rel=\"canonical\" href=\"https:\/\/www.xn--tuksimaailm-ffb.ee\/fi\/shop\/kompakti-signaalikello-22mm-ohjaustanko-sahkoskootteri\/\" \/>\n<meta property=\"og:locale\" content=\"fi_FI\" \/>\n<meta property=\"og:type\" content=\"article\" \/>\n<meta property=\"og:title\" content=\"Kompakti signaalikello - 22mm ohjaustanko s\u00e4hk\u00f6skootteri\" \/>\n<meta property=\"og:description\" content=\"Kompaktne signaalkell - sobivus 22mm lenksuga elektrit\u00f5ukeratas. Sobib Xiaomi, Segway Ninebot Max G30 elektriline t\u00f5ukeratas.\" \/>\n<meta property=\"og:url\" content=\"https:\/\/www.xn--tuksimaailm-ffb.ee\/fi\/shop\/kompakti-signaalikello-22mm-ohjaustanko-sahkoskootteri\/\" \/>\n<meta property=\"og:site_name\" content=\"T\u00f5uksimaailm\" \/>\n<meta property=\"article:publisher\" content=\"https:\/\/www.facebook.com\/touksimaailm\/\" \/>\n<meta property=\"og:image\" content=\"https:\/\/www.xn--tuksimaailm-ffb.ee\/wp-content\/uploads\/2021\/12\/kompaktne-signaalkell.png\" \/>\n\t<meta property=\"og:image:width\" content=\"315\" \/>\n\t<meta property=\"og:image:height\" content=\"228\" \/>\n\t<meta property=\"og:image:type\" content=\"image\/png\" \/>\n<meta name=\"twitter:card\" content=\"summary_large_image\" \/>\n<meta name=\"twitter:label1\" content=\"Hinta\" \/>\n\t<meta name=\"twitter:data1\" content=\"&euro;7.50\" \/>\n\t<meta name=\"twitter:label2\" content=\"Saatavuus\" \/>\n\t<meta name=\"twitter:data2\" content=\"Varastossa\" \/>\n<meta property=\"product:price:amount\" content=\"7.50\" \/>\n<meta property=\"product:price:currency\" content=\"EUR\" \/>\n<meta property=\"og:availability\" content=\"instock\" \/>\n<meta property=\"product:availability\" content=\"instock\" \/>\n<meta property=\"product:condition\" content=\"new\" \/>\n<!-- \/ Yoast SEO Premium plugin. -->","yoast_head_json":{"title":"Kompakti signaalikello - 22mm ohjaustanko s\u00e4hk\u00f6skootteri &#8212; T\u00f5uksimaailm","description":"Kompaktne signaalkell - sobivus 22mm lenksuga elektrit\u00f5ukeratas. Sobib Xiaomi, Segway Ninebot Max G30 elektriline t\u00f5ukeratas.","robots":{"index":"index","follow":"follow","max-snippet":"max-snippet:-1","max-image-preview":"max-image-preview:large","max-video-preview":"max-video-preview:-1"},"canonical":"https:\/\/www.xn--tuksimaailm-ffb.ee\/fi\/shop\/kompakti-signaalikello-22mm-ohjaustanko-sahkoskootteri\/","og_locale":"fi_FI","og_type":"article","og_title":"Kompakti signaalikello - 22mm ohjaustanko s\u00e4hk\u00f6skootteri","og_description":"Kompaktne signaalkell - sobivus 22mm lenksuga elektrit\u00f5ukeratas. Sobib Xiaomi, Segway Ninebot Max G30 elektriline t\u00f5ukeratas.","og_url":"https:\/\/www.xn--tuksimaailm-ffb.ee\/fi\/shop\/kompakti-signaalikello-22mm-ohjaustanko-sahkoskootteri\/","og_site_name":"T\u00f5uksimaailm","article_publisher":"https:\/\/www.facebook.com\/touksimaailm\/","og_image":[{"width":315,"height":228,"url":"https:\/\/www.xn--tuksimaailm-ffb.ee\/wp-content\/uploads\/2021\/12\/kompaktne-signaalkell.png","type":"image\/png"}],"twitter_card":"summary_large_image","twitter_misc":{"Hinta":"&euro;7.50","Saatavuus":"Varastossa"},"schema":{"@context":"https:\/\/schema.org","@graph":[{"@type":"WebPage","@id":"https:\/\/www.xn--tuksimaailm-ffb.ee\/fi\/shop\/kompakti-signaalikello-22mm-ohjaustanko-sahkoskootteri\/","url":"https:\/\/www.xn--tuksimaailm-ffb.ee\/fi\/shop\/kompakti-signaalikello-22mm-ohjaustanko-sahkoskootteri\/","name":"Kompakti signaalikello - 22mm ohjaustanko s\u00e4hk\u00f6skootteri &#8212; T\u00f5uksimaailm","isPartOf":{"@id":"https:\/\/www.xn--tuksimaailm-ffb.ee\/fi\/#website"},"primaryImageOfPage":{"@id":"https:\/\/www.xn--tuksimaailm-ffb.ee\/fi\/shop\/kompakti-signaalikello-22mm-ohjaustanko-sahkoskootteri\/#primaryimage"},"image":{"@id":"https:\/\/www.xn--tuksimaailm-ffb.ee\/fi\/shop\/kompakti-signaalikello-22mm-ohjaustanko-sahkoskootteri\/#primaryimage"},"thumbnailUrl":"https:\/\/www.xn--tuksimaailm-ffb.ee\/wp-content\/uploads\/2021\/12\/kompaktne-signaalkell.png","datePublished":"2021-12-05T14:58:58+00:00","description":"Kompaktne signaalkell - sobivus 22mm lenksuga elektrit\u00f5ukeratas. Sobib Xiaomi, Segway Ninebot Max G30 elektriline t\u00f5ukeratas.","breadcrumb":{"@id":"https:\/\/www.xn--tuksimaailm-ffb.ee\/fi\/shop\/kompakti-signaalikello-22mm-ohjaustanko-sahkoskootteri\/#breadcrumb"},"inLanguage":"fi","potentialAction":[{"@type":"ReadAction","target":["https:\/\/www.xn--tuksimaailm-ffb.ee\/fi\/shop\/kompakti-signaalikello-22mm-ohjaustanko-sahkoskootteri\/"]}]},{"@type":"ImageObject","inLanguage":"fi","@id":"https:\/\/www.xn--tuksimaailm-ffb.ee\/fi\/shop\/kompakti-signaalikello-22mm-ohjaustanko-sahkoskootteri\/#primaryimage","url":"https:\/\/www.xn--tuksimaailm-ffb.ee\/wp-content\/uploads\/2021\/12\/kompaktne-signaalkell.png","contentUrl":"https:\/\/www.xn--tuksimaailm-ffb.ee\/wp-content\/uploads\/2021\/12\/kompaktne-signaalkell.png","width":315,"height":228},{"@type":"BreadcrumbList","@id":"https:\/\/www.xn--tuksimaailm-ffb.ee\/fi\/shop\/kompakti-signaalikello-22mm-ohjaustanko-sahkoskootteri\/#breadcrumb","itemListElement":[{"@type":"ListItem","position":1,"name":"Home","item":"https:\/\/www.xn--tuksimaailm-ffb.ee\/fi\/kotisivu\/"},{"@type":"ListItem","position":2,"name":"Kauppa","item":"https:\/\/www.xn--tuksimaailm-ffb.ee\/elektritoukerataste-pood\/"},{"@type":"ListItem","position":3,"name":"Kompakti signaalikello - 22mm ohjaustanko s\u00e4hk\u00f6skootteri"}]},{"@type":"WebSite","@id":"https:\/\/www.xn--tuksimaailm-ffb.ee\/fi\/#website","url":"https:\/\/www.xn--tuksimaailm-ffb.ee\/fi\/","name":"T\u00f5uksimaailm","description":"Elektrit\u00f5ukerataste m\u00fc\u00fck, remont ja rent","publisher":{"@id":"https:\/\/www.xn--tuksimaailm-ffb.ee\/fi\/#organization"},"potentialAction":[{"@type":"SearchAction","target":{"@type":"EntryPoint","urlTemplate":"https:\/\/www.xn--tuksimaailm-ffb.ee\/fi\/?s={search_term_string}"},"query-input":{"@type":"PropertyValueSpecification","valueRequired":true,"valueName":"search_term_string"}}],"inLanguage":"fi"},{"@type":"Organization","@id":"https:\/\/www.xn--tuksimaailm-ffb.ee\/fi\/#organization","name":"T\u00f5uksimaailm","url":"https:\/\/www.xn--tuksimaailm-ffb.ee\/fi\/","logo":{"@type":"ImageObject","inLanguage":"fi","@id":"https:\/\/www.xn--tuksimaailm-ffb.ee\/fi\/#\/schema\/logo\/image\/","url":"https:\/\/www.xn--tuksimaailm-ffb.ee\/wp-content\/uploads\/2020\/01\/logoz-e1579792875517.png","contentUrl":"https:\/\/www.xn--tuksimaailm-ffb.ee\/wp-content\/uploads\/2020\/01\/logoz-e1579792875517.png","width":250,"height":250,"caption":"T\u00f5uksimaailm"},"image":{"@id":"https:\/\/www.xn--tuksimaailm-ffb.ee\/fi\/#\/schema\/logo\/image\/"},"sameAs":["https:\/\/www.facebook.com\/touksimaailm\/","https:\/\/www.instagram.com\/touksimaailm_\/","https:\/\/www.youtube.com\/channel\/UC18ml0EKIDLP1xGuQjFzcXQ"]}]},"product_price_amount":"7.50","product_price_currency":"EUR","og_availability":"instock","product_availability":"instock","product_condition":"new"},"jetpack_sharing_enabled":true,"_links":{"self":[{"href":"https:\/\/www.xn--tuksimaailm-ffb.ee\/fi\/wp-json\/wp\/v2\/product\/55006","targetHints":{"allow":["GET"]}}],"collection":[{"href":"https:\/\/www.xn--tuksimaailm-ffb.ee\/fi\/wp-json\/wp\/v2\/product"}],"about":[{"href":"https:\/\/www.xn--tuksimaailm-ffb.ee\/fi\/wp-json\/wp\/v2\/types\/product"}],"wp:featuredmedia":[{"embeddable":true,"href":"https:\/\/www.xn--tuksimaailm-ffb.ee\/fi\/wp-json\/wp\/v2\/media\/23594"}],"wp:attachment":[{"href":"https:\/\/www.xn--tuksimaailm-ffb.ee\/fi\/wp-json\/wp\/v2\/media?parent=55006"}],"wp:term":[{"taxonomy":"product_brand","embeddable":true,"href":"https:\/\/www.xn--tuksimaailm-ffb.ee\/fi\/wp-json\/wp\/v2\/product_brand?post=55006"},{"taxonomy":"product_cat","embeddable":true,"href":"https:\/\/www.xn--tuksimaailm-ffb.ee\/fi\/wp-json\/wp\/v2\/product_cat?post=55006"},{"taxonomy":"product_tag","embeddable":true,"href":"https:\/\/www.xn--tuksimaailm-ffb.ee\/fi\/wp-json\/wp\/v2\/product_tag?post=55006"},{"taxonomy":"filter_elektritoukeratas","embeddable":true,"href":"https:\/\/www.xn--tuksimaailm-ffb.ee\/fi\/wp-json\/wp\/v2\/filter_elektritoukeratas?post=55006"}],"curies":[{"name":"wp","href":"https:\/\/api.w.org\/{rel}","templated":true}]}}