{"id":55018,"date":"2021-11-28T18:26:30","date_gmt":"2021-11-28T16:26:30","guid":{"rendered":"http:\/\/www.xn--tuksimaailm-ffb.ee\/shop\/sahkoinen-skootteri-gps-rele-moduulilla\/"},"modified":"2021-11-28T18:26:30","modified_gmt":"2021-11-28T15:26:30","slug":"sahkoinen-skootteri-gps-rele-moduulilla","status":"publish","type":"product","link":"https:\/\/www.xn--tuksimaailm-ffb.ee\/fi\/shop\/sahkoinen-skootteri-gps-rele-moduulilla\/","title":{"rendered":"S\u00e4hk\u00f6inen skootteri GPS rele moduulilla"},"content":{"rendered":"<p>S\u00e4hk\u00f6skootteri GPS rele moduuli \/ rele \/ mobiili (app) sammuttaa. GPS-moduuli soveltuu k\u00e4ytett\u00e4v\u00e4ksi my\u00f6s suosittujen mallien kanssa, kuten esim: Segway Ninebot Max G30 s\u00e4hk\u00f6skootteri, Xiaomi Mi s\u00e4hk\u00f6skootterit, Inokim OX Hero s\u00e4hk\u00f6skootteri. GPS-moduuli soveltuu k\u00e4ytett\u00e4v\u00e4ksi my\u00f6s autoissa, joissa rele katkaisee polttoainepumpun virran. Asennusohjeet k\u00e4ytt\u00e4j\u00e4lle (saatavilla my\u00f6s video-opastus):<\/p>\n<ol>\n<li>Moduulin k\u00e4ytt\u00f6\u00e4 varten tarvitset 4G-SIM-kortin, jonka voit hankkia matkapuhelinoperaattoriltasi. My\u00f6s M2M-paketilla varustetut SIM-kortit sopivat - datakapasiteetti on hyvin pieni.<\/li>\n<li>Ennen kuin asennat SIM-kortin GPS-laitteeseen, sinun on poistettava SIM-kortin PIN-koodi, voit tehd\u00e4 t\u00e4m\u00e4n asettamalla uuden SIM-kortin puhelimeen, ja voit poistaa salasanavaatimuksen SIM-kortin asetuksista.<\/li>\n<li>Aseta SIM-kortti skootterin GPS-moduuliin tuotegalleriassa olevan kuvan yl\u00e4puolella olevien ohjeiden mukaisesti.<\/li>\n<li>Kytke virtajohdot (musta ja punainen) s\u00e4hk\u00f6py\u00f6r\u00e4tuolin akkuun ja releen koskettimen tulo- ja l\u00e4ht\u00f6johdot (sininen ja vihre\u00e4) pois kytkett\u00e4v\u00e4\u00e4n piiriin.<\/li>\n<li>Aseta SIM-kortin APN. Esimerkki n\u00e4kyy tuotegalleriassa - cmnetin sijasta sinun on kirjoitettava matkapuhelinpalvelun tarjoajan APN.<\/li>\n<li>Aseta SIM-kortin yll\u00e4pit\u00e4j\u00e4n numero l\u00e4hett\u00e4m\u00e4ll\u00e4 viesti osoitteeseen SIM-kortti <strong>admin123456+86186******** (t\u00e4hdell\u00e4 varustettu osa on puhelinnumerosi).<\/strong><\/li>\n<li>Lataa <strong>Yuntrack<\/strong>in mobiilisovellus\/sovellus.<\/li>\n<li>Vie s\u00e4hk\u00f6skootteri ja GPS-moduuli ulos ja liiku hieman - moduulilta voi kest\u00e4\u00e4 jonkin aikaa l\u00f6yt\u00e4\u00e4 alkuper\u00e4inen signaali.<\/li>\n<\/ol>\n<p>Jotta GPS-moduuli ja s\u00e4hk\u00f6skootterisi toimisivat t\u00e4ydellisesti yhdess\u00e4, tarjoamme my\u00f6s GPS-asennuksen s\u00e4hk\u00f6skootterikorjaamossamme (SIM-kortti asiakkaan mukana). S\u00e4hk\u00f6skootterin GPS sopii malliisi seuraavin edellytyksin:<\/p>\n<ol>\n<li>S\u00e4hk\u00f6mopossa on kotelon sis\u00e4ll\u00e4 riitt\u00e4v\u00e4sti vapaata tilaa GPS-moduulille ja sen liit\u00e4nn\u00f6ille (36*36*16mm).<\/li>\n<li>S\u00e4hk\u00f6skootteri on varustettu akulla, jonka l\u00e4ht\u00f6j\u00e4nnite vaihtelee 9 ja 95 voltin v\u00e4lill\u00e4 mill\u00e4 tahansa lataustasolla.<\/li>\n<li>S\u00e4hk\u00f6isen toimilaitteen py\u00f6r\u00e4ss\u00e4 on kriittinen toimintakomponentti, joka toimii pienell\u00e4 j\u00e4nnitteell\u00e4 (0-12 V), joka voidaan helposti katkaista releen avulla, kuten moottorin Hall-anturit, kaasu- tai jarrupoljin.<\/li>\n<\/ol>\n<p>GPS-moduulin tekniset tiedot s\u00e4hk\u00f6k\u00e4ytt\u00f6iselle skootterille Merkki ja malli: Universal Hawk CJ740 4G Sertifiointi: CE, RoHS Moduulin mitat: 36 * 36 * 16mm Vesitiivis: roiskevedenpit\u00e4v\u00e4 Virransy\u00f6tt\u00f6j\u00e4nnitealue: 9-95VDC Suurin integroitu releen kytkett\u00e4v\u00e4 j\u00e4nnite: 12V Akun k\u00e4ytt\u00f6ik\u00e4: 1-4 tuntia Taajuudet: 850\/900\/1800\/1900Mhz<\/p>\n","protected":false},"excerpt":{"rendered":"<p>Merkki ja malli: Universal Hawk CJ740 4G Sertifiointi: CE, RoHS Moduulin mitat: 36*36*16mm Vesitiivis: Roiskevesitiivis Virransy\u00f6tt\u00f6j\u00e4nnitealue: 9-95VDC Suurin integroitu releen kytkett\u00e4viss\u00e4 oleva j\u00e4nnite: 12V Akun kesto: 1-4 tuntia Taajuudet: 850\/900\/1800\/1900Mhz<\/p>\n","protected":false},"featured_media":23551,"template":"","meta":[],"product_brand":[],"product_cat":[1697],"product_tag":[3310],"filter_elektritoukeratas":[],"class_list":{"0":"post-55018","1":"product","2":"type-product","3":"status-publish","4":"has-post-thumbnail","6":"product_cat-lisavarusteet","7":"product_tag-signaalkellad","8":"pa_colour-kollane-punane-fi","9":"pa_colour-punainen","10":"pa_colour-sinine-valge-fi","12":"first","13":"instock","14":"taxable","15":"shipping-taxable","16":"purchasable","17":"product-type-simple"},"yoast_head":"<!-- This site is optimized with the Yoast SEO Premium plugin v26.8 (Yoast SEO v27.5) - https:\/\/yoast.com\/product\/yoast-seo-premium-wordpress\/ -->\n<title>S\u00e4hk\u00f6inen skootteri GPS rele moduulilla &#8212; T\u00f5uksimaailm<\/title>\n<meta name=\"description\" content=\"Elektrit\u00f5ukeratta GPS koos relee mooduliga \/ releega. Sobib Ninebot Max elektriline t\u00f5ukeratas, Xiaomi Mi M365 elektrit\u00f5ukeratas.\" \/>\n<meta name=\"robots\" content=\"index, follow, max-snippet:-1, max-image-preview:large, max-video-preview:-1\" \/>\n<link rel=\"canonical\" href=\"https:\/\/www.xn--tuksimaailm-ffb.ee\/fi\/shop\/sahkoinen-skootteri-gps-rele-moduulilla\/\" \/>\n<meta property=\"og:locale\" content=\"fi_FI\" \/>\n<meta property=\"og:type\" content=\"article\" \/>\n<meta property=\"og:title\" content=\"S\u00e4hk\u00f6inen skootteri GPS rele moduulilla\" \/>\n<meta property=\"og:description\" content=\"Elektrit\u00f5ukeratta GPS koos relee mooduliga \/ releega. Sobib Ninebot Max elektriline t\u00f5ukeratas, Xiaomi Mi M365 elektrit\u00f5ukeratas.\" \/>\n<meta property=\"og:url\" content=\"https:\/\/www.xn--tuksimaailm-ffb.ee\/fi\/shop\/sahkoinen-skootteri-gps-rele-moduulilla\/\" \/>\n<meta property=\"og:site_name\" content=\"T\u00f5uksimaailm\" \/>\n<meta property=\"article:publisher\" content=\"https:\/\/www.facebook.com\/touksimaailm\/\" \/>\n<meta property=\"og:image\" content=\"https:\/\/www.xn--tuksimaailm-ffb.ee\/wp-content\/uploads\/2021\/11\/gps-moodul-2.png\" \/>\n\t<meta property=\"og:image:width\" content=\"1079\" \/>\n\t<meta property=\"og:image:height\" content=\"911\" \/>\n\t<meta property=\"og:image:type\" content=\"image\/png\" \/>\n<meta name=\"twitter:card\" content=\"summary_large_image\" \/>\n<meta name=\"twitter:label1\" content=\"Hinta\" \/>\n\t<meta name=\"twitter:data1\" content=\"&euro;49.50\" \/>\n\t<meta name=\"twitter:label2\" content=\"Saatavuus\" \/>\n\t<meta name=\"twitter:data2\" content=\"Varastossa\" \/>\n<meta property=\"product:price:amount\" content=\"49.50\" \/>\n<meta property=\"product:price:currency\" content=\"EUR\" \/>\n<meta property=\"og:availability\" content=\"instock\" \/>\n<meta property=\"product:availability\" content=\"instock\" \/>\n<meta property=\"product:condition\" content=\"new\" \/>\n<!-- \/ Yoast SEO Premium plugin. -->","yoast_head_json":{"title":"S\u00e4hk\u00f6inen skootteri GPS rele moduulilla &#8212; T\u00f5uksimaailm","description":"Elektrit\u00f5ukeratta GPS koos relee mooduliga \/ releega. Sobib Ninebot Max elektriline t\u00f5ukeratas, Xiaomi Mi M365 elektrit\u00f5ukeratas.","robots":{"index":"index","follow":"follow","max-snippet":"max-snippet:-1","max-image-preview":"max-image-preview:large","max-video-preview":"max-video-preview:-1"},"canonical":"https:\/\/www.xn--tuksimaailm-ffb.ee\/fi\/shop\/sahkoinen-skootteri-gps-rele-moduulilla\/","og_locale":"fi_FI","og_type":"article","og_title":"S\u00e4hk\u00f6inen skootteri GPS rele moduulilla","og_description":"Elektrit\u00f5ukeratta GPS koos relee mooduliga \/ releega. Sobib Ninebot Max elektriline t\u00f5ukeratas, Xiaomi Mi M365 elektrit\u00f5ukeratas.","og_url":"https:\/\/www.xn--tuksimaailm-ffb.ee\/fi\/shop\/sahkoinen-skootteri-gps-rele-moduulilla\/","og_site_name":"T\u00f5uksimaailm","article_publisher":"https:\/\/www.facebook.com\/touksimaailm\/","og_image":[{"width":1079,"height":911,"url":"https:\/\/www.xn--tuksimaailm-ffb.ee\/wp-content\/uploads\/2021\/11\/gps-moodul-2.png","type":"image\/png"}],"twitter_card":"summary_large_image","twitter_misc":{"Hinta":"&euro;49.50","Saatavuus":"Varastossa"},"schema":{"@context":"https:\/\/schema.org","@graph":[{"@type":"WebPage","@id":"https:\/\/www.xn--tuksimaailm-ffb.ee\/fi\/shop\/sahkoinen-skootteri-gps-rele-moduulilla\/","url":"https:\/\/www.xn--tuksimaailm-ffb.ee\/fi\/shop\/sahkoinen-skootteri-gps-rele-moduulilla\/","name":"S\u00e4hk\u00f6inen skootteri GPS rele moduulilla &#8212; T\u00f5uksimaailm","isPartOf":{"@id":"https:\/\/www.xn--tuksimaailm-ffb.ee\/fi\/#website"},"primaryImageOfPage":{"@id":"https:\/\/www.xn--tuksimaailm-ffb.ee\/fi\/shop\/sahkoinen-skootteri-gps-rele-moduulilla\/#primaryimage"},"image":{"@id":"https:\/\/www.xn--tuksimaailm-ffb.ee\/fi\/shop\/sahkoinen-skootteri-gps-rele-moduulilla\/#primaryimage"},"thumbnailUrl":"https:\/\/www.xn--tuksimaailm-ffb.ee\/wp-content\/uploads\/2021\/11\/gps-moodul-2.png","datePublished":"2021-11-28T16:26:30+00:00","description":"Elektrit\u00f5ukeratta GPS koos relee mooduliga \/ releega. Sobib Ninebot Max elektriline t\u00f5ukeratas, Xiaomi Mi M365 elektrit\u00f5ukeratas.","breadcrumb":{"@id":"https:\/\/www.xn--tuksimaailm-ffb.ee\/fi\/shop\/sahkoinen-skootteri-gps-rele-moduulilla\/#breadcrumb"},"inLanguage":"fi","potentialAction":[{"@type":"ReadAction","target":["https:\/\/www.xn--tuksimaailm-ffb.ee\/fi\/shop\/sahkoinen-skootteri-gps-rele-moduulilla\/"]}]},{"@type":"ImageObject","inLanguage":"fi","@id":"https:\/\/www.xn--tuksimaailm-ffb.ee\/fi\/shop\/sahkoinen-skootteri-gps-rele-moduulilla\/#primaryimage","url":"https:\/\/www.xn--tuksimaailm-ffb.ee\/wp-content\/uploads\/2021\/11\/gps-moodul-2.png","contentUrl":"https:\/\/www.xn--tuksimaailm-ffb.ee\/wp-content\/uploads\/2021\/11\/gps-moodul-2.png","width":1079,"height":911},{"@type":"BreadcrumbList","@id":"https:\/\/www.xn--tuksimaailm-ffb.ee\/fi\/shop\/sahkoinen-skootteri-gps-rele-moduulilla\/#breadcrumb","itemListElement":[{"@type":"ListItem","position":1,"name":"Home","item":"https:\/\/www.xn--tuksimaailm-ffb.ee\/fi\/kotisivu\/"},{"@type":"ListItem","position":2,"name":"Kauppa","item":"https:\/\/www.xn--tuksimaailm-ffb.ee\/elektritoukerataste-pood\/"},{"@type":"ListItem","position":3,"name":"S\u00e4hk\u00f6inen skootteri GPS rele moduulilla"}]},{"@type":"WebSite","@id":"https:\/\/www.xn--tuksimaailm-ffb.ee\/fi\/#website","url":"https:\/\/www.xn--tuksimaailm-ffb.ee\/fi\/","name":"T\u00f5uksimaailm","description":"Elektrit\u00f5ukerataste m\u00fc\u00fck, remont ja rent","publisher":{"@id":"https:\/\/www.xn--tuksimaailm-ffb.ee\/fi\/#organization"},"potentialAction":[{"@type":"SearchAction","target":{"@type":"EntryPoint","urlTemplate":"https:\/\/www.xn--tuksimaailm-ffb.ee\/fi\/?s={search_term_string}"},"query-input":{"@type":"PropertyValueSpecification","valueRequired":true,"valueName":"search_term_string"}}],"inLanguage":"fi"},{"@type":"Organization","@id":"https:\/\/www.xn--tuksimaailm-ffb.ee\/fi\/#organization","name":"T\u00f5uksimaailm","url":"https:\/\/www.xn--tuksimaailm-ffb.ee\/fi\/","logo":{"@type":"ImageObject","inLanguage":"fi","@id":"https:\/\/www.xn--tuksimaailm-ffb.ee\/fi\/#\/schema\/logo\/image\/","url":"https:\/\/www.xn--tuksimaailm-ffb.ee\/wp-content\/uploads\/2020\/01\/logoz-e1579792875517.png","contentUrl":"https:\/\/www.xn--tuksimaailm-ffb.ee\/wp-content\/uploads\/2020\/01\/logoz-e1579792875517.png","width":250,"height":250,"caption":"T\u00f5uksimaailm"},"image":{"@id":"https:\/\/www.xn--tuksimaailm-ffb.ee\/fi\/#\/schema\/logo\/image\/"},"sameAs":["https:\/\/www.facebook.com\/touksimaailm\/","https:\/\/www.instagram.com\/touksimaailm_\/","https:\/\/www.youtube.com\/channel\/UC18ml0EKIDLP1xGuQjFzcXQ"]}]},"product_price_amount":"49.50","product_price_currency":"EUR","og_availability":"instock","product_availability":"instock","product_condition":"new"},"jetpack_sharing_enabled":true,"_links":{"self":[{"href":"https:\/\/www.xn--tuksimaailm-ffb.ee\/fi\/wp-json\/wp\/v2\/product\/55018","targetHints":{"allow":["GET"]}}],"collection":[{"href":"https:\/\/www.xn--tuksimaailm-ffb.ee\/fi\/wp-json\/wp\/v2\/product"}],"about":[{"href":"https:\/\/www.xn--tuksimaailm-ffb.ee\/fi\/wp-json\/wp\/v2\/types\/product"}],"wp:featuredmedia":[{"embeddable":true,"href":"https:\/\/www.xn--tuksimaailm-ffb.ee\/fi\/wp-json\/wp\/v2\/media\/23551"}],"wp:attachment":[{"href":"https:\/\/www.xn--tuksimaailm-ffb.ee\/fi\/wp-json\/wp\/v2\/media?parent=55018"}],"wp:term":[{"taxonomy":"product_brand","embeddable":true,"href":"https:\/\/www.xn--tuksimaailm-ffb.ee\/fi\/wp-json\/wp\/v2\/product_brand?post=55018"},{"taxonomy":"product_cat","embeddable":true,"href":"https:\/\/www.xn--tuksimaailm-ffb.ee\/fi\/wp-json\/wp\/v2\/product_cat?post=55018"},{"taxonomy":"product_tag","embeddable":true,"href":"https:\/\/www.xn--tuksimaailm-ffb.ee\/fi\/wp-json\/wp\/v2\/product_tag?post=55018"},{"taxonomy":"filter_elektritoukeratas","embeddable":true,"href":"https:\/\/www.xn--tuksimaailm-ffb.ee\/fi\/wp-json\/wp\/v2\/filter_elektritoukeratas?post=55018"}],"curies":[{"name":"wp","href":"https:\/\/api.w.org\/{rel}","templated":true}]}}