{"id":55489,"date":"2021-08-15T17:45:19","date_gmt":"2021-08-15T14:45:19","guid":{"rendered":"http:\/\/www.xn--tuksimaailm-ffb.ee\/shop\/segway-ninebot-max-g30-ii-monorim-v3-etuiskunvaimennin\/"},"modified":"2021-08-15T17:45:19","modified_gmt":"2021-08-15T14:45:19","slug":"segway-ninebot-max-g30-ii-monorim-v3-etuiskunvaimennin","status":"publish","type":"product","link":"https:\/\/www.xn--tuksimaailm-ffb.ee\/fi\/shop\/segway-ninebot-max-g30-ii-monorim-v3-etuiskunvaimennin\/","title":{"rendered":"Segway Ninebot Max G30 II Monorim V3 etuiskunvaimennin"},"content":{"rendered":"<p>S\u00e4hk\u00f6skootteri Segway Ninebot Max G30 II Monorim V3 etuiskunvaimennin (my\u00f6s etuiskunvaimennin, haarukka iskunvaimentimella), <strong>keltainen<\/strong>v\u00e4ri. Toimitetaan n\u00e4ytt\u00e4v\u00e4n n\u00e4k\u00f6inen ja kest\u00e4v\u00e4 Monorim-etuiskunvaimennin sek\u00e4 ty\u00f6kalut ja kaikki tarvittavat asennustarvikkeet. Segway Ninebot Max G30 II Monorim V3 -etujousenvaimennin sopii suosittuihin Segway Ninebot Max -malleihin <a href=\"http:\/\/www.xn--tuksimaailm-ffb.ee\/shop\/elektriline-toukeratas-ninebot-max-g30\/\">G30<\/a>, G30 II, G30LE, G30P. Etujousenvaimennin auttaa parantamaan s\u00e4hk\u00f6potkulautan ajomukavuutta merkitt\u00e4v\u00e4sti. Ero alkuper\u00e4iseen Segway Ninebot Max G30:n t\u00e4yteen haarukkaan on erityisen huomattava ajettaessa alentuneita teit\u00e4 yl\u00f6s ja alas, rautatien pylv\u00e4iden yli jne. Etulokasuoja tekee suuren eron. Iskunvaimennin auttaa my\u00f6s v\u00e4hent\u00e4m\u00e4\u00e4n renkaiden puhkeamisriski\u00e4 ja suojaa akkua ja s\u00e4hk\u00f6skootterin sis\u00e4isi\u00e4 elektroniikkaliit\u00e4nt\u00f6j\u00e4 t\u00e4rin\u00e4n aiheuttamilta vaurioilta (akkumoduulin teippien irtoaminen jne.). Jos sinulla on vaikeuksia asentaa s\u00e4hk\u00f6skootterisi etummainen iskunvaimennin itse, s\u00e4hk\u00f6skoottereihin erikoistunut <a href=\"http:\/\/www.xn--tuksimaailm-ffb.ee\/elektrilise-toukeratta-remont\/\">korjaamomme<\/a> voi auttaa.<\/p>\n","protected":false},"excerpt":{"rendered":"<p><a href=\"http:\/\/www.xn--tuksimaailm-ffb.ee\/kontakt\/\"><strong>L\u00f6ysitk\u00f6 paremman hinnan?<\/strong><\/a> <a href=\"http:\/\/www.xn--tuksimaailm-ffb.ee\/kontakt\/\"><strong>Kirjoita meille, niin teemme sinulle paremman tarjouksen!<\/strong><\/a> <strong>Tarjoamme my\u00f6s <\/strong><a href=\"http:\/\/www.xn--tuksimaailm-ffb.ee\/shop\/amortisaatori-paigaldus-xiaomi-segway-ninebot\/\"><strong>iskunvaimentimien asennusta<\/strong><\/a><strong>!<\/strong><\/p>\n","protected":false},"featured_media":23394,"template":"","meta":[],"product_brand":[],"product_cat":[1697,1698],"product_tag":[3275],"filter_elektritoukeratas":[],"class_list":{"0":"post-55489","1":"product","2":"type-product","3":"status-publish","4":"has-post-thumbnail","6":"product_cat-lisavarusteet","7":"product_cat-varaosat","8":"product_tag-amordid-fi","9":"pa_colour-musta","10":"pa_colour-punainen","11":"pa_tootetuup-amordid-fi","13":"first","14":"instock","15":"taxable","16":"shipping-taxable","17":"purchasable","18":"product-type-simple"},"yoast_head":"<!-- This site is optimized with the Yoast SEO Premium plugin v26.8 (Yoast SEO v27.5) - https:\/\/yoast.com\/product\/yoast-seo-premium-wordpress\/ -->\n<title>Segway Ninebot Max G30 II Monorim V3 etuiskunvaimennin | T\u00f5uksimaailm<\/title>\n<meta name=\"description\" content=\"Elektrit\u00f5ukeratta Segway Ninebot Max G30 II Monorim V3 esiamort (ka esimene amortisaator), elektrilisele t\u00f5ukerattale Max G30, G30LE.\" \/>\n<meta name=\"robots\" content=\"index, follow, max-snippet:-1, max-image-preview:large, max-video-preview:-1\" \/>\n<link rel=\"canonical\" href=\"https:\/\/www.xn--tuksimaailm-ffb.ee\/fi\/shop\/segway-ninebot-max-g30-ii-monorim-v3-etuiskunvaimennin\/\" \/>\n<meta property=\"og:locale\" content=\"fi_FI\" \/>\n<meta property=\"og:type\" content=\"article\" \/>\n<meta property=\"og:title\" content=\"Segway Ninebot Max G30 II Monorim V3 etuiskunvaimennin\" \/>\n<meta property=\"og:description\" content=\"Elektrit\u00f5ukeratta Segway Ninebot Max G30 II Monorim V3 esiamort (ka esimene amortisaator), elektrilisele t\u00f5ukerattale Max G30, G30LE.\" \/>\n<meta property=\"og:url\" content=\"https:\/\/www.xn--tuksimaailm-ffb.ee\/fi\/shop\/segway-ninebot-max-g30-ii-monorim-v3-etuiskunvaimennin\/\" \/>\n<meta property=\"og:site_name\" content=\"T\u00f5uksimaailm\" \/>\n<meta property=\"article:publisher\" content=\"https:\/\/www.facebook.com\/touksimaailm\/\" \/>\n<meta property=\"og:image\" content=\"https:\/\/www.xn--tuksimaailm-ffb.ee\/wp-content\/uploads\/2021\/08\/monorim-max.png\" \/>\n\t<meta property=\"og:image:width\" content=\"735\" \/>\n\t<meta property=\"og:image:height\" content=\"679\" \/>\n\t<meta property=\"og:image:type\" content=\"image\/png\" \/>\n<meta name=\"twitter:card\" content=\"summary_large_image\" \/>\n<meta name=\"twitter:label1\" content=\"Hinta\" \/>\n\t<meta name=\"twitter:data1\" content=\"&euro;139.50\" \/>\n\t<meta name=\"twitter:label2\" content=\"Saatavuus\" \/>\n\t<meta name=\"twitter:data2\" content=\"Varastossa\" \/>\n<meta property=\"product:price:amount\" content=\"139.50\" \/>\n<meta property=\"product:price:currency\" content=\"EUR\" \/>\n<meta property=\"og:availability\" content=\"instock\" \/>\n<meta property=\"product:availability\" content=\"instock\" \/>\n<meta property=\"product:retailer_item_id\" content=\"MONORIM-G30-ESIMENE\" \/>\n<meta property=\"product:condition\" content=\"new\" \/>\n<!-- \/ Yoast SEO Premium plugin. -->","yoast_head_json":{"title":"Segway Ninebot Max G30 II Monorim V3 etuiskunvaimennin | T\u00f5uksimaailm","description":"Elektrit\u00f5ukeratta Segway Ninebot Max G30 II Monorim V3 esiamort (ka esimene amortisaator), elektrilisele t\u00f5ukerattale Max G30, G30LE.","robots":{"index":"index","follow":"follow","max-snippet":"max-snippet:-1","max-image-preview":"max-image-preview:large","max-video-preview":"max-video-preview:-1"},"canonical":"https:\/\/www.xn--tuksimaailm-ffb.ee\/fi\/shop\/segway-ninebot-max-g30-ii-monorim-v3-etuiskunvaimennin\/","og_locale":"fi_FI","og_type":"article","og_title":"Segway Ninebot Max G30 II Monorim V3 etuiskunvaimennin","og_description":"Elektrit\u00f5ukeratta Segway Ninebot Max G30 II Monorim V3 esiamort (ka esimene amortisaator), elektrilisele t\u00f5ukerattale Max G30, G30LE.","og_url":"https:\/\/www.xn--tuksimaailm-ffb.ee\/fi\/shop\/segway-ninebot-max-g30-ii-monorim-v3-etuiskunvaimennin\/","og_site_name":"T\u00f5uksimaailm","article_publisher":"https:\/\/www.facebook.com\/touksimaailm\/","og_image":[{"width":735,"height":679,"url":"https:\/\/www.xn--tuksimaailm-ffb.ee\/wp-content\/uploads\/2021\/08\/monorim-max.png","type":"image\/png"}],"twitter_card":"summary_large_image","twitter_misc":{"Hinta":"&euro;139.50","Saatavuus":"Varastossa"},"schema":{"@context":"https:\/\/schema.org","@graph":[{"@type":"WebPage","@id":"https:\/\/www.xn--tuksimaailm-ffb.ee\/fi\/shop\/segway-ninebot-max-g30-ii-monorim-v3-etuiskunvaimennin\/","url":"https:\/\/www.xn--tuksimaailm-ffb.ee\/fi\/shop\/segway-ninebot-max-g30-ii-monorim-v3-etuiskunvaimennin\/","name":"Segway Ninebot Max G30 II Monorim V3 etuiskunvaimennin | T\u00f5uksimaailm","isPartOf":{"@id":"https:\/\/www.xn--tuksimaailm-ffb.ee\/fi\/#website"},"primaryImageOfPage":{"@id":"https:\/\/www.xn--tuksimaailm-ffb.ee\/fi\/shop\/segway-ninebot-max-g30-ii-monorim-v3-etuiskunvaimennin\/#primaryimage"},"image":{"@id":"https:\/\/www.xn--tuksimaailm-ffb.ee\/fi\/shop\/segway-ninebot-max-g30-ii-monorim-v3-etuiskunvaimennin\/#primaryimage"},"thumbnailUrl":"https:\/\/www.xn--tuksimaailm-ffb.ee\/wp-content\/uploads\/2021\/08\/monorim-max.png","datePublished":"2021-08-15T14:45:19+00:00","description":"Elektrit\u00f5ukeratta Segway Ninebot Max G30 II Monorim V3 esiamort (ka esimene amortisaator), elektrilisele t\u00f5ukerattale Max G30, G30LE.","breadcrumb":{"@id":"https:\/\/www.xn--tuksimaailm-ffb.ee\/fi\/shop\/segway-ninebot-max-g30-ii-monorim-v3-etuiskunvaimennin\/#breadcrumb"},"inLanguage":"fi","potentialAction":[{"@type":"ReadAction","target":["https:\/\/www.xn--tuksimaailm-ffb.ee\/fi\/shop\/segway-ninebot-max-g30-ii-monorim-v3-etuiskunvaimennin\/"]}]},{"@type":"ImageObject","inLanguage":"fi","@id":"https:\/\/www.xn--tuksimaailm-ffb.ee\/fi\/shop\/segway-ninebot-max-g30-ii-monorim-v3-etuiskunvaimennin\/#primaryimage","url":"https:\/\/www.xn--tuksimaailm-ffb.ee\/wp-content\/uploads\/2021\/08\/monorim-max.png","contentUrl":"https:\/\/www.xn--tuksimaailm-ffb.ee\/wp-content\/uploads\/2021\/08\/monorim-max.png","width":735,"height":679},{"@type":"BreadcrumbList","@id":"https:\/\/www.xn--tuksimaailm-ffb.ee\/fi\/shop\/segway-ninebot-max-g30-ii-monorim-v3-etuiskunvaimennin\/#breadcrumb","itemListElement":[{"@type":"ListItem","position":1,"name":"Home","item":"https:\/\/www.xn--tuksimaailm-ffb.ee\/fi\/kotisivu\/"},{"@type":"ListItem","position":2,"name":"Kauppa","item":"https:\/\/www.xn--tuksimaailm-ffb.ee\/elektritoukerataste-pood\/"},{"@type":"ListItem","position":3,"name":"Segway Ninebot Max G30 II Monorim V3 etuiskunvaimennin"}]},{"@type":"WebSite","@id":"https:\/\/www.xn--tuksimaailm-ffb.ee\/fi\/#website","url":"https:\/\/www.xn--tuksimaailm-ffb.ee\/fi\/","name":"T\u00f5uksimaailm","description":"Elektrit\u00f5ukerataste m\u00fc\u00fck, remont ja rent","publisher":{"@id":"https:\/\/www.xn--tuksimaailm-ffb.ee\/fi\/#organization"},"potentialAction":[{"@type":"SearchAction","target":{"@type":"EntryPoint","urlTemplate":"https:\/\/www.xn--tuksimaailm-ffb.ee\/fi\/?s={search_term_string}"},"query-input":{"@type":"PropertyValueSpecification","valueRequired":true,"valueName":"search_term_string"}}],"inLanguage":"fi"},{"@type":"Organization","@id":"https:\/\/www.xn--tuksimaailm-ffb.ee\/fi\/#organization","name":"T\u00f5uksimaailm","url":"https:\/\/www.xn--tuksimaailm-ffb.ee\/fi\/","logo":{"@type":"ImageObject","inLanguage":"fi","@id":"https:\/\/www.xn--tuksimaailm-ffb.ee\/fi\/#\/schema\/logo\/image\/","url":"https:\/\/www.xn--tuksimaailm-ffb.ee\/wp-content\/uploads\/2020\/01\/logoz-e1579792875517.png","contentUrl":"https:\/\/www.xn--tuksimaailm-ffb.ee\/wp-content\/uploads\/2020\/01\/logoz-e1579792875517.png","width":250,"height":250,"caption":"T\u00f5uksimaailm"},"image":{"@id":"https:\/\/www.xn--tuksimaailm-ffb.ee\/fi\/#\/schema\/logo\/image\/"},"sameAs":["https:\/\/www.facebook.com\/touksimaailm\/","https:\/\/www.instagram.com\/touksimaailm_\/","https:\/\/www.youtube.com\/channel\/UC18ml0EKIDLP1xGuQjFzcXQ"]}]},"product_price_amount":"139.50","product_price_currency":"EUR","og_availability":"instock","product_availability":"instock","product_retailer_item_id":"MONORIM-G30-ESIMENE","product_condition":"new"},"jetpack_sharing_enabled":true,"_links":{"self":[{"href":"https:\/\/www.xn--tuksimaailm-ffb.ee\/fi\/wp-json\/wp\/v2\/product\/55489","targetHints":{"allow":["GET"]}}],"collection":[{"href":"https:\/\/www.xn--tuksimaailm-ffb.ee\/fi\/wp-json\/wp\/v2\/product"}],"about":[{"href":"https:\/\/www.xn--tuksimaailm-ffb.ee\/fi\/wp-json\/wp\/v2\/types\/product"}],"wp:featuredmedia":[{"embeddable":true,"href":"https:\/\/www.xn--tuksimaailm-ffb.ee\/fi\/wp-json\/wp\/v2\/media\/23394"}],"wp:attachment":[{"href":"https:\/\/www.xn--tuksimaailm-ffb.ee\/fi\/wp-json\/wp\/v2\/media?parent=55489"}],"wp:term":[{"taxonomy":"product_brand","embeddable":true,"href":"https:\/\/www.xn--tuksimaailm-ffb.ee\/fi\/wp-json\/wp\/v2\/product_brand?post=55489"},{"taxonomy":"product_cat","embeddable":true,"href":"https:\/\/www.xn--tuksimaailm-ffb.ee\/fi\/wp-json\/wp\/v2\/product_cat?post=55489"},{"taxonomy":"product_tag","embeddable":true,"href":"https:\/\/www.xn--tuksimaailm-ffb.ee\/fi\/wp-json\/wp\/v2\/product_tag?post=55489"},{"taxonomy":"filter_elektritoukeratas","embeddable":true,"href":"https:\/\/www.xn--tuksimaailm-ffb.ee\/fi\/wp-json\/wp\/v2\/filter_elektritoukeratas?post=55489"}],"curies":[{"name":"wp","href":"https:\/\/api.w.org\/{rel}","templated":true}]}}