{"id":55532,"date":"2021-03-20T18:46:24","date_gmt":"2021-03-20T16:46:24","guid":{"rendered":"http:\/\/www.xn--tuksimaailm-ffb.ee\/shop\/puhelinpidike-akku-pankki-polkupyoran-etuvalo-signaalin-kanssa\/"},"modified":"2021-03-20T18:46:24","modified_gmt":"2021-03-20T15:46:24","slug":"puhelinpidike-akku-pankki-polkupyoran-etuvalo-signaalin-kanssa","status":"publish","type":"product","link":"https:\/\/www.xn--tuksimaailm-ffb.ee\/fi\/shop\/puhelinpidike-akku-pankki-polkupyoran-etuvalo-signaalin-kanssa\/","title":{"rendered":"Puhelinpidike, akku pankki polkupy\u00f6r\u00e4n etuvalo signaalin kanssa"},"content":{"rendered":"<p>Musta akkupankki, jossa on etupuhelimen pidike ja signaali - kaiken kattava ratkaisu, joka est\u00e4\u00e4 \u00e4lypuhelimen virran loppumisen ajon aikana. Puhelimen pidike akkupankilla sopii <strong>22 mm<\/strong> ja <strong>31,8 mm<\/strong> halkaisijaltaan oleviin s\u00e4hk\u00f6potkulautojen tai polkupy\u00f6rien ohjaustankoihin. Sopii kaikille \u00e4lypuhelimille, joiden n\u00e4yt\u00f6n koko on <strong>4-6,3 tuumaa<\/strong>. Puhelin pysyy tukevasti paikallaan pidikkeen sivusta ulostulevien pidikkeiden avulla. Puhelinpidikkeess\u00e4 on sis\u00e4\u00e4nrakennettu <strong>4000mAh Li-Ion-akkupankki<\/strong>, joka antaa virtaa kolmelle 5W loisteputkivalolle, joiden valoteho on <strong>400lum<\/strong>. Etuvalaisimessa on 3 toimintatilaa - t\u00e4ysi teho, energians\u00e4\u00e4st\u00f6 ja vilkkuminen. Akkupankki antaa virtaa my\u00f6s <strong>130 dB:n s\u00e4hk\u00f6iselle signaalille<\/strong>, jonka linssiss\u00e4 on erillinen painike. Akkupankin lataaminen 0-100 %:sta kest\u00e4\u00e4 <strong>5 tuntia<\/strong>. Tarjoamme my\u00f6s hieman edullisemman <a href=\"http:\/\/www.xn--tuksimaailm-ffb.ee\/shop\/akupank-telefonihoidja-elektritoukerattale-esitulega\/\">2 valon akkupankkipuhelinpidikkeen<\/a>.<\/p>\n","protected":false},"excerpt":{"rendered":"<p>Musta akkupankki, jossa on etupuhelimen pidike ja signaali - kaiken kattava ratkaisu, joka est\u00e4\u00e4 \u00e4lypuhelimen virran loppumisen ajon aikana. Puhelimen pidike akkupankilla sopii 22 mm ja 31,8 mm halkaisijaltaan oleviin s\u00e4hk\u00f6potkulautojen tai polkupy\u00f6rien ohjaustankoihin. Sopii kaikille \u00e4lypuhelimille, joiden n\u00e4yt\u00f6n koko on 4-6,3 tuumaa. Puhelin pysyy tukevasti paikallaan pidikkeen sivusta ulostulevien &hellip;<\/p>\n","protected":false},"featured_media":23087,"template":"","meta":[],"product_brand":[],"product_cat":[1697],"product_tag":[3310,3329,3270],"filter_elektritoukeratas":[],"class_list":{"0":"post-55532","1":"product","2":"type-product","3":"status-publish","4":"has-post-thumbnail","6":"product_cat-lisavarusteet","7":"product_tag-signaalkellad","8":"product_tag-telefonihoidjad","9":"product_tag-tuled","10":"pa_colour-musta","11":"pa_colour-punainen","12":"pa_colour-sininen","13":"pa_tootetuup-signaalkellad-fi","14":"pa_tootetuup-telefonihoidjad-fi","15":"pa_tootetuup-tuled-fi","17":"first","18":"instock","19":"taxable","20":"shipping-taxable","21":"purchasable","22":"product-type-variable"},"yoast_head":"<!-- This site is optimized with the Yoast SEO Premium plugin v26.8 (Yoast SEO v27.5) - https:\/\/yoast.com\/product\/yoast-seo-premium-wordpress\/ -->\n<title>Puhelinpidike, akku pankki polkupy\u00f6r\u00e4n etuvalo signaalin kanssa | T\u00f5uksimaailm<\/title>\n<meta name=\"description\" content=\"Akupank telefonihoidja esitule ja signaaliga, musta v\u00e4rvi - k\u00f5ik \u00fches lahendus, et enam nutitelefon keset s\u00f5itu t\u00fchjaks ei saaks.\" \/>\n<meta name=\"robots\" content=\"index, follow, max-snippet:-1, max-image-preview:large, max-video-preview:-1\" \/>\n<link rel=\"canonical\" href=\"https:\/\/www.xn--tuksimaailm-ffb.ee\/fi\/shop\/puhelinpidike-akku-pankki-polkupyoran-etuvalo-signaalin-kanssa\/\" \/>\n<meta property=\"og:locale\" content=\"fi_FI\" \/>\n<meta property=\"og:type\" content=\"article\" \/>\n<meta property=\"og:title\" content=\"Puhelinpidike, akku pankki polkupy\u00f6r\u00e4n etuvalo signaalin kanssa\" \/>\n<meta property=\"og:description\" content=\"Akupank telefonihoidja esitule ja signaaliga, musta v\u00e4rvi - k\u00f5ik \u00fches lahendus, et enam nutitelefon keset s\u00f5itu t\u00fchjaks ei saaks.\" \/>\n<meta property=\"og:url\" content=\"https:\/\/www.xn--tuksimaailm-ffb.ee\/fi\/shop\/puhelinpidike-akku-pankki-polkupyoran-etuvalo-signaalin-kanssa\/\" \/>\n<meta property=\"og:site_name\" content=\"T\u00f5uksimaailm\" \/>\n<meta property=\"article:publisher\" content=\"https:\/\/www.facebook.com\/touksimaailm\/\" \/>\n<meta property=\"og:image\" content=\"https:\/\/www.xn--tuksimaailm-ffb.ee\/wp-content\/uploads\/2021\/03\/3-tulega-telefonihoidja.png\" \/>\n\t<meta property=\"og:image:width\" content=\"717\" \/>\n\t<meta property=\"og:image:height\" content=\"721\" \/>\n\t<meta property=\"og:image:type\" content=\"image\/png\" \/>\n<meta name=\"twitter:card\" content=\"summary_large_image\" \/>\n<meta name=\"twitter:label1\" content=\"Saatavuus\" \/>\n\t<meta name=\"twitter:data1\" content=\"Varastossa\" \/>\n<meta property=\"og:availability\" content=\"instock\" \/>\n<meta property=\"product:availability\" content=\"instock\" \/>\n<meta property=\"product:condition\" content=\"new\" \/>\n<!-- \/ Yoast SEO Premium plugin. -->","yoast_head_json":{"title":"Puhelinpidike, akku pankki polkupy\u00f6r\u00e4n etuvalo signaalin kanssa | T\u00f5uksimaailm","description":"Akupank telefonihoidja esitule ja signaaliga, musta v\u00e4rvi - k\u00f5ik \u00fches lahendus, et enam nutitelefon keset s\u00f5itu t\u00fchjaks ei saaks.","robots":{"index":"index","follow":"follow","max-snippet":"max-snippet:-1","max-image-preview":"max-image-preview:large","max-video-preview":"max-video-preview:-1"},"canonical":"https:\/\/www.xn--tuksimaailm-ffb.ee\/fi\/shop\/puhelinpidike-akku-pankki-polkupyoran-etuvalo-signaalin-kanssa\/","og_locale":"fi_FI","og_type":"article","og_title":"Puhelinpidike, akku pankki polkupy\u00f6r\u00e4n etuvalo signaalin kanssa","og_description":"Akupank telefonihoidja esitule ja signaaliga, musta v\u00e4rvi - k\u00f5ik \u00fches lahendus, et enam nutitelefon keset s\u00f5itu t\u00fchjaks ei saaks.","og_url":"https:\/\/www.xn--tuksimaailm-ffb.ee\/fi\/shop\/puhelinpidike-akku-pankki-polkupyoran-etuvalo-signaalin-kanssa\/","og_site_name":"T\u00f5uksimaailm","article_publisher":"https:\/\/www.facebook.com\/touksimaailm\/","og_image":[{"width":717,"height":721,"url":"https:\/\/www.xn--tuksimaailm-ffb.ee\/wp-content\/uploads\/2021\/03\/3-tulega-telefonihoidja.png","type":"image\/png"}],"twitter_card":"summary_large_image","twitter_misc":{"Saatavuus":"Varastossa"},"schema":{"@context":"https:\/\/schema.org","@graph":[{"@type":"WebPage","@id":"https:\/\/www.xn--tuksimaailm-ffb.ee\/fi\/shop\/puhelinpidike-akku-pankki-polkupyoran-etuvalo-signaalin-kanssa\/","url":"https:\/\/www.xn--tuksimaailm-ffb.ee\/fi\/shop\/puhelinpidike-akku-pankki-polkupyoran-etuvalo-signaalin-kanssa\/","name":"Puhelinpidike, akku pankki polkupy\u00f6r\u00e4n etuvalo signaalin kanssa | T\u00f5uksimaailm","isPartOf":{"@id":"https:\/\/www.xn--tuksimaailm-ffb.ee\/fi\/#website"},"primaryImageOfPage":{"@id":"https:\/\/www.xn--tuksimaailm-ffb.ee\/fi\/shop\/puhelinpidike-akku-pankki-polkupyoran-etuvalo-signaalin-kanssa\/#primaryimage"},"image":{"@id":"https:\/\/www.xn--tuksimaailm-ffb.ee\/fi\/shop\/puhelinpidike-akku-pankki-polkupyoran-etuvalo-signaalin-kanssa\/#primaryimage"},"thumbnailUrl":"https:\/\/www.xn--tuksimaailm-ffb.ee\/wp-content\/uploads\/2021\/03\/3-tulega-telefonihoidja.png","datePublished":"2021-03-20T16:46:24+00:00","description":"Akupank telefonihoidja esitule ja signaaliga, musta v\u00e4rvi - k\u00f5ik \u00fches lahendus, et enam nutitelefon keset s\u00f5itu t\u00fchjaks ei saaks.","breadcrumb":{"@id":"https:\/\/www.xn--tuksimaailm-ffb.ee\/fi\/shop\/puhelinpidike-akku-pankki-polkupyoran-etuvalo-signaalin-kanssa\/#breadcrumb"},"inLanguage":"fi","potentialAction":[{"@type":"ReadAction","target":["https:\/\/www.xn--tuksimaailm-ffb.ee\/fi\/shop\/puhelinpidike-akku-pankki-polkupyoran-etuvalo-signaalin-kanssa\/"]}]},{"@type":"ImageObject","inLanguage":"fi","@id":"https:\/\/www.xn--tuksimaailm-ffb.ee\/fi\/shop\/puhelinpidike-akku-pankki-polkupyoran-etuvalo-signaalin-kanssa\/#primaryimage","url":"https:\/\/www.xn--tuksimaailm-ffb.ee\/wp-content\/uploads\/2021\/03\/3-tulega-telefonihoidja.png","contentUrl":"https:\/\/www.xn--tuksimaailm-ffb.ee\/wp-content\/uploads\/2021\/03\/3-tulega-telefonihoidja.png","width":717,"height":721},{"@type":"BreadcrumbList","@id":"https:\/\/www.xn--tuksimaailm-ffb.ee\/fi\/shop\/puhelinpidike-akku-pankki-polkupyoran-etuvalo-signaalin-kanssa\/#breadcrumb","itemListElement":[{"@type":"ListItem","position":1,"name":"Home","item":"https:\/\/www.xn--tuksimaailm-ffb.ee\/fi\/kotisivu\/"},{"@type":"ListItem","position":2,"name":"Kauppa","item":"https:\/\/www.xn--tuksimaailm-ffb.ee\/elektritoukerataste-pood\/"},{"@type":"ListItem","position":3,"name":"Puhelinpidike, akku pankki polkupy\u00f6r\u00e4n etuvalo signaalin kanssa"}]},{"@type":"WebSite","@id":"https:\/\/www.xn--tuksimaailm-ffb.ee\/fi\/#website","url":"https:\/\/www.xn--tuksimaailm-ffb.ee\/fi\/","name":"T\u00f5uksimaailm","description":"Elektrit\u00f5ukerataste m\u00fc\u00fck, remont ja rent","publisher":{"@id":"https:\/\/www.xn--tuksimaailm-ffb.ee\/fi\/#organization"},"potentialAction":[{"@type":"SearchAction","target":{"@type":"EntryPoint","urlTemplate":"https:\/\/www.xn--tuksimaailm-ffb.ee\/fi\/?s={search_term_string}"},"query-input":{"@type":"PropertyValueSpecification","valueRequired":true,"valueName":"search_term_string"}}],"inLanguage":"fi"},{"@type":"Organization","@id":"https:\/\/www.xn--tuksimaailm-ffb.ee\/fi\/#organization","name":"T\u00f5uksimaailm","url":"https:\/\/www.xn--tuksimaailm-ffb.ee\/fi\/","logo":{"@type":"ImageObject","inLanguage":"fi","@id":"https:\/\/www.xn--tuksimaailm-ffb.ee\/fi\/#\/schema\/logo\/image\/","url":"https:\/\/www.xn--tuksimaailm-ffb.ee\/wp-content\/uploads\/2020\/01\/logoz-e1579792875517.png","contentUrl":"https:\/\/www.xn--tuksimaailm-ffb.ee\/wp-content\/uploads\/2020\/01\/logoz-e1579792875517.png","width":250,"height":250,"caption":"T\u00f5uksimaailm"},"image":{"@id":"https:\/\/www.xn--tuksimaailm-ffb.ee\/fi\/#\/schema\/logo\/image\/"},"sameAs":["https:\/\/www.facebook.com\/touksimaailm\/","https:\/\/www.instagram.com\/touksimaailm_\/","https:\/\/www.youtube.com\/channel\/UC18ml0EKIDLP1xGuQjFzcXQ"]}]},"og_availability":"instock","product_availability":"instock","product_condition":"new"},"jetpack_sharing_enabled":true,"_links":{"self":[{"href":"https:\/\/www.xn--tuksimaailm-ffb.ee\/fi\/wp-json\/wp\/v2\/product\/55532","targetHints":{"allow":["GET"]}}],"collection":[{"href":"https:\/\/www.xn--tuksimaailm-ffb.ee\/fi\/wp-json\/wp\/v2\/product"}],"about":[{"href":"https:\/\/www.xn--tuksimaailm-ffb.ee\/fi\/wp-json\/wp\/v2\/types\/product"}],"wp:featuredmedia":[{"embeddable":true,"href":"https:\/\/www.xn--tuksimaailm-ffb.ee\/fi\/wp-json\/wp\/v2\/media\/23087"}],"wp:attachment":[{"href":"https:\/\/www.xn--tuksimaailm-ffb.ee\/fi\/wp-json\/wp\/v2\/media?parent=55532"}],"wp:term":[{"taxonomy":"product_brand","embeddable":true,"href":"https:\/\/www.xn--tuksimaailm-ffb.ee\/fi\/wp-json\/wp\/v2\/product_brand?post=55532"},{"taxonomy":"product_cat","embeddable":true,"href":"https:\/\/www.xn--tuksimaailm-ffb.ee\/fi\/wp-json\/wp\/v2\/product_cat?post=55532"},{"taxonomy":"product_tag","embeddable":true,"href":"https:\/\/www.xn--tuksimaailm-ffb.ee\/fi\/wp-json\/wp\/v2\/product_tag?post=55532"},{"taxonomy":"filter_elektritoukeratas","embeddable":true,"href":"https:\/\/www.xn--tuksimaailm-ffb.ee\/fi\/wp-json\/wp\/v2\/filter_elektritoukeratas?post=55532"}],"curies":[{"name":"wp","href":"https:\/\/api.w.org\/{rel}","templated":true}]}}