{"id":55536,"date":"2021-03-20T18:04:53","date_gmt":"2021-03-20T18:04:53","guid":{"rendered":"http:\/\/www.xn--tuksimaailm-ffb.ee\/shop\/bluetooth-kaiutin-sahkoskootterin-ohjaustankoon\/"},"modified":"2021-03-20T18:04:53","modified_gmt":"2021-03-20T15:04:53","slug":"bluetooth-kaiutin-sahkoskootterin-ohjaustankoon","status":"publish","type":"product","link":"https:\/\/www.xn--tuksimaailm-ffb.ee\/fi\/shop\/bluetooth-kaiutin-sahkoskootterin-ohjaustankoon\/","title":{"rendered":"Bluetooth-kaiutin s\u00e4hk\u00f6skootterin ohjaustankoon"},"content":{"rendered":"<p>Bluetooth-kaiutin ohjaustankoon, s\u00e4hk\u00f6skootteriin tai polkupy\u00f6r\u00e4\u00e4n, sininen. Kaiutin on suunniteltu erityisesti ulkoleikkeihin ja se on <strong>vedenpit\u00e4v\u00e4<\/strong>, <strong>p\u00f6lytiivis<\/strong> ja<strong> iskunkest\u00e4v\u00e4 <\/strong><a href=\"https:\/\/et.wikipedia.org\/wiki\/IP-kood\">IPX5-suojaluokituksella<\/a>. Kaiutin k\u00e4ytt\u00e4\u00e4 Bluetooth-yhteytt\u00e4 tiedonsiirtoon ja on ohjattavissa\/yhteensopiva kaikkien \u00e4lypuhelimien kanssa. Kaiuttimessa on <strong>3W<\/strong>kaiutinteho ja se pit\u00e4\u00e4 yhteytt\u00e4 puhelimeen <strong>10m<\/strong> s\u00e4teell\u00e4 <strong>.<\/strong> Akun kesto\/soittoaika on noin <strong>4 tuntia<\/strong>. Akku on ladattavissa kaiuttimen mukana toimitettavalla USB-laturilla.<\/p>\n","protected":false},"excerpt":{"rendered":"<p>Bluetooth-kaiutin ohjaustankoon, s\u00e4hk\u00f6skootteriin tai polkupy\u00f6r\u00e4\u00e4n, sininen. Kaiutin on suunniteltu erityisesti ulkoleikkeihin ja se on vedenpit\u00e4v\u00e4, p\u00f6lytiivis ja iskunkest\u00e4v\u00e4 IPX5-suojaluokituksella. Kaiutin k\u00e4ytt\u00e4\u00e4 Bluetooth-yhteytt\u00e4 tiedonsiirtoon ja on ohjattavissa\/yhteensopiva kaikkien \u00e4lypuhelimien kanssa. Kaiuttimessa on 3Wkaiutinteho ja se pit\u00e4\u00e4 yhteytt\u00e4 puhelimeen 10m s\u00e4teell\u00e4 . Akun kesto\/soittoaika on noin 4 tuntia. Akku on ladattavissa kaiuttimen &hellip;<\/p>\n","protected":false},"featured_media":23085,"template":"","meta":[],"product_brand":[],"product_cat":[1697],"product_tag":[],"filter_elektritoukeratas":[],"class_list":{"0":"post-55536","1":"product","2":"type-product","3":"status-publish","4":"has-post-thumbnail","6":"product_cat-lisavarusteet","7":"pa_tootetuup-signaalkellad-fi","9":"first","10":"outofstock","11":"taxable","12":"shipping-taxable","13":"purchasable","14":"product-type-simple"},"yoast_head":"<!-- This site is optimized with the Yoast SEO Premium plugin v26.8 (Yoast SEO v27.5) - https:\/\/yoast.com\/product\/yoast-seo-premium-wordpress\/ -->\n<title>Bluetooth-kaiutin s\u00e4hk\u00f6skootterin ohjaustankoon | T\u00f5uksimaailm | Lisad<\/title>\n<meta name=\"description\" content=\"Bluetooth k\u00f5lar lenksule, elektrit\u00f5ukerattale v\u00f5i jalgrattale, v\u00e4litingimustes m\u00e4ngimiseks, veekindel, tolmukindel ja p\u00f5rutuskindel,\" \/>\n<meta name=\"robots\" content=\"index, follow, max-snippet:-1, max-image-preview:large, max-video-preview:-1\" \/>\n<link rel=\"canonical\" href=\"https:\/\/www.xn--tuksimaailm-ffb.ee\/fi\/shop\/bluetooth-kaiutin-sahkoskootterin-ohjaustankoon\/\" \/>\n<meta property=\"og:locale\" content=\"fi_FI\" \/>\n<meta property=\"og:type\" content=\"article\" \/>\n<meta property=\"og:title\" content=\"Bluetooth-kaiutin s\u00e4hk\u00f6skootterin ohjaustankoon\" \/>\n<meta property=\"og:description\" content=\"Bluetooth k\u00f5lar lenksule, elektrit\u00f5ukerattale v\u00f5i jalgrattale, v\u00e4litingimustes m\u00e4ngimiseks, veekindel, tolmukindel ja p\u00f5rutuskindel,\" \/>\n<meta property=\"og:url\" content=\"https:\/\/www.xn--tuksimaailm-ffb.ee\/fi\/shop\/bluetooth-kaiutin-sahkoskootterin-ohjaustankoon\/\" \/>\n<meta property=\"og:site_name\" content=\"T\u00f5uksimaailm\" \/>\n<meta property=\"article:publisher\" content=\"https:\/\/www.facebook.com\/touksimaailm\/\" \/>\n<meta property=\"og:image\" content=\"https:\/\/www.xn--tuksimaailm-ffb.ee\/wp-content\/uploads\/2021\/03\/bluetooth-kolar.png\" \/>\n\t<meta property=\"og:image:width\" content=\"827\" \/>\n\t<meta property=\"og:image:height\" content=\"632\" \/>\n\t<meta property=\"og:image:type\" content=\"image\/png\" \/>\n<meta name=\"twitter:card\" content=\"summary_large_image\" \/>\n<meta name=\"twitter:label1\" content=\"Hinta\" \/>\n\t<meta name=\"twitter:data1\" content=\"&euro;45.00\" \/>\n\t<meta name=\"twitter:label2\" content=\"Saatavuus\" \/>\n\t<meta name=\"twitter:data2\" content=\"Loppu varastosta\" \/>\n<meta property=\"product:price:amount\" content=\"45.00\" \/>\n<meta property=\"product:price:currency\" content=\"EUR\" \/>\n<meta property=\"og:availability\" content=\"out of stock\" \/>\n<meta property=\"product:availability\" content=\"out of stock\" \/>\n<meta property=\"product:condition\" content=\"new\" \/>\n<!-- \/ Yoast SEO Premium plugin. -->","yoast_head_json":{"title":"Bluetooth-kaiutin s\u00e4hk\u00f6skootterin ohjaustankoon | T\u00f5uksimaailm | Lisad","description":"Bluetooth k\u00f5lar lenksule, elektrit\u00f5ukerattale v\u00f5i jalgrattale, v\u00e4litingimustes m\u00e4ngimiseks, veekindel, tolmukindel ja p\u00f5rutuskindel,","robots":{"index":"index","follow":"follow","max-snippet":"max-snippet:-1","max-image-preview":"max-image-preview:large","max-video-preview":"max-video-preview:-1"},"canonical":"https:\/\/www.xn--tuksimaailm-ffb.ee\/fi\/shop\/bluetooth-kaiutin-sahkoskootterin-ohjaustankoon\/","og_locale":"fi_FI","og_type":"article","og_title":"Bluetooth-kaiutin s\u00e4hk\u00f6skootterin ohjaustankoon","og_description":"Bluetooth k\u00f5lar lenksule, elektrit\u00f5ukerattale v\u00f5i jalgrattale, v\u00e4litingimustes m\u00e4ngimiseks, veekindel, tolmukindel ja p\u00f5rutuskindel,","og_url":"https:\/\/www.xn--tuksimaailm-ffb.ee\/fi\/shop\/bluetooth-kaiutin-sahkoskootterin-ohjaustankoon\/","og_site_name":"T\u00f5uksimaailm","article_publisher":"https:\/\/www.facebook.com\/touksimaailm\/","og_image":[{"width":827,"height":632,"url":"https:\/\/www.xn--tuksimaailm-ffb.ee\/wp-content\/uploads\/2021\/03\/bluetooth-kolar.png","type":"image\/png"}],"twitter_card":"summary_large_image","twitter_misc":{"Hinta":"&euro;45.00","Saatavuus":"Loppu varastosta"},"schema":{"@context":"https:\/\/schema.org","@graph":[{"@type":"WebPage","@id":"https:\/\/www.xn--tuksimaailm-ffb.ee\/fi\/shop\/bluetooth-kaiutin-sahkoskootterin-ohjaustankoon\/","url":"https:\/\/www.xn--tuksimaailm-ffb.ee\/fi\/shop\/bluetooth-kaiutin-sahkoskootterin-ohjaustankoon\/","name":"Bluetooth-kaiutin s\u00e4hk\u00f6skootterin ohjaustankoon | T\u00f5uksimaailm | Lisad","isPartOf":{"@id":"https:\/\/www.xn--tuksimaailm-ffb.ee\/fi\/#website"},"primaryImageOfPage":{"@id":"https:\/\/www.xn--tuksimaailm-ffb.ee\/fi\/shop\/bluetooth-kaiutin-sahkoskootterin-ohjaustankoon\/#primaryimage"},"image":{"@id":"https:\/\/www.xn--tuksimaailm-ffb.ee\/fi\/shop\/bluetooth-kaiutin-sahkoskootterin-ohjaustankoon\/#primaryimage"},"thumbnailUrl":"https:\/\/www.xn--tuksimaailm-ffb.ee\/wp-content\/uploads\/2021\/03\/bluetooth-kolar.png","datePublished":"2021-03-20T18:04:53+00:00","description":"Bluetooth k\u00f5lar lenksule, elektrit\u00f5ukerattale v\u00f5i jalgrattale, v\u00e4litingimustes m\u00e4ngimiseks, veekindel, tolmukindel ja p\u00f5rutuskindel,","breadcrumb":{"@id":"https:\/\/www.xn--tuksimaailm-ffb.ee\/fi\/shop\/bluetooth-kaiutin-sahkoskootterin-ohjaustankoon\/#breadcrumb"},"inLanguage":"fi","potentialAction":[{"@type":"ReadAction","target":["https:\/\/www.xn--tuksimaailm-ffb.ee\/fi\/shop\/bluetooth-kaiutin-sahkoskootterin-ohjaustankoon\/"]}]},{"@type":"ImageObject","inLanguage":"fi","@id":"https:\/\/www.xn--tuksimaailm-ffb.ee\/fi\/shop\/bluetooth-kaiutin-sahkoskootterin-ohjaustankoon\/#primaryimage","url":"https:\/\/www.xn--tuksimaailm-ffb.ee\/wp-content\/uploads\/2021\/03\/bluetooth-kolar.png","contentUrl":"https:\/\/www.xn--tuksimaailm-ffb.ee\/wp-content\/uploads\/2021\/03\/bluetooth-kolar.png","width":827,"height":632},{"@type":"BreadcrumbList","@id":"https:\/\/www.xn--tuksimaailm-ffb.ee\/fi\/shop\/bluetooth-kaiutin-sahkoskootterin-ohjaustankoon\/#breadcrumb","itemListElement":[{"@type":"ListItem","position":1,"name":"Home","item":"https:\/\/www.xn--tuksimaailm-ffb.ee\/fi\/kotisivu\/"},{"@type":"ListItem","position":2,"name":"Kauppa","item":"https:\/\/www.xn--tuksimaailm-ffb.ee\/elektritoukerataste-pood\/"},{"@type":"ListItem","position":3,"name":"Bluetooth-kaiutin s\u00e4hk\u00f6skootterin ohjaustankoon"}]},{"@type":"WebSite","@id":"https:\/\/www.xn--tuksimaailm-ffb.ee\/fi\/#website","url":"https:\/\/www.xn--tuksimaailm-ffb.ee\/fi\/","name":"T\u00f5uksimaailm","description":"Elektrit\u00f5ukerataste m\u00fc\u00fck, remont ja rent","publisher":{"@id":"https:\/\/www.xn--tuksimaailm-ffb.ee\/fi\/#organization"},"potentialAction":[{"@type":"SearchAction","target":{"@type":"EntryPoint","urlTemplate":"https:\/\/www.xn--tuksimaailm-ffb.ee\/fi\/?s={search_term_string}"},"query-input":{"@type":"PropertyValueSpecification","valueRequired":true,"valueName":"search_term_string"}}],"inLanguage":"fi"},{"@type":"Organization","@id":"https:\/\/www.xn--tuksimaailm-ffb.ee\/fi\/#organization","name":"T\u00f5uksimaailm","url":"https:\/\/www.xn--tuksimaailm-ffb.ee\/fi\/","logo":{"@type":"ImageObject","inLanguage":"fi","@id":"https:\/\/www.xn--tuksimaailm-ffb.ee\/fi\/#\/schema\/logo\/image\/","url":"https:\/\/www.xn--tuksimaailm-ffb.ee\/wp-content\/uploads\/2020\/01\/logoz-e1579792875517.png","contentUrl":"https:\/\/www.xn--tuksimaailm-ffb.ee\/wp-content\/uploads\/2020\/01\/logoz-e1579792875517.png","width":250,"height":250,"caption":"T\u00f5uksimaailm"},"image":{"@id":"https:\/\/www.xn--tuksimaailm-ffb.ee\/fi\/#\/schema\/logo\/image\/"},"sameAs":["https:\/\/www.facebook.com\/touksimaailm\/","https:\/\/www.instagram.com\/touksimaailm_\/","https:\/\/www.youtube.com\/channel\/UC18ml0EKIDLP1xGuQjFzcXQ"]}]},"product_price_amount":"45.00","product_price_currency":"EUR","og_availability":"out of stock","product_availability":"out of stock","product_condition":"new"},"jetpack_sharing_enabled":true,"_links":{"self":[{"href":"https:\/\/www.xn--tuksimaailm-ffb.ee\/fi\/wp-json\/wp\/v2\/product\/55536","targetHints":{"allow":["GET"]}}],"collection":[{"href":"https:\/\/www.xn--tuksimaailm-ffb.ee\/fi\/wp-json\/wp\/v2\/product"}],"about":[{"href":"https:\/\/www.xn--tuksimaailm-ffb.ee\/fi\/wp-json\/wp\/v2\/types\/product"}],"wp:featuredmedia":[{"embeddable":true,"href":"https:\/\/www.xn--tuksimaailm-ffb.ee\/fi\/wp-json\/wp\/v2\/media\/23085"}],"wp:attachment":[{"href":"https:\/\/www.xn--tuksimaailm-ffb.ee\/fi\/wp-json\/wp\/v2\/media?parent=55536"}],"wp:term":[{"taxonomy":"product_brand","embeddable":true,"href":"https:\/\/www.xn--tuksimaailm-ffb.ee\/fi\/wp-json\/wp\/v2\/product_brand?post=55536"},{"taxonomy":"product_cat","embeddable":true,"href":"https:\/\/www.xn--tuksimaailm-ffb.ee\/fi\/wp-json\/wp\/v2\/product_cat?post=55536"},{"taxonomy":"product_tag","embeddable":true,"href":"https:\/\/www.xn--tuksimaailm-ffb.ee\/fi\/wp-json\/wp\/v2\/product_tag?post=55536"},{"taxonomy":"filter_elektritoukeratas","embeddable":true,"href":"https:\/\/www.xn--tuksimaailm-ffb.ee\/fi\/wp-json\/wp\/v2\/filter_elektritoukeratas?post=55536"}],"curies":[{"name":"wp","href":"https:\/\/api.w.org\/{rel}","templated":true}]}}