{"id":55537,"date":"2021-03-20T17:51:38","date_gmt":"2021-03-20T15:51:38","guid":{"rendered":"http:\/\/www.xn--tuksimaailm-ffb.ee\/shop\/ketjulukko-kinguard-polkupyoraan-sahkoskootteriin\/"},"modified":"2021-03-20T17:51:38","modified_gmt":"2021-03-20T14:51:38","slug":"ketjulukko-kinguard-polkupyoraan-sahkoskootteriin","status":"publish","type":"product","link":"https:\/\/www.xn--tuksimaailm-ffb.ee\/fi\/shop\/ketjulukko-kinguard-polkupyoraan-sahkoskootteriin\/","title":{"rendered":"Ketjulukko Kinguard polkupy\u00f6r\u00e4\u00e4n \/ s\u00e4hk\u00f6skootteriin"},"content":{"rendered":"<p>Ketjulukko <strong>Kinguard<\/strong> polkupy\u00f6r\u00e4\u00e4n \/ s\u00e4hk\u00f6skootteriin. Lukon ter\u00e4ketjun pituus on<strong> 850mm.<\/strong> Ketjulukko on p\u00e4\u00e4llystetty mustalla tekstiilikerroksella, joka est\u00e4\u00e4 lukkoa vahingoittamasta maalia, kun se on kosketuksissa lukitun polkupy\u00f6r\u00e4n tai s\u00e4hk\u00f6skootterin runkoon. Ketjulukot ovat hinnaltaan, tiiviydelt\u00e4\u00e4n ja turvallisuudeltaan parhaita lukkoja. Viel\u00e4 turvallisempi mutta my\u00f6s kompaktimpi vaihtoehto on<a href=\"http:\/\/www.xn--tuksimaailm-ffb.ee\/shop\/kompaktne-lulilukk-abus-bordo-5700-must\/\"><strong> kytkinlukko<\/strong><\/a>. Lukon mukana toimitetaan <strong>2 avainta<\/strong>.<\/p>\n","protected":false},"excerpt":{"rendered":"<p>Ketjulukko Kinguard polkupy\u00f6r\u00e4\u00e4n \/ s\u00e4hk\u00f6skootteriin. Lukon ter\u00e4ketjun pituus on 850mm. Ketjulukko on p\u00e4\u00e4llystetty mustalla tekstiilikerroksella, joka est\u00e4\u00e4 lukkoa vahingoittamasta maalia, kun se on kosketuksissa lukitun polkupy\u00f6r\u00e4n tai s\u00e4hk\u00f6skootterin runkoon. Ketjulukot ovat hinnaltaan, tiiviydelt\u00e4\u00e4n ja turvallisuudeltaan parhaita lukkoja. Viel\u00e4 turvallisempi mutta my\u00f6s kompaktimpi vaihtoehto on kytkinlukko. Lukon mukana toimitetaan 2 avainta.<\/p>\n","protected":false},"featured_media":23084,"template":"","meta":[],"product_brand":[],"product_cat":[1697],"product_tag":[1721],"filter_elektritoukeratas":[],"class_list":{"0":"post-55537","1":"product","2":"type-product","3":"status-publish","4":"has-post-thumbnail","6":"product_cat-lisavarusteet","7":"product_tag-lukot","8":"pa_tootetuup-lukot","10":"first","11":"instock","12":"taxable","13":"shipping-taxable","14":"purchasable","15":"product-type-simple"},"yoast_head":"<!-- This site is optimized with the Yoast SEO Premium plugin v26.8 (Yoast SEO v27.5) - https:\/\/yoast.com\/product\/yoast-seo-premium-wordpress\/ -->\n<title>Ketjulukko Kinguard polkupy\u00f6r\u00e4\u00e4n \/ s\u00e4hk\u00f6skootteriin | T\u00f5uksimaailm<\/title>\n<meta name=\"description\" content=\"Kettlukk Kinguard jalgrattale \/ elektrit\u00f5ukerattale. Luku terasest keti pikkus on 850mm. Rattalukk on kaetud tekstiilist kihiga. Lisavarustus ja lukud.\" \/>\n<meta name=\"robots\" content=\"index, follow, max-snippet:-1, max-image-preview:large, max-video-preview:-1\" \/>\n<link rel=\"canonical\" href=\"https:\/\/www.xn--tuksimaailm-ffb.ee\/fi\/shop\/ketjulukko-kinguard-polkupyoraan-sahkoskootteriin\/\" \/>\n<meta property=\"og:locale\" content=\"fi_FI\" \/>\n<meta property=\"og:type\" content=\"article\" \/>\n<meta property=\"og:title\" content=\"Ketjulukko Kinguard polkupy\u00f6r\u00e4\u00e4n \/ s\u00e4hk\u00f6skootteriin\" \/>\n<meta property=\"og:description\" content=\"Kettlukk Kinguard jalgrattale \/ elektrit\u00f5ukerattale. Luku terasest keti pikkus on 850mm. Rattalukk on kaetud tekstiilist kihiga. Lisavarustus ja lukud.\" \/>\n<meta property=\"og:url\" content=\"https:\/\/www.xn--tuksimaailm-ffb.ee\/fi\/shop\/ketjulukko-kinguard-polkupyoraan-sahkoskootteriin\/\" \/>\n<meta property=\"og:site_name\" content=\"T\u00f5uksimaailm\" \/>\n<meta property=\"article:publisher\" content=\"https:\/\/www.facebook.com\/touksimaailm\/\" \/>\n<meta property=\"og:image\" content=\"https:\/\/www.xn--tuksimaailm-ffb.ee\/wp-content\/uploads\/2021\/03\/kettlukk.png\" \/>\n\t<meta property=\"og:image:width\" content=\"976\" \/>\n\t<meta property=\"og:image:height\" content=\"731\" \/>\n\t<meta property=\"og:image:type\" content=\"image\/png\" \/>\n<meta name=\"twitter:card\" content=\"summary_large_image\" \/>\n<meta name=\"twitter:label1\" content=\"Hinta\" \/>\n\t<meta name=\"twitter:data1\" content=\"&euro;29.50\" \/>\n\t<meta name=\"twitter:label2\" content=\"Saatavuus\" \/>\n\t<meta name=\"twitter:data2\" content=\"Varastossa\" \/>\n<meta property=\"product:price:amount\" content=\"29.50\" \/>\n<meta property=\"product:price:currency\" content=\"EUR\" \/>\n<meta property=\"og:availability\" content=\"instock\" \/>\n<meta property=\"product:availability\" content=\"instock\" \/>\n<meta property=\"product:retailer_item_id\" content=\"LUKK-KINGUARD-KETT\" \/>\n<meta property=\"product:condition\" content=\"new\" \/>\n<!-- \/ Yoast SEO Premium plugin. -->","yoast_head_json":{"title":"Ketjulukko Kinguard polkupy\u00f6r\u00e4\u00e4n \/ s\u00e4hk\u00f6skootteriin | T\u00f5uksimaailm","description":"Kettlukk Kinguard jalgrattale \/ elektrit\u00f5ukerattale. Luku terasest keti pikkus on 850mm. Rattalukk on kaetud tekstiilist kihiga. Lisavarustus ja lukud.","robots":{"index":"index","follow":"follow","max-snippet":"max-snippet:-1","max-image-preview":"max-image-preview:large","max-video-preview":"max-video-preview:-1"},"canonical":"https:\/\/www.xn--tuksimaailm-ffb.ee\/fi\/shop\/ketjulukko-kinguard-polkupyoraan-sahkoskootteriin\/","og_locale":"fi_FI","og_type":"article","og_title":"Ketjulukko Kinguard polkupy\u00f6r\u00e4\u00e4n \/ s\u00e4hk\u00f6skootteriin","og_description":"Kettlukk Kinguard jalgrattale \/ elektrit\u00f5ukerattale. Luku terasest keti pikkus on 850mm. Rattalukk on kaetud tekstiilist kihiga. Lisavarustus ja lukud.","og_url":"https:\/\/www.xn--tuksimaailm-ffb.ee\/fi\/shop\/ketjulukko-kinguard-polkupyoraan-sahkoskootteriin\/","og_site_name":"T\u00f5uksimaailm","article_publisher":"https:\/\/www.facebook.com\/touksimaailm\/","og_image":[{"width":976,"height":731,"url":"https:\/\/www.xn--tuksimaailm-ffb.ee\/wp-content\/uploads\/2021\/03\/kettlukk.png","type":"image\/png"}],"twitter_card":"summary_large_image","twitter_misc":{"Hinta":"&euro;29.50","Saatavuus":"Varastossa"},"schema":{"@context":"https:\/\/schema.org","@graph":[{"@type":"WebPage","@id":"https:\/\/www.xn--tuksimaailm-ffb.ee\/fi\/shop\/ketjulukko-kinguard-polkupyoraan-sahkoskootteriin\/","url":"https:\/\/www.xn--tuksimaailm-ffb.ee\/fi\/shop\/ketjulukko-kinguard-polkupyoraan-sahkoskootteriin\/","name":"Ketjulukko Kinguard polkupy\u00f6r\u00e4\u00e4n \/ s\u00e4hk\u00f6skootteriin | T\u00f5uksimaailm","isPartOf":{"@id":"https:\/\/www.xn--tuksimaailm-ffb.ee\/fi\/#website"},"primaryImageOfPage":{"@id":"https:\/\/www.xn--tuksimaailm-ffb.ee\/fi\/shop\/ketjulukko-kinguard-polkupyoraan-sahkoskootteriin\/#primaryimage"},"image":{"@id":"https:\/\/www.xn--tuksimaailm-ffb.ee\/fi\/shop\/ketjulukko-kinguard-polkupyoraan-sahkoskootteriin\/#primaryimage"},"thumbnailUrl":"https:\/\/www.xn--tuksimaailm-ffb.ee\/wp-content\/uploads\/2021\/03\/kettlukk.png","datePublished":"2021-03-20T15:51:38+00:00","description":"Kettlukk Kinguard jalgrattale \/ elektrit\u00f5ukerattale. Luku terasest keti pikkus on 850mm. Rattalukk on kaetud tekstiilist kihiga. Lisavarustus ja lukud.","breadcrumb":{"@id":"https:\/\/www.xn--tuksimaailm-ffb.ee\/fi\/shop\/ketjulukko-kinguard-polkupyoraan-sahkoskootteriin\/#breadcrumb"},"inLanguage":"fi","potentialAction":[{"@type":"ReadAction","target":["https:\/\/www.xn--tuksimaailm-ffb.ee\/fi\/shop\/ketjulukko-kinguard-polkupyoraan-sahkoskootteriin\/"]}]},{"@type":"ImageObject","inLanguage":"fi","@id":"https:\/\/www.xn--tuksimaailm-ffb.ee\/fi\/shop\/ketjulukko-kinguard-polkupyoraan-sahkoskootteriin\/#primaryimage","url":"https:\/\/www.xn--tuksimaailm-ffb.ee\/wp-content\/uploads\/2021\/03\/kettlukk.png","contentUrl":"https:\/\/www.xn--tuksimaailm-ffb.ee\/wp-content\/uploads\/2021\/03\/kettlukk.png","width":976,"height":731},{"@type":"BreadcrumbList","@id":"https:\/\/www.xn--tuksimaailm-ffb.ee\/fi\/shop\/ketjulukko-kinguard-polkupyoraan-sahkoskootteriin\/#breadcrumb","itemListElement":[{"@type":"ListItem","position":1,"name":"Home","item":"https:\/\/www.xn--tuksimaailm-ffb.ee\/fi\/kotisivu\/"},{"@type":"ListItem","position":2,"name":"Kauppa","item":"https:\/\/www.xn--tuksimaailm-ffb.ee\/elektritoukerataste-pood\/"},{"@type":"ListItem","position":3,"name":"Ketjulukko Kinguard polkupy\u00f6r\u00e4\u00e4n \/ s\u00e4hk\u00f6skootteriin"}]},{"@type":"WebSite","@id":"https:\/\/www.xn--tuksimaailm-ffb.ee\/fi\/#website","url":"https:\/\/www.xn--tuksimaailm-ffb.ee\/fi\/","name":"T\u00f5uksimaailm","description":"Elektrit\u00f5ukerataste m\u00fc\u00fck, remont ja rent","publisher":{"@id":"https:\/\/www.xn--tuksimaailm-ffb.ee\/fi\/#organization"},"potentialAction":[{"@type":"SearchAction","target":{"@type":"EntryPoint","urlTemplate":"https:\/\/www.xn--tuksimaailm-ffb.ee\/fi\/?s={search_term_string}"},"query-input":{"@type":"PropertyValueSpecification","valueRequired":true,"valueName":"search_term_string"}}],"inLanguage":"fi"},{"@type":"Organization","@id":"https:\/\/www.xn--tuksimaailm-ffb.ee\/fi\/#organization","name":"T\u00f5uksimaailm","url":"https:\/\/www.xn--tuksimaailm-ffb.ee\/fi\/","logo":{"@type":"ImageObject","inLanguage":"fi","@id":"https:\/\/www.xn--tuksimaailm-ffb.ee\/fi\/#\/schema\/logo\/image\/","url":"https:\/\/www.xn--tuksimaailm-ffb.ee\/wp-content\/uploads\/2020\/01\/logoz-e1579792875517.png","contentUrl":"https:\/\/www.xn--tuksimaailm-ffb.ee\/wp-content\/uploads\/2020\/01\/logoz-e1579792875517.png","width":250,"height":250,"caption":"T\u00f5uksimaailm"},"image":{"@id":"https:\/\/www.xn--tuksimaailm-ffb.ee\/fi\/#\/schema\/logo\/image\/"},"sameAs":["https:\/\/www.facebook.com\/touksimaailm\/","https:\/\/www.instagram.com\/touksimaailm_\/","https:\/\/www.youtube.com\/channel\/UC18ml0EKIDLP1xGuQjFzcXQ"]}]},"product_price_amount":"29.50","product_price_currency":"EUR","og_availability":"instock","product_availability":"instock","product_retailer_item_id":"LUKK-KINGUARD-KETT","product_condition":"new"},"jetpack_sharing_enabled":true,"_links":{"self":[{"href":"https:\/\/www.xn--tuksimaailm-ffb.ee\/fi\/wp-json\/wp\/v2\/product\/55537","targetHints":{"allow":["GET"]}}],"collection":[{"href":"https:\/\/www.xn--tuksimaailm-ffb.ee\/fi\/wp-json\/wp\/v2\/product"}],"about":[{"href":"https:\/\/www.xn--tuksimaailm-ffb.ee\/fi\/wp-json\/wp\/v2\/types\/product"}],"wp:featuredmedia":[{"embeddable":true,"href":"https:\/\/www.xn--tuksimaailm-ffb.ee\/fi\/wp-json\/wp\/v2\/media\/23084"}],"wp:attachment":[{"href":"https:\/\/www.xn--tuksimaailm-ffb.ee\/fi\/wp-json\/wp\/v2\/media?parent=55537"}],"wp:term":[{"taxonomy":"product_brand","embeddable":true,"href":"https:\/\/www.xn--tuksimaailm-ffb.ee\/fi\/wp-json\/wp\/v2\/product_brand?post=55537"},{"taxonomy":"product_cat","embeddable":true,"href":"https:\/\/www.xn--tuksimaailm-ffb.ee\/fi\/wp-json\/wp\/v2\/product_cat?post=55537"},{"taxonomy":"product_tag","embeddable":true,"href":"https:\/\/www.xn--tuksimaailm-ffb.ee\/fi\/wp-json\/wp\/v2\/product_tag?post=55537"},{"taxonomy":"filter_elektritoukeratas","embeddable":true,"href":"https:\/\/www.xn--tuksimaailm-ffb.ee\/fi\/wp-json\/wp\/v2\/filter_elektritoukeratas?post=55537"}],"curies":[{"name":"wp","href":"https:\/\/api.w.org\/{rel}","templated":true}]}}