{"id":55538,"date":"2021-03-20T17:45:45","date_gmt":"2021-03-20T17:45:45","guid":{"rendered":"http:\/\/www.xn--tuksimaailm-ffb.ee\/shop\/paksu-kaapelilukko-kinguard-sahkoskootterille\/"},"modified":"2021-03-20T17:45:45","modified_gmt":"2021-03-20T14:45:45","slug":"paksu-kaapelilukko-kinguard-sahkoskootterille","status":"publish","type":"product","link":"https:\/\/www.xn--tuksimaailm-ffb.ee\/fi\/shop\/paksu-kaapelilukko-kinguard-sahkoskootterille\/","title":{"rendered":"Paksu kaapelilukko Kinguard s\u00e4hk\u00f6skootterille"},"content":{"rendered":"<p>Siisti vaijerilukko <strong>Kinguard<\/strong> polkupy\u00f6r\u00e4lle \/ s\u00e4hk\u00f6skootterille. Lukon ter\u00e4svaijeri on <strong>18mm<\/strong> paksu ja <strong>1,2 metri\u00e4<\/strong> pitk\u00e4. Mukana tulee my\u00f6s <strong>runkopidike<\/strong>. Pidikkeen avulla lukko on eritt\u00e4in helppo kiinnitt\u00e4\u00e4 polkupy\u00f6r\u00e4n istuintolppaan ja joidenkin s\u00e4hk\u00f6skoottereiden runkoihin \/ ohjaustankoon. Vaijerilukko on p\u00e4\u00e4llystetty kumikerroksella, joka est\u00e4\u00e4 lukkoa vahingoittamasta maalia, kun se on kosketuksissa lukittavan polkupy\u00f6r\u00e4n tai s\u00e4hk\u00f6skootterin runkoon. K\u00f6ysilukot ovat melko kevyit\u00e4 ja kompakteja, ja ne ovat edullisin tapa lukita kevyt polkupy\u00f6r\u00e4 turvallisesti hyvin tai kohtalaisen ahtaissa paikoissa. Hieman kalliimpi ja turvallisempi vaihtoehto on <a href=\"http:\/\/www.xn--tuksimaailm-ffb.ee\/shop\/turvaline-u-lukk-kinguard-elektritoukerattale-jalgrattale\/\"><strong>U-lukko<\/strong><\/a>. Sen mukana toimitetaan <strong>2 avainta<\/strong>.<\/p>\n","protected":false},"excerpt":{"rendered":"<p>Siisti vaijerilukko Kinguard polkupy\u00f6r\u00e4lle \/ s\u00e4hk\u00f6skootterille. Lukon ter\u00e4svaijeri on 18mm paksu ja 1,2 metri\u00e4 pitk\u00e4. Mukana tulee my\u00f6s runkopidike. Pidikkeen avulla lukko on eritt\u00e4in helppo kiinnitt\u00e4\u00e4 polkupy\u00f6r\u00e4n istuintolppaan ja joidenkin s\u00e4hk\u00f6skoottereiden runkoihin \/ ohjaustankoon. Vaijerilukko on p\u00e4\u00e4llystetty kumikerroksella, joka est\u00e4\u00e4 lukkoa vahingoittamasta maalia, kun se on kosketuksissa lukittavan polkupy\u00f6r\u00e4n tai &hellip;<\/p>\n","protected":false},"featured_media":80524,"template":"","meta":[],"product_brand":[],"product_cat":[1697],"product_tag":[1721],"filter_elektritoukeratas":[],"class_list":{"0":"post-55538","1":"product","2":"type-product","3":"status-publish","4":"has-post-thumbnail","6":"product_cat-lisavarusteet","7":"product_tag-lukot","8":"pa_tootetuup-lukot","10":"first","11":"instock","12":"taxable","13":"shipping-taxable","14":"purchasable","15":"product-type-simple"},"yoast_head":"<!-- This site is optimized with the Yoast SEO Premium plugin v26.8 (Yoast SEO v27.3) - https:\/\/yoast.com\/product\/yoast-seo-premium-wordpress\/ -->\n<title>Paksu kaapelilukko Kinguard s\u00e4hk\u00f6skootterille &#8212; T\u00f5uksimaailm<\/title>\n<meta name=\"description\" content=\"J\u00e4me trosslukk Kinguard jalgrattale \/ elektrit\u00f5ukerattale. Kompaktne ja kerge terasest trossiga rattalukk. Raamihoidikuga, 2 v\u00f5tit. Lisavarustus, lukud.\" \/>\n<meta name=\"robots\" content=\"index, follow, max-snippet:-1, max-image-preview:large, max-video-preview:-1\" \/>\n<link rel=\"canonical\" href=\"https:\/\/www.xn--tuksimaailm-ffb.ee\/fi\/shop\/paksu-kaapelilukko-kinguard-sahkoskootterille\/\" \/>\n<meta property=\"og:locale\" content=\"fi_FI\" \/>\n<meta property=\"og:type\" content=\"article\" \/>\n<meta property=\"og:title\" content=\"Paksu kaapelilukko Kinguard s\u00e4hk\u00f6skootterille\" \/>\n<meta property=\"og:description\" content=\"J\u00e4me trosslukk Kinguard jalgrattale \/ elektrit\u00f5ukerattale. Kompaktne ja kerge terasest trossiga rattalukk. Raamihoidikuga, 2 v\u00f5tit. Lisavarustus, lukud.\" \/>\n<meta property=\"og:url\" content=\"https:\/\/www.xn--tuksimaailm-ffb.ee\/fi\/shop\/paksu-kaapelilukko-kinguard-sahkoskootterille\/\" \/>\n<meta property=\"og:site_name\" content=\"T\u00f5uksimaailm\" \/>\n<meta property=\"article:publisher\" content=\"https:\/\/www.facebook.com\/touksimaailm\/\" \/>\n<meta property=\"og:image\" content=\"https:\/\/www.xn--tuksimaailm-ffb.ee\/wp-content\/uploads\/2021\/03\/Screenshot-2026-03-16-215755.webp\" \/>\n\t<meta property=\"og:image:width\" content=\"674\" \/>\n\t<meta property=\"og:image:height\" content=\"594\" \/>\n\t<meta property=\"og:image:type\" content=\"image\/webp\" \/>\n<meta name=\"twitter:card\" content=\"summary_large_image\" \/>\n<meta name=\"twitter:label1\" content=\"Hinta\" \/>\n\t<meta name=\"twitter:data1\" content=\"&euro;85.00\" \/>\n\t<meta name=\"twitter:label2\" content=\"Saatavuus\" \/>\n\t<meta name=\"twitter:data2\" content=\"Varastossa\" \/>\n<meta property=\"product:price:amount\" content=\"85.00\" \/>\n<meta property=\"product:price:currency\" content=\"EUR\" \/>\n<meta property=\"og:availability\" content=\"instock\" \/>\n<meta property=\"product:availability\" content=\"instock\" \/>\n<meta property=\"product:condition\" content=\"new\" \/>\n<!-- \/ Yoast SEO Premium plugin. -->","yoast_head_json":{"title":"Paksu kaapelilukko Kinguard s\u00e4hk\u00f6skootterille &#8212; T\u00f5uksimaailm","description":"J\u00e4me trosslukk Kinguard jalgrattale \/ elektrit\u00f5ukerattale. Kompaktne ja kerge terasest trossiga rattalukk. Raamihoidikuga, 2 v\u00f5tit. Lisavarustus, lukud.","robots":{"index":"index","follow":"follow","max-snippet":"max-snippet:-1","max-image-preview":"max-image-preview:large","max-video-preview":"max-video-preview:-1"},"canonical":"https:\/\/www.xn--tuksimaailm-ffb.ee\/fi\/shop\/paksu-kaapelilukko-kinguard-sahkoskootterille\/","og_locale":"fi_FI","og_type":"article","og_title":"Paksu kaapelilukko Kinguard s\u00e4hk\u00f6skootterille","og_description":"J\u00e4me trosslukk Kinguard jalgrattale \/ elektrit\u00f5ukerattale. Kompaktne ja kerge terasest trossiga rattalukk. Raamihoidikuga, 2 v\u00f5tit. Lisavarustus, lukud.","og_url":"https:\/\/www.xn--tuksimaailm-ffb.ee\/fi\/shop\/paksu-kaapelilukko-kinguard-sahkoskootterille\/","og_site_name":"T\u00f5uksimaailm","article_publisher":"https:\/\/www.facebook.com\/touksimaailm\/","og_image":[{"width":674,"height":594,"url":"https:\/\/www.xn--tuksimaailm-ffb.ee\/wp-content\/uploads\/2021\/03\/Screenshot-2026-03-16-215755.webp","type":"image\/webp"}],"twitter_card":"summary_large_image","twitter_misc":{"Hinta":"&euro;85.00","Saatavuus":"Varastossa"},"schema":{"@context":"https:\/\/schema.org","@graph":[{"@type":"WebPage","@id":"https:\/\/www.xn--tuksimaailm-ffb.ee\/fi\/shop\/paksu-kaapelilukko-kinguard-sahkoskootterille\/","url":"https:\/\/www.xn--tuksimaailm-ffb.ee\/fi\/shop\/paksu-kaapelilukko-kinguard-sahkoskootterille\/","name":"Paksu kaapelilukko Kinguard s\u00e4hk\u00f6skootterille &#8212; T\u00f5uksimaailm","isPartOf":{"@id":"https:\/\/www.xn--tuksimaailm-ffb.ee\/fi\/#website"},"primaryImageOfPage":{"@id":"https:\/\/www.xn--tuksimaailm-ffb.ee\/fi\/shop\/paksu-kaapelilukko-kinguard-sahkoskootterille\/#primaryimage"},"image":{"@id":"https:\/\/www.xn--tuksimaailm-ffb.ee\/fi\/shop\/paksu-kaapelilukko-kinguard-sahkoskootterille\/#primaryimage"},"thumbnailUrl":"https:\/\/www.xn--tuksimaailm-ffb.ee\/wp-content\/uploads\/2021\/03\/Screenshot-2026-03-16-215755.webp","datePublished":"2021-03-20T17:45:45+00:00","description":"J\u00e4me trosslukk Kinguard jalgrattale \/ elektrit\u00f5ukerattale. Kompaktne ja kerge terasest trossiga rattalukk. Raamihoidikuga, 2 v\u00f5tit. Lisavarustus, lukud.","breadcrumb":{"@id":"https:\/\/www.xn--tuksimaailm-ffb.ee\/fi\/shop\/paksu-kaapelilukko-kinguard-sahkoskootterille\/#breadcrumb"},"inLanguage":"fi","potentialAction":[{"@type":"ReadAction","target":["https:\/\/www.xn--tuksimaailm-ffb.ee\/fi\/shop\/paksu-kaapelilukko-kinguard-sahkoskootterille\/"]}]},{"@type":"ImageObject","inLanguage":"fi","@id":"https:\/\/www.xn--tuksimaailm-ffb.ee\/fi\/shop\/paksu-kaapelilukko-kinguard-sahkoskootterille\/#primaryimage","url":"https:\/\/www.xn--tuksimaailm-ffb.ee\/wp-content\/uploads\/2021\/03\/Screenshot-2026-03-16-215755.webp","contentUrl":"https:\/\/www.xn--tuksimaailm-ffb.ee\/wp-content\/uploads\/2021\/03\/Screenshot-2026-03-16-215755.webp","width":674,"height":594,"caption":"Kompaktne l\u00fclilukk eRider 360"},{"@type":"BreadcrumbList","@id":"https:\/\/www.xn--tuksimaailm-ffb.ee\/fi\/shop\/paksu-kaapelilukko-kinguard-sahkoskootterille\/#breadcrumb","itemListElement":[{"@type":"ListItem","position":1,"name":"Home","item":"https:\/\/www.xn--tuksimaailm-ffb.ee\/fi\/kotisivu\/"},{"@type":"ListItem","position":2,"name":"Kauppa","item":"https:\/\/www.xn--tuksimaailm-ffb.ee\/elektritoukerataste-pood\/"},{"@type":"ListItem","position":3,"name":"Paksu kaapelilukko Kinguard s\u00e4hk\u00f6skootterille"}]},{"@type":"WebSite","@id":"https:\/\/www.xn--tuksimaailm-ffb.ee\/fi\/#website","url":"https:\/\/www.xn--tuksimaailm-ffb.ee\/fi\/","name":"T\u00f5uksimaailm","description":"Elektrit\u00f5ukerataste m\u00fc\u00fck, remont ja rent","publisher":{"@id":"https:\/\/www.xn--tuksimaailm-ffb.ee\/fi\/#organization"},"potentialAction":[{"@type":"SearchAction","target":{"@type":"EntryPoint","urlTemplate":"https:\/\/www.xn--tuksimaailm-ffb.ee\/fi\/?s={search_term_string}"},"query-input":{"@type":"PropertyValueSpecification","valueRequired":true,"valueName":"search_term_string"}}],"inLanguage":"fi"},{"@type":"Organization","@id":"https:\/\/www.xn--tuksimaailm-ffb.ee\/fi\/#organization","name":"T\u00f5uksimaailm","url":"https:\/\/www.xn--tuksimaailm-ffb.ee\/fi\/","logo":{"@type":"ImageObject","inLanguage":"fi","@id":"https:\/\/www.xn--tuksimaailm-ffb.ee\/fi\/#\/schema\/logo\/image\/","url":"https:\/\/www.xn--tuksimaailm-ffb.ee\/wp-content\/uploads\/2020\/01\/logoz-e1579792875517.png","contentUrl":"https:\/\/www.xn--tuksimaailm-ffb.ee\/wp-content\/uploads\/2020\/01\/logoz-e1579792875517.png","width":250,"height":250,"caption":"T\u00f5uksimaailm"},"image":{"@id":"https:\/\/www.xn--tuksimaailm-ffb.ee\/fi\/#\/schema\/logo\/image\/"},"sameAs":["https:\/\/www.facebook.com\/touksimaailm\/","https:\/\/www.instagram.com\/touksimaailm_\/","https:\/\/www.youtube.com\/channel\/UC18ml0EKIDLP1xGuQjFzcXQ"]}]},"product_price_amount":"85.00","product_price_currency":"EUR","og_availability":"instock","product_availability":"instock","product_condition":"new"},"jetpack_sharing_enabled":true,"_links":{"self":[{"href":"https:\/\/www.xn--tuksimaailm-ffb.ee\/fi\/wp-json\/wp\/v2\/product\/55538","targetHints":{"allow":["GET"]}}],"collection":[{"href":"https:\/\/www.xn--tuksimaailm-ffb.ee\/fi\/wp-json\/wp\/v2\/product"}],"about":[{"href":"https:\/\/www.xn--tuksimaailm-ffb.ee\/fi\/wp-json\/wp\/v2\/types\/product"}],"wp:featuredmedia":[{"embeddable":true,"href":"https:\/\/www.xn--tuksimaailm-ffb.ee\/fi\/wp-json\/wp\/v2\/media\/80524"}],"wp:attachment":[{"href":"https:\/\/www.xn--tuksimaailm-ffb.ee\/fi\/wp-json\/wp\/v2\/media?parent=55538"}],"wp:term":[{"taxonomy":"product_brand","embeddable":true,"href":"https:\/\/www.xn--tuksimaailm-ffb.ee\/fi\/wp-json\/wp\/v2\/product_brand?post=55538"},{"taxonomy":"product_cat","embeddable":true,"href":"https:\/\/www.xn--tuksimaailm-ffb.ee\/fi\/wp-json\/wp\/v2\/product_cat?post=55538"},{"taxonomy":"product_tag","embeddable":true,"href":"https:\/\/www.xn--tuksimaailm-ffb.ee\/fi\/wp-json\/wp\/v2\/product_tag?post=55538"},{"taxonomy":"filter_elektritoukeratas","embeddable":true,"href":"https:\/\/www.xn--tuksimaailm-ffb.ee\/fi\/wp-json\/wp\/v2\/filter_elektritoukeratas?post=55538"}],"curies":[{"name":"wp","href":"https:\/\/api.w.org\/{rel}","templated":true}]}}