{"id":55539,"date":"2021-03-20T17:35:58","date_gmt":"2021-03-20T15:35:58","guid":{"rendered":"http:\/\/www.xn--tuksimaailm-ffb.ee\/shop\/kinguardin-kaapelilukko-sahkoskootterille\/"},"modified":"2021-03-20T17:35:58","modified_gmt":"2021-03-20T14:35:58","slug":"kinguardin-kaapelilukko-sahkoskootterille","status":"publish","type":"product","link":"https:\/\/www.xn--tuksimaailm-ffb.ee\/fi\/shop\/kinguardin-kaapelilukko-sahkoskootterille\/","title":{"rendered":"Kinguardin kaapelilukko s\u00e4hk\u00f6skootterille"},"content":{"rendered":"<p>Vaijerilukko <strong>Kinguard<\/strong> polkupy\u00f6r\u00e4\u00e4n \/ s\u00e4hk\u00f6potkulautaan. Lukon ter\u00e4svaijerin paksuus on <strong>8 mm<\/strong> ja pituus <strong>1,2 metri\u00e4.<\/strong>Lukon mukana tulee my\u00f6s <strong>runkopidike<\/strong>. Pidikkeen avulla lukko on eritt\u00e4in k\u00e4tev\u00e4 kiinnitt\u00e4\u00e4 polkupy\u00f6r\u00e4n ja joidenkin s\u00e4hk\u00f6skoottereiden runkoon. Vaijerilukko on p\u00e4\u00e4llystetty kumikerroksella, joka est\u00e4\u00e4 lukkoa vahingoittamasta maalia, kun se joutuu kosketuksiin lukittavan polkupy\u00f6r\u00e4n tai s\u00e4hk\u00f6potkulautan rungon kanssa. Vaijerilukot ovat kevyit\u00e4 ja kompakteja, ja ne ovat edullisin tapa lukita kevyt polkupy\u00f6r\u00e4 turvallisesti hyvin tai kohtalaisen ahtaissa paikoissa. Hieman kalliimpi vaihtoehto on <a href=\"http:\/\/www.xn--tuksimaailm-ffb.ee\/shop\/turvaline-u-lukk-kinguard-elektritoukerattale-jalgrattale\/\"><strong>U-lukko<\/strong><\/a>. Sen mukana toimitetaan <strong>2 avainta<\/strong>.<\/p>\n","protected":false},"excerpt":{"rendered":"<p>Vaijerilukko Kinguard polkupy\u00f6r\u00e4\u00e4n \/ s\u00e4hk\u00f6potkulautaan. Lukon ter\u00e4svaijerin paksuus on 8 mm ja pituus 1,2 metri\u00e4.Lukon mukana tulee my\u00f6s runkopidike. Pidikkeen avulla lukko on eritt\u00e4in k\u00e4tev\u00e4 kiinnitt\u00e4\u00e4 polkupy\u00f6r\u00e4n ja joidenkin s\u00e4hk\u00f6skoottereiden runkoon. Vaijerilukko on p\u00e4\u00e4llystetty kumikerroksella, joka est\u00e4\u00e4 lukkoa vahingoittamasta maalia, kun se joutuu kosketuksiin lukittavan polkupy\u00f6r\u00e4n tai s\u00e4hk\u00f6potkulautan rungon kanssa. &hellip;<\/p>\n","protected":false},"featured_media":23082,"template":"","meta":[],"product_brand":[],"product_cat":[1697],"product_tag":[1721],"filter_elektritoukeratas":[],"class_list":{"0":"post-55539","1":"product","2":"type-product","3":"status-publish","4":"has-post-thumbnail","6":"product_cat-lisavarusteet","7":"product_tag-lukot","8":"pa_tootetuup-lukot","10":"first","11":"instock","12":"taxable","13":"shipping-taxable","14":"purchasable","15":"product-type-simple"},"yoast_head":"<!-- This site is optimized with the Yoast SEO Premium plugin v26.8 (Yoast SEO v27.5) - https:\/\/yoast.com\/product\/yoast-seo-premium-wordpress\/ -->\n<title>Kinguardin kaapelilukko s\u00e4hk\u00f6skootterille | T\u00f5uksimaailm<\/title>\n<meta name=\"description\" content=\"Trosslukk Kinguard jalgrattale \/ elektrilisele t\u00f5ukerattale. Kompaktne ja kerge terasest trossiga rattalukk. Raamihoidikuga, 2 v\u00f5tit. Elektrit\u00f5uksi lukud\" \/>\n<meta name=\"robots\" content=\"index, follow, max-snippet:-1, max-image-preview:large, max-video-preview:-1\" \/>\n<link rel=\"canonical\" href=\"https:\/\/www.xn--tuksimaailm-ffb.ee\/fi\/shop\/kinguardin-kaapelilukko-sahkoskootterille\/\" \/>\n<meta property=\"og:locale\" content=\"fi_FI\" \/>\n<meta property=\"og:type\" content=\"article\" \/>\n<meta property=\"og:title\" content=\"Kinguardin kaapelilukko s\u00e4hk\u00f6skootterille\" \/>\n<meta property=\"og:description\" content=\"Trosslukk Kinguard jalgrattale \/ elektrilisele t\u00f5ukerattale. Kompaktne ja kerge terasest trossiga rattalukk. Raamihoidikuga, 2 v\u00f5tit. Elektrit\u00f5uksi lukud\" \/>\n<meta property=\"og:url\" content=\"https:\/\/www.xn--tuksimaailm-ffb.ee\/fi\/shop\/kinguardin-kaapelilukko-sahkoskootterille\/\" \/>\n<meta property=\"og:site_name\" content=\"T\u00f5uksimaailm\" \/>\n<meta property=\"article:publisher\" content=\"https:\/\/www.facebook.com\/touksimaailm\/\" \/>\n<meta property=\"og:image\" content=\"https:\/\/www.xn--tuksimaailm-ffb.ee\/wp-content\/uploads\/2021\/03\/trosslukk-kinguard.png\" \/>\n\t<meta property=\"og:image:width\" content=\"662\" \/>\n\t<meta property=\"og:image:height\" content=\"559\" \/>\n\t<meta property=\"og:image:type\" content=\"image\/png\" \/>\n<meta name=\"twitter:card\" content=\"summary_large_image\" \/>\n<meta name=\"twitter:label1\" content=\"Hinta\" \/>\n\t<meta name=\"twitter:data1\" content=\"&euro;15.00\" \/>\n\t<meta name=\"twitter:label2\" content=\"Saatavuus\" \/>\n\t<meta name=\"twitter:data2\" content=\"Varastossa\" \/>\n<meta property=\"product:price:amount\" content=\"15.00\" \/>\n<meta property=\"product:price:currency\" content=\"EUR\" \/>\n<meta property=\"og:availability\" content=\"instock\" \/>\n<meta property=\"product:availability\" content=\"instock\" \/>\n<meta property=\"product:condition\" content=\"new\" \/>\n<!-- \/ Yoast SEO Premium plugin. -->","yoast_head_json":{"title":"Kinguardin kaapelilukko s\u00e4hk\u00f6skootterille | T\u00f5uksimaailm","description":"Trosslukk Kinguard jalgrattale \/ elektrilisele t\u00f5ukerattale. Kompaktne ja kerge terasest trossiga rattalukk. Raamihoidikuga, 2 v\u00f5tit. Elektrit\u00f5uksi lukud","robots":{"index":"index","follow":"follow","max-snippet":"max-snippet:-1","max-image-preview":"max-image-preview:large","max-video-preview":"max-video-preview:-1"},"canonical":"https:\/\/www.xn--tuksimaailm-ffb.ee\/fi\/shop\/kinguardin-kaapelilukko-sahkoskootterille\/","og_locale":"fi_FI","og_type":"article","og_title":"Kinguardin kaapelilukko s\u00e4hk\u00f6skootterille","og_description":"Trosslukk Kinguard jalgrattale \/ elektrilisele t\u00f5ukerattale. Kompaktne ja kerge terasest trossiga rattalukk. Raamihoidikuga, 2 v\u00f5tit. Elektrit\u00f5uksi lukud","og_url":"https:\/\/www.xn--tuksimaailm-ffb.ee\/fi\/shop\/kinguardin-kaapelilukko-sahkoskootterille\/","og_site_name":"T\u00f5uksimaailm","article_publisher":"https:\/\/www.facebook.com\/touksimaailm\/","og_image":[{"width":662,"height":559,"url":"https:\/\/www.xn--tuksimaailm-ffb.ee\/wp-content\/uploads\/2021\/03\/trosslukk-kinguard.png","type":"image\/png"}],"twitter_card":"summary_large_image","twitter_misc":{"Hinta":"&euro;15.00","Saatavuus":"Varastossa"},"schema":{"@context":"https:\/\/schema.org","@graph":[{"@type":"WebPage","@id":"https:\/\/www.xn--tuksimaailm-ffb.ee\/fi\/shop\/kinguardin-kaapelilukko-sahkoskootterille\/","url":"https:\/\/www.xn--tuksimaailm-ffb.ee\/fi\/shop\/kinguardin-kaapelilukko-sahkoskootterille\/","name":"Kinguardin kaapelilukko s\u00e4hk\u00f6skootterille | T\u00f5uksimaailm","isPartOf":{"@id":"https:\/\/www.xn--tuksimaailm-ffb.ee\/fi\/#website"},"primaryImageOfPage":{"@id":"https:\/\/www.xn--tuksimaailm-ffb.ee\/fi\/shop\/kinguardin-kaapelilukko-sahkoskootterille\/#primaryimage"},"image":{"@id":"https:\/\/www.xn--tuksimaailm-ffb.ee\/fi\/shop\/kinguardin-kaapelilukko-sahkoskootterille\/#primaryimage"},"thumbnailUrl":"https:\/\/www.xn--tuksimaailm-ffb.ee\/wp-content\/uploads\/2021\/03\/trosslukk-kinguard.png","datePublished":"2021-03-20T15:35:58+00:00","description":"Trosslukk Kinguard jalgrattale \/ elektrilisele t\u00f5ukerattale. Kompaktne ja kerge terasest trossiga rattalukk. Raamihoidikuga, 2 v\u00f5tit. Elektrit\u00f5uksi lukud","breadcrumb":{"@id":"https:\/\/www.xn--tuksimaailm-ffb.ee\/fi\/shop\/kinguardin-kaapelilukko-sahkoskootterille\/#breadcrumb"},"inLanguage":"fi","potentialAction":[{"@type":"ReadAction","target":["https:\/\/www.xn--tuksimaailm-ffb.ee\/fi\/shop\/kinguardin-kaapelilukko-sahkoskootterille\/"]}]},{"@type":"ImageObject","inLanguage":"fi","@id":"https:\/\/www.xn--tuksimaailm-ffb.ee\/fi\/shop\/kinguardin-kaapelilukko-sahkoskootterille\/#primaryimage","url":"https:\/\/www.xn--tuksimaailm-ffb.ee\/wp-content\/uploads\/2021\/03\/trosslukk-kinguard.png","contentUrl":"https:\/\/www.xn--tuksimaailm-ffb.ee\/wp-content\/uploads\/2021\/03\/trosslukk-kinguard.png","width":662,"height":559},{"@type":"BreadcrumbList","@id":"https:\/\/www.xn--tuksimaailm-ffb.ee\/fi\/shop\/kinguardin-kaapelilukko-sahkoskootterille\/#breadcrumb","itemListElement":[{"@type":"ListItem","position":1,"name":"Home","item":"https:\/\/www.xn--tuksimaailm-ffb.ee\/fi\/kotisivu\/"},{"@type":"ListItem","position":2,"name":"Kauppa","item":"https:\/\/www.xn--tuksimaailm-ffb.ee\/elektritoukerataste-pood\/"},{"@type":"ListItem","position":3,"name":"Kinguardin kaapelilukko s\u00e4hk\u00f6skootterille"}]},{"@type":"WebSite","@id":"https:\/\/www.xn--tuksimaailm-ffb.ee\/fi\/#website","url":"https:\/\/www.xn--tuksimaailm-ffb.ee\/fi\/","name":"T\u00f5uksimaailm","description":"Elektrit\u00f5ukerataste m\u00fc\u00fck, remont ja rent","publisher":{"@id":"https:\/\/www.xn--tuksimaailm-ffb.ee\/fi\/#organization"},"potentialAction":[{"@type":"SearchAction","target":{"@type":"EntryPoint","urlTemplate":"https:\/\/www.xn--tuksimaailm-ffb.ee\/fi\/?s={search_term_string}"},"query-input":{"@type":"PropertyValueSpecification","valueRequired":true,"valueName":"search_term_string"}}],"inLanguage":"fi"},{"@type":"Organization","@id":"https:\/\/www.xn--tuksimaailm-ffb.ee\/fi\/#organization","name":"T\u00f5uksimaailm","url":"https:\/\/www.xn--tuksimaailm-ffb.ee\/fi\/","logo":{"@type":"ImageObject","inLanguage":"fi","@id":"https:\/\/www.xn--tuksimaailm-ffb.ee\/fi\/#\/schema\/logo\/image\/","url":"https:\/\/www.xn--tuksimaailm-ffb.ee\/wp-content\/uploads\/2020\/01\/logoz-e1579792875517.png","contentUrl":"https:\/\/www.xn--tuksimaailm-ffb.ee\/wp-content\/uploads\/2020\/01\/logoz-e1579792875517.png","width":250,"height":250,"caption":"T\u00f5uksimaailm"},"image":{"@id":"https:\/\/www.xn--tuksimaailm-ffb.ee\/fi\/#\/schema\/logo\/image\/"},"sameAs":["https:\/\/www.facebook.com\/touksimaailm\/","https:\/\/www.instagram.com\/touksimaailm_\/","https:\/\/www.youtube.com\/channel\/UC18ml0EKIDLP1xGuQjFzcXQ"]}]},"product_price_amount":"15.00","product_price_currency":"EUR","og_availability":"instock","product_availability":"instock","product_condition":"new"},"jetpack_sharing_enabled":true,"_links":{"self":[{"href":"https:\/\/www.xn--tuksimaailm-ffb.ee\/fi\/wp-json\/wp\/v2\/product\/55539","targetHints":{"allow":["GET"]}}],"collection":[{"href":"https:\/\/www.xn--tuksimaailm-ffb.ee\/fi\/wp-json\/wp\/v2\/product"}],"about":[{"href":"https:\/\/www.xn--tuksimaailm-ffb.ee\/fi\/wp-json\/wp\/v2\/types\/product"}],"wp:featuredmedia":[{"embeddable":true,"href":"https:\/\/www.xn--tuksimaailm-ffb.ee\/fi\/wp-json\/wp\/v2\/media\/23082"}],"wp:attachment":[{"href":"https:\/\/www.xn--tuksimaailm-ffb.ee\/fi\/wp-json\/wp\/v2\/media?parent=55539"}],"wp:term":[{"taxonomy":"product_brand","embeddable":true,"href":"https:\/\/www.xn--tuksimaailm-ffb.ee\/fi\/wp-json\/wp\/v2\/product_brand?post=55539"},{"taxonomy":"product_cat","embeddable":true,"href":"https:\/\/www.xn--tuksimaailm-ffb.ee\/fi\/wp-json\/wp\/v2\/product_cat?post=55539"},{"taxonomy":"product_tag","embeddable":true,"href":"https:\/\/www.xn--tuksimaailm-ffb.ee\/fi\/wp-json\/wp\/v2\/product_tag?post=55539"},{"taxonomy":"filter_elektritoukeratas","embeddable":true,"href":"https:\/\/www.xn--tuksimaailm-ffb.ee\/fi\/wp-json\/wp\/v2\/filter_elektritoukeratas?post=55539"}],"curies":[{"name":"wp","href":"https:\/\/api.w.org\/{rel}","templated":true}]}}