{"id":55545,"date":"2021-02-07T17:55:41","date_gmt":"2021-02-07T17:55:41","guid":{"rendered":"http:\/\/www.xn--tuksimaailm-ffb.ee\/shop\/inokim-ox-super-oxo-laturi-67-2v-60vdc\/"},"modified":"2021-02-07T17:55:41","modified_gmt":"2021-02-07T14:55:41","slug":"inokim-ox-super-oxo-laturi-67-2v-60vdc","status":"publish","type":"product","link":"https:\/\/www.xn--tuksimaailm-ffb.ee\/fi\/shop\/inokim-ox-super-oxo-laturi-67-2v-60vdc\/","title":{"rendered":"Inokim OX Super \/ OXO laturi 67.2V (60VDC)"},"content":{"rendered":"<p>Inokim OX Hero \/ Super \/ OXO laturi 67,2V (60VDC) 1,75A, <strong>XLR-pistokkeella<\/strong> (my\u00f6s kaapeli, virtal\u00e4hde, adapteri). Alkuper\u00e4inen <strong>Inokim-laturi<\/strong>. Tuloj\u00e4nnite <strong>230VAC<\/strong>, l\u00e4ht\u00f6j\u00e4nnite <strong>67,2VDC<\/strong> (60VDC nimellisille akuille), maksimilatausvirta 1<strong>,75A.<\/strong> Laturi sopii suositulle s\u00e4hk\u00f6skootterille <a href=\"http:\/\/www.xn--tuksimaailm-ffb.ee\/shop\/elektriline-toukeratas-inokim-oxo\/\"><strong>Inokim OXO<\/strong><\/a><strong>, <\/strong><a href=\"https:\/\/inokim.com\/models\/ox\/\"><strong>Inokim OX<\/strong><\/a><strong> (<\/strong><a href=\"http:\/\/www.xn--tuksimaailm-ffb.ee\/shop\/inokim-ox-hero-elektritoukeratas\/\"><strong>Hero<\/strong><\/a><strong> ja <\/strong><a href=\"http:\/\/www.xn--tuksimaailm-ffb.ee\/shop\/inokim-ox-super-elektritoukeratas\/\"><strong>Super<\/strong><\/a><strong>).<\/strong> <strong>Inokim OX Eco<\/strong> 54.6V laturi l\u00f6ytyy <a href=\"http:\/\/www.xn--tuksimaailm-ffb.ee\/shop\/inokim-ox-eco-quick-3-super-laadija-54-6v-48vdc\/\"><strong>t\u00e4\u00e4lt\u00e4<\/strong><\/a>. S\u00e4hk\u00f6skootterisi tarvitsee uuden laturin, jos laturin merkkivalo LED-valo ei syty tai ulostulossa ei ole j\u00e4nnitett\u00e4.<\/p>\n","protected":false},"excerpt":{"rendered":"<p>Inokim OX Hero \/ Super \/ OXO laturi 67,2V (60VDC) 1,75A, XLR-pistokkeella (my\u00f6s kaapeli, virtal\u00e4hde, adapteri). Alkuper\u00e4inen Inokim-laturi. Tuloj\u00e4nnite 230VAC, l\u00e4ht\u00f6j\u00e4nnite 67,2VDC (60VDC nimellisille akuille), maksimilatausvirta 1,75A. Laturi sopii suositulle s\u00e4hk\u00f6skootterille Inokim OXO, Inokim OX (Hero ja Super). Inokim OX Eco 54.6V laturi l\u00f6ytyy t\u00e4\u00e4lt\u00e4. S\u00e4hk\u00f6skootterisi tarvitsee uuden laturin, jos &hellip;<\/p>\n","protected":false},"featured_media":22970,"template":"","meta":[],"product_brand":[],"product_cat":[1697,1698],"product_tag":[3330,1707],"filter_elektritoukeratas":[],"class_list":{"0":"post-55545","1":"product","2":"type-product","3":"status-publish","4":"has-post-thumbnail","6":"product_cat-lisavarusteet","7":"product_cat-varaosat","8":"product_tag-inokim-varuosad-fi","9":"product_tag-laturit","10":"pa_size-aviation-pistik-uus-fi","11":"pa_size-xlr-pistik-vana-fi","12":"pa_tootetuup-laturit","14":"first","15":"outofstock","16":"taxable","17":"shipping-taxable","18":"purchasable","19":"product-type-variable"},"yoast_head":"<!-- This site is optimized with the Yoast SEO Premium plugin v26.8 (Yoast SEO v27.5) - https:\/\/yoast.com\/product\/yoast-seo-premium-wordpress\/ -->\n<title>Inokim OX Super \/ OXO laturi 67.2V (60VDC) | T\u00f5uksimaailm<\/title>\n<meta name=\"description\" content=\"Inokim OX Hero \/ Super \/ OXO laadija 67.2V (60VDC) 1.75A, XLR pistikuga (ka juhe, toiteadapter, adapter). Originaal Inokim laadija. Inokim laadijad.\" \/>\n<meta name=\"robots\" content=\"index, follow, max-snippet:-1, max-image-preview:large, max-video-preview:-1\" \/>\n<link rel=\"canonical\" href=\"https:\/\/www.xn--tuksimaailm-ffb.ee\/fi\/shop\/inokim-ox-super-oxo-laturi-67-2v-60vdc\/\" \/>\n<meta property=\"og:locale\" content=\"fi_FI\" \/>\n<meta property=\"og:type\" content=\"article\" \/>\n<meta property=\"og:title\" content=\"Inokim OX Super \/ OXO laturi 67.2V (60VDC)\" \/>\n<meta property=\"og:description\" content=\"Inokim OX Hero \/ Super \/ OXO laadija 67.2V (60VDC) 1.75A, XLR pistikuga (ka juhe, toiteadapter, adapter). Originaal Inokim laadija. Inokim laadijad.\" \/>\n<meta property=\"og:url\" content=\"https:\/\/www.xn--tuksimaailm-ffb.ee\/fi\/shop\/inokim-ox-super-oxo-laturi-67-2v-60vdc\/\" \/>\n<meta property=\"og:site_name\" content=\"T\u00f5uksimaailm\" \/>\n<meta property=\"article:publisher\" content=\"https:\/\/www.facebook.com\/touksimaailm\/\" \/>\n<meta property=\"og:image\" content=\"https:\/\/www.xn--tuksimaailm-ffb.ee\/wp-content\/uploads\/2021\/02\/oxo-laadija-1.jpg\" \/>\n\t<meta property=\"og:image:width\" content=\"591\" \/>\n\t<meta property=\"og:image:height\" content=\"729\" \/>\n\t<meta property=\"og:image:type\" content=\"image\/jpeg\" \/>\n<meta name=\"twitter:card\" content=\"summary_large_image\" \/>\n<meta name=\"twitter:label1\" content=\"Saatavuus\" \/>\n\t<meta name=\"twitter:data1\" content=\"Loppu varastosta\" \/>\n<meta property=\"og:availability\" content=\"out of stock\" \/>\n<meta property=\"product:availability\" content=\"out of stock\" \/>\n<meta property=\"product:condition\" content=\"new\" \/>\n<!-- \/ Yoast SEO Premium plugin. -->","yoast_head_json":{"title":"Inokim OX Super \/ OXO laturi 67.2V (60VDC) | T\u00f5uksimaailm","description":"Inokim OX Hero \/ Super \/ OXO laadija 67.2V (60VDC) 1.75A, XLR pistikuga (ka juhe, toiteadapter, adapter). Originaal Inokim laadija. Inokim laadijad.","robots":{"index":"index","follow":"follow","max-snippet":"max-snippet:-1","max-image-preview":"max-image-preview:large","max-video-preview":"max-video-preview:-1"},"canonical":"https:\/\/www.xn--tuksimaailm-ffb.ee\/fi\/shop\/inokim-ox-super-oxo-laturi-67-2v-60vdc\/","og_locale":"fi_FI","og_type":"article","og_title":"Inokim OX Super \/ OXO laturi 67.2V (60VDC)","og_description":"Inokim OX Hero \/ Super \/ OXO laadija 67.2V (60VDC) 1.75A, XLR pistikuga (ka juhe, toiteadapter, adapter). Originaal Inokim laadija. Inokim laadijad.","og_url":"https:\/\/www.xn--tuksimaailm-ffb.ee\/fi\/shop\/inokim-ox-super-oxo-laturi-67-2v-60vdc\/","og_site_name":"T\u00f5uksimaailm","article_publisher":"https:\/\/www.facebook.com\/touksimaailm\/","og_image":[{"width":591,"height":729,"url":"https:\/\/www.xn--tuksimaailm-ffb.ee\/wp-content\/uploads\/2021\/02\/oxo-laadija-1.jpg","type":"image\/jpeg"}],"twitter_card":"summary_large_image","twitter_misc":{"Saatavuus":"Loppu varastosta"},"schema":{"@context":"https:\/\/schema.org","@graph":[{"@type":"WebPage","@id":"https:\/\/www.xn--tuksimaailm-ffb.ee\/fi\/shop\/inokim-ox-super-oxo-laturi-67-2v-60vdc\/","url":"https:\/\/www.xn--tuksimaailm-ffb.ee\/fi\/shop\/inokim-ox-super-oxo-laturi-67-2v-60vdc\/","name":"Inokim OX Super \/ OXO laturi 67.2V (60VDC) | T\u00f5uksimaailm","isPartOf":{"@id":"https:\/\/www.xn--tuksimaailm-ffb.ee\/fi\/#website"},"primaryImageOfPage":{"@id":"https:\/\/www.xn--tuksimaailm-ffb.ee\/fi\/shop\/inokim-ox-super-oxo-laturi-67-2v-60vdc\/#primaryimage"},"image":{"@id":"https:\/\/www.xn--tuksimaailm-ffb.ee\/fi\/shop\/inokim-ox-super-oxo-laturi-67-2v-60vdc\/#primaryimage"},"thumbnailUrl":"https:\/\/www.xn--tuksimaailm-ffb.ee\/wp-content\/uploads\/2021\/02\/oxo-laadija-1.jpg","datePublished":"2021-02-07T17:55:41+00:00","description":"Inokim OX Hero \/ Super \/ OXO laadija 67.2V (60VDC) 1.75A, XLR pistikuga (ka juhe, toiteadapter, adapter). Originaal Inokim laadija. Inokim laadijad.","breadcrumb":{"@id":"https:\/\/www.xn--tuksimaailm-ffb.ee\/fi\/shop\/inokim-ox-super-oxo-laturi-67-2v-60vdc\/#breadcrumb"},"inLanguage":"fi","potentialAction":[{"@type":"ReadAction","target":["https:\/\/www.xn--tuksimaailm-ffb.ee\/fi\/shop\/inokim-ox-super-oxo-laturi-67-2v-60vdc\/"]}]},{"@type":"ImageObject","inLanguage":"fi","@id":"https:\/\/www.xn--tuksimaailm-ffb.ee\/fi\/shop\/inokim-ox-super-oxo-laturi-67-2v-60vdc\/#primaryimage","url":"https:\/\/www.xn--tuksimaailm-ffb.ee\/wp-content\/uploads\/2021\/02\/oxo-laadija-1.jpg","contentUrl":"https:\/\/www.xn--tuksimaailm-ffb.ee\/wp-content\/uploads\/2021\/02\/oxo-laadija-1.jpg","width":591,"height":729},{"@type":"BreadcrumbList","@id":"https:\/\/www.xn--tuksimaailm-ffb.ee\/fi\/shop\/inokim-ox-super-oxo-laturi-67-2v-60vdc\/#breadcrumb","itemListElement":[{"@type":"ListItem","position":1,"name":"Home","item":"https:\/\/www.xn--tuksimaailm-ffb.ee\/fi\/kotisivu\/"},{"@type":"ListItem","position":2,"name":"Kauppa","item":"https:\/\/www.xn--tuksimaailm-ffb.ee\/elektritoukerataste-pood\/"},{"@type":"ListItem","position":3,"name":"Inokim OX Super \/ OXO laturi 67.2V (60VDC)"}]},{"@type":"WebSite","@id":"https:\/\/www.xn--tuksimaailm-ffb.ee\/fi\/#website","url":"https:\/\/www.xn--tuksimaailm-ffb.ee\/fi\/","name":"T\u00f5uksimaailm","description":"Elektrit\u00f5ukerataste m\u00fc\u00fck, remont ja rent","publisher":{"@id":"https:\/\/www.xn--tuksimaailm-ffb.ee\/fi\/#organization"},"potentialAction":[{"@type":"SearchAction","target":{"@type":"EntryPoint","urlTemplate":"https:\/\/www.xn--tuksimaailm-ffb.ee\/fi\/?s={search_term_string}"},"query-input":{"@type":"PropertyValueSpecification","valueRequired":true,"valueName":"search_term_string"}}],"inLanguage":"fi"},{"@type":"Organization","@id":"https:\/\/www.xn--tuksimaailm-ffb.ee\/fi\/#organization","name":"T\u00f5uksimaailm","url":"https:\/\/www.xn--tuksimaailm-ffb.ee\/fi\/","logo":{"@type":"ImageObject","inLanguage":"fi","@id":"https:\/\/www.xn--tuksimaailm-ffb.ee\/fi\/#\/schema\/logo\/image\/","url":"https:\/\/www.xn--tuksimaailm-ffb.ee\/wp-content\/uploads\/2020\/01\/logoz-e1579792875517.png","contentUrl":"https:\/\/www.xn--tuksimaailm-ffb.ee\/wp-content\/uploads\/2020\/01\/logoz-e1579792875517.png","width":250,"height":250,"caption":"T\u00f5uksimaailm"},"image":{"@id":"https:\/\/www.xn--tuksimaailm-ffb.ee\/fi\/#\/schema\/logo\/image\/"},"sameAs":["https:\/\/www.facebook.com\/touksimaailm\/","https:\/\/www.instagram.com\/touksimaailm_\/","https:\/\/www.youtube.com\/channel\/UC18ml0EKIDLP1xGuQjFzcXQ"]}]},"og_availability":"out of stock","product_availability":"out of stock","product_condition":"new"},"jetpack_sharing_enabled":true,"_links":{"self":[{"href":"https:\/\/www.xn--tuksimaailm-ffb.ee\/fi\/wp-json\/wp\/v2\/product\/55545","targetHints":{"allow":["GET"]}}],"collection":[{"href":"https:\/\/www.xn--tuksimaailm-ffb.ee\/fi\/wp-json\/wp\/v2\/product"}],"about":[{"href":"https:\/\/www.xn--tuksimaailm-ffb.ee\/fi\/wp-json\/wp\/v2\/types\/product"}],"wp:featuredmedia":[{"embeddable":true,"href":"https:\/\/www.xn--tuksimaailm-ffb.ee\/fi\/wp-json\/wp\/v2\/media\/22970"}],"wp:attachment":[{"href":"https:\/\/www.xn--tuksimaailm-ffb.ee\/fi\/wp-json\/wp\/v2\/media?parent=55545"}],"wp:term":[{"taxonomy":"product_brand","embeddable":true,"href":"https:\/\/www.xn--tuksimaailm-ffb.ee\/fi\/wp-json\/wp\/v2\/product_brand?post=55545"},{"taxonomy":"product_cat","embeddable":true,"href":"https:\/\/www.xn--tuksimaailm-ffb.ee\/fi\/wp-json\/wp\/v2\/product_cat?post=55545"},{"taxonomy":"product_tag","embeddable":true,"href":"https:\/\/www.xn--tuksimaailm-ffb.ee\/fi\/wp-json\/wp\/v2\/product_tag?post=55545"},{"taxonomy":"filter_elektritoukeratas","embeddable":true,"href":"https:\/\/www.xn--tuksimaailm-ffb.ee\/fi\/wp-json\/wp\/v2\/filter_elektritoukeratas?post=55545"}],"curies":[{"name":"wp","href":"https:\/\/api.w.org\/{rel}","templated":true}]}}