{"id":55548,"date":"2021-02-07T17:41:31","date_gmt":"2021-02-07T14:41:31","guid":{"rendered":"http:\/\/www.xn--tuksimaailm-ffb.ee\/shop\/inokim-ox-eco-quick-3-super-laturi-54-6v-48vdc-eol\/"},"modified":"2021-02-07T17:41:31","modified_gmt":"2021-02-07T14:41:31","slug":"inokim-ox-eco-quick-3-super-laturi-54-6v-48vdc-eol","status":"publish","type":"product","link":"https:\/\/www.xn--tuksimaailm-ffb.ee\/fi\/shop\/inokim-ox-eco-quick-3-super-laturi-54-6v-48vdc-eol\/","title":{"rendered":"Inokim OX Eco \/ Quick 3+ Super laturi 54.6V (48VDC) (EOL)"},"content":{"rendered":"<p>Inokim OX Eco\/Quick 3+ Super laturi 54,6V (48VDC) 2A, <strong>XLR-pistokkeella<\/strong> (my\u00f6s kaapeli, verkkolaite, adapteri). Alkuper\u00e4inen <strong>Inokim-laturi<\/strong>. Tuloj\u00e4nnite <strong>230VAC<\/strong>, l\u00e4ht\u00f6j\u00e4nnite <strong>54.6VDC<\/strong> (48VDC akuille, joiden nimellisj\u00e4nnite on 48VDC), suurin latausvirta <strong>2A<\/strong>. Laturi sopii suosittuihin <a href=\"http:\/\/www.xn--tuksimaailm-ffb.ee\/shop\/elektriline-toukeratas-inokim-ox-eco\/\"><strong>Inokim OX Eco<\/strong><\/a> ja <a href=\"https:\/\/www.veltekspert.ee\/elektritoukerattad-elektritoukeratas-inokim-quick-3super-must\"><strong>Inokim Quick 3+ Super<\/strong><\/a>-s\u00e4hk\u00f6potkulautoihin. <strong>Inokim OX Hero, OX Super<\/strong> ja <strong>OXO<\/strong> 60V laturi l\u00f6ytyy <a href=\"http:\/\/www.xn--tuksimaailm-ffb.ee\/shop\/inokim-ox-hero-super-oxo-laadija-67-2v-60vdc\/\"><strong>t\u00e4\u00e4lt\u00e4<\/strong><\/a>. S\u00e4hk\u00f6potkulautaasi tarvitaan uusi laturi, jos laturin merkkivalo LED-valo ei syty tai ulostulossa ei ole j\u00e4nnitett\u00e4.<\/p>\n","protected":false},"excerpt":{"rendered":"<p>Inokim OX Eco\/Quick 3+ Super laturi 54,6V (48VDC) 2A, XLR-pistokkeella (my\u00f6s kaapeli, verkkolaite, adapteri). Alkuper\u00e4inen Inokim-laturi. Tuloj\u00e4nnite 230VAC, l\u00e4ht\u00f6j\u00e4nnite 54.6VDC (48VDC akuille, joiden nimellisj\u00e4nnite on 48VDC), suurin latausvirta 2A. Laturi sopii suosittuihin Inokim OX Eco ja Inokim Quick 3+ Super-s\u00e4hk\u00f6potkulautoihin. Inokim OX Hero, OX Super ja OXO 60V laturi l\u00f6ytyy &hellip;<\/p>\n","protected":false},"featured_media":22967,"template":"","meta":[],"product_brand":[],"product_cat":[1697,1698],"product_tag":[3330,1707],"filter_elektritoukeratas":[2714,2712],"class_list":{"0":"post-55548","1":"product","2":"type-product","3":"status-publish","4":"has-post-thumbnail","6":"product_cat-lisavarusteet","7":"product_cat-varaosat","8":"product_tag-inokim-varuosad-fi","9":"product_tag-laturit","10":"pa_tootetuup-laturit","11":"filter_elektritoukeratas-ft_inokim_ox_eco_hero_super","12":"filter_elektritoukeratas-ft_inokim_quick_3_hero_super","14":"first","15":"outofstock","16":"taxable","17":"shipping-taxable","18":"purchasable","19":"product-type-simple"},"yoast_head":"<!-- This site is optimized with the Yoast SEO Premium plugin v26.8 (Yoast SEO v27.5) - https:\/\/yoast.com\/product\/yoast-seo-premium-wordpress\/ -->\n<title>Inokim OX Eco \/ Quick 3+ Super laturi 54.6V (48VDC) (EOL) &#8212; T\u00f5uksimaailm<\/title>\n<meta name=\"description\" content=\"Inokim OX Eco \/ Quick 3+ Super laadija 54.6V (48VDC) 2A, XLR pistikuga (ka juhe, toiteadapter, adapter). Originaal Inokim laadija.\" \/>\n<meta name=\"robots\" content=\"index, follow, max-snippet:-1, max-image-preview:large, max-video-preview:-1\" \/>\n<link rel=\"canonical\" href=\"https:\/\/www.xn--tuksimaailm-ffb.ee\/fi\/shop\/inokim-ox-eco-quick-3-super-laturi-54-6v-48vdc-eol\/\" \/>\n<meta property=\"og:locale\" content=\"fi_FI\" \/>\n<meta property=\"og:type\" content=\"article\" \/>\n<meta property=\"og:title\" content=\"Inokim OX Eco \/ Quick 3+ Super laturi 54.6V (48VDC) (EOL)\" \/>\n<meta property=\"og:description\" content=\"Inokim OX Eco \/ Quick 3+ Super laadija 54.6V (48VDC) 2A, XLR pistikuga (ka juhe, toiteadapter, adapter). Originaal Inokim laadija.\" \/>\n<meta property=\"og:url\" content=\"https:\/\/www.xn--tuksimaailm-ffb.ee\/fi\/shop\/inokim-ox-eco-quick-3-super-laturi-54-6v-48vdc-eol\/\" \/>\n<meta property=\"og:site_name\" content=\"T\u00f5uksimaailm\" \/>\n<meta property=\"article:publisher\" content=\"https:\/\/www.facebook.com\/touksimaailm\/\" \/>\n<meta property=\"og:image\" content=\"https:\/\/www.xn--tuksimaailm-ffb.ee\/wp-content\/uploads\/2021\/02\/inokim-quick-3-laadija-1.jpg\" \/>\n\t<meta property=\"og:image:width\" content=\"711\" \/>\n\t<meta property=\"og:image:height\" content=\"725\" \/>\n\t<meta property=\"og:image:type\" content=\"image\/jpeg\" \/>\n<meta name=\"twitter:card\" content=\"summary_large_image\" \/>\n<meta name=\"twitter:label1\" content=\"Hinta\" \/>\n\t<meta name=\"twitter:data1\" content=\"&euro;89.00\" \/>\n\t<meta name=\"twitter:label2\" content=\"Saatavuus\" \/>\n\t<meta name=\"twitter:data2\" content=\"Loppu varastosta\" \/>\n<meta property=\"product:price:amount\" content=\"89.00\" \/>\n<meta property=\"product:price:currency\" content=\"EUR\" \/>\n<meta property=\"og:availability\" content=\"out of stock\" \/>\n<meta property=\"product:availability\" content=\"out of stock\" \/>\n<meta property=\"product:condition\" content=\"new\" \/>\n<!-- \/ Yoast SEO Premium plugin. -->","yoast_head_json":{"title":"Inokim OX Eco \/ Quick 3+ Super laturi 54.6V (48VDC) (EOL) &#8212; T\u00f5uksimaailm","description":"Inokim OX Eco \/ Quick 3+ Super laadija 54.6V (48VDC) 2A, XLR pistikuga (ka juhe, toiteadapter, adapter). Originaal Inokim laadija.","robots":{"index":"index","follow":"follow","max-snippet":"max-snippet:-1","max-image-preview":"max-image-preview:large","max-video-preview":"max-video-preview:-1"},"canonical":"https:\/\/www.xn--tuksimaailm-ffb.ee\/fi\/shop\/inokim-ox-eco-quick-3-super-laturi-54-6v-48vdc-eol\/","og_locale":"fi_FI","og_type":"article","og_title":"Inokim OX Eco \/ Quick 3+ Super laturi 54.6V (48VDC) (EOL)","og_description":"Inokim OX Eco \/ Quick 3+ Super laadija 54.6V (48VDC) 2A, XLR pistikuga (ka juhe, toiteadapter, adapter). Originaal Inokim laadija.","og_url":"https:\/\/www.xn--tuksimaailm-ffb.ee\/fi\/shop\/inokim-ox-eco-quick-3-super-laturi-54-6v-48vdc-eol\/","og_site_name":"T\u00f5uksimaailm","article_publisher":"https:\/\/www.facebook.com\/touksimaailm\/","og_image":[{"width":711,"height":725,"url":"https:\/\/www.xn--tuksimaailm-ffb.ee\/wp-content\/uploads\/2021\/02\/inokim-quick-3-laadija-1.jpg","type":"image\/jpeg"}],"twitter_card":"summary_large_image","twitter_misc":{"Hinta":"&euro;89.00","Saatavuus":"Loppu varastosta"},"schema":{"@context":"https:\/\/schema.org","@graph":[{"@type":"WebPage","@id":"https:\/\/www.xn--tuksimaailm-ffb.ee\/fi\/shop\/inokim-ox-eco-quick-3-super-laturi-54-6v-48vdc-eol\/","url":"https:\/\/www.xn--tuksimaailm-ffb.ee\/fi\/shop\/inokim-ox-eco-quick-3-super-laturi-54-6v-48vdc-eol\/","name":"Inokim OX Eco \/ Quick 3+ Super laturi 54.6V (48VDC) (EOL) &#8212; T\u00f5uksimaailm","isPartOf":{"@id":"https:\/\/www.xn--tuksimaailm-ffb.ee\/fi\/#website"},"primaryImageOfPage":{"@id":"https:\/\/www.xn--tuksimaailm-ffb.ee\/fi\/shop\/inokim-ox-eco-quick-3-super-laturi-54-6v-48vdc-eol\/#primaryimage"},"image":{"@id":"https:\/\/www.xn--tuksimaailm-ffb.ee\/fi\/shop\/inokim-ox-eco-quick-3-super-laturi-54-6v-48vdc-eol\/#primaryimage"},"thumbnailUrl":"https:\/\/www.xn--tuksimaailm-ffb.ee\/wp-content\/uploads\/2021\/02\/inokim-quick-3-laadija-1.jpg","datePublished":"2021-02-07T14:41:31+00:00","description":"Inokim OX Eco \/ Quick 3+ Super laadija 54.6V (48VDC) 2A, XLR pistikuga (ka juhe, toiteadapter, adapter). Originaal Inokim laadija.","breadcrumb":{"@id":"https:\/\/www.xn--tuksimaailm-ffb.ee\/fi\/shop\/inokim-ox-eco-quick-3-super-laturi-54-6v-48vdc-eol\/#breadcrumb"},"inLanguage":"fi","potentialAction":[{"@type":"ReadAction","target":["https:\/\/www.xn--tuksimaailm-ffb.ee\/fi\/shop\/inokim-ox-eco-quick-3-super-laturi-54-6v-48vdc-eol\/"]}]},{"@type":"ImageObject","inLanguage":"fi","@id":"https:\/\/www.xn--tuksimaailm-ffb.ee\/fi\/shop\/inokim-ox-eco-quick-3-super-laturi-54-6v-48vdc-eol\/#primaryimage","url":"https:\/\/www.xn--tuksimaailm-ffb.ee\/wp-content\/uploads\/2021\/02\/inokim-quick-3-laadija-1.jpg","contentUrl":"https:\/\/www.xn--tuksimaailm-ffb.ee\/wp-content\/uploads\/2021\/02\/inokim-quick-3-laadija-1.jpg","width":711,"height":725},{"@type":"BreadcrumbList","@id":"https:\/\/www.xn--tuksimaailm-ffb.ee\/fi\/shop\/inokim-ox-eco-quick-3-super-laturi-54-6v-48vdc-eol\/#breadcrumb","itemListElement":[{"@type":"ListItem","position":1,"name":"Home","item":"https:\/\/www.xn--tuksimaailm-ffb.ee\/fi\/kotisivu\/"},{"@type":"ListItem","position":2,"name":"Kauppa","item":"https:\/\/www.xn--tuksimaailm-ffb.ee\/elektritoukerataste-pood\/"},{"@type":"ListItem","position":3,"name":"Inokim OX Eco \/ Quick 3+ Super laturi 54.6V (48VDC) (EOL)"}]},{"@type":"WebSite","@id":"https:\/\/www.xn--tuksimaailm-ffb.ee\/fi\/#website","url":"https:\/\/www.xn--tuksimaailm-ffb.ee\/fi\/","name":"T\u00f5uksimaailm","description":"Elektrit\u00f5ukerataste m\u00fc\u00fck, remont ja rent","publisher":{"@id":"https:\/\/www.xn--tuksimaailm-ffb.ee\/fi\/#organization"},"potentialAction":[{"@type":"SearchAction","target":{"@type":"EntryPoint","urlTemplate":"https:\/\/www.xn--tuksimaailm-ffb.ee\/fi\/?s={search_term_string}"},"query-input":{"@type":"PropertyValueSpecification","valueRequired":true,"valueName":"search_term_string"}}],"inLanguage":"fi"},{"@type":"Organization","@id":"https:\/\/www.xn--tuksimaailm-ffb.ee\/fi\/#organization","name":"T\u00f5uksimaailm","url":"https:\/\/www.xn--tuksimaailm-ffb.ee\/fi\/","logo":{"@type":"ImageObject","inLanguage":"fi","@id":"https:\/\/www.xn--tuksimaailm-ffb.ee\/fi\/#\/schema\/logo\/image\/","url":"https:\/\/www.xn--tuksimaailm-ffb.ee\/wp-content\/uploads\/2020\/01\/logoz-e1579792875517.png","contentUrl":"https:\/\/www.xn--tuksimaailm-ffb.ee\/wp-content\/uploads\/2020\/01\/logoz-e1579792875517.png","width":250,"height":250,"caption":"T\u00f5uksimaailm"},"image":{"@id":"https:\/\/www.xn--tuksimaailm-ffb.ee\/fi\/#\/schema\/logo\/image\/"},"sameAs":["https:\/\/www.facebook.com\/touksimaailm\/","https:\/\/www.instagram.com\/touksimaailm_\/","https:\/\/www.youtube.com\/channel\/UC18ml0EKIDLP1xGuQjFzcXQ"]}]},"product_price_amount":"89.00","product_price_currency":"EUR","og_availability":"out of stock","product_availability":"out of stock","product_condition":"new"},"jetpack_sharing_enabled":true,"_links":{"self":[{"href":"https:\/\/www.xn--tuksimaailm-ffb.ee\/fi\/wp-json\/wp\/v2\/product\/55548","targetHints":{"allow":["GET"]}}],"collection":[{"href":"https:\/\/www.xn--tuksimaailm-ffb.ee\/fi\/wp-json\/wp\/v2\/product"}],"about":[{"href":"https:\/\/www.xn--tuksimaailm-ffb.ee\/fi\/wp-json\/wp\/v2\/types\/product"}],"wp:featuredmedia":[{"embeddable":true,"href":"https:\/\/www.xn--tuksimaailm-ffb.ee\/fi\/wp-json\/wp\/v2\/media\/22967"}],"wp:attachment":[{"href":"https:\/\/www.xn--tuksimaailm-ffb.ee\/fi\/wp-json\/wp\/v2\/media?parent=55548"}],"wp:term":[{"taxonomy":"product_brand","embeddable":true,"href":"https:\/\/www.xn--tuksimaailm-ffb.ee\/fi\/wp-json\/wp\/v2\/product_brand?post=55548"},{"taxonomy":"product_cat","embeddable":true,"href":"https:\/\/www.xn--tuksimaailm-ffb.ee\/fi\/wp-json\/wp\/v2\/product_cat?post=55548"},{"taxonomy":"product_tag","embeddable":true,"href":"https:\/\/www.xn--tuksimaailm-ffb.ee\/fi\/wp-json\/wp\/v2\/product_tag?post=55548"},{"taxonomy":"filter_elektritoukeratas","embeddable":true,"href":"https:\/\/www.xn--tuksimaailm-ffb.ee\/fi\/wp-json\/wp\/v2\/filter_elektritoukeratas?post=55548"}],"curies":[{"name":"wp","href":"https:\/\/api.w.org\/{rel}","templated":true}]}}