{"id":55558,"date":"2021-02-07T14:53:25","date_gmt":"2021-02-07T14:53:25","guid":{"rendered":"http:\/\/www.xn--tuksimaailm-ffb.ee\/shop\/velt-smart-scooter-x7-x8-pro-kahva\/"},"modified":"2021-02-07T14:53:25","modified_gmt":"2021-02-07T11:53:25","slug":"velt-smart-scooter-x7-x8-pro-kahva","status":"publish","type":"product","link":"https:\/\/www.xn--tuksimaailm-ffb.ee\/fi\/shop\/velt-smart-scooter-x7-x8-pro-kahva\/","title":{"rendered":"Velt Smart Scooter X7 X8 Pro kahva"},"content":{"rendered":"<p>S\u00e4hk\u00f6skootteri Velt Smart Scooter X7 \/ X8 Pro kahvat. Toimitetaan 1 kahvan kanssa, joka voidaan ruuvata ohjaustankoon. <strong>Alkuper\u00e4inen<\/strong>varaosa. Velt Smart Scooter X7 \/ X8 Pro s\u00e4hk\u00f6skootterin kahvat sopivat varmasti seuraaviin suosittuihin malleihin: <a href=\"http:\/\/www.xn--tuksimaailm-ffb.ee\/shop\/elektriline-toukeratas-velt-smart-scooter-x7\/\"><strong>Velt Smart Scooter X7<\/strong><\/a>, <a href=\"http:\/\/www.xn--tuksimaailm-ffb.ee\/shop\/elektriline-toukeratas-velt-smart-scooter-x8\/\"><strong>Velt Smart Scooter X8<\/strong><\/a> ja my\u00f6s <strong>Velt Smart Scooter X8 Pro<\/strong>. Jos sinulla on vaikeuksia vaihtaa s\u00e4hk\u00f6skootterisi kahvat itse, s\u00e4hk\u00f6skoottereihin erikoistunut <a href=\"http:\/\/www.xn--tuksimaailm-ffb.ee\/elektrilise-toukeratta-remont\/\">korjaamomme<\/a> voi auttaa.<\/p>\n","protected":false},"excerpt":{"rendered":"<p>S\u00e4hk\u00f6skootteri Velt Smart Scooter X7 \/ X8 Pro kahvat. Toimitetaan 1 kahvan kanssa, joka voidaan ruuvata ohjaustankoon. Alkuper\u00e4inenvaraosa. Velt Smart Scooter X7 \/ X8 Pro s\u00e4hk\u00f6skootterin kahvat sopivat varmasti seuraaviin suosittuihin malleihin: Velt Smart Scooter X7, Velt Smart Scooter X8 ja my\u00f6s Velt Smart Scooter X8 Pro. Jos sinulla on &hellip;<\/p>\n","protected":false},"featured_media":73066,"template":"","meta":[],"product_brand":[],"product_cat":[1697,1698],"product_tag":[3333],"filter_elektritoukeratas":[2686,2687,2697,2698,2694,2695,2693,2691,2692],"class_list":{"0":"post-55558","1":"product","2":"type-product","3":"status-publish","4":"has-post-thumbnail","6":"product_cat-lisavarusteet","7":"product_cat-varaosat","8":"product_tag-velt-smart-scooter-varuosad-fi","9":"pa_tootetuup-kaepidemed-fi","10":"filter_elektritoukeratas-ft_blaupunkt_esc808","11":"filter_elektritoukeratas-ft_blaupunkt_esc910","12":"filter_elektritoukeratas-ft_hx_x7","13":"filter_elektritoukeratas-ft_hx_x8","14":"filter_elektritoukeratas-ft_velt_smart_eco","15":"filter_elektritoukeratas-ft_velt_smart_pro","16":"filter_elektritoukeratas-ft_velt_smart_x7","17":"filter_elektritoukeratas-ft_velt_smart_x8","18":"filter_elektritoukeratas-ft_velt_smart_x8_pro","20":"first","21":"instock","22":"taxable","23":"shipping-taxable","24":"purchasable","25":"product-type-variable"},"yoast_head":"<!-- This site is optimized with the Yoast SEO Premium plugin v26.8 (Yoast SEO v27.5) - https:\/\/yoast.com\/product\/yoast-seo-premium-wordpress\/ -->\n<title>Velt Smart Scooter X7 X8 Pro kahva | T\u00f5uksimaailm | Jupid<\/title>\n<meta name=\"description\" content=\"Elektrit\u00f5ukeratta Velt Smart Scooter X7 \/ X8 Pro k\u00e4epidemed. Komplektis on 2 lenksu k\u00fclge keeratavat k\u00e4epidet, originaal varuosa. Elektrit\u00f5ukeratas varuosad\" \/>\n<meta name=\"robots\" content=\"index, follow, max-snippet:-1, max-image-preview:large, max-video-preview:-1\" \/>\n<link rel=\"canonical\" href=\"https:\/\/www.xn--tuksimaailm-ffb.ee\/fi\/shop\/velt-smart-scooter-x7-x8-pro-kahva\/\" \/>\n<meta property=\"og:locale\" content=\"fi_FI\" \/>\n<meta property=\"og:type\" content=\"article\" \/>\n<meta property=\"og:title\" content=\"Velt Smart Scooter X7 X8 Pro kahva\" \/>\n<meta property=\"og:description\" content=\"Elektrit\u00f5ukeratta Velt Smart Scooter X7 \/ X8 Pro k\u00e4epidemed. Komplektis on 2 lenksu k\u00fclge keeratavat k\u00e4epidet, originaal varuosa. Elektrit\u00f5ukeratas varuosad\" \/>\n<meta property=\"og:url\" content=\"https:\/\/www.xn--tuksimaailm-ffb.ee\/fi\/shop\/velt-smart-scooter-x7-x8-pro-kahva\/\" \/>\n<meta property=\"og:site_name\" content=\"T\u00f5uksimaailm\" \/>\n<meta property=\"article:publisher\" content=\"https:\/\/www.facebook.com\/touksimaailm\/\" \/>\n<meta property=\"og:image\" content=\"https:\/\/www.xn--tuksimaailm-ffb.ee\/wp-content\/uploads\/2021\/02\/20210207_170010.jpg\" \/>\n\t<meta property=\"og:image:width\" content=\"1827\" \/>\n\t<meta property=\"og:image:height\" content=\"1941\" \/>\n\t<meta property=\"og:image:type\" content=\"image\/jpeg\" \/>\n<meta name=\"twitter:card\" content=\"summary_large_image\" \/>\n<meta name=\"twitter:label1\" content=\"Saatavuus\" \/>\n\t<meta name=\"twitter:data1\" content=\"Varastossa\" \/>\n<meta property=\"og:availability\" content=\"instock\" \/>\n<meta property=\"product:availability\" content=\"instock\" \/>\n<meta property=\"product:condition\" content=\"new\" \/>\n<!-- \/ Yoast SEO Premium plugin. -->","yoast_head_json":{"title":"Velt Smart Scooter X7 X8 Pro kahva | T\u00f5uksimaailm | Jupid","description":"Elektrit\u00f5ukeratta Velt Smart Scooter X7 \/ X8 Pro k\u00e4epidemed. Komplektis on 2 lenksu k\u00fclge keeratavat k\u00e4epidet, originaal varuosa. Elektrit\u00f5ukeratas varuosad","robots":{"index":"index","follow":"follow","max-snippet":"max-snippet:-1","max-image-preview":"max-image-preview:large","max-video-preview":"max-video-preview:-1"},"canonical":"https:\/\/www.xn--tuksimaailm-ffb.ee\/fi\/shop\/velt-smart-scooter-x7-x8-pro-kahva\/","og_locale":"fi_FI","og_type":"article","og_title":"Velt Smart Scooter X7 X8 Pro kahva","og_description":"Elektrit\u00f5ukeratta Velt Smart Scooter X7 \/ X8 Pro k\u00e4epidemed. Komplektis on 2 lenksu k\u00fclge keeratavat k\u00e4epidet, originaal varuosa. Elektrit\u00f5ukeratas varuosad","og_url":"https:\/\/www.xn--tuksimaailm-ffb.ee\/fi\/shop\/velt-smart-scooter-x7-x8-pro-kahva\/","og_site_name":"T\u00f5uksimaailm","article_publisher":"https:\/\/www.facebook.com\/touksimaailm\/","og_image":[{"width":1827,"height":1941,"url":"https:\/\/www.xn--tuksimaailm-ffb.ee\/wp-content\/uploads\/2021\/02\/20210207_170010.jpg","type":"image\/jpeg"}],"twitter_card":"summary_large_image","twitter_misc":{"Saatavuus":"Varastossa"},"schema":{"@context":"https:\/\/schema.org","@graph":[{"@type":"WebPage","@id":"https:\/\/www.xn--tuksimaailm-ffb.ee\/fi\/shop\/velt-smart-scooter-x7-x8-pro-kahva\/","url":"https:\/\/www.xn--tuksimaailm-ffb.ee\/fi\/shop\/velt-smart-scooter-x7-x8-pro-kahva\/","name":"Velt Smart Scooter X7 X8 Pro kahva | T\u00f5uksimaailm | Jupid","isPartOf":{"@id":"https:\/\/www.xn--tuksimaailm-ffb.ee\/fi\/#website"},"primaryImageOfPage":{"@id":"https:\/\/www.xn--tuksimaailm-ffb.ee\/fi\/shop\/velt-smart-scooter-x7-x8-pro-kahva\/#primaryimage"},"image":{"@id":"https:\/\/www.xn--tuksimaailm-ffb.ee\/fi\/shop\/velt-smart-scooter-x7-x8-pro-kahva\/#primaryimage"},"thumbnailUrl":"https:\/\/www.xn--tuksimaailm-ffb.ee\/wp-content\/uploads\/2021\/02\/Screenshot-2026-01-06-231619.webp","datePublished":"2021-02-07T14:53:25+00:00","description":"Elektrit\u00f5ukeratta Velt Smart Scooter X7 \/ X8 Pro k\u00e4epidemed. Komplektis on 2 lenksu k\u00fclge keeratavat k\u00e4epidet, originaal varuosa. Elektrit\u00f5ukeratas varuosad","breadcrumb":{"@id":"https:\/\/www.xn--tuksimaailm-ffb.ee\/fi\/shop\/velt-smart-scooter-x7-x8-pro-kahva\/#breadcrumb"},"inLanguage":"fi","potentialAction":[{"@type":"ReadAction","target":["https:\/\/www.xn--tuksimaailm-ffb.ee\/fi\/shop\/velt-smart-scooter-x7-x8-pro-kahva\/"]}]},{"@type":"ImageObject","inLanguage":"fi","@id":"https:\/\/www.xn--tuksimaailm-ffb.ee\/fi\/shop\/velt-smart-scooter-x7-x8-pro-kahva\/#primaryimage","url":"https:\/\/www.xn--tuksimaailm-ffb.ee\/wp-content\/uploads\/2021\/02\/Screenshot-2026-01-06-231619.webp","contentUrl":"https:\/\/www.xn--tuksimaailm-ffb.ee\/wp-content\/uploads\/2021\/02\/Screenshot-2026-01-06-231619.webp","width":1176,"height":934,"caption":"Velt Smart Scooter X7 X8 Pro k\u00e4epide (A+)"},{"@type":"BreadcrumbList","@id":"https:\/\/www.xn--tuksimaailm-ffb.ee\/fi\/shop\/velt-smart-scooter-x7-x8-pro-kahva\/#breadcrumb","itemListElement":[{"@type":"ListItem","position":1,"name":"Home","item":"https:\/\/www.xn--tuksimaailm-ffb.ee\/fi\/kotisivu\/"},{"@type":"ListItem","position":2,"name":"Kauppa","item":"https:\/\/www.xn--tuksimaailm-ffb.ee\/elektritoukerataste-pood\/"},{"@type":"ListItem","position":3,"name":"Velt Smart Scooter X7 X8 Pro kahva"}]},{"@type":"WebSite","@id":"https:\/\/www.xn--tuksimaailm-ffb.ee\/fi\/#website","url":"https:\/\/www.xn--tuksimaailm-ffb.ee\/fi\/","name":"T\u00f5uksimaailm","description":"Elektrit\u00f5ukerataste m\u00fc\u00fck, remont ja rent","publisher":{"@id":"https:\/\/www.xn--tuksimaailm-ffb.ee\/fi\/#organization"},"potentialAction":[{"@type":"SearchAction","target":{"@type":"EntryPoint","urlTemplate":"https:\/\/www.xn--tuksimaailm-ffb.ee\/fi\/?s={search_term_string}"},"query-input":{"@type":"PropertyValueSpecification","valueRequired":true,"valueName":"search_term_string"}}],"inLanguage":"fi"},{"@type":"Organization","@id":"https:\/\/www.xn--tuksimaailm-ffb.ee\/fi\/#organization","name":"T\u00f5uksimaailm","url":"https:\/\/www.xn--tuksimaailm-ffb.ee\/fi\/","logo":{"@type":"ImageObject","inLanguage":"fi","@id":"https:\/\/www.xn--tuksimaailm-ffb.ee\/fi\/#\/schema\/logo\/image\/","url":"https:\/\/www.xn--tuksimaailm-ffb.ee\/wp-content\/uploads\/2020\/01\/logoz-e1579792875517.png","contentUrl":"https:\/\/www.xn--tuksimaailm-ffb.ee\/wp-content\/uploads\/2020\/01\/logoz-e1579792875517.png","width":250,"height":250,"caption":"T\u00f5uksimaailm"},"image":{"@id":"https:\/\/www.xn--tuksimaailm-ffb.ee\/fi\/#\/schema\/logo\/image\/"},"sameAs":["https:\/\/www.facebook.com\/touksimaailm\/","https:\/\/www.instagram.com\/touksimaailm_\/","https:\/\/www.youtube.com\/channel\/UC18ml0EKIDLP1xGuQjFzcXQ"]}]},"og_availability":"instock","product_availability":"instock","product_condition":"new"},"jetpack_sharing_enabled":true,"_links":{"self":[{"href":"https:\/\/www.xn--tuksimaailm-ffb.ee\/fi\/wp-json\/wp\/v2\/product\/55558","targetHints":{"allow":["GET"]}}],"collection":[{"href":"https:\/\/www.xn--tuksimaailm-ffb.ee\/fi\/wp-json\/wp\/v2\/product"}],"about":[{"href":"https:\/\/www.xn--tuksimaailm-ffb.ee\/fi\/wp-json\/wp\/v2\/types\/product"}],"wp:featuredmedia":[{"embeddable":true,"href":"https:\/\/www.xn--tuksimaailm-ffb.ee\/fi\/wp-json\/wp\/v2\/media\/73066"}],"wp:attachment":[{"href":"https:\/\/www.xn--tuksimaailm-ffb.ee\/fi\/wp-json\/wp\/v2\/media?parent=55558"}],"wp:term":[{"taxonomy":"product_brand","embeddable":true,"href":"https:\/\/www.xn--tuksimaailm-ffb.ee\/fi\/wp-json\/wp\/v2\/product_brand?post=55558"},{"taxonomy":"product_cat","embeddable":true,"href":"https:\/\/www.xn--tuksimaailm-ffb.ee\/fi\/wp-json\/wp\/v2\/product_cat?post=55558"},{"taxonomy":"product_tag","embeddable":true,"href":"https:\/\/www.xn--tuksimaailm-ffb.ee\/fi\/wp-json\/wp\/v2\/product_tag?post=55558"},{"taxonomy":"filter_elektritoukeratas","embeddable":true,"href":"https:\/\/www.xn--tuksimaailm-ffb.ee\/fi\/wp-json\/wp\/v2\/filter_elektritoukeratas?post=55558"}],"curies":[{"name":"wp","href":"https:\/\/api.w.org\/{rel}","templated":true}]}}