{"id":55563,"date":"2021-02-07T13:52:57","date_gmt":"2021-02-07T10:52:57","guid":{"rendered":"http:\/\/www.xn--tuksimaailm-ffb.ee\/shop\/sahkopotkulauta-laturi-54-6v-48v-gpad-joyride\/"},"modified":"2021-02-07T13:52:57","modified_gmt":"2021-02-07T10:52:57","slug":"sahkopotkulauta-laturi-54-6v-48v-gpad-joyride","status":"publish","type":"product","link":"https:\/\/www.xn--tuksimaailm-ffb.ee\/fi\/shop\/sahkopotkulauta-laturi-54-6v-48v-gpad-joyride\/","title":{"rendered":"S\u00e4hk\u00f6potkulauta laturi 54.6V (48V) Gpad Joyride"},"content":{"rendered":"<p>S\u00e4hk\u00f6skootterin laturi 54.6V (48V) Gpad Joyride Max <strong>DC5.5-pistokkeella<\/strong> (my\u00f6s kaapeli, verkkolaite, adapteri). Tuloj\u00e4nnite <strong>230VAC<\/strong>, l\u00e4ht\u00f6j\u00e4nnite <strong>54.6VDC<\/strong> (48VDC nimellisille akuille), maksimilatausvirta <strong>2A<\/strong>. Laturi sopii <strong>Gpad Joyride, Joyride Fix <\/strong>ja my\u00f6s <strong>Gpad Joyride Max<\/strong> -malleihin, jotka ovat suosittuja s\u00e4hk\u00f6skoottereita Virossa. 36VDC Gpad Joyride Eco -laturi l\u00f6ytyy <a href=\"http:\/\/www.xn--tuksimaailm-ffb.ee\/shop\/elektritoukeratta-laadija-42v-2a-gpad-svan-joyride-eco\/\"><strong>t\u00e4\u00e4lt\u00e4<\/strong><\/a>. S\u00e4hk\u00f6potkulautaasi tarvitaan uusi laturi, jos laturin merkkivalo LED-valo ei syty tai ulostulossa ei ole j\u00e4nnitett\u00e4.<\/p>\n","protected":false},"excerpt":{"rendered":"<p>S\u00e4hk\u00f6skootterin laturi 54.6V (48V) Gpad Joyride Max DC5.5-pistokkeella (my\u00f6s kaapeli, verkkolaite, adapteri). Tuloj\u00e4nnite 230VAC, l\u00e4ht\u00f6j\u00e4nnite 54.6VDC (48VDC nimellisille akuille), maksimilatausvirta 2A. Laturi sopii Gpad Joyride, Joyride Fix ja my\u00f6s Gpad Joyride Max -malleihin, jotka ovat suosittuja s\u00e4hk\u00f6skoottereita Virossa. 36VDC Gpad Joyride Eco -laturi l\u00f6ytyy t\u00e4\u00e4lt\u00e4. S\u00e4hk\u00f6potkulautaasi tarvitaan uusi laturi, jos &hellip;<\/p>\n","protected":false},"featured_media":22946,"template":"","meta":[],"product_brand":[],"product_cat":[1697,1698],"product_tag":[3334,1707],"filter_elektritoukeratas":[2704,2717,2669],"class_list":{"0":"post-55563","1":"product","2":"type-product","3":"status-publish","4":"has-post-thumbnail","6":"product_cat-lisavarusteet","7":"product_cat-varaosat","8":"product_tag-gpad-varuosad-fi","9":"product_tag-laturit","10":"pa_tootetuup-laturit","11":"filter_elektritoukeratas-ft_gpad_joyride","12":"filter_elektritoukeratas-ft_joyor_x1_x5s","13":"filter_elektritoukeratas-ft_kugoo_g2_pro","15":"first","16":"instock","17":"taxable","18":"shipping-taxable","19":"purchasable","20":"product-type-simple"},"yoast_head":"<!-- This site is optimized with the Yoast SEO Premium plugin v26.8 (Yoast SEO v27.5) - https:\/\/yoast.com\/product\/yoast-seo-premium-wordpress\/ -->\n<title>S\u00e4hk\u00f6potkulauta laturi 54.6V (48V) Gpad Joyride | T\u00f5uksimaailm<\/title>\n<meta name=\"description\" content=\"Elektrit\u00f5ukeratta laadija 54.6V (48V) Gpad Joyride Max DC5.5\u00a0pistikuga (ka juhe, toiteadapter, adapter), 48V nimipingega Li-Ion akudele. Gpad laadijad.\" \/>\n<meta name=\"robots\" content=\"index, follow, max-snippet:-1, max-image-preview:large, max-video-preview:-1\" \/>\n<link rel=\"canonical\" href=\"https:\/\/www.xn--tuksimaailm-ffb.ee\/fi\/shop\/sahkopotkulauta-laturi-54-6v-48v-gpad-joyride\/\" \/>\n<meta property=\"og:locale\" content=\"fi_FI\" \/>\n<meta property=\"og:type\" content=\"article\" \/>\n<meta property=\"og:title\" content=\"S\u00e4hk\u00f6potkulauta laturi 54.6V (48V) Gpad Joyride\" \/>\n<meta property=\"og:description\" content=\"Elektrit\u00f5ukeratta laadija 54.6V (48V) Gpad Joyride Max DC5.5\u00a0pistikuga (ka juhe, toiteadapter, adapter), 48V nimipingega Li-Ion akudele. Gpad laadijad.\" \/>\n<meta property=\"og:url\" content=\"https:\/\/www.xn--tuksimaailm-ffb.ee\/fi\/shop\/sahkopotkulauta-laturi-54-6v-48v-gpad-joyride\/\" \/>\n<meta property=\"og:site_name\" content=\"T\u00f5uksimaailm\" \/>\n<meta property=\"article:publisher\" content=\"https:\/\/www.facebook.com\/touksimaailm\/\" \/>\n<meta property=\"og:image\" content=\"https:\/\/www.xn--tuksimaailm-ffb.ee\/wp-content\/uploads\/2021\/02\/joyride-laadija.png\" \/>\n\t<meta property=\"og:image:width\" content=\"991\" \/>\n\t<meta property=\"og:image:height\" content=\"827\" \/>\n\t<meta property=\"og:image:type\" content=\"image\/png\" \/>\n<meta name=\"twitter:card\" content=\"summary_large_image\" \/>\n<meta name=\"twitter:label1\" content=\"Hinta\" \/>\n\t<meta name=\"twitter:data1\" content=\"&euro;49.50\" \/>\n\t<meta name=\"twitter:label2\" content=\"Saatavuus\" \/>\n\t<meta name=\"twitter:data2\" content=\"Varastossa\" \/>\n<meta property=\"product:price:amount\" content=\"49.50\" \/>\n<meta property=\"product:price:currency\" content=\"EUR\" \/>\n<meta property=\"og:availability\" content=\"instock\" \/>\n<meta property=\"product:availability\" content=\"instock\" \/>\n<meta property=\"product:retailer_item_id\" content=\"LAADIJA-54.6V2A-JOYRIDEMAX\" \/>\n<meta property=\"product:condition\" content=\"new\" \/>\n<!-- \/ Yoast SEO Premium plugin. -->","yoast_head_json":{"title":"S\u00e4hk\u00f6potkulauta laturi 54.6V (48V) Gpad Joyride | T\u00f5uksimaailm","description":"Elektrit\u00f5ukeratta laadija 54.6V (48V) Gpad Joyride Max DC5.5\u00a0pistikuga (ka juhe, toiteadapter, adapter), 48V nimipingega Li-Ion akudele. Gpad laadijad.","robots":{"index":"index","follow":"follow","max-snippet":"max-snippet:-1","max-image-preview":"max-image-preview:large","max-video-preview":"max-video-preview:-1"},"canonical":"https:\/\/www.xn--tuksimaailm-ffb.ee\/fi\/shop\/sahkopotkulauta-laturi-54-6v-48v-gpad-joyride\/","og_locale":"fi_FI","og_type":"article","og_title":"S\u00e4hk\u00f6potkulauta laturi 54.6V (48V) Gpad Joyride","og_description":"Elektrit\u00f5ukeratta laadija 54.6V (48V) Gpad Joyride Max DC5.5\u00a0pistikuga (ka juhe, toiteadapter, adapter), 48V nimipingega Li-Ion akudele. Gpad laadijad.","og_url":"https:\/\/www.xn--tuksimaailm-ffb.ee\/fi\/shop\/sahkopotkulauta-laturi-54-6v-48v-gpad-joyride\/","og_site_name":"T\u00f5uksimaailm","article_publisher":"https:\/\/www.facebook.com\/touksimaailm\/","og_image":[{"width":991,"height":827,"url":"https:\/\/www.xn--tuksimaailm-ffb.ee\/wp-content\/uploads\/2021\/02\/joyride-laadija.png","type":"image\/png"}],"twitter_card":"summary_large_image","twitter_misc":{"Hinta":"&euro;49.50","Saatavuus":"Varastossa"},"schema":{"@context":"https:\/\/schema.org","@graph":[{"@type":"WebPage","@id":"https:\/\/www.xn--tuksimaailm-ffb.ee\/fi\/shop\/sahkopotkulauta-laturi-54-6v-48v-gpad-joyride\/","url":"https:\/\/www.xn--tuksimaailm-ffb.ee\/fi\/shop\/sahkopotkulauta-laturi-54-6v-48v-gpad-joyride\/","name":"S\u00e4hk\u00f6potkulauta laturi 54.6V (48V) Gpad Joyride | T\u00f5uksimaailm","isPartOf":{"@id":"https:\/\/www.xn--tuksimaailm-ffb.ee\/fi\/#website"},"primaryImageOfPage":{"@id":"https:\/\/www.xn--tuksimaailm-ffb.ee\/fi\/shop\/sahkopotkulauta-laturi-54-6v-48v-gpad-joyride\/#primaryimage"},"image":{"@id":"https:\/\/www.xn--tuksimaailm-ffb.ee\/fi\/shop\/sahkopotkulauta-laturi-54-6v-48v-gpad-joyride\/#primaryimage"},"thumbnailUrl":"https:\/\/www.xn--tuksimaailm-ffb.ee\/wp-content\/uploads\/2021\/02\/joyride-laadija.png","datePublished":"2021-02-07T10:52:57+00:00","description":"Elektrit\u00f5ukeratta laadija 54.6V (48V) Gpad Joyride Max DC5.5\u00a0pistikuga (ka juhe, toiteadapter, adapter), 48V nimipingega Li-Ion akudele. Gpad laadijad.","breadcrumb":{"@id":"https:\/\/www.xn--tuksimaailm-ffb.ee\/fi\/shop\/sahkopotkulauta-laturi-54-6v-48v-gpad-joyride\/#breadcrumb"},"inLanguage":"fi","potentialAction":[{"@type":"ReadAction","target":["https:\/\/www.xn--tuksimaailm-ffb.ee\/fi\/shop\/sahkopotkulauta-laturi-54-6v-48v-gpad-joyride\/"]}]},{"@type":"ImageObject","inLanguage":"fi","@id":"https:\/\/www.xn--tuksimaailm-ffb.ee\/fi\/shop\/sahkopotkulauta-laturi-54-6v-48v-gpad-joyride\/#primaryimage","url":"https:\/\/www.xn--tuksimaailm-ffb.ee\/wp-content\/uploads\/2021\/02\/joyride-laadija.png","contentUrl":"https:\/\/www.xn--tuksimaailm-ffb.ee\/wp-content\/uploads\/2021\/02\/joyride-laadija.png","width":991,"height":827},{"@type":"BreadcrumbList","@id":"https:\/\/www.xn--tuksimaailm-ffb.ee\/fi\/shop\/sahkopotkulauta-laturi-54-6v-48v-gpad-joyride\/#breadcrumb","itemListElement":[{"@type":"ListItem","position":1,"name":"Home","item":"https:\/\/www.xn--tuksimaailm-ffb.ee\/fi\/kotisivu\/"},{"@type":"ListItem","position":2,"name":"Kauppa","item":"https:\/\/www.xn--tuksimaailm-ffb.ee\/elektritoukerataste-pood\/"},{"@type":"ListItem","position":3,"name":"S\u00e4hk\u00f6potkulauta laturi 54.6V (48V) Gpad Joyride"}]},{"@type":"WebSite","@id":"https:\/\/www.xn--tuksimaailm-ffb.ee\/fi\/#website","url":"https:\/\/www.xn--tuksimaailm-ffb.ee\/fi\/","name":"T\u00f5uksimaailm","description":"Elektrit\u00f5ukerataste m\u00fc\u00fck, remont ja rent","publisher":{"@id":"https:\/\/www.xn--tuksimaailm-ffb.ee\/fi\/#organization"},"potentialAction":[{"@type":"SearchAction","target":{"@type":"EntryPoint","urlTemplate":"https:\/\/www.xn--tuksimaailm-ffb.ee\/fi\/?s={search_term_string}"},"query-input":{"@type":"PropertyValueSpecification","valueRequired":true,"valueName":"search_term_string"}}],"inLanguage":"fi"},{"@type":"Organization","@id":"https:\/\/www.xn--tuksimaailm-ffb.ee\/fi\/#organization","name":"T\u00f5uksimaailm","url":"https:\/\/www.xn--tuksimaailm-ffb.ee\/fi\/","logo":{"@type":"ImageObject","inLanguage":"fi","@id":"https:\/\/www.xn--tuksimaailm-ffb.ee\/fi\/#\/schema\/logo\/image\/","url":"https:\/\/www.xn--tuksimaailm-ffb.ee\/wp-content\/uploads\/2020\/01\/logoz-e1579792875517.png","contentUrl":"https:\/\/www.xn--tuksimaailm-ffb.ee\/wp-content\/uploads\/2020\/01\/logoz-e1579792875517.png","width":250,"height":250,"caption":"T\u00f5uksimaailm"},"image":{"@id":"https:\/\/www.xn--tuksimaailm-ffb.ee\/fi\/#\/schema\/logo\/image\/"},"sameAs":["https:\/\/www.facebook.com\/touksimaailm\/","https:\/\/www.instagram.com\/touksimaailm_\/","https:\/\/www.youtube.com\/channel\/UC18ml0EKIDLP1xGuQjFzcXQ"]}]},"product_price_amount":"49.50","product_price_currency":"EUR","og_availability":"instock","product_availability":"instock","product_retailer_item_id":"LAADIJA-54.6V2A-JOYRIDEMAX","product_condition":"new"},"jetpack_sharing_enabled":true,"_links":{"self":[{"href":"https:\/\/www.xn--tuksimaailm-ffb.ee\/fi\/wp-json\/wp\/v2\/product\/55563","targetHints":{"allow":["GET"]}}],"collection":[{"href":"https:\/\/www.xn--tuksimaailm-ffb.ee\/fi\/wp-json\/wp\/v2\/product"}],"about":[{"href":"https:\/\/www.xn--tuksimaailm-ffb.ee\/fi\/wp-json\/wp\/v2\/types\/product"}],"wp:featuredmedia":[{"embeddable":true,"href":"https:\/\/www.xn--tuksimaailm-ffb.ee\/fi\/wp-json\/wp\/v2\/media\/22946"}],"wp:attachment":[{"href":"https:\/\/www.xn--tuksimaailm-ffb.ee\/fi\/wp-json\/wp\/v2\/media?parent=55563"}],"wp:term":[{"taxonomy":"product_brand","embeddable":true,"href":"https:\/\/www.xn--tuksimaailm-ffb.ee\/fi\/wp-json\/wp\/v2\/product_brand?post=55563"},{"taxonomy":"product_cat","embeddable":true,"href":"https:\/\/www.xn--tuksimaailm-ffb.ee\/fi\/wp-json\/wp\/v2\/product_cat?post=55563"},{"taxonomy":"product_tag","embeddable":true,"href":"https:\/\/www.xn--tuksimaailm-ffb.ee\/fi\/wp-json\/wp\/v2\/product_tag?post=55563"},{"taxonomy":"filter_elektritoukeratas","embeddable":true,"href":"https:\/\/www.xn--tuksimaailm-ffb.ee\/fi\/wp-json\/wp\/v2\/filter_elektritoukeratas?post=55563"}],"curies":[{"name":"wp","href":"https:\/\/api.w.org\/{rel}","templated":true}]}}