{"id":55564,"date":"2021-02-07T12:31:27","date_gmt":"2021-02-07T09:31:27","guid":{"rendered":"http:\/\/www.xn--tuksimaailm-ffb.ee\/shop\/sahkopotkulauta-laturi-29-4v-24v-2a-gpad-a\/"},"modified":"2021-02-07T12:31:27","modified_gmt":"2021-02-07T09:31:27","slug":"sahkopotkulauta-laturi-29-4v-24v-2a-gpad-a","status":"publish","type":"product","link":"https:\/\/www.xn--tuksimaailm-ffb.ee\/fi\/shop\/sahkopotkulauta-laturi-29-4v-24v-2a-gpad-a\/","title":{"rendered":"S\u00e4hk\u00f6potkulauta laturi 29.4V (24V) 2A Gpad (A+)"},"content":{"rendered":"<p>29.4V (24V) 2A Gpad Lite (my\u00f6s Max), <strong>DC5.5-pistoke<\/strong> (my\u00f6s kaapeli, virtal\u00e4hde, sovitin). Tuloj\u00e4nnite <strong>230VAC<\/strong>, l\u00e4ht\u00f6j\u00e4nnite <strong>29.4VDC<\/strong> (akuille, joiden nimellisj\u00e4nnite on 24VDC), maksimilatausvirta <strong>2A<\/strong>. Laturi sopii Virossa suosittuihin lasten s\u00e4hk\u00f6skoottereihin <a href=\"http:\/\/www.xn--tuksimaailm-ffb.ee\/shop\/elektriline-toukeratas-gpad-lite\/\"><strong>Gpad Lite<\/strong><\/a> ja <a href=\"http:\/\/www.xn--tuksimaailm-ffb.ee\/shop\/elektriline-toukeratas-gpad-lite-max\/\"><strong>Gpad Lite Max<\/strong><\/a><strong>.<\/strong> Se soveltuu my\u00f6s muihin, harvinaisempiin lasten 24V-s\u00e4hk\u00f6skoottereihin. S\u00e4hk\u00f6potkulautaan tarvitaan uusi laturi, jos laturin LED-merkkivalo ei syty tai ulostulossa ei ole j\u00e4nnitett\u00e4.<\/p>\n","protected":false},"excerpt":{"rendered":"<p>29.4V (24V) 2A Gpad Lite (my\u00f6s Max), DC5.5-pistoke (my\u00f6s kaapeli, virtal\u00e4hde, sovitin). Tuloj\u00e4nnite 230VAC, l\u00e4ht\u00f6j\u00e4nnite 29.4VDC (akuille, joiden nimellisj\u00e4nnite on 24VDC), maksimilatausvirta 2A. Laturi sopii Virossa suosittuihin lasten s\u00e4hk\u00f6skoottereihin Gpad Lite ja Gpad Lite Max. Se soveltuu my\u00f6s muihin, harvinaisempiin lasten 24V-s\u00e4hk\u00f6skoottereihin. S\u00e4hk\u00f6potkulautaan tarvitaan uusi laturi, jos laturin LED-merkkivalo ei &hellip;<\/p>\n","protected":false},"featured_media":22945,"template":"","meta":[],"product_brand":[],"product_cat":[1697,1698],"product_tag":[3334,1707],"filter_elektritoukeratas":[2701],"class_list":{"0":"post-55564","1":"product","2":"type-product","3":"status-publish","4":"has-post-thumbnail","6":"product_cat-lisavarusteet","7":"product_cat-varaosat","8":"product_tag-gpad-varuosad-fi","9":"product_tag-laturit","10":"pa_tootetuup-laturit","11":"filter_elektritoukeratas-ft_gpad_lite_lite_max","13":"first","14":"instock","15":"taxable","16":"shipping-taxable","17":"purchasable","18":"product-type-simple"},"yoast_head":"<!-- This site is optimized with the Yoast SEO Premium plugin v26.8 (Yoast SEO v27.5) - https:\/\/yoast.com\/product\/yoast-seo-premium-wordpress\/ -->\n<title>S\u00e4hk\u00f6potkulauta laturi 29.4V (24V) 2A Gpad (A+) | T\u00f5uksimaailm<\/title>\n<meta name=\"description\" content=\"Elektrit\u00f5ukeratta laadija 29.4V (24V) 2A Gpad Lite (ka Max), DC5.5 pistikuga (ka juhe, toiteadapter, adapter), 24V nimipingega akudele. Akulaadijad.\" \/>\n<meta name=\"robots\" content=\"index, follow, max-snippet:-1, max-image-preview:large, max-video-preview:-1\" \/>\n<link rel=\"canonical\" href=\"https:\/\/www.xn--tuksimaailm-ffb.ee\/fi\/shop\/sahkopotkulauta-laturi-29-4v-24v-2a-gpad-a\/\" \/>\n<meta property=\"og:locale\" content=\"fi_FI\" \/>\n<meta property=\"og:type\" content=\"article\" \/>\n<meta property=\"og:title\" content=\"S\u00e4hk\u00f6potkulauta laturi 29.4V (24V) 2A Gpad (A+)\" \/>\n<meta property=\"og:description\" content=\"Elektrit\u00f5ukeratta laadija 29.4V (24V) 2A Gpad Lite (ka Max), DC5.5 pistikuga (ka juhe, toiteadapter, adapter), 24V nimipingega akudele. Akulaadijad.\" \/>\n<meta property=\"og:url\" content=\"https:\/\/www.xn--tuksimaailm-ffb.ee\/fi\/shop\/sahkopotkulauta-laturi-29-4v-24v-2a-gpad-a\/\" \/>\n<meta property=\"og:site_name\" content=\"T\u00f5uksimaailm\" \/>\n<meta property=\"article:publisher\" content=\"https:\/\/www.facebook.com\/touksimaailm\/\" \/>\n<meta property=\"og:image\" content=\"https:\/\/www.xn--tuksimaailm-ffb.ee\/wp-content\/uploads\/2021\/02\/lite-laadija.png\" \/>\n\t<meta property=\"og:image:width\" content=\"997\" \/>\n\t<meta property=\"og:image:height\" content=\"687\" \/>\n\t<meta property=\"og:image:type\" content=\"image\/png\" \/>\n<meta name=\"twitter:card\" content=\"summary_large_image\" \/>\n<meta name=\"twitter:label1\" content=\"Hinta\" \/>\n\t<meta name=\"twitter:data1\" content=\"&euro;29.00\" \/>\n\t<meta name=\"twitter:label2\" content=\"Saatavuus\" \/>\n\t<meta name=\"twitter:data2\" content=\"Varastossa\" \/>\n<meta property=\"product:price:amount\" content=\"29.00\" \/>\n<meta property=\"product:price:currency\" content=\"EUR\" \/>\n<meta property=\"og:availability\" content=\"instock\" \/>\n<meta property=\"product:availability\" content=\"instock\" \/>\n<meta property=\"product:retailer_item_id\" content=\"LAADIJA-29.4V2A-LITEMAX\" \/>\n<meta property=\"product:condition\" content=\"new\" \/>\n<!-- \/ Yoast SEO Premium plugin. -->","yoast_head_json":{"title":"S\u00e4hk\u00f6potkulauta laturi 29.4V (24V) 2A Gpad (A+) | T\u00f5uksimaailm","description":"Elektrit\u00f5ukeratta laadija 29.4V (24V) 2A Gpad Lite (ka Max), DC5.5 pistikuga (ka juhe, toiteadapter, adapter), 24V nimipingega akudele. Akulaadijad.","robots":{"index":"index","follow":"follow","max-snippet":"max-snippet:-1","max-image-preview":"max-image-preview:large","max-video-preview":"max-video-preview:-1"},"canonical":"https:\/\/www.xn--tuksimaailm-ffb.ee\/fi\/shop\/sahkopotkulauta-laturi-29-4v-24v-2a-gpad-a\/","og_locale":"fi_FI","og_type":"article","og_title":"S\u00e4hk\u00f6potkulauta laturi 29.4V (24V) 2A Gpad (A+)","og_description":"Elektrit\u00f5ukeratta laadija 29.4V (24V) 2A Gpad Lite (ka Max), DC5.5 pistikuga (ka juhe, toiteadapter, adapter), 24V nimipingega akudele. Akulaadijad.","og_url":"https:\/\/www.xn--tuksimaailm-ffb.ee\/fi\/shop\/sahkopotkulauta-laturi-29-4v-24v-2a-gpad-a\/","og_site_name":"T\u00f5uksimaailm","article_publisher":"https:\/\/www.facebook.com\/touksimaailm\/","og_image":[{"width":997,"height":687,"url":"https:\/\/www.xn--tuksimaailm-ffb.ee\/wp-content\/uploads\/2021\/02\/lite-laadija.png","type":"image\/png"}],"twitter_card":"summary_large_image","twitter_misc":{"Hinta":"&euro;29.00","Saatavuus":"Varastossa"},"schema":{"@context":"https:\/\/schema.org","@graph":[{"@type":"WebPage","@id":"https:\/\/www.xn--tuksimaailm-ffb.ee\/fi\/shop\/sahkopotkulauta-laturi-29-4v-24v-2a-gpad-a\/","url":"https:\/\/www.xn--tuksimaailm-ffb.ee\/fi\/shop\/sahkopotkulauta-laturi-29-4v-24v-2a-gpad-a\/","name":"S\u00e4hk\u00f6potkulauta laturi 29.4V (24V) 2A Gpad (A+) | T\u00f5uksimaailm","isPartOf":{"@id":"https:\/\/www.xn--tuksimaailm-ffb.ee\/fi\/#website"},"primaryImageOfPage":{"@id":"https:\/\/www.xn--tuksimaailm-ffb.ee\/fi\/shop\/sahkopotkulauta-laturi-29-4v-24v-2a-gpad-a\/#primaryimage"},"image":{"@id":"https:\/\/www.xn--tuksimaailm-ffb.ee\/fi\/shop\/sahkopotkulauta-laturi-29-4v-24v-2a-gpad-a\/#primaryimage"},"thumbnailUrl":"https:\/\/www.xn--tuksimaailm-ffb.ee\/wp-content\/uploads\/2021\/02\/lite-laadija.png","datePublished":"2021-02-07T09:31:27+00:00","description":"Elektrit\u00f5ukeratta laadija 29.4V (24V) 2A Gpad Lite (ka Max), DC5.5 pistikuga (ka juhe, toiteadapter, adapter), 24V nimipingega akudele. Akulaadijad.","breadcrumb":{"@id":"https:\/\/www.xn--tuksimaailm-ffb.ee\/fi\/shop\/sahkopotkulauta-laturi-29-4v-24v-2a-gpad-a\/#breadcrumb"},"inLanguage":"fi","potentialAction":[{"@type":"ReadAction","target":["https:\/\/www.xn--tuksimaailm-ffb.ee\/fi\/shop\/sahkopotkulauta-laturi-29-4v-24v-2a-gpad-a\/"]}]},{"@type":"ImageObject","inLanguage":"fi","@id":"https:\/\/www.xn--tuksimaailm-ffb.ee\/fi\/shop\/sahkopotkulauta-laturi-29-4v-24v-2a-gpad-a\/#primaryimage","url":"https:\/\/www.xn--tuksimaailm-ffb.ee\/wp-content\/uploads\/2021\/02\/lite-laadija.png","contentUrl":"https:\/\/www.xn--tuksimaailm-ffb.ee\/wp-content\/uploads\/2021\/02\/lite-laadija.png","width":997,"height":687},{"@type":"BreadcrumbList","@id":"https:\/\/www.xn--tuksimaailm-ffb.ee\/fi\/shop\/sahkopotkulauta-laturi-29-4v-24v-2a-gpad-a\/#breadcrumb","itemListElement":[{"@type":"ListItem","position":1,"name":"Home","item":"https:\/\/www.xn--tuksimaailm-ffb.ee\/fi\/kotisivu\/"},{"@type":"ListItem","position":2,"name":"Kauppa","item":"https:\/\/www.xn--tuksimaailm-ffb.ee\/elektritoukerataste-pood\/"},{"@type":"ListItem","position":3,"name":"S\u00e4hk\u00f6potkulauta laturi 29.4V (24V) 2A Gpad (A+)"}]},{"@type":"WebSite","@id":"https:\/\/www.xn--tuksimaailm-ffb.ee\/fi\/#website","url":"https:\/\/www.xn--tuksimaailm-ffb.ee\/fi\/","name":"T\u00f5uksimaailm","description":"Elektrit\u00f5ukerataste m\u00fc\u00fck, remont ja rent","publisher":{"@id":"https:\/\/www.xn--tuksimaailm-ffb.ee\/fi\/#organization"},"potentialAction":[{"@type":"SearchAction","target":{"@type":"EntryPoint","urlTemplate":"https:\/\/www.xn--tuksimaailm-ffb.ee\/fi\/?s={search_term_string}"},"query-input":{"@type":"PropertyValueSpecification","valueRequired":true,"valueName":"search_term_string"}}],"inLanguage":"fi"},{"@type":"Organization","@id":"https:\/\/www.xn--tuksimaailm-ffb.ee\/fi\/#organization","name":"T\u00f5uksimaailm","url":"https:\/\/www.xn--tuksimaailm-ffb.ee\/fi\/","logo":{"@type":"ImageObject","inLanguage":"fi","@id":"https:\/\/www.xn--tuksimaailm-ffb.ee\/fi\/#\/schema\/logo\/image\/","url":"https:\/\/www.xn--tuksimaailm-ffb.ee\/wp-content\/uploads\/2020\/01\/logoz-e1579792875517.png","contentUrl":"https:\/\/www.xn--tuksimaailm-ffb.ee\/wp-content\/uploads\/2020\/01\/logoz-e1579792875517.png","width":250,"height":250,"caption":"T\u00f5uksimaailm"},"image":{"@id":"https:\/\/www.xn--tuksimaailm-ffb.ee\/fi\/#\/schema\/logo\/image\/"},"sameAs":["https:\/\/www.facebook.com\/touksimaailm\/","https:\/\/www.instagram.com\/touksimaailm_\/","https:\/\/www.youtube.com\/channel\/UC18ml0EKIDLP1xGuQjFzcXQ"]}]},"product_price_amount":"29.00","product_price_currency":"EUR","og_availability":"instock","product_availability":"instock","product_retailer_item_id":"LAADIJA-29.4V2A-LITEMAX","product_condition":"new"},"jetpack_sharing_enabled":true,"_links":{"self":[{"href":"https:\/\/www.xn--tuksimaailm-ffb.ee\/fi\/wp-json\/wp\/v2\/product\/55564","targetHints":{"allow":["GET"]}}],"collection":[{"href":"https:\/\/www.xn--tuksimaailm-ffb.ee\/fi\/wp-json\/wp\/v2\/product"}],"about":[{"href":"https:\/\/www.xn--tuksimaailm-ffb.ee\/fi\/wp-json\/wp\/v2\/types\/product"}],"wp:featuredmedia":[{"embeddable":true,"href":"https:\/\/www.xn--tuksimaailm-ffb.ee\/fi\/wp-json\/wp\/v2\/media\/22945"}],"wp:attachment":[{"href":"https:\/\/www.xn--tuksimaailm-ffb.ee\/fi\/wp-json\/wp\/v2\/media?parent=55564"}],"wp:term":[{"taxonomy":"product_brand","embeddable":true,"href":"https:\/\/www.xn--tuksimaailm-ffb.ee\/fi\/wp-json\/wp\/v2\/product_brand?post=55564"},{"taxonomy":"product_cat","embeddable":true,"href":"https:\/\/www.xn--tuksimaailm-ffb.ee\/fi\/wp-json\/wp\/v2\/product_cat?post=55564"},{"taxonomy":"product_tag","embeddable":true,"href":"https:\/\/www.xn--tuksimaailm-ffb.ee\/fi\/wp-json\/wp\/v2\/product_tag?post=55564"},{"taxonomy":"filter_elektritoukeratas","embeddable":true,"href":"https:\/\/www.xn--tuksimaailm-ffb.ee\/fi\/wp-json\/wp\/v2\/filter_elektritoukeratas?post=55564"}],"curies":[{"name":"wp","href":"https:\/\/api.w.org\/{rel}","templated":true}]}}