{"id":55565,"date":"2021-02-07T12:14:14","date_gmt":"2021-02-07T10:14:14","guid":{"rendered":"http:\/\/www.xn--tuksimaailm-ffb.ee\/shop\/sahkopotkulauta-laturi-42v-2a-gpad-svan-joyride\/"},"modified":"2021-02-07T12:14:14","modified_gmt":"2021-02-07T09:14:14","slug":"sahkopotkulauta-laturi-42v-2a-gpad-svan-joyride","status":"publish","type":"product","link":"https:\/\/www.xn--tuksimaailm-ffb.ee\/fi\/shop\/sahkopotkulauta-laturi-42v-2a-gpad-svan-joyride\/","title":{"rendered":"S\u00e4hk\u00f6potkulauta laturi 42V 2A Gpad Svan Joyride"},"content":{"rendered":"<p>S\u00e4hk\u00f6k\u00e4ytt\u00f6isen ty\u00f6nt\u00f6py\u00f6r\u00e4n laturi 42V 2A Gpad Svan (Max) \/ Gpad Joyride Eco, <strong>DC5.5-pistokkeella<\/strong> (my\u00f6s kaapeli, verkkolaite, adapteri). Tuloj\u00e4nnite <strong>230VAC<\/strong>, l\u00e4ht\u00f6j\u00e4nnite <strong>42VDC<\/strong> (akuille, joiden nimellisj\u00e4nnite on 36VDC), maksimilatausvirta <strong>2A<\/strong>. Laturi sopii Virossa suosittuihin s\u00e4hk\u00f6skoottereihin <strong>Gpad Joyride Eco<\/strong>, <a href=\"http:\/\/www.xn--tuksimaailm-ffb.ee\/shop\/elektriline-toukeratas-gpad-svan\/\"><strong>Gpad Svan<\/strong><\/a> ja <strong>Gpad Svan Max<\/strong>. 48V Gpad Joyride ja Joyride Max -laturi l\u00f6ytyy <a href=\"http:\/\/www.xn--tuksimaailm-ffb.ee\/shop\/elektritoukeratta-laadija-54-6v-48v-gpad-joyride-max\/\"><strong>t\u00e4\u00e4lt\u00e4<\/strong><\/a>. S\u00e4hk\u00f6potkulautaasi tarvitaan uusi laturi, jos laturin LED-merkkivalo ei syty tai ulostulossa ei ole j\u00e4nnitett\u00e4.<\/p>\n","protected":false},"excerpt":{"rendered":"<p>S\u00e4hk\u00f6k\u00e4ytt\u00f6isen ty\u00f6nt\u00f6py\u00f6r\u00e4n laturi 42V 2A Gpad Svan (Max) \/ Gpad Joyride Eco, DC5.5-pistokkeella (my\u00f6s kaapeli, verkkolaite, adapteri). Tuloj\u00e4nnite 230VAC, l\u00e4ht\u00f6j\u00e4nnite 42VDC (akuille, joiden nimellisj\u00e4nnite on 36VDC), maksimilatausvirta 2A. Laturi sopii Virossa suosittuihin s\u00e4hk\u00f6skoottereihin Gpad Joyride Eco, Gpad Svan ja Gpad Svan Max. 48V Gpad Joyride ja Joyride Max -laturi l\u00f6ytyy &hellip;<\/p>\n","protected":false},"featured_media":22943,"template":"","meta":[],"product_brand":[],"product_cat":[1697,1698],"product_tag":[3334,1707],"filter_elektritoukeratas":[2702,2711,2709,2719,2649],"class_list":{"0":"post-55565","1":"product","2":"type-product","3":"status-publish","4":"has-post-thumbnail","6":"product_cat-lisavarusteet","7":"product_cat-varaosat","8":"product_tag-gpad-varuosad-fi","9":"product_tag-laturit","10":"pa_tootetuup-laturit","11":"filter_elektritoukeratas-ft_gpad_svan","12":"filter_elektritoukeratas-ft_inokim_light_2_max_super","13":"filter_elektritoukeratas-ft_inokim_light_hero_2_hero","14":"filter_elektritoukeratas-ft_joyor_a1_a3_a5","15":"filter_elektritoukeratas-ft_kugoo_s1_s1_plus_s1_pro_s1_max","17":"first","18":"instock","19":"taxable","20":"shipping-taxable","21":"purchasable","22":"product-type-simple"},"yoast_head":"<!-- This site is optimized with the Yoast SEO Premium plugin v26.8 (Yoast SEO v27.5) - https:\/\/yoast.com\/product\/yoast-seo-premium-wordpress\/ -->\n<title>S\u00e4hk\u00f6potkulauta laturi 42V 2A Gpad Svan Joyride | T\u00f5uksimaailm<\/title>\n<meta name=\"description\" content=\"Elektrit\u00f5ukeratta laadija 42V 2A Gpad Svan (Max) \/ Gpad Joyride Eco, DC5.5 pistikuga (ka juhe, toiteadapter, adapter), 36V Li-Ion akudele. Akulaadijad.\" \/>\n<meta name=\"robots\" content=\"index, follow, max-snippet:-1, max-image-preview:large, max-video-preview:-1\" \/>\n<link rel=\"canonical\" href=\"https:\/\/www.xn--tuksimaailm-ffb.ee\/fi\/shop\/sahkopotkulauta-laturi-42v-2a-gpad-svan-joyride\/\" \/>\n<meta property=\"og:locale\" content=\"fi_FI\" \/>\n<meta property=\"og:type\" content=\"article\" \/>\n<meta property=\"og:title\" content=\"S\u00e4hk\u00f6potkulauta laturi 42V 2A Gpad Svan Joyride\" \/>\n<meta property=\"og:description\" content=\"Elektrit\u00f5ukeratta laadija 42V 2A Gpad Svan (Max) \/ Gpad Joyride Eco, DC5.5 pistikuga (ka juhe, toiteadapter, adapter), 36V Li-Ion akudele. Akulaadijad.\" \/>\n<meta property=\"og:url\" content=\"https:\/\/www.xn--tuksimaailm-ffb.ee\/fi\/shop\/sahkopotkulauta-laturi-42v-2a-gpad-svan-joyride\/\" \/>\n<meta property=\"og:site_name\" content=\"T\u00f5uksimaailm\" \/>\n<meta property=\"article:publisher\" content=\"https:\/\/www.facebook.com\/touksimaailm\/\" \/>\n<meta property=\"og:image\" content=\"https:\/\/www.xn--tuksimaailm-ffb.ee\/wp-content\/uploads\/2021\/02\/joyride-eco-laadija.png\" \/>\n\t<meta property=\"og:image:width\" content=\"843\" \/>\n\t<meta property=\"og:image:height\" content=\"679\" \/>\n\t<meta property=\"og:image:type\" content=\"image\/png\" \/>\n<meta name=\"twitter:card\" content=\"summary_large_image\" \/>\n<meta name=\"twitter:label1\" content=\"Hinta\" \/>\n\t<meta name=\"twitter:data1\" content=\"&euro;39.50\" \/>\n\t<meta name=\"twitter:label2\" content=\"Saatavuus\" \/>\n\t<meta name=\"twitter:data2\" content=\"Varastossa\" \/>\n<meta property=\"product:price:amount\" content=\"39.50\" \/>\n<meta property=\"product:price:currency\" content=\"EUR\" \/>\n<meta property=\"og:availability\" content=\"instock\" \/>\n<meta property=\"product:availability\" content=\"instock\" \/>\n<meta property=\"product:retailer_item_id\" content=\"LAADIJA-42V2A-SVAN\/ECO\" \/>\n<meta property=\"product:condition\" content=\"new\" \/>\n<!-- \/ Yoast SEO Premium plugin. -->","yoast_head_json":{"title":"S\u00e4hk\u00f6potkulauta laturi 42V 2A Gpad Svan Joyride | T\u00f5uksimaailm","description":"Elektrit\u00f5ukeratta laadija 42V 2A Gpad Svan (Max) \/ Gpad Joyride Eco, DC5.5 pistikuga (ka juhe, toiteadapter, adapter), 36V Li-Ion akudele. Akulaadijad.","robots":{"index":"index","follow":"follow","max-snippet":"max-snippet:-1","max-image-preview":"max-image-preview:large","max-video-preview":"max-video-preview:-1"},"canonical":"https:\/\/www.xn--tuksimaailm-ffb.ee\/fi\/shop\/sahkopotkulauta-laturi-42v-2a-gpad-svan-joyride\/","og_locale":"fi_FI","og_type":"article","og_title":"S\u00e4hk\u00f6potkulauta laturi 42V 2A Gpad Svan Joyride","og_description":"Elektrit\u00f5ukeratta laadija 42V 2A Gpad Svan (Max) \/ Gpad Joyride Eco, DC5.5 pistikuga (ka juhe, toiteadapter, adapter), 36V Li-Ion akudele. Akulaadijad.","og_url":"https:\/\/www.xn--tuksimaailm-ffb.ee\/fi\/shop\/sahkopotkulauta-laturi-42v-2a-gpad-svan-joyride\/","og_site_name":"T\u00f5uksimaailm","article_publisher":"https:\/\/www.facebook.com\/touksimaailm\/","og_image":[{"width":843,"height":679,"url":"https:\/\/www.xn--tuksimaailm-ffb.ee\/wp-content\/uploads\/2021\/02\/joyride-eco-laadija.png","type":"image\/png"}],"twitter_card":"summary_large_image","twitter_misc":{"Hinta":"&euro;39.50","Saatavuus":"Varastossa"},"schema":{"@context":"https:\/\/schema.org","@graph":[{"@type":"WebPage","@id":"https:\/\/www.xn--tuksimaailm-ffb.ee\/fi\/shop\/sahkopotkulauta-laturi-42v-2a-gpad-svan-joyride\/","url":"https:\/\/www.xn--tuksimaailm-ffb.ee\/fi\/shop\/sahkopotkulauta-laturi-42v-2a-gpad-svan-joyride\/","name":"S\u00e4hk\u00f6potkulauta laturi 42V 2A Gpad Svan Joyride | T\u00f5uksimaailm","isPartOf":{"@id":"https:\/\/www.xn--tuksimaailm-ffb.ee\/fi\/#website"},"primaryImageOfPage":{"@id":"https:\/\/www.xn--tuksimaailm-ffb.ee\/fi\/shop\/sahkopotkulauta-laturi-42v-2a-gpad-svan-joyride\/#primaryimage"},"image":{"@id":"https:\/\/www.xn--tuksimaailm-ffb.ee\/fi\/shop\/sahkopotkulauta-laturi-42v-2a-gpad-svan-joyride\/#primaryimage"},"thumbnailUrl":"https:\/\/www.xn--tuksimaailm-ffb.ee\/wp-content\/uploads\/2021\/02\/joyride-eco-laadija.png","datePublished":"2021-02-07T10:14:14+00:00","description":"Elektrit\u00f5ukeratta laadija 42V 2A Gpad Svan (Max) \/ Gpad Joyride Eco, DC5.5 pistikuga (ka juhe, toiteadapter, adapter), 36V Li-Ion akudele. Akulaadijad.","breadcrumb":{"@id":"https:\/\/www.xn--tuksimaailm-ffb.ee\/fi\/shop\/sahkopotkulauta-laturi-42v-2a-gpad-svan-joyride\/#breadcrumb"},"inLanguage":"fi","potentialAction":[{"@type":"ReadAction","target":["https:\/\/www.xn--tuksimaailm-ffb.ee\/fi\/shop\/sahkopotkulauta-laturi-42v-2a-gpad-svan-joyride\/"]}]},{"@type":"ImageObject","inLanguage":"fi","@id":"https:\/\/www.xn--tuksimaailm-ffb.ee\/fi\/shop\/sahkopotkulauta-laturi-42v-2a-gpad-svan-joyride\/#primaryimage","url":"https:\/\/www.xn--tuksimaailm-ffb.ee\/wp-content\/uploads\/2021\/02\/joyride-eco-laadija.png","contentUrl":"https:\/\/www.xn--tuksimaailm-ffb.ee\/wp-content\/uploads\/2021\/02\/joyride-eco-laadija.png","width":843,"height":679},{"@type":"BreadcrumbList","@id":"https:\/\/www.xn--tuksimaailm-ffb.ee\/fi\/shop\/sahkopotkulauta-laturi-42v-2a-gpad-svan-joyride\/#breadcrumb","itemListElement":[{"@type":"ListItem","position":1,"name":"Home","item":"https:\/\/www.xn--tuksimaailm-ffb.ee\/fi\/kotisivu\/"},{"@type":"ListItem","position":2,"name":"Kauppa","item":"https:\/\/www.xn--tuksimaailm-ffb.ee\/elektritoukerataste-pood\/"},{"@type":"ListItem","position":3,"name":"S\u00e4hk\u00f6potkulauta laturi 42V 2A Gpad Svan Joyride"}]},{"@type":"WebSite","@id":"https:\/\/www.xn--tuksimaailm-ffb.ee\/fi\/#website","url":"https:\/\/www.xn--tuksimaailm-ffb.ee\/fi\/","name":"T\u00f5uksimaailm","description":"Elektrit\u00f5ukerataste m\u00fc\u00fck, remont ja rent","publisher":{"@id":"https:\/\/www.xn--tuksimaailm-ffb.ee\/fi\/#organization"},"potentialAction":[{"@type":"SearchAction","target":{"@type":"EntryPoint","urlTemplate":"https:\/\/www.xn--tuksimaailm-ffb.ee\/fi\/?s={search_term_string}"},"query-input":{"@type":"PropertyValueSpecification","valueRequired":true,"valueName":"search_term_string"}}],"inLanguage":"fi"},{"@type":"Organization","@id":"https:\/\/www.xn--tuksimaailm-ffb.ee\/fi\/#organization","name":"T\u00f5uksimaailm","url":"https:\/\/www.xn--tuksimaailm-ffb.ee\/fi\/","logo":{"@type":"ImageObject","inLanguage":"fi","@id":"https:\/\/www.xn--tuksimaailm-ffb.ee\/fi\/#\/schema\/logo\/image\/","url":"https:\/\/www.xn--tuksimaailm-ffb.ee\/wp-content\/uploads\/2020\/01\/logoz-e1579792875517.png","contentUrl":"https:\/\/www.xn--tuksimaailm-ffb.ee\/wp-content\/uploads\/2020\/01\/logoz-e1579792875517.png","width":250,"height":250,"caption":"T\u00f5uksimaailm"},"image":{"@id":"https:\/\/www.xn--tuksimaailm-ffb.ee\/fi\/#\/schema\/logo\/image\/"},"sameAs":["https:\/\/www.facebook.com\/touksimaailm\/","https:\/\/www.instagram.com\/touksimaailm_\/","https:\/\/www.youtube.com\/channel\/UC18ml0EKIDLP1xGuQjFzcXQ"]}]},"product_price_amount":"39.50","product_price_currency":"EUR","og_availability":"instock","product_availability":"instock","product_retailer_item_id":"LAADIJA-42V2A-SVAN\/ECO","product_condition":"new"},"jetpack_sharing_enabled":true,"_links":{"self":[{"href":"https:\/\/www.xn--tuksimaailm-ffb.ee\/fi\/wp-json\/wp\/v2\/product\/55565","targetHints":{"allow":["GET"]}}],"collection":[{"href":"https:\/\/www.xn--tuksimaailm-ffb.ee\/fi\/wp-json\/wp\/v2\/product"}],"about":[{"href":"https:\/\/www.xn--tuksimaailm-ffb.ee\/fi\/wp-json\/wp\/v2\/types\/product"}],"wp:featuredmedia":[{"embeddable":true,"href":"https:\/\/www.xn--tuksimaailm-ffb.ee\/fi\/wp-json\/wp\/v2\/media\/22943"}],"wp:attachment":[{"href":"https:\/\/www.xn--tuksimaailm-ffb.ee\/fi\/wp-json\/wp\/v2\/media?parent=55565"}],"wp:term":[{"taxonomy":"product_brand","embeddable":true,"href":"https:\/\/www.xn--tuksimaailm-ffb.ee\/fi\/wp-json\/wp\/v2\/product_brand?post=55565"},{"taxonomy":"product_cat","embeddable":true,"href":"https:\/\/www.xn--tuksimaailm-ffb.ee\/fi\/wp-json\/wp\/v2\/product_cat?post=55565"},{"taxonomy":"product_tag","embeddable":true,"href":"https:\/\/www.xn--tuksimaailm-ffb.ee\/fi\/wp-json\/wp\/v2\/product_tag?post=55565"},{"taxonomy":"filter_elektritoukeratas","embeddable":true,"href":"https:\/\/www.xn--tuksimaailm-ffb.ee\/fi\/wp-json\/wp\/v2\/filter_elektritoukeratas?post=55565"}],"curies":[{"name":"wp","href":"https:\/\/api.w.org\/{rel}","templated":true}]}}