{"id":55567,"date":"2021-02-07T11:24:59","date_gmt":"2021-02-07T08:24:59","guid":{"rendered":"http:\/\/www.xn--tuksimaailm-ffb.ee\/shop\/sahkopotkulauta-laturi-42v-2a-gx16-gpad-retro\/"},"modified":"2021-02-07T11:24:59","modified_gmt":"2021-02-07T08:24:59","slug":"sahkopotkulauta-laturi-42v-2a-gx16-gpad-retro","status":"publish","type":"product","link":"https:\/\/www.xn--tuksimaailm-ffb.ee\/fi\/shop\/sahkopotkulauta-laturi-42v-2a-gx16-gpad-retro\/","title":{"rendered":"S\u00e4hk\u00f6potkulauta laturi 42V 2A GX16 Gpad Retro"},"content":{"rendered":"<p>S\u00e4hk\u00f6skootterin laturi 42V 2A GX16-pistokkeella (my\u00f6s johto, verkkolaite, sovitin). Tuloj\u00e4nnite <strong>230VAC<\/strong>, l\u00e4ht\u00f6j\u00e4nnite <strong>42VDC<\/strong> (akuille, joiden nimellisj\u00e4nnite on 36VDC), suurin latausvirta <strong>2A<\/strong>. Laturi sopii suosittuun s\u00e4hk\u00f6skootteriin<a href=\"http:\/\/www.xn--tuksimaailm-ffb.ee\/shop\/elektriline-toukeratas-gpad-retro\/\"><strong> Gpad Retro<\/strong><\/a>, sek\u00e4 <a href=\"https:\/\/www.joyorscooter.com\/model-f1-f3-f5-f5s\"><strong>Joyor F3<\/strong><\/a> s\u00e4hk\u00f6skootteriin. S\u00e4hk\u00f6potkulauta tarvitsee uuden laturin, jos laturin merkkivalo LED-valo ei syty tai ulostulossa ei ole j\u00e4nnitett\u00e4.<\/p>\n","protected":false},"excerpt":{"rendered":"<p>S\u00e4hk\u00f6skootterin laturi 42V 2A GX16-pistokkeella (my\u00f6s johto, verkkolaite, sovitin). Tuloj\u00e4nnite 230VAC, l\u00e4ht\u00f6j\u00e4nnite 42VDC (akuille, joiden nimellisj\u00e4nnite on 36VDC), suurin latausvirta 2A. Laturi sopii suosittuun s\u00e4hk\u00f6skootteriin Gpad Retro, sek\u00e4 Joyor F3 s\u00e4hk\u00f6skootteriin. S\u00e4hk\u00f6potkulauta tarvitsee uuden laturin, jos laturin merkkivalo LED-valo ei syty tai ulostulossa ei ole j\u00e4nnitett\u00e4.<\/p>\n","protected":false},"featured_media":22939,"template":"","meta":[],"product_brand":[],"product_cat":[1697,1698],"product_tag":[1707],"filter_elektritoukeratas":[2703,2718],"class_list":{"0":"post-55567","1":"product","2":"type-product","3":"status-publish","4":"has-post-thumbnail","6":"product_cat-lisavarusteet","7":"product_cat-varaosat","8":"product_tag-laturit","9":"pa_tootetuup-laturit","10":"filter_elektritoukeratas-ft_gpad_retro","11":"filter_elektritoukeratas-ft_joyor_f1_f3_f5s","13":"first","14":"instock","15":"taxable","16":"shipping-taxable","17":"purchasable","18":"product-type-simple"},"yoast_head":"<!-- This site is optimized with the Yoast SEO Premium plugin v26.8 (Yoast SEO v27.3) - https:\/\/yoast.com\/product\/yoast-seo-premium-wordpress\/ -->\n<title>S\u00e4hk\u00f6potkulauta laturi 42V 2A GX16 Gpad Retro | T\u00f5uksimaailm<\/title>\n<meta name=\"description\" content=\"Elektrit\u00f5ukeratta laadija 42V 2A GX16 pistikuga (ka toiteadapter), sobib 36V akupingega Gpad Retro ja Joyor F3 elektrit\u00f5ukeratastele. Aku laadijad.\" \/>\n<meta name=\"robots\" content=\"index, follow, max-snippet:-1, max-image-preview:large, max-video-preview:-1\" \/>\n<link rel=\"canonical\" href=\"https:\/\/www.xn--tuksimaailm-ffb.ee\/fi\/shop\/sahkopotkulauta-laturi-42v-2a-gx16-gpad-retro\/\" \/>\n<meta property=\"og:locale\" content=\"fi_FI\" \/>\n<meta property=\"og:type\" content=\"article\" \/>\n<meta property=\"og:title\" content=\"S\u00e4hk\u00f6potkulauta laturi 42V 2A GX16 Gpad Retro\" \/>\n<meta property=\"og:description\" content=\"Elektrit\u00f5ukeratta laadija 42V 2A GX16 pistikuga (ka toiteadapter), sobib 36V akupingega Gpad Retro ja Joyor F3 elektrit\u00f5ukeratastele. Aku laadijad.\" \/>\n<meta property=\"og:url\" content=\"https:\/\/www.xn--tuksimaailm-ffb.ee\/fi\/shop\/sahkopotkulauta-laturi-42v-2a-gx16-gpad-retro\/\" \/>\n<meta property=\"og:site_name\" content=\"T\u00f5uksimaailm\" \/>\n<meta property=\"article:publisher\" content=\"https:\/\/www.facebook.com\/touksimaailm\/\" \/>\n<meta property=\"og:image\" content=\"https:\/\/www.xn--tuksimaailm-ffb.ee\/wp-content\/uploads\/2021\/02\/42v-2a-GX16-2.png\" \/>\n\t<meta property=\"og:image:width\" content=\"804\" \/>\n\t<meta property=\"og:image:height\" content=\"608\" \/>\n\t<meta property=\"og:image:type\" content=\"image\/png\" \/>\n<meta name=\"twitter:card\" content=\"summary_large_image\" \/>\n<meta name=\"twitter:label1\" content=\"Hinta\" \/>\n\t<meta name=\"twitter:data1\" content=\"&euro;39.00\" \/>\n\t<meta name=\"twitter:label2\" content=\"Saatavuus\" \/>\n\t<meta name=\"twitter:data2\" content=\"Varastossa\" \/>\n<meta property=\"product:price:amount\" content=\"39.00\" \/>\n<meta property=\"product:price:currency\" content=\"EUR\" \/>\n<meta property=\"og:availability\" content=\"instock\" \/>\n<meta property=\"product:availability\" content=\"instock\" \/>\n<meta property=\"product:retailer_item_id\" content=\"LAADIJA-42V2A-GX16\" \/>\n<meta property=\"product:condition\" content=\"new\" \/>\n<!-- \/ Yoast SEO Premium plugin. -->","yoast_head_json":{"title":"S\u00e4hk\u00f6potkulauta laturi 42V 2A GX16 Gpad Retro | T\u00f5uksimaailm","description":"Elektrit\u00f5ukeratta laadija 42V 2A GX16 pistikuga (ka toiteadapter), sobib 36V akupingega Gpad Retro ja Joyor F3 elektrit\u00f5ukeratastele. Aku laadijad.","robots":{"index":"index","follow":"follow","max-snippet":"max-snippet:-1","max-image-preview":"max-image-preview:large","max-video-preview":"max-video-preview:-1"},"canonical":"https:\/\/www.xn--tuksimaailm-ffb.ee\/fi\/shop\/sahkopotkulauta-laturi-42v-2a-gx16-gpad-retro\/","og_locale":"fi_FI","og_type":"article","og_title":"S\u00e4hk\u00f6potkulauta laturi 42V 2A GX16 Gpad Retro","og_description":"Elektrit\u00f5ukeratta laadija 42V 2A GX16 pistikuga (ka toiteadapter), sobib 36V akupingega Gpad Retro ja Joyor F3 elektrit\u00f5ukeratastele. Aku laadijad.","og_url":"https:\/\/www.xn--tuksimaailm-ffb.ee\/fi\/shop\/sahkopotkulauta-laturi-42v-2a-gx16-gpad-retro\/","og_site_name":"T\u00f5uksimaailm","article_publisher":"https:\/\/www.facebook.com\/touksimaailm\/","og_image":[{"width":804,"height":608,"url":"https:\/\/www.xn--tuksimaailm-ffb.ee\/wp-content\/uploads\/2021\/02\/42v-2a-GX16-2.png","type":"image\/png"}],"twitter_card":"summary_large_image","twitter_misc":{"Hinta":"&euro;39.00","Saatavuus":"Varastossa"},"schema":{"@context":"https:\/\/schema.org","@graph":[{"@type":"WebPage","@id":"https:\/\/www.xn--tuksimaailm-ffb.ee\/fi\/shop\/sahkopotkulauta-laturi-42v-2a-gx16-gpad-retro\/","url":"https:\/\/www.xn--tuksimaailm-ffb.ee\/fi\/shop\/sahkopotkulauta-laturi-42v-2a-gx16-gpad-retro\/","name":"S\u00e4hk\u00f6potkulauta laturi 42V 2A GX16 Gpad Retro | T\u00f5uksimaailm","isPartOf":{"@id":"https:\/\/www.xn--tuksimaailm-ffb.ee\/fi\/#website"},"primaryImageOfPage":{"@id":"https:\/\/www.xn--tuksimaailm-ffb.ee\/fi\/shop\/sahkopotkulauta-laturi-42v-2a-gx16-gpad-retro\/#primaryimage"},"image":{"@id":"https:\/\/www.xn--tuksimaailm-ffb.ee\/fi\/shop\/sahkopotkulauta-laturi-42v-2a-gx16-gpad-retro\/#primaryimage"},"thumbnailUrl":"https:\/\/www.xn--tuksimaailm-ffb.ee\/wp-content\/uploads\/2021\/02\/42v-2a-GX16-2.png","datePublished":"2021-02-07T08:24:59+00:00","description":"Elektrit\u00f5ukeratta laadija 42V 2A GX16 pistikuga (ka toiteadapter), sobib 36V akupingega Gpad Retro ja Joyor F3 elektrit\u00f5ukeratastele. Aku laadijad.","breadcrumb":{"@id":"https:\/\/www.xn--tuksimaailm-ffb.ee\/fi\/shop\/sahkopotkulauta-laturi-42v-2a-gx16-gpad-retro\/#breadcrumb"},"inLanguage":"fi","potentialAction":[{"@type":"ReadAction","target":["https:\/\/www.xn--tuksimaailm-ffb.ee\/fi\/shop\/sahkopotkulauta-laturi-42v-2a-gx16-gpad-retro\/"]}]},{"@type":"ImageObject","inLanguage":"fi","@id":"https:\/\/www.xn--tuksimaailm-ffb.ee\/fi\/shop\/sahkopotkulauta-laturi-42v-2a-gx16-gpad-retro\/#primaryimage","url":"https:\/\/www.xn--tuksimaailm-ffb.ee\/wp-content\/uploads\/2021\/02\/42v-2a-GX16-2.png","contentUrl":"https:\/\/www.xn--tuksimaailm-ffb.ee\/wp-content\/uploads\/2021\/02\/42v-2a-GX16-2.png","width":804,"height":608},{"@type":"BreadcrumbList","@id":"https:\/\/www.xn--tuksimaailm-ffb.ee\/fi\/shop\/sahkopotkulauta-laturi-42v-2a-gx16-gpad-retro\/#breadcrumb","itemListElement":[{"@type":"ListItem","position":1,"name":"Home","item":"https:\/\/www.xn--tuksimaailm-ffb.ee\/fi\/kotisivu\/"},{"@type":"ListItem","position":2,"name":"Kauppa","item":"https:\/\/www.xn--tuksimaailm-ffb.ee\/elektritoukerataste-pood\/"},{"@type":"ListItem","position":3,"name":"S\u00e4hk\u00f6potkulauta laturi 42V 2A GX16 Gpad Retro"}]},{"@type":"WebSite","@id":"https:\/\/www.xn--tuksimaailm-ffb.ee\/fi\/#website","url":"https:\/\/www.xn--tuksimaailm-ffb.ee\/fi\/","name":"T\u00f5uksimaailm","description":"Elektrit\u00f5ukerataste m\u00fc\u00fck, remont ja rent","publisher":{"@id":"https:\/\/www.xn--tuksimaailm-ffb.ee\/fi\/#organization"},"potentialAction":[{"@type":"SearchAction","target":{"@type":"EntryPoint","urlTemplate":"https:\/\/www.xn--tuksimaailm-ffb.ee\/fi\/?s={search_term_string}"},"query-input":{"@type":"PropertyValueSpecification","valueRequired":true,"valueName":"search_term_string"}}],"inLanguage":"fi"},{"@type":"Organization","@id":"https:\/\/www.xn--tuksimaailm-ffb.ee\/fi\/#organization","name":"T\u00f5uksimaailm","url":"https:\/\/www.xn--tuksimaailm-ffb.ee\/fi\/","logo":{"@type":"ImageObject","inLanguage":"fi","@id":"https:\/\/www.xn--tuksimaailm-ffb.ee\/fi\/#\/schema\/logo\/image\/","url":"https:\/\/www.xn--tuksimaailm-ffb.ee\/wp-content\/uploads\/2020\/01\/logoz-e1579792875517.png","contentUrl":"https:\/\/www.xn--tuksimaailm-ffb.ee\/wp-content\/uploads\/2020\/01\/logoz-e1579792875517.png","width":250,"height":250,"caption":"T\u00f5uksimaailm"},"image":{"@id":"https:\/\/www.xn--tuksimaailm-ffb.ee\/fi\/#\/schema\/logo\/image\/"},"sameAs":["https:\/\/www.facebook.com\/touksimaailm\/","https:\/\/www.instagram.com\/touksimaailm_\/","https:\/\/www.youtube.com\/channel\/UC18ml0EKIDLP1xGuQjFzcXQ"]}]},"product_price_amount":"39.00","product_price_currency":"EUR","og_availability":"instock","product_availability":"instock","product_retailer_item_id":"LAADIJA-42V2A-GX16","product_condition":"new"},"jetpack_sharing_enabled":true,"_links":{"self":[{"href":"https:\/\/www.xn--tuksimaailm-ffb.ee\/fi\/wp-json\/wp\/v2\/product\/55567","targetHints":{"allow":["GET"]}}],"collection":[{"href":"https:\/\/www.xn--tuksimaailm-ffb.ee\/fi\/wp-json\/wp\/v2\/product"}],"about":[{"href":"https:\/\/www.xn--tuksimaailm-ffb.ee\/fi\/wp-json\/wp\/v2\/types\/product"}],"wp:featuredmedia":[{"embeddable":true,"href":"https:\/\/www.xn--tuksimaailm-ffb.ee\/fi\/wp-json\/wp\/v2\/media\/22939"}],"wp:attachment":[{"href":"https:\/\/www.xn--tuksimaailm-ffb.ee\/fi\/wp-json\/wp\/v2\/media?parent=55567"}],"wp:term":[{"taxonomy":"product_brand","embeddable":true,"href":"https:\/\/www.xn--tuksimaailm-ffb.ee\/fi\/wp-json\/wp\/v2\/product_brand?post=55567"},{"taxonomy":"product_cat","embeddable":true,"href":"https:\/\/www.xn--tuksimaailm-ffb.ee\/fi\/wp-json\/wp\/v2\/product_cat?post=55567"},{"taxonomy":"product_tag","embeddable":true,"href":"https:\/\/www.xn--tuksimaailm-ffb.ee\/fi\/wp-json\/wp\/v2\/product_tag?post=55567"},{"taxonomy":"filter_elektritoukeratas","embeddable":true,"href":"https:\/\/www.xn--tuksimaailm-ffb.ee\/fi\/wp-json\/wp\/v2\/filter_elektritoukeratas?post=55567"}],"curies":[{"name":"wp","href":"https:\/\/api.w.org\/{rel}","templated":true}]}}